{"id":5285,"date":"2025-01-29T14:44:59","date_gmt":"2025-01-29T13:44:59","guid":{"rendered":"https:\/\/uniwersytetotwarty.us.edu.pl\/utw\/?page_id=5285"},"modified":"2026-02-25T09:36:21","modified_gmt":"2026-02-25T08:36:21","slug":"archiwum-wykladow","status":"publish","type":"page","link":"https:\/\/uniwersytetotwarty.us.edu.pl\/utw\/katowice\/wyklady\/archiwum-wykladow\/","title":{"rendered":"Archiwum wyk\u0142ad\u00f3w"},"content":{"rendered":"\t\t<div data-elementor-type=\"wp-page\" data-elementor-id=\"5285\" class=\"elementor elementor-5285\" data-elementor-post-type=\"page\">\n\t\t\t\t\t\t<section class=\"elementor-section elementor-top-section elementor-element elementor-element-ef0802b elementor-section-boxed elementor-section-height-default elementor-section-height-default\" data-id=\"ef0802b\" data-element_type=\"section\" data-e-type=\"section\">\n\t\t\t\t\t\t<div class=\"elementor-container elementor-column-gap-default\">\n\t\t\t\t\t<div class=\"elementor-column elementor-col-14 elementor-top-column elementor-element elementor-element-e3aa106\" data-id=\"e3aa106\" data-element_type=\"column\" data-e-type=\"column\">\n\t\t\t<div class=\"elementor-widget-wrap elementor-element-populated\">\n\t\t\t\t\t\t<div class=\"elementor-element elementor-element-3cefcec elementor-align-left elementor-widget elementor-widget-button\" data-id=\"3cefcec\" data-element_type=\"widget\" data-e-type=\"widget\" data-widget_type=\"button.default\">\n\t\t\t\t<div class=\"elementor-widget-container\">\n\t\t\t\t\t\t\t\t\t<div class=\"elementor-button-wrapper\">\n\t\t\t\t\t<a class=\"elementor-button elementor-button-link elementor-size-sm\" href=\"https:\/\/uniwersytetotwarty.us.edu.pl\/utw\/katowice\/wyklady\/archiwum-wykladow\/rok-akademicki-2024-2025\/\">\n\t\t\t\t\t\t<span class=\"elementor-button-content-wrapper\">\n\t\t\t\t\t\t\t\t\t<span class=\"elementor-button-text\">2024\/2025<\/span>\n\t\t\t\t\t<\/span>\n\t\t\t\t\t<\/a>\n\t\t\t\t<\/div>\n\t\t\t\t\t\t\t\t<\/div>\n\t\t\t\t<\/div>\n\t\t\t\t\t<\/div>\n\t\t<\/div>\n\t\t\t\t<div class=\"elementor-column elementor-col-14 elementor-top-column elementor-element elementor-element-97b3a2f\" data-id=\"97b3a2f\" data-element_type=\"column\" data-e-type=\"column\">\n\t\t\t<div class=\"elementor-widget-wrap elementor-element-populated\">\n\t\t\t\t\t\t<div class=\"elementor-element elementor-element-972d1f0 elementor-align-left elementor-widget elementor-widget-button\" data-id=\"972d1f0\" data-element_type=\"widget\" data-e-type=\"widget\" data-widget_type=\"button.default\">\n\t\t\t\t<div class=\"elementor-widget-container\">\n\t\t\t\t\t\t\t\t\t<div class=\"elementor-button-wrapper\">\n\t\t\t\t\t<a class=\"elementor-button elementor-button-link elementor-size-sm\" href=\"https:\/\/uniwersytetotwarty.us.edu.pl\/utw\/katowice\/wyklady\/archiwum-wykladow\/rok-akademicki-2025-2026\/\">\n\t\t\t\t\t\t<span class=\"elementor-button-content-wrapper\">\n\t\t\t\t\t\t\t\t\t<span class=\"elementor-button-text\">2025\/2026<\/span>\n\t\t\t\t\t<\/span>\n\t\t\t\t\t<\/a>\n\t\t\t\t<\/div>\n\t\t\t\t\t\t\t\t<\/div>\n\t\t\t\t<\/div>\n\t\t\t\t\t<\/div>\n\t\t<\/div>\n\t\t\t\t<div class=\"elementor-column elementor-col-14 elementor-top-column elementor-element elementor-element-c32ac9d\" data-id=\"c32ac9d\" data-element_type=\"column\" data-e-type=\"column\">\n\t\t\t<div class=\"elementor-widget-wrap\">\n\t\t\t\t\t\t\t<\/div>\n\t\t<\/div>\n\t\t\t\t<div class=\"elementor-column elementor-col-14 elementor-top-column elementor-element elementor-element-021b530\" data-id=\"021b530\" data-element_type=\"column\" data-e-type=\"column\">\n\t\t\t<div class=\"elementor-widget-wrap\">\n\t\t\t\t\t\t\t<\/div>\n\t\t<\/div>\n\t\t\t\t<div class=\"elementor-column elementor-col-14 elementor-top-column elementor-element elementor-element-f3b3b9d\" data-id=\"f3b3b9d\" data-element_type=\"column\" data-e-type=\"column\">\n\t\t\t<div class=\"elementor-widget-wrap\">\n\t\t\t\t\t\t\t<\/div>\n\t\t<\/div>\n\t\t\t\t<div class=\"elementor-column elementor-col-14 elementor-top-column elementor-element elementor-element-3df8dbc\" data-id=\"3df8dbc\" data-element_type=\"column\" data-e-type=\"column\">\n\t\t\t<div class=\"elementor-widget-wrap\">\n\t\t\t\t\t\t\t<\/div>\n\t\t<\/div>\n\t\t\t\t<div class=\"elementor-column elementor-col-14 elementor-top-column elementor-element elementor-element-596aa31\" data-id=\"596aa31\" data-element_type=\"column\" data-e-type=\"column\">\n\t\t\t<div class=\"elementor-widget-wrap\">\n\t\t\t\t\t\t\t<\/div>\n\t\t<\/div>\n\t\t\t\t\t<\/div>\n\t\t<\/section>\n\t\t\t\t<section class=\"elementor-section elementor-top-section elementor-element elementor-element-0932ddd elementor-section-boxed elementor-section-height-default elementor-section-height-default\" data-id=\"0932ddd\" data-element_type=\"section\" data-e-type=\"section\">\n\t\t\t\t\t\t<div class=\"elementor-container elementor-column-gap-default\">\n\t\t\t\t\t<div class=\"elementor-column elementor-col-100 elementor-top-column elementor-element elementor-element-2e5b203\" data-id=\"2e5b203\" data-element_type=\"column\" data-e-type=\"column\">\n\t\t\t<div class=\"elementor-widget-wrap elementor-element-populated\">\n\t\t\t\t\t\t<div class=\"elementor-element elementor-element-7f50e64 elementor-widget elementor-widget-text-editor\" data-id=\"7f50e64\" data-element_type=\"widget\" data-e-type=\"widget\" data-widget_type=\"text-editor.default\">\n\t\t\t\t<div class=\"elementor-widget-container\">\n\t\t\t\t\t\t\t\t\t<p>Semestr zimowy 2025\/2026<\/p>\t\t\t\t\t\t\t\t<\/div>\n\t\t\t\t<\/div>\n\t\t\t\t<div class=\"elementor-element elementor-element-b55b7d2 elementor-grid-1 elementor-posts--thumbnail-none elementor-grid-tablet-2 elementor-grid-mobile-1 elementor-card-shadow-yes elementor-posts__hover-gradient elementor-widget elementor-widget-posts\" data-id=\"b55b7d2\" data-element_type=\"widget\" data-e-type=\"widget\" data-settings=\"{&quot;cards_columns&quot;:&quot;1&quot;,&quot;cards_columns_tablet&quot;:&quot;2&quot;,&quot;cards_columns_mobile&quot;:&quot;1&quot;,&quot;cards_row_gap&quot;:{&quot;unit&quot;:&quot;px&quot;,&quot;size&quot;:35,&quot;sizes&quot;:[]},&quot;cards_row_gap_tablet&quot;:{&quot;unit&quot;:&quot;px&quot;,&quot;size&quot;:&quot;&quot;,&quot;sizes&quot;:[]},&quot;cards_row_gap_mobile&quot;:{&quot;unit&quot;:&quot;px&quot;,&quot;size&quot;:&quot;&quot;,&quot;sizes&quot;:[]}}\" data-widget_type=\"posts.cards\">\n\t\t\t\t<div class=\"elementor-widget-container\">\n\t\t\t\t\t\t\t<div class=\"elementor-posts-container elementor-posts elementor-posts--skin-cards elementor-grid\" role=\"list\">\n\t\t\t\t<article class=\"elementor-post elementor-grid-item post-9765 post type-post status-publish format-standard hentry category-2025-2026 category-archiwum-wyklady-katowice category-katowice\" role=\"listitem\">\n\t\t\t<div class=\"elementor-post__card\">\n\t\t\t\t<div class=\"elementor-post__text\">\n\t\t\t\t<h3 class=\"elementor-post__title\">\n\t\t\t<a href=\"https:\/\/uniwersytetotwarty.us.edu.pl\/utw\/katowice\/psychologia-milosci\/\" >\n\t\t\t\t&#8220;Psychologia mi\u0142o\u015bci&#8221;\t\t\t<\/a>\n\t\t<\/h3>\n\t\t\t\t<div class=\"elementor-post__excerpt\">\n\t\t\t<p>Data: 08.10.2025 r. Prowadz\u0105ca: dr hab. El\u017cbieta Turska, Prof. U\u015a<\/p>\n\t\t<\/div>\n\t\t\t\t<\/div>\n\t\t\t\t\t<\/div>\n\t\t<\/article>\n\t\t\t\t<article class=\"elementor-post elementor-grid-item post-9780 post type-post status-publish format-standard hentry category-2025-2026 category-archiwum-wyklady-katowice category-katowice\" role=\"listitem\">\n\t\t\t<div class=\"elementor-post__card\">\n\t\t\t\t<div class=\"elementor-post__text\">\n\t\t\t\t<h3 class=\"elementor-post__title\">\n\t\t\t<a href=\"https:\/\/uniwersytetotwarty.us.edu.pl\/utw\/katowice\/sztuka-japonii\/\" >\n\t\t\t\t&#8220;Sztuka Japonii. Mnisi i samurajowie&#8221;\t\t\t<\/a>\n\t\t<\/h3>\n\t\t\t\t<div class=\"elementor-post__excerpt\">\n\t\t\t<p>Data: 15.10.2025 r.&nbsp;Prowadz\u0105ca: Ma\u0142gorzata Malinowska-Klimek<\/p>\n\t\t<\/div>\n\t\t\t\t<\/div>\n\t\t\t\t\t<\/div>\n\t\t<\/article>\n\t\t\t\t<article class=\"elementor-post elementor-grid-item post-9785 post type-post status-publish format-standard hentry category-2025-2026 category-archiwum-wyklady-katowice category-katowice\" role=\"listitem\">\n\t\t\t<div class=\"elementor-post__card\">\n\t\t\t\t<div class=\"elementor-post__text\">\n\t\t\t\t<h3 class=\"elementor-post__title\">\n\t\t\t<a href=\"https:\/\/uniwersytetotwarty.us.edu.pl\/utw\/katowice\/obywatel-bielik\/\" >\n\t\t\t\t&#8220;Sztuczna inteligencja na stra\u017cy dziedzictwa narodowego &#8211; Obywatel Bielik&#8221;\t\t\t<\/a>\n\t\t<\/h3>\n\t\t\t\t<div class=\"elementor-post__excerpt\">\n\t\t\t<p>Data: 22.10.2025 r.&nbsp;Prowadz\u0105ca: dr Joanna Mercik<\/p>\n\t\t<\/div>\n\t\t\t\t<\/div>\n\t\t\t\t\t<\/div>\n\t\t<\/article>\n\t\t\t\t<article class=\"elementor-post elementor-grid-item post-9790 post type-post status-publish format-standard hentry category-2025-2026 category-archiwum-wyklady-katowice category-katowice\" role=\"listitem\">\n\t\t\t<div class=\"elementor-post__card\">\n\t\t\t\t<div class=\"elementor-post__text\">\n\t\t\t\t<h3 class=\"elementor-post__title\">\n\t\t\t<a href=\"https:\/\/uniwersytetotwarty.us.edu.pl\/utw\/katowice\/finanse-osobiste-seniora\/\" >\n\t\t\t\t&#8220;Finanse osobiste seniora&#8221;\t\t\t<\/a>\n\t\t<\/h3>\n\t\t\t\t<div class=\"elementor-post__excerpt\">\n\t\t\t<p>Data: 05.11.2025 r. Prowadz\u0105cy: dr Witold Grado\u0144<\/p>\n\t\t<\/div>\n\t\t\t\t<\/div>\n\t\t\t\t\t<\/div>\n\t\t<\/article>\n\t\t\t\t<article class=\"elementor-post elementor-grid-item post-9795 post type-post status-publish format-standard hentry category-2025-2026 category-archiwum-wyklady-katowice category-katowice\" role=\"listitem\">\n\t\t\t<div class=\"elementor-post__card\">\n\t\t\t\t<div class=\"elementor-post__text\">\n\t\t\t\t<h3 class=\"elementor-post__title\">\n\t\t\t<a href=\"https:\/\/uniwersytetotwarty.us.edu.pl\/utw\/katowice\/symfonia-swiatel-i-cieni\/\" >\n\t\t\t\t&#8220;Symfonia \u015bwiate\u0142 i cieni&#8230; Caravaggio w poszukiwaniu ukojenia&#8221;\t\t\t<\/a>\n\t\t<\/h3>\n\t\t\t\t<div class=\"elementor-post__excerpt\">\n\t\t\t<p>Data: 12.11.2025 r.&nbsp;Prowadz\u0105cy: dr Jacek Kurek<\/p>\n\t\t<\/div>\n\t\t\t\t<\/div>\n\t\t\t\t\t<\/div>\n\t\t<\/article>\n\t\t\t\t<article class=\"elementor-post elementor-grid-item post-9800 post type-post status-publish format-standard hentry category-2025-2026 category-archiwum-wyklady-katowice category-katowice\" role=\"listitem\">\n\t\t\t<div class=\"elementor-post__card\">\n\t\t\t\t<div class=\"elementor-post__text\">\n\t\t\t\t<h3 class=\"elementor-post__title\">\n\t\t\t<a href=\"https:\/\/uniwersytetotwarty.us.edu.pl\/utw\/katowice\/czy-zyjemy-w-cieplarni-2\/\" >\n\t\t\t\t&#8220;Czy \u017cyjemy w cieplarni?&#8221;\t\t\t<\/a>\n\t\t<\/h3>\n\t\t\t\t<div class=\"elementor-post__excerpt\">\n\t\t\t<p>Data: 19.11.2025 r.&nbsp;Prowadz\u0105cy: prof. dr hab. Armand Cholewka<\/p>\n\t\t<\/div>\n\t\t\t\t<\/div>\n\t\t\t\t\t<\/div>\n\t\t<\/article>\n\t\t\t\t<article class=\"elementor-post elementor-grid-item post-9809 post type-post status-publish format-standard hentry category-2025-2026 category-archiwum-wyklady-katowice category-katowice\" role=\"listitem\">\n\t\t\t<div class=\"elementor-post__card\">\n\t\t\t\t<div class=\"elementor-post__text\">\n\t\t\t\t<h3 class=\"elementor-post__title\">\n\t\t\t<a href=\"https:\/\/uniwersytetotwarty.us.edu.pl\/utw\/katowice\/o-literaturze-nie-tylko-na-powaznie\/\" >\n\t\t\t\t&#8220;O literaturze nie tylko na powa\u017cnie&#8221;\t\t\t<\/a>\n\t\t<\/h3>\n\t\t\t\t<div class=\"elementor-post__excerpt\">\n\t\t\t<p>Data: 26.11.2025 r.&nbsp;Prowadz\u0105cy: dr Jacek Hnidiuk<\/p>\n\t\t<\/div>\n\t\t\t\t<\/div>\n\t\t\t\t\t<\/div>\n\t\t<\/article>\n\t\t\t\t<article class=\"elementor-post elementor-grid-item post-9815 post type-post status-publish format-standard hentry category-2025-2026 category-archiwum-wyklady-katowice category-katowice\" role=\"listitem\">\n\t\t\t<div class=\"elementor-post__card\">\n\t\t\t\t<div class=\"elementor-post__text\">\n\t\t\t\t<h3 class=\"elementor-post__title\">\n\t\t\t<a href=\"https:\/\/uniwersytetotwarty.us.edu.pl\/utw\/katowice\/profilaktyka-chorob-otepiennych\/\" >\n\t\t\t\t&#8220;Profilaktyka chor\u00f3b ot\u0119piennych&#8221;\t\t\t<\/a>\n\t\t<\/h3>\n\t\t\t\t<div class=\"elementor-post__excerpt\">\n\t\t\t<p>Data: 03.12.2025 r.&nbsp;Prowadz\u0105ca: lek. med. Gabriela Mu\u015b<\/p>\n\t\t<\/div>\n\t\t\t\t<\/div>\n\t\t\t\t\t<\/div>\n\t\t<\/article>\n\t\t\t\t<article class=\"elementor-post elementor-grid-item post-9824 post type-post status-publish format-standard hentry category-2025-2026 category-archiwum-wyklady-katowice category-katowice\" role=\"listitem\">\n\t\t\t<div class=\"elementor-post__card\">\n\t\t\t\t<div class=\"elementor-post__text\">\n\t\t\t\t<h3 class=\"elementor-post__title\">\n\t\t\t<a href=\"https:\/\/uniwersytetotwarty.us.edu.pl\/utw\/katowice\/fascynujacy-swiat-roslin-i-grzybow\/\" >\n\t\t\t\t&#8220;Fascynuj\u0105cy \u015bwiat ro\u015blin i grzyb\u00f3w&#8221;\t\t\t<\/a>\n\t\t<\/h3>\n\t\t\t\t<div class=\"elementor-post__excerpt\">\n\t\t\t<p>Data: 10.12.2025 r.&nbsp;Prowadz\u0105cy: dr \u0141ukasz Chajec<\/p>\n\t\t<\/div>\n\t\t\t\t<\/div>\n\t\t\t\t\t<\/div>\n\t\t<\/article>\n\t\t\t\t<article class=\"elementor-post elementor-grid-item post-9835 post type-post status-publish format-standard hentry category-2025-2026 category-archiwum-wyklady-katowice category-katowice\" role=\"listitem\">\n\t\t\t<div class=\"elementor-post__card\">\n\t\t\t\t<div class=\"elementor-post__text\">\n\t\t\t\t<h3 class=\"elementor-post__title\">\n\t\t\t<a href=\"https:\/\/uniwersytetotwarty.us.edu.pl\/utw\/katowice\/slasko-godka\/\" >\n\t\t\t\t&#8220;\u015al\u0105sko godka&#8221;\t\t\t<\/a>\n\t\t<\/h3>\n\t\t\t\t<div class=\"elementor-post__excerpt\">\n\t\t\t<p>Data: 17.12.2025 r.&nbsp;Prowadz\u0105ca: Prof. dr hab. Jolanta Tambor<\/p>\n\t\t<\/div>\n\t\t\t\t<\/div>\n\t\t\t\t\t<\/div>\n\t\t<\/article>\n\t\t\t\t<article class=\"elementor-post elementor-grid-item post-9845 post type-post status-publish format-standard hentry category-2025-2026 category-archiwum-wyklady-katowice category-katowice\" role=\"listitem\">\n\t\t\t<div class=\"elementor-post__card\">\n\t\t\t\t<div class=\"elementor-post__text\">\n\t\t\t\t<h3 class=\"elementor-post__title\">\n\t\t\t<a href=\"https:\/\/uniwersytetotwarty.us.edu.pl\/utw\/katowice\/efekt-nowego-poczatku\/\" >\n\t\t\t\t&#8220;Efekt nowego pocz\u0105tku, czyli nowy rok, nowa ja. Refleksje o mentalnych zak\u0142adkach, czystych kartach i potrzebie zmiany&#8221;\t\t\t<\/a>\n\t\t<\/h3>\n\t\t\t\t<div class=\"elementor-post__excerpt\">\n\t\t\t<p>Data: 07.01.2026 r.&nbsp;Prowadz\u0105ca: dr Magdalena Sitko-Dominik<\/p>\n\t\t<\/div>\n\t\t\t\t<\/div>\n\t\t\t\t\t<\/div>\n\t\t<\/article>\n\t\t\t\t<article class=\"elementor-post elementor-grid-item post-9850 post type-post status-publish format-standard hentry category-2025-2026 category-archiwum-wyklady-katowice category-katowice\" role=\"listitem\">\n\t\t\t<div class=\"elementor-post__card\">\n\t\t\t\t<div class=\"elementor-post__text\">\n\t\t\t\t<h3 class=\"elementor-post__title\">\n\t\t\t<a href=\"https:\/\/uniwersytetotwarty.us.edu.pl\/utw\/katowice\/konflikt-izraelsko-palestynski\/\" >\n\t\t\t\t&#8220;Konflikt izraelsko-palesty\u0144ski&#8221;\t\t\t<\/a>\n\t\t<\/h3>\n\t\t\t\t<div class=\"elementor-post__excerpt\">\n\t\t\t<p>Data: 14.01.2026 r. Prowadz\u0105ca: dr hab. Katarzyna Czornik, Prof. U\u015a<\/p>\n\t\t<\/div>\n\t\t\t\t<\/div>\n\t\t\t\t\t<\/div>\n\t\t<\/article>\n\t\t\t\t<article class=\"elementor-post elementor-grid-item post-9855 post type-post status-publish format-standard hentry category-2025-2026 category-archiwum-wyklady-katowice category-katowice\" role=\"listitem\">\n\t\t\t<div class=\"elementor-post__card\">\n\t\t\t\t<div class=\"elementor-post__text\">\n\t\t\t\t<h3 class=\"elementor-post__title\">\n\t\t\t<a href=\"https:\/\/uniwersytetotwarty.us.edu.pl\/utw\/katowice\/dlaczego-trudno-zrozumiec-swoje-wnuki-czyli-o-neurobiologii-konfliktu-pokolen-2\/\" >\n\t\t\t\t&#8220;Dlaczego trudno zrozumie\u0107 swoje wnuki, czyli o neurobiologii konfliktu pokole\u0144&#8221;\t\t\t<\/a>\n\t\t<\/h3>\n\t\t\t\t<div class=\"elementor-post__excerpt\">\n\t\t\t<p>Data: 21.01.2026 r.&nbsp;Prowadz\u0105cy:&nbsp;Prof. dr hab. Marek Kaczmarzyk<\/p>\n\t\t<\/div>\n\t\t\t\t<\/div>\n\t\t\t\t\t<\/div>\n\t\t<\/article>\n\t\t\t\t<article class=\"elementor-post elementor-grid-item post-9867 post type-post status-publish format-standard hentry category-2025-2026 category-archiwum-wyklady-katowice category-katowice\" role=\"listitem\">\n\t\t\t<div class=\"elementor-post__card\">\n\t\t\t\t<div class=\"elementor-post__text\">\n\t\t\t\t<h3 class=\"elementor-post__title\">\n\t\t\t<a href=\"https:\/\/uniwersytetotwarty.us.edu.pl\/utw\/katowice\/park-narodowy-canaima-wyzyna-gujanska-wenezuela-kraina-gor-stolowych-i-wodospadow\/\" >\n\t\t\t\t&#8220;Park Narodowy Canaima (Wy\u017cyna Guja\u0144ska-Wenezuela). Kraina g\u00f3r sto\u0142owych i wodospad\u00f3w&#8221;\t\t\t<\/a>\n\t\t<\/h3>\n\t\t\t\t<div class=\"elementor-post__excerpt\">\n\t\t\t<p>Data: 28.01.2026 r. Prowadz\u0105cy:\u00a0Prof. dr hab. Jerzy \u017baba<\/p>\n\t\t<\/div>\n\t\t\t\t<\/div>\n\t\t\t\t\t<\/div>\n\t\t<\/article>\n\t\t\t\t<\/div>\n\t\t\n\t\t\t\t\t\t<\/div>\n\t\t\t\t<\/div>\n\t\t\t\t\t<\/div>\n\t\t<\/div>\n\t\t\t\t\t<\/div>\n\t\t<\/section>\n\t\t\t\t<\/div>\n\t\t","protected":false},"excerpt":{"rendered":"<p>2024\/2025 2025\/2026 Semestr zimowy 2025\/2026<\/p>\n","protected":false},"author":2,"featured_media":0,"parent":277,"menu_order":0,"comment_status":"closed","ping_status":"closed","template":"","meta":{"footnotes":""},"class_list":["post-5285","page","type-page","status-publish","hentry"],"yoast_head":"<!-- This site is optimized with the Yoast SEO plugin v27.4 - https:\/\/yoast.com\/product\/yoast-seo-wordpress\/ -->\n<title>Archiwum wyk\u0142ad\u00f3w - UTW<\/title>\n<meta name=\"robots\" content=\"noindex, follow, max-snippet:-1, max-image-preview:large, max-video-preview:-1\" \/>\n<meta property=\"og:locale\" content=\"pl_PL\" \/>\n<meta property=\"og:type\" content=\"article\" \/>\n<meta property=\"og:title\" content=\"Archiwum wyk\u0142ad\u00f3w - UTW\" \/>\n<meta property=\"og:description\" content=\"2024\/2025 2025\/2026 Semestr zimowy 2025\/2026\" \/>\n<meta property=\"og:url\" content=\"https:\/\/uniwersytetotwarty.us.edu.pl\/utw\/katowice\/wyklady\/archiwum-wykladow\/\" \/>\n<meta property=\"og:site_name\" content=\"UTW\" \/>\n<meta property=\"article:modified_time\" content=\"2026-02-25T08:36:21+00:00\" \/>\n<meta name=\"twitter:card\" content=\"summary_large_image\" \/>\n<meta name=\"twitter:label1\" content=\"Szacowany czas czytania\" \/>\n\t<meta name=\"twitter:data1\" content=\"2 minuty\" \/>\n<script type=\"application\/ld+json\" class=\"yoast-schema-graph\">{\"@context\":\"https:\\\/\\\/schema.org\",\"@graph\":[{\"@type\":\"WebPage\",\"@id\":\"https:\\\/\\\/uniwersytetotwarty.us.edu.pl\\\/utw\\\/katowice\\\/wyklady\\\/archiwum-wykladow\\\/\",\"url\":\"https:\\\/\\\/uniwersytetotwarty.us.edu.pl\\\/utw\\\/katowice\\\/wyklady\\\/archiwum-wykladow\\\/\",\"name\":\"Archiwum wyk\u0142ad\u00f3w - UTW\",\"isPartOf\":{\"@id\":\"https:\\\/\\\/uniwersytetotwarty.us.edu.pl\\\/utw\\\/#website\"},\"datePublished\":\"2025-01-29T13:44:59+00:00\",\"dateModified\":\"2026-02-25T08:36:21+00:00\",\"breadcrumb\":{\"@id\":\"https:\\\/\\\/uniwersytetotwarty.us.edu.pl\\\/utw\\\/katowice\\\/wyklady\\\/archiwum-wykladow\\\/#breadcrumb\"},\"inLanguage\":\"pl-PL\",\"potentialAction\":[{\"@type\":\"ReadAction\",\"target\":[\"https:\\\/\\\/uniwersytetotwarty.us.edu.pl\\\/utw\\\/katowice\\\/wyklady\\\/archiwum-wykladow\\\/\"]}]},{\"@type\":\"BreadcrumbList\",\"@id\":\"https:\\\/\\\/uniwersytetotwarty.us.edu.pl\\\/utw\\\/katowice\\\/wyklady\\\/archiwum-wykladow\\\/#breadcrumb\",\"itemListElement\":[{\"@type\":\"ListItem\",\"position\":1,\"name\":\"UTW\",\"item\":\"https:\\\/\\\/uniwersytetotwarty.us.edu.pl\\\/utw\\\/\"},{\"@type\":\"ListItem\",\"position\":2,\"name\":\"Katowice\",\"item\":\"https:\\\/\\\/uniwersytetotwarty.us.edu.pl\\\/utw\\\/katowice\\\/\"},{\"@type\":\"ListItem\",\"position\":3,\"name\":\"Wyk\u0142ady\",\"item\":\"https:\\\/\\\/uniwersytetotwarty.us.edu.pl\\\/utw\\\/katowice\\\/wyklady\\\/\"},{\"@type\":\"ListItem\",\"position\":4,\"name\":\"Archiwum wyk\u0142ad\u00f3w\"}]},{\"@type\":\"WebSite\",\"@id\":\"https:\\\/\\\/uniwersytetotwarty.us.edu.pl\\\/utw\\\/#website\",\"url\":\"https:\\\/\\\/uniwersytetotwarty.us.edu.pl\\\/utw\\\/\",\"name\":\"UTW\",\"description\":\"\",\"publisher\":{\"@id\":\"https:\\\/\\\/uniwersytetotwarty.us.edu.pl\\\/utw\\\/#organization\"},\"potentialAction\":[{\"@type\":\"SearchAction\",\"target\":{\"@type\":\"EntryPoint\",\"urlTemplate\":\"https:\\\/\\\/uniwersytetotwarty.us.edu.pl\\\/utw\\\/?s={search_term_string}\"},\"query-input\":{\"@type\":\"PropertyValueSpecification\",\"valueRequired\":true,\"valueName\":\"search_term_string\"}}],\"inLanguage\":\"pl-PL\"},{\"@type\":\"Organization\",\"@id\":\"https:\\\/\\\/uniwersytetotwarty.us.edu.pl\\\/utw\\\/#organization\",\"name\":\"Uniwersytet \u015al\u0105ski\",\"url\":\"https:\\\/\\\/uniwersytetotwarty.us.edu.pl\\\/utw\\\/\",\"logo\":{\"@type\":\"ImageObject\",\"inLanguage\":\"pl-PL\",\"@id\":\"https:\\\/\\\/uniwersytetotwarty.us.edu.pl\\\/utw\\\/#\\\/schema\\\/logo\\\/image\\\/\",\"url\":\"https:\\\/\\\/uniwersytetotwarty.us.edu.pl\\\/utw\\\/wp-content\\\/uploads\\\/sites\\\/15\\\/2023\\\/10\\\/US_UO-biale.png\",\"contentUrl\":\"https:\\\/\\\/uniwersytetotwarty.us.edu.pl\\\/utw\\\/wp-content\\\/uploads\\\/sites\\\/15\\\/2023\\\/10\\\/US_UO-biale.png\",\"width\":1923,\"height\":326,\"caption\":\"Uniwersytet \u015al\u0105ski\"},\"image\":{\"@id\":\"https:\\\/\\\/uniwersytetotwarty.us.edu.pl\\\/utw\\\/#\\\/schema\\\/logo\\\/image\\\/\"}}]}<\/script>\n<!-- \/ Yoast SEO plugin. -->","yoast_head_json":{"title":"Archiwum wyk\u0142ad\u00f3w - UTW","robots":{"index":"noindex","follow":"follow","max-snippet":"max-snippet:-1","max-image-preview":"max-image-preview:large","max-video-preview":"max-video-preview:-1"},"og_locale":"pl_PL","og_type":"article","og_title":"Archiwum wyk\u0142ad\u00f3w - UTW","og_description":"2024\/2025 2025\/2026 Semestr zimowy 2025\/2026","og_url":"https:\/\/uniwersytetotwarty.us.edu.pl\/utw\/katowice\/wyklady\/archiwum-wykladow\/","og_site_name":"UTW","article_modified_time":"2026-02-25T08:36:21+00:00","twitter_card":"summary_large_image","twitter_misc":{"Szacowany czas czytania":"2 minuty"},"schema":{"@context":"https:\/\/schema.org","@graph":[{"@type":"WebPage","@id":"https:\/\/uniwersytetotwarty.us.edu.pl\/utw\/katowice\/wyklady\/archiwum-wykladow\/","url":"https:\/\/uniwersytetotwarty.us.edu.pl\/utw\/katowice\/wyklady\/archiwum-wykladow\/","name":"Archiwum wyk\u0142ad\u00f3w - UTW","isPartOf":{"@id":"https:\/\/uniwersytetotwarty.us.edu.pl\/utw\/#website"},"datePublished":"2025-01-29T13:44:59+00:00","dateModified":"2026-02-25T08:36:21+00:00","breadcrumb":{"@id":"https:\/\/uniwersytetotwarty.us.edu.pl\/utw\/katowice\/wyklady\/archiwum-wykladow\/#breadcrumb"},"inLanguage":"pl-PL","potentialAction":[{"@type":"ReadAction","target":["https:\/\/uniwersytetotwarty.us.edu.pl\/utw\/katowice\/wyklady\/archiwum-wykladow\/"]}]},{"@type":"BreadcrumbList","@id":"https:\/\/uniwersytetotwarty.us.edu.pl\/utw\/katowice\/wyklady\/archiwum-wykladow\/#breadcrumb","itemListElement":[{"@type":"ListItem","position":1,"name":"UTW","item":"https:\/\/uniwersytetotwarty.us.edu.pl\/utw\/"},{"@type":"ListItem","position":2,"name":"Katowice","item":"https:\/\/uniwersytetotwarty.us.edu.pl\/utw\/katowice\/"},{"@type":"ListItem","position":3,"name":"Wyk\u0142ady","item":"https:\/\/uniwersytetotwarty.us.edu.pl\/utw\/katowice\/wyklady\/"},{"@type":"ListItem","position":4,"name":"Archiwum wyk\u0142ad\u00f3w"}]},{"@type":"WebSite","@id":"https:\/\/uniwersytetotwarty.us.edu.pl\/utw\/#website","url":"https:\/\/uniwersytetotwarty.us.edu.pl\/utw\/","name":"UTW","description":"","publisher":{"@id":"https:\/\/uniwersytetotwarty.us.edu.pl\/utw\/#organization"},"potentialAction":[{"@type":"SearchAction","target":{"@type":"EntryPoint","urlTemplate":"https:\/\/uniwersytetotwarty.us.edu.pl\/utw\/?s={search_term_string}"},"query-input":{"@type":"PropertyValueSpecification","valueRequired":true,"valueName":"search_term_string"}}],"inLanguage":"pl-PL"},{"@type":"Organization","@id":"https:\/\/uniwersytetotwarty.us.edu.pl\/utw\/#organization","name":"Uniwersytet \u015al\u0105ski","url":"https:\/\/uniwersytetotwarty.us.edu.pl\/utw\/","logo":{"@type":"ImageObject","inLanguage":"pl-PL","@id":"https:\/\/uniwersytetotwarty.us.edu.pl\/utw\/#\/schema\/logo\/image\/","url":"https:\/\/uniwersytetotwarty.us.edu.pl\/utw\/wp-content\/uploads\/sites\/15\/2023\/10\/US_UO-biale.png","contentUrl":"https:\/\/uniwersytetotwarty.us.edu.pl\/utw\/wp-content\/uploads\/sites\/15\/2023\/10\/US_UO-biale.png","width":1923,"height":326,"caption":"Uniwersytet \u015al\u0105ski"},"image":{"@id":"https:\/\/uniwersytetotwarty.us.edu.pl\/utw\/#\/schema\/logo\/image\/"}}]}},"_links":{"self":[{"href":"https:\/\/uniwersytetotwarty.us.edu.pl\/utw\/wp-json\/wp\/v2\/pages\/5285","targetHints":{"allow":["GET"]}}],"collection":[{"href":"https:\/\/uniwersytetotwarty.us.edu.pl\/utw\/wp-json\/wp\/v2\/pages"}],"about":[{"href":"https:\/\/uniwersytetotwarty.us.edu.pl\/utw\/wp-json\/wp\/v2\/types\/page"}],"author":[{"embeddable":true,"href":"https:\/\/uniwersytetotwarty.us.edu.pl\/utw\/wp-json\/wp\/v2\/users\/2"}],"replies":[{"embeddable":true,"href":"https:\/\/uniwersytetotwarty.us.edu.pl\/utw\/wp-json\/wp\/v2\/comments?post=5285"}],"version-history":[{"count":10,"href":"https:\/\/uniwersytetotwarty.us.edu.pl\/utw\/wp-json\/wp\/v2\/pages\/5285\/revisions"}],"predecessor-version":[{"id":12271,"href":"https:\/\/uniwersytetotwarty.us.edu.pl\/utw\/wp-json\/wp\/v2\/pages\/5285\/revisions\/12271"}],"up":[{"embeddable":true,"href":"https:\/\/uniwersytetotwarty.us.edu.pl\/utw\/wp-json\/wp\/v2\/pages\/277"}],"wp:attachment":[{"href":"https:\/\/uniwersytetotwarty.us.edu.pl\/utw\/wp-json\/wp\/v2\/media?parent=5285"}],"curies":[{"name":"wp","href":"https:\/\/api.w.org\/{rel}","templated":true}]}}