{"id":428,"date":"2025-01-21T12:24:05","date_gmt":"2025-01-21T11:24:05","guid":{"rendered":"https:\/\/uniwersytetotwarty.us.edu.pl\/utw\/?page_id=428"},"modified":"2025-09-29T14:00:31","modified_gmt":"2025-09-29T12:00:31","slug":"obecni-sluchacze","status":"publish","type":"page","link":"https:\/\/uniwersytetotwarty.us.edu.pl\/utw\/sosnowiec\/zapisy-do-utw\/obecni-sluchacze\/","title":{"rendered":"OBECNI S\u0142uchacze"},"content":{"rendered":"\t\t<div data-elementor-type=\"wp-page\" data-elementor-id=\"428\" class=\"elementor elementor-428\" data-elementor-post-type=\"page\">\n\t\t\t\t\t\t<section class=\"elementor-section elementor-top-section elementor-element elementor-element-d919d69 elementor-section-boxed elementor-section-height-default elementor-section-height-default\" data-id=\"d919d69\" data-element_type=\"section\" data-e-type=\"section\">\n\t\t\t\t\t\t<div class=\"elementor-container elementor-column-gap-default\">\n\t\t\t\t\t<div class=\"elementor-column elementor-col-100 elementor-top-column elementor-element elementor-element-eccb3dc\" data-id=\"eccb3dc\" data-element_type=\"column\" data-e-type=\"column\">\n\t\t\t<div class=\"elementor-widget-wrap elementor-element-populated\">\n\t\t\t\t\t\t<div class=\"elementor-element elementor-element-6da27e9 elementor-widget elementor-widget-text-editor\" data-id=\"6da27e9\" data-element_type=\"widget\" data-e-type=\"widget\" data-widget_type=\"text-editor.default\">\n\t\t\t\t<div class=\"elementor-widget-container\">\n\t\t\t\t\t\t\t\t\t<p>Wpisowe na\u00a0rok akademicki 2025\/26 wynosi 100 z\u0142 (tak\u00a0jak w\u00a0zesz\u0142ym roku).<\/p><p>Wp\u0142aty nale\u017cy dokona\u0107 przez\u00a0internet lub na\u00a0poczcie na\u00a0konto U\u015a w\u00a0Katowicach numer konta znajduje si\u0119 na\u00a0tablicy przy pokoju nr\u00a06 na\u00a0parterze.\u00a0<\/p><p>B\u0119dzie tak\u017ce mo\u017cliwo\u015b\u0107 wp\u0142aty przez\u00a0terminal na\u00a0terenie uczelni\u00a0<strong>18 czerwca<\/strong>\u00a0(\u015broda) i\u00a0jeszcze w\u00a0innych p\u00f3\u017aniejszych podanych terminach, ale\u00a0trzeba mie\u0107 kart\u0119 bankomatow\u0105.<\/p><p>Przypomina si\u0119, \u017ce\u00a0op\u0142ata za\u00a0wyrobienie pierwszy raz nowej legitymacji wynosi 10 z\u0142 (nale\u017cy przynie\u015b\u0107 zdj\u0119cie), a\u00a0w\u00a0przypadku kontynuacji uczestnictwa (przy zape\u0142nieniu miejsc na\u00a0piecz\u0105tki) 5 z\u0142.<\/p><p>Wp\u0142aty te\u00a0mo\u017cna dokona\u0107 na\u00a0konto osobno lub razem ze\u00a0wpisowym. Zapisy na\u00a0UTW po\u00a0uregulowaniu wpisowego b\u0119d\u0105 w\u00a0pokoju nr\u00a06 na\u00a0parterze. Je\u017celi ma\u00a0si\u0119 legitymacj\u0119 trzeba j\u0105\u00a0przynie\u015b\u0107 w\u00a0celu ostemplowania na\u00a0kolejny rok. Zapisy b\u0119d\u0105 przyjmowane w\u00a0<strong>godzinach od\u00a010:00-13:00<\/strong>\u00a0w\u00a0dniach:<\/p><ul><li>czerwiec: 16, 17,\u00a0<strong>18 (w\u00a0tym dniu b\u0119dzie mo\u017cliwo\u015b\u0107 p\u0142atno\u015bci poprzez terminal)<\/strong>,<\/li><li>lipiec \u2013 BRAK ZAPIS\u00d3W W\u00a0TYM MIESI\u0104CU,<\/li><li>sierpie\u0144: 19, 20, 21,<\/li><li>wrzesie\u0144: 16, 17, 18,<\/li><li>pa\u017adziernik 7, 8, 9.<\/li><\/ul><p>Pozosta\u0142e zapisy po\u00a0rozpocz\u0119ciu roku akademickiego.<br \/>Przewiduje si\u0119 inauguracj\u0119 nowego roku\u00a0<strong>13 pa\u017adziernika 2025 o\u00a0godzinie 15:00<\/strong>\u00a0w\u00a0auli uczelni. Mo\u017ce by\u0107 zmiana terminu!<\/p>\t\t\t\t\t\t\t\t<\/div>\n\t\t\t\t<\/div>\n\t\t\t\t\t<\/div>\n\t\t<\/div>\n\t\t\t\t\t<\/div>\n\t\t<\/section>\n\t\t\t\t<\/div>\n\t\t","protected":false},"excerpt":{"rendered":"<p>Wpisowe na\u00a0rok akademicki 2025\/26 wynosi 100 z\u0142 (tak\u00a0jak w\u00a0zesz\u0142ym roku). Wp\u0142aty nale\u017cy dokona\u0107 przez\u00a0internet lub na\u00a0poczcie na\u00a0konto U\u015a w\u00a0Katowicach numer konta znajduje si\u0119 na\u00a0tablicy przy pokoju nr\u00a06 na\u00a0parterze.\u00a0 B\u0119dzie tak\u017ce mo\u017cliwo\u015b\u0107 wp\u0142aty przez\u00a0terminal na\u00a0terenie uczelni\u00a018 czerwca\u00a0(\u015broda) i\u00a0jeszcze w\u00a0innych p\u00f3\u017aniejszych podanych terminach, ale\u00a0trzeba mie\u0107 kart\u0119 bankomatow\u0105. Przypomina si\u0119, \u017ce\u00a0op\u0142ata za\u00a0wyrobienie pierwszy raz nowej legitymacji wynosi 10 [&hellip;]<\/p>\n","protected":false},"author":2,"featured_media":0,"parent":410,"menu_order":0,"comment_status":"closed","ping_status":"closed","template":"","meta":{"footnotes":""},"class_list":["post-428","page","type-page","status-publish","hentry"],"yoast_head":"<!-- This site is optimized with the Yoast SEO plugin v27.4 - https:\/\/yoast.com\/product\/yoast-seo-wordpress\/ -->\n<title>OBECNI S\u0142uchacze - UTW<\/title>\n<meta name=\"robots\" content=\"noindex, follow, max-snippet:-1, max-image-preview:large, max-video-preview:-1\" \/>\n<meta property=\"og:locale\" content=\"pl_PL\" \/>\n<meta property=\"og:type\" content=\"article\" \/>\n<meta property=\"og:title\" content=\"OBECNI S\u0142uchacze - UTW\" \/>\n<meta property=\"og:description\" content=\"Wpisowe na\u00a0rok akademicki 2025\/26 wynosi 100 z\u0142 (tak\u00a0jak w\u00a0zesz\u0142ym roku). Wp\u0142aty nale\u017cy dokona\u0107 przez\u00a0internet lub na\u00a0poczcie na\u00a0konto U\u015a w\u00a0Katowicach numer konta znajduje si\u0119 na\u00a0tablicy przy pokoju nr\u00a06 na\u00a0parterze.\u00a0 B\u0119dzie tak\u017ce mo\u017cliwo\u015b\u0107 wp\u0142aty przez\u00a0terminal na\u00a0terenie uczelni\u00a018 czerwca\u00a0(\u015broda) i\u00a0jeszcze w\u00a0innych p\u00f3\u017aniejszych podanych terminach, ale\u00a0trzeba mie\u0107 kart\u0119 bankomatow\u0105. Przypomina si\u0119, \u017ce\u00a0op\u0142ata za\u00a0wyrobienie pierwszy raz nowej legitymacji wynosi 10 [&hellip;]\" \/>\n<meta property=\"og:url\" content=\"https:\/\/uniwersytetotwarty.us.edu.pl\/utw\/sosnowiec\/zapisy-do-utw\/obecni-sluchacze\/\" \/>\n<meta property=\"og:site_name\" content=\"UTW\" \/>\n<meta property=\"article:modified_time\" content=\"2025-09-29T12:00:31+00:00\" \/>\n<meta name=\"twitter:card\" content=\"summary_large_image\" \/>\n<meta name=\"twitter:label1\" content=\"Szacowany czas czytania\" \/>\n\t<meta name=\"twitter:data1\" content=\"2 minuty\" \/>\n<script type=\"application\/ld+json\" class=\"yoast-schema-graph\">{\"@context\":\"https:\\\/\\\/schema.org\",\"@graph\":[{\"@type\":\"WebPage\",\"@id\":\"https:\\\/\\\/uniwersytetotwarty.us.edu.pl\\\/utw\\\/sosnowiec\\\/zapisy-do-utw\\\/obecni-sluchacze\\\/\",\"url\":\"https:\\\/\\\/uniwersytetotwarty.us.edu.pl\\\/utw\\\/sosnowiec\\\/zapisy-do-utw\\\/obecni-sluchacze\\\/\",\"name\":\"OBECNI S\u0142uchacze - UTW\",\"isPartOf\":{\"@id\":\"https:\\\/\\\/uniwersytetotwarty.us.edu.pl\\\/utw\\\/#website\"},\"datePublished\":\"2025-01-21T11:24:05+00:00\",\"dateModified\":\"2025-09-29T12:00:31+00:00\",\"breadcrumb\":{\"@id\":\"https:\\\/\\\/uniwersytetotwarty.us.edu.pl\\\/utw\\\/sosnowiec\\\/zapisy-do-utw\\\/obecni-sluchacze\\\/#breadcrumb\"},\"inLanguage\":\"pl-PL\",\"potentialAction\":[{\"@type\":\"ReadAction\",\"target\":[\"https:\\\/\\\/uniwersytetotwarty.us.edu.pl\\\/utw\\\/sosnowiec\\\/zapisy-do-utw\\\/obecni-sluchacze\\\/\"]}]},{\"@type\":\"BreadcrumbList\",\"@id\":\"https:\\\/\\\/uniwersytetotwarty.us.edu.pl\\\/utw\\\/sosnowiec\\\/zapisy-do-utw\\\/obecni-sluchacze\\\/#breadcrumb\",\"itemListElement\":[{\"@type\":\"ListItem\",\"position\":1,\"name\":\"UTW\",\"item\":\"https:\\\/\\\/uniwersytetotwarty.us.edu.pl\\\/utw\\\/\"},{\"@type\":\"ListItem\",\"position\":2,\"name\":\"Sosnowiec\",\"item\":\"https:\\\/\\\/uniwersytetotwarty.us.edu.pl\\\/utw\\\/sosnowiec\\\/\"},{\"@type\":\"ListItem\",\"position\":3,\"name\":\"Zapisy do UTW\",\"item\":\"https:\\\/\\\/uniwersytetotwarty.us.edu.pl\\\/utw\\\/sosnowiec\\\/zapisy-do-utw\\\/\"},{\"@type\":\"ListItem\",\"position\":4,\"name\":\"OBECNI S\u0142uchacze\"}]},{\"@type\":\"WebSite\",\"@id\":\"https:\\\/\\\/uniwersytetotwarty.us.edu.pl\\\/utw\\\/#website\",\"url\":\"https:\\\/\\\/uniwersytetotwarty.us.edu.pl\\\/utw\\\/\",\"name\":\"UTW\",\"description\":\"\",\"publisher\":{\"@id\":\"https:\\\/\\\/uniwersytetotwarty.us.edu.pl\\\/utw\\\/#organization\"},\"potentialAction\":[{\"@type\":\"SearchAction\",\"target\":{\"@type\":\"EntryPoint\",\"urlTemplate\":\"https:\\\/\\\/uniwersytetotwarty.us.edu.pl\\\/utw\\\/?s={search_term_string}\"},\"query-input\":{\"@type\":\"PropertyValueSpecification\",\"valueRequired\":true,\"valueName\":\"search_term_string\"}}],\"inLanguage\":\"pl-PL\"},{\"@type\":\"Organization\",\"@id\":\"https:\\\/\\\/uniwersytetotwarty.us.edu.pl\\\/utw\\\/#organization\",\"name\":\"Uniwersytet \u015al\u0105ski\",\"url\":\"https:\\\/\\\/uniwersytetotwarty.us.edu.pl\\\/utw\\\/\",\"logo\":{\"@type\":\"ImageObject\",\"inLanguage\":\"pl-PL\",\"@id\":\"https:\\\/\\\/uniwersytetotwarty.us.edu.pl\\\/utw\\\/#\\\/schema\\\/logo\\\/image\\\/\",\"url\":\"https:\\\/\\\/uniwersytetotwarty.us.edu.pl\\\/utw\\\/wp-content\\\/uploads\\\/sites\\\/15\\\/2023\\\/10\\\/US_UO-biale.png\",\"contentUrl\":\"https:\\\/\\\/uniwersytetotwarty.us.edu.pl\\\/utw\\\/wp-content\\\/uploads\\\/sites\\\/15\\\/2023\\\/10\\\/US_UO-biale.png\",\"width\":1923,\"height\":326,\"caption\":\"Uniwersytet \u015al\u0105ski\"},\"image\":{\"@id\":\"https:\\\/\\\/uniwersytetotwarty.us.edu.pl\\\/utw\\\/#\\\/schema\\\/logo\\\/image\\\/\"}}]}<\/script>\n<!-- \/ Yoast SEO plugin. -->","yoast_head_json":{"title":"OBECNI S\u0142uchacze - UTW","robots":{"index":"noindex","follow":"follow","max-snippet":"max-snippet:-1","max-image-preview":"max-image-preview:large","max-video-preview":"max-video-preview:-1"},"og_locale":"pl_PL","og_type":"article","og_title":"OBECNI S\u0142uchacze - UTW","og_description":"Wpisowe na\u00a0rok akademicki 2025\/26 wynosi 100 z\u0142 (tak\u00a0jak w\u00a0zesz\u0142ym roku). Wp\u0142aty nale\u017cy dokona\u0107 przez\u00a0internet lub na\u00a0poczcie na\u00a0konto U\u015a w\u00a0Katowicach numer konta znajduje si\u0119 na\u00a0tablicy przy pokoju nr\u00a06 na\u00a0parterze.\u00a0 B\u0119dzie tak\u017ce mo\u017cliwo\u015b\u0107 wp\u0142aty przez\u00a0terminal na\u00a0terenie uczelni\u00a018 czerwca\u00a0(\u015broda) i\u00a0jeszcze w\u00a0innych p\u00f3\u017aniejszych podanych terminach, ale\u00a0trzeba mie\u0107 kart\u0119 bankomatow\u0105. Przypomina si\u0119, \u017ce\u00a0op\u0142ata za\u00a0wyrobienie pierwszy raz nowej legitymacji wynosi 10 [&hellip;]","og_url":"https:\/\/uniwersytetotwarty.us.edu.pl\/utw\/sosnowiec\/zapisy-do-utw\/obecni-sluchacze\/","og_site_name":"UTW","article_modified_time":"2025-09-29T12:00:31+00:00","twitter_card":"summary_large_image","twitter_misc":{"Szacowany czas czytania":"2 minuty"},"schema":{"@context":"https:\/\/schema.org","@graph":[{"@type":"WebPage","@id":"https:\/\/uniwersytetotwarty.us.edu.pl\/utw\/sosnowiec\/zapisy-do-utw\/obecni-sluchacze\/","url":"https:\/\/uniwersytetotwarty.us.edu.pl\/utw\/sosnowiec\/zapisy-do-utw\/obecni-sluchacze\/","name":"OBECNI S\u0142uchacze - UTW","isPartOf":{"@id":"https:\/\/uniwersytetotwarty.us.edu.pl\/utw\/#website"},"datePublished":"2025-01-21T11:24:05+00:00","dateModified":"2025-09-29T12:00:31+00:00","breadcrumb":{"@id":"https:\/\/uniwersytetotwarty.us.edu.pl\/utw\/sosnowiec\/zapisy-do-utw\/obecni-sluchacze\/#breadcrumb"},"inLanguage":"pl-PL","potentialAction":[{"@type":"ReadAction","target":["https:\/\/uniwersytetotwarty.us.edu.pl\/utw\/sosnowiec\/zapisy-do-utw\/obecni-sluchacze\/"]}]},{"@type":"BreadcrumbList","@id":"https:\/\/uniwersytetotwarty.us.edu.pl\/utw\/sosnowiec\/zapisy-do-utw\/obecni-sluchacze\/#breadcrumb","itemListElement":[{"@type":"ListItem","position":1,"name":"UTW","item":"https:\/\/uniwersytetotwarty.us.edu.pl\/utw\/"},{"@type":"ListItem","position":2,"name":"Sosnowiec","item":"https:\/\/uniwersytetotwarty.us.edu.pl\/utw\/sosnowiec\/"},{"@type":"ListItem","position":3,"name":"Zapisy do UTW","item":"https:\/\/uniwersytetotwarty.us.edu.pl\/utw\/sosnowiec\/zapisy-do-utw\/"},{"@type":"ListItem","position":4,"name":"OBECNI S\u0142uchacze"}]},{"@type":"WebSite","@id":"https:\/\/uniwersytetotwarty.us.edu.pl\/utw\/#website","url":"https:\/\/uniwersytetotwarty.us.edu.pl\/utw\/","name":"UTW","description":"","publisher":{"@id":"https:\/\/uniwersytetotwarty.us.edu.pl\/utw\/#organization"},"potentialAction":[{"@type":"SearchAction","target":{"@type":"EntryPoint","urlTemplate":"https:\/\/uniwersytetotwarty.us.edu.pl\/utw\/?s={search_term_string}"},"query-input":{"@type":"PropertyValueSpecification","valueRequired":true,"valueName":"search_term_string"}}],"inLanguage":"pl-PL"},{"@type":"Organization","@id":"https:\/\/uniwersytetotwarty.us.edu.pl\/utw\/#organization","name":"Uniwersytet \u015al\u0105ski","url":"https:\/\/uniwersytetotwarty.us.edu.pl\/utw\/","logo":{"@type":"ImageObject","inLanguage":"pl-PL","@id":"https:\/\/uniwersytetotwarty.us.edu.pl\/utw\/#\/schema\/logo\/image\/","url":"https:\/\/uniwersytetotwarty.us.edu.pl\/utw\/wp-content\/uploads\/sites\/15\/2023\/10\/US_UO-biale.png","contentUrl":"https:\/\/uniwersytetotwarty.us.edu.pl\/utw\/wp-content\/uploads\/sites\/15\/2023\/10\/US_UO-biale.png","width":1923,"height":326,"caption":"Uniwersytet \u015al\u0105ski"},"image":{"@id":"https:\/\/uniwersytetotwarty.us.edu.pl\/utw\/#\/schema\/logo\/image\/"}}]}},"_links":{"self":[{"href":"https:\/\/uniwersytetotwarty.us.edu.pl\/utw\/wp-json\/wp\/v2\/pages\/428","targetHints":{"allow":["GET"]}}],"collection":[{"href":"https:\/\/uniwersytetotwarty.us.edu.pl\/utw\/wp-json\/wp\/v2\/pages"}],"about":[{"href":"https:\/\/uniwersytetotwarty.us.edu.pl\/utw\/wp-json\/wp\/v2\/types\/page"}],"author":[{"embeddable":true,"href":"https:\/\/uniwersytetotwarty.us.edu.pl\/utw\/wp-json\/wp\/v2\/users\/2"}],"replies":[{"embeddable":true,"href":"https:\/\/uniwersytetotwarty.us.edu.pl\/utw\/wp-json\/wp\/v2\/comments?post=428"}],"version-history":[{"count":7,"href":"https:\/\/uniwersytetotwarty.us.edu.pl\/utw\/wp-json\/wp\/v2\/pages\/428\/revisions"}],"predecessor-version":[{"id":9660,"href":"https:\/\/uniwersytetotwarty.us.edu.pl\/utw\/wp-json\/wp\/v2\/pages\/428\/revisions\/9660"}],"up":[{"embeddable":true,"href":"https:\/\/uniwersytetotwarty.us.edu.pl\/utw\/wp-json\/wp\/v2\/pages\/410"}],"wp:attachment":[{"href":"https:\/\/uniwersytetotwarty.us.edu.pl\/utw\/wp-json\/wp\/v2\/media?parent=428"}],"curies":[{"name":"wp","href":"https:\/\/api.w.org\/{rel}","templated":true}]}}