{"id":412,"date":"2025-01-21T12:18:41","date_gmt":"2025-01-21T11:18:41","guid":{"rendered":"https:\/\/uniwersytetotwarty.us.edu.pl\/utw\/?page_id=412"},"modified":"2026-02-10T13:50:49","modified_gmt":"2026-02-10T12:50:49","slug":"wyklady","status":"publish","type":"page","link":"https:\/\/uniwersytetotwarty.us.edu.pl\/utw\/sosnowiec\/wyklady\/","title":{"rendered":"Wyk\u0142ady"},"content":{"rendered":"\t\t<div data-elementor-type=\"wp-page\" data-elementor-id=\"412\" class=\"elementor elementor-412\" data-elementor-post-type=\"page\">\n\t\t\t\t\t\t<section class=\"elementor-section elementor-top-section elementor-element elementor-element-eefc5c9 elementor-section-boxed elementor-section-height-default elementor-section-height-default\" data-id=\"eefc5c9\" data-element_type=\"section\" data-e-type=\"section\">\n\t\t\t\t\t\t<div class=\"elementor-container elementor-column-gap-default\">\n\t\t\t\t\t<div class=\"elementor-column elementor-col-100 elementor-top-column elementor-element elementor-element-69a0938\" data-id=\"69a0938\" data-element_type=\"column\" data-e-type=\"column\">\n\t\t\t<div class=\"elementor-widget-wrap elementor-element-populated\">\n\t\t\t\t\t\t<div class=\"elementor-element elementor-element-cc85969 elementor-widget elementor-widget-text-editor\" data-id=\"cc85969\" data-element_type=\"widget\" data-e-type=\"widget\" data-widget_type=\"text-editor.default\">\n\t\t\t\t<div class=\"elementor-widget-container\">\n\t\t\t\t\t\t\t\t\t<p>Wyk\u0142ady odbywaj\u0105 si\u0119 w ka\u017cdy poniedzia\u0142ek o godzinie 15:15<br \/>na Wydziale Nauk Przyrodniczych w Mi\u0119dzywydzia\u0142owej auli<br \/>ul. B\u0119dzi\u0144ska 60, 41-205 Sosnowiec<\/p>\t\t\t\t\t\t\t\t<\/div>\n\t\t\t\t<\/div>\n\t\t\t\t\t<\/div>\n\t\t<\/div>\n\t\t\t\t\t<\/div>\n\t\t<\/section>\n\t\t\t\t<section class=\"elementor-section elementor-top-section elementor-element elementor-element-17ad6fd elementor-section-boxed elementor-section-height-default elementor-section-height-default\" data-id=\"17ad6fd\" data-element_type=\"section\" data-e-type=\"section\">\n\t\t\t\t\t\t<div class=\"elementor-container elementor-column-gap-default\">\n\t\t\t\t\t<div class=\"elementor-column elementor-col-100 elementor-top-column elementor-element elementor-element-0882365\" data-id=\"0882365\" data-element_type=\"column\" data-e-type=\"column\">\n\t\t\t<div class=\"elementor-widget-wrap elementor-element-populated\">\n\t\t\t\t\t\t<div class=\"elementor-element elementor-element-6a325ae elementor-widget elementor-widget-text-editor\" data-id=\"6a325ae\" data-element_type=\"widget\" data-e-type=\"widget\" data-widget_type=\"text-editor.default\">\n\t\t\t\t<div class=\"elementor-widget-container\">\n\t\t\t\t\t\t\t\t\t<p>SEMESTR LETNI 2025\/2026<\/p>\t\t\t\t\t\t\t\t<\/div>\n\t\t\t\t<\/div>\n\t\t\t\t\t<\/div>\n\t\t<\/div>\n\t\t\t\t\t<\/div>\n\t\t<\/section>\n\t\t\t\t<section class=\"elementor-section elementor-top-section elementor-element elementor-element-0c028e9 elementor-section-boxed elementor-section-height-default elementor-section-height-default\" data-id=\"0c028e9\" data-element_type=\"section\" data-e-type=\"section\">\n\t\t\t\t\t\t<div class=\"elementor-container elementor-column-gap-default\">\n\t\t\t\t\t<div class=\"elementor-column elementor-col-100 elementor-top-column elementor-element elementor-element-5cd5baf\" data-id=\"5cd5baf\" data-element_type=\"column\" data-e-type=\"column\">\n\t\t\t<div class=\"elementor-widget-wrap elementor-element-populated\">\n\t\t\t\t\t\t<div class=\"elementor-element elementor-element-58673c1 elementor-grid-1 elementor-posts--thumbnail-none elementor-grid-tablet-2 elementor-grid-mobile-1 elementor-card-shadow-yes elementor-posts__hover-gradient elementor-widget elementor-widget-posts\" data-id=\"58673c1\" data-element_type=\"widget\" data-e-type=\"widget\" data-settings=\"{&quot;cards_columns&quot;:&quot;1&quot;,&quot;cards_columns_tablet&quot;:&quot;2&quot;,&quot;cards_columns_mobile&quot;:&quot;1&quot;,&quot;cards_row_gap&quot;:{&quot;unit&quot;:&quot;px&quot;,&quot;size&quot;:35,&quot;sizes&quot;:[]},&quot;cards_row_gap_tablet&quot;:{&quot;unit&quot;:&quot;px&quot;,&quot;size&quot;:&quot;&quot;,&quot;sizes&quot;:[]},&quot;cards_row_gap_mobile&quot;:{&quot;unit&quot;:&quot;px&quot;,&quot;size&quot;:&quot;&quot;,&quot;sizes&quot;:[]}}\" data-widget_type=\"posts.cards\">\n\t\t\t\t<div class=\"elementor-widget-container\">\n\t\t\t\t\t\t\t<div class=\"elementor-posts-container elementor-posts elementor-posts--skin-cards elementor-grid\" role=\"list\">\n\t\t\t\t<article class=\"elementor-post elementor-grid-item post-11891 post type-post status-publish format-standard hentry category-sosnowiec category-wyklady-sosnowiec\" role=\"listitem\">\n\t\t\t<div class=\"elementor-post__card\">\n\t\t\t\t<div class=\"elementor-post__text\">\n\t\t\t\t<h3 class=\"elementor-post__title\">\n\t\t\t<a href=\"https:\/\/uniwersytetotwarty.us.edu.pl\/utw\/sosnowiec\/szkolenie-z-zakresu-pierwszej-pomocy\/\" >\n\t\t\t\tSzkolenie z zakresu pierwszej pomocy\t\t\t<\/a>\n\t\t<\/h3>\n\t\t\t\t<div class=\"elementor-post__excerpt\">\n\t\t\t<p>Data: 23.02.2026 r.\u00a0Prowadz\u0105cy: Sebastian Janota<\/p>\n\t\t<\/div>\n\t\t\t\t<\/div>\n\t\t\t\t\t<\/div>\n\t\t<\/article>\n\t\t\t\t<article class=\"elementor-post elementor-grid-item post-11902 post type-post status-publish format-standard hentry category-sosnowiec category-wyklady-sosnowiec\" role=\"listitem\">\n\t\t\t<div class=\"elementor-post__card\">\n\t\t\t\t<div class=\"elementor-post__text\">\n\t\t\t\t<h3 class=\"elementor-post__title\">\n\t\t\t<a href=\"https:\/\/uniwersytetotwarty.us.edu.pl\/utw\/sosnowiec\/do-czego-potrzebne-am-poczucie-humoru\/\" >\n\t\t\t\t\u201eDo czego potrzebne nam poczucie humoru?\u201d\t\t\t<\/a>\n\t\t<\/h3>\n\t\t\t\t<div class=\"elementor-post__excerpt\">\n\t\t\t<p>Data: 02.03.2026 r. Prowadz\u0105cy: dr hab. \u0141ukasz Jach, prof. U\u015a<\/p>\n\t\t<\/div>\n\t\t\t\t<\/div>\n\t\t\t\t\t<\/div>\n\t\t<\/article>\n\t\t\t\t<article class=\"elementor-post elementor-grid-item post-11911 post type-post status-publish format-standard hentry category-sosnowiec category-wyklady-sosnowiec\" role=\"listitem\">\n\t\t\t<div class=\"elementor-post__card\">\n\t\t\t\t<div class=\"elementor-post__text\">\n\t\t\t\t<h3 class=\"elementor-post__title\">\n\t\t\t<a href=\"https:\/\/uniwersytetotwarty.us.edu.pl\/utw\/sosnowiec\/nie-taki-diabel-straszny-czyli-jak-radzic-sobie-ze-stresem\/\" >\n\t\t\t\t\u201eNie taki diabe\u0142 straszny\u2026 czyli jak radzi\u0107 sobie ze stresem\u201d\t\t\t<\/a>\n\t\t<\/h3>\n\t\t\t\t<div class=\"elementor-post__excerpt\">\n\t\t\t<p>Data: 09.03.2026 r.\u00a0Prowadz\u0105cy: dr hab. Agnieszka Turska-Kawa, prof. U\u015a<\/p>\n\t\t<\/div>\n\t\t\t\t<\/div>\n\t\t\t\t\t<\/div>\n\t\t<\/article>\n\t\t\t\t<article class=\"elementor-post elementor-grid-item post-11919 post type-post status-publish format-standard hentry category-sosnowiec category-wyklady-sosnowiec\" role=\"listitem\">\n\t\t\t<div class=\"elementor-post__card\">\n\t\t\t\t<div class=\"elementor-post__text\">\n\t\t\t\t<h3 class=\"elementor-post__title\">\n\t\t\t<a href=\"https:\/\/uniwersytetotwarty.us.edu.pl\/utw\/sosnowiec\/nie-badz-dla-siebie-surowszy-niz-dla-przyjaciela-o-sile-samowspolczucia\/\" >\n\t\t\t\t\u201eNie b\u0105d\u017a dla siebie surowszy ni\u017c dla przyjaciela. O sile samowsp\u00f3\u0142czucia\u201d\t\t\t<\/a>\n\t\t<\/h3>\n\t\t\t\t<div class=\"elementor-post__excerpt\">\n\t\t\t<p>Data: 16.03.2026 r.\u00a0Prowadz\u0105cy: dr Dagna Kocur, prof. U\u015a<\/p>\n\t\t<\/div>\n\t\t\t\t<\/div>\n\t\t\t\t\t<\/div>\n\t\t<\/article>\n\t\t\t\t<article class=\"elementor-post elementor-grid-item post-11927 post type-post status-publish format-standard hentry category-sosnowiec category-wyklady-sosnowiec\" role=\"listitem\">\n\t\t\t<div class=\"elementor-post__card\">\n\t\t\t\t<div class=\"elementor-post__text\">\n\t\t\t\t<h3 class=\"elementor-post__title\">\n\t\t\t<a href=\"https:\/\/uniwersytetotwarty.us.edu.pl\/utw\/sosnowiec\/z-wlasna-walizka-jak-zachodnie-podrozniczki-odkrywaly-orient-podroz-jako-poznanie-innego-i-siebie\/\" >\n\t\t\t\t\u201eZ w\u0142asn\u0105 walizk\u0105: jak zachodnie podr\u00f3\u017cniczki odkrywa\u0142y Orient. Podr\u00f3\u017c jako poznanie Innego (i siebie)\u201d\t\t\t<\/a>\n\t\t<\/h3>\n\t\t\t\t<div class=\"elementor-post__excerpt\">\n\t\t\t<p>Data: 23.03.2026 r.\u00a0Prowadz\u0105cy: dr Julia Szo\u0142tysek<\/p>\n\t\t<\/div>\n\t\t\t\t<\/div>\n\t\t\t\t\t<\/div>\n\t\t<\/article>\n\t\t\t\t<article class=\"elementor-post elementor-grid-item post-11935 post type-post status-publish format-standard hentry category-sosnowiec category-wyklady-sosnowiec\" role=\"listitem\">\n\t\t\t<div class=\"elementor-post__card\">\n\t\t\t\t<div class=\"elementor-post__text\">\n\t\t\t\t<h3 class=\"elementor-post__title\">\n\t\t\t<a href=\"https:\/\/uniwersytetotwarty.us.edu.pl\/utw\/sosnowiec\/brakujaca-polowa-opowiesci-o-gorniczym-slasku\/\" >\n\t\t\t\t\u201eBrakuj\u0105ca po\u0142owa opowie\u015bci o g\u00f3rniczym \u015al\u0105sku\u201d\t\t\t<\/a>\n\t\t<\/h3>\n\t\t\t\t<div class=\"elementor-post__excerpt\">\n\t\t\t<p>Data: 30.03.2026 r.\u00a0Prowadz\u0105cy: dr Monika Glosowitz<\/p>\n\t\t<\/div>\n\t\t\t\t<\/div>\n\t\t\t\t\t<\/div>\n\t\t<\/article>\n\t\t\t\t<article class=\"elementor-post elementor-grid-item post-11943 post type-post status-publish format-standard hentry category-sosnowiec category-wyklady-sosnowiec\" role=\"listitem\">\n\t\t\t<div class=\"elementor-post__card\">\n\t\t\t\t<div class=\"elementor-post__text\">\n\t\t\t\t<h3 class=\"elementor-post__title\">\n\t\t\t<a href=\"https:\/\/uniwersytetotwarty.us.edu.pl\/utw\/sosnowiec\/jak-swiatlo-tworzy-barwy\/\" >\n\t\t\t\t\u201eJak \u015bwiat\u0142o tworzy barwy?\u201d\t\t\t<\/a>\n\t\t<\/h3>\n\t\t\t\t<div class=\"elementor-post__excerpt\">\n\t\t\t<p>Data: 13.04.2026 r.\u00a0Prowadz\u0105cy: dr Anna Byczek-Wyrostek<\/p>\n\t\t<\/div>\n\t\t\t\t<\/div>\n\t\t\t\t\t<\/div>\n\t\t<\/article>\n\t\t\t\t<article class=\"elementor-post elementor-grid-item post-11951 post type-post status-publish format-standard hentry category-sosnowiec category-wyklady-sosnowiec\" role=\"listitem\">\n\t\t\t<div class=\"elementor-post__card\">\n\t\t\t\t<div class=\"elementor-post__text\">\n\t\t\t\t<h3 class=\"elementor-post__title\">\n\t\t\t<a href=\"https:\/\/uniwersytetotwarty.us.edu.pl\/utw\/sosnowiec\/o-pocieszeniu-jakie-daje-literatura-oporna-tozsamosc-zaglebia-dabrowskiego\/\" >\n\t\t\t\t\u201eO pocieszeniu, jakie daje literatura. Oporna to\u017csamo\u015b\u0107 Zag\u0142\u0119bia D\u0105browskiego\u201d\t\t\t<\/a>\n\t\t<\/h3>\n\t\t\t\t<div class=\"elementor-post__excerpt\">\n\t\t\t<p>Data: 20.04.2026 r.&nbsp;Prowadz\u0105cy:&nbsp;prof. dr hab. Zbigniew Bia\u0142as<\/p>\n\t\t<\/div>\n\t\t\t\t<\/div>\n\t\t\t\t\t<\/div>\n\t\t<\/article>\n\t\t\t\t<article class=\"elementor-post elementor-grid-item post-11959 post type-post status-publish format-standard hentry category-sosnowiec category-wyklady-sosnowiec\" role=\"listitem\">\n\t\t\t<div class=\"elementor-post__card\">\n\t\t\t\t<div class=\"elementor-post__text\">\n\t\t\t\t<h3 class=\"elementor-post__title\">\n\t\t\t<a href=\"https:\/\/uniwersytetotwarty.us.edu.pl\/utw\/sosnowiec\/ten-slodko-gorzki-bol-dlaczego-wciaz-mamy-z-nim-problem\/\" >\n\t\t\t\t\u201eTen s\u0142odko-gorzki b\u00f3l: Dlaczego wci\u0105\u017c mamy z nim problem?\u201d\t\t\t<\/a>\n\t\t<\/h3>\n\t\t\t\t<div class=\"elementor-post__excerpt\">\n\t\t\t<p>Data: 27.04.2026 r.\u00a0Prowadz\u0105cy: dr hab. Wac\u0142aw M. Adamczyk, prof. AWF<\/p>\n\t\t<\/div>\n\t\t\t\t<\/div>\n\t\t\t\t\t<\/div>\n\t\t<\/article>\n\t\t\t\t<article class=\"elementor-post elementor-grid-item post-11967 post type-post status-publish format-standard hentry category-sosnowiec category-wyklady-sosnowiec\" role=\"listitem\">\n\t\t\t<div class=\"elementor-post__card\">\n\t\t\t\t<div class=\"elementor-post__text\">\n\t\t\t\t<h3 class=\"elementor-post__title\">\n\t\t\t<a href=\"https:\/\/uniwersytetotwarty.us.edu.pl\/utw\/sosnowiec\/obrazy-medialne-kobiet-swiata-polityki\/\" >\n\t\t\t\t\u201eObrazy medialne kobiet \u015bwiata polityki\u201d\t\t\t<\/a>\n\t\t<\/h3>\n\t\t\t\t<div class=\"elementor-post__excerpt\">\n\t\t\t<p>Data: 04.05.2026 r.\u00a0Prowadz\u0105cy: dr hab. Katarzyna Brzoza-Kolorz, prof. U\u015a<\/p>\n\t\t<\/div>\n\t\t\t\t<\/div>\n\t\t\t\t\t<\/div>\n\t\t<\/article>\n\t\t\t\t<article class=\"elementor-post elementor-grid-item post-11975 post type-post status-publish format-standard hentry category-sosnowiec category-wyklady-sosnowiec\" role=\"listitem\">\n\t\t\t<div class=\"elementor-post__card\">\n\t\t\t\t<div class=\"elementor-post__text\">\n\t\t\t\t<h3 class=\"elementor-post__title\">\n\t\t\t<a href=\"https:\/\/uniwersytetotwarty.us.edu.pl\/utw\/sosnowiec\/podroz-bohatera-i-bohaterki-roznymi-sciezkami-przez-ciemny-las\/\" >\n\t\t\t\t\u201ePodr\u00f3\u017c bohatera i bohaterki: r\u00f3\u017cnymi \u015bcie\u017ckami przez ciemny las\u201d\t\t\t<\/a>\n\t\t<\/h3>\n\t\t\t\t<div class=\"elementor-post__excerpt\">\n\t\t\t<p>Data: 11.05.2026 r.\u00a0Prowadz\u0105cy: dr Marlena Drapalska-Grochowicz<\/p>\n\t\t<\/div>\n\t\t\t\t<\/div>\n\t\t\t\t\t<\/div>\n\t\t<\/article>\n\t\t\t\t<article class=\"elementor-post elementor-grid-item post-11983 post type-post status-publish format-standard hentry category-sosnowiec category-wyklady-sosnowiec\" role=\"listitem\">\n\t\t\t<div class=\"elementor-post__card\">\n\t\t\t\t<div class=\"elementor-post__text\">\n\t\t\t\t<h3 class=\"elementor-post__title\">\n\t\t\t<a href=\"https:\/\/uniwersytetotwarty.us.edu.pl\/utw\/sosnowiec\/zdjecie-ktorego-zaluje-ze-nie-zrobilam-em-o-ulotnosci-chwil-i-sile-pamieci\/\" >\n\t\t\t\t\u201eZdj\u0119cie, kt\u00f3rego \u017ca\u0142uj\u0119, \u017ce nie zrobi\u0142am\/em. O ulotno\u015bci chwil i sile pami\u0119ci\u201d\t\t\t<\/a>\n\t\t<\/h3>\n\t\t\t\t<div class=\"elementor-post__excerpt\">\n\t\t\t<p>Data: 18.05.2026 r.\u00a0Prowadz\u0105cy: Dajana Rutkowska<\/p>\n\t\t<\/div>\n\t\t\t\t<\/div>\n\t\t\t\t\t<\/div>\n\t\t<\/article>\n\t\t\t\t<article class=\"elementor-post elementor-grid-item post-11991 post type-post status-publish format-standard hentry category-sosnowiec category-wyklady-sosnowiec\" role=\"listitem\">\n\t\t\t<div class=\"elementor-post__card\">\n\t\t\t\t<div class=\"elementor-post__text\">\n\t\t\t\t<h3 class=\"elementor-post__title\">\n\t\t\t<a href=\"https:\/\/uniwersytetotwarty.us.edu.pl\/utw\/sosnowiec\/emocje-na-ekranie-emocje-w-nas-o-psychologii-ogladania-filmow\/\" >\n\t\t\t\t\u201eEmocje na ekranie, emocje w nas. O psychologii ogl\u0105dania film\u00f3w\u201d\t\t\t<\/a>\n\t\t<\/h3>\n\t\t\t\t<div class=\"elementor-post__excerpt\">\n\t\t\t<p>Data: 25.05.2026 r.\u00a0Prowadz\u0105cy: dr Agnieszka Skorupa, prof. U\u015a<\/p>\n\t\t<\/div>\n\t\t\t\t<\/div>\n\t\t\t\t\t<\/div>\n\t\t<\/article>\n\t\t\t\t<\/div>\n\t\t\n\t\t\t\t\t\t<\/div>\n\t\t\t\t<\/div>\n\t\t\t\t\t<\/div>\n\t\t<\/div>\n\t\t\t\t\t<\/div>\n\t\t<\/section>\n\t\t\t\t<\/div>\n\t\t","protected":false},"excerpt":{"rendered":"<p>Wyk\u0142ady odbywaj\u0105 si\u0119 w ka\u017cdy poniedzia\u0142ek o godzinie 15:15na Wydziale Nauk Przyrodniczych w Mi\u0119dzywydzia\u0142owej auliul. B\u0119dzi\u0144ska 60, 41-205 Sosnowiec SEMESTR LETNI 2025\/2026<\/p>\n","protected":false},"author":2,"featured_media":0,"parent":248,"menu_order":0,"comment_status":"closed","ping_status":"closed","template":"","meta":{"footnotes":""},"class_list":["post-412","page","type-page","status-publish","hentry"],"yoast_head":"<!-- This site is optimized with the Yoast SEO plugin v27.4 - https:\/\/yoast.com\/product\/yoast-seo-wordpress\/ -->\n<title>Wyk\u0142ady - UTW<\/title>\n<meta name=\"robots\" content=\"noindex, follow, max-snippet:-1, max-image-preview:large, max-video-preview:-1\" \/>\n<meta property=\"og:locale\" content=\"pl_PL\" \/>\n<meta property=\"og:type\" content=\"article\" \/>\n<meta property=\"og:title\" content=\"Wyk\u0142ady - UTW\" \/>\n<meta property=\"og:description\" content=\"Wyk\u0142ady odbywaj\u0105 si\u0119 w ka\u017cdy poniedzia\u0142ek o godzinie 15:15na Wydziale Nauk Przyrodniczych w Mi\u0119dzywydzia\u0142owej auliul. B\u0119dzi\u0144ska 60, 41-205 Sosnowiec SEMESTR LETNI 2025\/2026\" \/>\n<meta property=\"og:url\" content=\"https:\/\/uniwersytetotwarty.us.edu.pl\/utw\/sosnowiec\/wyklady\/\" \/>\n<meta property=\"og:site_name\" content=\"UTW\" \/>\n<meta property=\"article:modified_time\" content=\"2026-02-10T12:50:49+00:00\" \/>\n<meta name=\"twitter:card\" content=\"summary_large_image\" \/>\n<meta name=\"twitter:label1\" content=\"Szacowany czas czytania\" \/>\n\t<meta name=\"twitter:data1\" content=\"1 minuta\" \/>\n<script type=\"application\/ld+json\" class=\"yoast-schema-graph\">{\"@context\":\"https:\\\/\\\/schema.org\",\"@graph\":[{\"@type\":\"WebPage\",\"@id\":\"https:\\\/\\\/uniwersytetotwarty.us.edu.pl\\\/utw\\\/sosnowiec\\\/wyklady\\\/\",\"url\":\"https:\\\/\\\/uniwersytetotwarty.us.edu.pl\\\/utw\\\/sosnowiec\\\/wyklady\\\/\",\"name\":\"Wyk\u0142ady - UTW\",\"isPartOf\":{\"@id\":\"https:\\\/\\\/uniwersytetotwarty.us.edu.pl\\\/utw\\\/#website\"},\"datePublished\":\"2025-01-21T11:18:41+00:00\",\"dateModified\":\"2026-02-10T12:50:49+00:00\",\"breadcrumb\":{\"@id\":\"https:\\\/\\\/uniwersytetotwarty.us.edu.pl\\\/utw\\\/sosnowiec\\\/wyklady\\\/#breadcrumb\"},\"inLanguage\":\"pl-PL\",\"potentialAction\":[{\"@type\":\"ReadAction\",\"target\":[\"https:\\\/\\\/uniwersytetotwarty.us.edu.pl\\\/utw\\\/sosnowiec\\\/wyklady\\\/\"]}]},{\"@type\":\"BreadcrumbList\",\"@id\":\"https:\\\/\\\/uniwersytetotwarty.us.edu.pl\\\/utw\\\/sosnowiec\\\/wyklady\\\/#breadcrumb\",\"itemListElement\":[{\"@type\":\"ListItem\",\"position\":1,\"name\":\"UTW\",\"item\":\"https:\\\/\\\/uniwersytetotwarty.us.edu.pl\\\/utw\\\/\"},{\"@type\":\"ListItem\",\"position\":2,\"name\":\"Sosnowiec\",\"item\":\"https:\\\/\\\/uniwersytetotwarty.us.edu.pl\\\/utw\\\/sosnowiec\\\/\"},{\"@type\":\"ListItem\",\"position\":3,\"name\":\"Wyk\u0142ady\"}]},{\"@type\":\"WebSite\",\"@id\":\"https:\\\/\\\/uniwersytetotwarty.us.edu.pl\\\/utw\\\/#website\",\"url\":\"https:\\\/\\\/uniwersytetotwarty.us.edu.pl\\\/utw\\\/\",\"name\":\"UTW\",\"description\":\"\",\"publisher\":{\"@id\":\"https:\\\/\\\/uniwersytetotwarty.us.edu.pl\\\/utw\\\/#organization\"},\"potentialAction\":[{\"@type\":\"SearchAction\",\"target\":{\"@type\":\"EntryPoint\",\"urlTemplate\":\"https:\\\/\\\/uniwersytetotwarty.us.edu.pl\\\/utw\\\/?s={search_term_string}\"},\"query-input\":{\"@type\":\"PropertyValueSpecification\",\"valueRequired\":true,\"valueName\":\"search_term_string\"}}],\"inLanguage\":\"pl-PL\"},{\"@type\":\"Organization\",\"@id\":\"https:\\\/\\\/uniwersytetotwarty.us.edu.pl\\\/utw\\\/#organization\",\"name\":\"Uniwersytet \u015al\u0105ski\",\"url\":\"https:\\\/\\\/uniwersytetotwarty.us.edu.pl\\\/utw\\\/\",\"logo\":{\"@type\":\"ImageObject\",\"inLanguage\":\"pl-PL\",\"@id\":\"https:\\\/\\\/uniwersytetotwarty.us.edu.pl\\\/utw\\\/#\\\/schema\\\/logo\\\/image\\\/\",\"url\":\"https:\\\/\\\/uniwersytetotwarty.us.edu.pl\\\/utw\\\/wp-content\\\/uploads\\\/sites\\\/15\\\/2023\\\/10\\\/US_UO-biale.png\",\"contentUrl\":\"https:\\\/\\\/uniwersytetotwarty.us.edu.pl\\\/utw\\\/wp-content\\\/uploads\\\/sites\\\/15\\\/2023\\\/10\\\/US_UO-biale.png\",\"width\":1923,\"height\":326,\"caption\":\"Uniwersytet \u015al\u0105ski\"},\"image\":{\"@id\":\"https:\\\/\\\/uniwersytetotwarty.us.edu.pl\\\/utw\\\/#\\\/schema\\\/logo\\\/image\\\/\"}}]}<\/script>\n<!-- \/ Yoast SEO plugin. -->","yoast_head_json":{"title":"Wyk\u0142ady - UTW","robots":{"index":"noindex","follow":"follow","max-snippet":"max-snippet:-1","max-image-preview":"max-image-preview:large","max-video-preview":"max-video-preview:-1"},"og_locale":"pl_PL","og_type":"article","og_title":"Wyk\u0142ady - UTW","og_description":"Wyk\u0142ady odbywaj\u0105 si\u0119 w ka\u017cdy poniedzia\u0142ek o godzinie 15:15na Wydziale Nauk Przyrodniczych w Mi\u0119dzywydzia\u0142owej auliul. B\u0119dzi\u0144ska 60, 41-205 Sosnowiec SEMESTR LETNI 2025\/2026","og_url":"https:\/\/uniwersytetotwarty.us.edu.pl\/utw\/sosnowiec\/wyklady\/","og_site_name":"UTW","article_modified_time":"2026-02-10T12:50:49+00:00","twitter_card":"summary_large_image","twitter_misc":{"Szacowany czas czytania":"1 minuta"},"schema":{"@context":"https:\/\/schema.org","@graph":[{"@type":"WebPage","@id":"https:\/\/uniwersytetotwarty.us.edu.pl\/utw\/sosnowiec\/wyklady\/","url":"https:\/\/uniwersytetotwarty.us.edu.pl\/utw\/sosnowiec\/wyklady\/","name":"Wyk\u0142ady - UTW","isPartOf":{"@id":"https:\/\/uniwersytetotwarty.us.edu.pl\/utw\/#website"},"datePublished":"2025-01-21T11:18:41+00:00","dateModified":"2026-02-10T12:50:49+00:00","breadcrumb":{"@id":"https:\/\/uniwersytetotwarty.us.edu.pl\/utw\/sosnowiec\/wyklady\/#breadcrumb"},"inLanguage":"pl-PL","potentialAction":[{"@type":"ReadAction","target":["https:\/\/uniwersytetotwarty.us.edu.pl\/utw\/sosnowiec\/wyklady\/"]}]},{"@type":"BreadcrumbList","@id":"https:\/\/uniwersytetotwarty.us.edu.pl\/utw\/sosnowiec\/wyklady\/#breadcrumb","itemListElement":[{"@type":"ListItem","position":1,"name":"UTW","item":"https:\/\/uniwersytetotwarty.us.edu.pl\/utw\/"},{"@type":"ListItem","position":2,"name":"Sosnowiec","item":"https:\/\/uniwersytetotwarty.us.edu.pl\/utw\/sosnowiec\/"},{"@type":"ListItem","position":3,"name":"Wyk\u0142ady"}]},{"@type":"WebSite","@id":"https:\/\/uniwersytetotwarty.us.edu.pl\/utw\/#website","url":"https:\/\/uniwersytetotwarty.us.edu.pl\/utw\/","name":"UTW","description":"","publisher":{"@id":"https:\/\/uniwersytetotwarty.us.edu.pl\/utw\/#organization"},"potentialAction":[{"@type":"SearchAction","target":{"@type":"EntryPoint","urlTemplate":"https:\/\/uniwersytetotwarty.us.edu.pl\/utw\/?s={search_term_string}"},"query-input":{"@type":"PropertyValueSpecification","valueRequired":true,"valueName":"search_term_string"}}],"inLanguage":"pl-PL"},{"@type":"Organization","@id":"https:\/\/uniwersytetotwarty.us.edu.pl\/utw\/#organization","name":"Uniwersytet \u015al\u0105ski","url":"https:\/\/uniwersytetotwarty.us.edu.pl\/utw\/","logo":{"@type":"ImageObject","inLanguage":"pl-PL","@id":"https:\/\/uniwersytetotwarty.us.edu.pl\/utw\/#\/schema\/logo\/image\/","url":"https:\/\/uniwersytetotwarty.us.edu.pl\/utw\/wp-content\/uploads\/sites\/15\/2023\/10\/US_UO-biale.png","contentUrl":"https:\/\/uniwersytetotwarty.us.edu.pl\/utw\/wp-content\/uploads\/sites\/15\/2023\/10\/US_UO-biale.png","width":1923,"height":326,"caption":"Uniwersytet \u015al\u0105ski"},"image":{"@id":"https:\/\/uniwersytetotwarty.us.edu.pl\/utw\/#\/schema\/logo\/image\/"}}]}},"_links":{"self":[{"href":"https:\/\/uniwersytetotwarty.us.edu.pl\/utw\/wp-json\/wp\/v2\/pages\/412","targetHints":{"allow":["GET"]}}],"collection":[{"href":"https:\/\/uniwersytetotwarty.us.edu.pl\/utw\/wp-json\/wp\/v2\/pages"}],"about":[{"href":"https:\/\/uniwersytetotwarty.us.edu.pl\/utw\/wp-json\/wp\/v2\/types\/page"}],"author":[{"embeddable":true,"href":"https:\/\/uniwersytetotwarty.us.edu.pl\/utw\/wp-json\/wp\/v2\/users\/2"}],"replies":[{"embeddable":true,"href":"https:\/\/uniwersytetotwarty.us.edu.pl\/utw\/wp-json\/wp\/v2\/comments?post=412"}],"version-history":[{"count":10,"href":"https:\/\/uniwersytetotwarty.us.edu.pl\/utw\/wp-json\/wp\/v2\/pages\/412\/revisions"}],"predecessor-version":[{"id":11898,"href":"https:\/\/uniwersytetotwarty.us.edu.pl\/utw\/wp-json\/wp\/v2\/pages\/412\/revisions\/11898"}],"up":[{"embeddable":true,"href":"https:\/\/uniwersytetotwarty.us.edu.pl\/utw\/wp-json\/wp\/v2\/pages\/248"}],"wp:attachment":[{"href":"https:\/\/uniwersytetotwarty.us.edu.pl\/utw\/wp-json\/wp\/v2\/media?parent=412"}],"curies":[{"name":"wp","href":"https:\/\/api.w.org\/{rel}","templated":true}]}}