{"id":408,"date":"2025-01-21T12:16:14","date_gmt":"2025-01-21T11:16:14","guid":{"rendered":"https:\/\/uniwersytetotwarty.us.edu.pl\/utw\/?page_id=408"},"modified":"2025-05-22T11:11:19","modified_gmt":"2025-05-22T09:11:19","slug":"kontakt","status":"publish","type":"page","link":"https:\/\/uniwersytetotwarty.us.edu.pl\/utw\/jastrzebie-zdroj\/kontakt\/","title":{"rendered":"Kontakt"},"content":{"rendered":"\t\t<div data-elementor-type=\"wp-page\" data-elementor-id=\"408\" class=\"elementor elementor-408\" data-elementor-post-type=\"page\">\n\t\t\t\t\t\t<section class=\"elementor-section elementor-top-section elementor-element elementor-element-5f6c915 elementor-section-boxed elementor-section-height-default elementor-section-height-default\" data-id=\"5f6c915\" data-element_type=\"section\" data-e-type=\"section\">\n\t\t\t\t\t\t<div class=\"elementor-container elementor-column-gap-default\">\n\t\t\t\t\t<div class=\"elementor-column elementor-col-50 elementor-top-column elementor-element elementor-element-bc66076\" data-id=\"bc66076\" data-element_type=\"column\" data-e-type=\"column\">\n\t\t\t<div class=\"elementor-widget-wrap elementor-element-populated\">\n\t\t\t\t\t\t<div class=\"elementor-element elementor-element-40dcb14 elementor-widget elementor-widget-text-editor\" data-id=\"40dcb14\" data-element_type=\"widget\" data-e-type=\"widget\" data-widget_type=\"text-editor.default\">\n\t\t\t\t<div class=\"elementor-widget-container\">\n\t\t\t\t\t\t\t\t\t<p>Opiekunem merytorycznym z ramienia<br \/>Uniwersytetu \u015al\u0105skiego jest Prorektor ds. studenckich i kszta\u0142cenia<\/p><div><strong>dr Katarzyna Trynda, prof. U\u015a<\/strong><\/div>\t\t\t\t\t\t\t\t<\/div>\n\t\t\t\t<\/div>\n\t\t\t\t\t<\/div>\n\t\t<\/div>\n\t\t\t\t<div class=\"elementor-column elementor-col-50 elementor-top-column elementor-element elementor-element-7a0e5b0\" data-id=\"7a0e5b0\" data-element_type=\"column\" data-e-type=\"column\">\n\t\t\t<div class=\"elementor-widget-wrap elementor-element-populated\">\n\t\t\t\t\t\t<div class=\"elementor-element elementor-element-6ddb36a elementor-widget elementor-widget-text-editor\" data-id=\"6ddb36a\" data-element_type=\"widget\" data-e-type=\"widget\" data-widget_type=\"text-editor.default\">\n\t\t\t\t<div class=\"elementor-widget-container\">\n\t\t\t\t\t\t\t\t\t<p><span style=\"color: var( --e-global-color-text ); font-family: var( --e-global-typography-text-font-family ), Sans-serif; font-size: var( --e-global-typography-text-font-size ); font-weight: var( --e-global-typography-text-font-weight );\"><br>Funkcj\u0119 Koordynatorki Uniwersytetu Trzeciego Wieku pe\u0142ni&nbsp;<\/span><\/p>\n<p><strong>dr Kornelia Batko, prof. U\u015a<\/strong><\/p>\t\t\t\t\t\t\t\t<\/div>\n\t\t\t\t<\/div>\n\t\t\t\t\t<\/div>\n\t\t<\/div>\n\t\t\t\t\t<\/div>\n\t\t<\/section>\n\t\t\t\t<section class=\"elementor-section elementor-top-section elementor-element elementor-element-6b2cd0f elementor-section-boxed elementor-section-height-default elementor-section-height-default\" data-id=\"6b2cd0f\" data-element_type=\"section\" data-e-type=\"section\">\n\t\t\t\t\t\t<div class=\"elementor-container elementor-column-gap-default\">\n\t\t\t\t\t<div class=\"elementor-column elementor-col-50 elementor-top-column elementor-element elementor-element-eec98ff\" data-id=\"eec98ff\" data-element_type=\"column\" data-e-type=\"column\">\n\t\t\t<div class=\"elementor-widget-wrap elementor-element-populated\">\n\t\t\t\t\t\t<div class=\"elementor-element elementor-element-68c325d elementor-widget elementor-widget-image\" data-id=\"68c325d\" data-element_type=\"widget\" data-e-type=\"widget\" data-widget_type=\"image.default\">\n\t\t\t\t<div class=\"elementor-widget-container\">\n\t\t\t\t\t\t\t\t\t\t\t\t\t\t\t<img fetchpriority=\"high\" decoding=\"async\" width=\"300\" height=\"300\" src=\"https:\/\/uniwersytetotwarty.us.edu.pl\/utw\/wp-content\/uploads\/sites\/15\/2025\/01\/Trynda-e1736777271681-300x300.jpg\" class=\"attachment-medium size-medium wp-image-237\" alt=\"\" srcset=\"https:\/\/uniwersytetotwarty.us.edu.pl\/utw\/wp-content\/uploads\/sites\/15\/2025\/01\/Trynda-e1736777271681-300x300.jpg 300w, https:\/\/uniwersytetotwarty.us.edu.pl\/utw\/wp-content\/uploads\/sites\/15\/2025\/01\/Trynda-e1736777271681-150x150.jpg 150w, https:\/\/uniwersytetotwarty.us.edu.pl\/utw\/wp-content\/uploads\/sites\/15\/2025\/01\/Trynda-e1736777271681.jpg 500w\" sizes=\"(max-width: 300px) 100vw, 300px\" \/>\t\t\t\t\t\t\t\t\t\t\t\t\t\t\t<\/div>\n\t\t\t\t<\/div>\n\t\t\t\t\t<\/div>\n\t\t<\/div>\n\t\t\t\t<div class=\"elementor-column elementor-col-50 elementor-top-column elementor-element elementor-element-bca0aa7\" data-id=\"bca0aa7\" data-element_type=\"column\" data-e-type=\"column\">\n\t\t\t<div class=\"elementor-widget-wrap elementor-element-populated\">\n\t\t\t\t\t\t<div class=\"elementor-element elementor-element-3faee7d elementor-widget elementor-widget-image\" data-id=\"3faee7d\" data-element_type=\"widget\" data-e-type=\"widget\" data-widget_type=\"image.default\">\n\t\t\t\t<div class=\"elementor-widget-container\">\n\t\t\t\t\t\t\t\t\t\t\t\t\t\t\t<img decoding=\"async\" width=\"300\" height=\"300\" src=\"https:\/\/uniwersytetotwarty.us.edu.pl\/utw\/wp-content\/uploads\/sites\/15\/2023\/10\/dr-Kornelia-Batko2-e1736777054291-300x300.png\" class=\"attachment-medium size-medium wp-image-236\" alt=\"\" srcset=\"https:\/\/uniwersytetotwarty.us.edu.pl\/utw\/wp-content\/uploads\/sites\/15\/2023\/10\/dr-Kornelia-Batko2-e1736777054291-300x300.png 300w, https:\/\/uniwersytetotwarty.us.edu.pl\/utw\/wp-content\/uploads\/sites\/15\/2023\/10\/dr-Kornelia-Batko2-e1736777054291-150x150.png 150w, https:\/\/uniwersytetotwarty.us.edu.pl\/utw\/wp-content\/uploads\/sites\/15\/2023\/10\/dr-Kornelia-Batko2-e1736777054291.png 500w\" sizes=\"(max-width: 300px) 100vw, 300px\" \/>\t\t\t\t\t\t\t\t\t\t\t\t\t\t\t<\/div>\n\t\t\t\t<\/div>\n\t\t\t\t\t<\/div>\n\t\t<\/div>\n\t\t\t\t\t<\/div>\n\t\t<\/section>\n\t\t\t\t<section class=\"elementor-section elementor-top-section elementor-element elementor-element-79a7db7 elementor-section-boxed elementor-section-height-default elementor-section-height-default\" data-id=\"79a7db7\" data-element_type=\"section\" data-e-type=\"section\">\n\t\t\t\t\t\t<div class=\"elementor-container elementor-column-gap-default\">\n\t\t\t\t\t<div class=\"elementor-column elementor-col-50 elementor-top-column elementor-element elementor-element-ec3c2c9\" data-id=\"ec3c2c9\" data-element_type=\"column\" data-e-type=\"column\">\n\t\t\t<div class=\"elementor-widget-wrap elementor-element-populated\">\n\t\t\t\t\t\t<div class=\"elementor-element elementor-element-3b39768 elementor-widget elementor-widget-spacer\" data-id=\"3b39768\" data-element_type=\"widget\" data-e-type=\"widget\" data-widget_type=\"spacer.default\">\n\t\t\t\t<div class=\"elementor-widget-container\">\n\t\t\t\t\t\t\t<div class=\"elementor-spacer\">\n\t\t\t<div class=\"elementor-spacer-inner\"><\/div>\n\t\t<\/div>\n\t\t\t\t\t\t<\/div>\n\t\t\t\t<\/div>\n\t\t\t\t<div class=\"elementor-element elementor-element-857313e elementor-widget elementor-widget-text-editor\" data-id=\"857313e\" data-element_type=\"widget\" data-e-type=\"widget\" data-widget_type=\"text-editor.default\">\n\t\t\t\t<div class=\"elementor-widget-container\">\n\t\t\t\t\t\t\t\t\t<p>Pe\u0142nomocniczka ds. Polityki Senioralnej w Jastrz\u0119biu-Zdroju<\/p><p><strong>Krystyna Jurewicz<\/strong><\/p>\t\t\t\t\t\t\t\t<\/div>\n\t\t\t\t<\/div>\n\t\t\t\t<div class=\"elementor-element elementor-element-2200491 elementor-widget__width-initial elementor-widget elementor-widget-image\" data-id=\"2200491\" data-element_type=\"widget\" data-e-type=\"widget\" data-widget_type=\"image.default\">\n\t\t\t\t<div class=\"elementor-widget-container\">\n\t\t\t\t\t\t\t\t\t\t\t\t\t\t\t<img decoding=\"async\" width=\"440\" height=\"580\" src=\"https:\/\/uniwersytetotwarty.us.edu.pl\/utw\/wp-content\/uploads\/sites\/15\/2025\/02\/person.png\" class=\"attachment-medium_large size-medium_large wp-image-5711\" alt=\"\" srcset=\"https:\/\/uniwersytetotwarty.us.edu.pl\/utw\/wp-content\/uploads\/sites\/15\/2025\/02\/person.png 440w, https:\/\/uniwersytetotwarty.us.edu.pl\/utw\/wp-content\/uploads\/sites\/15\/2025\/02\/person-228x300.png 228w\" sizes=\"(max-width: 440px) 100vw, 440px\" \/>\t\t\t\t\t\t\t\t\t\t\t\t\t\t\t<\/div>\n\t\t\t\t<\/div>\n\t\t\t\t<div class=\"elementor-element elementor-element-f3bee5a elementor-widget elementor-widget-text-editor\" data-id=\"f3bee5a\" data-element_type=\"widget\" data-e-type=\"widget\" data-widget_type=\"text-editor.default\">\n\t\t\t\t<div class=\"elementor-widget-container\">\n\t\t\t\t\t\t\t\t\t<p><br \/>Z Pani\u0105 Krystyn\u0105 Jurewicz mo\u017cna si\u0119 skontaktowa\u0107 telefonicznie pod numerem telefonu: 501 531 782, <br \/>w ka\u017cdy wtorek i czwartek mi\u0119dzy godzin\u0105 16:00 a 17:00<\/p>\t\t\t\t\t\t\t\t<\/div>\n\t\t\t\t<\/div>\n\t\t\t\t\t<\/div>\n\t\t<\/div>\n\t\t\t\t<div class=\"elementor-column elementor-col-50 elementor-top-column elementor-element elementor-element-b767911\" data-id=\"b767911\" data-element_type=\"column\" data-e-type=\"column\">\n\t\t\t<div class=\"elementor-widget-wrap elementor-element-populated\">\n\t\t\t\t\t\t<div class=\"elementor-element elementor-element-55d1ed4 elementor-widget elementor-widget-spacer\" data-id=\"55d1ed4\" data-element_type=\"widget\" data-e-type=\"widget\" data-widget_type=\"spacer.default\">\n\t\t\t\t<div class=\"elementor-widget-container\">\n\t\t\t\t\t\t\t<div class=\"elementor-spacer\">\n\t\t\t<div class=\"elementor-spacer-inner\"><\/div>\n\t\t<\/div>\n\t\t\t\t\t\t<\/div>\n\t\t\t\t<\/div>\n\t\t\t\t<div class=\"elementor-element elementor-element-ae9ae09 elementor-widget elementor-widget-text-editor\" data-id=\"ae9ae09\" data-element_type=\"widget\" data-e-type=\"widget\" data-widget_type=\"text-editor.default\">\n\t\t\t\t<div class=\"elementor-widget-container\">\n\t\t\t\t\t\t\t\t\t<p>Biuro UTW w Jastrz\u0119biu-Zdroju<\/p><p><strong>Irena Kempny<\/strong><\/p>\t\t\t\t\t\t\t\t<\/div>\n\t\t\t\t<\/div>\n\t\t\t\t<div class=\"elementor-element elementor-element-e8a19a2 elementor-widget__width-initial elementor-widget elementor-widget-image\" data-id=\"e8a19a2\" data-element_type=\"widget\" data-e-type=\"widget\" data-widget_type=\"image.default\">\n\t\t\t\t<div class=\"elementor-widget-container\">\n\t\t\t\t\t\t\t\t\t\t\t\t\t\t\t<img decoding=\"async\" width=\"440\" height=\"580\" src=\"https:\/\/uniwersytetotwarty.us.edu.pl\/utw\/wp-content\/uploads\/sites\/15\/2025\/02\/person.png\" class=\"attachment-medium_large size-medium_large wp-image-5711\" alt=\"\" srcset=\"https:\/\/uniwersytetotwarty.us.edu.pl\/utw\/wp-content\/uploads\/sites\/15\/2025\/02\/person.png 440w, https:\/\/uniwersytetotwarty.us.edu.pl\/utw\/wp-content\/uploads\/sites\/15\/2025\/02\/person-228x300.png 228w\" sizes=\"(max-width: 440px) 100vw, 440px\" \/>\t\t\t\t\t\t\t\t\t\t\t\t\t\t\t<\/div>\n\t\t\t\t<\/div>\n\t\t\t\t<div class=\"elementor-element elementor-element-d1da8b2 elementor-widget elementor-widget-text-editor\" data-id=\"d1da8b2\" data-element_type=\"widget\" data-e-type=\"widget\" data-widget_type=\"text-editor.default\">\n\t\t\t\t<div class=\"elementor-widget-container\">\n\t\t\t\t\t\t\t\t\t<p><br \/>Miejska Biblioteka Publiczna Filia nr 2 \u201eMasn\u00f3wka\u201c<br \/>ul. Witczaka 3a<br \/>44-330 Jastrz\u0119bie-Zdr\u00f3j<br \/>wtorek i czwartek w godzinach 9.00-15.00, \u015broda 9.00-12.00<br \/>telefon kom\u00f3rkowy 507 658 496<\/p>\t\t\t\t\t\t\t\t<\/div>\n\t\t\t\t<\/div>\n\t\t\t\t\t<\/div>\n\t\t<\/div>\n\t\t\t\t\t<\/div>\n\t\t<\/section>\n\t\t\t\t<section class=\"elementor-section elementor-top-section elementor-element elementor-element-55fd78a elementor-section-boxed elementor-section-height-default elementor-section-height-default\" data-id=\"55fd78a\" data-element_type=\"section\" data-e-type=\"section\">\n\t\t\t\t\t\t<div class=\"elementor-container elementor-column-gap-default\">\n\t\t\t\t\t<div class=\"elementor-column elementor-col-100 elementor-top-column elementor-element elementor-element-daf9736\" data-id=\"daf9736\" data-element_type=\"column\" data-e-type=\"column\">\n\t\t\t<div class=\"elementor-widget-wrap elementor-element-populated\">\n\t\t\t\t\t\t<div class=\"elementor-element elementor-element-873b9c1 elementor-widget elementor-widget-spacer\" data-id=\"873b9c1\" data-element_type=\"widget\" data-e-type=\"widget\" data-widget_type=\"spacer.default\">\n\t\t\t\t<div class=\"elementor-widget-container\">\n\t\t\t\t\t\t\t<div class=\"elementor-spacer\">\n\t\t\t<div class=\"elementor-spacer-inner\"><\/div>\n\t\t<\/div>\n\t\t\t\t\t\t<\/div>\n\t\t\t\t<\/div>\n\t\t\t\t<div class=\"elementor-element elementor-element-84042bb elementor-widget elementor-widget-text-editor\" data-id=\"84042bb\" data-element_type=\"widget\" data-e-type=\"widget\" data-widget_type=\"text-editor.default\">\n\t\t\t\t<div class=\"elementor-widget-container\">\n\t\t\t\t\t\t\t\t\t<p>Informacje dotycz\u0105ce naszego UTW dost\u0119pne s\u0105 na stronach internetowych:\u00a0<a href=\"http:\/\/www.us.edu.pl\/\">Uniwersytetu \u015al\u0105skiego w Katowicach<\/a> <br \/>oraz\u00a0<a href=\"http:\/\/www.biblioteka.jastrzebie.pl\/\">Miejskiej Biblioteki Publicznej\u00a0<\/a>w Jastrz\u0119biu-Zdr\u00f3j<\/p><p><strong>Biuro:<\/strong><\/p><p>Miejskiej Biblioteki Publicznej Filii nr 2 \u201eMasn\u00f3wka\u201c<br \/>ul. Witczaka 3a<br \/>44-330 Jastrz\u0119bie-Zdr\u00f3j<br \/>(w Parku Zdrojowym)<br \/>wtorek i czwartek w godzinach 9.00-15.00<br \/>\u015broda 9.00-12.00<\/p><p>Dodatkowo za\u0142atwi\u0107 wszystkie sprawy, mo\u017cna tak\u017ce, zgodnie z um\u00f3wionymi specjalnie, wcze\u015bniej terminami.<\/p><p><strong>Telefon stacjonarny:<\/strong> 32 476 13 61 &#8211; prosi\u0107 z biurem UTW w budynku<br \/><strong>Telefon kom\u00f3rkowy (kontakt z Pani\u0105 Iren\u0105 Kempny)<\/strong> &#8211; 507 658 496<\/p><p><strong>Samorz\u0105d UTW (grupa Jastrz\u0119bie-Zdr\u00f3j)<\/strong>:<br \/>Dy\u017cury Samorz\u0105du Uniwersytetu Trzeciego Wieku odbywa\u0107 si\u0119 b\u0119d\u0105 w\u00a0dniach wyk\u0142ad\u00f3w (zgodnie z\u00a0planem)<br \/>w\u00a0godzinach 11:00-13:00<br \/>w\u00a0biurze samorz\u0105du w\u00a0budynku Sp\u00f3\u0142ki Brackiej, przy ulicy 1 Maja 61, sala 106.<br \/>(spotkania i\u00a0dy\u017cury samorz\u0105du obowi\u0105zuj\u0105 w\u00a0trakcie trwania zaj\u0119\u0107 w\u00a0roku akademickim oraz\u00a0dodatkowo po\u00a0wcze\u015bniejszym uzgodnieniu)<\/p><p><strong>Strona internetowa<\/strong>:\u00a0<a href=\"http:\/\/www.utw.us.edu.pl\/\">www.utw.us.edu.pl<\/a><\/p><p><strong>Poczta mailowa UTW w Jastrz\u0119biu-Zdroju<\/strong>:\u00a0<a href=\"mailto:jastrzebiezdroj.utw@gmail.com\">jastrzebiezdroj.utw@gmail.com<\/a><\/p><p><strong>Numer konta UTW:<\/strong>\u00a0<strong>\u00a0<\/strong>38 1050 1214 1000 0024 3019 4841<\/p>\t\t\t\t\t\t\t\t<\/div>\n\t\t\t\t<\/div>\n\t\t\t\t\t<\/div>\n\t\t<\/div>\n\t\t\t\t\t<\/div>\n\t\t<\/section>\n\t\t\t\t<section class=\"elementor-section elementor-top-section elementor-element elementor-element-5336ed8 elementor-section-boxed elementor-section-height-default elementor-section-height-default\" data-id=\"5336ed8\" data-element_type=\"section\" data-e-type=\"section\">\n\t\t\t\t\t\t<div class=\"elementor-container elementor-column-gap-default\">\n\t\t\t\t\t<div class=\"elementor-column elementor-col-100 elementor-top-column elementor-element elementor-element-632e524\" data-id=\"632e524\" data-element_type=\"column\" data-e-type=\"column\">\n\t\t\t<div class=\"elementor-widget-wrap\">\n\t\t\t\t\t\t\t<\/div>\n\t\t<\/div>\n\t\t\t\t\t<\/div>\n\t\t<\/section>\n\t\t\t\t<\/div>\n\t\t","protected":false},"excerpt":{"rendered":"<p>Opiekunem merytorycznym z ramieniaUniwersytetu \u015al\u0105skiego jest Prorektor ds. studenckich i kszta\u0142cenia dr Katarzyna Trynda, prof. U\u015a Funkcj\u0119 Koordynatorki Uniwersytetu Trzeciego Wieku pe\u0142ni&nbsp; dr Kornelia Batko, prof. U\u015a Pe\u0142nomocniczka ds. Polityki Senioralnej w Jastrz\u0119biu-Zdroju Krystyna Jurewicz Z Pani\u0105 Krystyn\u0105 Jurewicz mo\u017cna si\u0119 skontaktowa\u0107 telefonicznie pod numerem telefonu: 501 531 782, w ka\u017cdy wtorek i czwartek mi\u0119dzy [&hellip;]<\/p>\n","protected":false},"author":2,"featured_media":0,"parent":250,"menu_order":0,"comment_status":"closed","ping_status":"closed","template":"","meta":{"footnotes":""},"class_list":["post-408","page","type-page","status-publish","hentry"],"yoast_head":"<!-- This site is optimized with the Yoast SEO plugin v27.4 - https:\/\/yoast.com\/product\/yoast-seo-wordpress\/ -->\n<title>Kontakt - UTW<\/title>\n<meta name=\"robots\" content=\"noindex, follow, max-snippet:-1, max-image-preview:large, max-video-preview:-1\" \/>\n<meta property=\"og:locale\" content=\"pl_PL\" \/>\n<meta property=\"og:type\" content=\"article\" \/>\n<meta property=\"og:title\" content=\"Kontakt - UTW\" \/>\n<meta property=\"og:description\" content=\"Opiekunem merytorycznym z ramieniaUniwersytetu \u015al\u0105skiego jest Prorektor ds. studenckich i kszta\u0142cenia dr Katarzyna Trynda, prof. U\u015a Funkcj\u0119 Koordynatorki Uniwersytetu Trzeciego Wieku pe\u0142ni&nbsp; dr Kornelia Batko, prof. U\u015a Pe\u0142nomocniczka ds. Polityki Senioralnej w Jastrz\u0119biu-Zdroju Krystyna Jurewicz Z Pani\u0105 Krystyn\u0105 Jurewicz mo\u017cna si\u0119 skontaktowa\u0107 telefonicznie pod numerem telefonu: 501 531 782, w ka\u017cdy wtorek i czwartek mi\u0119dzy [&hellip;]\" \/>\n<meta property=\"og:url\" content=\"https:\/\/uniwersytetotwarty.us.edu.pl\/utw\/jastrzebie-zdroj\/kontakt\/\" \/>\n<meta property=\"og:site_name\" content=\"UTW\" \/>\n<meta property=\"article:modified_time\" content=\"2025-05-22T09:11:19+00:00\" \/>\n<meta property=\"og:image\" content=\"https:\/\/uniwersytetotwarty.us.edu.pl\/utw\/wp-content\/uploads\/sites\/15\/2025\/01\/Trynda-e1736777271681.jpg\" \/>\n\t<meta property=\"og:image:width\" content=\"500\" \/>\n\t<meta property=\"og:image:height\" content=\"500\" \/>\n\t<meta property=\"og:image:type\" content=\"image\/jpeg\" \/>\n<meta name=\"twitter:card\" content=\"summary_large_image\" \/>\n<meta name=\"twitter:label1\" content=\"Szacowany czas czytania\" \/>\n\t<meta name=\"twitter:data1\" content=\"3 minuty\" \/>\n<script type=\"application\/ld+json\" class=\"yoast-schema-graph\">{\"@context\":\"https:\\\/\\\/schema.org\",\"@graph\":[{\"@type\":\"WebPage\",\"@id\":\"https:\\\/\\\/uniwersytetotwarty.us.edu.pl\\\/utw\\\/jastrzebie-zdroj\\\/kontakt\\\/\",\"url\":\"https:\\\/\\\/uniwersytetotwarty.us.edu.pl\\\/utw\\\/jastrzebie-zdroj\\\/kontakt\\\/\",\"name\":\"Kontakt - UTW\",\"isPartOf\":{\"@id\":\"https:\\\/\\\/uniwersytetotwarty.us.edu.pl\\\/utw\\\/#website\"},\"primaryImageOfPage\":{\"@id\":\"https:\\\/\\\/uniwersytetotwarty.us.edu.pl\\\/utw\\\/jastrzebie-zdroj\\\/kontakt\\\/#primaryimage\"},\"image\":{\"@id\":\"https:\\\/\\\/uniwersytetotwarty.us.edu.pl\\\/utw\\\/jastrzebie-zdroj\\\/kontakt\\\/#primaryimage\"},\"thumbnailUrl\":\"https:\\\/\\\/uniwersytetotwarty.us.edu.pl\\\/utw\\\/wp-content\\\/uploads\\\/sites\\\/15\\\/2025\\\/01\\\/Trynda-e1736777271681-300x300.jpg\",\"datePublished\":\"2025-01-21T11:16:14+00:00\",\"dateModified\":\"2025-05-22T09:11:19+00:00\",\"breadcrumb\":{\"@id\":\"https:\\\/\\\/uniwersytetotwarty.us.edu.pl\\\/utw\\\/jastrzebie-zdroj\\\/kontakt\\\/#breadcrumb\"},\"inLanguage\":\"pl-PL\",\"potentialAction\":[{\"@type\":\"ReadAction\",\"target\":[\"https:\\\/\\\/uniwersytetotwarty.us.edu.pl\\\/utw\\\/jastrzebie-zdroj\\\/kontakt\\\/\"]}]},{\"@type\":\"ImageObject\",\"inLanguage\":\"pl-PL\",\"@id\":\"https:\\\/\\\/uniwersytetotwarty.us.edu.pl\\\/utw\\\/jastrzebie-zdroj\\\/kontakt\\\/#primaryimage\",\"url\":\"https:\\\/\\\/uniwersytetotwarty.us.edu.pl\\\/utw\\\/wp-content\\\/uploads\\\/sites\\\/15\\\/2025\\\/01\\\/Trynda-e1736777271681.jpg\",\"contentUrl\":\"https:\\\/\\\/uniwersytetotwarty.us.edu.pl\\\/utw\\\/wp-content\\\/uploads\\\/sites\\\/15\\\/2025\\\/01\\\/Trynda-e1736777271681.jpg\",\"width\":500,\"height\":500},{\"@type\":\"BreadcrumbList\",\"@id\":\"https:\\\/\\\/uniwersytetotwarty.us.edu.pl\\\/utw\\\/jastrzebie-zdroj\\\/kontakt\\\/#breadcrumb\",\"itemListElement\":[{\"@type\":\"ListItem\",\"position\":1,\"name\":\"UTW\",\"item\":\"https:\\\/\\\/uniwersytetotwarty.us.edu.pl\\\/utw\\\/\"},{\"@type\":\"ListItem\",\"position\":2,\"name\":\"Jastrz\u0119bie-Zdr\u00f3j\",\"item\":\"https:\\\/\\\/uniwersytetotwarty.us.edu.pl\\\/utw\\\/jastrzebie-zdroj\\\/\"},{\"@type\":\"ListItem\",\"position\":3,\"name\":\"Kontakt\"}]},{\"@type\":\"WebSite\",\"@id\":\"https:\\\/\\\/uniwersytetotwarty.us.edu.pl\\\/utw\\\/#website\",\"url\":\"https:\\\/\\\/uniwersytetotwarty.us.edu.pl\\\/utw\\\/\",\"name\":\"UTW\",\"description\":\"\",\"publisher\":{\"@id\":\"https:\\\/\\\/uniwersytetotwarty.us.edu.pl\\\/utw\\\/#organization\"},\"potentialAction\":[{\"@type\":\"SearchAction\",\"target\":{\"@type\":\"EntryPoint\",\"urlTemplate\":\"https:\\\/\\\/uniwersytetotwarty.us.edu.pl\\\/utw\\\/?s={search_term_string}\"},\"query-input\":{\"@type\":\"PropertyValueSpecification\",\"valueRequired\":true,\"valueName\":\"search_term_string\"}}],\"inLanguage\":\"pl-PL\"},{\"@type\":\"Organization\",\"@id\":\"https:\\\/\\\/uniwersytetotwarty.us.edu.pl\\\/utw\\\/#organization\",\"name\":\"Uniwersytet \u015al\u0105ski\",\"url\":\"https:\\\/\\\/uniwersytetotwarty.us.edu.pl\\\/utw\\\/\",\"logo\":{\"@type\":\"ImageObject\",\"inLanguage\":\"pl-PL\",\"@id\":\"https:\\\/\\\/uniwersytetotwarty.us.edu.pl\\\/utw\\\/#\\\/schema\\\/logo\\\/image\\\/\",\"url\":\"https:\\\/\\\/uniwersytetotwarty.us.edu.pl\\\/utw\\\/wp-content\\\/uploads\\\/sites\\\/15\\\/2023\\\/10\\\/US_UO-biale.png\",\"contentUrl\":\"https:\\\/\\\/uniwersytetotwarty.us.edu.pl\\\/utw\\\/wp-content\\\/uploads\\\/sites\\\/15\\\/2023\\\/10\\\/US_UO-biale.png\",\"width\":1923,\"height\":326,\"caption\":\"Uniwersytet \u015al\u0105ski\"},\"image\":{\"@id\":\"https:\\\/\\\/uniwersytetotwarty.us.edu.pl\\\/utw\\\/#\\\/schema\\\/logo\\\/image\\\/\"}}]}<\/script>\n<!-- \/ Yoast SEO plugin. -->","yoast_head_json":{"title":"Kontakt - UTW","robots":{"index":"noindex","follow":"follow","max-snippet":"max-snippet:-1","max-image-preview":"max-image-preview:large","max-video-preview":"max-video-preview:-1"},"og_locale":"pl_PL","og_type":"article","og_title":"Kontakt - UTW","og_description":"Opiekunem merytorycznym z ramieniaUniwersytetu \u015al\u0105skiego jest Prorektor ds. studenckich i kszta\u0142cenia dr Katarzyna Trynda, prof. U\u015a Funkcj\u0119 Koordynatorki Uniwersytetu Trzeciego Wieku pe\u0142ni&nbsp; dr Kornelia Batko, prof. U\u015a Pe\u0142nomocniczka ds. Polityki Senioralnej w Jastrz\u0119biu-Zdroju Krystyna Jurewicz Z Pani\u0105 Krystyn\u0105 Jurewicz mo\u017cna si\u0119 skontaktowa\u0107 telefonicznie pod numerem telefonu: 501 531 782, w ka\u017cdy wtorek i czwartek mi\u0119dzy [&hellip;]","og_url":"https:\/\/uniwersytetotwarty.us.edu.pl\/utw\/jastrzebie-zdroj\/kontakt\/","og_site_name":"UTW","article_modified_time":"2025-05-22T09:11:19+00:00","og_image":[{"width":500,"height":500,"url":"https:\/\/uniwersytetotwarty.us.edu.pl\/utw\/wp-content\/uploads\/sites\/15\/2025\/01\/Trynda-e1736777271681.jpg","type":"image\/jpeg"}],"twitter_card":"summary_large_image","twitter_misc":{"Szacowany czas czytania":"3 minuty"},"schema":{"@context":"https:\/\/schema.org","@graph":[{"@type":"WebPage","@id":"https:\/\/uniwersytetotwarty.us.edu.pl\/utw\/jastrzebie-zdroj\/kontakt\/","url":"https:\/\/uniwersytetotwarty.us.edu.pl\/utw\/jastrzebie-zdroj\/kontakt\/","name":"Kontakt - UTW","isPartOf":{"@id":"https:\/\/uniwersytetotwarty.us.edu.pl\/utw\/#website"},"primaryImageOfPage":{"@id":"https:\/\/uniwersytetotwarty.us.edu.pl\/utw\/jastrzebie-zdroj\/kontakt\/#primaryimage"},"image":{"@id":"https:\/\/uniwersytetotwarty.us.edu.pl\/utw\/jastrzebie-zdroj\/kontakt\/#primaryimage"},"thumbnailUrl":"https:\/\/uniwersytetotwarty.us.edu.pl\/utw\/wp-content\/uploads\/sites\/15\/2025\/01\/Trynda-e1736777271681-300x300.jpg","datePublished":"2025-01-21T11:16:14+00:00","dateModified":"2025-05-22T09:11:19+00:00","breadcrumb":{"@id":"https:\/\/uniwersytetotwarty.us.edu.pl\/utw\/jastrzebie-zdroj\/kontakt\/#breadcrumb"},"inLanguage":"pl-PL","potentialAction":[{"@type":"ReadAction","target":["https:\/\/uniwersytetotwarty.us.edu.pl\/utw\/jastrzebie-zdroj\/kontakt\/"]}]},{"@type":"ImageObject","inLanguage":"pl-PL","@id":"https:\/\/uniwersytetotwarty.us.edu.pl\/utw\/jastrzebie-zdroj\/kontakt\/#primaryimage","url":"https:\/\/uniwersytetotwarty.us.edu.pl\/utw\/wp-content\/uploads\/sites\/15\/2025\/01\/Trynda-e1736777271681.jpg","contentUrl":"https:\/\/uniwersytetotwarty.us.edu.pl\/utw\/wp-content\/uploads\/sites\/15\/2025\/01\/Trynda-e1736777271681.jpg","width":500,"height":500},{"@type":"BreadcrumbList","@id":"https:\/\/uniwersytetotwarty.us.edu.pl\/utw\/jastrzebie-zdroj\/kontakt\/#breadcrumb","itemListElement":[{"@type":"ListItem","position":1,"name":"UTW","item":"https:\/\/uniwersytetotwarty.us.edu.pl\/utw\/"},{"@type":"ListItem","position":2,"name":"Jastrz\u0119bie-Zdr\u00f3j","item":"https:\/\/uniwersytetotwarty.us.edu.pl\/utw\/jastrzebie-zdroj\/"},{"@type":"ListItem","position":3,"name":"Kontakt"}]},{"@type":"WebSite","@id":"https:\/\/uniwersytetotwarty.us.edu.pl\/utw\/#website","url":"https:\/\/uniwersytetotwarty.us.edu.pl\/utw\/","name":"UTW","description":"","publisher":{"@id":"https:\/\/uniwersytetotwarty.us.edu.pl\/utw\/#organization"},"potentialAction":[{"@type":"SearchAction","target":{"@type":"EntryPoint","urlTemplate":"https:\/\/uniwersytetotwarty.us.edu.pl\/utw\/?s={search_term_string}"},"query-input":{"@type":"PropertyValueSpecification","valueRequired":true,"valueName":"search_term_string"}}],"inLanguage":"pl-PL"},{"@type":"Organization","@id":"https:\/\/uniwersytetotwarty.us.edu.pl\/utw\/#organization","name":"Uniwersytet \u015al\u0105ski","url":"https:\/\/uniwersytetotwarty.us.edu.pl\/utw\/","logo":{"@type":"ImageObject","inLanguage":"pl-PL","@id":"https:\/\/uniwersytetotwarty.us.edu.pl\/utw\/#\/schema\/logo\/image\/","url":"https:\/\/uniwersytetotwarty.us.edu.pl\/utw\/wp-content\/uploads\/sites\/15\/2023\/10\/US_UO-biale.png","contentUrl":"https:\/\/uniwersytetotwarty.us.edu.pl\/utw\/wp-content\/uploads\/sites\/15\/2023\/10\/US_UO-biale.png","width":1923,"height":326,"caption":"Uniwersytet \u015al\u0105ski"},"image":{"@id":"https:\/\/uniwersytetotwarty.us.edu.pl\/utw\/#\/schema\/logo\/image\/"}}]}},"_links":{"self":[{"href":"https:\/\/uniwersytetotwarty.us.edu.pl\/utw\/wp-json\/wp\/v2\/pages\/408","targetHints":{"allow":["GET"]}}],"collection":[{"href":"https:\/\/uniwersytetotwarty.us.edu.pl\/utw\/wp-json\/wp\/v2\/pages"}],"about":[{"href":"https:\/\/uniwersytetotwarty.us.edu.pl\/utw\/wp-json\/wp\/v2\/types\/page"}],"author":[{"embeddable":true,"href":"https:\/\/uniwersytetotwarty.us.edu.pl\/utw\/wp-json\/wp\/v2\/users\/2"}],"replies":[{"embeddable":true,"href":"https:\/\/uniwersytetotwarty.us.edu.pl\/utw\/wp-json\/wp\/v2\/comments?post=408"}],"version-history":[{"count":10,"href":"https:\/\/uniwersytetotwarty.us.edu.pl\/utw\/wp-json\/wp\/v2\/pages\/408\/revisions"}],"predecessor-version":[{"id":8991,"href":"https:\/\/uniwersytetotwarty.us.edu.pl\/utw\/wp-json\/wp\/v2\/pages\/408\/revisions\/8991"}],"up":[{"embeddable":true,"href":"https:\/\/uniwersytetotwarty.us.edu.pl\/utw\/wp-json\/wp\/v2\/pages\/250"}],"wp:attachment":[{"href":"https:\/\/uniwersytetotwarty.us.edu.pl\/utw\/wp-json\/wp\/v2\/media?parent=408"}],"curies":[{"name":"wp","href":"https:\/\/api.w.org\/{rel}","templated":true}]}}