{"id":402,"date":"2025-01-21T12:08:19","date_gmt":"2025-01-21T11:08:19","guid":{"rendered":"https:\/\/uniwersytetotwarty.us.edu.pl\/utw\/?page_id=402"},"modified":"2025-04-07T12:54:51","modified_gmt":"2025-04-07T10:54:51","slug":"zajecia","status":"publish","type":"page","link":"https:\/\/uniwersytetotwarty.us.edu.pl\/utw\/jastrzebie-zdroj\/zajecia\/","title":{"rendered":"Zaj\u0119cia"},"content":{"rendered":"\t\t<div data-elementor-type=\"wp-page\" data-elementor-id=\"402\" class=\"elementor elementor-402\" data-elementor-post-type=\"page\">\n\t\t\t\t\t\t<section class=\"elementor-section elementor-top-section elementor-element elementor-element-8c38704 elementor-section-boxed elementor-section-height-default elementor-section-height-default\" data-id=\"8c38704\" data-element_type=\"section\" data-e-type=\"section\">\n\t\t\t\t\t\t<div class=\"elementor-container elementor-column-gap-default\">\n\t\t\t\t\t<div class=\"elementor-column elementor-col-100 elementor-top-column elementor-element elementor-element-2d89671\" data-id=\"2d89671\" data-element_type=\"column\" data-e-type=\"column\">\n\t\t\t<div class=\"elementor-widget-wrap elementor-element-populated\">\n\t\t\t\t\t\t<div class=\"elementor-element elementor-element-e366069 elementor-widget elementor-widget-text-editor\" data-id=\"e366069\" data-element_type=\"widget\" data-e-type=\"widget\" data-widget_type=\"text-editor.default\">\n\t\t\t\t<div class=\"elementor-widget-container\">\n\t\t\t\t\t\t\t\t\t<p><u>ZAJ\u0118CIA ODBYWAJACE SI\u0118 W UNIWERSYTECIE TRZECIEGO WIEKU \u2013 GRUPA W JASTRZ\u0118BIU-ZDROJU<\/u><\/p><p><strong>COTYGODNIOWE WYK\u0141ADY W DW\u00d3CH GRUPACH WYK\u0141ADOWYCH, ZGODNIE Z HARMONOGRAMEM WYK\u0141AD\u00d3W.<\/strong><\/p><p>I- GRUPA 13.30-14.30; <br \/>II- GRUPA 15.00-16.00<\/p><p>Sala Domu Zdrojowego, ul. Witczaka 5,\u00a0 Jastrz\u0119bie-Zdr\u00f3j<\/p><p><strong><br \/>LEKTORAT Z J\u0118ZYKA ANGIELSKIEGO.<\/strong><\/p><p>Wtorki \u2013 12.00-15.30<br \/>Czwartki \u2013 12.00-15.30<\/p><p>Zaj\u0119cia w poszczeg\u00f3lnych grupach, odbywaj\u0105 si\u0119\u00a0 w zale\u017cno\u015bci od poziomu zaawansowania uczestnik\u00f3w.<\/p><p>Budynek MBP w Jastrz\u0119biu-Zdroju. ul. Witczaka 3a, Jastrz\u0119bie-Zdr\u00f3j<\/p><p>\u00a0<\/p><p><strong>\u0106WICZENIA Z OBS\u0141UGI KOMPUTERA<\/strong><\/p><p>\u015arody \u2013 8.00-14.00<\/p><p>Zaj\u0119cia w poszczeg\u00f3lnych grupach, zgodnie z ustalonymi terminami spotka\u0144.<\/p><p>Budynek MBP w Jastrz\u0119biu-Zdroju. ul. Witczaka 3a, Jastrz\u0119bie-Zdr\u00f3j<\/p><p>\u00a0<\/p><p><strong>NAUKA TA\u0143CA LINIOWEGO<\/strong><\/p><p>Poniedzia\u0142ki \u2013 9.00-10.30<\/p><p>Sala lustrzana Domu Zdrojowego, ul. Witczaka 5,\u00a0 Jastrz\u0119bie-Zdr\u00f3j<\/p><p>\u00a0<\/p><p><strong>DIETETYKA<\/strong><\/p><p>\u015arody \u2013 12.00<\/p><p>Sala lustrzana Domu Zdrojowego, ul. Witczaka 5,\u00a0 Jastrz\u0119bie-Zdr\u00f3j<\/p><p>\u00a0<\/p><p><strong>PLASTYKA<\/strong><\/p><p>Czwartki \u2013 10.00- 12.30<\/p><p>Budynek Sp\u00f3\u0142ki Brackiej, ul. 1 Maja 61, Jastrz\u0119bie-Zdr\u00f3j, s.106<\/p><p>\u00a0<\/p><p><strong>TEATR \u201eFANTAZJA\u201d<\/strong><\/p><p>Pi\u0105tki \u2013 15.00-17.00<\/p><p>Budynek Sp\u00f3\u0142ki Brackiej, ul. 1 Maja 61, Jastrz\u0119bie-Zdr\u00f3j, s.106<\/p>\t\t\t\t\t\t\t\t<\/div>\n\t\t\t\t<\/div>\n\t\t\t\t\t<\/div>\n\t\t<\/div>\n\t\t\t\t\t<\/div>\n\t\t<\/section>\n\t\t\t\t<\/div>\n\t\t","protected":false},"excerpt":{"rendered":"<p>ZAJ\u0118CIA ODBYWAJACE SI\u0118 W UNIWERSYTECIE TRZECIEGO WIEKU \u2013 GRUPA W JASTRZ\u0118BIU-ZDROJU COTYGODNIOWE WYK\u0141ADY W DW\u00d3CH GRUPACH WYK\u0141ADOWYCH, ZGODNIE Z HARMONOGRAMEM WYK\u0141AD\u00d3W. I- GRUPA 13.30-14.30; II- GRUPA 15.00-16.00 Sala Domu Zdrojowego, ul. Witczaka 5,\u00a0 Jastrz\u0119bie-Zdr\u00f3j LEKTORAT Z J\u0118ZYKA ANGIELSKIEGO. Wtorki \u2013 12.00-15.30Czwartki \u2013 12.00-15.30 Zaj\u0119cia w poszczeg\u00f3lnych grupach, odbywaj\u0105 si\u0119\u00a0 w zale\u017cno\u015bci od poziomu zaawansowania uczestnik\u00f3w. [&hellip;]<\/p>\n","protected":false},"author":2,"featured_media":0,"parent":250,"menu_order":0,"comment_status":"closed","ping_status":"closed","template":"","meta":{"footnotes":""},"class_list":["post-402","page","type-page","status-publish","hentry"],"yoast_head":"<!-- This site is optimized with the Yoast SEO plugin v27.4 - https:\/\/yoast.com\/product\/yoast-seo-wordpress\/ -->\n<title>Zaj\u0119cia - UTW<\/title>\n<meta name=\"robots\" content=\"noindex, follow, max-snippet:-1, max-image-preview:large, max-video-preview:-1\" \/>\n<meta property=\"og:locale\" content=\"pl_PL\" \/>\n<meta property=\"og:type\" content=\"article\" \/>\n<meta property=\"og:title\" content=\"Zaj\u0119cia - UTW\" \/>\n<meta property=\"og:description\" content=\"ZAJ\u0118CIA ODBYWAJACE SI\u0118 W UNIWERSYTECIE TRZECIEGO WIEKU \u2013 GRUPA W JASTRZ\u0118BIU-ZDROJU COTYGODNIOWE WYK\u0141ADY W DW\u00d3CH GRUPACH WYK\u0141ADOWYCH, ZGODNIE Z HARMONOGRAMEM WYK\u0141AD\u00d3W. I- GRUPA 13.30-14.30; II- GRUPA 15.00-16.00 Sala Domu Zdrojowego, ul. Witczaka 5,\u00a0 Jastrz\u0119bie-Zdr\u00f3j LEKTORAT Z J\u0118ZYKA ANGIELSKIEGO. Wtorki \u2013 12.00-15.30Czwartki \u2013 12.00-15.30 Zaj\u0119cia w poszczeg\u00f3lnych grupach, odbywaj\u0105 si\u0119\u00a0 w zale\u017cno\u015bci od poziomu zaawansowania uczestnik\u00f3w. [&hellip;]\" \/>\n<meta property=\"og:url\" content=\"https:\/\/uniwersytetotwarty.us.edu.pl\/utw\/jastrzebie-zdroj\/zajecia\/\" \/>\n<meta property=\"og:site_name\" content=\"UTW\" \/>\n<meta property=\"article:modified_time\" content=\"2025-04-07T10:54:51+00:00\" \/>\n<meta name=\"twitter:card\" content=\"summary_large_image\" \/>\n<meta name=\"twitter:label1\" content=\"Szacowany czas czytania\" \/>\n\t<meta name=\"twitter:data1\" content=\"1 minuta\" \/>\n<script type=\"application\/ld+json\" class=\"yoast-schema-graph\">{\"@context\":\"https:\\\/\\\/schema.org\",\"@graph\":[{\"@type\":\"WebPage\",\"@id\":\"https:\\\/\\\/uniwersytetotwarty.us.edu.pl\\\/utw\\\/jastrzebie-zdroj\\\/zajecia\\\/\",\"url\":\"https:\\\/\\\/uniwersytetotwarty.us.edu.pl\\\/utw\\\/jastrzebie-zdroj\\\/zajecia\\\/\",\"name\":\"Zaj\u0119cia - UTW\",\"isPartOf\":{\"@id\":\"https:\\\/\\\/uniwersytetotwarty.us.edu.pl\\\/utw\\\/#website\"},\"datePublished\":\"2025-01-21T11:08:19+00:00\",\"dateModified\":\"2025-04-07T10:54:51+00:00\",\"breadcrumb\":{\"@id\":\"https:\\\/\\\/uniwersytetotwarty.us.edu.pl\\\/utw\\\/jastrzebie-zdroj\\\/zajecia\\\/#breadcrumb\"},\"inLanguage\":\"pl-PL\",\"potentialAction\":[{\"@type\":\"ReadAction\",\"target\":[\"https:\\\/\\\/uniwersytetotwarty.us.edu.pl\\\/utw\\\/jastrzebie-zdroj\\\/zajecia\\\/\"]}]},{\"@type\":\"BreadcrumbList\",\"@id\":\"https:\\\/\\\/uniwersytetotwarty.us.edu.pl\\\/utw\\\/jastrzebie-zdroj\\\/zajecia\\\/#breadcrumb\",\"itemListElement\":[{\"@type\":\"ListItem\",\"position\":1,\"name\":\"UTW\",\"item\":\"https:\\\/\\\/uniwersytetotwarty.us.edu.pl\\\/utw\\\/\"},{\"@type\":\"ListItem\",\"position\":2,\"name\":\"Jastrz\u0119bie-Zdr\u00f3j\",\"item\":\"https:\\\/\\\/uniwersytetotwarty.us.edu.pl\\\/utw\\\/jastrzebie-zdroj\\\/\"},{\"@type\":\"ListItem\",\"position\":3,\"name\":\"Zaj\u0119cia\"}]},{\"@type\":\"WebSite\",\"@id\":\"https:\\\/\\\/uniwersytetotwarty.us.edu.pl\\\/utw\\\/#website\",\"url\":\"https:\\\/\\\/uniwersytetotwarty.us.edu.pl\\\/utw\\\/\",\"name\":\"UTW\",\"description\":\"\",\"publisher\":{\"@id\":\"https:\\\/\\\/uniwersytetotwarty.us.edu.pl\\\/utw\\\/#organization\"},\"potentialAction\":[{\"@type\":\"SearchAction\",\"target\":{\"@type\":\"EntryPoint\",\"urlTemplate\":\"https:\\\/\\\/uniwersytetotwarty.us.edu.pl\\\/utw\\\/?s={search_term_string}\"},\"query-input\":{\"@type\":\"PropertyValueSpecification\",\"valueRequired\":true,\"valueName\":\"search_term_string\"}}],\"inLanguage\":\"pl-PL\"},{\"@type\":\"Organization\",\"@id\":\"https:\\\/\\\/uniwersytetotwarty.us.edu.pl\\\/utw\\\/#organization\",\"name\":\"Uniwersytet \u015al\u0105ski\",\"url\":\"https:\\\/\\\/uniwersytetotwarty.us.edu.pl\\\/utw\\\/\",\"logo\":{\"@type\":\"ImageObject\",\"inLanguage\":\"pl-PL\",\"@id\":\"https:\\\/\\\/uniwersytetotwarty.us.edu.pl\\\/utw\\\/#\\\/schema\\\/logo\\\/image\\\/\",\"url\":\"https:\\\/\\\/uniwersytetotwarty.us.edu.pl\\\/utw\\\/wp-content\\\/uploads\\\/sites\\\/15\\\/2023\\\/10\\\/US_UO-biale.png\",\"contentUrl\":\"https:\\\/\\\/uniwersytetotwarty.us.edu.pl\\\/utw\\\/wp-content\\\/uploads\\\/sites\\\/15\\\/2023\\\/10\\\/US_UO-biale.png\",\"width\":1923,\"height\":326,\"caption\":\"Uniwersytet \u015al\u0105ski\"},\"image\":{\"@id\":\"https:\\\/\\\/uniwersytetotwarty.us.edu.pl\\\/utw\\\/#\\\/schema\\\/logo\\\/image\\\/\"}}]}<\/script>\n<!-- \/ Yoast SEO plugin. -->","yoast_head_json":{"title":"Zaj\u0119cia - UTW","robots":{"index":"noindex","follow":"follow","max-snippet":"max-snippet:-1","max-image-preview":"max-image-preview:large","max-video-preview":"max-video-preview:-1"},"og_locale":"pl_PL","og_type":"article","og_title":"Zaj\u0119cia - UTW","og_description":"ZAJ\u0118CIA ODBYWAJACE SI\u0118 W UNIWERSYTECIE TRZECIEGO WIEKU \u2013 GRUPA W JASTRZ\u0118BIU-ZDROJU COTYGODNIOWE WYK\u0141ADY W DW\u00d3CH GRUPACH WYK\u0141ADOWYCH, ZGODNIE Z HARMONOGRAMEM WYK\u0141AD\u00d3W. I- GRUPA 13.30-14.30; II- GRUPA 15.00-16.00 Sala Domu Zdrojowego, ul. Witczaka 5,\u00a0 Jastrz\u0119bie-Zdr\u00f3j LEKTORAT Z J\u0118ZYKA ANGIELSKIEGO. Wtorki \u2013 12.00-15.30Czwartki \u2013 12.00-15.30 Zaj\u0119cia w poszczeg\u00f3lnych grupach, odbywaj\u0105 si\u0119\u00a0 w zale\u017cno\u015bci od poziomu zaawansowania uczestnik\u00f3w. [&hellip;]","og_url":"https:\/\/uniwersytetotwarty.us.edu.pl\/utw\/jastrzebie-zdroj\/zajecia\/","og_site_name":"UTW","article_modified_time":"2025-04-07T10:54:51+00:00","twitter_card":"summary_large_image","twitter_misc":{"Szacowany czas czytania":"1 minuta"},"schema":{"@context":"https:\/\/schema.org","@graph":[{"@type":"WebPage","@id":"https:\/\/uniwersytetotwarty.us.edu.pl\/utw\/jastrzebie-zdroj\/zajecia\/","url":"https:\/\/uniwersytetotwarty.us.edu.pl\/utw\/jastrzebie-zdroj\/zajecia\/","name":"Zaj\u0119cia - UTW","isPartOf":{"@id":"https:\/\/uniwersytetotwarty.us.edu.pl\/utw\/#website"},"datePublished":"2025-01-21T11:08:19+00:00","dateModified":"2025-04-07T10:54:51+00:00","breadcrumb":{"@id":"https:\/\/uniwersytetotwarty.us.edu.pl\/utw\/jastrzebie-zdroj\/zajecia\/#breadcrumb"},"inLanguage":"pl-PL","potentialAction":[{"@type":"ReadAction","target":["https:\/\/uniwersytetotwarty.us.edu.pl\/utw\/jastrzebie-zdroj\/zajecia\/"]}]},{"@type":"BreadcrumbList","@id":"https:\/\/uniwersytetotwarty.us.edu.pl\/utw\/jastrzebie-zdroj\/zajecia\/#breadcrumb","itemListElement":[{"@type":"ListItem","position":1,"name":"UTW","item":"https:\/\/uniwersytetotwarty.us.edu.pl\/utw\/"},{"@type":"ListItem","position":2,"name":"Jastrz\u0119bie-Zdr\u00f3j","item":"https:\/\/uniwersytetotwarty.us.edu.pl\/utw\/jastrzebie-zdroj\/"},{"@type":"ListItem","position":3,"name":"Zaj\u0119cia"}]},{"@type":"WebSite","@id":"https:\/\/uniwersytetotwarty.us.edu.pl\/utw\/#website","url":"https:\/\/uniwersytetotwarty.us.edu.pl\/utw\/","name":"UTW","description":"","publisher":{"@id":"https:\/\/uniwersytetotwarty.us.edu.pl\/utw\/#organization"},"potentialAction":[{"@type":"SearchAction","target":{"@type":"EntryPoint","urlTemplate":"https:\/\/uniwersytetotwarty.us.edu.pl\/utw\/?s={search_term_string}"},"query-input":{"@type":"PropertyValueSpecification","valueRequired":true,"valueName":"search_term_string"}}],"inLanguage":"pl-PL"},{"@type":"Organization","@id":"https:\/\/uniwersytetotwarty.us.edu.pl\/utw\/#organization","name":"Uniwersytet \u015al\u0105ski","url":"https:\/\/uniwersytetotwarty.us.edu.pl\/utw\/","logo":{"@type":"ImageObject","inLanguage":"pl-PL","@id":"https:\/\/uniwersytetotwarty.us.edu.pl\/utw\/#\/schema\/logo\/image\/","url":"https:\/\/uniwersytetotwarty.us.edu.pl\/utw\/wp-content\/uploads\/sites\/15\/2023\/10\/US_UO-biale.png","contentUrl":"https:\/\/uniwersytetotwarty.us.edu.pl\/utw\/wp-content\/uploads\/sites\/15\/2023\/10\/US_UO-biale.png","width":1923,"height":326,"caption":"Uniwersytet \u015al\u0105ski"},"image":{"@id":"https:\/\/uniwersytetotwarty.us.edu.pl\/utw\/#\/schema\/logo\/image\/"}}]}},"_links":{"self":[{"href":"https:\/\/uniwersytetotwarty.us.edu.pl\/utw\/wp-json\/wp\/v2\/pages\/402","targetHints":{"allow":["GET"]}}],"collection":[{"href":"https:\/\/uniwersytetotwarty.us.edu.pl\/utw\/wp-json\/wp\/v2\/pages"}],"about":[{"href":"https:\/\/uniwersytetotwarty.us.edu.pl\/utw\/wp-json\/wp\/v2\/types\/page"}],"author":[{"embeddable":true,"href":"https:\/\/uniwersytetotwarty.us.edu.pl\/utw\/wp-json\/wp\/v2\/users\/2"}],"replies":[{"embeddable":true,"href":"https:\/\/uniwersytetotwarty.us.edu.pl\/utw\/wp-json\/wp\/v2\/comments?post=402"}],"version-history":[{"count":4,"href":"https:\/\/uniwersytetotwarty.us.edu.pl\/utw\/wp-json\/wp\/v2\/pages\/402\/revisions"}],"predecessor-version":[{"id":7928,"href":"https:\/\/uniwersytetotwarty.us.edu.pl\/utw\/wp-json\/wp\/v2\/pages\/402\/revisions\/7928"}],"up":[{"embeddable":true,"href":"https:\/\/uniwersytetotwarty.us.edu.pl\/utw\/wp-json\/wp\/v2\/pages\/250"}],"wp:attachment":[{"href":"https:\/\/uniwersytetotwarty.us.edu.pl\/utw\/wp-json\/wp\/v2\/media?parent=402"}],"curies":[{"name":"wp","href":"https:\/\/api.w.org\/{rel}","templated":true}]}}