{"id":398,"date":"2025-01-21T12:07:30","date_gmt":"2025-01-21T11:07:30","guid":{"rendered":"https:\/\/uniwersytetotwarty.us.edu.pl\/utw\/?page_id=398"},"modified":"2025-04-07T13:24:56","modified_gmt":"2025-04-07T11:24:56","slug":"zapisy-do-utw","status":"publish","type":"page","link":"https:\/\/uniwersytetotwarty.us.edu.pl\/utw\/jastrzebie-zdroj\/zapisy-do-utw\/","title":{"rendered":"Zapisy do UTW"},"content":{"rendered":"\t\t<div data-elementor-type=\"wp-page\" data-elementor-id=\"398\" class=\"elementor elementor-398\" data-elementor-post-type=\"page\">\n\t\t\t\t\t\t<section class=\"elementor-section elementor-top-section elementor-element elementor-element-3c0dd05 elementor-section-boxed elementor-section-height-default elementor-section-height-default\" data-id=\"3c0dd05\" data-element_type=\"section\" data-e-type=\"section\">\n\t\t\t\t\t\t<div class=\"elementor-container elementor-column-gap-default\">\n\t\t\t\t\t<div class=\"elementor-column elementor-col-100 elementor-top-column elementor-element elementor-element-d376bb6\" data-id=\"d376bb6\" data-element_type=\"column\" data-e-type=\"column\">\n\t\t\t<div class=\"elementor-widget-wrap elementor-element-populated\">\n\t\t\t\t\t\t<div class=\"elementor-element elementor-element-ddcfbb2 elementor-widget elementor-widget-text-editor\" data-id=\"ddcfbb2\" data-element_type=\"widget\" data-e-type=\"widget\" data-widget_type=\"text-editor.default\">\n\t\t\t\t<div class=\"elementor-widget-container\">\n\t\t\t\t\t\t\t\t\t<p><strong>REKRUTACJA <\/strong><br \/><strong>NA ROK AKADEMICKI 2025\/2026<\/strong><br \/><strong>UNIWERSYTET TRZECIEGO WIEKU W UNIWERSYTECIE \u015aL\u0104SKIM<\/strong><br \/><strong>Grupa w Jastrz\u0119biu-Zdroju<\/strong><\/p><p>Prowadzi\u0107 b\u0119dziemy zapisy do Uniwersytetu Trzeciego Wieku. Osoby ch\u0119tne, kt\u00f3re chcia\u0142yby uczestniczy\u0107 w naszych zaj\u0119ciach: wyk\u0142adach, grupach zainteresowa\u0144, lektoracie (j\u0119zyk angielski), \u0107wiczeniach z informatyki (obs\u0142ugi komputera), \u0107wiczeniach gimnastycznych (og\u00f3lnousprawniaj\u0105cych i zdrowotnych), wyjazdach naukowych, wydarzeniach kulturalnych oraz imprezach okoliczno\u015bciowych organizowanych przez UTW-<\/p><p>SERDECZNIE ZAPRASZAMY! I ZACH\u0118CAMY <u>NASZYCH SENIOR\u00d3W<\/u> DO AKTYWNEGO TRYBU \u017bYCIA I EDUKACJI USTAWICZNEJ.\u00a0<\/p><p><br \/>SZANOWNI KANDYDACI <br \/>ORAZ S\u0141UCHACZE!<br \/>ZAPISY DO UNIWERSYTETU TRZECIEGO WIEKU <br \/><strong>ROZPOCZN\u0104 SI\u0118 W MIESI\u0104CU WRZE\u015aNIU <\/strong><br \/><strong>I B\u0118D\u0104 TRWA\u0141Y DO KO\u0143CA PA\u0179DZIERNIKA 2025 ROKU.<\/strong><\/p><p><strong>WYMAGANE DOKUMENTY:<\/strong><br \/>&#8211; <strong>KWESTIONARIUSZ DANYCH, KLAUZULA RODO<\/strong> (dost\u0119pne w chwili zapisu)<br \/>&#8211; <strong>2 ZDJ\u0118CIA LEGITYMACYJNE<\/strong> (opisane z ty\u0142u: imi\u0119 i nazwisko, data urodzenia)<br \/>&#8211; <strong>DOKUMENT TO\u017bSAMO\u015aCI DO WGL\u0104DU<\/strong><br \/>&#8211; <strong>DOKONANIE OP\u0141AT<\/strong> (LEGITYMACYJNEJ, WPISOWEGO)<\/p><p>Op\u0142aty wpisowej dokonujemy <strong>got\u00f3wk\u0105<\/strong> podczas zapisu w biurze UTW.<\/p><p>S\u0141UCHACZE OBECNI UISZCZAJ\u0104C OP\u0141AT\u0118 WPISOW\u0104, PRZYNOSZ\u0104 ZE SOB\u0104 LEGITYMACJ\u0118 S\u0141UCHACZA UTW.<\/p><p><u>Przyjmowanie\u00a0 os\u00f3b ch\u0119tnych do uczestnictwa <\/u><u>w naszym UTW oraz za\u0142atwianie spraw i zapis\u00f3w ju\u017c obecnych s\u0142uchaczy, <br \/>odbywa si\u0119 <\/u><u>w nast\u0119puj\u0105cych dniach oraz miejscach.<\/u><\/p><p><strong>&#8211; dy\u017cury we wrze\u015bniu 2025 r.<\/strong> &#8211; <br \/>\u015brody w godzinach 10:00-14:00, biuro samorz\u0105du w budynku Sp\u00f3\u0142ki Brackiej przy ulicy 1 Maja 61, sala 106.<\/p><p><strong>&#8211; \u015brody (dni wyk\u0142ad\u00f3w)<\/strong>, <br \/>w godzinach 11:00-13:00 w biurze samorz\u0105du w budynku Sp\u00f3\u0142ki Brackiej, przy ulicy 1 Maja 61, sala 106.<br \/>(spotkania i dy\u017cury samorz\u0105du obowi\u0105zuj\u0105 w trakcie trwania zaj\u0119\u0107 w roku akademickim)<\/p><p>Dodatkowo za\u0142atwi\u0107 wszystkie sprawy oraz z\u0142o\u017cy\u0107 dokumenty, mo\u017cna tak\u017ce zgodnie z um\u00f3wionymi specjalnie, wcze\u015bniej terminami<br \/>oraz <br \/><strong>&#8211; wtorek i czwartek w godzinach 9:00-15:00<\/strong><br \/><strong>\u015broda 9.00-12.00<\/strong><br \/>w budynku Miejskiej Biblioteki Publicznej Filii nr 2 \u201eMasn\u00f3wce\u201d, przy ulicy Witczaka 3a (w Parku Zdrojowym).<\/p><p>Udzielanie szczeg\u00f3\u0142owych informacji dotycz\u0105cych UTW oraz zapisy do grup z lektoratu, informatycznych, gimnastycznych, ta\u0144ca liniowego, teatralnej, plastycznej czy zaj\u0119\u0107 z dietetyki i innych, prowadzone b\u0119d\u0105 w trakcie zapisywania si\u0119 do naszej organizacji. W sprawach zapisu oraz innych, \u00a0prosimy (je\u017celi jest to mo\u017cliwe), o wcze\u015bniejszy kontakt telefoniczny pod numerem 507658496 lub 32 4761361 (prosi\u0107 z biurem UTW).<\/p><p>\u00a0<\/p>\t\t\t\t\t\t\t\t<\/div>\n\t\t\t\t<\/div>\n\t\t\t\t\t<\/div>\n\t\t<\/div>\n\t\t\t\t\t<\/div>\n\t\t<\/section>\n\t\t\t\t<\/div>\n\t\t","protected":false},"excerpt":{"rendered":"<p>REKRUTACJA NA ROK AKADEMICKI 2025\/2026UNIWERSYTET TRZECIEGO WIEKU W UNIWERSYTECIE \u015aL\u0104SKIMGrupa w Jastrz\u0119biu-Zdroju Prowadzi\u0107 b\u0119dziemy zapisy do Uniwersytetu Trzeciego Wieku. Osoby ch\u0119tne, kt\u00f3re chcia\u0142yby uczestniczy\u0107 w naszych zaj\u0119ciach: wyk\u0142adach, grupach zainteresowa\u0144, lektoracie (j\u0119zyk angielski), \u0107wiczeniach z informatyki (obs\u0142ugi komputera), \u0107wiczeniach gimnastycznych (og\u00f3lnousprawniaj\u0105cych i zdrowotnych), wyjazdach naukowych, wydarzeniach kulturalnych oraz imprezach okoliczno\u015bciowych organizowanych przez UTW- SERDECZNIE ZAPRASZAMY! [&hellip;]<\/p>\n","protected":false},"author":2,"featured_media":0,"parent":250,"menu_order":0,"comment_status":"closed","ping_status":"closed","template":"","meta":{"footnotes":""},"class_list":["post-398","page","type-page","status-publish","hentry"],"yoast_head":"<!-- This site is optimized with the Yoast SEO plugin v27.4 - https:\/\/yoast.com\/product\/yoast-seo-wordpress\/ -->\n<title>Zapisy do UTW - UTW<\/title>\n<meta name=\"robots\" content=\"noindex, follow, max-snippet:-1, max-image-preview:large, max-video-preview:-1\" \/>\n<meta property=\"og:locale\" content=\"pl_PL\" \/>\n<meta property=\"og:type\" content=\"article\" \/>\n<meta property=\"og:title\" content=\"Zapisy do UTW - UTW\" \/>\n<meta property=\"og:description\" content=\"REKRUTACJA NA ROK AKADEMICKI 2025\/2026UNIWERSYTET TRZECIEGO WIEKU W UNIWERSYTECIE \u015aL\u0104SKIMGrupa w Jastrz\u0119biu-Zdroju Prowadzi\u0107 b\u0119dziemy zapisy do Uniwersytetu Trzeciego Wieku. Osoby ch\u0119tne, kt\u00f3re chcia\u0142yby uczestniczy\u0107 w naszych zaj\u0119ciach: wyk\u0142adach, grupach zainteresowa\u0144, lektoracie (j\u0119zyk angielski), \u0107wiczeniach z informatyki (obs\u0142ugi komputera), \u0107wiczeniach gimnastycznych (og\u00f3lnousprawniaj\u0105cych i zdrowotnych), wyjazdach naukowych, wydarzeniach kulturalnych oraz imprezach okoliczno\u015bciowych organizowanych przez UTW- SERDECZNIE ZAPRASZAMY! [&hellip;]\" \/>\n<meta property=\"og:url\" content=\"https:\/\/uniwersytetotwarty.us.edu.pl\/utw\/jastrzebie-zdroj\/zapisy-do-utw\/\" \/>\n<meta property=\"og:site_name\" content=\"UTW\" \/>\n<meta property=\"article:modified_time\" content=\"2025-04-07T11:24:56+00:00\" \/>\n<meta name=\"twitter:card\" content=\"summary_large_image\" \/>\n<meta name=\"twitter:label1\" content=\"Szacowany czas czytania\" \/>\n\t<meta name=\"twitter:data1\" content=\"2 minuty\" \/>\n<script type=\"application\/ld+json\" class=\"yoast-schema-graph\">{\"@context\":\"https:\\\/\\\/schema.org\",\"@graph\":[{\"@type\":\"WebPage\",\"@id\":\"https:\\\/\\\/uniwersytetotwarty.us.edu.pl\\\/utw\\\/jastrzebie-zdroj\\\/zapisy-do-utw\\\/\",\"url\":\"https:\\\/\\\/uniwersytetotwarty.us.edu.pl\\\/utw\\\/jastrzebie-zdroj\\\/zapisy-do-utw\\\/\",\"name\":\"Zapisy do UTW - UTW\",\"isPartOf\":{\"@id\":\"https:\\\/\\\/uniwersytetotwarty.us.edu.pl\\\/utw\\\/#website\"},\"datePublished\":\"2025-01-21T11:07:30+00:00\",\"dateModified\":\"2025-04-07T11:24:56+00:00\",\"breadcrumb\":{\"@id\":\"https:\\\/\\\/uniwersytetotwarty.us.edu.pl\\\/utw\\\/jastrzebie-zdroj\\\/zapisy-do-utw\\\/#breadcrumb\"},\"inLanguage\":\"pl-PL\",\"potentialAction\":[{\"@type\":\"ReadAction\",\"target\":[\"https:\\\/\\\/uniwersytetotwarty.us.edu.pl\\\/utw\\\/jastrzebie-zdroj\\\/zapisy-do-utw\\\/\"]}]},{\"@type\":\"BreadcrumbList\",\"@id\":\"https:\\\/\\\/uniwersytetotwarty.us.edu.pl\\\/utw\\\/jastrzebie-zdroj\\\/zapisy-do-utw\\\/#breadcrumb\",\"itemListElement\":[{\"@type\":\"ListItem\",\"position\":1,\"name\":\"UTW\",\"item\":\"https:\\\/\\\/uniwersytetotwarty.us.edu.pl\\\/utw\\\/\"},{\"@type\":\"ListItem\",\"position\":2,\"name\":\"Jastrz\u0119bie-Zdr\u00f3j\",\"item\":\"https:\\\/\\\/uniwersytetotwarty.us.edu.pl\\\/utw\\\/jastrzebie-zdroj\\\/\"},{\"@type\":\"ListItem\",\"position\":3,\"name\":\"Zapisy do UTW\"}]},{\"@type\":\"WebSite\",\"@id\":\"https:\\\/\\\/uniwersytetotwarty.us.edu.pl\\\/utw\\\/#website\",\"url\":\"https:\\\/\\\/uniwersytetotwarty.us.edu.pl\\\/utw\\\/\",\"name\":\"UTW\",\"description\":\"\",\"publisher\":{\"@id\":\"https:\\\/\\\/uniwersytetotwarty.us.edu.pl\\\/utw\\\/#organization\"},\"potentialAction\":[{\"@type\":\"SearchAction\",\"target\":{\"@type\":\"EntryPoint\",\"urlTemplate\":\"https:\\\/\\\/uniwersytetotwarty.us.edu.pl\\\/utw\\\/?s={search_term_string}\"},\"query-input\":{\"@type\":\"PropertyValueSpecification\",\"valueRequired\":true,\"valueName\":\"search_term_string\"}}],\"inLanguage\":\"pl-PL\"},{\"@type\":\"Organization\",\"@id\":\"https:\\\/\\\/uniwersytetotwarty.us.edu.pl\\\/utw\\\/#organization\",\"name\":\"Uniwersytet \u015al\u0105ski\",\"url\":\"https:\\\/\\\/uniwersytetotwarty.us.edu.pl\\\/utw\\\/\",\"logo\":{\"@type\":\"ImageObject\",\"inLanguage\":\"pl-PL\",\"@id\":\"https:\\\/\\\/uniwersytetotwarty.us.edu.pl\\\/utw\\\/#\\\/schema\\\/logo\\\/image\\\/\",\"url\":\"https:\\\/\\\/uniwersytetotwarty.us.edu.pl\\\/utw\\\/wp-content\\\/uploads\\\/sites\\\/15\\\/2023\\\/10\\\/US_UO-biale.png\",\"contentUrl\":\"https:\\\/\\\/uniwersytetotwarty.us.edu.pl\\\/utw\\\/wp-content\\\/uploads\\\/sites\\\/15\\\/2023\\\/10\\\/US_UO-biale.png\",\"width\":1923,\"height\":326,\"caption\":\"Uniwersytet \u015al\u0105ski\"},\"image\":{\"@id\":\"https:\\\/\\\/uniwersytetotwarty.us.edu.pl\\\/utw\\\/#\\\/schema\\\/logo\\\/image\\\/\"}}]}<\/script>\n<!-- \/ Yoast SEO plugin. -->","yoast_head_json":{"title":"Zapisy do UTW - UTW","robots":{"index":"noindex","follow":"follow","max-snippet":"max-snippet:-1","max-image-preview":"max-image-preview:large","max-video-preview":"max-video-preview:-1"},"og_locale":"pl_PL","og_type":"article","og_title":"Zapisy do UTW - UTW","og_description":"REKRUTACJA NA ROK AKADEMICKI 2025\/2026UNIWERSYTET TRZECIEGO WIEKU W UNIWERSYTECIE \u015aL\u0104SKIMGrupa w Jastrz\u0119biu-Zdroju Prowadzi\u0107 b\u0119dziemy zapisy do Uniwersytetu Trzeciego Wieku. Osoby ch\u0119tne, kt\u00f3re chcia\u0142yby uczestniczy\u0107 w naszych zaj\u0119ciach: wyk\u0142adach, grupach zainteresowa\u0144, lektoracie (j\u0119zyk angielski), \u0107wiczeniach z informatyki (obs\u0142ugi komputera), \u0107wiczeniach gimnastycznych (og\u00f3lnousprawniaj\u0105cych i zdrowotnych), wyjazdach naukowych, wydarzeniach kulturalnych oraz imprezach okoliczno\u015bciowych organizowanych przez UTW- SERDECZNIE ZAPRASZAMY! [&hellip;]","og_url":"https:\/\/uniwersytetotwarty.us.edu.pl\/utw\/jastrzebie-zdroj\/zapisy-do-utw\/","og_site_name":"UTW","article_modified_time":"2025-04-07T11:24:56+00:00","twitter_card":"summary_large_image","twitter_misc":{"Szacowany czas czytania":"2 minuty"},"schema":{"@context":"https:\/\/schema.org","@graph":[{"@type":"WebPage","@id":"https:\/\/uniwersytetotwarty.us.edu.pl\/utw\/jastrzebie-zdroj\/zapisy-do-utw\/","url":"https:\/\/uniwersytetotwarty.us.edu.pl\/utw\/jastrzebie-zdroj\/zapisy-do-utw\/","name":"Zapisy do UTW - UTW","isPartOf":{"@id":"https:\/\/uniwersytetotwarty.us.edu.pl\/utw\/#website"},"datePublished":"2025-01-21T11:07:30+00:00","dateModified":"2025-04-07T11:24:56+00:00","breadcrumb":{"@id":"https:\/\/uniwersytetotwarty.us.edu.pl\/utw\/jastrzebie-zdroj\/zapisy-do-utw\/#breadcrumb"},"inLanguage":"pl-PL","potentialAction":[{"@type":"ReadAction","target":["https:\/\/uniwersytetotwarty.us.edu.pl\/utw\/jastrzebie-zdroj\/zapisy-do-utw\/"]}]},{"@type":"BreadcrumbList","@id":"https:\/\/uniwersytetotwarty.us.edu.pl\/utw\/jastrzebie-zdroj\/zapisy-do-utw\/#breadcrumb","itemListElement":[{"@type":"ListItem","position":1,"name":"UTW","item":"https:\/\/uniwersytetotwarty.us.edu.pl\/utw\/"},{"@type":"ListItem","position":2,"name":"Jastrz\u0119bie-Zdr\u00f3j","item":"https:\/\/uniwersytetotwarty.us.edu.pl\/utw\/jastrzebie-zdroj\/"},{"@type":"ListItem","position":3,"name":"Zapisy do UTW"}]},{"@type":"WebSite","@id":"https:\/\/uniwersytetotwarty.us.edu.pl\/utw\/#website","url":"https:\/\/uniwersytetotwarty.us.edu.pl\/utw\/","name":"UTW","description":"","publisher":{"@id":"https:\/\/uniwersytetotwarty.us.edu.pl\/utw\/#organization"},"potentialAction":[{"@type":"SearchAction","target":{"@type":"EntryPoint","urlTemplate":"https:\/\/uniwersytetotwarty.us.edu.pl\/utw\/?s={search_term_string}"},"query-input":{"@type":"PropertyValueSpecification","valueRequired":true,"valueName":"search_term_string"}}],"inLanguage":"pl-PL"},{"@type":"Organization","@id":"https:\/\/uniwersytetotwarty.us.edu.pl\/utw\/#organization","name":"Uniwersytet \u015al\u0105ski","url":"https:\/\/uniwersytetotwarty.us.edu.pl\/utw\/","logo":{"@type":"ImageObject","inLanguage":"pl-PL","@id":"https:\/\/uniwersytetotwarty.us.edu.pl\/utw\/#\/schema\/logo\/image\/","url":"https:\/\/uniwersytetotwarty.us.edu.pl\/utw\/wp-content\/uploads\/sites\/15\/2023\/10\/US_UO-biale.png","contentUrl":"https:\/\/uniwersytetotwarty.us.edu.pl\/utw\/wp-content\/uploads\/sites\/15\/2023\/10\/US_UO-biale.png","width":1923,"height":326,"caption":"Uniwersytet \u015al\u0105ski"},"image":{"@id":"https:\/\/uniwersytetotwarty.us.edu.pl\/utw\/#\/schema\/logo\/image\/"}}]}},"_links":{"self":[{"href":"https:\/\/uniwersytetotwarty.us.edu.pl\/utw\/wp-json\/wp\/v2\/pages\/398","targetHints":{"allow":["GET"]}}],"collection":[{"href":"https:\/\/uniwersytetotwarty.us.edu.pl\/utw\/wp-json\/wp\/v2\/pages"}],"about":[{"href":"https:\/\/uniwersytetotwarty.us.edu.pl\/utw\/wp-json\/wp\/v2\/types\/page"}],"author":[{"embeddable":true,"href":"https:\/\/uniwersytetotwarty.us.edu.pl\/utw\/wp-json\/wp\/v2\/users\/2"}],"replies":[{"embeddable":true,"href":"https:\/\/uniwersytetotwarty.us.edu.pl\/utw\/wp-json\/wp\/v2\/comments?post=398"}],"version-history":[{"count":4,"href":"https:\/\/uniwersytetotwarty.us.edu.pl\/utw\/wp-json\/wp\/v2\/pages\/398\/revisions"}],"predecessor-version":[{"id":7931,"href":"https:\/\/uniwersytetotwarty.us.edu.pl\/utw\/wp-json\/wp\/v2\/pages\/398\/revisions\/7931"}],"up":[{"embeddable":true,"href":"https:\/\/uniwersytetotwarty.us.edu.pl\/utw\/wp-json\/wp\/v2\/pages\/250"}],"wp:attachment":[{"href":"https:\/\/uniwersytetotwarty.us.edu.pl\/utw\/wp-json\/wp\/v2\/media?parent=398"}],"curies":[{"name":"wp","href":"https:\/\/api.w.org\/{rel}","templated":true}]}}