{"id":361,"date":"2025-01-17T13:09:14","date_gmt":"2025-01-17T12:09:14","guid":{"rendered":"https:\/\/uniwersytetotwarty.us.edu.pl\/utw\/?page_id=361"},"modified":"2025-06-25T11:23:36","modified_gmt":"2025-06-25T09:23:36","slug":"obecni-sluchacze","status":"publish","type":"page","link":"https:\/\/uniwersytetotwarty.us.edu.pl\/utw\/katowice\/zapisy-do-utw\/obecni-sluchacze\/","title":{"rendered":"OBECNI S\u0142uchacze"},"content":{"rendered":"\t\t<div data-elementor-type=\"wp-page\" data-elementor-id=\"361\" class=\"elementor elementor-361\" data-elementor-post-type=\"page\">\n\t\t\t\t\t\t<section class=\"elementor-section elementor-top-section elementor-element elementor-element-03a1aff elementor-section-boxed elementor-section-height-default elementor-section-height-default\" data-id=\"03a1aff\" data-element_type=\"section\" data-e-type=\"section\">\n\t\t\t\t\t\t<div class=\"elementor-container elementor-column-gap-default\">\n\t\t\t\t\t<div class=\"elementor-column elementor-col-100 elementor-top-column elementor-element elementor-element-26ab722\" data-id=\"26ab722\" data-element_type=\"column\" data-e-type=\"column\">\n\t\t\t<div class=\"elementor-widget-wrap elementor-element-populated\">\n\t\t\t\t\t\t<div class=\"elementor-element elementor-element-8280b13 elementor-widget elementor-widget-text-editor\" data-id=\"8280b13\" data-element_type=\"widget\" data-e-type=\"widget\" data-widget_type=\"text-editor.default\">\n\t\t\t\t<div class=\"elementor-widget-container\">\n\t\t\t\t\t\t\t\t\t<p>Zapisy do Uniwersytetu Trzeciego Wieku, dla dotychczasowych s\u0142uchaczy, na ka\u017cdy kolejny rok akademicki, rozpoczynaj\u0105 si\u0119 w trzeci wtorek czerwca i trwaj\u0105 do 31 lipca danego roku.\u00a0<\/p><p>Mog\u0105 si\u0119 Pa\u0144stwo zapisywa\u0107 stacjonarnie w biurze UTW oraz internetowo.<\/p><p>ZAPISY W BIURZE UTW<\/p><p>W dniu zapis\u00f3w nale\u017cy mie\u0107 ze sob\u0105 legitymacj\u0119 s\u0142uchacza UTW oraz kart\u0119 p\u0142atnicz\u0105, aby ui\u015bci\u0107 op\u0142at\u0119 wpisow\u0105 na ca\u0142y rok akademicki, w wysoko\u015bci 100 z\u0142.<\/p><p class=\"rtecenter\">Je\u017celi komu\u015b z Pa\u0144stwa, sko\u0144czy\u0142y si\u0119 miejsca na piecz\u0105tki w legitymacji, to w dniu przyj\u015bcia do biura, oderwiemy zdj\u0119cie z Pa\u0144stwa legitymacji i j\u0105 Pa\u0144stwu oddamy. Je\u015bli chc\u0105 Pa\u0144stwo zachowa\u0107 t\u0119 legitymacj\u0119 w stanie nienaruszonym, to bardzo prosimy o dostarczenie nam, razem z Pa\u0144stwa legitymacj\u0105, nowego zdj\u0119cia.\u00a0<\/p><p class=\"rtecenter\">Op\u0142ata za ponowne wyrobienie legitymacji to 5 z\u0142.<\/p><p class=\"rtecenter\">Je\u017celi Pa\u0144stwo wyje\u017cd\u017cacie i nie mo\u017cecie przyj\u015b\u0107 do biura w wyznaczonych terminach, to spokojnie, poniewa\u017c b\u0119dziecie Pa\u0144stwo mogli si\u0119 jeszcze zapisa\u0107, podczas trwania rekrutacji dla nowych s\u0142uchaczy UTW<br \/>tj. od drugiego wtorku wrze\u015bnia do ko\u0144ca miesi\u0105ca danego roku.<\/p><p class=\"rtecenter\">Zapisy te odbywaj\u0105 si\u0119 w biurze UTW &#8211; Wydzia\u0142 Humanistyczny, ul. Uniwersytecka 4,\u00a0 pok\u00f3j B0.28, w godzinach funkcjonowania biura tj. od wtorku do czwartku w godzinach od 8:00-14:00<\/p><p>ZAPISY PRZEZ INTERNET<\/p><p class=\"rtecenter\">Zapisu przez Internet mog\u0105 dokona\u0107 tylko s\u0142uchacze\u00a0<strong>kontynuuj\u0105cy edukacj\u0119 i posiadaj\u0105cy wa\u017cn\u0105 legitymacj\u0119 s\u0142uchacza UTW.<\/strong>\u00a0<\/p><p class=\"rtecenter\">Celem zapisania si\u0119 do UTW, prosz\u0119 klikn\u0105\u0107\u00a0<strong><a href=\"https:\/\/formularze.us.edu.pl\/zapisy_do_utw\">TUTAJ<\/a><\/strong>.<\/p><p class=\"rtecenter\">Warunkiem koniecznym zapisu internetowego jest\u00a0<strong>dokonanie wp\u0142aty 100,00 z\u0142<\/strong><br \/><strong>na konto bankowe UTW nr 38 1050 1214 1000 0024 3019 4841<\/strong><\/p><p class=\"rtecenter\">Prosimy S\u0142uchaczy, aby wype\u0142niaj\u0105c formularz przelewu bankowego, w polu \u201eTytu\u0142\u201d wpisa\u0107:\u00a0<strong>imi\u0119 i nazwisko, nr legitymacji, zapisy na rok 2025\/26 <\/strong>(mo\u017cliwo\u015b\u0107 wpisania tylko do 40 znak\u00f3w). Przyk\u0142ad poni\u017cej:<\/p>\t\t\t\t\t\t\t\t<\/div>\n\t\t\t\t<\/div>\n\t\t\t\t\t<\/div>\n\t\t<\/div>\n\t\t\t\t\t<\/div>\n\t\t<\/section>\n\t\t\t\t<section class=\"elementor-section elementor-top-section elementor-element elementor-element-997f1ae elementor-section-boxed elementor-section-height-default elementor-section-height-default\" data-id=\"997f1ae\" data-element_type=\"section\" data-e-type=\"section\">\n\t\t\t\t\t\t<div class=\"elementor-container elementor-column-gap-default\">\n\t\t\t\t\t<div class=\"elementor-column elementor-col-100 elementor-top-column elementor-element elementor-element-7557f26\" data-id=\"7557f26\" data-element_type=\"column\" data-e-type=\"column\">\n\t\t\t<div class=\"elementor-widget-wrap elementor-element-populated\">\n\t\t\t\t\t\t<div class=\"elementor-element elementor-element-23c8295 elementor-widget elementor-widget-image\" data-id=\"23c8295\" data-element_type=\"widget\" data-e-type=\"widget\" data-widget_type=\"image.default\">\n\t\t\t\t<div class=\"elementor-widget-container\">\n\t\t\t\t\t\t\t\t\t\t\t\t\t\t\t<img fetchpriority=\"high\" decoding=\"async\" width=\"800\" height=\"531\" src=\"https:\/\/uniwersytetotwarty.us.edu.pl\/utw\/wp-content\/uploads\/sites\/15\/2025\/01\/przelew_rok_24-25-1024x680.png\" class=\"attachment-large size-large wp-image-5495\" alt=\"\" srcset=\"https:\/\/uniwersytetotwarty.us.edu.pl\/utw\/wp-content\/uploads\/sites\/15\/2025\/01\/przelew_rok_24-25-1024x680.png 1024w, https:\/\/uniwersytetotwarty.us.edu.pl\/utw\/wp-content\/uploads\/sites\/15\/2025\/01\/przelew_rok_24-25-300x199.png 300w, https:\/\/uniwersytetotwarty.us.edu.pl\/utw\/wp-content\/uploads\/sites\/15\/2025\/01\/przelew_rok_24-25-768x510.png 768w, https:\/\/uniwersytetotwarty.us.edu.pl\/utw\/wp-content\/uploads\/sites\/15\/2025\/01\/przelew_rok_24-25.png 1179w\" sizes=\"(max-width: 800px) 100vw, 800px\" \/>\t\t\t\t\t\t\t\t\t\t\t\t\t\t\t<\/div>\n\t\t\t\t<\/div>\n\t\t\t\t\t<\/div>\n\t\t<\/div>\n\t\t\t\t\t<\/div>\n\t\t<\/section>\n\t\t\t\t<section class=\"elementor-section elementor-top-section elementor-element elementor-element-6594db8 elementor-section-boxed elementor-section-height-default elementor-section-height-default\" data-id=\"6594db8\" data-element_type=\"section\" data-e-type=\"section\">\n\t\t\t\t\t\t<div class=\"elementor-container elementor-column-gap-default\">\n\t\t\t\t\t<div class=\"elementor-column elementor-col-100 elementor-top-column elementor-element elementor-element-06d64b7\" data-id=\"06d64b7\" data-element_type=\"column\" data-e-type=\"column\">\n\t\t\t<div class=\"elementor-widget-wrap elementor-element-populated\">\n\t\t\t\t\t\t<div class=\"elementor-element elementor-element-77d222b elementor-widget elementor-widget-spacer\" data-id=\"77d222b\" data-element_type=\"widget\" data-e-type=\"widget\" data-widget_type=\"spacer.default\">\n\t\t\t\t<div class=\"elementor-widget-container\">\n\t\t\t\t\t\t\t<div class=\"elementor-spacer\">\n\t\t\t<div class=\"elementor-spacer-inner\"><\/div>\n\t\t<\/div>\n\t\t\t\t\t\t<\/div>\n\t\t\t\t<\/div>\n\t\t\t\t\t<\/div>\n\t\t<\/div>\n\t\t\t\t\t<\/div>\n\t\t<\/section>\n\t\t\t\t<section class=\"elementor-section elementor-top-section elementor-element elementor-element-1c6b572 elementor-section-boxed elementor-section-height-default elementor-section-height-default\" data-id=\"1c6b572\" data-element_type=\"section\" data-e-type=\"section\">\n\t\t\t\t\t\t<div class=\"elementor-container elementor-column-gap-default\">\n\t\t\t\t\t<div class=\"elementor-column elementor-col-100 elementor-top-column elementor-element elementor-element-d0b1029\" data-id=\"d0b1029\" data-element_type=\"column\" data-e-type=\"column\">\n\t\t\t<div class=\"elementor-widget-wrap elementor-element-populated\">\n\t\t\t\t\t\t<div class=\"elementor-element elementor-element-f39c880 elementor-widget elementor-widget-image\" data-id=\"f39c880\" data-element_type=\"widget\" data-e-type=\"widget\" data-widget_type=\"image.default\">\n\t\t\t\t<div class=\"elementor-widget-container\">\n\t\t\t\t\t\t\t\t\t\t\t\t\t\t\t<img decoding=\"async\" width=\"780\" height=\"511\" src=\"https:\/\/uniwersytetotwarty.us.edu.pl\/utw\/wp-content\/uploads\/sites\/15\/2025\/01\/druk_polecenia_przelewu_na_poczcie_2024_2025.png\" class=\"attachment-large size-large wp-image-5494\" alt=\"\" srcset=\"https:\/\/uniwersytetotwarty.us.edu.pl\/utw\/wp-content\/uploads\/sites\/15\/2025\/01\/druk_polecenia_przelewu_na_poczcie_2024_2025.png 780w, https:\/\/uniwersytetotwarty.us.edu.pl\/utw\/wp-content\/uploads\/sites\/15\/2025\/01\/druk_polecenia_przelewu_na_poczcie_2024_2025-300x197.png 300w, https:\/\/uniwersytetotwarty.us.edu.pl\/utw\/wp-content\/uploads\/sites\/15\/2025\/01\/druk_polecenia_przelewu_na_poczcie_2024_2025-768x503.png 768w\" sizes=\"(max-width: 780px) 100vw, 780px\" \/>\t\t\t\t\t\t\t\t\t\t\t\t\t\t\t<\/div>\n\t\t\t\t<\/div>\n\t\t\t\t\t<\/div>\n\t\t<\/div>\n\t\t\t\t\t<\/div>\n\t\t<\/section>\n\t\t\t\t<section class=\"elementor-section elementor-top-section elementor-element elementor-element-99ff5ff elementor-section-boxed elementor-section-height-default elementor-section-height-default\" data-id=\"99ff5ff\" data-element_type=\"section\" data-e-type=\"section\">\n\t\t\t\t\t\t<div class=\"elementor-container elementor-column-gap-default\">\n\t\t\t\t\t<div class=\"elementor-column elementor-col-100 elementor-top-column elementor-element elementor-element-08c0a45\" data-id=\"08c0a45\" data-element_type=\"column\" data-e-type=\"column\">\n\t\t\t<div class=\"elementor-widget-wrap elementor-element-populated\">\n\t\t\t\t\t\t<div class=\"elementor-element elementor-element-743b1b2 elementor-widget elementor-widget-spacer\" data-id=\"743b1b2\" data-element_type=\"widget\" data-e-type=\"widget\" data-widget_type=\"spacer.default\">\n\t\t\t\t<div class=\"elementor-widget-container\">\n\t\t\t\t\t\t\t<div class=\"elementor-spacer\">\n\t\t\t<div class=\"elementor-spacer-inner\"><\/div>\n\t\t<\/div>\n\t\t\t\t\t\t<\/div>\n\t\t\t\t<\/div>\n\t\t\t\t\t<\/div>\n\t\t<\/div>\n\t\t\t\t\t<\/div>\n\t\t<\/section>\n\t\t\t\t<\/div>\n\t\t","protected":false},"excerpt":{"rendered":"<p>Zapisy do Uniwersytetu Trzeciego Wieku, dla dotychczasowych s\u0142uchaczy, na ka\u017cdy kolejny rok akademicki, rozpoczynaj\u0105 si\u0119 w trzeci wtorek czerwca i trwaj\u0105 do 31 lipca danego roku.\u00a0 Mog\u0105 si\u0119 Pa\u0144stwo zapisywa\u0107 stacjonarnie w biurze UTW oraz internetowo. ZAPISY W BIURZE UTW W dniu zapis\u00f3w nale\u017cy mie\u0107 ze sob\u0105 legitymacj\u0119 s\u0142uchacza UTW oraz kart\u0119 p\u0142atnicz\u0105, aby ui\u015bci\u0107 [&hellip;]<\/p>\n","protected":false},"author":2,"featured_media":0,"parent":283,"menu_order":0,"comment_status":"closed","ping_status":"closed","template":"","meta":{"footnotes":""},"class_list":["post-361","page","type-page","status-publish","hentry"],"yoast_head":"<!-- This site is optimized with the Yoast SEO plugin v27.4 - https:\/\/yoast.com\/product\/yoast-seo-wordpress\/ -->\n<title>OBECNI S\u0142uchacze - UTW<\/title>\n<meta name=\"robots\" content=\"noindex, follow, max-snippet:-1, max-image-preview:large, max-video-preview:-1\" \/>\n<meta property=\"og:locale\" content=\"pl_PL\" \/>\n<meta property=\"og:type\" content=\"article\" \/>\n<meta property=\"og:title\" content=\"OBECNI S\u0142uchacze - UTW\" \/>\n<meta property=\"og:description\" content=\"Zapisy do Uniwersytetu Trzeciego Wieku, dla dotychczasowych s\u0142uchaczy, na ka\u017cdy kolejny rok akademicki, rozpoczynaj\u0105 si\u0119 w trzeci wtorek czerwca i trwaj\u0105 do 31 lipca danego roku.\u00a0 Mog\u0105 si\u0119 Pa\u0144stwo zapisywa\u0107 stacjonarnie w biurze UTW oraz internetowo. ZAPISY W BIURZE UTW W dniu zapis\u00f3w nale\u017cy mie\u0107 ze sob\u0105 legitymacj\u0119 s\u0142uchacza UTW oraz kart\u0119 p\u0142atnicz\u0105, aby ui\u015bci\u0107 [&hellip;]\" \/>\n<meta property=\"og:url\" content=\"https:\/\/uniwersytetotwarty.us.edu.pl\/utw\/katowice\/zapisy-do-utw\/obecni-sluchacze\/\" \/>\n<meta property=\"og:site_name\" content=\"UTW\" \/>\n<meta property=\"article:modified_time\" content=\"2025-06-25T09:23:36+00:00\" \/>\n<meta property=\"og:image\" content=\"https:\/\/uniwersytetotwarty.us.edu.pl\/utw\/wp-content\/uploads\/sites\/15\/2025\/01\/przelew_rok_24-25.png\" \/>\n\t<meta property=\"og:image:width\" content=\"1179\" \/>\n\t<meta property=\"og:image:height\" content=\"783\" \/>\n\t<meta property=\"og:image:type\" content=\"image\/png\" \/>\n<meta name=\"twitter:card\" content=\"summary_large_image\" \/>\n<meta name=\"twitter:label1\" content=\"Szacowany czas czytania\" \/>\n\t<meta name=\"twitter:data1\" content=\"2 minuty\" \/>\n<script type=\"application\/ld+json\" class=\"yoast-schema-graph\">{\"@context\":\"https:\\\/\\\/schema.org\",\"@graph\":[{\"@type\":\"WebPage\",\"@id\":\"https:\\\/\\\/uniwersytetotwarty.us.edu.pl\\\/utw\\\/katowice\\\/zapisy-do-utw\\\/obecni-sluchacze\\\/\",\"url\":\"https:\\\/\\\/uniwersytetotwarty.us.edu.pl\\\/utw\\\/katowice\\\/zapisy-do-utw\\\/obecni-sluchacze\\\/\",\"name\":\"OBECNI S\u0142uchacze - UTW\",\"isPartOf\":{\"@id\":\"https:\\\/\\\/uniwersytetotwarty.us.edu.pl\\\/utw\\\/#website\"},\"primaryImageOfPage\":{\"@id\":\"https:\\\/\\\/uniwersytetotwarty.us.edu.pl\\\/utw\\\/katowice\\\/zapisy-do-utw\\\/obecni-sluchacze\\\/#primaryimage\"},\"image\":{\"@id\":\"https:\\\/\\\/uniwersytetotwarty.us.edu.pl\\\/utw\\\/katowice\\\/zapisy-do-utw\\\/obecni-sluchacze\\\/#primaryimage\"},\"thumbnailUrl\":\"https:\\\/\\\/uniwersytetotwarty.us.edu.pl\\\/utw\\\/wp-content\\\/uploads\\\/sites\\\/15\\\/2025\\\/01\\\/przelew_rok_24-25-1024x680.png\",\"datePublished\":\"2025-01-17T12:09:14+00:00\",\"dateModified\":\"2025-06-25T09:23:36+00:00\",\"breadcrumb\":{\"@id\":\"https:\\\/\\\/uniwersytetotwarty.us.edu.pl\\\/utw\\\/katowice\\\/zapisy-do-utw\\\/obecni-sluchacze\\\/#breadcrumb\"},\"inLanguage\":\"pl-PL\",\"potentialAction\":[{\"@type\":\"ReadAction\",\"target\":[\"https:\\\/\\\/uniwersytetotwarty.us.edu.pl\\\/utw\\\/katowice\\\/zapisy-do-utw\\\/obecni-sluchacze\\\/\"]}]},{\"@type\":\"ImageObject\",\"inLanguage\":\"pl-PL\",\"@id\":\"https:\\\/\\\/uniwersytetotwarty.us.edu.pl\\\/utw\\\/katowice\\\/zapisy-do-utw\\\/obecni-sluchacze\\\/#primaryimage\",\"url\":\"https:\\\/\\\/uniwersytetotwarty.us.edu.pl\\\/utw\\\/wp-content\\\/uploads\\\/sites\\\/15\\\/2025\\\/01\\\/przelew_rok_24-25.png\",\"contentUrl\":\"https:\\\/\\\/uniwersytetotwarty.us.edu.pl\\\/utw\\\/wp-content\\\/uploads\\\/sites\\\/15\\\/2025\\\/01\\\/przelew_rok_24-25.png\",\"width\":1179,\"height\":783},{\"@type\":\"BreadcrumbList\",\"@id\":\"https:\\\/\\\/uniwersytetotwarty.us.edu.pl\\\/utw\\\/katowice\\\/zapisy-do-utw\\\/obecni-sluchacze\\\/#breadcrumb\",\"itemListElement\":[{\"@type\":\"ListItem\",\"position\":1,\"name\":\"UTW\",\"item\":\"https:\\\/\\\/uniwersytetotwarty.us.edu.pl\\\/utw\\\/\"},{\"@type\":\"ListItem\",\"position\":2,\"name\":\"Katowice\",\"item\":\"https:\\\/\\\/uniwersytetotwarty.us.edu.pl\\\/utw\\\/katowice\\\/\"},{\"@type\":\"ListItem\",\"position\":3,\"name\":\"Zapisy do&nbsp;UTW\",\"item\":\"https:\\\/\\\/uniwersytetotwarty.us.edu.pl\\\/utw\\\/katowice\\\/zapisy-do-utw\\\/\"},{\"@type\":\"ListItem\",\"position\":4,\"name\":\"OBECNI S\u0142uchacze\"}]},{\"@type\":\"WebSite\",\"@id\":\"https:\\\/\\\/uniwersytetotwarty.us.edu.pl\\\/utw\\\/#website\",\"url\":\"https:\\\/\\\/uniwersytetotwarty.us.edu.pl\\\/utw\\\/\",\"name\":\"UTW\",\"description\":\"\",\"publisher\":{\"@id\":\"https:\\\/\\\/uniwersytetotwarty.us.edu.pl\\\/utw\\\/#organization\"},\"potentialAction\":[{\"@type\":\"SearchAction\",\"target\":{\"@type\":\"EntryPoint\",\"urlTemplate\":\"https:\\\/\\\/uniwersytetotwarty.us.edu.pl\\\/utw\\\/?s={search_term_string}\"},\"query-input\":{\"@type\":\"PropertyValueSpecification\",\"valueRequired\":true,\"valueName\":\"search_term_string\"}}],\"inLanguage\":\"pl-PL\"},{\"@type\":\"Organization\",\"@id\":\"https:\\\/\\\/uniwersytetotwarty.us.edu.pl\\\/utw\\\/#organization\",\"name\":\"Uniwersytet \u015al\u0105ski\",\"url\":\"https:\\\/\\\/uniwersytetotwarty.us.edu.pl\\\/utw\\\/\",\"logo\":{\"@type\":\"ImageObject\",\"inLanguage\":\"pl-PL\",\"@id\":\"https:\\\/\\\/uniwersytetotwarty.us.edu.pl\\\/utw\\\/#\\\/schema\\\/logo\\\/image\\\/\",\"url\":\"https:\\\/\\\/uniwersytetotwarty.us.edu.pl\\\/utw\\\/wp-content\\\/uploads\\\/sites\\\/15\\\/2023\\\/10\\\/US_UO-biale.png\",\"contentUrl\":\"https:\\\/\\\/uniwersytetotwarty.us.edu.pl\\\/utw\\\/wp-content\\\/uploads\\\/sites\\\/15\\\/2023\\\/10\\\/US_UO-biale.png\",\"width\":1923,\"height\":326,\"caption\":\"Uniwersytet \u015al\u0105ski\"},\"image\":{\"@id\":\"https:\\\/\\\/uniwersytetotwarty.us.edu.pl\\\/utw\\\/#\\\/schema\\\/logo\\\/image\\\/\"}}]}<\/script>\n<!-- \/ Yoast SEO plugin. -->","yoast_head_json":{"title":"OBECNI S\u0142uchacze - UTW","robots":{"index":"noindex","follow":"follow","max-snippet":"max-snippet:-1","max-image-preview":"max-image-preview:large","max-video-preview":"max-video-preview:-1"},"og_locale":"pl_PL","og_type":"article","og_title":"OBECNI S\u0142uchacze - UTW","og_description":"Zapisy do Uniwersytetu Trzeciego Wieku, dla dotychczasowych s\u0142uchaczy, na ka\u017cdy kolejny rok akademicki, rozpoczynaj\u0105 si\u0119 w trzeci wtorek czerwca i trwaj\u0105 do 31 lipca danego roku.\u00a0 Mog\u0105 si\u0119 Pa\u0144stwo zapisywa\u0107 stacjonarnie w biurze UTW oraz internetowo. ZAPISY W BIURZE UTW W dniu zapis\u00f3w nale\u017cy mie\u0107 ze sob\u0105 legitymacj\u0119 s\u0142uchacza UTW oraz kart\u0119 p\u0142atnicz\u0105, aby ui\u015bci\u0107 [&hellip;]","og_url":"https:\/\/uniwersytetotwarty.us.edu.pl\/utw\/katowice\/zapisy-do-utw\/obecni-sluchacze\/","og_site_name":"UTW","article_modified_time":"2025-06-25T09:23:36+00:00","og_image":[{"width":1179,"height":783,"url":"https:\/\/uniwersytetotwarty.us.edu.pl\/utw\/wp-content\/uploads\/sites\/15\/2025\/01\/przelew_rok_24-25.png","type":"image\/png"}],"twitter_card":"summary_large_image","twitter_misc":{"Szacowany czas czytania":"2 minuty"},"schema":{"@context":"https:\/\/schema.org","@graph":[{"@type":"WebPage","@id":"https:\/\/uniwersytetotwarty.us.edu.pl\/utw\/katowice\/zapisy-do-utw\/obecni-sluchacze\/","url":"https:\/\/uniwersytetotwarty.us.edu.pl\/utw\/katowice\/zapisy-do-utw\/obecni-sluchacze\/","name":"OBECNI S\u0142uchacze - UTW","isPartOf":{"@id":"https:\/\/uniwersytetotwarty.us.edu.pl\/utw\/#website"},"primaryImageOfPage":{"@id":"https:\/\/uniwersytetotwarty.us.edu.pl\/utw\/katowice\/zapisy-do-utw\/obecni-sluchacze\/#primaryimage"},"image":{"@id":"https:\/\/uniwersytetotwarty.us.edu.pl\/utw\/katowice\/zapisy-do-utw\/obecni-sluchacze\/#primaryimage"},"thumbnailUrl":"https:\/\/uniwersytetotwarty.us.edu.pl\/utw\/wp-content\/uploads\/sites\/15\/2025\/01\/przelew_rok_24-25-1024x680.png","datePublished":"2025-01-17T12:09:14+00:00","dateModified":"2025-06-25T09:23:36+00:00","breadcrumb":{"@id":"https:\/\/uniwersytetotwarty.us.edu.pl\/utw\/katowice\/zapisy-do-utw\/obecni-sluchacze\/#breadcrumb"},"inLanguage":"pl-PL","potentialAction":[{"@type":"ReadAction","target":["https:\/\/uniwersytetotwarty.us.edu.pl\/utw\/katowice\/zapisy-do-utw\/obecni-sluchacze\/"]}]},{"@type":"ImageObject","inLanguage":"pl-PL","@id":"https:\/\/uniwersytetotwarty.us.edu.pl\/utw\/katowice\/zapisy-do-utw\/obecni-sluchacze\/#primaryimage","url":"https:\/\/uniwersytetotwarty.us.edu.pl\/utw\/wp-content\/uploads\/sites\/15\/2025\/01\/przelew_rok_24-25.png","contentUrl":"https:\/\/uniwersytetotwarty.us.edu.pl\/utw\/wp-content\/uploads\/sites\/15\/2025\/01\/przelew_rok_24-25.png","width":1179,"height":783},{"@type":"BreadcrumbList","@id":"https:\/\/uniwersytetotwarty.us.edu.pl\/utw\/katowice\/zapisy-do-utw\/obecni-sluchacze\/#breadcrumb","itemListElement":[{"@type":"ListItem","position":1,"name":"UTW","item":"https:\/\/uniwersytetotwarty.us.edu.pl\/utw\/"},{"@type":"ListItem","position":2,"name":"Katowice","item":"https:\/\/uniwersytetotwarty.us.edu.pl\/utw\/katowice\/"},{"@type":"ListItem","position":3,"name":"Zapisy do&nbsp;UTW","item":"https:\/\/uniwersytetotwarty.us.edu.pl\/utw\/katowice\/zapisy-do-utw\/"},{"@type":"ListItem","position":4,"name":"OBECNI S\u0142uchacze"}]},{"@type":"WebSite","@id":"https:\/\/uniwersytetotwarty.us.edu.pl\/utw\/#website","url":"https:\/\/uniwersytetotwarty.us.edu.pl\/utw\/","name":"UTW","description":"","publisher":{"@id":"https:\/\/uniwersytetotwarty.us.edu.pl\/utw\/#organization"},"potentialAction":[{"@type":"SearchAction","target":{"@type":"EntryPoint","urlTemplate":"https:\/\/uniwersytetotwarty.us.edu.pl\/utw\/?s={search_term_string}"},"query-input":{"@type":"PropertyValueSpecification","valueRequired":true,"valueName":"search_term_string"}}],"inLanguage":"pl-PL"},{"@type":"Organization","@id":"https:\/\/uniwersytetotwarty.us.edu.pl\/utw\/#organization","name":"Uniwersytet \u015al\u0105ski","url":"https:\/\/uniwersytetotwarty.us.edu.pl\/utw\/","logo":{"@type":"ImageObject","inLanguage":"pl-PL","@id":"https:\/\/uniwersytetotwarty.us.edu.pl\/utw\/#\/schema\/logo\/image\/","url":"https:\/\/uniwersytetotwarty.us.edu.pl\/utw\/wp-content\/uploads\/sites\/15\/2023\/10\/US_UO-biale.png","contentUrl":"https:\/\/uniwersytetotwarty.us.edu.pl\/utw\/wp-content\/uploads\/sites\/15\/2023\/10\/US_UO-biale.png","width":1923,"height":326,"caption":"Uniwersytet \u015al\u0105ski"},"image":{"@id":"https:\/\/uniwersytetotwarty.us.edu.pl\/utw\/#\/schema\/logo\/image\/"}}]}},"_links":{"self":[{"href":"https:\/\/uniwersytetotwarty.us.edu.pl\/utw\/wp-json\/wp\/v2\/pages\/361","targetHints":{"allow":["GET"]}}],"collection":[{"href":"https:\/\/uniwersytetotwarty.us.edu.pl\/utw\/wp-json\/wp\/v2\/pages"}],"about":[{"href":"https:\/\/uniwersytetotwarty.us.edu.pl\/utw\/wp-json\/wp\/v2\/types\/page"}],"author":[{"embeddable":true,"href":"https:\/\/uniwersytetotwarty.us.edu.pl\/utw\/wp-json\/wp\/v2\/users\/2"}],"replies":[{"embeddable":true,"href":"https:\/\/uniwersytetotwarty.us.edu.pl\/utw\/wp-json\/wp\/v2\/comments?post=361"}],"version-history":[{"count":10,"href":"https:\/\/uniwersytetotwarty.us.edu.pl\/utw\/wp-json\/wp\/v2\/pages\/361\/revisions"}],"predecessor-version":[{"id":9192,"href":"https:\/\/uniwersytetotwarty.us.edu.pl\/utw\/wp-json\/wp\/v2\/pages\/361\/revisions\/9192"}],"up":[{"embeddable":true,"href":"https:\/\/uniwersytetotwarty.us.edu.pl\/utw\/wp-json\/wp\/v2\/pages\/283"}],"wp:attachment":[{"href":"https:\/\/uniwersytetotwarty.us.edu.pl\/utw\/wp-json\/wp\/v2\/media?parent=361"}],"curies":[{"name":"wp","href":"https:\/\/api.w.org\/{rel}","templated":true}]}}