{"id":285,"date":"2025-01-15T13:30:04","date_gmt":"2025-01-15T12:30:04","guid":{"rendered":"https:\/\/uniwersytetotwarty.us.edu.pl\/utw\/?page_id=285"},"modified":"2026-04-15T20:44:04","modified_gmt":"2026-04-15T18:44:04","slug":"klub-podroznika","status":"publish","type":"page","link":"https:\/\/uniwersytetotwarty.us.edu.pl\/utw\/katowice\/klub-podroznika\/","title":{"rendered":"Klub podr\u00f3\u017cnika"},"content":{"rendered":"\t\t<div data-elementor-type=\"wp-page\" data-elementor-id=\"285\" class=\"elementor elementor-285\" data-elementor-post-type=\"page\">\n\t\t\t\t\t\t<section class=\"elementor-section elementor-top-section elementor-element elementor-element-f50eeab elementor-section-boxed elementor-section-height-default elementor-section-height-default\" data-id=\"f50eeab\" data-element_type=\"section\" data-e-type=\"section\">\n\t\t\t\t\t\t<div class=\"elementor-container elementor-column-gap-default\">\n\t\t\t\t\t<div class=\"elementor-column elementor-col-100 elementor-top-column elementor-element elementor-element-16101d5\" data-id=\"16101d5\" data-element_type=\"column\" data-e-type=\"column\">\n\t\t\t<div class=\"elementor-widget-wrap elementor-element-populated\">\n\t\t\t\t\t\t<div class=\"elementor-element elementor-element-154670d elementor-widget elementor-widget-text-editor\" data-id=\"154670d\" data-element_type=\"widget\" data-e-type=\"widget\" data-widget_type=\"text-editor.default\">\n\t\t\t\t<div class=\"elementor-widget-container\">\n\t\t\t\t\t\t\t\t\t<div><p><strong>15 kwietnia 2026<\/strong><\/p><\/div><div><div data-id=\"04fd88f\" data-element_type=\"widget\" data-model-cid=\"c33\" data-widget_type=\"text-editor.default\"><div data-elementor-setting-key=\"editor\" data-elementor-inline-editing-toolbar=\"advanced\"><hr \/><p>Szanowni Sympatycy Klubu Podr\u00f3\u017cnika<\/p><p>Zapraszamy na spotkania we wtorki:\u00a010 marca, <span style=\"text-decoration: underline\">21 kwietnia,<\/span> 19 maja 2026<br \/>o godz. 14:00 w sali 227 Instytutu Matematyki, Bankowa 14, 2 pi\u0119tro.<\/p><p>Zapraszamy na kolejne spotkanie sympatyk\u00f3w Klubu Podr\u00f3\u017cnika<strong> we wtorek 21 kwietnia o godz. 14:00.<\/strong><br \/>Go\u015bcini\u0105 spotkania b\u0119dzie<strong> pani Beata Tomanek \u2013 Redaktor Polskiego Radia Katowice,<\/strong> kt\u00f3ra opowie o swoich zagranicznych podr\u00f3\u017cach.<\/p><p>S\u0142uchaczom Radia Katowice, pani Redaktor Beata znana jest m.in. z cyklicznej audycji \u201eZa horyzontem\u201d,<br \/>podczas kt\u00f3rej prowadzi rozmowy w\u0142a\u015bnie z podr\u00f3\u017cnikami. Niekt\u00f3rzy z jej rozm\u00f3wc\u00f3w byli ju\u017c go\u015b\u0107mi naszych spotka\u0144.<\/p><p>********.<\/p><p>Szanowni S\u0142uchacze,<\/p><p>Poni\u017cej podajemy aktualny plan wycieczek przygotowany przez <strong>Biuro ATUT na\u00a0rok 2026.<\/strong><br \/>Wzorem lat ubieg\u0142ych, zapisy na wycieczki odbywaj\u0105 si\u0119\u00a0 przed i po wyk\u0142adach w poniedzia\u0142ki i \u015brody.<\/p><p>Zgodnie z obowi\u0105zuj\u0105cym Regulaminem uczestnictwa w wycieczkach, <br \/>zapis powinien by\u0107 potwierdzony r\u00f3wnoczesn\u0105 op\u0142at\u0105 wycieczki.<\/p><p><strong>Przypominamy r\u00f3wnie\u017c, \u017ce o kolejno\u015bci zapisu na li\u015bcie decyduje data wniesienia op\u0142aty, <br \/>a nie jedynie zg\u0142oszenie\u00a0 uczestnictwa.<\/strong><\/p><p>S\u0142uchacze zapisani na wycieczki telefonicznie, proszeni s\u0105 o uregulowanie nale\u017cno\u015bci za uczestnictwo<br \/>got\u00f3wk\u0105 podczas spotka\u0144 na najbli\u017cszych wyk\u0142adach, lub przelewem na konto Biura ATUT-u.<\/p><p><strong>Na bie\u017c\u0105co przyjmowane s\u0105 zapisy na ni\u017cej wymienione wycieczki:<\/strong><\/p><p>05.06.2026 NA\u00a0S\u0141OWACKIEJ ZIEMI \u2013 cena 150 z\u0142;\u00a0 program&gt;<a href=\"https:\/\/uniwersytetotwarty.us.edu.pl\/utw\/wp-content\/uploads\/sites\/15\/2026\/03\/UTW-2026.06-SLOWACJA-CICMANY.pdf\">UTW 2026.06 S\u0141OWACJA CICMANY<\/a><\/p><p>25.06.2026 MA\u0141POLSKIE PER\u0141Y \u2013 cena 140 z\u0142; program&gt;<a href=\"https:\/\/uniwersytetotwarty.us.edu.pl\/utw\/wp-content\/uploads\/sites\/15\/2026\/03\/UTW-PDF-2026.06-TARNOW.pdf\">UTW PDF 2026.06 TARN\u00d3W<\/a>\u00a0.<\/p><p>29.09.2026 PODZIEMNY \u015aWIAT \u015aRODKOWEJ POLSKI \u2013 cena 150 z\u0142<\/p><p><span style=\"text-decoration: underline\">Przyjmowane s\u0105\u00a0r\u00f3wnie\u017c zapisy na\u00a0wyjazd dwudniowy:<\/span><\/p><p>\u00a007 \u2013 08.05.2026 W\u00a0PIASTOWSKIM KSI\u0118STWIE LEGNICKIM \u2013 cena 495 z\u0142;<br \/>bezzwrotn\u0105 zaliczk\u0119 w wysoko\u015bci \u00a0200 z\u0142 nale\u017cy wp\u0142aci\u0107 na konto Biura ATUT; <br \/>program &gt;<a href=\"https:\/\/uniwersytetotwarty.us.edu.pl\/utw\/wp-content\/uploads\/sites\/15\/2026\/02\/UTW-PDF-2026.05-LEGNICA.pdf\">UTW PDF 2026.05 LEGNICA<\/a><br \/>Osoby zapisane, kt\u00f3re wp\u0142aci\u0142y ju\u017c zaliczk\u0119, proszone s\u0105 o uzupe\u0142nienie op\u0142aty do 18.04.2026.<\/p><p>Zapisy na wyjazd letni\u00a0w terminie 16 \u2013 23.07. 2026 w\u00a0\u00a0PRZEZMARKU \u2013 WARMIA, POWI\u015aLE, \u017bU\u0141AWY I\u00a0MAZURY<br \/>s\u0105 ju\u017c zako\u0144czone, mo\u017cliwo\u015b\u0107 zapisu tylko\u00a0na\u00a0list\u0119 rezerwow\u0105.<br \/>cena 2390 z\u0142, program &gt;<a href=\"https:\/\/uniwersytetotwarty.us.edu.pl\/utw\/wp-content\/uploads\/sites\/15\/2026\/02\/UTW-PDF-2026.07-PRZEZMARK.pdf\">UTW PDF 2026.07 PRZEZMARK<\/a><br \/>Osoby zapisane, kt\u00f3re ui\u015bci\u0142y ju\u017c zaliczk\u0119 w wysoko\u015bci 1000 z\u0142,<br \/>proszone s\u0105 o uzupe\u0142nienie wp\u0142aty na miesi\u0105c przed wyjazdem, tj. do 16.06.2026 r<\/p><p><span style=\"text-decoration: underline\">Prosimy o zapoznanie si\u0119 z tre\u015bci\u0105 Regulaminu korzystania z wycieczek organizowanych przez Biuro ATUT\u00a0<\/span><br \/>umieszczonego poni\u017cej.<\/p><\/div><\/div><\/div>\t\t\t\t\t\t\t\t<\/div>\n\t\t\t\t<\/div>\n\t\t\t\t\t<\/div>\n\t\t<\/div>\n\t\t\t\t\t<\/div>\n\t\t<\/section>\n\t\t\t\t<section class=\"elementor-section elementor-top-section elementor-element elementor-element-6165983 elementor-section-boxed elementor-section-height-default elementor-section-height-default\" data-id=\"6165983\" data-element_type=\"section\" data-e-type=\"section\">\n\t\t\t\t\t\t<div class=\"elementor-container elementor-column-gap-default\">\n\t\t\t\t\t<div class=\"elementor-column elementor-col-100 elementor-top-column elementor-element elementor-element-868f7b1\" data-id=\"868f7b1\" data-element_type=\"column\" data-e-type=\"column\">\n\t\t\t<div class=\"elementor-widget-wrap elementor-element-populated\">\n\t\t\t\t\t\t<div class=\"elementor-element elementor-element-b3f6373 elementor-widget elementor-widget-text-editor\" data-id=\"b3f6373\" data-element_type=\"widget\" data-e-type=\"widget\" data-widget_type=\"text-editor.default\">\n\t\t\t\t<div class=\"elementor-widget-container\">\n\t\t\t\t\t\t\t\t\t<p class=\"rtejustify\"><strong><a href=\"https:\/\/uniwersytetotwarty.us.edu.pl\/utw\/wp-content\/uploads\/sites\/15\/2026\/03\/TERMINARZ-WYJAZDOW-ORGANIZOWANYCH-W-2026-R.-PRZEZ-BIURO-PODROZY-ATUT-DLA-UTW-W-US.pdf\">TERMINARZ WYJAZD\u00d3W ORGANIZOWANYCH W 2026 R. PRZEZ BIURO PODR\u00d3\u017bY ATUT DLA UTW W US<\/a><\/strong><\/p><hr \/><p><strong><a href=\"https:\/\/uniwersytetotwarty.us.edu.pl\/utw\/wp-content\/uploads\/sites\/15\/2026\/02\/Regulamin-korzystania-z-wycieczek-z-Biura-ATUT-w-2026.pdf\">Regulamin korzystania z wycieczek z Biura ATUT w 2026<\/a><\/strong><\/p><p class=\"rtecenter\"><strong>Nr konta bankowego Biura ATUT: 03 1050 1331 1000 0010 0114 8327<\/strong><strong>,<\/strong><\/p><p class=\"rtecenter\">w tytule przelewu nale\u017cy poda\u0107: UTW K-ce, nazwisko i dat\u0119 wycieczki.<\/p><hr \/><hr \/><hr \/><p class=\"rtecenter\"><strong><img decoding=\"async\" src=\"https:\/\/utw.us.edu.pl\/sites\/utw.us.edu.pl\/files\/imce\/pura_vida_1.jpg\" alt=\"\" \/><\/strong><strong>PURA VIDA<\/strong><\/p><p><strong>Proponuje w 2026 r.:<\/strong><\/p><p>\u201dJAK W ZEGARKU\u201d \u00a0Szwajcaria samolotem \u00a01-8.07.2026 r.<br \/>Program: &gt;<a href=\"https:\/\/uniwersytetotwarty.us.edu.pl\/utw\/wp-content\/uploads\/sites\/15\/2026\/02\/Szwajcaria-Objazdowa-1-8.07.2026.pdf\">Szwajcaria Objazdowa 1-8.07.2026<\/a><\/p><p>PROPONOWANA CENA PRZY GRUPIE 40 osobowej: <u>8549 pln \/ osoba<\/u><\/p><hr \/><p>Zg\u0142oszenia przyjmuje:<\/p><p>Katarzyna Witczak l Pura Vida Group Sp. z o.o.<br \/>Specjalista ds. marketingu i sprzeda\u017cy<\/p><p>T: +48 726 666 618<br \/>M:\u00a0<a href=\"mailto:kasia@puravida.com.pl\">kasia@puravida.com.pl<\/a><br \/><a href=\"http:\/\/www.puravida.com.pl\/\">www.puravida.com.pl<\/a><br \/><a href=\"https:\/\/m.facebook.com\/PVsocialclub\/\">https:\/\/m.facebook.com\/PVsocialclub\/<\/a><\/p><p>Joanna Krzysteczko<br \/>T: 691\u00a0749\u00a0990<br \/>M: <a href=\"mailto:jotka10@interia.eu\">jotka10@interia.eu<\/a><\/p><p><strong>Zapis\u00f3w na wycieczki mo\u017cna dokona\u0107 wysy\u0142aj\u0105c maila z wype\u0142nionym formularzem na adres:\u00a0\u00a0<a href=\"mailto:kasia@puravida.com.pl\">kasia@puravida.com.pl<\/a>\u00a0\u00a0<\/strong><\/p><p><a href=\"https:\/\/uniwersytetotwarty.us.edu.pl\/utw\/wp-content\/uploads\/sites\/15\/2025\/04\/dane_podstawowe_do_umow_na_wyjazd_turystyczny.docx\">Wz\u00f3r formularza<\/a> (docx, 10 kB)<\/p><p><a href=\"https:\/\/uniwersytetotwarty.us.edu.pl\/utw\/wp-content\/uploads\/sites\/15\/2025\/04\/dane_podstawowe_do_umow_na_wyjazd_turystyczny.pdf\">Wz\u00f3r formularza<\/a> (pdf, 372 kB)<\/p>\t\t\t\t\t\t\t\t<\/div>\n\t\t\t\t<\/div>\n\t\t\t\t\t<\/div>\n\t\t<\/div>\n\t\t\t\t\t<\/div>\n\t\t<\/section>\n\t\t\t\t<\/div>\n\t\t","protected":false},"excerpt":{"rendered":"<p>15 kwietnia 2026 Szanowni Sympatycy Klubu Podr\u00f3\u017cnika Zapraszamy na spotkania we wtorki:\u00a010 marca, 21 kwietnia, 19 maja 2026o godz. 14:00 w sali 227 Instytutu Matematyki, Bankowa 14, 2 pi\u0119tro. Zapraszamy na kolejne spotkanie sympatyk\u00f3w Klubu Podr\u00f3\u017cnika we wtorek 21 kwietnia o godz. 14:00.Go\u015bcini\u0105 spotkania b\u0119dzie pani Beata Tomanek \u2013 Redaktor Polskiego Radia Katowice, kt\u00f3ra opowie [&hellip;]<\/p>\n","protected":false},"author":2,"featured_media":0,"parent":246,"menu_order":0,"comment_status":"closed","ping_status":"closed","template":"","meta":{"footnotes":""},"class_list":["post-285","page","type-page","status-publish","hentry"],"yoast_head":"<!-- This site is optimized with the Yoast SEO plugin v27.4 - https:\/\/yoast.com\/product\/yoast-seo-wordpress\/ -->\n<title>Klub podr\u00f3\u017cnika - UTW<\/title>\n<meta name=\"robots\" content=\"noindex, follow, max-snippet:-1, max-image-preview:large, max-video-preview:-1\" \/>\n<meta property=\"og:locale\" content=\"pl_PL\" \/>\n<meta property=\"og:type\" content=\"article\" \/>\n<meta property=\"og:title\" content=\"Klub podr\u00f3\u017cnika - UTW\" \/>\n<meta property=\"og:description\" content=\"15 kwietnia 2026 Szanowni Sympatycy Klubu Podr\u00f3\u017cnika Zapraszamy na spotkania we wtorki:\u00a010 marca, 21 kwietnia, 19 maja 2026o godz. 14:00 w sali 227 Instytutu Matematyki, Bankowa 14, 2 pi\u0119tro. Zapraszamy na kolejne spotkanie sympatyk\u00f3w Klubu Podr\u00f3\u017cnika we wtorek 21 kwietnia o godz. 14:00.Go\u015bcini\u0105 spotkania b\u0119dzie pani Beata Tomanek \u2013 Redaktor Polskiego Radia Katowice, kt\u00f3ra opowie [&hellip;]\" \/>\n<meta property=\"og:url\" content=\"https:\/\/uniwersytetotwarty.us.edu.pl\/utw\/katowice\/klub-podroznika\/\" \/>\n<meta property=\"og:site_name\" content=\"UTW\" \/>\n<meta property=\"article:modified_time\" content=\"2026-04-15T18:44:04+00:00\" \/>\n<meta property=\"og:image\" content=\"https:\/\/utw.us.edu.pl\/sites\/utw.us.edu.pl\/files\/imce\/pura_vida_1.jpg\" \/>\n<meta name=\"twitter:card\" content=\"summary_large_image\" \/>\n<meta name=\"twitter:label1\" content=\"Szacowany czas czytania\" \/>\n\t<meta name=\"twitter:data1\" content=\"3 minuty\" \/>\n<script type=\"application\/ld+json\" class=\"yoast-schema-graph\">{\"@context\":\"https:\\\/\\\/schema.org\",\"@graph\":[{\"@type\":\"WebPage\",\"@id\":\"https:\\\/\\\/uniwersytetotwarty.us.edu.pl\\\/utw\\\/katowice\\\/klub-podroznika\\\/\",\"url\":\"https:\\\/\\\/uniwersytetotwarty.us.edu.pl\\\/utw\\\/katowice\\\/klub-podroznika\\\/\",\"name\":\"Klub podr\u00f3\u017cnika - UTW\",\"isPartOf\":{\"@id\":\"https:\\\/\\\/uniwersytetotwarty.us.edu.pl\\\/utw\\\/#website\"},\"primaryImageOfPage\":{\"@id\":\"https:\\\/\\\/uniwersytetotwarty.us.edu.pl\\\/utw\\\/katowice\\\/klub-podroznika\\\/#primaryimage\"},\"image\":{\"@id\":\"https:\\\/\\\/uniwersytetotwarty.us.edu.pl\\\/utw\\\/katowice\\\/klub-podroznika\\\/#primaryimage\"},\"thumbnailUrl\":\"https:\\\/\\\/utw.us.edu.pl\\\/sites\\\/utw.us.edu.pl\\\/files\\\/imce\\\/pura_vida_1.jpg\",\"datePublished\":\"2025-01-15T12:30:04+00:00\",\"dateModified\":\"2026-04-15T18:44:04+00:00\",\"breadcrumb\":{\"@id\":\"https:\\\/\\\/uniwersytetotwarty.us.edu.pl\\\/utw\\\/katowice\\\/klub-podroznika\\\/#breadcrumb\"},\"inLanguage\":\"pl-PL\",\"potentialAction\":[{\"@type\":\"ReadAction\",\"target\":[\"https:\\\/\\\/uniwersytetotwarty.us.edu.pl\\\/utw\\\/katowice\\\/klub-podroznika\\\/\"]}]},{\"@type\":\"ImageObject\",\"inLanguage\":\"pl-PL\",\"@id\":\"https:\\\/\\\/uniwersytetotwarty.us.edu.pl\\\/utw\\\/katowice\\\/klub-podroznika\\\/#primaryimage\",\"url\":\"https:\\\/\\\/utw.us.edu.pl\\\/sites\\\/utw.us.edu.pl\\\/files\\\/imce\\\/pura_vida_1.jpg\",\"contentUrl\":\"https:\\\/\\\/utw.us.edu.pl\\\/sites\\\/utw.us.edu.pl\\\/files\\\/imce\\\/pura_vida_1.jpg\"},{\"@type\":\"BreadcrumbList\",\"@id\":\"https:\\\/\\\/uniwersytetotwarty.us.edu.pl\\\/utw\\\/katowice\\\/klub-podroznika\\\/#breadcrumb\",\"itemListElement\":[{\"@type\":\"ListItem\",\"position\":1,\"name\":\"UTW\",\"item\":\"https:\\\/\\\/uniwersytetotwarty.us.edu.pl\\\/utw\\\/\"},{\"@type\":\"ListItem\",\"position\":2,\"name\":\"Katowice\",\"item\":\"https:\\\/\\\/uniwersytetotwarty.us.edu.pl\\\/utw\\\/katowice\\\/\"},{\"@type\":\"ListItem\",\"position\":3,\"name\":\"Klub podr\u00f3\u017cnika\"}]},{\"@type\":\"WebSite\",\"@id\":\"https:\\\/\\\/uniwersytetotwarty.us.edu.pl\\\/utw\\\/#website\",\"url\":\"https:\\\/\\\/uniwersytetotwarty.us.edu.pl\\\/utw\\\/\",\"name\":\"UTW\",\"description\":\"\",\"publisher\":{\"@id\":\"https:\\\/\\\/uniwersytetotwarty.us.edu.pl\\\/utw\\\/#organization\"},\"potentialAction\":[{\"@type\":\"SearchAction\",\"target\":{\"@type\":\"EntryPoint\",\"urlTemplate\":\"https:\\\/\\\/uniwersytetotwarty.us.edu.pl\\\/utw\\\/?s={search_term_string}\"},\"query-input\":{\"@type\":\"PropertyValueSpecification\",\"valueRequired\":true,\"valueName\":\"search_term_string\"}}],\"inLanguage\":\"pl-PL\"},{\"@type\":\"Organization\",\"@id\":\"https:\\\/\\\/uniwersytetotwarty.us.edu.pl\\\/utw\\\/#organization\",\"name\":\"Uniwersytet \u015al\u0105ski\",\"url\":\"https:\\\/\\\/uniwersytetotwarty.us.edu.pl\\\/utw\\\/\",\"logo\":{\"@type\":\"ImageObject\",\"inLanguage\":\"pl-PL\",\"@id\":\"https:\\\/\\\/uniwersytetotwarty.us.edu.pl\\\/utw\\\/#\\\/schema\\\/logo\\\/image\\\/\",\"url\":\"https:\\\/\\\/uniwersytetotwarty.us.edu.pl\\\/utw\\\/wp-content\\\/uploads\\\/sites\\\/15\\\/2023\\\/10\\\/US_UO-biale.png\",\"contentUrl\":\"https:\\\/\\\/uniwersytetotwarty.us.edu.pl\\\/utw\\\/wp-content\\\/uploads\\\/sites\\\/15\\\/2023\\\/10\\\/US_UO-biale.png\",\"width\":1923,\"height\":326,\"caption\":\"Uniwersytet \u015al\u0105ski\"},\"image\":{\"@id\":\"https:\\\/\\\/uniwersytetotwarty.us.edu.pl\\\/utw\\\/#\\\/schema\\\/logo\\\/image\\\/\"}}]}<\/script>\n<!-- \/ Yoast SEO plugin. -->","yoast_head_json":{"title":"Klub podr\u00f3\u017cnika - UTW","robots":{"index":"noindex","follow":"follow","max-snippet":"max-snippet:-1","max-image-preview":"max-image-preview:large","max-video-preview":"max-video-preview:-1"},"og_locale":"pl_PL","og_type":"article","og_title":"Klub podr\u00f3\u017cnika - UTW","og_description":"15 kwietnia 2026 Szanowni Sympatycy Klubu Podr\u00f3\u017cnika Zapraszamy na spotkania we wtorki:\u00a010 marca, 21 kwietnia, 19 maja 2026o godz. 14:00 w sali 227 Instytutu Matematyki, Bankowa 14, 2 pi\u0119tro. Zapraszamy na kolejne spotkanie sympatyk\u00f3w Klubu Podr\u00f3\u017cnika we wtorek 21 kwietnia o godz. 14:00.Go\u015bcini\u0105 spotkania b\u0119dzie pani Beata Tomanek \u2013 Redaktor Polskiego Radia Katowice, kt\u00f3ra opowie [&hellip;]","og_url":"https:\/\/uniwersytetotwarty.us.edu.pl\/utw\/katowice\/klub-podroznika\/","og_site_name":"UTW","article_modified_time":"2026-04-15T18:44:04+00:00","og_image":[{"url":"https:\/\/utw.us.edu.pl\/sites\/utw.us.edu.pl\/files\/imce\/pura_vida_1.jpg","type":"","width":"","height":""}],"twitter_card":"summary_large_image","twitter_misc":{"Szacowany czas czytania":"3 minuty"},"schema":{"@context":"https:\/\/schema.org","@graph":[{"@type":"WebPage","@id":"https:\/\/uniwersytetotwarty.us.edu.pl\/utw\/katowice\/klub-podroznika\/","url":"https:\/\/uniwersytetotwarty.us.edu.pl\/utw\/katowice\/klub-podroznika\/","name":"Klub podr\u00f3\u017cnika - UTW","isPartOf":{"@id":"https:\/\/uniwersytetotwarty.us.edu.pl\/utw\/#website"},"primaryImageOfPage":{"@id":"https:\/\/uniwersytetotwarty.us.edu.pl\/utw\/katowice\/klub-podroznika\/#primaryimage"},"image":{"@id":"https:\/\/uniwersytetotwarty.us.edu.pl\/utw\/katowice\/klub-podroznika\/#primaryimage"},"thumbnailUrl":"https:\/\/utw.us.edu.pl\/sites\/utw.us.edu.pl\/files\/imce\/pura_vida_1.jpg","datePublished":"2025-01-15T12:30:04+00:00","dateModified":"2026-04-15T18:44:04+00:00","breadcrumb":{"@id":"https:\/\/uniwersytetotwarty.us.edu.pl\/utw\/katowice\/klub-podroznika\/#breadcrumb"},"inLanguage":"pl-PL","potentialAction":[{"@type":"ReadAction","target":["https:\/\/uniwersytetotwarty.us.edu.pl\/utw\/katowice\/klub-podroznika\/"]}]},{"@type":"ImageObject","inLanguage":"pl-PL","@id":"https:\/\/uniwersytetotwarty.us.edu.pl\/utw\/katowice\/klub-podroznika\/#primaryimage","url":"https:\/\/utw.us.edu.pl\/sites\/utw.us.edu.pl\/files\/imce\/pura_vida_1.jpg","contentUrl":"https:\/\/utw.us.edu.pl\/sites\/utw.us.edu.pl\/files\/imce\/pura_vida_1.jpg"},{"@type":"BreadcrumbList","@id":"https:\/\/uniwersytetotwarty.us.edu.pl\/utw\/katowice\/klub-podroznika\/#breadcrumb","itemListElement":[{"@type":"ListItem","position":1,"name":"UTW","item":"https:\/\/uniwersytetotwarty.us.edu.pl\/utw\/"},{"@type":"ListItem","position":2,"name":"Katowice","item":"https:\/\/uniwersytetotwarty.us.edu.pl\/utw\/katowice\/"},{"@type":"ListItem","position":3,"name":"Klub podr\u00f3\u017cnika"}]},{"@type":"WebSite","@id":"https:\/\/uniwersytetotwarty.us.edu.pl\/utw\/#website","url":"https:\/\/uniwersytetotwarty.us.edu.pl\/utw\/","name":"UTW","description":"","publisher":{"@id":"https:\/\/uniwersytetotwarty.us.edu.pl\/utw\/#organization"},"potentialAction":[{"@type":"SearchAction","target":{"@type":"EntryPoint","urlTemplate":"https:\/\/uniwersytetotwarty.us.edu.pl\/utw\/?s={search_term_string}"},"query-input":{"@type":"PropertyValueSpecification","valueRequired":true,"valueName":"search_term_string"}}],"inLanguage":"pl-PL"},{"@type":"Organization","@id":"https:\/\/uniwersytetotwarty.us.edu.pl\/utw\/#organization","name":"Uniwersytet \u015al\u0105ski","url":"https:\/\/uniwersytetotwarty.us.edu.pl\/utw\/","logo":{"@type":"ImageObject","inLanguage":"pl-PL","@id":"https:\/\/uniwersytetotwarty.us.edu.pl\/utw\/#\/schema\/logo\/image\/","url":"https:\/\/uniwersytetotwarty.us.edu.pl\/utw\/wp-content\/uploads\/sites\/15\/2023\/10\/US_UO-biale.png","contentUrl":"https:\/\/uniwersytetotwarty.us.edu.pl\/utw\/wp-content\/uploads\/sites\/15\/2023\/10\/US_UO-biale.png","width":1923,"height":326,"caption":"Uniwersytet \u015al\u0105ski"},"image":{"@id":"https:\/\/uniwersytetotwarty.us.edu.pl\/utw\/#\/schema\/logo\/image\/"}}]}},"_links":{"self":[{"href":"https:\/\/uniwersytetotwarty.us.edu.pl\/utw\/wp-json\/wp\/v2\/pages\/285","targetHints":{"allow":["GET"]}}],"collection":[{"href":"https:\/\/uniwersytetotwarty.us.edu.pl\/utw\/wp-json\/wp\/v2\/pages"}],"about":[{"href":"https:\/\/uniwersytetotwarty.us.edu.pl\/utw\/wp-json\/wp\/v2\/types\/page"}],"author":[{"embeddable":true,"href":"https:\/\/uniwersytetotwarty.us.edu.pl\/utw\/wp-json\/wp\/v2\/users\/2"}],"replies":[{"embeddable":true,"href":"https:\/\/uniwersytetotwarty.us.edu.pl\/utw\/wp-json\/wp\/v2\/comments?post=285"}],"version-history":[{"count":10,"href":"https:\/\/uniwersytetotwarty.us.edu.pl\/utw\/wp-json\/wp\/v2\/pages\/285\/revisions"}],"predecessor-version":[{"id":12855,"href":"https:\/\/uniwersytetotwarty.us.edu.pl\/utw\/wp-json\/wp\/v2\/pages\/285\/revisions\/12855"}],"up":[{"embeddable":true,"href":"https:\/\/uniwersytetotwarty.us.edu.pl\/utw\/wp-json\/wp\/v2\/pages\/246"}],"wp:attachment":[{"href":"https:\/\/uniwersytetotwarty.us.edu.pl\/utw\/wp-json\/wp\/v2\/media?parent=285"}],"curies":[{"name":"wp","href":"https:\/\/api.w.org\/{rel}","templated":true}]}}