{"id":138,"date":"2023-07-17T14:13:37","date_gmt":"2023-07-17T12:13:37","guid":{"rendered":"https:\/\/uniwersytetotwarty.us.edu.pl\/usmlodziezy\/?page_id=138"},"modified":"2023-11-16T22:17:01","modified_gmt":"2023-11-16T21:17:01","slug":"galeria","status":"publish","type":"page","link":"https:\/\/uniwersytetotwarty.us.edu.pl\/usmlodziezy\/galeria\/","title":{"rendered":"Galeria"},"content":{"rendered":"\t\t<div data-elementor-type=\"wp-page\" data-elementor-id=\"138\" class=\"elementor elementor-138\" data-elementor-post-type=\"page\">\n\t\t\t\t\t\t<section class=\"elementor-section elementor-top-section elementor-element elementor-element-fdff967 elementor-section-stretched elementor-section-boxed elementor-section-height-default elementor-section-height-default\" data-id=\"fdff967\" data-element_type=\"section\" data-e-type=\"section\" data-settings=\"{&quot;stretch_section&quot;:&quot;section-stretched&quot;}\">\n\t\t\t\t\t\t<div class=\"elementor-container elementor-column-gap-default\">\n\t\t\t\t\t<div class=\"elementor-column elementor-col-100 elementor-top-column elementor-element elementor-element-83348b5\" data-id=\"83348b5\" data-element_type=\"column\" data-e-type=\"column\">\n\t\t\t<div class=\"elementor-widget-wrap elementor-element-populated\">\n\t\t\t\t\t\t<div class=\"elementor-element elementor-element-a67a14f elementor-widget elementor-widget-heading\" data-id=\"a67a14f\" data-element_type=\"widget\" data-e-type=\"widget\" data-widget_type=\"heading.default\">\n\t\t\t\t<div class=\"elementor-widget-container\">\n\t\t\t\t\t<h2 class=\"elementor-heading-title elementor-size-default\">Galeria zdj\u0119\u0107<\/h2>\t\t\t\t<\/div>\n\t\t\t\t<\/div>\n\t\t\t\t<div class=\"elementor-element elementor-element-e04f6e2 elementor-widget elementor-widget-gallery\" data-id=\"e04f6e2\" data-element_type=\"widget\" data-e-type=\"widget\" data-settings=\"{&quot;columns&quot;:&quot;3&quot;,&quot;lazyload&quot;:&quot;yes&quot;,&quot;gallery_layout&quot;:&quot;grid&quot;,&quot;columns_tablet&quot;:2,&quot;columns_mobile&quot;:1,&quot;gap&quot;:{&quot;unit&quot;:&quot;px&quot;,&quot;size&quot;:10,&quot;sizes&quot;:[]},&quot;gap_tablet&quot;:{&quot;unit&quot;:&quot;px&quot;,&quot;size&quot;:10,&quot;sizes&quot;:[]},&quot;gap_mobile&quot;:{&quot;unit&quot;:&quot;px&quot;,&quot;size&quot;:10,&quot;sizes&quot;:[]},&quot;link_to&quot;:&quot;file&quot;,&quot;aspect_ratio&quot;:&quot;3:2&quot;,&quot;overlay_background&quot;:&quot;yes&quot;,&quot;content_hover_animation&quot;:&quot;fade-in&quot;}\" data-widget_type=\"gallery.default\">\n\t\t\t\t<div class=\"elementor-widget-container\">\n\t\t\t\t\t\t\t<div class=\"elementor-gallery__container\">\n\t\t\t\t\t\t\t<a class=\"e-gallery-item elementor-gallery-item elementor-animated-content\" href=\"https:\/\/uniwersytetotwarty.us.edu.pl\/usmlodziezy\/wp-content\/uploads\/sites\/5\/2023\/10\/318296803_120353654227870_3501220469407691599_n.jpg\" data-elementor-open-lightbox=\"yes\" data-elementor-lightbox-slideshow=\"e04f6e2\" data-elementor-lightbox-title=\"Warsztaty indywidualne dla szk\u00f3\u0142\" data-e-action-hash=\"#elementor-action%3Aaction%3Dlightbox%26settings%3DeyJpZCI6MzI2LCJ1cmwiOiJodHRwczpcL1wvdW5pd2Vyc3l0ZXRvdHdhcnR5LnVzLmVkdS5wbFwvdXNtbG9kemllenlcL3dwLWNvbnRlbnRcL3VwbG9hZHNcL3NpdGVzXC81XC8yMDIzXC8xMFwvMzE4Mjk2ODAzXzEyMDM1MzY1NDIyNzg3MF8zNTAxMjIwNDY5NDA3NjkxNTk5X24uanBnIiwic2xpZGVzaG93IjoiZTA0ZjZlMiJ9\">\n\t\t\t\t\t<div class=\"e-gallery-image elementor-gallery-item__image\" data-thumbnail=\"https:\/\/uniwersytetotwarty.us.edu.pl\/usmlodziezy\/wp-content\/uploads\/sites\/5\/2023\/10\/318296803_120353654227870_3501220469407691599_n-300x169.jpg\" data-width=\"300\" data-height=\"169\" aria-label=\"\" role=\"img\" ><\/div>\n\t\t\t\t\t\t\t\t\t\t\t<div class=\"elementor-gallery-item__overlay\"><\/div>\n\t\t\t\t\t\t\t\t\t\t\t\t\t\t<\/a>\n\t\t\t\t\t\t\t<a class=\"e-gallery-item elementor-gallery-item elementor-animated-content\" href=\"https:\/\/uniwersytetotwarty.us.edu.pl\/usmlodziezy\/wp-content\/uploads\/sites\/5\/2023\/10\/318170932_120354207561148_6995779885128147206_n.jpg\" data-elementor-open-lightbox=\"yes\" data-elementor-lightbox-slideshow=\"e04f6e2\" data-elementor-lightbox-title=\"Warsztaty indywidualne dla szk\u00f3\u0142\" data-e-action-hash=\"#elementor-action%3Aaction%3Dlightbox%26settings%3DeyJpZCI6MzI1LCJ1cmwiOiJodHRwczpcL1wvdW5pd2Vyc3l0ZXRvdHdhcnR5LnVzLmVkdS5wbFwvdXNtbG9kemllenlcL3dwLWNvbnRlbnRcL3VwbG9hZHNcL3NpdGVzXC81XC8yMDIzXC8xMFwvMzE4MTcwOTMyXzEyMDM1NDIwNzU2MTE0OF82OTk1Nzc5ODg1MTI4MTQ3MjA2X24uanBnIiwic2xpZGVzaG93IjoiZTA0ZjZlMiJ9\">\n\t\t\t\t\t<div class=\"e-gallery-image elementor-gallery-item__image\" data-thumbnail=\"https:\/\/uniwersytetotwarty.us.edu.pl\/usmlodziezy\/wp-content\/uploads\/sites\/5\/2023\/10\/318170932_120354207561148_6995779885128147206_n-300x169.jpg\" data-width=\"300\" data-height=\"169\" aria-label=\"\" role=\"img\" ><\/div>\n\t\t\t\t\t\t\t\t\t\t\t<div class=\"elementor-gallery-item__overlay\"><\/div>\n\t\t\t\t\t\t\t\t\t\t\t\t\t\t<\/a>\n\t\t\t\t\t\t\t<a class=\"e-gallery-item elementor-gallery-item elementor-animated-content\" href=\"https:\/\/uniwersytetotwarty.us.edu.pl\/usmlodziezy\/wp-content\/uploads\/sites\/5\/2023\/10\/359512708_233471236249444_8822978680862936802_n.jpg\" data-elementor-open-lightbox=\"yes\" data-elementor-lightbox-slideshow=\"e04f6e2\" data-elementor-lightbox-title=\"Zako\u0144czenie roku akademickiego 2022\/2023\" data-e-action-hash=\"#elementor-action%3Aaction%3Dlightbox%26settings%3DeyJpZCI6MzI5LCJ1cmwiOiJodHRwczpcL1wvdW5pd2Vyc3l0ZXRvdHdhcnR5LnVzLmVkdS5wbFwvdXNtbG9kemllenlcL3dwLWNvbnRlbnRcL3VwbG9hZHNcL3NpdGVzXC81XC8yMDIzXC8xMFwvMzU5NTEyNzA4XzIzMzQ3MTIzNjI0OTQ0NF84ODIyOTc4NjgwODYyOTM2ODAyX24uanBnIiwic2xpZGVzaG93IjoiZTA0ZjZlMiJ9\">\n\t\t\t\t\t<div class=\"e-gallery-image elementor-gallery-item__image\" data-thumbnail=\"https:\/\/uniwersytetotwarty.us.edu.pl\/usmlodziezy\/wp-content\/uploads\/sites\/5\/2023\/10\/359512708_233471236249444_8822978680862936802_n-240x300.jpg\" data-width=\"240\" data-height=\"300\" aria-label=\"\" role=\"img\" ><\/div>\n\t\t\t\t\t\t\t\t\t\t\t<div class=\"elementor-gallery-item__overlay\"><\/div>\n\t\t\t\t\t\t\t\t\t\t\t\t\t\t<\/a>\n\t\t\t\t\t\t\t<a class=\"e-gallery-item elementor-gallery-item elementor-animated-content\" href=\"https:\/\/uniwersytetotwarty.us.edu.pl\/usmlodziezy\/wp-content\/uploads\/sites\/5\/2023\/11\/DSC04276-scaled.jpg\" data-elementor-open-lightbox=\"yes\" data-elementor-lightbox-slideshow=\"e04f6e2\" data-elementor-lightbox-title=\"Kurs przygotowuj\u0105cy do egzaminu 8 klasisty 2023\" data-e-action-hash=\"#elementor-action%3Aaction%3Dlightbox%26settings%3DeyJpZCI6NjEzLCJ1cmwiOiJodHRwczpcL1wvdW5pd2Vyc3l0ZXRvdHdhcnR5LnVzLmVkdS5wbFwvdXNtbG9kemllenlcL3dwLWNvbnRlbnRcL3VwbG9hZHNcL3NpdGVzXC81XC8yMDIzXC8xMVwvRFNDMDQyNzYtc2NhbGVkLmpwZyIsInNsaWRlc2hvdyI6ImUwNGY2ZTIifQ%3D%3D\">\n\t\t\t\t\t<div class=\"e-gallery-image elementor-gallery-item__image\" data-thumbnail=\"https:\/\/uniwersytetotwarty.us.edu.pl\/usmlodziezy\/wp-content\/uploads\/sites\/5\/2023\/11\/DSC04276-300x169.jpg\" data-width=\"300\" data-height=\"169\" aria-label=\"\" role=\"img\" ><\/div>\n\t\t\t\t\t\t\t\t\t\t\t<div class=\"elementor-gallery-item__overlay\"><\/div>\n\t\t\t\t\t\t\t\t\t\t\t\t\t\t<\/a>\n\t\t\t\t\t\t\t<a class=\"e-gallery-item elementor-gallery-item elementor-animated-content\" href=\"https:\/\/uniwersytetotwarty.us.edu.pl\/usmlodziezy\/wp-content\/uploads\/sites\/5\/2023\/11\/DSC04255-scaled.jpg\" data-elementor-open-lightbox=\"yes\" data-elementor-lightbox-slideshow=\"e04f6e2\" data-elementor-lightbox-title=\"Zaj\u0119cia semestralne - Zabawa z DNA\" data-e-action-hash=\"#elementor-action%3Aaction%3Dlightbox%26settings%3DeyJpZCI6NjEyLCJ1cmwiOiJodHRwczpcL1wvdW5pd2Vyc3l0ZXRvdHdhcnR5LnVzLmVkdS5wbFwvdXNtbG9kemllenlcL3dwLWNvbnRlbnRcL3VwbG9hZHNcL3NpdGVzXC81XC8yMDIzXC8xMVwvRFNDMDQyNTUtc2NhbGVkLmpwZyIsInNsaWRlc2hvdyI6ImUwNGY2ZTIifQ%3D%3D\">\n\t\t\t\t\t<div class=\"e-gallery-image elementor-gallery-item__image\" data-thumbnail=\"https:\/\/uniwersytetotwarty.us.edu.pl\/usmlodziezy\/wp-content\/uploads\/sites\/5\/2023\/11\/DSC04255-300x169.jpg\" data-width=\"300\" data-height=\"169\" aria-label=\"\" role=\"img\" ><\/div>\n\t\t\t\t\t\t\t\t\t\t\t<div class=\"elementor-gallery-item__overlay\"><\/div>\n\t\t\t\t\t\t\t\t\t\t\t\t\t\t<\/a>\n\t\t\t\t\t\t\t<a class=\"e-gallery-item elementor-gallery-item elementor-animated-content\" href=\"https:\/\/uniwersytetotwarty.us.edu.pl\/usmlodziezy\/wp-content\/uploads\/sites\/5\/2023\/11\/DSC03840-scaled.jpg\" data-elementor-open-lightbox=\"yes\" data-elementor-lightbox-slideshow=\"e04f6e2\" data-elementor-lightbox-title=\"Zaj\u0119cia semestralne - Patrz\u0119, czuj\u0119, preparuj\u0119\" data-e-action-hash=\"#elementor-action%3Aaction%3Dlightbox%26settings%3DeyJpZCI6NTk0LCJ1cmwiOiJodHRwczpcL1wvdW5pd2Vyc3l0ZXRvdHdhcnR5LnVzLmVkdS5wbFwvdXNtbG9kemllenlcL3dwLWNvbnRlbnRcL3VwbG9hZHNcL3NpdGVzXC81XC8yMDIzXC8xMVwvRFNDMDM4NDAtc2NhbGVkLmpwZyIsInNsaWRlc2hvdyI6ImUwNGY2ZTIifQ%3D%3D\">\n\t\t\t\t\t<div class=\"e-gallery-image elementor-gallery-item__image\" data-thumbnail=\"https:\/\/uniwersytetotwarty.us.edu.pl\/usmlodziezy\/wp-content\/uploads\/sites\/5\/2023\/11\/DSC03840-300x169.jpg\" data-width=\"300\" data-height=\"169\" aria-label=\"\" role=\"img\" ><\/div>\n\t\t\t\t\t\t\t\t\t\t\t<div class=\"elementor-gallery-item__overlay\"><\/div>\n\t\t\t\t\t\t\t\t\t\t\t\t\t\t<\/a>\n\t\t\t\t\t\t\t<a class=\"e-gallery-item elementor-gallery-item elementor-animated-content\" href=\"https:\/\/uniwersytetotwarty.us.edu.pl\/usmlodziezy\/wp-content\/uploads\/sites\/5\/2023\/11\/DSC04248-scaled.jpg\" data-elementor-open-lightbox=\"yes\" data-elementor-lightbox-slideshow=\"e04f6e2\" data-elementor-lightbox-title=\"Zaj\u0119cia semestralne - Zabawa z DNA\" data-e-action-hash=\"#elementor-action%3Aaction%3Dlightbox%26settings%3DeyJpZCI6NjExLCJ1cmwiOiJodHRwczpcL1wvdW5pd2Vyc3l0ZXRvdHdhcnR5LnVzLmVkdS5wbFwvdXNtbG9kemllenlcL3dwLWNvbnRlbnRcL3VwbG9hZHNcL3NpdGVzXC81XC8yMDIzXC8xMVwvRFNDMDQyNDgtc2NhbGVkLmpwZyIsInNsaWRlc2hvdyI6ImUwNGY2ZTIifQ%3D%3D\">\n\t\t\t\t\t<div class=\"e-gallery-image elementor-gallery-item__image\" data-thumbnail=\"https:\/\/uniwersytetotwarty.us.edu.pl\/usmlodziezy\/wp-content\/uploads\/sites\/5\/2023\/11\/DSC04248-300x169.jpg\" data-width=\"300\" data-height=\"169\" aria-label=\"\" role=\"img\" ><\/div>\n\t\t\t\t\t\t\t\t\t\t\t<div class=\"elementor-gallery-item__overlay\"><\/div>\n\t\t\t\t\t\t\t\t\t\t\t\t\t\t<\/a>\n\t\t\t\t\t\t\t<a class=\"e-gallery-item elementor-gallery-item elementor-animated-content\" href=\"https:\/\/uniwersytetotwarty.us.edu.pl\/usmlodziezy\/wp-content\/uploads\/sites\/5\/2023\/11\/DSC04173-scaled.jpg\" data-elementor-open-lightbox=\"yes\" data-elementor-lightbox-slideshow=\"e04f6e2\" data-elementor-lightbox-title=\"Zaj\u0119cia semestralne - Chemiczna kuchnia\" data-e-action-hash=\"#elementor-action%3Aaction%3Dlightbox%26settings%3DeyJpZCI6NjEwLCJ1cmwiOiJodHRwczpcL1wvdW5pd2Vyc3l0ZXRvdHdhcnR5LnVzLmVkdS5wbFwvdXNtbG9kemllenlcL3dwLWNvbnRlbnRcL3VwbG9hZHNcL3NpdGVzXC81XC8yMDIzXC8xMVwvRFNDMDQxNzMtc2NhbGVkLmpwZyIsInNsaWRlc2hvdyI6ImUwNGY2ZTIifQ%3D%3D\">\n\t\t\t\t\t<div class=\"e-gallery-image elementor-gallery-item__image\" data-thumbnail=\"https:\/\/uniwersytetotwarty.us.edu.pl\/usmlodziezy\/wp-content\/uploads\/sites\/5\/2023\/11\/DSC04173-300x169.jpg\" data-width=\"300\" data-height=\"169\" aria-label=\"\" role=\"img\" ><\/div>\n\t\t\t\t\t\t\t\t\t\t\t<div class=\"elementor-gallery-item__overlay\"><\/div>\n\t\t\t\t\t\t\t\t\t\t\t\t\t\t<\/a>\n\t\t\t\t\t\t\t<a class=\"e-gallery-item elementor-gallery-item elementor-animated-content\" href=\"https:\/\/uniwersytetotwarty.us.edu.pl\/usmlodziezy\/wp-content\/uploads\/sites\/5\/2023\/11\/DSC03965-scaled.jpg\" data-elementor-open-lightbox=\"yes\" data-elementor-lightbox-slideshow=\"e04f6e2\" data-elementor-lightbox-title=\"Zaj\u0119cia semestralne - Patrz\u0119, czuj\u0119, preparuj\u0119\" data-e-action-hash=\"#elementor-action%3Aaction%3Dlightbox%26settings%3DeyJpZCI6NjA5LCJ1cmwiOiJodHRwczpcL1wvdW5pd2Vyc3l0ZXRvdHdhcnR5LnVzLmVkdS5wbFwvdXNtbG9kemllenlcL3dwLWNvbnRlbnRcL3VwbG9hZHNcL3NpdGVzXC81XC8yMDIzXC8xMVwvRFNDMDM5NjUtc2NhbGVkLmpwZyIsInNsaWRlc2hvdyI6ImUwNGY2ZTIifQ%3D%3D\">\n\t\t\t\t\t<div class=\"e-gallery-image elementor-gallery-item__image\" data-thumbnail=\"https:\/\/uniwersytetotwarty.us.edu.pl\/usmlodziezy\/wp-content\/uploads\/sites\/5\/2023\/11\/DSC03965-300x169.jpg\" data-width=\"300\" data-height=\"169\" aria-label=\"\" role=\"img\" ><\/div>\n\t\t\t\t\t\t\t\t\t\t\t<div class=\"elementor-gallery-item__overlay\"><\/div>\n\t\t\t\t\t\t\t\t\t\t\t\t\t\t<\/a>\n\t\t\t\t\t\t\t<a class=\"e-gallery-item elementor-gallery-item elementor-animated-content\" href=\"https:\/\/uniwersytetotwarty.us.edu.pl\/usmlodziezy\/wp-content\/uploads\/sites\/5\/2023\/11\/DSC04008-scaled.jpg\" data-elementor-open-lightbox=\"yes\" data-elementor-lightbox-slideshow=\"e04f6e2\" data-elementor-lightbox-title=\"Zaj\u0119cia semestralne - Czy muminki ocal\u0105 \u015bwiat? Ekologia a literatura\" data-e-action-hash=\"#elementor-action%3Aaction%3Dlightbox%26settings%3DeyJpZCI6NTk1LCJ1cmwiOiJodHRwczpcL1wvdW5pd2Vyc3l0ZXRvdHdhcnR5LnVzLmVkdS5wbFwvdXNtbG9kemllenlcL3dwLWNvbnRlbnRcL3VwbG9hZHNcL3NpdGVzXC81XC8yMDIzXC8xMVwvRFNDMDQwMDgtc2NhbGVkLmpwZyIsInNsaWRlc2hvdyI6ImUwNGY2ZTIifQ%3D%3D\">\n\t\t\t\t\t<div class=\"e-gallery-image elementor-gallery-item__image\" data-thumbnail=\"https:\/\/uniwersytetotwarty.us.edu.pl\/usmlodziezy\/wp-content\/uploads\/sites\/5\/2023\/11\/DSC04008-300x169.jpg\" data-width=\"300\" data-height=\"169\" aria-label=\"\" role=\"img\" ><\/div>\n\t\t\t\t\t\t\t\t\t\t\t<div class=\"elementor-gallery-item__overlay\"><\/div>\n\t\t\t\t\t\t\t\t\t\t\t\t\t\t<\/a>\n\t\t\t\t\t\t\t<a class=\"e-gallery-item elementor-gallery-item elementor-animated-content\" href=\"https:\/\/uniwersytetotwarty.us.edu.pl\/usmlodziezy\/wp-content\/uploads\/sites\/5\/2023\/11\/DSC04027-scaled.jpg\" data-elementor-open-lightbox=\"yes\" data-elementor-lightbox-slideshow=\"e04f6e2\" data-elementor-lightbox-title=\"Zaj\u0119cia semestralne - Czy muminki ocal\u0105 \u015bwiat? Ekologia a literatura\" data-e-action-hash=\"#elementor-action%3Aaction%3Dlightbox%26settings%3DeyJpZCI6NjA1LCJ1cmwiOiJodHRwczpcL1wvdW5pd2Vyc3l0ZXRvdHdhcnR5LnVzLmVkdS5wbFwvdXNtbG9kemllenlcL3dwLWNvbnRlbnRcL3VwbG9hZHNcL3NpdGVzXC81XC8yMDIzXC8xMVwvRFNDMDQwMjctc2NhbGVkLmpwZyIsInNsaWRlc2hvdyI6ImUwNGY2ZTIifQ%3D%3D\">\n\t\t\t\t\t<div class=\"e-gallery-image elementor-gallery-item__image\" data-thumbnail=\"https:\/\/uniwersytetotwarty.us.edu.pl\/usmlodziezy\/wp-content\/uploads\/sites\/5\/2023\/11\/DSC04027-300x169.jpg\" data-width=\"300\" data-height=\"169\" aria-label=\"\" role=\"img\" ><\/div>\n\t\t\t\t\t\t\t\t\t\t\t<div class=\"elementor-gallery-item__overlay\"><\/div>\n\t\t\t\t\t\t\t\t\t\t\t\t\t\t<\/a>\n\t\t\t\t\t\t\t<a class=\"e-gallery-item elementor-gallery-item elementor-animated-content\" href=\"https:\/\/uniwersytetotwarty.us.edu.pl\/usmlodziezy\/wp-content\/uploads\/sites\/5\/2023\/11\/DSC03926-scaled.jpg\" data-elementor-open-lightbox=\"yes\" data-elementor-lightbox-slideshow=\"e04f6e2\" data-elementor-lightbox-title=\"Warsztaty indywidualne dla szk\u00f3\u0142\" data-e-action-hash=\"#elementor-action%3Aaction%3Dlightbox%26settings%3DeyJpZCI6NjA4LCJ1cmwiOiJodHRwczpcL1wvdW5pd2Vyc3l0ZXRvdHdhcnR5LnVzLmVkdS5wbFwvdXNtbG9kemllenlcL3dwLWNvbnRlbnRcL3VwbG9hZHNcL3NpdGVzXC81XC8yMDIzXC8xMVwvRFNDMDM5MjYtc2NhbGVkLmpwZyIsInNsaWRlc2hvdyI6ImUwNGY2ZTIifQ%3D%3D\">\n\t\t\t\t\t<div class=\"e-gallery-image elementor-gallery-item__image\" data-thumbnail=\"https:\/\/uniwersytetotwarty.us.edu.pl\/usmlodziezy\/wp-content\/uploads\/sites\/5\/2023\/11\/DSC03926-300x169.jpg\" data-width=\"300\" data-height=\"169\" aria-label=\"\" role=\"img\" ><\/div>\n\t\t\t\t\t\t\t\t\t\t\t<div class=\"elementor-gallery-item__overlay\"><\/div>\n\t\t\t\t\t\t\t\t\t\t\t\t\t\t<\/a>\n\t\t\t\t\t<\/div>\n\t\t\t\t\t<\/div>\n\t\t\t\t<\/div>\n\t\t\t\t\t<\/div>\n\t\t<\/div>\n\t\t\t\t\t<\/div>\n\t\t<\/section>\n\t\t\t\t<\/div>\n\t\t","protected":false},"excerpt":{"rendered":"<p>Galeria zdj\u0119\u0107<\/p>\n","protected":false},"author":1,"featured_media":0,"parent":0,"menu_order":0,"comment_status":"closed","ping_status":"closed","template":"","meta":{"footnotes":""},"class_list":["post-138","page","type-page","status-publish","hentry"],"yoast_head":"<!-- This site is optimized with the Yoast SEO plugin v27.3 - https:\/\/yoast.com\/product\/yoast-seo-wordpress\/ -->\n<title>Galeria - Uniwersytet \u015al\u0105ski M\u0142odzie\u017cy<\/title>\n<meta name=\"robots\" content=\"index, follow, max-snippet:-1, max-image-preview:large, max-video-preview:-1\" \/>\n<link rel=\"canonical\" href=\"https:\/\/uniwersytetotwarty.us.edu.pl\/usmlodziezy\/galeria\/\" \/>\n<meta property=\"og:locale\" content=\"pl_PL\" \/>\n<meta property=\"og:type\" content=\"article\" \/>\n<meta property=\"og:title\" content=\"Galeria - Uniwersytet \u015al\u0105ski M\u0142odzie\u017cy\" \/>\n<meta property=\"og:description\" content=\"Galeria zdj\u0119\u0107\" \/>\n<meta property=\"og:url\" content=\"https:\/\/uniwersytetotwarty.us.edu.pl\/usmlodziezy\/galeria\/\" \/>\n<meta property=\"og:site_name\" content=\"Uniwersytet \u015al\u0105ski M\u0142odzie\u017cy\" \/>\n<meta property=\"article:modified_time\" content=\"2023-11-16T21:17:01+00:00\" \/>\n<meta name=\"twitter:card\" content=\"summary_large_image\" \/>\n<meta name=\"twitter:label1\" content=\"Szacowany czas czytania\" \/>\n\t<meta name=\"twitter:data1\" content=\"1 minuta\" \/>\n<script type=\"application\/ld+json\" class=\"yoast-schema-graph\">{\"@context\":\"https:\\\/\\\/schema.org\",\"@graph\":[{\"@type\":\"WebPage\",\"@id\":\"https:\\\/\\\/uniwersytetotwarty.us.edu.pl\\\/usmlodziezy\\\/galeria\\\/\",\"url\":\"https:\\\/\\\/uniwersytetotwarty.us.edu.pl\\\/usmlodziezy\\\/galeria\\\/\",\"name\":\"Galeria - Uniwersytet \u015al\u0105ski M\u0142odzie\u017cy\",\"isPartOf\":{\"@id\":\"https:\\\/\\\/uniwersytetotwarty.us.edu.pl\\\/usmlodziezy\\\/#website\"},\"datePublished\":\"2023-07-17T12:13:37+00:00\",\"dateModified\":\"2023-11-16T21:17:01+00:00\",\"breadcrumb\":{\"@id\":\"https:\\\/\\\/uniwersytetotwarty.us.edu.pl\\\/usmlodziezy\\\/galeria\\\/#breadcrumb\"},\"inLanguage\":\"pl-PL\",\"potentialAction\":[{\"@type\":\"ReadAction\",\"target\":[\"https:\\\/\\\/uniwersytetotwarty.us.edu.pl\\\/usmlodziezy\\\/galeria\\\/\"]}]},{\"@type\":\"BreadcrumbList\",\"@id\":\"https:\\\/\\\/uniwersytetotwarty.us.edu.pl\\\/usmlodziezy\\\/galeria\\\/#breadcrumb\",\"itemListElement\":[{\"@type\":\"ListItem\",\"position\":1,\"name\":\"Strona g\u0142\u00f3wna\",\"item\":\"https:\\\/\\\/uniwersytetotwarty.us.edu.pl\\\/usmlodziezy\\\/\"},{\"@type\":\"ListItem\",\"position\":2,\"name\":\"Galeria\"}]},{\"@type\":\"WebSite\",\"@id\":\"https:\\\/\\\/uniwersytetotwarty.us.edu.pl\\\/usmlodziezy\\\/#website\",\"url\":\"https:\\\/\\\/uniwersytetotwarty.us.edu.pl\\\/usmlodziezy\\\/\",\"name\":\"Uniwersytet \u015al\u0105ski M\u0142odzie\u017cy\",\"description\":\"\",\"publisher\":{\"@id\":\"https:\\\/\\\/uniwersytetotwarty.us.edu.pl\\\/usmlodziezy\\\/#organization\"},\"potentialAction\":[{\"@type\":\"SearchAction\",\"target\":{\"@type\":\"EntryPoint\",\"urlTemplate\":\"https:\\\/\\\/uniwersytetotwarty.us.edu.pl\\\/usmlodziezy\\\/?s={search_term_string}\"},\"query-input\":{\"@type\":\"PropertyValueSpecification\",\"valueRequired\":true,\"valueName\":\"search_term_string\"}}],\"inLanguage\":\"pl-PL\"},{\"@type\":\"Organization\",\"@id\":\"https:\\\/\\\/uniwersytetotwarty.us.edu.pl\\\/usmlodziezy\\\/#organization\",\"name\":\"Uniwersytet \u015al\u0105ski\",\"url\":\"https:\\\/\\\/uniwersytetotwarty.us.edu.pl\\\/usmlodziezy\\\/\",\"logo\":{\"@type\":\"ImageObject\",\"inLanguage\":\"pl-PL\",\"@id\":\"https:\\\/\\\/uniwersytetotwarty.us.edu.pl\\\/usmlodziezy\\\/#\\\/schema\\\/logo\\\/image\\\/\",\"url\":\"https:\\\/\\\/uniwersytetotwarty.us.edu.pl\\\/usmlodziezy\\\/wp-content\\\/uploads\\\/sites\\\/5\\\/2023\\\/07\\\/logo.svg\",\"contentUrl\":\"https:\\\/\\\/uniwersytetotwarty.us.edu.pl\\\/usmlodziezy\\\/wp-content\\\/uploads\\\/sites\\\/5\\\/2023\\\/07\\\/logo.svg\",\"width\":414,\"height\":71,\"caption\":\"Uniwersytet \u015al\u0105ski\"},\"image\":{\"@id\":\"https:\\\/\\\/uniwersytetotwarty.us.edu.pl\\\/usmlodziezy\\\/#\\\/schema\\\/logo\\\/image\\\/\"}}]}<\/script>\n<!-- \/ Yoast SEO plugin. -->","yoast_head_json":{"title":"Galeria - Uniwersytet \u015al\u0105ski M\u0142odzie\u017cy","robots":{"index":"index","follow":"follow","max-snippet":"max-snippet:-1","max-image-preview":"max-image-preview:large","max-video-preview":"max-video-preview:-1"},"canonical":"https:\/\/uniwersytetotwarty.us.edu.pl\/usmlodziezy\/galeria\/","og_locale":"pl_PL","og_type":"article","og_title":"Galeria - Uniwersytet \u015al\u0105ski M\u0142odzie\u017cy","og_description":"Galeria zdj\u0119\u0107","og_url":"https:\/\/uniwersytetotwarty.us.edu.pl\/usmlodziezy\/galeria\/","og_site_name":"Uniwersytet \u015al\u0105ski M\u0142odzie\u017cy","article_modified_time":"2023-11-16T21:17:01+00:00","twitter_card":"summary_large_image","twitter_misc":{"Szacowany czas czytania":"1 minuta"},"schema":{"@context":"https:\/\/schema.org","@graph":[{"@type":"WebPage","@id":"https:\/\/uniwersytetotwarty.us.edu.pl\/usmlodziezy\/galeria\/","url":"https:\/\/uniwersytetotwarty.us.edu.pl\/usmlodziezy\/galeria\/","name":"Galeria - Uniwersytet \u015al\u0105ski M\u0142odzie\u017cy","isPartOf":{"@id":"https:\/\/uniwersytetotwarty.us.edu.pl\/usmlodziezy\/#website"},"datePublished":"2023-07-17T12:13:37+00:00","dateModified":"2023-11-16T21:17:01+00:00","breadcrumb":{"@id":"https:\/\/uniwersytetotwarty.us.edu.pl\/usmlodziezy\/galeria\/#breadcrumb"},"inLanguage":"pl-PL","potentialAction":[{"@type":"ReadAction","target":["https:\/\/uniwersytetotwarty.us.edu.pl\/usmlodziezy\/galeria\/"]}]},{"@type":"BreadcrumbList","@id":"https:\/\/uniwersytetotwarty.us.edu.pl\/usmlodziezy\/galeria\/#breadcrumb","itemListElement":[{"@type":"ListItem","position":1,"name":"Strona g\u0142\u00f3wna","item":"https:\/\/uniwersytetotwarty.us.edu.pl\/usmlodziezy\/"},{"@type":"ListItem","position":2,"name":"Galeria"}]},{"@type":"WebSite","@id":"https:\/\/uniwersytetotwarty.us.edu.pl\/usmlodziezy\/#website","url":"https:\/\/uniwersytetotwarty.us.edu.pl\/usmlodziezy\/","name":"Uniwersytet \u015al\u0105ski M\u0142odzie\u017cy","description":"","publisher":{"@id":"https:\/\/uniwersytetotwarty.us.edu.pl\/usmlodziezy\/#organization"},"potentialAction":[{"@type":"SearchAction","target":{"@type":"EntryPoint","urlTemplate":"https:\/\/uniwersytetotwarty.us.edu.pl\/usmlodziezy\/?s={search_term_string}"},"query-input":{"@type":"PropertyValueSpecification","valueRequired":true,"valueName":"search_term_string"}}],"inLanguage":"pl-PL"},{"@type":"Organization","@id":"https:\/\/uniwersytetotwarty.us.edu.pl\/usmlodziezy\/#organization","name":"Uniwersytet \u015al\u0105ski","url":"https:\/\/uniwersytetotwarty.us.edu.pl\/usmlodziezy\/","logo":{"@type":"ImageObject","inLanguage":"pl-PL","@id":"https:\/\/uniwersytetotwarty.us.edu.pl\/usmlodziezy\/#\/schema\/logo\/image\/","url":"https:\/\/uniwersytetotwarty.us.edu.pl\/usmlodziezy\/wp-content\/uploads\/sites\/5\/2023\/07\/logo.svg","contentUrl":"https:\/\/uniwersytetotwarty.us.edu.pl\/usmlodziezy\/wp-content\/uploads\/sites\/5\/2023\/07\/logo.svg","width":414,"height":71,"caption":"Uniwersytet \u015al\u0105ski"},"image":{"@id":"https:\/\/uniwersytetotwarty.us.edu.pl\/usmlodziezy\/#\/schema\/logo\/image\/"}}]}},"_links":{"self":[{"href":"https:\/\/uniwersytetotwarty.us.edu.pl\/usmlodziezy\/wp-json\/wp\/v2\/pages\/138","targetHints":{"allow":["GET"]}}],"collection":[{"href":"https:\/\/uniwersytetotwarty.us.edu.pl\/usmlodziezy\/wp-json\/wp\/v2\/pages"}],"about":[{"href":"https:\/\/uniwersytetotwarty.us.edu.pl\/usmlodziezy\/wp-json\/wp\/v2\/types\/page"}],"author":[{"embeddable":true,"href":"https:\/\/uniwersytetotwarty.us.edu.pl\/usmlodziezy\/wp-json\/wp\/v2\/users\/1"}],"replies":[{"embeddable":true,"href":"https:\/\/uniwersytetotwarty.us.edu.pl\/usmlodziezy\/wp-json\/wp\/v2\/comments?post=138"}],"version-history":[{"count":10,"href":"https:\/\/uniwersytetotwarty.us.edu.pl\/usmlodziezy\/wp-json\/wp\/v2\/pages\/138\/revisions"}],"predecessor-version":[{"id":639,"href":"https:\/\/uniwersytetotwarty.us.edu.pl\/usmlodziezy\/wp-json\/wp\/v2\/pages\/138\/revisions\/639"}],"wp:attachment":[{"href":"https:\/\/uniwersytetotwarty.us.edu.pl\/usmlodziezy\/wp-json\/wp\/v2\/media?parent=138"}],"curies":[{"name":"wp","href":"https:\/\/api.w.org\/{rel}","templated":true}]}}