{"id":1149,"date":"2026-04-14T14:04:47","date_gmt":"2026-04-14T12:04:47","guid":{"rendered":"https:\/\/uniwersytetotwarty.us.edu.pl\/usmlodziezy\/?page_id=1149"},"modified":"2026-04-14T14:05:32","modified_gmt":"2026-04-14T12:05:32","slug":"rok-akademicki-2023-2024","status":"publish","type":"page","link":"https:\/\/uniwersytetotwarty.us.edu.pl\/usmlodziezy\/galeria\/rok-akademicki-2023-2024\/","title":{"rendered":"Rok akademicki 2023\/2024"},"content":{"rendered":"\t\t<div data-elementor-type=\"wp-page\" data-elementor-id=\"1149\" class=\"elementor elementor-1149\" data-elementor-post-type=\"page\">\n\t\t\t\t\t\t<section class=\"elementor-section elementor-top-section elementor-element elementor-element-e61e6c1 elementor-section-boxed elementor-section-height-default elementor-section-height-default\" data-id=\"e61e6c1\" data-element_type=\"section\" data-e-type=\"section\">\n\t\t\t\t\t\t<div class=\"elementor-container elementor-column-gap-default\">\n\t\t\t\t\t<div class=\"elementor-column elementor-col-100 elementor-top-column elementor-element elementor-element-7b006a9\" data-id=\"7b006a9\" data-element_type=\"column\" data-e-type=\"column\">\n\t\t\t<div class=\"elementor-widget-wrap elementor-element-populated\">\n\t\t\t\t\t\t<div class=\"elementor-element elementor-element-30a2c5f elementor-widget elementor-widget-heading\" data-id=\"30a2c5f\" data-element_type=\"widget\" data-e-type=\"widget\" data-widget_type=\"heading.default\">\n\t\t\t\t<div class=\"elementor-widget-container\">\n\t\t\t\t\t<h2 class=\"elementor-heading-title elementor-size-default\">Rok akademicki 2023\/2024<\/h2>\t\t\t\t<\/div>\n\t\t\t\t<\/div>\n\t\t\t\t<div class=\"elementor-element elementor-element-6c14d77 elementor-grid-4 elementor-grid-tablet-2 elementor-grid-mobile-1 elementor-posts--thumbnail-top elementor-card-shadow-yes elementor-posts__hover-gradient elementor-widget elementor-widget-posts\" data-id=\"6c14d77\" data-element_type=\"widget\" data-e-type=\"widget\" data-settings=\"{&quot;cards_columns&quot;:&quot;4&quot;,&quot;cards_columns_tablet&quot;:&quot;2&quot;,&quot;cards_columns_mobile&quot;:&quot;1&quot;,&quot;cards_row_gap&quot;:{&quot;unit&quot;:&quot;px&quot;,&quot;size&quot;:35,&quot;sizes&quot;:[]},&quot;cards_row_gap_tablet&quot;:{&quot;unit&quot;:&quot;px&quot;,&quot;size&quot;:&quot;&quot;,&quot;sizes&quot;:[]},&quot;cards_row_gap_mobile&quot;:{&quot;unit&quot;:&quot;px&quot;,&quot;size&quot;:&quot;&quot;,&quot;sizes&quot;:[]}}\" data-widget_type=\"posts.cards\">\n\t\t\t\t<div class=\"elementor-widget-container\">\n\t\t\t\t\t\t\t<div class=\"elementor-posts-container elementor-posts elementor-posts--skin-cards elementor-grid\" role=\"list\">\n\t\t\t\t<article class=\"elementor-post elementor-grid-item post-1070 post type-post status-publish format-standard has-post-thumbnail hentry category-galeria category-rok-akademicki-2023-2024\" role=\"listitem\">\n\t\t\t<div class=\"elementor-post__card\">\n\t\t\t\t<a class=\"elementor-post__thumbnail__link\" href=\"https:\/\/uniwersytetotwarty.us.edu.pl\/usmlodziezy\/przezroczysta-krew-zajecia-semestralne\/\" tabindex=\"-1\" ><div class=\"elementor-post__thumbnail\"><img fetchpriority=\"high\" decoding=\"async\" width=\"300\" height=\"169\" src=\"https:\/\/uniwersytetotwarty.us.edu.pl\/usmlodziezy\/wp-content\/uploads\/sites\/5\/2023\/12\/Obraz2-300x169.png\" class=\"attachment-medium size-medium wp-image-734\" alt=\"\" srcset=\"https:\/\/uniwersytetotwarty.us.edu.pl\/usmlodziezy\/wp-content\/uploads\/sites\/5\/2023\/12\/Obraz2-300x169.png 300w, https:\/\/uniwersytetotwarty.us.edu.pl\/usmlodziezy\/wp-content\/uploads\/sites\/5\/2023\/12\/Obraz2-1024x577.png 1024w, https:\/\/uniwersytetotwarty.us.edu.pl\/usmlodziezy\/wp-content\/uploads\/sites\/5\/2023\/12\/Obraz2-768x432.png 768w, https:\/\/uniwersytetotwarty.us.edu.pl\/usmlodziezy\/wp-content\/uploads\/sites\/5\/2023\/12\/Obraz2-1536x865.png 1536w, https:\/\/uniwersytetotwarty.us.edu.pl\/usmlodziezy\/wp-content\/uploads\/sites\/5\/2023\/12\/Obraz2.png 2000w\" sizes=\"(max-width: 300px) 100vw, 300px\" \/><\/div><\/a>\n\t\t\t\t<div class=\"elementor-post__text\">\n\t\t\t\t<h3 class=\"elementor-post__title\">\n\t\t\t<a href=\"https:\/\/uniwersytetotwarty.us.edu.pl\/usmlodziezy\/przezroczysta-krew-zajecia-semestralne\/\" >\n\t\t\t\tPrze\u017aroczysta krew &#8211; zaj\u0119cia semestralne\t\t\t<\/a>\n\t\t<\/h3>\n\t\t\t\t<\/div>\n\t\t\t\t\t<\/div>\n\t\t<\/article>\n\t\t\t\t<\/div>\n\t\t\n\t\t\t\t\t\t<\/div>\n\t\t\t\t<\/div>\n\t\t\t\t\t<\/div>\n\t\t<\/div>\n\t\t\t\t\t<\/div>\n\t\t<\/section>\n\t\t\t\t<\/div>\n\t\t","protected":false},"excerpt":{"rendered":"<p>Rok akademicki 2023\/2024<\/p>\n","protected":false},"author":29,"featured_media":0,"parent":138,"menu_order":0,"comment_status":"closed","ping_status":"closed","template":"","meta":{"footnotes":""},"class_list":["post-1149","page","type-page","status-publish","hentry"],"yoast_head":"<!-- This site is optimized with the Yoast SEO plugin v27.4 - https:\/\/yoast.com\/product\/yoast-seo-wordpress\/ -->\n<title>Rok akademicki 2023\/2024 - Uniwersytet \u015al\u0105ski M\u0142odzie\u017cy<\/title>\n<meta name=\"robots\" content=\"index, follow, max-snippet:-1, max-image-preview:large, max-video-preview:-1\" \/>\n<link rel=\"canonical\" href=\"https:\/\/uniwersytetotwarty.us.edu.pl\/usmlodziezy\/galeria\/rok-akademicki-2023-2024\/\" \/>\n<meta property=\"og:locale\" content=\"pl_PL\" \/>\n<meta property=\"og:type\" content=\"article\" \/>\n<meta property=\"og:title\" content=\"Rok akademicki 2023\/2024 - Uniwersytet \u015al\u0105ski M\u0142odzie\u017cy\" \/>\n<meta property=\"og:description\" content=\"Rok akademicki 2023\/2024\" \/>\n<meta property=\"og:url\" content=\"https:\/\/uniwersytetotwarty.us.edu.pl\/usmlodziezy\/galeria\/rok-akademicki-2023-2024\/\" \/>\n<meta property=\"og:site_name\" content=\"Uniwersytet \u015al\u0105ski M\u0142odzie\u017cy\" \/>\n<meta property=\"article:modified_time\" content=\"2026-04-14T12:05:32+00:00\" \/>\n<meta name=\"twitter:card\" content=\"summary_large_image\" \/>\n<meta name=\"twitter:label1\" content=\"Szacowany czas czytania\" \/>\n\t<meta name=\"twitter:data1\" content=\"1 minuta\" \/>\n<script type=\"application\/ld+json\" class=\"yoast-schema-graph\">{\"@context\":\"https:\\\/\\\/schema.org\",\"@graph\":[{\"@type\":\"WebPage\",\"@id\":\"https:\\\/\\\/uniwersytetotwarty.us.edu.pl\\\/usmlodziezy\\\/galeria\\\/rok-akademicki-2023-2024\\\/\",\"url\":\"https:\\\/\\\/uniwersytetotwarty.us.edu.pl\\\/usmlodziezy\\\/galeria\\\/rok-akademicki-2023-2024\\\/\",\"name\":\"Rok akademicki 2023\\\/2024 - Uniwersytet \u015al\u0105ski M\u0142odzie\u017cy\",\"isPartOf\":{\"@id\":\"https:\\\/\\\/uniwersytetotwarty.us.edu.pl\\\/usmlodziezy\\\/#website\"},\"datePublished\":\"2026-04-14T12:04:47+00:00\",\"dateModified\":\"2026-04-14T12:05:32+00:00\",\"breadcrumb\":{\"@id\":\"https:\\\/\\\/uniwersytetotwarty.us.edu.pl\\\/usmlodziezy\\\/galeria\\\/rok-akademicki-2023-2024\\\/#breadcrumb\"},\"inLanguage\":\"pl-PL\",\"potentialAction\":[{\"@type\":\"ReadAction\",\"target\":[\"https:\\\/\\\/uniwersytetotwarty.us.edu.pl\\\/usmlodziezy\\\/galeria\\\/rok-akademicki-2023-2024\\\/\"]}]},{\"@type\":\"BreadcrumbList\",\"@id\":\"https:\\\/\\\/uniwersytetotwarty.us.edu.pl\\\/usmlodziezy\\\/galeria\\\/rok-akademicki-2023-2024\\\/#breadcrumb\",\"itemListElement\":[{\"@type\":\"ListItem\",\"position\":1,\"name\":\"Strona g\u0142\u00f3wna\",\"item\":\"https:\\\/\\\/uniwersytetotwarty.us.edu.pl\\\/usmlodziezy\\\/\"},{\"@type\":\"ListItem\",\"position\":2,\"name\":\"Galeria\",\"item\":\"https:\\\/\\\/uniwersytetotwarty.us.edu.pl\\\/usmlodziezy\\\/galeria\\\/\"},{\"@type\":\"ListItem\",\"position\":3,\"name\":\"Rok akademicki 2023\\\/2024\"}]},{\"@type\":\"WebSite\",\"@id\":\"https:\\\/\\\/uniwersytetotwarty.us.edu.pl\\\/usmlodziezy\\\/#website\",\"url\":\"https:\\\/\\\/uniwersytetotwarty.us.edu.pl\\\/usmlodziezy\\\/\",\"name\":\"Uniwersytet \u015al\u0105ski M\u0142odzie\u017cy\",\"description\":\"\",\"publisher\":{\"@id\":\"https:\\\/\\\/uniwersytetotwarty.us.edu.pl\\\/usmlodziezy\\\/#organization\"},\"potentialAction\":[{\"@type\":\"SearchAction\",\"target\":{\"@type\":\"EntryPoint\",\"urlTemplate\":\"https:\\\/\\\/uniwersytetotwarty.us.edu.pl\\\/usmlodziezy\\\/?s={search_term_string}\"},\"query-input\":{\"@type\":\"PropertyValueSpecification\",\"valueRequired\":true,\"valueName\":\"search_term_string\"}}],\"inLanguage\":\"pl-PL\"},{\"@type\":\"Organization\",\"@id\":\"https:\\\/\\\/uniwersytetotwarty.us.edu.pl\\\/usmlodziezy\\\/#organization\",\"name\":\"Uniwersytet \u015al\u0105ski\",\"url\":\"https:\\\/\\\/uniwersytetotwarty.us.edu.pl\\\/usmlodziezy\\\/\",\"logo\":{\"@type\":\"ImageObject\",\"inLanguage\":\"pl-PL\",\"@id\":\"https:\\\/\\\/uniwersytetotwarty.us.edu.pl\\\/usmlodziezy\\\/#\\\/schema\\\/logo\\\/image\\\/\",\"url\":\"https:\\\/\\\/uniwersytetotwarty.us.edu.pl\\\/usmlodziezy\\\/wp-content\\\/uploads\\\/sites\\\/5\\\/2023\\\/07\\\/logo.svg\",\"contentUrl\":\"https:\\\/\\\/uniwersytetotwarty.us.edu.pl\\\/usmlodziezy\\\/wp-content\\\/uploads\\\/sites\\\/5\\\/2023\\\/07\\\/logo.svg\",\"width\":414,\"height\":71,\"caption\":\"Uniwersytet \u015al\u0105ski\"},\"image\":{\"@id\":\"https:\\\/\\\/uniwersytetotwarty.us.edu.pl\\\/usmlodziezy\\\/#\\\/schema\\\/logo\\\/image\\\/\"}}]}<\/script>\n<!-- \/ Yoast SEO plugin. -->","yoast_head_json":{"title":"Rok akademicki 2023\/2024 - Uniwersytet \u015al\u0105ski M\u0142odzie\u017cy","robots":{"index":"index","follow":"follow","max-snippet":"max-snippet:-1","max-image-preview":"max-image-preview:large","max-video-preview":"max-video-preview:-1"},"canonical":"https:\/\/uniwersytetotwarty.us.edu.pl\/usmlodziezy\/galeria\/rok-akademicki-2023-2024\/","og_locale":"pl_PL","og_type":"article","og_title":"Rok akademicki 2023\/2024 - Uniwersytet \u015al\u0105ski M\u0142odzie\u017cy","og_description":"Rok akademicki 2023\/2024","og_url":"https:\/\/uniwersytetotwarty.us.edu.pl\/usmlodziezy\/galeria\/rok-akademicki-2023-2024\/","og_site_name":"Uniwersytet \u015al\u0105ski M\u0142odzie\u017cy","article_modified_time":"2026-04-14T12:05:32+00:00","twitter_card":"summary_large_image","twitter_misc":{"Szacowany czas czytania":"1 minuta"},"schema":{"@context":"https:\/\/schema.org","@graph":[{"@type":"WebPage","@id":"https:\/\/uniwersytetotwarty.us.edu.pl\/usmlodziezy\/galeria\/rok-akademicki-2023-2024\/","url":"https:\/\/uniwersytetotwarty.us.edu.pl\/usmlodziezy\/galeria\/rok-akademicki-2023-2024\/","name":"Rok akademicki 2023\/2024 - Uniwersytet \u015al\u0105ski M\u0142odzie\u017cy","isPartOf":{"@id":"https:\/\/uniwersytetotwarty.us.edu.pl\/usmlodziezy\/#website"},"datePublished":"2026-04-14T12:04:47+00:00","dateModified":"2026-04-14T12:05:32+00:00","breadcrumb":{"@id":"https:\/\/uniwersytetotwarty.us.edu.pl\/usmlodziezy\/galeria\/rok-akademicki-2023-2024\/#breadcrumb"},"inLanguage":"pl-PL","potentialAction":[{"@type":"ReadAction","target":["https:\/\/uniwersytetotwarty.us.edu.pl\/usmlodziezy\/galeria\/rok-akademicki-2023-2024\/"]}]},{"@type":"BreadcrumbList","@id":"https:\/\/uniwersytetotwarty.us.edu.pl\/usmlodziezy\/galeria\/rok-akademicki-2023-2024\/#breadcrumb","itemListElement":[{"@type":"ListItem","position":1,"name":"Strona g\u0142\u00f3wna","item":"https:\/\/uniwersytetotwarty.us.edu.pl\/usmlodziezy\/"},{"@type":"ListItem","position":2,"name":"Galeria","item":"https:\/\/uniwersytetotwarty.us.edu.pl\/usmlodziezy\/galeria\/"},{"@type":"ListItem","position":3,"name":"Rok akademicki 2023\/2024"}]},{"@type":"WebSite","@id":"https:\/\/uniwersytetotwarty.us.edu.pl\/usmlodziezy\/#website","url":"https:\/\/uniwersytetotwarty.us.edu.pl\/usmlodziezy\/","name":"Uniwersytet \u015al\u0105ski M\u0142odzie\u017cy","description":"","publisher":{"@id":"https:\/\/uniwersytetotwarty.us.edu.pl\/usmlodziezy\/#organization"},"potentialAction":[{"@type":"SearchAction","target":{"@type":"EntryPoint","urlTemplate":"https:\/\/uniwersytetotwarty.us.edu.pl\/usmlodziezy\/?s={search_term_string}"},"query-input":{"@type":"PropertyValueSpecification","valueRequired":true,"valueName":"search_term_string"}}],"inLanguage":"pl-PL"},{"@type":"Organization","@id":"https:\/\/uniwersytetotwarty.us.edu.pl\/usmlodziezy\/#organization","name":"Uniwersytet \u015al\u0105ski","url":"https:\/\/uniwersytetotwarty.us.edu.pl\/usmlodziezy\/","logo":{"@type":"ImageObject","inLanguage":"pl-PL","@id":"https:\/\/uniwersytetotwarty.us.edu.pl\/usmlodziezy\/#\/schema\/logo\/image\/","url":"https:\/\/uniwersytetotwarty.us.edu.pl\/usmlodziezy\/wp-content\/uploads\/sites\/5\/2023\/07\/logo.svg","contentUrl":"https:\/\/uniwersytetotwarty.us.edu.pl\/usmlodziezy\/wp-content\/uploads\/sites\/5\/2023\/07\/logo.svg","width":414,"height":71,"caption":"Uniwersytet \u015al\u0105ski"},"image":{"@id":"https:\/\/uniwersytetotwarty.us.edu.pl\/usmlodziezy\/#\/schema\/logo\/image\/"}}]}},"_links":{"self":[{"href":"https:\/\/uniwersytetotwarty.us.edu.pl\/usmlodziezy\/wp-json\/wp\/v2\/pages\/1149","targetHints":{"allow":["GET"]}}],"collection":[{"href":"https:\/\/uniwersytetotwarty.us.edu.pl\/usmlodziezy\/wp-json\/wp\/v2\/pages"}],"about":[{"href":"https:\/\/uniwersytetotwarty.us.edu.pl\/usmlodziezy\/wp-json\/wp\/v2\/types\/page"}],"author":[{"embeddable":true,"href":"https:\/\/uniwersytetotwarty.us.edu.pl\/usmlodziezy\/wp-json\/wp\/v2\/users\/29"}],"replies":[{"embeddable":true,"href":"https:\/\/uniwersytetotwarty.us.edu.pl\/usmlodziezy\/wp-json\/wp\/v2\/comments?post=1149"}],"version-history":[{"count":7,"href":"https:\/\/uniwersytetotwarty.us.edu.pl\/usmlodziezy\/wp-json\/wp\/v2\/pages\/1149\/revisions"}],"predecessor-version":[{"id":1157,"href":"https:\/\/uniwersytetotwarty.us.edu.pl\/usmlodziezy\/wp-json\/wp\/v2\/pages\/1149\/revisions\/1157"}],"up":[{"embeddable":true,"href":"https:\/\/uniwersytetotwarty.us.edu.pl\/usmlodziezy\/wp-json\/wp\/v2\/pages\/138"}],"wp:attachment":[{"href":"https:\/\/uniwersytetotwarty.us.edu.pl\/usmlodziezy\/wp-json\/wp\/v2\/media?parent=1149"}],"curies":[{"name":"wp","href":"https:\/\/api.w.org\/{rel}","templated":true}]}}