{"id":142,"date":"2023-10-26T23:22:33","date_gmt":"2023-10-26T21:22:33","guid":{"rendered":"https:\/\/uniwersytetotwarty.us.edu.pl\/uniwersytet-najlepszych\/?page_id=142"},"modified":"2024-02-26T08:52:11","modified_gmt":"2024-02-26T07:52:11","slug":"oferta-dla-szkol","status":"publish","type":"page","link":"https:\/\/uniwersytetotwarty.us.edu.pl\/uniwersytet-najlepszych\/oferta-dla-szkol\/","title":{"rendered":"Oferta dla szk\u00f3\u0142"},"content":{"rendered":"\t\t<div data-elementor-type=\"wp-page\" data-elementor-id=\"142\" class=\"elementor elementor-142\" data-elementor-post-type=\"page\">\n\t\t\t\t\t\t<section class=\"elementor-section elementor-top-section elementor-element elementor-element-13a76d3 elementor-section-boxed elementor-section-height-default elementor-section-height-default\" data-id=\"13a76d3\" data-element_type=\"section\" data-e-type=\"section\">\n\t\t\t\t\t\t<div class=\"elementor-container elementor-column-gap-default\">\n\t\t\t\t\t<div class=\"elementor-column elementor-col-100 elementor-top-column elementor-element elementor-element-4559c1d\" data-id=\"4559c1d\" data-element_type=\"column\" data-e-type=\"column\">\n\t\t\t<div class=\"elementor-widget-wrap elementor-element-populated\">\n\t\t\t\t\t\t<div class=\"elementor-element elementor-element-9739f81 elementor-widget elementor-widget-text-editor\" data-id=\"9739f81\" data-element_type=\"widget\" data-e-type=\"widget\" data-widget_type=\"text-editor.default\">\n\t\t\t\t<div class=\"elementor-widget-container\">\n\t\t\t\t\t\t\t\t\t<p><span style=\"font-size: 10.0pt; font-family: 'Verdana',sans-serif;\">Szanowne Panie, Szanowni Panowie,<br \/><\/span><span style=\"font-size: 10.0pt; font-family: 'Verdana',sans-serif;\">Nauczycielki i Nauczyciele Katowickich i Sosnowieckich szk\u00f3\u0142,<\/span><\/p><p><span style=\"font-size: 10.0pt; font-family: 'Verdana',sans-serif;\">serdecznie zapraszamy do skorzystania z oferty wyk\u0142ad\u00f3w i warsztat\u00f3w, organizowanych w ramach programu Uniwersytet Najlepszych. Poni\u017cej znajd\u0105 Pa\u0144stwo tytu\u0142y i opisy oraz dni dost\u0119pno\u015bci os\u00f3b prowadz\u0105cych, w kt\u00f3rych b\u0119d\u0105 mog\u0142y przyjecha\u0107 do Pa\u0144stwa szko\u0142y \u2013 kiedy wybior\u0105 Pa\u0144stwo dany temat, prosimy o wiadomo\u015b\u0107 e-mail z informacj\u0105 na adres: <a href=\"mailto:magdalena.christ@us.edu.pl\">magdalena.christ@us.edu.pl<\/a>\u00a0 (wiadomo\u015b\u0107 powinna zawiera\u0107 adres e-mail, numer telefonu, wybrany temat oraz liczb\u0119 uczni\u00f3w i uczennic, nazw\u0119 i adres szko\u0142y).<\/span><\/p>\t\t\t\t\t\t\t\t<\/div>\n\t\t\t\t<\/div>\n\t\t\t\t<div class=\"elementor-element elementor-element-6ba44d4 elementor-align-center elementor-widget elementor-widget-button\" data-id=\"6ba44d4\" data-element_type=\"widget\" data-e-type=\"widget\" data-widget_type=\"button.default\">\n\t\t\t\t<div class=\"elementor-widget-container\">\n\t\t\t\t\t\t\t\t\t<div class=\"elementor-button-wrapper\">\n\t\t\t\t\t<a class=\"elementor-button elementor-button-link elementor-size-sm\" href=\"https:\/\/uniwersytetotwarty.us.edu.pl\/uniwersytet-najlepszych\/oferta-dla-szkol\/\">\n\t\t\t\t\t\t<span class=\"elementor-button-content-wrapper\">\n\t\t\t\t\t\t\t\t\t<span class=\"elementor-button-text\">OFERTA WYK\u0141AD\u00d3W<\/span>\n\t\t\t\t\t<\/span>\n\t\t\t\t\t<\/a>\n\t\t\t\t<\/div>\n\t\t\t\t\t\t\t\t<\/div>\n\t\t\t\t<\/div>\n\t\t\t\t\t<\/div>\n\t\t<\/div>\n\t\t\t\t\t<\/div>\n\t\t<\/section>\n\t\t\t\t<\/div>\n\t\t","protected":false},"excerpt":{"rendered":"<p>Szanowne Panie, Szanowni Panowie,Nauczycielki i Nauczyciele Katowickich i Sosnowieckich szk\u00f3\u0142, serdecznie zapraszamy do skorzystania z oferty wyk\u0142ad\u00f3w i warsztat\u00f3w, organizowanych w ramach programu Uniwersytet Najlepszych. Poni\u017cej znajd\u0105 Pa\u0144stwo tytu\u0142y i opisy oraz dni dost\u0119pno\u015bci os\u00f3b prowadz\u0105cych, w kt\u00f3rych b\u0119d\u0105 mog\u0142y przyjecha\u0107 do Pa\u0144stwa szko\u0142y \u2013 kiedy wybior\u0105 Pa\u0144stwo dany temat, prosimy o wiadomo\u015b\u0107 e-mail z [&hellip;]<\/p>\n","protected":false},"author":5,"featured_media":0,"parent":0,"menu_order":0,"comment_status":"closed","ping_status":"closed","template":"","meta":{"footnotes":""},"class_list":["post-142","page","type-page","status-publish","hentry"],"yoast_head":"<!-- This site is optimized with the Yoast SEO plugin v27.3 - https:\/\/yoast.com\/product\/yoast-seo-wordpress\/ -->\n<title>Oferta dla szk\u00f3\u0142 - Uniwersytet Najlepszych<\/title>\n<meta name=\"robots\" content=\"noindex, follow, max-snippet:-1, max-image-preview:large, max-video-preview:-1\" \/>\n<meta property=\"og:locale\" content=\"pl_PL\" \/>\n<meta property=\"og:type\" content=\"article\" \/>\n<meta property=\"og:title\" content=\"Oferta dla szk\u00f3\u0142 - Uniwersytet Najlepszych\" \/>\n<meta property=\"og:description\" content=\"Szanowne Panie, Szanowni Panowie,Nauczycielki i Nauczyciele Katowickich i Sosnowieckich szk\u00f3\u0142, serdecznie zapraszamy do skorzystania z oferty wyk\u0142ad\u00f3w i warsztat\u00f3w, organizowanych w ramach programu Uniwersytet Najlepszych. Poni\u017cej znajd\u0105 Pa\u0144stwo tytu\u0142y i opisy oraz dni dost\u0119pno\u015bci os\u00f3b prowadz\u0105cych, w kt\u00f3rych b\u0119d\u0105 mog\u0142y przyjecha\u0107 do Pa\u0144stwa szko\u0142y \u2013 kiedy wybior\u0105 Pa\u0144stwo dany temat, prosimy o wiadomo\u015b\u0107 e-mail z [&hellip;]\" \/>\n<meta property=\"og:url\" content=\"https:\/\/uniwersytetotwarty.us.edu.pl\/uniwersytet-najlepszych\/oferta-dla-szkol\/\" \/>\n<meta property=\"og:site_name\" content=\"Uniwersytet Najlepszych\" \/>\n<meta property=\"article:modified_time\" content=\"2024-02-26T07:52:11+00:00\" \/>\n<meta name=\"twitter:card\" content=\"summary_large_image\" \/>\n<meta name=\"twitter:label1\" content=\"Szacowany czas czytania\" \/>\n\t<meta name=\"twitter:data1\" content=\"1 minuta\" \/>\n<script type=\"application\/ld+json\" class=\"yoast-schema-graph\">{\"@context\":\"https:\\\/\\\/schema.org\",\"@graph\":[{\"@type\":\"WebPage\",\"@id\":\"https:\\\/\\\/uniwersytetotwarty.us.edu.pl\\\/uniwersytet-najlepszych\\\/oferta-dla-szkol\\\/\",\"url\":\"https:\\\/\\\/uniwersytetotwarty.us.edu.pl\\\/uniwersytet-najlepszych\\\/oferta-dla-szkol\\\/\",\"name\":\"Oferta dla szk\u00f3\u0142 - Uniwersytet Najlepszych\",\"isPartOf\":{\"@id\":\"https:\\\/\\\/uniwersytetotwarty.us.edu.pl\\\/uniwersytet-najlepszych\\\/#website\"},\"datePublished\":\"2023-10-26T21:22:33+00:00\",\"dateModified\":\"2024-02-26T07:52:11+00:00\",\"breadcrumb\":{\"@id\":\"https:\\\/\\\/uniwersytetotwarty.us.edu.pl\\\/uniwersytet-najlepszych\\\/oferta-dla-szkol\\\/#breadcrumb\"},\"inLanguage\":\"pl-PL\",\"potentialAction\":[{\"@type\":\"ReadAction\",\"target\":[\"https:\\\/\\\/uniwersytetotwarty.us.edu.pl\\\/uniwersytet-najlepszych\\\/oferta-dla-szkol\\\/\"]}]},{\"@type\":\"BreadcrumbList\",\"@id\":\"https:\\\/\\\/uniwersytetotwarty.us.edu.pl\\\/uniwersytet-najlepszych\\\/oferta-dla-szkol\\\/#breadcrumb\",\"itemListElement\":[{\"@type\":\"ListItem\",\"position\":1,\"name\":\"Uniwersytet Najlepszych\",\"item\":\"https:\\\/\\\/uniwersytetotwarty.us.edu.pl\\\/uniwersytet-najlepszych\\\/\"},{\"@type\":\"ListItem\",\"position\":2,\"name\":\"Oferta dla szk\u00f3\u0142\"}]},{\"@type\":\"WebSite\",\"@id\":\"https:\\\/\\\/uniwersytetotwarty.us.edu.pl\\\/uniwersytet-najlepszych\\\/#website\",\"url\":\"https:\\\/\\\/uniwersytetotwarty.us.edu.pl\\\/uniwersytet-najlepszych\\\/\",\"name\":\"Uniwersytet Najlepszych\",\"description\":\"\",\"publisher\":{\"@id\":\"https:\\\/\\\/uniwersytetotwarty.us.edu.pl\\\/uniwersytet-najlepszych\\\/#organization\"},\"potentialAction\":[{\"@type\":\"SearchAction\",\"target\":{\"@type\":\"EntryPoint\",\"urlTemplate\":\"https:\\\/\\\/uniwersytetotwarty.us.edu.pl\\\/uniwersytet-najlepszych\\\/?s={search_term_string}\"},\"query-input\":{\"@type\":\"PropertyValueSpecification\",\"valueRequired\":true,\"valueName\":\"search_term_string\"}}],\"inLanguage\":\"pl-PL\"},{\"@type\":\"Organization\",\"@id\":\"https:\\\/\\\/uniwersytetotwarty.us.edu.pl\\\/uniwersytet-najlepszych\\\/#organization\",\"name\":\"Uniwersytet \u015al\u0105ski\",\"url\":\"https:\\\/\\\/uniwersytetotwarty.us.edu.pl\\\/uniwersytet-najlepszych\\\/\",\"logo\":{\"@type\":\"ImageObject\",\"inLanguage\":\"pl-PL\",\"@id\":\"https:\\\/\\\/uniwersytetotwarty.us.edu.pl\\\/uniwersytet-najlepszych\\\/#\\\/schema\\\/logo\\\/image\\\/\",\"url\":\"https:\\\/\\\/uniwersytetotwarty.us.edu.pl\\\/uniwersytet-najlepszych\\\/wp-content\\\/uploads\\\/sites\\\/12\\\/2023\\\/10\\\/logo-1.svg\",\"contentUrl\":\"https:\\\/\\\/uniwersytetotwarty.us.edu.pl\\\/uniwersytet-najlepszych\\\/wp-content\\\/uploads\\\/sites\\\/12\\\/2023\\\/10\\\/logo-1.svg\",\"width\":414,\"height\":71,\"caption\":\"Uniwersytet \u015al\u0105ski\"},\"image\":{\"@id\":\"https:\\\/\\\/uniwersytetotwarty.us.edu.pl\\\/uniwersytet-najlepszych\\\/#\\\/schema\\\/logo\\\/image\\\/\"}}]}<\/script>\n<!-- \/ Yoast SEO plugin. -->","yoast_head_json":{"title":"Oferta dla szk\u00f3\u0142 - Uniwersytet Najlepszych","robots":{"index":"noindex","follow":"follow","max-snippet":"max-snippet:-1","max-image-preview":"max-image-preview:large","max-video-preview":"max-video-preview:-1"},"og_locale":"pl_PL","og_type":"article","og_title":"Oferta dla szk\u00f3\u0142 - Uniwersytet Najlepszych","og_description":"Szanowne Panie, Szanowni Panowie,Nauczycielki i Nauczyciele Katowickich i Sosnowieckich szk\u00f3\u0142, serdecznie zapraszamy do skorzystania z oferty wyk\u0142ad\u00f3w i warsztat\u00f3w, organizowanych w ramach programu Uniwersytet Najlepszych. Poni\u017cej znajd\u0105 Pa\u0144stwo tytu\u0142y i opisy oraz dni dost\u0119pno\u015bci os\u00f3b prowadz\u0105cych, w kt\u00f3rych b\u0119d\u0105 mog\u0142y przyjecha\u0107 do Pa\u0144stwa szko\u0142y \u2013 kiedy wybior\u0105 Pa\u0144stwo dany temat, prosimy o wiadomo\u015b\u0107 e-mail z [&hellip;]","og_url":"https:\/\/uniwersytetotwarty.us.edu.pl\/uniwersytet-najlepszych\/oferta-dla-szkol\/","og_site_name":"Uniwersytet Najlepszych","article_modified_time":"2024-02-26T07:52:11+00:00","twitter_card":"summary_large_image","twitter_misc":{"Szacowany czas czytania":"1 minuta"},"schema":{"@context":"https:\/\/schema.org","@graph":[{"@type":"WebPage","@id":"https:\/\/uniwersytetotwarty.us.edu.pl\/uniwersytet-najlepszych\/oferta-dla-szkol\/","url":"https:\/\/uniwersytetotwarty.us.edu.pl\/uniwersytet-najlepszych\/oferta-dla-szkol\/","name":"Oferta dla szk\u00f3\u0142 - Uniwersytet Najlepszych","isPartOf":{"@id":"https:\/\/uniwersytetotwarty.us.edu.pl\/uniwersytet-najlepszych\/#website"},"datePublished":"2023-10-26T21:22:33+00:00","dateModified":"2024-02-26T07:52:11+00:00","breadcrumb":{"@id":"https:\/\/uniwersytetotwarty.us.edu.pl\/uniwersytet-najlepszych\/oferta-dla-szkol\/#breadcrumb"},"inLanguage":"pl-PL","potentialAction":[{"@type":"ReadAction","target":["https:\/\/uniwersytetotwarty.us.edu.pl\/uniwersytet-najlepszych\/oferta-dla-szkol\/"]}]},{"@type":"BreadcrumbList","@id":"https:\/\/uniwersytetotwarty.us.edu.pl\/uniwersytet-najlepszych\/oferta-dla-szkol\/#breadcrumb","itemListElement":[{"@type":"ListItem","position":1,"name":"Uniwersytet Najlepszych","item":"https:\/\/uniwersytetotwarty.us.edu.pl\/uniwersytet-najlepszych\/"},{"@type":"ListItem","position":2,"name":"Oferta dla szk\u00f3\u0142"}]},{"@type":"WebSite","@id":"https:\/\/uniwersytetotwarty.us.edu.pl\/uniwersytet-najlepszych\/#website","url":"https:\/\/uniwersytetotwarty.us.edu.pl\/uniwersytet-najlepszych\/","name":"Uniwersytet Najlepszych","description":"","publisher":{"@id":"https:\/\/uniwersytetotwarty.us.edu.pl\/uniwersytet-najlepszych\/#organization"},"potentialAction":[{"@type":"SearchAction","target":{"@type":"EntryPoint","urlTemplate":"https:\/\/uniwersytetotwarty.us.edu.pl\/uniwersytet-najlepszych\/?s={search_term_string}"},"query-input":{"@type":"PropertyValueSpecification","valueRequired":true,"valueName":"search_term_string"}}],"inLanguage":"pl-PL"},{"@type":"Organization","@id":"https:\/\/uniwersytetotwarty.us.edu.pl\/uniwersytet-najlepszych\/#organization","name":"Uniwersytet \u015al\u0105ski","url":"https:\/\/uniwersytetotwarty.us.edu.pl\/uniwersytet-najlepszych\/","logo":{"@type":"ImageObject","inLanguage":"pl-PL","@id":"https:\/\/uniwersytetotwarty.us.edu.pl\/uniwersytet-najlepszych\/#\/schema\/logo\/image\/","url":"https:\/\/uniwersytetotwarty.us.edu.pl\/uniwersytet-najlepszych\/wp-content\/uploads\/sites\/12\/2023\/10\/logo-1.svg","contentUrl":"https:\/\/uniwersytetotwarty.us.edu.pl\/uniwersytet-najlepszych\/wp-content\/uploads\/sites\/12\/2023\/10\/logo-1.svg","width":414,"height":71,"caption":"Uniwersytet \u015al\u0105ski"},"image":{"@id":"https:\/\/uniwersytetotwarty.us.edu.pl\/uniwersytet-najlepszych\/#\/schema\/logo\/image\/"}}]}},"_links":{"self":[{"href":"https:\/\/uniwersytetotwarty.us.edu.pl\/uniwersytet-najlepszych\/wp-json\/wp\/v2\/pages\/142","targetHints":{"allow":["GET"]}}],"collection":[{"href":"https:\/\/uniwersytetotwarty.us.edu.pl\/uniwersytet-najlepszych\/wp-json\/wp\/v2\/pages"}],"about":[{"href":"https:\/\/uniwersytetotwarty.us.edu.pl\/uniwersytet-najlepszych\/wp-json\/wp\/v2\/types\/page"}],"author":[{"embeddable":true,"href":"https:\/\/uniwersytetotwarty.us.edu.pl\/uniwersytet-najlepszych\/wp-json\/wp\/v2\/users\/5"}],"replies":[{"embeddable":true,"href":"https:\/\/uniwersytetotwarty.us.edu.pl\/uniwersytet-najlepszych\/wp-json\/wp\/v2\/comments?post=142"}],"version-history":[{"count":10,"href":"https:\/\/uniwersytetotwarty.us.edu.pl\/uniwersytet-najlepszych\/wp-json\/wp\/v2\/pages\/142\/revisions"}],"predecessor-version":[{"id":211,"href":"https:\/\/uniwersytetotwarty.us.edu.pl\/uniwersytet-najlepszych\/wp-json\/wp\/v2\/pages\/142\/revisions\/211"}],"wp:attachment":[{"href":"https:\/\/uniwersytetotwarty.us.edu.pl\/uniwersytet-najlepszych\/wp-json\/wp\/v2\/media?parent=142"}],"curies":[{"name":"wp","href":"https:\/\/api.w.org\/{rel}","templated":true}]}}