{"id":115,"date":"2023-10-26T22:56:01","date_gmt":"2023-10-26T20:56:01","guid":{"rendered":"https:\/\/uniwersytetotwarty.us.edu.pl\/uniwersytet-najlepszych\/?page_id=115"},"modified":"2025-03-10T11:58:15","modified_gmt":"2025-03-10T10:58:15","slug":"rekrutacja-uczniow","status":"publish","type":"page","link":"https:\/\/uniwersytetotwarty.us.edu.pl\/uniwersytet-najlepszych\/rekrutacja-uczniow\/","title":{"rendered":"Rekrutacja uczni\u00f3w"},"content":{"rendered":"\t\t<div data-elementor-type=\"wp-page\" data-elementor-id=\"115\" class=\"elementor elementor-115\" data-elementor-post-type=\"page\">\n\t\t\t\t\t\t<section class=\"elementor-section elementor-top-section elementor-element elementor-element-25566dc elementor-section-boxed elementor-section-height-default elementor-section-height-default\" data-id=\"25566dc\" data-element_type=\"section\" data-e-type=\"section\">\n\t\t\t\t\t\t<div class=\"elementor-container elementor-column-gap-default\">\n\t\t\t\t\t<div class=\"elementor-column elementor-col-100 elementor-top-column elementor-element elementor-element-c79e867\" data-id=\"c79e867\" data-element_type=\"column\" data-e-type=\"column\">\n\t\t\t<div class=\"elementor-widget-wrap elementor-element-populated\">\n\t\t\t\t\t\t<div class=\"elementor-element elementor-element-eae825f elementor-widget elementor-widget-spacer\" data-id=\"eae825f\" data-element_type=\"widget\" data-e-type=\"widget\" data-widget_type=\"spacer.default\">\n\t\t\t\t<div class=\"elementor-widget-container\">\n\t\t\t\t\t\t\t<div class=\"elementor-spacer\">\n\t\t\t<div class=\"elementor-spacer-inner\"><\/div>\n\t\t<\/div>\n\t\t\t\t\t\t<\/div>\n\t\t\t\t<\/div>\n\t\t\t\t\t<\/div>\n\t\t<\/div>\n\t\t\t\t\t<\/div>\n\t\t<\/section>\n\t\t\t\t<section class=\"elementor-section elementor-top-section elementor-element elementor-element-3ec9a51 elementor-section-boxed elementor-section-height-default elementor-section-height-default\" data-id=\"3ec9a51\" data-element_type=\"section\" data-e-type=\"section\">\n\t\t\t\t\t\t<div class=\"elementor-container elementor-column-gap-default\">\n\t\t\t\t\t<div class=\"elementor-column elementor-col-50 elementor-top-column elementor-element elementor-element-f4e4edd\" data-id=\"f4e4edd\" data-element_type=\"column\" data-e-type=\"column\">\n\t\t\t<div class=\"elementor-widget-wrap elementor-element-populated\">\n\t\t\t\t\t\t<div class=\"elementor-element elementor-element-d7f7f3a elementor-widget elementor-widget-text-editor\" data-id=\"d7f7f3a\" data-element_type=\"widget\" data-e-type=\"widget\" data-widget_type=\"text-editor.default\">\n\t\t\t\t<div class=\"elementor-widget-container\">\n\t\t\t\t\t\t\t\t\t<p><b>Trwa rekrutacja uczni\u00f3w do VII edycji Uniwersytetu Najlepszych.<\/b><\/p><p>Ide\u0105 programu jest umo\u017cliwianie ambitnym przedstawicielom m\u0142odego pokolenia rozwoju w ramach wsp\u00f3\u0142pracy z badaczami Uniwersytetu \u015al\u0105skiego, a tak\u017ce danie mo\u017cliwo\u015bci na przebywanie w przestrzeni Uniwersytetu.<\/p><p>Dzia\u0142aniami zaplanowanymi w \u201eUniwersytecie Najlepszych\u201d s\u0105 indywidualne programy tutoringowe dla wybranych uczni\u00f3w, w ramach kt\u00f3rych realizowane s\u0105 oryginalne projekty badawcze.<\/p><p>Program przeznaczony jest dla uczni\u00f3w z Katowic i Sosnowca klas 7\u20138 szko\u0142y podstawowej oraz klas 1\u20133 szko\u0142y ponadpodstawowej (w przypadku czteroletniego programu nauczania) lub klas 1\u20134 szko\u0142y ponadpodstawowej (w przypadku pi\u0119cioletniego programu nauczania).<\/p><p>Uczestnik\/czka zakwalifikowani do programu \u2013 po ustaleniu par tutorskich \u2013 b\u0119d\u0105 mieli mo\u017cliwo\u015b\u0107 indywidualnego wybrania termin\u00f3w spotka\u0144.<\/p><p><b>Zg\u0142oszenia do programu przyjmowane s\u0105 do 13 marca 2025 roku,<\/b> poprzez\u00a0<a href=\"https:\/\/formularze.us.edu.pl\/us_najlepszych\">formularz online<\/a>.<\/p><p>Formularz wype\u0142ni\u0107 musi osoba pe\u0142noletnia. W przypadku uczni\u00f3w, kt\u00f3rzy nie uko\u0144czyli 18 roku \u017cycia, formularz wype\u0142nia rodzic lub prawny opiekun.<\/p><p><strong>W 7 edycji programu Uniwersytet Najlepszych mog\u0105 wzi\u0105\u0107 udzia\u0142 uczennice i uczniowie, kt\u00f3rzy nie brali udzia\u0142u we wcze\u015bniejszych edycjach<\/strong><\/p><p><a href=\"https:\/\/uniwersytetotwarty.us.edu.pl\/uniwersytet-najlepszych\/wp-content\/uploads\/sites\/12\/2025\/02\/Regulamin-programu-UNIWERSYTET-NAJLEPSZYCH_2025__edycja-7.pdf\"><strong>Regulamin VII edycji Uniwersytetu Najlepszych<\/strong><\/a><\/p>\t\t\t\t\t\t\t\t<\/div>\n\t\t\t\t<\/div>\n\t\t\t\t\t<\/div>\n\t\t<\/div>\n\t\t\t\t<div class=\"elementor-column elementor-col-50 elementor-top-column elementor-element elementor-element-d27b339\" data-id=\"d27b339\" data-element_type=\"column\" data-e-type=\"column\">\n\t\t\t<div class=\"elementor-widget-wrap elementor-element-populated\">\n\t\t\t\t\t\t<div class=\"elementor-element elementor-element-50d14e6 elementor-widget elementor-widget-image\" data-id=\"50d14e6\" data-element_type=\"widget\" data-e-type=\"widget\" data-widget_type=\"image.default\">\n\t\t\t\t<div class=\"elementor-widget-container\">\n\t\t\t\t\t\t\t\t\t\t\t\t\t\t\t<img fetchpriority=\"high\" decoding=\"async\" width=\"800\" height=\"800\" src=\"https:\/\/uniwersytetotwarty.us.edu.pl\/uniwersytet-najlepszych\/wp-content\/uploads\/sites\/12\/2024\/02\/421930729_349703264619465_8164683878967936168_n-1024x1024.jpg\" class=\"attachment-large size-large wp-image-238\" alt=\"\" srcset=\"https:\/\/uniwersytetotwarty.us.edu.pl\/uniwersytet-najlepszych\/wp-content\/uploads\/sites\/12\/2024\/02\/421930729_349703264619465_8164683878967936168_n-1024x1024.jpg 1024w, https:\/\/uniwersytetotwarty.us.edu.pl\/uniwersytet-najlepszych\/wp-content\/uploads\/sites\/12\/2024\/02\/421930729_349703264619465_8164683878967936168_n-300x300.jpg 300w, https:\/\/uniwersytetotwarty.us.edu.pl\/uniwersytet-najlepszych\/wp-content\/uploads\/sites\/12\/2024\/02\/421930729_349703264619465_8164683878967936168_n-150x150.jpg 150w, https:\/\/uniwersytetotwarty.us.edu.pl\/uniwersytet-najlepszych\/wp-content\/uploads\/sites\/12\/2024\/02\/421930729_349703264619465_8164683878967936168_n-768x768.jpg 768w, https:\/\/uniwersytetotwarty.us.edu.pl\/uniwersytet-najlepszych\/wp-content\/uploads\/sites\/12\/2024\/02\/421930729_349703264619465_8164683878967936168_n.jpg 1526w\" sizes=\"(max-width: 800px) 100vw, 800px\" \/>\t\t\t\t\t\t\t\t\t\t\t\t\t\t\t<\/div>\n\t\t\t\t<\/div>\n\t\t\t\t\t<\/div>\n\t\t<\/div>\n\t\t\t\t\t<\/div>\n\t\t<\/section>\n\t\t\t\t<section class=\"elementor-section elementor-top-section elementor-element elementor-element-d18722d elementor-section-boxed elementor-section-height-default elementor-section-height-default\" data-id=\"d18722d\" data-element_type=\"section\" data-e-type=\"section\">\n\t\t\t\t\t\t<div class=\"elementor-container elementor-column-gap-default\">\n\t\t\t\t\t<div class=\"elementor-column elementor-col-100 elementor-top-column elementor-element elementor-element-b845f32\" data-id=\"b845f32\" data-element_type=\"column\" data-e-type=\"column\">\n\t\t\t<div class=\"elementor-widget-wrap elementor-element-populated\">\n\t\t\t\t\t\t<div class=\"elementor-element elementor-element-f25f7d3 elementor-widget elementor-widget-spacer\" data-id=\"f25f7d3\" data-element_type=\"widget\" data-e-type=\"widget\" data-widget_type=\"spacer.default\">\n\t\t\t\t<div class=\"elementor-widget-container\">\n\t\t\t\t\t\t\t<div class=\"elementor-spacer\">\n\t\t\t<div class=\"elementor-spacer-inner\"><\/div>\n\t\t<\/div>\n\t\t\t\t\t\t<\/div>\n\t\t\t\t<\/div>\n\t\t\t\t\t<\/div>\n\t\t<\/div>\n\t\t\t\t\t<\/div>\n\t\t<\/section>\n\t\t\t\t<\/div>\n\t\t","protected":false},"excerpt":{"rendered":"<p>Trwa rekrutacja uczni\u00f3w do VII edycji Uniwersytetu Najlepszych. Ide\u0105 programu jest umo\u017cliwianie ambitnym przedstawicielom m\u0142odego pokolenia rozwoju w ramach wsp\u00f3\u0142pracy z badaczami Uniwersytetu \u015al\u0105skiego, a tak\u017ce danie mo\u017cliwo\u015bci na przebywanie w przestrzeni Uniwersytetu. Dzia\u0142aniami zaplanowanymi w \u201eUniwersytecie Najlepszych\u201d s\u0105 indywidualne programy tutoringowe dla wybranych uczni\u00f3w, w ramach kt\u00f3rych realizowane s\u0105 oryginalne projekty badawcze. Program przeznaczony [&hellip;]<\/p>\n","protected":false},"author":5,"featured_media":0,"parent":0,"menu_order":0,"comment_status":"closed","ping_status":"closed","template":"","meta":{"footnotes":""},"class_list":["post-115","page","type-page","status-publish","hentry"],"yoast_head":"<!-- This site is optimized with the Yoast SEO plugin v27.3 - https:\/\/yoast.com\/product\/yoast-seo-wordpress\/ -->\n<title>Rekrutacja uczni\u00f3w - Uniwersytet Najlepszych<\/title>\n<meta name=\"robots\" content=\"noindex, follow, max-snippet:-1, max-image-preview:large, max-video-preview:-1\" \/>\n<meta property=\"og:locale\" content=\"pl_PL\" \/>\n<meta property=\"og:type\" content=\"article\" \/>\n<meta property=\"og:title\" content=\"Rekrutacja uczni\u00f3w - Uniwersytet Najlepszych\" \/>\n<meta property=\"og:description\" content=\"Trwa rekrutacja uczni\u00f3w do VII edycji Uniwersytetu Najlepszych. Ide\u0105 programu jest umo\u017cliwianie ambitnym przedstawicielom m\u0142odego pokolenia rozwoju w ramach wsp\u00f3\u0142pracy z badaczami Uniwersytetu \u015al\u0105skiego, a tak\u017ce danie mo\u017cliwo\u015bci na przebywanie w przestrzeni Uniwersytetu. Dzia\u0142aniami zaplanowanymi w \u201eUniwersytecie Najlepszych\u201d s\u0105 indywidualne programy tutoringowe dla wybranych uczni\u00f3w, w ramach kt\u00f3rych realizowane s\u0105 oryginalne projekty badawcze. Program przeznaczony [&hellip;]\" \/>\n<meta property=\"og:url\" content=\"https:\/\/uniwersytetotwarty.us.edu.pl\/uniwersytet-najlepszych\/rekrutacja-uczniow\/\" \/>\n<meta property=\"og:site_name\" content=\"Uniwersytet Najlepszych\" \/>\n<meta property=\"article:modified_time\" content=\"2025-03-10T10:58:15+00:00\" \/>\n<meta property=\"og:image\" content=\"https:\/\/uniwersytetotwarty.us.edu.pl\/uniwersytet-najlepszych\/wp-content\/uploads\/sites\/12\/2024\/02\/421930729_349703264619465_8164683878967936168_n.jpg\" \/>\n\t<meta property=\"og:image:width\" content=\"1526\" \/>\n\t<meta property=\"og:image:height\" content=\"1526\" \/>\n\t<meta property=\"og:image:type\" content=\"image\/jpeg\" \/>\n<meta name=\"twitter:card\" content=\"summary_large_image\" \/>\n<meta name=\"twitter:label1\" content=\"Szacowany czas czytania\" \/>\n\t<meta name=\"twitter:data1\" content=\"2 minuty\" \/>\n<script type=\"application\/ld+json\" class=\"yoast-schema-graph\">{\"@context\":\"https:\\\/\\\/schema.org\",\"@graph\":[{\"@type\":\"WebPage\",\"@id\":\"https:\\\/\\\/uniwersytetotwarty.us.edu.pl\\\/uniwersytet-najlepszych\\\/rekrutacja-uczniow\\\/\",\"url\":\"https:\\\/\\\/uniwersytetotwarty.us.edu.pl\\\/uniwersytet-najlepszych\\\/rekrutacja-uczniow\\\/\",\"name\":\"Rekrutacja uczni\u00f3w - Uniwersytet Najlepszych\",\"isPartOf\":{\"@id\":\"https:\\\/\\\/uniwersytetotwarty.us.edu.pl\\\/uniwersytet-najlepszych\\\/#website\"},\"primaryImageOfPage\":{\"@id\":\"https:\\\/\\\/uniwersytetotwarty.us.edu.pl\\\/uniwersytet-najlepszych\\\/rekrutacja-uczniow\\\/#primaryimage\"},\"image\":{\"@id\":\"https:\\\/\\\/uniwersytetotwarty.us.edu.pl\\\/uniwersytet-najlepszych\\\/rekrutacja-uczniow\\\/#primaryimage\"},\"thumbnailUrl\":\"https:\\\/\\\/uniwersytetotwarty.us.edu.pl\\\/uniwersytet-najlepszych\\\/wp-content\\\/uploads\\\/sites\\\/12\\\/2024\\\/02\\\/421930729_349703264619465_8164683878967936168_n-1024x1024.jpg\",\"datePublished\":\"2023-10-26T20:56:01+00:00\",\"dateModified\":\"2025-03-10T10:58:15+00:00\",\"breadcrumb\":{\"@id\":\"https:\\\/\\\/uniwersytetotwarty.us.edu.pl\\\/uniwersytet-najlepszych\\\/rekrutacja-uczniow\\\/#breadcrumb\"},\"inLanguage\":\"pl-PL\",\"potentialAction\":[{\"@type\":\"ReadAction\",\"target\":[\"https:\\\/\\\/uniwersytetotwarty.us.edu.pl\\\/uniwersytet-najlepszych\\\/rekrutacja-uczniow\\\/\"]}]},{\"@type\":\"ImageObject\",\"inLanguage\":\"pl-PL\",\"@id\":\"https:\\\/\\\/uniwersytetotwarty.us.edu.pl\\\/uniwersytet-najlepszych\\\/rekrutacja-uczniow\\\/#primaryimage\",\"url\":\"https:\\\/\\\/uniwersytetotwarty.us.edu.pl\\\/uniwersytet-najlepszych\\\/wp-content\\\/uploads\\\/sites\\\/12\\\/2024\\\/02\\\/421930729_349703264619465_8164683878967936168_n.jpg\",\"contentUrl\":\"https:\\\/\\\/uniwersytetotwarty.us.edu.pl\\\/uniwersytet-najlepszych\\\/wp-content\\\/uploads\\\/sites\\\/12\\\/2024\\\/02\\\/421930729_349703264619465_8164683878967936168_n.jpg\",\"width\":1526,\"height\":1526},{\"@type\":\"BreadcrumbList\",\"@id\":\"https:\\\/\\\/uniwersytetotwarty.us.edu.pl\\\/uniwersytet-najlepszych\\\/rekrutacja-uczniow\\\/#breadcrumb\",\"itemListElement\":[{\"@type\":\"ListItem\",\"position\":1,\"name\":\"Uniwersytet Najlepszych\",\"item\":\"https:\\\/\\\/uniwersytetotwarty.us.edu.pl\\\/uniwersytet-najlepszych\\\/\"},{\"@type\":\"ListItem\",\"position\":2,\"name\":\"Rekrutacja uczni\u00f3w\"}]},{\"@type\":\"WebSite\",\"@id\":\"https:\\\/\\\/uniwersytetotwarty.us.edu.pl\\\/uniwersytet-najlepszych\\\/#website\",\"url\":\"https:\\\/\\\/uniwersytetotwarty.us.edu.pl\\\/uniwersytet-najlepszych\\\/\",\"name\":\"Uniwersytet Najlepszych\",\"description\":\"\",\"publisher\":{\"@id\":\"https:\\\/\\\/uniwersytetotwarty.us.edu.pl\\\/uniwersytet-najlepszych\\\/#organization\"},\"potentialAction\":[{\"@type\":\"SearchAction\",\"target\":{\"@type\":\"EntryPoint\",\"urlTemplate\":\"https:\\\/\\\/uniwersytetotwarty.us.edu.pl\\\/uniwersytet-najlepszych\\\/?s={search_term_string}\"},\"query-input\":{\"@type\":\"PropertyValueSpecification\",\"valueRequired\":true,\"valueName\":\"search_term_string\"}}],\"inLanguage\":\"pl-PL\"},{\"@type\":\"Organization\",\"@id\":\"https:\\\/\\\/uniwersytetotwarty.us.edu.pl\\\/uniwersytet-najlepszych\\\/#organization\",\"name\":\"Uniwersytet \u015al\u0105ski\",\"url\":\"https:\\\/\\\/uniwersytetotwarty.us.edu.pl\\\/uniwersytet-najlepszych\\\/\",\"logo\":{\"@type\":\"ImageObject\",\"inLanguage\":\"pl-PL\",\"@id\":\"https:\\\/\\\/uniwersytetotwarty.us.edu.pl\\\/uniwersytet-najlepszych\\\/#\\\/schema\\\/logo\\\/image\\\/\",\"url\":\"https:\\\/\\\/uniwersytetotwarty.us.edu.pl\\\/uniwersytet-najlepszych\\\/wp-content\\\/uploads\\\/sites\\\/12\\\/2023\\\/10\\\/logo-1.svg\",\"contentUrl\":\"https:\\\/\\\/uniwersytetotwarty.us.edu.pl\\\/uniwersytet-najlepszych\\\/wp-content\\\/uploads\\\/sites\\\/12\\\/2023\\\/10\\\/logo-1.svg\",\"width\":414,\"height\":71,\"caption\":\"Uniwersytet \u015al\u0105ski\"},\"image\":{\"@id\":\"https:\\\/\\\/uniwersytetotwarty.us.edu.pl\\\/uniwersytet-najlepszych\\\/#\\\/schema\\\/logo\\\/image\\\/\"}}]}<\/script>\n<!-- \/ Yoast SEO plugin. -->","yoast_head_json":{"title":"Rekrutacja uczni\u00f3w - Uniwersytet Najlepszych","robots":{"index":"noindex","follow":"follow","max-snippet":"max-snippet:-1","max-image-preview":"max-image-preview:large","max-video-preview":"max-video-preview:-1"},"og_locale":"pl_PL","og_type":"article","og_title":"Rekrutacja uczni\u00f3w - Uniwersytet Najlepszych","og_description":"Trwa rekrutacja uczni\u00f3w do VII edycji Uniwersytetu Najlepszych. Ide\u0105 programu jest umo\u017cliwianie ambitnym przedstawicielom m\u0142odego pokolenia rozwoju w ramach wsp\u00f3\u0142pracy z badaczami Uniwersytetu \u015al\u0105skiego, a tak\u017ce danie mo\u017cliwo\u015bci na przebywanie w przestrzeni Uniwersytetu. Dzia\u0142aniami zaplanowanymi w \u201eUniwersytecie Najlepszych\u201d s\u0105 indywidualne programy tutoringowe dla wybranych uczni\u00f3w, w ramach kt\u00f3rych realizowane s\u0105 oryginalne projekty badawcze. Program przeznaczony [&hellip;]","og_url":"https:\/\/uniwersytetotwarty.us.edu.pl\/uniwersytet-najlepszych\/rekrutacja-uczniow\/","og_site_name":"Uniwersytet Najlepszych","article_modified_time":"2025-03-10T10:58:15+00:00","og_image":[{"width":1526,"height":1526,"url":"https:\/\/uniwersytetotwarty.us.edu.pl\/uniwersytet-najlepszych\/wp-content\/uploads\/sites\/12\/2024\/02\/421930729_349703264619465_8164683878967936168_n.jpg","type":"image\/jpeg"}],"twitter_card":"summary_large_image","twitter_misc":{"Szacowany czas czytania":"2 minuty"},"schema":{"@context":"https:\/\/schema.org","@graph":[{"@type":"WebPage","@id":"https:\/\/uniwersytetotwarty.us.edu.pl\/uniwersytet-najlepszych\/rekrutacja-uczniow\/","url":"https:\/\/uniwersytetotwarty.us.edu.pl\/uniwersytet-najlepszych\/rekrutacja-uczniow\/","name":"Rekrutacja uczni\u00f3w - Uniwersytet Najlepszych","isPartOf":{"@id":"https:\/\/uniwersytetotwarty.us.edu.pl\/uniwersytet-najlepszych\/#website"},"primaryImageOfPage":{"@id":"https:\/\/uniwersytetotwarty.us.edu.pl\/uniwersytet-najlepszych\/rekrutacja-uczniow\/#primaryimage"},"image":{"@id":"https:\/\/uniwersytetotwarty.us.edu.pl\/uniwersytet-najlepszych\/rekrutacja-uczniow\/#primaryimage"},"thumbnailUrl":"https:\/\/uniwersytetotwarty.us.edu.pl\/uniwersytet-najlepszych\/wp-content\/uploads\/sites\/12\/2024\/02\/421930729_349703264619465_8164683878967936168_n-1024x1024.jpg","datePublished":"2023-10-26T20:56:01+00:00","dateModified":"2025-03-10T10:58:15+00:00","breadcrumb":{"@id":"https:\/\/uniwersytetotwarty.us.edu.pl\/uniwersytet-najlepszych\/rekrutacja-uczniow\/#breadcrumb"},"inLanguage":"pl-PL","potentialAction":[{"@type":"ReadAction","target":["https:\/\/uniwersytetotwarty.us.edu.pl\/uniwersytet-najlepszych\/rekrutacja-uczniow\/"]}]},{"@type":"ImageObject","inLanguage":"pl-PL","@id":"https:\/\/uniwersytetotwarty.us.edu.pl\/uniwersytet-najlepszych\/rekrutacja-uczniow\/#primaryimage","url":"https:\/\/uniwersytetotwarty.us.edu.pl\/uniwersytet-najlepszych\/wp-content\/uploads\/sites\/12\/2024\/02\/421930729_349703264619465_8164683878967936168_n.jpg","contentUrl":"https:\/\/uniwersytetotwarty.us.edu.pl\/uniwersytet-najlepszych\/wp-content\/uploads\/sites\/12\/2024\/02\/421930729_349703264619465_8164683878967936168_n.jpg","width":1526,"height":1526},{"@type":"BreadcrumbList","@id":"https:\/\/uniwersytetotwarty.us.edu.pl\/uniwersytet-najlepszych\/rekrutacja-uczniow\/#breadcrumb","itemListElement":[{"@type":"ListItem","position":1,"name":"Uniwersytet Najlepszych","item":"https:\/\/uniwersytetotwarty.us.edu.pl\/uniwersytet-najlepszych\/"},{"@type":"ListItem","position":2,"name":"Rekrutacja uczni\u00f3w"}]},{"@type":"WebSite","@id":"https:\/\/uniwersytetotwarty.us.edu.pl\/uniwersytet-najlepszych\/#website","url":"https:\/\/uniwersytetotwarty.us.edu.pl\/uniwersytet-najlepszych\/","name":"Uniwersytet Najlepszych","description":"","publisher":{"@id":"https:\/\/uniwersytetotwarty.us.edu.pl\/uniwersytet-najlepszych\/#organization"},"potentialAction":[{"@type":"SearchAction","target":{"@type":"EntryPoint","urlTemplate":"https:\/\/uniwersytetotwarty.us.edu.pl\/uniwersytet-najlepszych\/?s={search_term_string}"},"query-input":{"@type":"PropertyValueSpecification","valueRequired":true,"valueName":"search_term_string"}}],"inLanguage":"pl-PL"},{"@type":"Organization","@id":"https:\/\/uniwersytetotwarty.us.edu.pl\/uniwersytet-najlepszych\/#organization","name":"Uniwersytet \u015al\u0105ski","url":"https:\/\/uniwersytetotwarty.us.edu.pl\/uniwersytet-najlepszych\/","logo":{"@type":"ImageObject","inLanguage":"pl-PL","@id":"https:\/\/uniwersytetotwarty.us.edu.pl\/uniwersytet-najlepszych\/#\/schema\/logo\/image\/","url":"https:\/\/uniwersytetotwarty.us.edu.pl\/uniwersytet-najlepszych\/wp-content\/uploads\/sites\/12\/2023\/10\/logo-1.svg","contentUrl":"https:\/\/uniwersytetotwarty.us.edu.pl\/uniwersytet-najlepszych\/wp-content\/uploads\/sites\/12\/2023\/10\/logo-1.svg","width":414,"height":71,"caption":"Uniwersytet \u015al\u0105ski"},"image":{"@id":"https:\/\/uniwersytetotwarty.us.edu.pl\/uniwersytet-najlepszych\/#\/schema\/logo\/image\/"}}]}},"_links":{"self":[{"href":"https:\/\/uniwersytetotwarty.us.edu.pl\/uniwersytet-najlepszych\/wp-json\/wp\/v2\/pages\/115","targetHints":{"allow":["GET"]}}],"collection":[{"href":"https:\/\/uniwersytetotwarty.us.edu.pl\/uniwersytet-najlepszych\/wp-json\/wp\/v2\/pages"}],"about":[{"href":"https:\/\/uniwersytetotwarty.us.edu.pl\/uniwersytet-najlepszych\/wp-json\/wp\/v2\/types\/page"}],"author":[{"embeddable":true,"href":"https:\/\/uniwersytetotwarty.us.edu.pl\/uniwersytet-najlepszych\/wp-json\/wp\/v2\/users\/5"}],"replies":[{"embeddable":true,"href":"https:\/\/uniwersytetotwarty.us.edu.pl\/uniwersytet-najlepszych\/wp-json\/wp\/v2\/comments?post=115"}],"version-history":[{"count":10,"href":"https:\/\/uniwersytetotwarty.us.edu.pl\/uniwersytet-najlepszych\/wp-json\/wp\/v2\/pages\/115\/revisions"}],"predecessor-version":[{"id":307,"href":"https:\/\/uniwersytetotwarty.us.edu.pl\/uniwersytet-najlepszych\/wp-json\/wp\/v2\/pages\/115\/revisions\/307"}],"wp:attachment":[{"href":"https:\/\/uniwersytetotwarty.us.edu.pl\/uniwersytet-najlepszych\/wp-json\/wp\/v2\/media?parent=115"}],"curies":[{"name":"wp","href":"https:\/\/api.w.org\/{rel}","templated":true}]}}