{"id":393,"date":"2024-07-17T14:17:15","date_gmt":"2024-07-17T12:17:15","guid":{"rendered":"https:\/\/uniwersytetotwarty.us.edu.pl\/umn\/?page_id=393"},"modified":"2025-09-12T13:35:03","modified_gmt":"2025-09-12T11:35:03","slug":"osobliwosci-swiata-fizyki","status":"publish","type":"page","link":"https:\/\/uniwersytetotwarty.us.edu.pl\/umn\/umn\/osobliwosci-swiata-fizyki\/","title":{"rendered":"Osobliwo\u015bci \u015awiata Fizyki"},"content":{"rendered":"\t\t<div data-elementor-type=\"wp-page\" data-elementor-id=\"393\" class=\"elementor elementor-393\" data-elementor-post-type=\"page\">\n\t\t\t\t\t\t<section class=\"elementor-section elementor-top-section elementor-element elementor-element-fb235aa elementor-section-boxed elementor-section-height-default elementor-section-height-default\" data-id=\"fb235aa\" data-element_type=\"section\" data-e-type=\"section\">\n\t\t\t\t\t\t<div class=\"elementor-container elementor-column-gap-default\">\n\t\t\t\t\t<div class=\"elementor-column elementor-col-100 elementor-top-column elementor-element elementor-element-da6fe60\" data-id=\"da6fe60\" data-element_type=\"column\" data-e-type=\"column\">\n\t\t\t<div class=\"elementor-widget-wrap elementor-element-populated\">\n\t\t\t\t\t\t<div class=\"elementor-element elementor-element-3e8c4a3 elementor-widget elementor-widget-spacer\" data-id=\"3e8c4a3\" data-element_type=\"widget\" data-e-type=\"widget\" data-widget_type=\"spacer.default\">\n\t\t\t\t<div class=\"elementor-widget-container\">\n\t\t\t\t\t\t\t<div class=\"elementor-spacer\">\n\t\t\t<div class=\"elementor-spacer-inner\"><\/div>\n\t\t<\/div>\n\t\t\t\t\t\t<\/div>\n\t\t\t\t<\/div>\n\t\t\t\t\t<\/div>\n\t\t<\/div>\n\t\t\t\t\t<\/div>\n\t\t<\/section>\n\t\t\t\t<section class=\"elementor-section elementor-top-section elementor-element elementor-element-ce2db12 elementor-section-boxed elementor-section-height-default elementor-section-height-default\" data-id=\"ce2db12\" data-element_type=\"section\" data-e-type=\"section\">\n\t\t\t\t\t\t<div class=\"elementor-container elementor-column-gap-default\">\n\t\t\t\t\t<div class=\"elementor-column elementor-col-50 elementor-top-column elementor-element elementor-element-0c7c8d5\" data-id=\"0c7c8d5\" data-element_type=\"column\" data-e-type=\"column\">\n\t\t\t<div class=\"elementor-widget-wrap elementor-element-populated\">\n\t\t\t\t\t\t<div class=\"elementor-element elementor-element-377151e elementor-widget elementor-widget-heading\" data-id=\"377151e\" data-element_type=\"widget\" data-e-type=\"widget\" data-widget_type=\"heading.default\">\n\t\t\t\t<div class=\"elementor-widget-container\">\n\t\t\t\t\t<h2 class=\"elementor-heading-title elementor-size-default\">Tematy Osobliwo\u015bci \u015awiata Fizyki:<\/h2>\t\t\t\t<\/div>\n\t\t\t\t<\/div>\n\t\t\t\t<div class=\"elementor-element elementor-element-74d6f09 elementor-widget elementor-widget-text-editor\" data-id=\"74d6f09\" data-element_type=\"widget\" data-e-type=\"widget\" data-widget_type=\"text-editor.default\">\n\t\t\t\t<div class=\"elementor-widget-container\">\n\t\t\t\t\t\t\t\t\t<p><strong>Zakr\u0119cony \u015bwiat<br \/><\/strong>Ziemia, na kt\u00f3rej mieszkamy wiruje wok\u00f3\u0142 w\u0142asnej osi zapewniaj\u0105c rytm dnia i nocy. To jednak nie wszystko. Ten ruch kszta\u0142tuje wiele mechanizm\u00f3w przyrody, ustala kierunki wiatr\u00f3w sta\u0142ych, zapewnia ciep\u0142o Europie i steruje kierunkiem wirowania cyklon\u00f3w. W po\u0142\u0105czeniu z obiegiem Ziemi wok\u00f3\u0142 S\u0142o\u0144ca decyduje r\u00f3wnie\u017c o cyklu p\u00f3r roku i o wielu aspektach naszego codziennego \u017cycia. Dlaczego tak d\u0142ugo nie potrafiono tego dostrzec? Kto pierwszy potrafi\u0142 dowie\u015b\u0107 tego eksperymentem? Czy wystarczy\u0142o u\u017cy\u0107 tylko wahad\u0142a? Dlaczego odnajduj\u0105c na niebie Wielki W\u00f3z, potrafimy wskaza\u0107 kierunek p\u00f3\u0142nocny?<br \/>Na wszystkie pytania odpowiemy na wyk\u0142adzie.<\/p><p><strong>Ujarzmiona energia<\/strong><br \/>Od staro\u017cytno\u015bci ludzko\u015b\u0107 poszukuje \u017ar\u00f3de\u0142 energii koniecznej do nap\u0119dzania wszystkich prac naszej cywilizacji. W nast\u0119pstwie Rewolucji Przemys\u0142owej, spalaj\u0105c paliwa kopalne, prawie zrujnowali\u015bmy nasz\u0105 planet\u0119. Na szcz\u0119\u015bcie wiemy ju\u017c, \u017ce energia ma wiele form, \u017ce jest wsz\u0119dzie i mo\u017cna j\u0105 czerpa\u0107 wprost z zasob\u00f3w przyrody praktycznie bez ko\u0144ca\u2026 Znale\u017ali\u015bmy te\u017c wiele narz\u0119dzi by j\u0105 gromadzi\u0107 i przechowywa\u0107, a tak\u017ce umiej\u0119tnie z niej korzysta\u0107. Poznajmy jej \u017ar\u00f3d\u0142a, formy i sposoby zamieniania na prac\u0119 &#8211; od wynalazk\u00f3w staro\u017cytno\u015bci do produkt\u00f3w najnowocze\u015bniejszych technologii.<\/p>\t\t\t\t\t\t\t\t<\/div>\n\t\t\t\t<\/div>\n\t\t\t\t\t<\/div>\n\t\t<\/div>\n\t\t\t\t<div class=\"elementor-column elementor-col-50 elementor-top-column elementor-element elementor-element-fb58cd7\" data-id=\"fb58cd7\" data-element_type=\"column\" data-e-type=\"column\">\n\t\t\t<div class=\"elementor-widget-wrap elementor-element-populated\">\n\t\t\t\t\t\t<div class=\"elementor-element elementor-element-94359a3 elementor-widget elementor-widget-image\" data-id=\"94359a3\" data-element_type=\"widget\" data-e-type=\"widget\" data-widget_type=\"image.default\">\n\t\t\t\t<div class=\"elementor-widget-container\">\n\t\t\t\t\t\t\t\t\t\t\t\t\t\t\t<img fetchpriority=\"high\" decoding=\"async\" width=\"800\" height=\"800\" src=\"https:\/\/uniwersytetotwarty.us.edu.pl\/umn\/wp-content\/uploads\/sites\/6\/2024\/07\/UMN-2024-osobliwosci-1024x1024.jpg\" class=\"attachment-large size-large wp-image-538\" alt=\"\" srcset=\"https:\/\/uniwersytetotwarty.us.edu.pl\/umn\/wp-content\/uploads\/sites\/6\/2024\/07\/UMN-2024-osobliwosci-1024x1024.jpg 1024w, https:\/\/uniwersytetotwarty.us.edu.pl\/umn\/wp-content\/uploads\/sites\/6\/2024\/07\/UMN-2024-osobliwosci-300x300.jpg 300w, https:\/\/uniwersytetotwarty.us.edu.pl\/umn\/wp-content\/uploads\/sites\/6\/2024\/07\/UMN-2024-osobliwosci-150x150.jpg 150w, https:\/\/uniwersytetotwarty.us.edu.pl\/umn\/wp-content\/uploads\/sites\/6\/2024\/07\/UMN-2024-osobliwosci-768x768.jpg 768w, https:\/\/uniwersytetotwarty.us.edu.pl\/umn\/wp-content\/uploads\/sites\/6\/2024\/07\/UMN-2024-osobliwosci-1536x1536.jpg 1536w, https:\/\/uniwersytetotwarty.us.edu.pl\/umn\/wp-content\/uploads\/sites\/6\/2024\/07\/UMN-2024-osobliwosci.jpg 1775w\" sizes=\"(max-width: 800px) 100vw, 800px\" \/>\t\t\t\t\t\t\t\t\t\t\t\t\t\t\t<\/div>\n\t\t\t\t<\/div>\n\t\t\t\t\t<\/div>\n\t\t<\/div>\n\t\t\t\t\t<\/div>\n\t\t<\/section>\n\t\t\t\t<section class=\"elementor-section elementor-top-section elementor-element elementor-element-262c1cb elementor-section-boxed elementor-section-height-default elementor-section-height-default\" data-id=\"262c1cb\" data-element_type=\"section\" data-e-type=\"section\">\n\t\t\t\t\t\t<div class=\"elementor-container elementor-column-gap-default\">\n\t\t\t\t\t<div class=\"elementor-column elementor-col-50 elementor-top-column elementor-element elementor-element-3a7aa29\" data-id=\"3a7aa29\" data-element_type=\"column\" data-e-type=\"column\">\n\t\t\t<div class=\"elementor-widget-wrap elementor-element-populated\">\n\t\t\t\t\t\t<div class=\"elementor-element elementor-element-de0a576 elementor-widget elementor-widget-text-editor\" data-id=\"de0a576\" data-element_type=\"widget\" data-e-type=\"widget\" data-widget_type=\"text-editor.default\">\n\t\t\t\t<div class=\"elementor-widget-container\">\n\t\t\t\t\t\t\t\t\t<p><strong>ZAPISY e-mail: <a href=\"mailto:uniwersytet.dzieci@us.edu.pl\">uniwersytet.dzieci@us.edu.pl<\/a><\/strong><br><strong>tel. kom.: 725 991 943<\/strong><\/p>\n<p><span style=\"text-align: center\">Udzia\u0142 p\u0142atny \u2013 30 z\u0142\/osob\u0119<\/span><\/p>\n<p><span style=\"text-align: center\">Adres wydarzenia: ul Bankowa 14, Katowice (sale 213 i 420) (<a href=\"https:\/\/us.edu.pl\/deklaracja-dostepnosci\/dostepnosc-architektoniczna-katowice-ul-bankowa-14\/\" target=\"_blank\" rel=\"noopener\">dost\u0119pno\u015b\u0107 budynku<\/a>)<\/span><\/p>\t\t\t\t\t\t\t\t<\/div>\n\t\t\t\t<\/div>\n\t\t\t\t\t<\/div>\n\t\t<\/div>\n\t\t\t\t<div class=\"elementor-column elementor-col-50 elementor-top-column elementor-element elementor-element-8199e81\" data-id=\"8199e81\" data-element_type=\"column\" data-e-type=\"column\">\n\t\t\t<div class=\"elementor-widget-wrap\">\n\t\t\t\t\t\t\t<\/div>\n\t\t<\/div>\n\t\t\t\t\t<\/div>\n\t\t<\/section>\n\t\t\t\t<section class=\"elementor-section elementor-top-section elementor-element elementor-element-46cc44b elementor-section-stretched elementor-section-boxed elementor-section-height-default elementor-section-height-default\" data-id=\"46cc44b\" data-element_type=\"section\" data-e-type=\"section\" data-settings=\"{&quot;stretch_section&quot;:&quot;section-stretched&quot;,&quot;background_background&quot;:&quot;gradient&quot;}\">\n\t\t\t\t\t\t<div class=\"elementor-container elementor-column-gap-default\">\n\t\t\t\t\t<div class=\"elementor-column elementor-col-100 elementor-top-column elementor-element elementor-element-262814d\" data-id=\"262814d\" data-element_type=\"column\" data-e-type=\"column\">\n\t\t\t<div class=\"elementor-widget-wrap elementor-element-populated\">\n\t\t\t\t\t\t<div class=\"elementor-element elementor-element-c2043f4 elementor-widget elementor-widget-menu-anchor\" data-id=\"c2043f4\" data-element_type=\"widget\" data-e-type=\"widget\" data-widget_type=\"menu-anchor.default\">\n\t\t\t\t<div class=\"elementor-widget-container\">\n\t\t\t\t\t\t\t<div class=\"elementor-menu-anchor\" id=\"uo-kontakt\"><\/div>\n\t\t\t\t\t\t<\/div>\n\t\t\t\t<\/div>\n\t\t\t\t<div class=\"elementor-element elementor-element-959c50e elementor-widget elementor-widget-heading\" data-id=\"959c50e\" data-element_type=\"widget\" data-e-type=\"widget\" data-widget_type=\"heading.default\">\n\t\t\t\t<div class=\"elementor-widget-container\">\n\t\t\t\t\t<h2 class=\"elementor-heading-title elementor-size-default\">Kontakt<\/h2>\t\t\t\t<\/div>\n\t\t\t\t<\/div>\n\t\t\t\t<div class=\"elementor-element elementor-element-86a90ba elementor-widget elementor-widget-heading\" data-id=\"86a90ba\" data-element_type=\"widget\" data-e-type=\"widget\" data-widget_type=\"heading.default\">\n\t\t\t\t<div class=\"elementor-widget-container\">\n\t\t\t\t\t<h3 class=\"elementor-heading-title elementor-size-default\">Koordynator:<\/h3>\t\t\t\t<\/div>\n\t\t\t\t<\/div>\n\t\t\t\t<section class=\"elementor-section elementor-inner-section elementor-element elementor-element-c9158bb elementor-section-boxed elementor-section-height-default elementor-section-height-default\" data-id=\"c9158bb\" data-element_type=\"section\" data-e-type=\"section\">\n\t\t\t\t\t\t<div class=\"elementor-container elementor-column-gap-default\">\n\t\t\t\t\t<div class=\"elementor-column elementor-col-25 elementor-inner-column elementor-element elementor-element-1eb7bea\" data-id=\"1eb7bea\" data-element_type=\"column\" data-e-type=\"column\">\n\t\t\t<div class=\"elementor-widget-wrap elementor-element-populated\">\n\t\t\t\t\t\t<div class=\"elementor-element elementor-element-4c79993 elementor-widget elementor-widget-image\" data-id=\"4c79993\" data-element_type=\"widget\" data-e-type=\"widget\" data-widget_type=\"image.default\">\n\t\t\t\t<div class=\"elementor-widget-container\">\n\t\t\t\t\t\t\t\t\t\t\t\t\t\t\t<img decoding=\"async\" width=\"328\" height=\"328\" src=\"https:\/\/uniwersytetotwarty.us.edu.pl\/umn\/wp-content\/uploads\/sites\/6\/2023\/07\/Koordynator-Jerzy-Jarosz.jpg\" class=\"attachment-large size-large wp-image-112\" alt=\"\" srcset=\"https:\/\/uniwersytetotwarty.us.edu.pl\/umn\/wp-content\/uploads\/sites\/6\/2023\/07\/Koordynator-Jerzy-Jarosz.jpg 328w, https:\/\/uniwersytetotwarty.us.edu.pl\/umn\/wp-content\/uploads\/sites\/6\/2023\/07\/Koordynator-Jerzy-Jarosz-300x300.jpg 300w, https:\/\/uniwersytetotwarty.us.edu.pl\/umn\/wp-content\/uploads\/sites\/6\/2023\/07\/Koordynator-Jerzy-Jarosz-150x150.jpg 150w\" sizes=\"(max-width: 328px) 100vw, 328px\" \/>\t\t\t\t\t\t\t\t\t\t\t\t\t\t\t<\/div>\n\t\t\t\t<\/div>\n\t\t\t\t\t<\/div>\n\t\t<\/div>\n\t\t\t\t<div class=\"elementor-column elementor-col-25 elementor-inner-column elementor-element elementor-element-d1dcdb0\" data-id=\"d1dcdb0\" data-element_type=\"column\" data-e-type=\"column\">\n\t\t\t<div class=\"elementor-widget-wrap elementor-element-populated\">\n\t\t\t\t\t\t<div class=\"elementor-element elementor-element-a266307 elementor-widget elementor-widget-text-editor\" data-id=\"a266307\" data-element_type=\"widget\" data-e-type=\"widget\" data-widget_type=\"text-editor.default\">\n\t\t\t\t<div class=\"elementor-widget-container\">\n\t\t\t\t\t\t\t\t\t<p><strong>dr Jerzy Jarosz, prof. U\u015a<\/strong><br>e-mail: jerzy.jarosz@us.edu.pl<br>tel. kom.: 725 991 943<br>NR KONTA DO WP\u0141AT: 64 1050 1214 1000 0023 4388 1542<br>Tytu\u0142 przelewu: Osobliwo\u015bci \u015awiata Fizyki<\/p>\t\t\t\t\t\t\t\t<\/div>\n\t\t\t\t<\/div>\n\t\t\t\t\t<\/div>\n\t\t<\/div>\n\t\t\t\t<div class=\"elementor-column elementor-col-25 elementor-inner-column elementor-element elementor-element-1fb41ed\" data-id=\"1fb41ed\" data-element_type=\"column\" data-e-type=\"column\">\n\t\t\t<div class=\"elementor-widget-wrap\">\n\t\t\t\t\t\t\t<\/div>\n\t\t<\/div>\n\t\t\t\t<div class=\"elementor-column elementor-col-25 elementor-inner-column elementor-element elementor-element-2379513\" data-id=\"2379513\" data-element_type=\"column\" data-e-type=\"column\">\n\t\t\t<div class=\"elementor-widget-wrap\">\n\t\t\t\t\t\t\t<\/div>\n\t\t<\/div>\n\t\t\t\t\t<\/div>\n\t\t<\/section>\n\t\t\t\t\t<\/div>\n\t\t<\/div>\n\t\t\t\t\t<\/div>\n\t\t<\/section>\n\t\t\t\t<section class=\"elementor-section elementor-top-section elementor-element elementor-element-843077b elementor-section-boxed elementor-section-height-default elementor-section-height-default\" data-id=\"843077b\" data-element_type=\"section\" data-e-type=\"section\">\n\t\t\t\t\t\t<div class=\"elementor-container elementor-column-gap-default\">\n\t\t\t\t\t<div class=\"elementor-column elementor-col-100 elementor-top-column elementor-element elementor-element-ff5dbb2\" data-id=\"ff5dbb2\" data-element_type=\"column\" data-e-type=\"column\">\n\t\t\t<div class=\"elementor-widget-wrap elementor-element-populated\">\n\t\t\t\t\t\t<div class=\"elementor-element elementor-element-6cc06c2 elementor-widget elementor-widget-spacer\" data-id=\"6cc06c2\" data-element_type=\"widget\" data-e-type=\"widget\" data-widget_type=\"spacer.default\">\n\t\t\t\t<div class=\"elementor-widget-container\">\n\t\t\t\t\t\t\t<div class=\"elementor-spacer\">\n\t\t\t<div class=\"elementor-spacer-inner\"><\/div>\n\t\t<\/div>\n\t\t\t\t\t\t<\/div>\n\t\t\t\t<\/div>\n\t\t\t\t\t<\/div>\n\t\t<\/div>\n\t\t\t\t\t<\/div>\n\t\t<\/section>\n\t\t\t\t<\/div>\n\t\t","protected":false},"excerpt":{"rendered":"<p>Tematy Osobliwo\u015bci \u015awiata Fizyki: Zakr\u0119cony \u015bwiatZiemia, na kt\u00f3rej mieszkamy wiruje wok\u00f3\u0142 w\u0142asnej osi zapewniaj\u0105c rytm dnia i nocy. To jednak nie wszystko. Ten ruch kszta\u0142tuje wiele mechanizm\u00f3w przyrody, ustala kierunki wiatr\u00f3w sta\u0142ych, zapewnia ciep\u0142o Europie i steruje kierunkiem wirowania cyklon\u00f3w. W po\u0142\u0105czeniu z obiegiem Ziemi wok\u00f3\u0142 S\u0142o\u0144ca decyduje r\u00f3wnie\u017c o cyklu p\u00f3r roku i o [&hellip;]<\/p>\n","protected":false},"author":2,"featured_media":0,"parent":2,"menu_order":0,"comment_status":"closed","ping_status":"closed","template":"","meta":{"footnotes":""},"class_list":["post-393","page","type-page","status-publish","hentry"],"yoast_head":"<!-- This site is optimized with the Yoast SEO plugin v27.3 - https:\/\/yoast.com\/product\/yoast-seo-wordpress\/ -->\n<title>Osobliwo\u015bci \u015awiata Fizyki - uniwersyteckie miasteczko naukowe<\/title>\n<meta name=\"robots\" content=\"index, follow, max-snippet:-1, max-image-preview:large, max-video-preview:-1\" \/>\n<link rel=\"canonical\" href=\"https:\/\/uniwersytetotwarty.us.edu.pl\/umn\/umn\/osobliwosci-swiata-fizyki\/\" \/>\n<meta property=\"og:locale\" content=\"pl_PL\" \/>\n<meta property=\"og:type\" content=\"article\" \/>\n<meta property=\"og:title\" content=\"Osobliwo\u015bci \u015awiata Fizyki - uniwersyteckie miasteczko naukowe\" \/>\n<meta property=\"og:description\" content=\"Tematy Osobliwo\u015bci \u015awiata Fizyki: Zakr\u0119cony \u015bwiatZiemia, na kt\u00f3rej mieszkamy wiruje wok\u00f3\u0142 w\u0142asnej osi zapewniaj\u0105c rytm dnia i nocy. To jednak nie wszystko. Ten ruch kszta\u0142tuje wiele mechanizm\u00f3w przyrody, ustala kierunki wiatr\u00f3w sta\u0142ych, zapewnia ciep\u0142o Europie i steruje kierunkiem wirowania cyklon\u00f3w. W po\u0142\u0105czeniu z obiegiem Ziemi wok\u00f3\u0142 S\u0142o\u0144ca decyduje r\u00f3wnie\u017c o cyklu p\u00f3r roku i o [&hellip;]\" \/>\n<meta property=\"og:url\" content=\"https:\/\/uniwersytetotwarty.us.edu.pl\/umn\/umn\/osobliwosci-swiata-fizyki\/\" \/>\n<meta property=\"og:site_name\" content=\"uniwersyteckie miasteczko naukowe\" \/>\n<meta property=\"article:modified_time\" content=\"2025-09-12T11:35:03+00:00\" \/>\n<meta property=\"og:image\" content=\"https:\/\/uniwersytetotwarty.us.edu.pl\/umn\/wp-content\/uploads\/sites\/6\/2024\/07\/UMN-2024-osobliwosci.jpg\" \/>\n\t<meta property=\"og:image:width\" content=\"1775\" \/>\n\t<meta property=\"og:image:height\" content=\"1775\" \/>\n\t<meta property=\"og:image:type\" content=\"image\/jpeg\" \/>\n<meta name=\"twitter:card\" content=\"summary_large_image\" \/>\n<meta name=\"twitter:label1\" content=\"Szacowany czas czytania\" \/>\n\t<meta name=\"twitter:data1\" content=\"2 minuty\" \/>\n<script type=\"application\/ld+json\" class=\"yoast-schema-graph\">{\"@context\":\"https:\\\/\\\/schema.org\",\"@graph\":[{\"@type\":\"WebPage\",\"@id\":\"https:\\\/\\\/uniwersytetotwarty.us.edu.pl\\\/umn\\\/umn\\\/osobliwosci-swiata-fizyki\\\/\",\"url\":\"https:\\\/\\\/uniwersytetotwarty.us.edu.pl\\\/umn\\\/umn\\\/osobliwosci-swiata-fizyki\\\/\",\"name\":\"Osobliwo\u015bci \u015awiata Fizyki - uniwersyteckie miasteczko naukowe\",\"isPartOf\":{\"@id\":\"https:\\\/\\\/uniwersytetotwarty.us.edu.pl\\\/umn\\\/#website\"},\"primaryImageOfPage\":{\"@id\":\"https:\\\/\\\/uniwersytetotwarty.us.edu.pl\\\/umn\\\/umn\\\/osobliwosci-swiata-fizyki\\\/#primaryimage\"},\"image\":{\"@id\":\"https:\\\/\\\/uniwersytetotwarty.us.edu.pl\\\/umn\\\/umn\\\/osobliwosci-swiata-fizyki\\\/#primaryimage\"},\"thumbnailUrl\":\"https:\\\/\\\/uniwersytetotwarty.us.edu.pl\\\/umn\\\/wp-content\\\/uploads\\\/sites\\\/6\\\/2024\\\/07\\\/UMN-2024-osobliwosci-1024x1024.jpg\",\"datePublished\":\"2024-07-17T12:17:15+00:00\",\"dateModified\":\"2025-09-12T11:35:03+00:00\",\"breadcrumb\":{\"@id\":\"https:\\\/\\\/uniwersytetotwarty.us.edu.pl\\\/umn\\\/umn\\\/osobliwosci-swiata-fizyki\\\/#breadcrumb\"},\"inLanguage\":\"pl-PL\",\"potentialAction\":[{\"@type\":\"ReadAction\",\"target\":[\"https:\\\/\\\/uniwersytetotwarty.us.edu.pl\\\/umn\\\/umn\\\/osobliwosci-swiata-fizyki\\\/\"]}]},{\"@type\":\"ImageObject\",\"inLanguage\":\"pl-PL\",\"@id\":\"https:\\\/\\\/uniwersytetotwarty.us.edu.pl\\\/umn\\\/umn\\\/osobliwosci-swiata-fizyki\\\/#primaryimage\",\"url\":\"https:\\\/\\\/uniwersytetotwarty.us.edu.pl\\\/umn\\\/wp-content\\\/uploads\\\/sites\\\/6\\\/2024\\\/07\\\/UMN-2024-osobliwosci.jpg\",\"contentUrl\":\"https:\\\/\\\/uniwersytetotwarty.us.edu.pl\\\/umn\\\/wp-content\\\/uploads\\\/sites\\\/6\\\/2024\\\/07\\\/UMN-2024-osobliwosci.jpg\",\"width\":1775,\"height\":1775},{\"@type\":\"BreadcrumbList\",\"@id\":\"https:\\\/\\\/uniwersytetotwarty.us.edu.pl\\\/umn\\\/umn\\\/osobliwosci-swiata-fizyki\\\/#breadcrumb\",\"itemListElement\":[{\"@type\":\"ListItem\",\"position\":1,\"name\":\"Strona g\u0142\u00f3wna\",\"item\":\"https:\\\/\\\/uniwersytetotwarty.us.edu.pl\\\/umn\\\/\"},{\"@type\":\"ListItem\",\"position\":2,\"name\":\"Uniwersyteckie Miasteczko Naukowe\",\"item\":\"https:\\\/\\\/uniwersytetotwarty.us.edu.pl\\\/umn\\\/\"},{\"@type\":\"ListItem\",\"position\":3,\"name\":\"Osobliwo\u015bci \u015awiata Fizyki\"}]},{\"@type\":\"WebSite\",\"@id\":\"https:\\\/\\\/uniwersytetotwarty.us.edu.pl\\\/umn\\\/#website\",\"url\":\"https:\\\/\\\/uniwersytetotwarty.us.edu.pl\\\/umn\\\/\",\"name\":\"uniwersyteckie miasteczko naukowe\",\"description\":\"uniwersyteckie miasteczko naukowe\",\"publisher\":{\"@id\":\"https:\\\/\\\/uniwersytetotwarty.us.edu.pl\\\/umn\\\/#organization\"},\"potentialAction\":[{\"@type\":\"SearchAction\",\"target\":{\"@type\":\"EntryPoint\",\"urlTemplate\":\"https:\\\/\\\/uniwersytetotwarty.us.edu.pl\\\/umn\\\/?s={search_term_string}\"},\"query-input\":{\"@type\":\"PropertyValueSpecification\",\"valueRequired\":true,\"valueName\":\"search_term_string\"}}],\"inLanguage\":\"pl-PL\"},{\"@type\":\"Organization\",\"@id\":\"https:\\\/\\\/uniwersytetotwarty.us.edu.pl\\\/umn\\\/#organization\",\"name\":\"Uniwersytet \u015al\u0105ski\",\"url\":\"https:\\\/\\\/uniwersytetotwarty.us.edu.pl\\\/umn\\\/\",\"logo\":{\"@type\":\"ImageObject\",\"inLanguage\":\"pl-PL\",\"@id\":\"https:\\\/\\\/uniwersytetotwarty.us.edu.pl\\\/umn\\\/#\\\/schema\\\/logo\\\/image\\\/\",\"url\":\"https:\\\/\\\/uniwersytetotwarty.us.edu.pl\\\/umn\\\/wp-content\\\/uploads\\\/sites\\\/6\\\/2023\\\/07\\\/logo.svg\",\"contentUrl\":\"https:\\\/\\\/uniwersytetotwarty.us.edu.pl\\\/umn\\\/wp-content\\\/uploads\\\/sites\\\/6\\\/2023\\\/07\\\/logo.svg\",\"width\":414,\"height\":71,\"caption\":\"Uniwersytet \u015al\u0105ski\"},\"image\":{\"@id\":\"https:\\\/\\\/uniwersytetotwarty.us.edu.pl\\\/umn\\\/#\\\/schema\\\/logo\\\/image\\\/\"}}]}<\/script>\n<!-- \/ Yoast SEO plugin. -->","yoast_head_json":{"title":"Osobliwo\u015bci \u015awiata Fizyki - uniwersyteckie miasteczko naukowe","robots":{"index":"index","follow":"follow","max-snippet":"max-snippet:-1","max-image-preview":"max-image-preview:large","max-video-preview":"max-video-preview:-1"},"canonical":"https:\/\/uniwersytetotwarty.us.edu.pl\/umn\/umn\/osobliwosci-swiata-fizyki\/","og_locale":"pl_PL","og_type":"article","og_title":"Osobliwo\u015bci \u015awiata Fizyki - uniwersyteckie miasteczko naukowe","og_description":"Tematy Osobliwo\u015bci \u015awiata Fizyki: Zakr\u0119cony \u015bwiatZiemia, na kt\u00f3rej mieszkamy wiruje wok\u00f3\u0142 w\u0142asnej osi zapewniaj\u0105c rytm dnia i nocy. To jednak nie wszystko. Ten ruch kszta\u0142tuje wiele mechanizm\u00f3w przyrody, ustala kierunki wiatr\u00f3w sta\u0142ych, zapewnia ciep\u0142o Europie i steruje kierunkiem wirowania cyklon\u00f3w. W po\u0142\u0105czeniu z obiegiem Ziemi wok\u00f3\u0142 S\u0142o\u0144ca decyduje r\u00f3wnie\u017c o cyklu p\u00f3r roku i o [&hellip;]","og_url":"https:\/\/uniwersytetotwarty.us.edu.pl\/umn\/umn\/osobliwosci-swiata-fizyki\/","og_site_name":"uniwersyteckie miasteczko naukowe","article_modified_time":"2025-09-12T11:35:03+00:00","og_image":[{"width":1775,"height":1775,"url":"https:\/\/uniwersytetotwarty.us.edu.pl\/umn\/wp-content\/uploads\/sites\/6\/2024\/07\/UMN-2024-osobliwosci.jpg","type":"image\/jpeg"}],"twitter_card":"summary_large_image","twitter_misc":{"Szacowany czas czytania":"2 minuty"},"schema":{"@context":"https:\/\/schema.org","@graph":[{"@type":"WebPage","@id":"https:\/\/uniwersytetotwarty.us.edu.pl\/umn\/umn\/osobliwosci-swiata-fizyki\/","url":"https:\/\/uniwersytetotwarty.us.edu.pl\/umn\/umn\/osobliwosci-swiata-fizyki\/","name":"Osobliwo\u015bci \u015awiata Fizyki - uniwersyteckie miasteczko naukowe","isPartOf":{"@id":"https:\/\/uniwersytetotwarty.us.edu.pl\/umn\/#website"},"primaryImageOfPage":{"@id":"https:\/\/uniwersytetotwarty.us.edu.pl\/umn\/umn\/osobliwosci-swiata-fizyki\/#primaryimage"},"image":{"@id":"https:\/\/uniwersytetotwarty.us.edu.pl\/umn\/umn\/osobliwosci-swiata-fizyki\/#primaryimage"},"thumbnailUrl":"https:\/\/uniwersytetotwarty.us.edu.pl\/umn\/wp-content\/uploads\/sites\/6\/2024\/07\/UMN-2024-osobliwosci-1024x1024.jpg","datePublished":"2024-07-17T12:17:15+00:00","dateModified":"2025-09-12T11:35:03+00:00","breadcrumb":{"@id":"https:\/\/uniwersytetotwarty.us.edu.pl\/umn\/umn\/osobliwosci-swiata-fizyki\/#breadcrumb"},"inLanguage":"pl-PL","potentialAction":[{"@type":"ReadAction","target":["https:\/\/uniwersytetotwarty.us.edu.pl\/umn\/umn\/osobliwosci-swiata-fizyki\/"]}]},{"@type":"ImageObject","inLanguage":"pl-PL","@id":"https:\/\/uniwersytetotwarty.us.edu.pl\/umn\/umn\/osobliwosci-swiata-fizyki\/#primaryimage","url":"https:\/\/uniwersytetotwarty.us.edu.pl\/umn\/wp-content\/uploads\/sites\/6\/2024\/07\/UMN-2024-osobliwosci.jpg","contentUrl":"https:\/\/uniwersytetotwarty.us.edu.pl\/umn\/wp-content\/uploads\/sites\/6\/2024\/07\/UMN-2024-osobliwosci.jpg","width":1775,"height":1775},{"@type":"BreadcrumbList","@id":"https:\/\/uniwersytetotwarty.us.edu.pl\/umn\/umn\/osobliwosci-swiata-fizyki\/#breadcrumb","itemListElement":[{"@type":"ListItem","position":1,"name":"Strona g\u0142\u00f3wna","item":"https:\/\/uniwersytetotwarty.us.edu.pl\/umn\/"},{"@type":"ListItem","position":2,"name":"Uniwersyteckie Miasteczko Naukowe","item":"https:\/\/uniwersytetotwarty.us.edu.pl\/umn\/"},{"@type":"ListItem","position":3,"name":"Osobliwo\u015bci \u015awiata Fizyki"}]},{"@type":"WebSite","@id":"https:\/\/uniwersytetotwarty.us.edu.pl\/umn\/#website","url":"https:\/\/uniwersytetotwarty.us.edu.pl\/umn\/","name":"uniwersyteckie miasteczko naukowe","description":"uniwersyteckie miasteczko naukowe","publisher":{"@id":"https:\/\/uniwersytetotwarty.us.edu.pl\/umn\/#organization"},"potentialAction":[{"@type":"SearchAction","target":{"@type":"EntryPoint","urlTemplate":"https:\/\/uniwersytetotwarty.us.edu.pl\/umn\/?s={search_term_string}"},"query-input":{"@type":"PropertyValueSpecification","valueRequired":true,"valueName":"search_term_string"}}],"inLanguage":"pl-PL"},{"@type":"Organization","@id":"https:\/\/uniwersytetotwarty.us.edu.pl\/umn\/#organization","name":"Uniwersytet \u015al\u0105ski","url":"https:\/\/uniwersytetotwarty.us.edu.pl\/umn\/","logo":{"@type":"ImageObject","inLanguage":"pl-PL","@id":"https:\/\/uniwersytetotwarty.us.edu.pl\/umn\/#\/schema\/logo\/image\/","url":"https:\/\/uniwersytetotwarty.us.edu.pl\/umn\/wp-content\/uploads\/sites\/6\/2023\/07\/logo.svg","contentUrl":"https:\/\/uniwersytetotwarty.us.edu.pl\/umn\/wp-content\/uploads\/sites\/6\/2023\/07\/logo.svg","width":414,"height":71,"caption":"Uniwersytet \u015al\u0105ski"},"image":{"@id":"https:\/\/uniwersytetotwarty.us.edu.pl\/umn\/#\/schema\/logo\/image\/"}}]}},"_links":{"self":[{"href":"https:\/\/uniwersytetotwarty.us.edu.pl\/umn\/wp-json\/wp\/v2\/pages\/393","targetHints":{"allow":["GET"]}}],"collection":[{"href":"https:\/\/uniwersytetotwarty.us.edu.pl\/umn\/wp-json\/wp\/v2\/pages"}],"about":[{"href":"https:\/\/uniwersytetotwarty.us.edu.pl\/umn\/wp-json\/wp\/v2\/types\/page"}],"author":[{"embeddable":true,"href":"https:\/\/uniwersytetotwarty.us.edu.pl\/umn\/wp-json\/wp\/v2\/users\/2"}],"replies":[{"embeddable":true,"href":"https:\/\/uniwersytetotwarty.us.edu.pl\/umn\/wp-json\/wp\/v2\/comments?post=393"}],"version-history":[{"count":10,"href":"https:\/\/uniwersytetotwarty.us.edu.pl\/umn\/wp-json\/wp\/v2\/pages\/393\/revisions"}],"predecessor-version":[{"id":1066,"href":"https:\/\/uniwersytetotwarty.us.edu.pl\/umn\/wp-json\/wp\/v2\/pages\/393\/revisions\/1066"}],"up":[{"embeddable":true,"href":"https:\/\/uniwersytetotwarty.us.edu.pl\/umn\/wp-json\/wp\/v2\/pages\/2"}],"wp:attachment":[{"href":"https:\/\/uniwersytetotwarty.us.edu.pl\/umn\/wp-json\/wp\/v2\/media?parent=393"}],"curies":[{"name":"wp","href":"https:\/\/api.w.org\/{rel}","templated":true}]}}