{"id":663,"date":"2025-03-31T14:52:40","date_gmt":"2025-03-31T12:52:40","guid":{"rendered":"https:\/\/uniwersytetotwarty.us.edu.pl\/otwarte-kursy\/?page_id=663"},"modified":"2025-03-31T14:57:18","modified_gmt":"2025-03-31T12:57:18","slug":"szkolenia-dla-pracownikow-samorzadu","status":"publish","type":"page","link":"https:\/\/uniwersytetotwarty.us.edu.pl\/otwarte-kursy\/modul-biznesowy\/szkolenia-dla-pracownikow-samorzadu\/","title":{"rendered":"Szkolenia dla pracownik\u00f3w samorz\u0105du"},"content":{"rendered":"\t\t<div data-elementor-type=\"wp-page\" data-elementor-id=\"663\" class=\"elementor elementor-663\" data-elementor-post-type=\"page\">\n\t\t\t\t\t\t<section class=\"elementor-section elementor-top-section elementor-element elementor-element-10873fb elementor-section-boxed elementor-section-height-default elementor-section-height-default\" data-id=\"10873fb\" data-element_type=\"section\" data-e-type=\"section\">\n\t\t\t\t\t\t<div class=\"elementor-container elementor-column-gap-default\">\n\t\t\t\t\t<div class=\"elementor-column elementor-col-50 elementor-top-column elementor-element elementor-element-c10a626\" data-id=\"c10a626\" data-element_type=\"column\" data-e-type=\"column\">\n\t\t\t<div class=\"elementor-widget-wrap elementor-element-populated\">\n\t\t\t\t\t\t<div class=\"elementor-element elementor-element-0f58c7b elementor-widget elementor-widget-text-editor\" data-id=\"0f58c7b\" data-element_type=\"widget\" data-e-type=\"widget\" data-widget_type=\"text-editor.default\">\n\t\t\t\t<div class=\"elementor-widget-container\">\n\t\t\t\t\t\t\t\t\t<p>Informacje wkr\u00f3tce!\u00a0<\/p>\t\t\t\t\t\t\t\t<\/div>\n\t\t\t\t<\/div>\n\t\t\t\t\t<\/div>\n\t\t<\/div>\n\t\t\t\t<div class=\"elementor-column elementor-col-50 elementor-top-column elementor-element elementor-element-28af0fc\" data-id=\"28af0fc\" data-element_type=\"column\" data-e-type=\"column\">\n\t\t\t<div class=\"elementor-widget-wrap elementor-element-populated\">\n\t\t\t\t\t\t<div class=\"elementor-element elementor-element-fb90e5b elementor-widget elementor-widget-image\" data-id=\"fb90e5b\" data-element_type=\"widget\" data-e-type=\"widget\" data-widget_type=\"image.default\">\n\t\t\t\t<div class=\"elementor-widget-container\">\n\t\t\t\t\t\t\t\t\t\t\t\t\t\t\t<img fetchpriority=\"high\" decoding=\"async\" width=\"800\" height=\"640\" src=\"https:\/\/uniwersytetotwarty.us.edu.pl\/otwarte-kursy\/wp-content\/uploads\/sites\/10\/2025\/03\/Katarzyna-Juszczyk-Zarzadzaj-Marka-Nowoczesnie-1024x819-1.png\" class=\"attachment-large size-large wp-image-552\" alt=\"\" srcset=\"https:\/\/uniwersytetotwarty.us.edu.pl\/otwarte-kursy\/wp-content\/uploads\/sites\/10\/2025\/03\/Katarzyna-Juszczyk-Zarzadzaj-Marka-Nowoczesnie-1024x819-1.png 1024w, https:\/\/uniwersytetotwarty.us.edu.pl\/otwarte-kursy\/wp-content\/uploads\/sites\/10\/2025\/03\/Katarzyna-Juszczyk-Zarzadzaj-Marka-Nowoczesnie-1024x819-1-300x240.png 300w, https:\/\/uniwersytetotwarty.us.edu.pl\/otwarte-kursy\/wp-content\/uploads\/sites\/10\/2025\/03\/Katarzyna-Juszczyk-Zarzadzaj-Marka-Nowoczesnie-1024x819-1-768x614.png 768w\" sizes=\"(max-width: 800px) 100vw, 800px\" \/>\t\t\t\t\t\t\t\t\t\t\t\t\t\t\t<\/div>\n\t\t\t\t<\/div>\n\t\t\t\t\t<\/div>\n\t\t<\/div>\n\t\t\t\t\t<\/div>\n\t\t<\/section>\n\t\t\t\t<section class=\"elementor-section elementor-top-section elementor-element elementor-element-d0d90a9 elementor-section-boxed elementor-section-height-default elementor-section-height-default\" data-id=\"d0d90a9\" data-element_type=\"section\" data-e-type=\"section\">\n\t\t\t\t\t\t<div class=\"elementor-container elementor-column-gap-default\">\n\t\t\t\t\t<div class=\"elementor-column elementor-col-100 elementor-top-column elementor-element elementor-element-ab46c63\" data-id=\"ab46c63\" data-element_type=\"column\" data-e-type=\"column\">\n\t\t\t<div class=\"elementor-widget-wrap elementor-element-populated\">\n\t\t\t\t\t\t<div class=\"elementor-element elementor-element-2ea38ea elementor-widget elementor-widget-accordion\" data-id=\"2ea38ea\" data-element_type=\"widget\" data-e-type=\"widget\" data-widget_type=\"accordion.default\">\n\t\t\t\t<div class=\"elementor-widget-container\">\n\t\t\t\t\t\t\t<div class=\"elementor-accordion\">\n\t\t\t\t\t\t\t<div class=\"elementor-accordion-item\">\n\t\t\t\t\t<div id=\"elementor-tab-title-4891\" class=\"elementor-tab-title\" data-tab=\"1\" role=\"button\" aria-controls=\"elementor-tab-content-4891\" aria-expanded=\"false\">\n\t\t\t\t\t\t\t\t\t\t\t\t\t<span class=\"elementor-accordion-icon elementor-accordion-icon-left\" aria-hidden=\"true\">\n\t\t\t\t\t\t\t\t\t\t\t\t\t\t\t<span class=\"elementor-accordion-icon-closed\"><i class=\"fas fa-plus\"><\/i><\/span>\n\t\t\t\t\t\t\t\t<span class=\"elementor-accordion-icon-opened\"><i class=\"fas fa-minus\"><\/i><\/span>\n\t\t\t\t\t\t\t\t\t\t\t\t\t\t<\/span>\n\t\t\t\t\t\t\t\t\t\t\t\t<a class=\"elementor-accordion-title\" tabindex=\"0\">Kurs 1<\/a>\n\t\t\t\t\t<\/div>\n\t\t\t\t\t<div id=\"elementor-tab-content-4891\" class=\"elementor-tab-content elementor-clearfix\" data-tab=\"1\" role=\"region\" aria-labelledby=\"elementor-tab-title-4891\"><p>Tre\u015b\u0107<\/p><\/div>\n\t\t\t\t<\/div>\n\t\t\t\t\t\t\t<div class=\"elementor-accordion-item\">\n\t\t\t\t\t<div id=\"elementor-tab-title-4892\" class=\"elementor-tab-title\" data-tab=\"2\" role=\"button\" aria-controls=\"elementor-tab-content-4892\" aria-expanded=\"false\">\n\t\t\t\t\t\t\t\t\t\t\t\t\t<span class=\"elementor-accordion-icon elementor-accordion-icon-left\" aria-hidden=\"true\">\n\t\t\t\t\t\t\t\t\t\t\t\t\t\t\t<span class=\"elementor-accordion-icon-closed\"><i class=\"fas fa-plus\"><\/i><\/span>\n\t\t\t\t\t\t\t\t<span class=\"elementor-accordion-icon-opened\"><i class=\"fas fa-minus\"><\/i><\/span>\n\t\t\t\t\t\t\t\t\t\t\t\t\t\t<\/span>\n\t\t\t\t\t\t\t\t\t\t\t\t<a class=\"elementor-accordion-title\" tabindex=\"0\">Kurs 2<\/a>\n\t\t\t\t\t<\/div>\n\t\t\t\t\t<div id=\"elementor-tab-content-4892\" class=\"elementor-tab-content elementor-clearfix\" data-tab=\"2\" role=\"region\" aria-labelledby=\"elementor-tab-title-4892\"><p>Tre\u015b\u0107<\/p><\/div>\n\t\t\t\t<\/div>\n\t\t\t\t\t\t\t\t<\/div>\n\t\t\t\t\t\t<\/div>\n\t\t\t\t<\/div>\n\t\t\t\t\t<\/div>\n\t\t<\/div>\n\t\t\t\t\t<\/div>\n\t\t<\/section>\n\t\t\t\t<\/div>\n\t\t","protected":false},"excerpt":{"rendered":"<p>Informacje wkr\u00f3tce!\u00a0 Kurs 1 Tre\u015b\u0107 Kurs 2 Tre\u015b\u0107<\/p>\n","protected":false},"author":2,"featured_media":0,"parent":547,"menu_order":0,"comment_status":"closed","ping_status":"closed","template":"","meta":{"footnotes":""},"class_list":["post-663","page","type-page","status-publish","hentry"],"yoast_head":"<!-- This site is optimized with the Yoast SEO plugin v27.3 - https:\/\/yoast.com\/product\/yoast-seo-wordpress\/ -->\n<title>Szkolenia dla pracownik\u00f3w samorz\u0105du - Otwarte Kursy<\/title>\n<meta name=\"robots\" content=\"index, follow, max-snippet:-1, max-image-preview:large, max-video-preview:-1\" \/>\n<link rel=\"canonical\" href=\"https:\/\/uniwersytetotwarty.us.edu.pl\/otwarte-kursy\/modul-biznesowy\/szkolenia-dla-pracownikow-samorzadu\/\" \/>\n<meta property=\"og:locale\" content=\"pl_PL\" \/>\n<meta property=\"og:type\" content=\"article\" \/>\n<meta property=\"og:title\" content=\"Szkolenia dla pracownik\u00f3w samorz\u0105du - Otwarte Kursy\" \/>\n<meta property=\"og:description\" content=\"Informacje wkr\u00f3tce!\u00a0 Kurs 1 Tre\u015b\u0107 Kurs 2 Tre\u015b\u0107\" \/>\n<meta property=\"og:url\" content=\"https:\/\/uniwersytetotwarty.us.edu.pl\/otwarte-kursy\/modul-biznesowy\/szkolenia-dla-pracownikow-samorzadu\/\" \/>\n<meta property=\"og:site_name\" content=\"Otwarte Kursy\" \/>\n<meta property=\"article:modified_time\" content=\"2025-03-31T12:57:18+00:00\" \/>\n<meta property=\"og:image\" content=\"https:\/\/uniwersytetotwarty.us.edu.pl\/otwarte-kursy\/wp-content\/uploads\/sites\/10\/2025\/03\/Katarzyna-Juszczyk-Zarzadzaj-Marka-Nowoczesnie-1024x819-1.png\" \/>\n\t<meta property=\"og:image:width\" content=\"1024\" \/>\n\t<meta property=\"og:image:height\" content=\"819\" \/>\n\t<meta property=\"og:image:type\" content=\"image\/png\" \/>\n<meta name=\"twitter:card\" content=\"summary_large_image\" \/>\n<meta name=\"twitter:label1\" content=\"Szacowany czas czytania\" \/>\n\t<meta name=\"twitter:data1\" content=\"1 minuta\" \/>\n<script type=\"application\/ld+json\" class=\"yoast-schema-graph\">{\"@context\":\"https:\\\/\\\/schema.org\",\"@graph\":[{\"@type\":\"WebPage\",\"@id\":\"https:\\\/\\\/uniwersytetotwarty.us.edu.pl\\\/otwarte-kursy\\\/modul-biznesowy\\\/szkolenia-dla-pracownikow-samorzadu\\\/\",\"url\":\"https:\\\/\\\/uniwersytetotwarty.us.edu.pl\\\/otwarte-kursy\\\/modul-biznesowy\\\/szkolenia-dla-pracownikow-samorzadu\\\/\",\"name\":\"Szkolenia dla pracownik\u00f3w samorz\u0105du - Otwarte Kursy\",\"isPartOf\":{\"@id\":\"https:\\\/\\\/uniwersytetotwarty.us.edu.pl\\\/otwarte-kursy\\\/#website\"},\"primaryImageOfPage\":{\"@id\":\"https:\\\/\\\/uniwersytetotwarty.us.edu.pl\\\/otwarte-kursy\\\/modul-biznesowy\\\/szkolenia-dla-pracownikow-samorzadu\\\/#primaryimage\"},\"image\":{\"@id\":\"https:\\\/\\\/uniwersytetotwarty.us.edu.pl\\\/otwarte-kursy\\\/modul-biznesowy\\\/szkolenia-dla-pracownikow-samorzadu\\\/#primaryimage\"},\"thumbnailUrl\":\"https:\\\/\\\/uniwersytetotwarty.us.edu.pl\\\/otwarte-kursy\\\/wp-content\\\/uploads\\\/sites\\\/10\\\/2025\\\/03\\\/Katarzyna-Juszczyk-Zarzadzaj-Marka-Nowoczesnie-1024x819-1.png\",\"datePublished\":\"2025-03-31T12:52:40+00:00\",\"dateModified\":\"2025-03-31T12:57:18+00:00\",\"breadcrumb\":{\"@id\":\"https:\\\/\\\/uniwersytetotwarty.us.edu.pl\\\/otwarte-kursy\\\/modul-biznesowy\\\/szkolenia-dla-pracownikow-samorzadu\\\/#breadcrumb\"},\"inLanguage\":\"pl-PL\",\"potentialAction\":[{\"@type\":\"ReadAction\",\"target\":[\"https:\\\/\\\/uniwersytetotwarty.us.edu.pl\\\/otwarte-kursy\\\/modul-biznesowy\\\/szkolenia-dla-pracownikow-samorzadu\\\/\"]}]},{\"@type\":\"ImageObject\",\"inLanguage\":\"pl-PL\",\"@id\":\"https:\\\/\\\/uniwersytetotwarty.us.edu.pl\\\/otwarte-kursy\\\/modul-biznesowy\\\/szkolenia-dla-pracownikow-samorzadu\\\/#primaryimage\",\"url\":\"https:\\\/\\\/uniwersytetotwarty.us.edu.pl\\\/otwarte-kursy\\\/wp-content\\\/uploads\\\/sites\\\/10\\\/2025\\\/03\\\/Katarzyna-Juszczyk-Zarzadzaj-Marka-Nowoczesnie-1024x819-1.png\",\"contentUrl\":\"https:\\\/\\\/uniwersytetotwarty.us.edu.pl\\\/otwarte-kursy\\\/wp-content\\\/uploads\\\/sites\\\/10\\\/2025\\\/03\\\/Katarzyna-Juszczyk-Zarzadzaj-Marka-Nowoczesnie-1024x819-1.png\",\"width\":1024,\"height\":819},{\"@type\":\"BreadcrumbList\",\"@id\":\"https:\\\/\\\/uniwersytetotwarty.us.edu.pl\\\/otwarte-kursy\\\/modul-biznesowy\\\/szkolenia-dla-pracownikow-samorzadu\\\/#breadcrumb\",\"itemListElement\":[{\"@type\":\"ListItem\",\"position\":1,\"name\":\"Otwarte Kursy\",\"item\":\"https:\\\/\\\/uniwersytetotwarty.us.edu.pl\\\/otwarte-kursy\\\/\"},{\"@type\":\"ListItem\",\"position\":2,\"name\":\"MODU\u0141 BIZNESOWY\",\"item\":\"https:\\\/\\\/uniwersytetotwarty.us.edu.pl\\\/otwarte-kursy\\\/modul-biznesowy\\\/\"},{\"@type\":\"ListItem\",\"position\":3,\"name\":\"Szkolenia dla pracownik\u00f3w samorz\u0105du\"}]},{\"@type\":\"WebSite\",\"@id\":\"https:\\\/\\\/uniwersytetotwarty.us.edu.pl\\\/otwarte-kursy\\\/#website\",\"url\":\"https:\\\/\\\/uniwersytetotwarty.us.edu.pl\\\/otwarte-kursy\\\/\",\"name\":\"Otwarte Kursy\",\"description\":\"\",\"publisher\":{\"@id\":\"https:\\\/\\\/uniwersytetotwarty.us.edu.pl\\\/otwarte-kursy\\\/#organization\"},\"potentialAction\":[{\"@type\":\"SearchAction\",\"target\":{\"@type\":\"EntryPoint\",\"urlTemplate\":\"https:\\\/\\\/uniwersytetotwarty.us.edu.pl\\\/otwarte-kursy\\\/?s={search_term_string}\"},\"query-input\":{\"@type\":\"PropertyValueSpecification\",\"valueRequired\":true,\"valueName\":\"search_term_string\"}}],\"inLanguage\":\"pl-PL\"},{\"@type\":\"Organization\",\"@id\":\"https:\\\/\\\/uniwersytetotwarty.us.edu.pl\\\/otwarte-kursy\\\/#organization\",\"name\":\"Uniwersytet \u015al\u0105ski\",\"url\":\"https:\\\/\\\/uniwersytetotwarty.us.edu.pl\\\/otwarte-kursy\\\/\",\"logo\":{\"@type\":\"ImageObject\",\"inLanguage\":\"pl-PL\",\"@id\":\"https:\\\/\\\/uniwersytetotwarty.us.edu.pl\\\/otwarte-kursy\\\/#\\\/schema\\\/logo\\\/image\\\/\",\"url\":\"https:\\\/\\\/uniwersytetotwarty.us.edu.pl\\\/otwarte-kursy\\\/wp-content\\\/uploads\\\/sites\\\/10\\\/2023\\\/10\\\/logo-1.svg\",\"contentUrl\":\"https:\\\/\\\/uniwersytetotwarty.us.edu.pl\\\/otwarte-kursy\\\/wp-content\\\/uploads\\\/sites\\\/10\\\/2023\\\/10\\\/logo-1.svg\",\"width\":414,\"height\":71,\"caption\":\"Uniwersytet \u015al\u0105ski\"},\"image\":{\"@id\":\"https:\\\/\\\/uniwersytetotwarty.us.edu.pl\\\/otwarte-kursy\\\/#\\\/schema\\\/logo\\\/image\\\/\"}}]}<\/script>\n<!-- \/ Yoast SEO plugin. -->","yoast_head_json":{"title":"Szkolenia dla pracownik\u00f3w samorz\u0105du - Otwarte Kursy","robots":{"index":"index","follow":"follow","max-snippet":"max-snippet:-1","max-image-preview":"max-image-preview:large","max-video-preview":"max-video-preview:-1"},"canonical":"https:\/\/uniwersytetotwarty.us.edu.pl\/otwarte-kursy\/modul-biznesowy\/szkolenia-dla-pracownikow-samorzadu\/","og_locale":"pl_PL","og_type":"article","og_title":"Szkolenia dla pracownik\u00f3w samorz\u0105du - Otwarte Kursy","og_description":"Informacje wkr\u00f3tce!\u00a0 Kurs 1 Tre\u015b\u0107 Kurs 2 Tre\u015b\u0107","og_url":"https:\/\/uniwersytetotwarty.us.edu.pl\/otwarte-kursy\/modul-biznesowy\/szkolenia-dla-pracownikow-samorzadu\/","og_site_name":"Otwarte Kursy","article_modified_time":"2025-03-31T12:57:18+00:00","og_image":[{"width":1024,"height":819,"url":"https:\/\/uniwersytetotwarty.us.edu.pl\/otwarte-kursy\/wp-content\/uploads\/sites\/10\/2025\/03\/Katarzyna-Juszczyk-Zarzadzaj-Marka-Nowoczesnie-1024x819-1.png","type":"image\/png"}],"twitter_card":"summary_large_image","twitter_misc":{"Szacowany czas czytania":"1 minuta"},"schema":{"@context":"https:\/\/schema.org","@graph":[{"@type":"WebPage","@id":"https:\/\/uniwersytetotwarty.us.edu.pl\/otwarte-kursy\/modul-biznesowy\/szkolenia-dla-pracownikow-samorzadu\/","url":"https:\/\/uniwersytetotwarty.us.edu.pl\/otwarte-kursy\/modul-biznesowy\/szkolenia-dla-pracownikow-samorzadu\/","name":"Szkolenia dla pracownik\u00f3w samorz\u0105du - Otwarte Kursy","isPartOf":{"@id":"https:\/\/uniwersytetotwarty.us.edu.pl\/otwarte-kursy\/#website"},"primaryImageOfPage":{"@id":"https:\/\/uniwersytetotwarty.us.edu.pl\/otwarte-kursy\/modul-biznesowy\/szkolenia-dla-pracownikow-samorzadu\/#primaryimage"},"image":{"@id":"https:\/\/uniwersytetotwarty.us.edu.pl\/otwarte-kursy\/modul-biznesowy\/szkolenia-dla-pracownikow-samorzadu\/#primaryimage"},"thumbnailUrl":"https:\/\/uniwersytetotwarty.us.edu.pl\/otwarte-kursy\/wp-content\/uploads\/sites\/10\/2025\/03\/Katarzyna-Juszczyk-Zarzadzaj-Marka-Nowoczesnie-1024x819-1.png","datePublished":"2025-03-31T12:52:40+00:00","dateModified":"2025-03-31T12:57:18+00:00","breadcrumb":{"@id":"https:\/\/uniwersytetotwarty.us.edu.pl\/otwarte-kursy\/modul-biznesowy\/szkolenia-dla-pracownikow-samorzadu\/#breadcrumb"},"inLanguage":"pl-PL","potentialAction":[{"@type":"ReadAction","target":["https:\/\/uniwersytetotwarty.us.edu.pl\/otwarte-kursy\/modul-biznesowy\/szkolenia-dla-pracownikow-samorzadu\/"]}]},{"@type":"ImageObject","inLanguage":"pl-PL","@id":"https:\/\/uniwersytetotwarty.us.edu.pl\/otwarte-kursy\/modul-biznesowy\/szkolenia-dla-pracownikow-samorzadu\/#primaryimage","url":"https:\/\/uniwersytetotwarty.us.edu.pl\/otwarte-kursy\/wp-content\/uploads\/sites\/10\/2025\/03\/Katarzyna-Juszczyk-Zarzadzaj-Marka-Nowoczesnie-1024x819-1.png","contentUrl":"https:\/\/uniwersytetotwarty.us.edu.pl\/otwarte-kursy\/wp-content\/uploads\/sites\/10\/2025\/03\/Katarzyna-Juszczyk-Zarzadzaj-Marka-Nowoczesnie-1024x819-1.png","width":1024,"height":819},{"@type":"BreadcrumbList","@id":"https:\/\/uniwersytetotwarty.us.edu.pl\/otwarte-kursy\/modul-biznesowy\/szkolenia-dla-pracownikow-samorzadu\/#breadcrumb","itemListElement":[{"@type":"ListItem","position":1,"name":"Otwarte Kursy","item":"https:\/\/uniwersytetotwarty.us.edu.pl\/otwarte-kursy\/"},{"@type":"ListItem","position":2,"name":"MODU\u0141 BIZNESOWY","item":"https:\/\/uniwersytetotwarty.us.edu.pl\/otwarte-kursy\/modul-biznesowy\/"},{"@type":"ListItem","position":3,"name":"Szkolenia dla pracownik\u00f3w samorz\u0105du"}]},{"@type":"WebSite","@id":"https:\/\/uniwersytetotwarty.us.edu.pl\/otwarte-kursy\/#website","url":"https:\/\/uniwersytetotwarty.us.edu.pl\/otwarte-kursy\/","name":"Otwarte Kursy","description":"","publisher":{"@id":"https:\/\/uniwersytetotwarty.us.edu.pl\/otwarte-kursy\/#organization"},"potentialAction":[{"@type":"SearchAction","target":{"@type":"EntryPoint","urlTemplate":"https:\/\/uniwersytetotwarty.us.edu.pl\/otwarte-kursy\/?s={search_term_string}"},"query-input":{"@type":"PropertyValueSpecification","valueRequired":true,"valueName":"search_term_string"}}],"inLanguage":"pl-PL"},{"@type":"Organization","@id":"https:\/\/uniwersytetotwarty.us.edu.pl\/otwarte-kursy\/#organization","name":"Uniwersytet \u015al\u0105ski","url":"https:\/\/uniwersytetotwarty.us.edu.pl\/otwarte-kursy\/","logo":{"@type":"ImageObject","inLanguage":"pl-PL","@id":"https:\/\/uniwersytetotwarty.us.edu.pl\/otwarte-kursy\/#\/schema\/logo\/image\/","url":"https:\/\/uniwersytetotwarty.us.edu.pl\/otwarte-kursy\/wp-content\/uploads\/sites\/10\/2023\/10\/logo-1.svg","contentUrl":"https:\/\/uniwersytetotwarty.us.edu.pl\/otwarte-kursy\/wp-content\/uploads\/sites\/10\/2023\/10\/logo-1.svg","width":414,"height":71,"caption":"Uniwersytet \u015al\u0105ski"},"image":{"@id":"https:\/\/uniwersytetotwarty.us.edu.pl\/otwarte-kursy\/#\/schema\/logo\/image\/"}}]}},"_links":{"self":[{"href":"https:\/\/uniwersytetotwarty.us.edu.pl\/otwarte-kursy\/wp-json\/wp\/v2\/pages\/663","targetHints":{"allow":["GET"]}}],"collection":[{"href":"https:\/\/uniwersytetotwarty.us.edu.pl\/otwarte-kursy\/wp-json\/wp\/v2\/pages"}],"about":[{"href":"https:\/\/uniwersytetotwarty.us.edu.pl\/otwarte-kursy\/wp-json\/wp\/v2\/types\/page"}],"author":[{"embeddable":true,"href":"https:\/\/uniwersytetotwarty.us.edu.pl\/otwarte-kursy\/wp-json\/wp\/v2\/users\/2"}],"replies":[{"embeddable":true,"href":"https:\/\/uniwersytetotwarty.us.edu.pl\/otwarte-kursy\/wp-json\/wp\/v2\/comments?post=663"}],"version-history":[{"count":4,"href":"https:\/\/uniwersytetotwarty.us.edu.pl\/otwarte-kursy\/wp-json\/wp\/v2\/pages\/663\/revisions"}],"predecessor-version":[{"id":670,"href":"https:\/\/uniwersytetotwarty.us.edu.pl\/otwarte-kursy\/wp-json\/wp\/v2\/pages\/663\/revisions\/670"}],"up":[{"embeddable":true,"href":"https:\/\/uniwersytetotwarty.us.edu.pl\/otwarte-kursy\/wp-json\/wp\/v2\/pages\/547"}],"wp:attachment":[{"href":"https:\/\/uniwersytetotwarty.us.edu.pl\/otwarte-kursy\/wp-json\/wp\/v2\/media?parent=663"}],"curies":[{"name":"wp","href":"https:\/\/api.w.org\/{rel}","templated":true}]}}