{"id":646,"date":"2025-03-31T14:47:37","date_gmt":"2025-03-31T12:47:37","guid":{"rendered":"https:\/\/uniwersytetotwarty.us.edu.pl\/otwarte-kursy\/?page_id=646"},"modified":"2025-09-09T11:55:56","modified_gmt":"2025-09-09T09:55:56","slug":"kursy-dla-fizykow-medycznych-2","status":"publish","type":"page","link":"https:\/\/uniwersytetotwarty.us.edu.pl\/otwarte-kursy\/kursy-doksztalcajace-i-specjalistyczne\/kursy-dla-fizykow-medycznych-2\/","title":{"rendered":"KURSY DLA FIZYK\u00d3W MEDYCZNYCH"},"content":{"rendered":"\t\t<div data-elementor-type=\"wp-page\" data-elementor-id=\"646\" class=\"elementor elementor-646\" data-elementor-post-type=\"page\">\n\t\t\t\t\t\t<section class=\"elementor-section elementor-top-section elementor-element elementor-element-5aeeff6 elementor-section-boxed elementor-section-height-default elementor-section-height-default\" data-id=\"5aeeff6\" data-element_type=\"section\" data-e-type=\"section\">\n\t\t\t\t\t\t<div class=\"elementor-container elementor-column-gap-default\">\n\t\t\t\t\t<div class=\"elementor-column elementor-col-100 elementor-top-column elementor-element elementor-element-f2dfeeb\" data-id=\"f2dfeeb\" data-element_type=\"column\" data-e-type=\"column\">\n\t\t\t<div class=\"elementor-widget-wrap elementor-element-populated\">\n\t\t\t\t\t\t<div class=\"elementor-element elementor-element-7c38864 elementor-widget elementor-widget-accordion\" data-id=\"7c38864\" data-element_type=\"widget\" data-e-type=\"widget\" data-widget_type=\"accordion.default\">\n\t\t\t\t<div class=\"elementor-widget-container\">\n\t\t\t\t\t\t\t<div class=\"elementor-accordion\">\n\t\t\t\t\t\t\t<div class=\"elementor-accordion-item\">\n\t\t\t\t\t<div id=\"elementor-tab-title-1301\" class=\"elementor-tab-title\" data-tab=\"1\" role=\"button\" aria-controls=\"elementor-tab-content-1301\" aria-expanded=\"false\">\n\t\t\t\t\t\t\t\t\t\t\t\t\t<span class=\"elementor-accordion-icon elementor-accordion-icon-left\" aria-hidden=\"true\">\n\t\t\t\t\t\t\t\t\t\t\t\t\t\t\t<span class=\"elementor-accordion-icon-closed\"><i class=\"fas fa-plus\"><\/i><\/span>\n\t\t\t\t\t\t\t\t<span class=\"elementor-accordion-icon-opened\"><i class=\"fas fa-minus\"><\/i><\/span>\n\t\t\t\t\t\t\t\t\t\t\t\t\t\t<\/span>\n\t\t\t\t\t\t\t\t\t\t\t\t<a class=\"elementor-accordion-title\" tabindex=\"0\">KURS DLA FIZYK\u00d3W MEDYCZNYCH Z ZAKRESU RENTGENODIAGNOSTYKI I RADIOLOGII ZABIEGOWEJ<\/a>\n\t\t\t\t\t<\/div>\n\t\t\t\t\t<div id=\"elementor-tab-content-1301\" class=\"elementor-tab-content elementor-clearfix\" data-tab=\"1\" role=\"region\" aria-labelledby=\"elementor-tab-title-1301\"><p><strong>Kierownik kursu:\u202f<\/strong>prof.\u00a0dr\u202fhab. Armand Cholewka, prof.\u202fU\u015a<\/p><p><strong>Op\u0142ata za\u202fkurs:<\/strong><br \/>Op\u0142ata wniesiona w\u202fca\u0142o\u015bci:\u202f4900 z\u0142<br \/>Op\u0142ata wniesiona w\u202fratach:\u202f5160 z\u0142<\/p><p><strong>I\u202frata \u2013 1720 z\u0142\u202f<\/strong><br \/><strong>II&nbsp;rata \u2013 1720 z\u0142<\/strong><br \/><strong>III rata \u2013 1720 z\u0142\u202f<\/strong><\/p><p>Szczeg\u00f3\u0142owy harmonogram wp\u0142at zostanie przes\u0142any do\u202fuczestnik\u00f3w kursu przed\u202fjego uruchomieniem<\/p><p>Chcesz zapisa\u0107 si\u0119 na\u00a0kurs dla fizyk\u00f3w medycznych w\u00a0zakresie\u00a0<strong>rentgenodiagnostyki i\u00a0radiologii zabiegowej<\/strong>?<br \/><strong>Link do\u00a0zapis\u00f3w znajdziesz\u00a0<a href=\"https:\/\/formularze.us.edu.pl\/fizyka_medyczna\">TUTAJ<\/a><\/strong><\/p><p><strong>Co\u00a0to\u202fb\u0119dzie?<\/strong><br \/>Celem kszta\u0142cenia w\u202framach kursu jest:<\/p><ul><li>przygotowanie kadry fizyk\u00f3w medycznych do\u202fpracy w\u202fjednostkach ochrony zdrowia;<\/li><li>przekazanie wiedzy z\u202fzakresu anatomii i\u202ffizjologii cz\u0142owieka, radiobiologii, fizyki promieniowania, metod detekcji i\u202fdozymetrii promieniowania, ochrony radiologicznej, zagadnie\u0144 prawno-administracyjnych, metrologii i\u202fmetod analizy statystycznej.<\/li><\/ul><p>Szczeg\u00f3\u0142owe cele kszta\u0142cenia opisuje \u201eProgram kursu dla fizyk\u00f3w medycznych w\u202fzakresie rentgenodiagnostyki i\u202fradiologii zabiegowej\u201d opracowany przez\u202fCentrum Medyczne Kszta\u0142cenia Podyplomowego.<\/p><p><strong>Dla kogo?<\/strong><br \/>Uczestnikiem kursu mo\u017ce by\u0107 ka\u017cda osoba, kt\u00f3ra\u202fposiada tytu\u0142 zawodowy magistra lub r\u00f3wnorz\u0119dny uzyskany po\u202fuko\u0144czeniu studi\u00f3w na\u202fkierunku fizyki, biofizyki, fizyki medycznej, fizyki technicznej lub in\u017cynierii biomedycznej.<\/p><p><strong>Co\u00a0b\u0119d\u0119 z\u202ftego mia\u0142_a?<\/strong><br \/>Po\u202fzako\u0144czeniu kursu oraz\u202fzaliczeniu egzaminu ko\u0144cowego uczestnik otrzymuje stosowny dokument.<\/p><p><strong>Harmonogram:<\/strong><br \/>Harmonogram kursu zostanie podany do\u202fwiadomo\u015bci w\u202fp\u00f3\u017aniejszym terminie.<\/p><p><strong>Regulamin kursu wraz z\u202fwykazem realizowanych zaj\u0119\u0107 znajdziesz\u202f\u00a0<a href=\"https:\/\/uniwersytetotwarty.us.edu.pl\/otwarte-kursy\/wp-content\/uploads\/sites\/10\/2024\/06\/Regulamin_FM_RTG.pdf\">TUTAJ<\/a><\/strong><\/p><\/div>\n\t\t\t\t<\/div>\n\t\t\t\t\t\t\t<div class=\"elementor-accordion-item\">\n\t\t\t\t\t<div id=\"elementor-tab-title-1302\" class=\"elementor-tab-title\" data-tab=\"2\" role=\"button\" aria-controls=\"elementor-tab-content-1302\" aria-expanded=\"false\">\n\t\t\t\t\t\t\t\t\t\t\t\t\t<span class=\"elementor-accordion-icon elementor-accordion-icon-left\" aria-hidden=\"true\">\n\t\t\t\t\t\t\t\t\t\t\t\t\t\t\t<span class=\"elementor-accordion-icon-closed\"><i class=\"fas fa-plus\"><\/i><\/span>\n\t\t\t\t\t\t\t\t<span class=\"elementor-accordion-icon-opened\"><i class=\"fas fa-minus\"><\/i><\/span>\n\t\t\t\t\t\t\t\t\t\t\t\t\t\t<\/span>\n\t\t\t\t\t\t\t\t\t\t\t\t<a class=\"elementor-accordion-title\" tabindex=\"0\">KURS DLA FIZYK\u00d3W MEDYCZNYCH Z ZAKRESU MEDYCYNY NUKLEARNEJ<\/a>\n\t\t\t\t\t<\/div>\n\t\t\t\t\t<div id=\"elementor-tab-content-1302\" class=\"elementor-tab-content elementor-clearfix\" data-tab=\"2\" role=\"region\" aria-labelledby=\"elementor-tab-title-1302\"><p><strong>Kierownik kursu:\u00a0<\/strong>prof.\u00a0dr\u202fhab. Armand Cholewka<\/p><p><strong>Op\u0142ata za\u202fkurs:<\/strong><br \/>Op\u0142ata wniesiona w\u202fca\u0142o\u015bci:\u202f5900 z\u0142<br \/>Op\u0142ata wniesiona w\u202fratach:\u202f6210 z\u0142<\/p><p><strong>I\u202frata \u2013 2070 z\u0142<\/strong><br \/><strong>II&nbsp;rata \u2013 2070 z\u0142<\/strong><br \/><strong>III rata \u2013 2070 z\u0142<\/strong><\/p><p>Szczeg\u00f3\u0142owy harmonogram wp\u0142at zostanie przes\u0142any do\u202fuczestnik\u00f3w kursu przed\u202fjego uruchomieniem<\/p><p>Chcesz zapisa\u0107 si\u0119 na\u00a0kurs dla fizyk\u00f3w medycznych w\u00a0zakresie\u00a0<strong>medycyny nuklearnej<\/strong>?<br \/><strong>Link do\u00a0zapis\u00f3w znajdziesz\u00a0<a href=\"https:\/\/formularze.us.edu.pl\/medycyna_nuklearna\">TUTAJ<\/a><\/strong><\/p><p><strong>Co\u00a0to\u202fb\u0119dzie?<\/strong><br \/>Celem kszta\u0142cenia w\u00a0ramach kursu jest:<\/p><ol><li>przygotowanie kadry fizyk\u00f3w medycznych do\u00a0pracy w\u00a0jednostkach ochrony zdrowia;<\/li><li>przekazanie wiedzy z\u00a0zakresu medycyny nuklearnej, anatomii i\u00a0fizjologii cz\u0142owieka, radiobiologii, fizyki promieniowania, metod detekcji i\u00a0dozymetrii promieniowania, ochrony radiologicznej, zagadnie\u0144 prawno-administracyjnych, metrologii i\u00a0metod analizy statystycznej.<\/li><\/ol><p>Szczeg\u00f3\u0142owe cele kszta\u0142cenia opisuje \u201eProgram kursu dla fizyk\u00f3w medycznych w\u00a0zakresie medycyny nuklearnej\u201d opracowany przez\u00a0Centrum Medyczne Kszta\u0142cenia Podyplomowego.<\/p><p><strong>Dla kogo?<\/strong><br \/>Uczestnikiem kursu mo\u017ce by\u0107 ka\u017cda osoba, kt\u00f3ra\u00a0posiada tytu\u0142 zawodowy magistra lub r\u00f3wnorz\u0119dny uzyskany po\u00a0uko\u0144czeniu studi\u00f3w na\u00a0kierunku fizyki, biofizyki, fizyki medycznej, fizyki technicznej lub in\u017cynierii biomedycznej.<\/p><p><strong>Co\u00a0b\u0119d\u0119 z\u202ftego mia\u0142_a?<\/strong><br \/>Po\u202fzako\u0144czeniu kursu oraz\u202fzaliczeniu egzaminu ko\u0144cowego uczestnik otrzymuje stosowny dokument.<\/p><p><strong>Harmonogram:<\/strong><br \/>Harmonogram kursu zostanie podany do\u202fwiadomo\u015bci w\u202fp\u00f3\u017aniejszym terminie.<br \/><strong>Regulamin kursu wraz z\u202fwykazem realizowanych zaj\u0119\u0107 znajdziesz\u202f\u00a0<a href=\"https:\/\/uniwersytetotwarty.us.edu.pl\/otwarte-kursy\/wp-content\/uploads\/sites\/10\/2024\/06\/Regulamin_FM_MN.pdf\">TUTAJ<\/a><\/strong><\/p><\/div>\n\t\t\t\t<\/div>\n\t\t\t\t\t\t\t\t<\/div>\n\t\t\t\t\t\t<\/div>\n\t\t\t\t<\/div>\n\t\t\t\t\t<\/div>\n\t\t<\/div>\n\t\t\t\t\t<\/div>\n\t\t<\/section>\n\t\t\t\t<\/div>\n\t\t","protected":false},"excerpt":{"rendered":"<p>KURS DLA FIZYK\u00d3W MEDYCZNYCH Z ZAKRESU RENTGENODIAGNOSTYKI I RADIOLOGII ZABIEGOWEJ Kierownik kursu:\u202fprof.\u00a0dr\u202fhab. Armand Cholewka, prof.\u202fU\u015a Op\u0142ata za\u202fkurs:Op\u0142ata wniesiona w\u202fca\u0142o\u015bci:\u202f4900 z\u0142Op\u0142ata wniesiona w\u202fratach:\u202f5160 z\u0142 I\u202frata \u2013 1720 z\u0142\u202fII rata \u2013 1720 z\u0142III rata \u2013 1720 z\u0142\u202f Szczeg\u00f3\u0142owy harmonogram wp\u0142at zostanie przes\u0142any do\u202fuczestnik\u00f3w kursu przed\u202fjego uruchomieniem Chcesz zapisa\u0107 si\u0119 na\u00a0kurs dla fizyk\u00f3w medycznych w\u00a0zakresie\u00a0rentgenodiagnostyki i\u00a0radiologii zabiegowej?Link do\u00a0zapis\u00f3w [&hellip;]<\/p>\n","protected":false},"author":2,"featured_media":0,"parent":155,"menu_order":0,"comment_status":"closed","ping_status":"closed","template":"","meta":{"footnotes":""},"class_list":["post-646","page","type-page","status-publish","hentry"],"yoast_head":"<!-- This site is optimized with the Yoast SEO plugin v27.3 - https:\/\/yoast.com\/product\/yoast-seo-wordpress\/ -->\n<title>KURSY DLA FIZYK\u00d3W MEDYCZNYCH - Otwarte Kursy<\/title>\n<meta name=\"robots\" content=\"index, follow, max-snippet:-1, max-image-preview:large, max-video-preview:-1\" \/>\n<link rel=\"canonical\" href=\"https:\/\/uniwersytetotwarty.us.edu.pl\/otwarte-kursy\/kursy-doksztalcajace-i-specjalistyczne\/kursy-dla-fizykow-medycznych-2\/\" \/>\n<meta property=\"og:locale\" content=\"pl_PL\" \/>\n<meta property=\"og:type\" content=\"article\" \/>\n<meta property=\"og:title\" content=\"KURSY DLA FIZYK\u00d3W MEDYCZNYCH - Otwarte Kursy\" \/>\n<meta property=\"og:description\" content=\"KURS DLA FIZYK\u00d3W MEDYCZNYCH Z ZAKRESU RENTGENODIAGNOSTYKI I RADIOLOGII ZABIEGOWEJ Kierownik kursu:\u202fprof.\u00a0dr\u202fhab. Armand Cholewka, prof.\u202fU\u015a Op\u0142ata za\u202fkurs:Op\u0142ata wniesiona w\u202fca\u0142o\u015bci:\u202f4900 z\u0142Op\u0142ata wniesiona w\u202fratach:\u202f5160 z\u0142 I\u202frata \u2013 1720 z\u0142\u202fII rata \u2013 1720 z\u0142III rata \u2013 1720 z\u0142\u202f Szczeg\u00f3\u0142owy harmonogram wp\u0142at zostanie przes\u0142any do\u202fuczestnik\u00f3w kursu przed\u202fjego uruchomieniem Chcesz zapisa\u0107 si\u0119 na\u00a0kurs dla fizyk\u00f3w medycznych w\u00a0zakresie\u00a0rentgenodiagnostyki i\u00a0radiologii zabiegowej?Link do\u00a0zapis\u00f3w [&hellip;]\" \/>\n<meta property=\"og:url\" content=\"https:\/\/uniwersytetotwarty.us.edu.pl\/otwarte-kursy\/kursy-doksztalcajace-i-specjalistyczne\/kursy-dla-fizykow-medycznych-2\/\" \/>\n<meta property=\"og:site_name\" content=\"Otwarte Kursy\" \/>\n<meta property=\"article:modified_time\" content=\"2025-09-09T09:55:56+00:00\" \/>\n<meta name=\"twitter:card\" content=\"summary_large_image\" \/>\n<meta name=\"twitter:label1\" content=\"Szacowany czas czytania\" \/>\n\t<meta name=\"twitter:data1\" content=\"3 minuty\" \/>\n<script type=\"application\/ld+json\" class=\"yoast-schema-graph\">{\"@context\":\"https:\\\/\\\/schema.org\",\"@graph\":[{\"@type\":\"WebPage\",\"@id\":\"https:\\\/\\\/uniwersytetotwarty.us.edu.pl\\\/otwarte-kursy\\\/kursy-doksztalcajace-i-specjalistyczne\\\/kursy-dla-fizykow-medycznych-2\\\/\",\"url\":\"https:\\\/\\\/uniwersytetotwarty.us.edu.pl\\\/otwarte-kursy\\\/kursy-doksztalcajace-i-specjalistyczne\\\/kursy-dla-fizykow-medycznych-2\\\/\",\"name\":\"KURSY DLA FIZYK\u00d3W MEDYCZNYCH - Otwarte Kursy\",\"isPartOf\":{\"@id\":\"https:\\\/\\\/uniwersytetotwarty.us.edu.pl\\\/otwarte-kursy\\\/#website\"},\"datePublished\":\"2025-03-31T12:47:37+00:00\",\"dateModified\":\"2025-09-09T09:55:56+00:00\",\"breadcrumb\":{\"@id\":\"https:\\\/\\\/uniwersytetotwarty.us.edu.pl\\\/otwarte-kursy\\\/kursy-doksztalcajace-i-specjalistyczne\\\/kursy-dla-fizykow-medycznych-2\\\/#breadcrumb\"},\"inLanguage\":\"pl-PL\",\"potentialAction\":[{\"@type\":\"ReadAction\",\"target\":[\"https:\\\/\\\/uniwersytetotwarty.us.edu.pl\\\/otwarte-kursy\\\/kursy-doksztalcajace-i-specjalistyczne\\\/kursy-dla-fizykow-medycznych-2\\\/\"]}]},{\"@type\":\"BreadcrumbList\",\"@id\":\"https:\\\/\\\/uniwersytetotwarty.us.edu.pl\\\/otwarte-kursy\\\/kursy-doksztalcajace-i-specjalistyczne\\\/kursy-dla-fizykow-medycznych-2\\\/#breadcrumb\",\"itemListElement\":[{\"@type\":\"ListItem\",\"position\":1,\"name\":\"Otwarte Kursy\",\"item\":\"https:\\\/\\\/uniwersytetotwarty.us.edu.pl\\\/otwarte-kursy\\\/\"},{\"@type\":\"ListItem\",\"position\":2,\"name\":\"KURSY DOKSZTA\u0141CAJ\u0104CE I SPECJALISTYCZNE\",\"item\":\"https:\\\/\\\/uniwersytetotwarty.us.edu.pl\\\/otwarte-kursy\\\/kursy-doksztalcajace-i-specjalistyczne\\\/\"},{\"@type\":\"ListItem\",\"position\":3,\"name\":\"KURSY DLA FIZYK\u00d3W MEDYCZNYCH\"}]},{\"@type\":\"WebSite\",\"@id\":\"https:\\\/\\\/uniwersytetotwarty.us.edu.pl\\\/otwarte-kursy\\\/#website\",\"url\":\"https:\\\/\\\/uniwersytetotwarty.us.edu.pl\\\/otwarte-kursy\\\/\",\"name\":\"Otwarte Kursy\",\"description\":\"\",\"publisher\":{\"@id\":\"https:\\\/\\\/uniwersytetotwarty.us.edu.pl\\\/otwarte-kursy\\\/#organization\"},\"potentialAction\":[{\"@type\":\"SearchAction\",\"target\":{\"@type\":\"EntryPoint\",\"urlTemplate\":\"https:\\\/\\\/uniwersytetotwarty.us.edu.pl\\\/otwarte-kursy\\\/?s={search_term_string}\"},\"query-input\":{\"@type\":\"PropertyValueSpecification\",\"valueRequired\":true,\"valueName\":\"search_term_string\"}}],\"inLanguage\":\"pl-PL\"},{\"@type\":\"Organization\",\"@id\":\"https:\\\/\\\/uniwersytetotwarty.us.edu.pl\\\/otwarte-kursy\\\/#organization\",\"name\":\"Uniwersytet \u015al\u0105ski\",\"url\":\"https:\\\/\\\/uniwersytetotwarty.us.edu.pl\\\/otwarte-kursy\\\/\",\"logo\":{\"@type\":\"ImageObject\",\"inLanguage\":\"pl-PL\",\"@id\":\"https:\\\/\\\/uniwersytetotwarty.us.edu.pl\\\/otwarte-kursy\\\/#\\\/schema\\\/logo\\\/image\\\/\",\"url\":\"https:\\\/\\\/uniwersytetotwarty.us.edu.pl\\\/otwarte-kursy\\\/wp-content\\\/uploads\\\/sites\\\/10\\\/2023\\\/10\\\/logo-1.svg\",\"contentUrl\":\"https:\\\/\\\/uniwersytetotwarty.us.edu.pl\\\/otwarte-kursy\\\/wp-content\\\/uploads\\\/sites\\\/10\\\/2023\\\/10\\\/logo-1.svg\",\"width\":414,\"height\":71,\"caption\":\"Uniwersytet \u015al\u0105ski\"},\"image\":{\"@id\":\"https:\\\/\\\/uniwersytetotwarty.us.edu.pl\\\/otwarte-kursy\\\/#\\\/schema\\\/logo\\\/image\\\/\"}}]}<\/script>\n<!-- \/ Yoast SEO plugin. -->","yoast_head_json":{"title":"KURSY DLA FIZYK\u00d3W MEDYCZNYCH - Otwarte Kursy","robots":{"index":"index","follow":"follow","max-snippet":"max-snippet:-1","max-image-preview":"max-image-preview:large","max-video-preview":"max-video-preview:-1"},"canonical":"https:\/\/uniwersytetotwarty.us.edu.pl\/otwarte-kursy\/kursy-doksztalcajace-i-specjalistyczne\/kursy-dla-fizykow-medycznych-2\/","og_locale":"pl_PL","og_type":"article","og_title":"KURSY DLA FIZYK\u00d3W MEDYCZNYCH - Otwarte Kursy","og_description":"KURS DLA FIZYK\u00d3W MEDYCZNYCH Z ZAKRESU RENTGENODIAGNOSTYKI I RADIOLOGII ZABIEGOWEJ Kierownik kursu:\u202fprof.\u00a0dr\u202fhab. Armand Cholewka, prof.\u202fU\u015a Op\u0142ata za\u202fkurs:Op\u0142ata wniesiona w\u202fca\u0142o\u015bci:\u202f4900 z\u0142Op\u0142ata wniesiona w\u202fratach:\u202f5160 z\u0142 I\u202frata \u2013 1720 z\u0142\u202fII rata \u2013 1720 z\u0142III rata \u2013 1720 z\u0142\u202f Szczeg\u00f3\u0142owy harmonogram wp\u0142at zostanie przes\u0142any do\u202fuczestnik\u00f3w kursu przed\u202fjego uruchomieniem Chcesz zapisa\u0107 si\u0119 na\u00a0kurs dla fizyk\u00f3w medycznych w\u00a0zakresie\u00a0rentgenodiagnostyki i\u00a0radiologii zabiegowej?Link do\u00a0zapis\u00f3w [&hellip;]","og_url":"https:\/\/uniwersytetotwarty.us.edu.pl\/otwarte-kursy\/kursy-doksztalcajace-i-specjalistyczne\/kursy-dla-fizykow-medycznych-2\/","og_site_name":"Otwarte Kursy","article_modified_time":"2025-09-09T09:55:56+00:00","twitter_card":"summary_large_image","twitter_misc":{"Szacowany czas czytania":"3 minuty"},"schema":{"@context":"https:\/\/schema.org","@graph":[{"@type":"WebPage","@id":"https:\/\/uniwersytetotwarty.us.edu.pl\/otwarte-kursy\/kursy-doksztalcajace-i-specjalistyczne\/kursy-dla-fizykow-medycznych-2\/","url":"https:\/\/uniwersytetotwarty.us.edu.pl\/otwarte-kursy\/kursy-doksztalcajace-i-specjalistyczne\/kursy-dla-fizykow-medycznych-2\/","name":"KURSY DLA FIZYK\u00d3W MEDYCZNYCH - Otwarte Kursy","isPartOf":{"@id":"https:\/\/uniwersytetotwarty.us.edu.pl\/otwarte-kursy\/#website"},"datePublished":"2025-03-31T12:47:37+00:00","dateModified":"2025-09-09T09:55:56+00:00","breadcrumb":{"@id":"https:\/\/uniwersytetotwarty.us.edu.pl\/otwarte-kursy\/kursy-doksztalcajace-i-specjalistyczne\/kursy-dla-fizykow-medycznych-2\/#breadcrumb"},"inLanguage":"pl-PL","potentialAction":[{"@type":"ReadAction","target":["https:\/\/uniwersytetotwarty.us.edu.pl\/otwarte-kursy\/kursy-doksztalcajace-i-specjalistyczne\/kursy-dla-fizykow-medycznych-2\/"]}]},{"@type":"BreadcrumbList","@id":"https:\/\/uniwersytetotwarty.us.edu.pl\/otwarte-kursy\/kursy-doksztalcajace-i-specjalistyczne\/kursy-dla-fizykow-medycznych-2\/#breadcrumb","itemListElement":[{"@type":"ListItem","position":1,"name":"Otwarte Kursy","item":"https:\/\/uniwersytetotwarty.us.edu.pl\/otwarte-kursy\/"},{"@type":"ListItem","position":2,"name":"KURSY DOKSZTA\u0141CAJ\u0104CE I SPECJALISTYCZNE","item":"https:\/\/uniwersytetotwarty.us.edu.pl\/otwarte-kursy\/kursy-doksztalcajace-i-specjalistyczne\/"},{"@type":"ListItem","position":3,"name":"KURSY DLA FIZYK\u00d3W MEDYCZNYCH"}]},{"@type":"WebSite","@id":"https:\/\/uniwersytetotwarty.us.edu.pl\/otwarte-kursy\/#website","url":"https:\/\/uniwersytetotwarty.us.edu.pl\/otwarte-kursy\/","name":"Otwarte Kursy","description":"","publisher":{"@id":"https:\/\/uniwersytetotwarty.us.edu.pl\/otwarte-kursy\/#organization"},"potentialAction":[{"@type":"SearchAction","target":{"@type":"EntryPoint","urlTemplate":"https:\/\/uniwersytetotwarty.us.edu.pl\/otwarte-kursy\/?s={search_term_string}"},"query-input":{"@type":"PropertyValueSpecification","valueRequired":true,"valueName":"search_term_string"}}],"inLanguage":"pl-PL"},{"@type":"Organization","@id":"https:\/\/uniwersytetotwarty.us.edu.pl\/otwarte-kursy\/#organization","name":"Uniwersytet \u015al\u0105ski","url":"https:\/\/uniwersytetotwarty.us.edu.pl\/otwarte-kursy\/","logo":{"@type":"ImageObject","inLanguage":"pl-PL","@id":"https:\/\/uniwersytetotwarty.us.edu.pl\/otwarte-kursy\/#\/schema\/logo\/image\/","url":"https:\/\/uniwersytetotwarty.us.edu.pl\/otwarte-kursy\/wp-content\/uploads\/sites\/10\/2023\/10\/logo-1.svg","contentUrl":"https:\/\/uniwersytetotwarty.us.edu.pl\/otwarte-kursy\/wp-content\/uploads\/sites\/10\/2023\/10\/logo-1.svg","width":414,"height":71,"caption":"Uniwersytet \u015al\u0105ski"},"image":{"@id":"https:\/\/uniwersytetotwarty.us.edu.pl\/otwarte-kursy\/#\/schema\/logo\/image\/"}}]}},"_links":{"self":[{"href":"https:\/\/uniwersytetotwarty.us.edu.pl\/otwarte-kursy\/wp-json\/wp\/v2\/pages\/646","targetHints":{"allow":["GET"]}}],"collection":[{"href":"https:\/\/uniwersytetotwarty.us.edu.pl\/otwarte-kursy\/wp-json\/wp\/v2\/pages"}],"about":[{"href":"https:\/\/uniwersytetotwarty.us.edu.pl\/otwarte-kursy\/wp-json\/wp\/v2\/types\/page"}],"author":[{"embeddable":true,"href":"https:\/\/uniwersytetotwarty.us.edu.pl\/otwarte-kursy\/wp-json\/wp\/v2\/users\/2"}],"replies":[{"embeddable":true,"href":"https:\/\/uniwersytetotwarty.us.edu.pl\/otwarte-kursy\/wp-json\/wp\/v2\/comments?post=646"}],"version-history":[{"count":8,"href":"https:\/\/uniwersytetotwarty.us.edu.pl\/otwarte-kursy\/wp-json\/wp\/v2\/pages\/646\/revisions"}],"predecessor-version":[{"id":705,"href":"https:\/\/uniwersytetotwarty.us.edu.pl\/otwarte-kursy\/wp-json\/wp\/v2\/pages\/646\/revisions\/705"}],"up":[{"embeddable":true,"href":"https:\/\/uniwersytetotwarty.us.edu.pl\/otwarte-kursy\/wp-json\/wp\/v2\/pages\/155"}],"wp:attachment":[{"href":"https:\/\/uniwersytetotwarty.us.edu.pl\/otwarte-kursy\/wp-json\/wp\/v2\/media?parent=646"}],"curies":[{"name":"wp","href":"https:\/\/api.w.org\/{rel}","templated":true}]}}