{"id":547,"date":"2025-03-26T11:15:51","date_gmt":"2025-03-26T10:15:51","guid":{"rendered":"https:\/\/uniwersytetotwarty.us.edu.pl\/otwarte-kursy\/?page_id=547"},"modified":"2025-03-31T14:59:41","modified_gmt":"2025-03-31T12:59:41","slug":"modul-biznesowy","status":"publish","type":"page","link":"https:\/\/uniwersytetotwarty.us.edu.pl\/otwarte-kursy\/modul-biznesowy\/","title":{"rendered":"MODU\u0141 BIZNESOWY"},"content":{"rendered":"\t\t<div data-elementor-type=\"wp-page\" data-elementor-id=\"547\" class=\"elementor elementor-547\" data-elementor-post-type=\"page\">\n\t\t\t\t\t\t<section class=\"elementor-section elementor-top-section elementor-element elementor-element-27ef4ca elementor-section-boxed elementor-section-height-default elementor-section-height-default\" data-id=\"27ef4ca\" data-element_type=\"section\" data-e-type=\"section\">\n\t\t\t\t\t\t<div class=\"elementor-container elementor-column-gap-default\">\n\t\t\t\t\t<div class=\"elementor-column elementor-col-50 elementor-top-column elementor-element elementor-element-9a85206\" data-id=\"9a85206\" data-element_type=\"column\" data-e-type=\"column\">\n\t\t\t<div class=\"elementor-widget-wrap elementor-element-populated\">\n\t\t\t\t\t\t<div class=\"elementor-element elementor-element-a9032f0 elementor-widget elementor-widget-text-editor\" data-id=\"a9032f0\" data-element_type=\"widget\" data-e-type=\"widget\" data-widget_type=\"text-editor.default\">\n\t\t\t\t<div class=\"elementor-widget-container\">\n\t\t\t\t\t\t\t\t\t<p><strong>Informacje wkr\u00f3tce!<\/strong><\/p>\t\t\t\t\t\t\t\t<\/div>\n\t\t\t\t<\/div>\n\t\t\t\t\t<\/div>\n\t\t<\/div>\n\t\t\t\t<div class=\"elementor-column elementor-col-50 elementor-top-column elementor-element elementor-element-ff0ef91\" data-id=\"ff0ef91\" data-element_type=\"column\" data-e-type=\"column\">\n\t\t\t<div class=\"elementor-widget-wrap elementor-element-populated\">\n\t\t\t\t\t\t<div class=\"elementor-element elementor-element-455379b elementor-widget elementor-widget-image\" data-id=\"455379b\" data-element_type=\"widget\" data-e-type=\"widget\" data-widget_type=\"image.default\">\n\t\t\t\t<div class=\"elementor-widget-container\">\n\t\t\t\t\t\t\t\t\t\t\t\t\t\t\t<img fetchpriority=\"high\" decoding=\"async\" width=\"800\" height=\"640\" src=\"https:\/\/uniwersytetotwarty.us.edu.pl\/otwarte-kursy\/wp-content\/uploads\/sites\/10\/2025\/03\/Katarzyna-Juszczyk-Zarzadzaj-Marka-Nowoczesnie-1024x819-1.png\" class=\"attachment-large size-large wp-image-552\" alt=\"\" srcset=\"https:\/\/uniwersytetotwarty.us.edu.pl\/otwarte-kursy\/wp-content\/uploads\/sites\/10\/2025\/03\/Katarzyna-Juszczyk-Zarzadzaj-Marka-Nowoczesnie-1024x819-1.png 1024w, https:\/\/uniwersytetotwarty.us.edu.pl\/otwarte-kursy\/wp-content\/uploads\/sites\/10\/2025\/03\/Katarzyna-Juszczyk-Zarzadzaj-Marka-Nowoczesnie-1024x819-1-300x240.png 300w, https:\/\/uniwersytetotwarty.us.edu.pl\/otwarte-kursy\/wp-content\/uploads\/sites\/10\/2025\/03\/Katarzyna-Juszczyk-Zarzadzaj-Marka-Nowoczesnie-1024x819-1-768x614.png 768w\" sizes=\"(max-width: 800px) 100vw, 800px\" \/>\t\t\t\t\t\t\t\t\t\t\t\t\t\t\t<\/div>\n\t\t\t\t<\/div>\n\t\t\t\t\t<\/div>\n\t\t<\/div>\n\t\t\t\t\t<\/div>\n\t\t<\/section>\n\t\t\t\t<section class=\"elementor-section elementor-top-section elementor-element elementor-element-cba75e7 elementor-section-boxed elementor-section-height-default elementor-section-height-default\" data-id=\"cba75e7\" data-element_type=\"section\" data-e-type=\"section\">\n\t\t\t\t\t\t<div class=\"elementor-container elementor-column-gap-default\">\n\t\t\t\t\t<div class=\"elementor-column elementor-col-100 elementor-top-column elementor-element elementor-element-3927414\" data-id=\"3927414\" data-element_type=\"column\" data-e-type=\"column\">\n\t\t\t<div class=\"elementor-widget-wrap elementor-element-populated\">\n\t\t\t\t\t\t<div class=\"elementor-element elementor-element-bbb1753 elementor-widget elementor-widget-spacer\" data-id=\"bbb1753\" data-element_type=\"widget\" data-e-type=\"widget\" data-widget_type=\"spacer.default\">\n\t\t\t\t<div class=\"elementor-widget-container\">\n\t\t\t\t\t\t\t<div class=\"elementor-spacer\">\n\t\t\t<div class=\"elementor-spacer-inner\"><\/div>\n\t\t<\/div>\n\t\t\t\t\t\t<\/div>\n\t\t\t\t<\/div>\n\t\t\t\t\t<\/div>\n\t\t<\/div>\n\t\t\t\t\t<\/div>\n\t\t<\/section>\n\t\t\t\t<section class=\"elementor-section elementor-top-section elementor-element elementor-element-8099b99 elementor-section-boxed elementor-section-height-default elementor-section-height-default\" data-id=\"8099b99\" data-element_type=\"section\" data-e-type=\"section\" data-settings=\"{&quot;background_background&quot;:&quot;classic&quot;}\">\n\t\t\t\t\t\t<div class=\"elementor-container elementor-column-gap-default\">\n\t\t\t\t\t<div class=\"elementor-column elementor-col-100 elementor-top-column elementor-element elementor-element-3bc011b\" data-id=\"3bc011b\" data-element_type=\"column\" data-e-type=\"column\">\n\t\t\t<div class=\"elementor-widget-wrap elementor-element-populated\">\n\t\t\t\t\t\t<div class=\"elementor-element elementor-element-49a711a elementor-widget elementor-widget-spacer\" data-id=\"49a711a\" data-element_type=\"widget\" data-e-type=\"widget\" data-widget_type=\"spacer.default\">\n\t\t\t\t<div class=\"elementor-widget-container\">\n\t\t\t\t\t\t\t<div class=\"elementor-spacer\">\n\t\t\t<div class=\"elementor-spacer-inner\"><\/div>\n\t\t<\/div>\n\t\t\t\t\t\t<\/div>\n\t\t\t\t<\/div>\n\t\t\t\t\t<\/div>\n\t\t<\/div>\n\t\t\t\t\t<\/div>\n\t\t<\/section>\n\t\t\t\t<section class=\"elementor-section elementor-top-section elementor-element elementor-element-ce5d40a elementor-section-boxed elementor-section-height-default elementor-section-height-default\" data-id=\"ce5d40a\" data-element_type=\"section\" data-e-type=\"section\" data-settings=\"{&quot;background_background&quot;:&quot;classic&quot;}\">\n\t\t\t\t\t\t<div class=\"elementor-container elementor-column-gap-default\">\n\t\t\t\t\t<div class=\"elementor-column elementor-col-100 elementor-top-column elementor-element elementor-element-61a7890\" data-id=\"61a7890\" data-element_type=\"column\" data-e-type=\"column\" data-settings=\"{&quot;background_background&quot;:&quot;classic&quot;}\">\n\t\t\t<div class=\"elementor-widget-wrap elementor-element-populated\">\n\t\t\t\t\t\t<section class=\"elementor-section elementor-inner-section elementor-element elementor-element-19f5d56 elementor-section-boxed elementor-section-height-default elementor-section-height-default\" data-id=\"19f5d56\" data-element_type=\"section\" data-e-type=\"section\">\n\t\t\t\t\t\t<div class=\"elementor-container elementor-column-gap-default\">\n\t\t\t\t\t<div class=\"elementor-column elementor-col-33 elementor-inner-column elementor-element elementor-element-9ce1f1c\" data-id=\"9ce1f1c\" data-element_type=\"column\" data-e-type=\"column\" data-settings=\"{&quot;background_background&quot;:&quot;classic&quot;}\">\n\t\t\t<div class=\"elementor-widget-wrap elementor-element-populated\">\n\t\t\t\t\t\t<div class=\"elementor-element elementor-element-c189008 elementor-flip-box--effect-flip elementor-flip-box--direction-up elementor-widget elementor-widget-flip-box\" data-id=\"c189008\" data-element_type=\"widget\" data-e-type=\"widget\" data-widget_type=\"flip-box.default\">\n\t\t\t\t<div class=\"elementor-widget-container\">\n\t\t\t\t\t\t\t<div class=\"elementor-flip-box\" tabindex=\"0\">\n\t\t\t<div class=\"elementor-flip-box__layer elementor-flip-box__front\">\n\t\t\t\t<div class=\"elementor-flip-box__layer__overlay\">\n\t\t\t\t\t<div class=\"elementor-flip-box__layer__inner\">\n\t\t\t\t\t\t\n\t\t\t\t\t\t\t\t\t\t\t\t\t<h3 class=\"elementor-flip-box__layer__title\">\n\t\t\t\t\t\t\t\tKursy dla pracownik\u00f3w biznesu\t\t\t\t\t\t\t<\/h3>\n\t\t\t\t\t\t\n\t\t\t\t\t\t\t\t\t\t\t<\/div>\n\t\t\t\t<\/div>\n\t\t\t<\/div>\n\t\t\t<div class=\"elementor-flip-box__layer elementor-flip-box__back\">\n\t\t\t<div class=\"elementor-flip-box__layer__overlay\">\n\t\t\t\t<div class=\"elementor-flip-box__layer__inner\">\n\t\t\t\t\t\n\t\t\t\t\t\n\t\t\t\t\t\t\t\t\t\t\t<a class=\"elementor-flip-box__button elementor-button elementor-size-lg\" href=\"https:\/\/uniwersytetotwarty.us.edu.pl\/otwarte-kursy\/modul-biznesowy\/szkolenia-dla-pracownikow-biznesu\/\">\n\t\t\t\t\t\t\tSZCZEG\u00d3\u0141Y\t\t\t\t\t\t<\/a>\n\t\t\t\t\t\t\t\t<\/div>\n\t\t<\/div>\n\t\t<\/div>\n\t\t<\/div>\n\t\t\t\t\t\t<\/div>\n\t\t\t\t<\/div>\n\t\t\t\t\t<\/div>\n\t\t<\/div>\n\t\t\t\t<div class=\"elementor-column elementor-col-33 elementor-inner-column elementor-element elementor-element-bdb0b9c\" data-id=\"bdb0b9c\" data-element_type=\"column\" data-e-type=\"column\" data-settings=\"{&quot;background_background&quot;:&quot;classic&quot;}\">\n\t\t\t<div class=\"elementor-widget-wrap elementor-element-populated\">\n\t\t\t\t\t\t<div class=\"elementor-element elementor-element-7b564e0 elementor-flip-box--effect-flip elementor-flip-box--direction-up elementor-widget elementor-widget-flip-box\" data-id=\"7b564e0\" data-element_type=\"widget\" data-e-type=\"widget\" data-widget_type=\"flip-box.default\">\n\t\t\t\t<div class=\"elementor-widget-container\">\n\t\t\t\t\t\t\t<div class=\"elementor-flip-box\" tabindex=\"0\">\n\t\t\t<div class=\"elementor-flip-box__layer elementor-flip-box__front\">\n\t\t\t\t<div class=\"elementor-flip-box__layer__overlay\">\n\t\t\t\t\t<div class=\"elementor-flip-box__layer__inner\">\n\t\t\t\t\t\t\n\t\t\t\t\t\t\t\t\t\t\t\t\t<h3 class=\"elementor-flip-box__layer__title\">\n\t\t\t\t\t\t\t\tKursy dla pracownik\u00f3w samorz\u0105du\t\t\t\t\t\t\t<\/h3>\n\t\t\t\t\t\t\n\t\t\t\t\t\t\t\t\t\t\t<\/div>\n\t\t\t\t<\/div>\n\t\t\t<\/div>\n\t\t\t<div class=\"elementor-flip-box__layer elementor-flip-box__back\">\n\t\t\t<div class=\"elementor-flip-box__layer__overlay\">\n\t\t\t\t<div class=\"elementor-flip-box__layer__inner\">\n\t\t\t\t\t\n\t\t\t\t\t\n\t\t\t\t\t\t\t\t\t\t\t<a class=\"elementor-flip-box__button elementor-button elementor-size-lg\" href=\"https:\/\/uniwersytetotwarty.us.edu.pl\/otwarte-kursy\/modul-biznesowy\/szkolenia-dla-pracownikow-samorzadu\/\">\n\t\t\t\t\t\t\tSZCZEG\u00d3\u0141Y\t\t\t\t\t\t<\/a>\n\t\t\t\t\t\t\t\t<\/div>\n\t\t<\/div>\n\t\t<\/div>\n\t\t<\/div>\n\t\t\t\t\t\t<\/div>\n\t\t\t\t<\/div>\n\t\t\t\t\t<\/div>\n\t\t<\/div>\n\t\t\t\t<div class=\"elementor-column elementor-col-33 elementor-inner-column elementor-element elementor-element-916ddaa\" data-id=\"916ddaa\" data-element_type=\"column\" data-e-type=\"column\" data-settings=\"{&quot;background_background&quot;:&quot;classic&quot;}\">\n\t\t\t<div class=\"elementor-widget-wrap elementor-element-populated\">\n\t\t\t\t\t\t<div class=\"elementor-element elementor-element-3ca37ba elementor-flip-box--effect-flip elementor-flip-box--direction-up elementor-widget elementor-widget-flip-box\" data-id=\"3ca37ba\" data-element_type=\"widget\" data-e-type=\"widget\" data-widget_type=\"flip-box.default\">\n\t\t\t\t<div class=\"elementor-widget-container\">\n\t\t\t\t\t\t\t<div class=\"elementor-flip-box\" tabindex=\"0\">\n\t\t\t<div class=\"elementor-flip-box__layer elementor-flip-box__front\">\n\t\t\t\t<div class=\"elementor-flip-box__layer__overlay\">\n\t\t\t\t\t<div class=\"elementor-flip-box__layer__inner\">\n\t\t\t\t\t\t\n\t\t\t\t\t\t\t\t\t\t\t\t\t<h3 class=\"elementor-flip-box__layer__title\">\n\t\t\t\t\t\t\t\tZindywidualizowa oferta dla firm\t\t\t\t\t\t\t<\/h3>\n\t\t\t\t\t\t\n\t\t\t\t\t\t\t\t\t\t\t<\/div>\n\t\t\t\t<\/div>\n\t\t\t<\/div>\n\t\t\t<div class=\"elementor-flip-box__layer elementor-flip-box__back\">\n\t\t\t<div class=\"elementor-flip-box__layer__overlay\">\n\t\t\t\t<div class=\"elementor-flip-box__layer__inner\">\n\t\t\t\t\t\n\t\t\t\t\t\n\t\t\t\t\t\t\t\t\t\t\t<a class=\"elementor-flip-box__button elementor-button elementor-size-lg\" href=\"https:\/\/uniwersytetotwarty.us.edu.pl\/otwarte-kursy\/modul-biznesowy\/zindywidualizowana-oferta\/\">\n\t\t\t\t\t\t\tSZCZEG\u00d3\u0141Y\t\t\t\t\t\t<\/a>\n\t\t\t\t\t\t\t\t<\/div>\n\t\t<\/div>\n\t\t<\/div>\n\t\t<\/div>\n\t\t\t\t\t\t<\/div>\n\t\t\t\t<\/div>\n\t\t\t\t\t<\/div>\n\t\t<\/div>\n\t\t\t\t\t<\/div>\n\t\t<\/section>\n\t\t\t\t\t<\/div>\n\t\t<\/div>\n\t\t\t\t\t<\/div>\n\t\t<\/section>\n\t\t\t\t<section class=\"elementor-section elementor-top-section elementor-element elementor-element-aa77425 elementor-section-boxed elementor-section-height-default elementor-section-height-default\" data-id=\"aa77425\" data-element_type=\"section\" data-e-type=\"section\" data-settings=\"{&quot;background_background&quot;:&quot;classic&quot;}\">\n\t\t\t\t\t\t<div class=\"elementor-container elementor-column-gap-default\">\n\t\t\t\t\t<div class=\"elementor-column elementor-col-100 elementor-top-column elementor-element elementor-element-2d3ea2a\" data-id=\"2d3ea2a\" data-element_type=\"column\" data-e-type=\"column\">\n\t\t\t<div class=\"elementor-widget-wrap elementor-element-populated\">\n\t\t\t\t\t\t<div class=\"elementor-element elementor-element-ec5f1c3 elementor-widget elementor-widget-spacer\" data-id=\"ec5f1c3\" data-element_type=\"widget\" data-e-type=\"widget\" data-widget_type=\"spacer.default\">\n\t\t\t\t<div class=\"elementor-widget-container\">\n\t\t\t\t\t\t\t<div class=\"elementor-spacer\">\n\t\t\t<div class=\"elementor-spacer-inner\"><\/div>\n\t\t<\/div>\n\t\t\t\t\t\t<\/div>\n\t\t\t\t<\/div>\n\t\t\t\t\t<\/div>\n\t\t<\/div>\n\t\t\t\t\t<\/div>\n\t\t<\/section>\n\t\t\t\t<section class=\"elementor-section elementor-top-section elementor-element elementor-element-720a263 elementor-section-boxed elementor-section-height-default elementor-section-height-default\" data-id=\"720a263\" data-element_type=\"section\" data-e-type=\"section\">\n\t\t\t\t\t\t<div class=\"elementor-container elementor-column-gap-default\">\n\t\t\t\t\t<div class=\"elementor-column elementor-col-100 elementor-top-column elementor-element elementor-element-09614ca\" data-id=\"09614ca\" data-element_type=\"column\" data-e-type=\"column\">\n\t\t\t<div class=\"elementor-widget-wrap elementor-element-populated\">\n\t\t\t\t\t\t<div class=\"elementor-element elementor-element-b95f14c elementor-widget elementor-widget-spacer\" data-id=\"b95f14c\" data-element_type=\"widget\" data-e-type=\"widget\" data-widget_type=\"spacer.default\">\n\t\t\t\t<div class=\"elementor-widget-container\">\n\t\t\t\t\t\t\t<div class=\"elementor-spacer\">\n\t\t\t<div class=\"elementor-spacer-inner\"><\/div>\n\t\t<\/div>\n\t\t\t\t\t\t<\/div>\n\t\t\t\t<\/div>\n\t\t\t\t\t<\/div>\n\t\t<\/div>\n\t\t\t\t\t<\/div>\n\t\t<\/section>\n\t\t\t\t<section class=\"elementor-section elementor-top-section elementor-element elementor-element-8a763bf elementor-section-boxed elementor-section-height-default elementor-section-height-default\" data-id=\"8a763bf\" data-element_type=\"section\" data-e-type=\"section\">\n\t\t\t\t\t\t<div class=\"elementor-container elementor-column-gap-default\">\n\t\t\t\t\t<div class=\"elementor-column elementor-col-100 elementor-top-column elementor-element elementor-element-6a65879\" data-id=\"6a65879\" data-element_type=\"column\" data-e-type=\"column\">\n\t\t\t<div class=\"elementor-widget-wrap\">\n\t\t\t\t\t\t\t<\/div>\n\t\t<\/div>\n\t\t\t\t\t<\/div>\n\t\t<\/section>\n\t\t\t\t<\/div>\n\t\t","protected":false},"excerpt":{"rendered":"<p>Informacje wkr\u00f3tce! Kursy dla pracownik\u00f3w biznesu SZCZEG\u00d3\u0141Y Kursy dla pracownik\u00f3w samorz\u0105du SZCZEG\u00d3\u0141Y Zindywidualizowa oferta dla firm SZCZEG\u00d3\u0141Y<\/p>\n","protected":false},"author":2,"featured_media":0,"parent":0,"menu_order":0,"comment_status":"closed","ping_status":"closed","template":"","meta":{"footnotes":""},"class_list":["post-547","page","type-page","status-publish","hentry"],"yoast_head":"<!-- This site is optimized with the Yoast SEO plugin v27.3 - https:\/\/yoast.com\/product\/yoast-seo-wordpress\/ -->\n<title>MODU\u0141 BIZNESOWY - Otwarte Kursy<\/title>\n<meta name=\"robots\" content=\"index, follow, max-snippet:-1, max-image-preview:large, max-video-preview:-1\" \/>\n<link rel=\"canonical\" href=\"https:\/\/uniwersytetotwarty.us.edu.pl\/otwarte-kursy\/modul-biznesowy\/\" \/>\n<meta property=\"og:locale\" content=\"pl_PL\" \/>\n<meta property=\"og:type\" content=\"article\" \/>\n<meta property=\"og:title\" content=\"MODU\u0141 BIZNESOWY - Otwarte Kursy\" \/>\n<meta property=\"og:description\" content=\"Informacje wkr\u00f3tce! Kursy dla pracownik\u00f3w biznesu SZCZEG\u00d3\u0141Y Kursy dla pracownik\u00f3w samorz\u0105du SZCZEG\u00d3\u0141Y Zindywidualizowa oferta dla firm SZCZEG\u00d3\u0141Y\" \/>\n<meta property=\"og:url\" content=\"https:\/\/uniwersytetotwarty.us.edu.pl\/otwarte-kursy\/modul-biznesowy\/\" \/>\n<meta property=\"og:site_name\" content=\"Otwarte Kursy\" \/>\n<meta property=\"article:modified_time\" content=\"2025-03-31T12:59:41+00:00\" \/>\n<meta property=\"og:image\" content=\"https:\/\/uniwersytetotwarty.us.edu.pl\/otwarte-kursy\/wp-content\/uploads\/sites\/10\/2025\/03\/Katarzyna-Juszczyk-Zarzadzaj-Marka-Nowoczesnie-1024x819-1.png\" \/>\n\t<meta property=\"og:image:width\" content=\"1024\" \/>\n\t<meta property=\"og:image:height\" content=\"819\" \/>\n\t<meta property=\"og:image:type\" content=\"image\/png\" \/>\n<meta name=\"twitter:card\" content=\"summary_large_image\" \/>\n<meta name=\"twitter:label1\" content=\"Szacowany czas czytania\" \/>\n\t<meta name=\"twitter:data1\" content=\"1 minuta\" \/>\n<script type=\"application\/ld+json\" class=\"yoast-schema-graph\">{\"@context\":\"https:\\\/\\\/schema.org\",\"@graph\":[{\"@type\":\"WebPage\",\"@id\":\"https:\\\/\\\/uniwersytetotwarty.us.edu.pl\\\/otwarte-kursy\\\/modul-biznesowy\\\/\",\"url\":\"https:\\\/\\\/uniwersytetotwarty.us.edu.pl\\\/otwarte-kursy\\\/modul-biznesowy\\\/\",\"name\":\"MODU\u0141 BIZNESOWY - Otwarte Kursy\",\"isPartOf\":{\"@id\":\"https:\\\/\\\/uniwersytetotwarty.us.edu.pl\\\/otwarte-kursy\\\/#website\"},\"primaryImageOfPage\":{\"@id\":\"https:\\\/\\\/uniwersytetotwarty.us.edu.pl\\\/otwarte-kursy\\\/modul-biznesowy\\\/#primaryimage\"},\"image\":{\"@id\":\"https:\\\/\\\/uniwersytetotwarty.us.edu.pl\\\/otwarte-kursy\\\/modul-biznesowy\\\/#primaryimage\"},\"thumbnailUrl\":\"https:\\\/\\\/uniwersytetotwarty.us.edu.pl\\\/otwarte-kursy\\\/wp-content\\\/uploads\\\/sites\\\/10\\\/2025\\\/03\\\/Katarzyna-Juszczyk-Zarzadzaj-Marka-Nowoczesnie-1024x819-1.png\",\"datePublished\":\"2025-03-26T10:15:51+00:00\",\"dateModified\":\"2025-03-31T12:59:41+00:00\",\"breadcrumb\":{\"@id\":\"https:\\\/\\\/uniwersytetotwarty.us.edu.pl\\\/otwarte-kursy\\\/modul-biznesowy\\\/#breadcrumb\"},\"inLanguage\":\"pl-PL\",\"potentialAction\":[{\"@type\":\"ReadAction\",\"target\":[\"https:\\\/\\\/uniwersytetotwarty.us.edu.pl\\\/otwarte-kursy\\\/modul-biznesowy\\\/\"]}]},{\"@type\":\"ImageObject\",\"inLanguage\":\"pl-PL\",\"@id\":\"https:\\\/\\\/uniwersytetotwarty.us.edu.pl\\\/otwarte-kursy\\\/modul-biznesowy\\\/#primaryimage\",\"url\":\"https:\\\/\\\/uniwersytetotwarty.us.edu.pl\\\/otwarte-kursy\\\/wp-content\\\/uploads\\\/sites\\\/10\\\/2025\\\/03\\\/Katarzyna-Juszczyk-Zarzadzaj-Marka-Nowoczesnie-1024x819-1.png\",\"contentUrl\":\"https:\\\/\\\/uniwersytetotwarty.us.edu.pl\\\/otwarte-kursy\\\/wp-content\\\/uploads\\\/sites\\\/10\\\/2025\\\/03\\\/Katarzyna-Juszczyk-Zarzadzaj-Marka-Nowoczesnie-1024x819-1.png\",\"width\":1024,\"height\":819},{\"@type\":\"BreadcrumbList\",\"@id\":\"https:\\\/\\\/uniwersytetotwarty.us.edu.pl\\\/otwarte-kursy\\\/modul-biznesowy\\\/#breadcrumb\",\"itemListElement\":[{\"@type\":\"ListItem\",\"position\":1,\"name\":\"Otwarte Kursy\",\"item\":\"https:\\\/\\\/uniwersytetotwarty.us.edu.pl\\\/otwarte-kursy\\\/\"},{\"@type\":\"ListItem\",\"position\":2,\"name\":\"MODU\u0141 BIZNESOWY\"}]},{\"@type\":\"WebSite\",\"@id\":\"https:\\\/\\\/uniwersytetotwarty.us.edu.pl\\\/otwarte-kursy\\\/#website\",\"url\":\"https:\\\/\\\/uniwersytetotwarty.us.edu.pl\\\/otwarte-kursy\\\/\",\"name\":\"Otwarte Kursy\",\"description\":\"\",\"publisher\":{\"@id\":\"https:\\\/\\\/uniwersytetotwarty.us.edu.pl\\\/otwarte-kursy\\\/#organization\"},\"potentialAction\":[{\"@type\":\"SearchAction\",\"target\":{\"@type\":\"EntryPoint\",\"urlTemplate\":\"https:\\\/\\\/uniwersytetotwarty.us.edu.pl\\\/otwarte-kursy\\\/?s={search_term_string}\"},\"query-input\":{\"@type\":\"PropertyValueSpecification\",\"valueRequired\":true,\"valueName\":\"search_term_string\"}}],\"inLanguage\":\"pl-PL\"},{\"@type\":\"Organization\",\"@id\":\"https:\\\/\\\/uniwersytetotwarty.us.edu.pl\\\/otwarte-kursy\\\/#organization\",\"name\":\"Uniwersytet \u015al\u0105ski\",\"url\":\"https:\\\/\\\/uniwersytetotwarty.us.edu.pl\\\/otwarte-kursy\\\/\",\"logo\":{\"@type\":\"ImageObject\",\"inLanguage\":\"pl-PL\",\"@id\":\"https:\\\/\\\/uniwersytetotwarty.us.edu.pl\\\/otwarte-kursy\\\/#\\\/schema\\\/logo\\\/image\\\/\",\"url\":\"https:\\\/\\\/uniwersytetotwarty.us.edu.pl\\\/otwarte-kursy\\\/wp-content\\\/uploads\\\/sites\\\/10\\\/2023\\\/10\\\/logo-1.svg\",\"contentUrl\":\"https:\\\/\\\/uniwersytetotwarty.us.edu.pl\\\/otwarte-kursy\\\/wp-content\\\/uploads\\\/sites\\\/10\\\/2023\\\/10\\\/logo-1.svg\",\"width\":414,\"height\":71,\"caption\":\"Uniwersytet \u015al\u0105ski\"},\"image\":{\"@id\":\"https:\\\/\\\/uniwersytetotwarty.us.edu.pl\\\/otwarte-kursy\\\/#\\\/schema\\\/logo\\\/image\\\/\"}}]}<\/script>\n<!-- \/ Yoast SEO plugin. -->","yoast_head_json":{"title":"MODU\u0141 BIZNESOWY - Otwarte Kursy","robots":{"index":"index","follow":"follow","max-snippet":"max-snippet:-1","max-image-preview":"max-image-preview:large","max-video-preview":"max-video-preview:-1"},"canonical":"https:\/\/uniwersytetotwarty.us.edu.pl\/otwarte-kursy\/modul-biznesowy\/","og_locale":"pl_PL","og_type":"article","og_title":"MODU\u0141 BIZNESOWY - Otwarte Kursy","og_description":"Informacje wkr\u00f3tce! Kursy dla pracownik\u00f3w biznesu SZCZEG\u00d3\u0141Y Kursy dla pracownik\u00f3w samorz\u0105du SZCZEG\u00d3\u0141Y Zindywidualizowa oferta dla firm SZCZEG\u00d3\u0141Y","og_url":"https:\/\/uniwersytetotwarty.us.edu.pl\/otwarte-kursy\/modul-biznesowy\/","og_site_name":"Otwarte Kursy","article_modified_time":"2025-03-31T12:59:41+00:00","og_image":[{"width":1024,"height":819,"url":"https:\/\/uniwersytetotwarty.us.edu.pl\/otwarte-kursy\/wp-content\/uploads\/sites\/10\/2025\/03\/Katarzyna-Juszczyk-Zarzadzaj-Marka-Nowoczesnie-1024x819-1.png","type":"image\/png"}],"twitter_card":"summary_large_image","twitter_misc":{"Szacowany czas czytania":"1 minuta"},"schema":{"@context":"https:\/\/schema.org","@graph":[{"@type":"WebPage","@id":"https:\/\/uniwersytetotwarty.us.edu.pl\/otwarte-kursy\/modul-biznesowy\/","url":"https:\/\/uniwersytetotwarty.us.edu.pl\/otwarte-kursy\/modul-biznesowy\/","name":"MODU\u0141 BIZNESOWY - Otwarte Kursy","isPartOf":{"@id":"https:\/\/uniwersytetotwarty.us.edu.pl\/otwarte-kursy\/#website"},"primaryImageOfPage":{"@id":"https:\/\/uniwersytetotwarty.us.edu.pl\/otwarte-kursy\/modul-biznesowy\/#primaryimage"},"image":{"@id":"https:\/\/uniwersytetotwarty.us.edu.pl\/otwarte-kursy\/modul-biznesowy\/#primaryimage"},"thumbnailUrl":"https:\/\/uniwersytetotwarty.us.edu.pl\/otwarte-kursy\/wp-content\/uploads\/sites\/10\/2025\/03\/Katarzyna-Juszczyk-Zarzadzaj-Marka-Nowoczesnie-1024x819-1.png","datePublished":"2025-03-26T10:15:51+00:00","dateModified":"2025-03-31T12:59:41+00:00","breadcrumb":{"@id":"https:\/\/uniwersytetotwarty.us.edu.pl\/otwarte-kursy\/modul-biznesowy\/#breadcrumb"},"inLanguage":"pl-PL","potentialAction":[{"@type":"ReadAction","target":["https:\/\/uniwersytetotwarty.us.edu.pl\/otwarte-kursy\/modul-biznesowy\/"]}]},{"@type":"ImageObject","inLanguage":"pl-PL","@id":"https:\/\/uniwersytetotwarty.us.edu.pl\/otwarte-kursy\/modul-biznesowy\/#primaryimage","url":"https:\/\/uniwersytetotwarty.us.edu.pl\/otwarte-kursy\/wp-content\/uploads\/sites\/10\/2025\/03\/Katarzyna-Juszczyk-Zarzadzaj-Marka-Nowoczesnie-1024x819-1.png","contentUrl":"https:\/\/uniwersytetotwarty.us.edu.pl\/otwarte-kursy\/wp-content\/uploads\/sites\/10\/2025\/03\/Katarzyna-Juszczyk-Zarzadzaj-Marka-Nowoczesnie-1024x819-1.png","width":1024,"height":819},{"@type":"BreadcrumbList","@id":"https:\/\/uniwersytetotwarty.us.edu.pl\/otwarte-kursy\/modul-biznesowy\/#breadcrumb","itemListElement":[{"@type":"ListItem","position":1,"name":"Otwarte Kursy","item":"https:\/\/uniwersytetotwarty.us.edu.pl\/otwarte-kursy\/"},{"@type":"ListItem","position":2,"name":"MODU\u0141 BIZNESOWY"}]},{"@type":"WebSite","@id":"https:\/\/uniwersytetotwarty.us.edu.pl\/otwarte-kursy\/#website","url":"https:\/\/uniwersytetotwarty.us.edu.pl\/otwarte-kursy\/","name":"Otwarte Kursy","description":"","publisher":{"@id":"https:\/\/uniwersytetotwarty.us.edu.pl\/otwarte-kursy\/#organization"},"potentialAction":[{"@type":"SearchAction","target":{"@type":"EntryPoint","urlTemplate":"https:\/\/uniwersytetotwarty.us.edu.pl\/otwarte-kursy\/?s={search_term_string}"},"query-input":{"@type":"PropertyValueSpecification","valueRequired":true,"valueName":"search_term_string"}}],"inLanguage":"pl-PL"},{"@type":"Organization","@id":"https:\/\/uniwersytetotwarty.us.edu.pl\/otwarte-kursy\/#organization","name":"Uniwersytet \u015al\u0105ski","url":"https:\/\/uniwersytetotwarty.us.edu.pl\/otwarte-kursy\/","logo":{"@type":"ImageObject","inLanguage":"pl-PL","@id":"https:\/\/uniwersytetotwarty.us.edu.pl\/otwarte-kursy\/#\/schema\/logo\/image\/","url":"https:\/\/uniwersytetotwarty.us.edu.pl\/otwarte-kursy\/wp-content\/uploads\/sites\/10\/2023\/10\/logo-1.svg","contentUrl":"https:\/\/uniwersytetotwarty.us.edu.pl\/otwarte-kursy\/wp-content\/uploads\/sites\/10\/2023\/10\/logo-1.svg","width":414,"height":71,"caption":"Uniwersytet \u015al\u0105ski"},"image":{"@id":"https:\/\/uniwersytetotwarty.us.edu.pl\/otwarte-kursy\/#\/schema\/logo\/image\/"}}]}},"_links":{"self":[{"href":"https:\/\/uniwersytetotwarty.us.edu.pl\/otwarte-kursy\/wp-json\/wp\/v2\/pages\/547","targetHints":{"allow":["GET"]}}],"collection":[{"href":"https:\/\/uniwersytetotwarty.us.edu.pl\/otwarte-kursy\/wp-json\/wp\/v2\/pages"}],"about":[{"href":"https:\/\/uniwersytetotwarty.us.edu.pl\/otwarte-kursy\/wp-json\/wp\/v2\/types\/page"}],"author":[{"embeddable":true,"href":"https:\/\/uniwersytetotwarty.us.edu.pl\/otwarte-kursy\/wp-json\/wp\/v2\/users\/2"}],"replies":[{"embeddable":true,"href":"https:\/\/uniwersytetotwarty.us.edu.pl\/otwarte-kursy\/wp-json\/wp\/v2\/comments?post=547"}],"version-history":[{"count":10,"href":"https:\/\/uniwersytetotwarty.us.edu.pl\/otwarte-kursy\/wp-json\/wp\/v2\/pages\/547\/revisions"}],"predecessor-version":[{"id":685,"href":"https:\/\/uniwersytetotwarty.us.edu.pl\/otwarte-kursy\/wp-json\/wp\/v2\/pages\/547\/revisions\/685"}],"wp:attachment":[{"href":"https:\/\/uniwersytetotwarty.us.edu.pl\/otwarte-kursy\/wp-json\/wp\/v2\/media?parent=547"}],"curies":[{"name":"wp","href":"https:\/\/api.w.org\/{rel}","templated":true}]}}