{"id":477,"date":"2024-12-04T12:03:57","date_gmt":"2024-12-04T11:03:57","guid":{"rendered":"https:\/\/uniwersytetotwarty.us.edu.pl\/otwarte-kursy\/?page_id=477"},"modified":"2026-01-20T16:34:21","modified_gmt":"2026-01-20T15:34:21","slug":"kurs-dla-inspektorow-ochrony-radiologicznej","status":"publish","type":"page","link":"https:\/\/uniwersytetotwarty.us.edu.pl\/otwarte-kursy\/kursy-doksztalcajace-i-specjalistyczne\/kurs-dla-inspektorow-ochrony-radiologicznej\/","title":{"rendered":"KURS DLA INSPEKTOR\u00d3W OCHRONY RADIOLOGICZNEJ"},"content":{"rendered":"\t\t<div data-elementor-type=\"wp-page\" data-elementor-id=\"477\" class=\"elementor elementor-477\" data-elementor-post-type=\"page\">\n\t\t\t\t\t\t<section class=\"elementor-section elementor-top-section elementor-element elementor-element-c95f74f elementor-section-boxed elementor-section-height-default elementor-section-height-default\" data-id=\"c95f74f\" data-element_type=\"section\" data-e-type=\"section\">\n\t\t\t\t\t\t<div class=\"elementor-container elementor-column-gap-default\">\n\t\t\t\t\t<div class=\"elementor-column elementor-col-100 elementor-top-column elementor-element elementor-element-3693b55\" data-id=\"3693b55\" data-element_type=\"column\" data-e-type=\"column\">\n\t\t\t<div class=\"elementor-widget-wrap elementor-element-populated\">\n\t\t\t\t\t\t<div class=\"elementor-element elementor-element-a9b7fea elementor-widget elementor-widget-accordion\" data-id=\"a9b7fea\" data-element_type=\"widget\" data-e-type=\"widget\" data-widget_type=\"accordion.default\">\n\t\t\t\t<div class=\"elementor-widget-container\">\n\t\t\t\t\t\t\t<div class=\"elementor-accordion\">\n\t\t\t\t\t\t\t<div class=\"elementor-accordion-item\">\n\t\t\t\t\t<div id=\"elementor-tab-title-1771\" class=\"elementor-tab-title\" data-tab=\"1\" role=\"button\" aria-controls=\"elementor-tab-content-1771\" aria-expanded=\"false\">\n\t\t\t\t\t\t\t\t\t\t\t\t\t<span class=\"elementor-accordion-icon elementor-accordion-icon-left\" aria-hidden=\"true\">\n\t\t\t\t\t\t\t\t\t\t\t\t\t\t\t<span class=\"elementor-accordion-icon-closed\"><i class=\"fas fa-plus\"><\/i><\/span>\n\t\t\t\t\t\t\t\t<span class=\"elementor-accordion-icon-opened\"><i class=\"fas fa-minus\"><\/i><\/span>\n\t\t\t\t\t\t\t\t\t\t\t\t\t\t<\/span>\n\t\t\t\t\t\t\t\t\t\t\t\t<a class=\"elementor-accordion-title\" tabindex=\"0\">Kurs dla kandydat\u00f3w na uzyskanie uprawnie\u0144 inspektora ochrony radiologicznej typu IOR-1R, IOR-1Z, IOR-1, IOR-3<\/a>\n\t\t\t\t\t<\/div>\n\t\t\t\t\t<div id=\"elementor-tab-content-1771\" class=\"elementor-tab-content elementor-clearfix\" data-tab=\"1\" role=\"region\" aria-labelledby=\"elementor-tab-title-1771\"><p>Uniwersytet \u015al\u0105ski w&nbsp;Katowicach organizuje kurs dla kandydat\u00f3w na&nbsp;uzyskanie uprawnie\u0144 <strong>inspektora ochrony radiologicznej typu IOR-1R, IOR-1Z, IOR-1, IOR-3<\/strong>.<\/p>\n<p>Rekrutacja na&nbsp;<strong>I&nbsp;edycj\u0119 kursu<\/strong> odbywa si\u0119 poprzez formularz online i&nbsp;trwa do&nbsp;<strong>31 marca 2026 roku<\/strong>. Planowany termin uruchomienia I&nbsp;edycji kursu: <b>08<\/b><strong>.04.2026-29.04.2026<\/strong>.<\/p>\n<p>Kursy dla kandydat\u00f3w na&nbsp;Inspektor\u00f3w Ochrony Radiologicznej odbywaj\u0105 si\u0119 zgodnie z&nbsp;programami szkoleniowymi <strong>zatwierdzonymi przez&nbsp;Prezesa Pa\u0144stwowej Agencji Atomistyki<\/strong>. Program szkoleniowy opracowany zosta\u0142 na&nbsp;podstawie Rozporz\u0105dzenia Rady Ministr\u00f3w z&nbsp;dnia 5 marca 2021 &nbsp;r. w&nbsp;sprawie inspektor\u00f3w ochrony radiologicznej (Dz.&nbsp;U. z&nbsp;dnia 8 kwietnia 2021&nbsp;r., poz. 640). Uniwersytet \u015al\u0105ski w&nbsp;Katowicach znajduje si\u0119 na&nbsp;li\u015bcie jednostek uprawnionych do&nbsp;prowadzenia szkole\u0144 przygotowuj\u0105cych do&nbsp;egzamin\u00f3w na&nbsp;inspektora ochrony radiologicznej (IOR-1R, IOR-1Z, IOR-1, IOR-3),&nbsp; prowadzonych przez&nbsp;Prezesa Pa\u0144stwowej Agencji Atomistyki.<\/p>\n<p><strong>Szkolenia typu IOR-1R, IOR-1Z, IOR-1 oraz&nbsp;IOR-3 organizujemy w&nbsp;ramach po\u0142\u0105czonego kursu, czyli zaj\u0119cia s\u0105&nbsp;prowadzone wsp\u00f3lnie dla wszystkich typ\u00f3w uprawnie\u0144.<\/strong><\/p>\n<p><span style=\"text-decoration: underline\"><strong><em>Rejestracja i&nbsp;op\u0142aty za&nbsp;kurs:<\/em><\/strong><\/span><\/p>\n<p>Uczestnikiem kursu mo\u017ce by\u0107 osoba, kt\u00f3ra:<\/p>\n<ul>\n<li>posiada co&nbsp;najmniej wykszta\u0142cenie \u015brednie lub \u015brednie bran\u017cowe;<\/li>\n<li>posiada wa\u017cne za\u015bwiadczenie \u2013 orzeczenie lekarskie o&nbsp;dopuszczeniu do&nbsp;pracy w&nbsp;warunkach nara\u017cenia na&nbsp;promieniowanie jonizuj\u0105ce \u2013 zgodnie z&nbsp;229 \u00a78 ustawy z&nbsp;dnia 26 czerwca 1974&nbsp;r. \u2013 Kodeks pracy, oraz&nbsp;art. 7 ust. 6 pkt 4 ustawy z&nbsp;dnia 29 listopada 2000&nbsp;r. \u2013 Prawo atomowe;<\/li>\n<li>wype\u0142ni\u0142a formularz zg\u0142oszeniowy.&nbsp;<\/li>\n<\/ul>\n<p><em><span style=\"text-decoration: underline\"><strong>OP\u0141ATA ZA&nbsp;UDZIA\u0141 W&nbsp;KURSIE:<\/strong><\/span><\/em><\/p>\n<p><strong>5400 z\u0142 &#8211; op\u0142ata wniesiona w&nbsp;ca\u0142o\u015bci<\/strong><\/p>\n<ul>\n<li>cena kursu zawiera wy\u017cywienie (obiad i&nbsp;przerwy kawowe);<\/li>\n<li>kurs b\u0119dzie prowadzony w&nbsp;Instytucie Fizyki im.&nbsp;A. Che\u0142kowskiego, Wydzia\u0142u Nauk \u015acis\u0142ych i&nbsp;Technicznych Uniwersytetu \u015al\u0105skiego w&nbsp;Katowicach, kampus<br>chorzowski, ul.&nbsp;75 Pu\u0142ku Piechoty 1A, 41-500 Chorz\u00f3w. Dla uczestnik\u00f3w szkolenia na&nbsp;uprawnienia IOR-3 dodatkowo zaj\u0119cia prowadzone b\u0119d\u0105 w&nbsp;Katowickim Centrum Onkologii, ul.&nbsp;Raciborska 26, 40-074 Katowice;<\/li>\n<li>zakwaterowanie uczestnicy kursu zapewniaj\u0105 sobie we&nbsp;w\u0142asnym zakresie.<\/li>\n<\/ul>\n<p>Op\u0142aty za&nbsp;kurs nale\u017cy wnosi\u0107 przelewem po&nbsp;otrzymaniu maila potwierdzaj\u0105cego o&nbsp;uruchomieniu kursu. W&nbsp;tytule przelewu nale\u017cy poda\u0107&nbsp;<em>imi\u0119 i&nbsp;nazwisko, kurs IOR<\/em><\/p>\n<p>Przelewu nale\u017cy dokona\u0107 na&nbsp;rachunek: PL 64 1050 1214 1000 0024 3019 4858<\/p>\n<p>Szczeg\u00f3\u0142owy harmonogram p\u0142atno\u015bci zostanie przes\u0142any do&nbsp;uczestnik\u00f3w za&nbsp;po\u015brednictwem wiadomo\u015bci e-mail<\/p>\n<p>Potwierdzeniem rezerwacji miejsca jest dokonanie wp\u0142aty za&nbsp;udzia\u0142 w&nbsp;kursie.<\/p>\n<p><strong>Liczba miejsc na&nbsp;kurs jest ograniczona<\/strong>. Przyj\u0119cia na&nbsp;kurs odbywaj\u0105 si\u0119 w&nbsp;kolejno\u015bci dokonanej rejestracji.&nbsp;<\/p>\n<p>Warunkiem uczestnictwa w&nbsp;kursie jest zapoznanie si\u0119 z&nbsp;klauzul\u0105 informacyjn\u0105 RODO, regulaminem kursu oraz&nbsp;z\u0142o\u017cenie o\u015bwiadcze\u0144 o&nbsp;wyra\u017ceniu zgody na&nbsp;przetwarzanie danych osobowych zawartych w&nbsp;elektronicznym formularzu rejestracyjnym.<\/p>\n<p>Regulamin kursu dost\u0119py jest <a href=\"https:\/\/uniwersytetotwarty.us.edu.pl\/wp-content\/uploads\/2024\/12\/zal-do-zarzadzenia-127_2024-REGULAMIN-KURSU-DLA-INSPEKTOROW-OCHRONY-RADIOLOGICZNEJ.pdf\">TUTAJ<\/a><\/p>\n<p><strong>Obecno\u015b\u0107 na&nbsp;wszystkich&nbsp;zaj\u0119ciach jest obowi\u0105zkowa<\/strong>, dlatego ka\u017cdego dnia kursu uczestnik zobowi\u0105zany jest podpisa\u0107 list\u0119 obecno\u015bci lub w&nbsp;przypadku wykorzystania metod kszta\u0142cenia na&nbsp;odleg\u0142o\u015b\u0107 przes\u0142a\u0107 raport z&nbsp;wykorzystanej aplikacji.<\/p>\n<p>Po&nbsp;zako\u0144czeniu szkolenia <strong>ka\u017cdy uczestnik kursu niezw\u0142ocznie otrzymuje dokument potwierdzaj\u0105cy jego odbycie<\/strong> w&nbsp;formie <strong>za\u015bwiadczenia<\/strong>, kt\u00f3re jest niezb\u0119dne do&nbsp;przyst\u0105pienia do&nbsp;egzaminu pa\u0144stwowego, organizowanego przez&nbsp;Pa\u0144stwow\u0105 Agencj\u0119 Atomistyki. Termin egzaminu b\u0119dzie wyznaczony i&nbsp;podany przed&nbsp;uko\u0144czeniem kursu.<\/p>\n<p>Wi\u0119cej informacji na&nbsp;temat egzamin\u00f3w znajduje si\u0119 na&nbsp;stronie PAA <a href=\"https:\/\/www.gov.pl\/web\/paa\/egzaminy\">TUTAJ<\/a><\/p>\n<p><strong>KONTAKT DLA UCZESTNIK\u00d3W KURSU:<\/strong><\/p>\n<p>mgr&nbsp;Pawe\u0142 Ziegler<\/p>\n<p><strong>E-mail:<\/strong> pawel.ziegler@us.edu.pl<br><strong>Telefon:&nbsp;<\/strong>32 359 23 47; +48 513 383 312<\/p><\/div>\n\t\t\t\t<\/div>\n\t\t\t\t\t\t\t\t<\/div>\n\t\t\t\t\t\t<\/div>\n\t\t\t\t<\/div>\n\t\t\t\t\t<\/div>\n\t\t<\/div>\n\t\t\t\t\t<\/div>\n\t\t<\/section>\n\t\t\t\t<section class=\"elementor-section elementor-top-section elementor-element elementor-element-1511136 elementor-section-boxed elementor-section-height-default elementor-section-height-default\" data-id=\"1511136\" data-element_type=\"section\" data-e-type=\"section\">\n\t\t\t\t\t\t<div class=\"elementor-container elementor-column-gap-default\">\n\t\t\t\t\t<div class=\"elementor-column elementor-col-100 elementor-top-column elementor-element elementor-element-80f2080\" data-id=\"80f2080\" data-element_type=\"column\" data-e-type=\"column\">\n\t\t\t<div class=\"elementor-widget-wrap elementor-element-populated\">\n\t\t\t\t\t\t<div class=\"elementor-element elementor-element-7fee1df elementor-widget elementor-widget-spacer\" data-id=\"7fee1df\" data-element_type=\"widget\" data-e-type=\"widget\" data-widget_type=\"spacer.default\">\n\t\t\t\t<div class=\"elementor-widget-container\">\n\t\t\t\t\t\t\t<div class=\"elementor-spacer\">\n\t\t\t<div class=\"elementor-spacer-inner\"><\/div>\n\t\t<\/div>\n\t\t\t\t\t\t<\/div>\n\t\t\t\t<\/div>\n\t\t\t\t\t<\/div>\n\t\t<\/div>\n\t\t\t\t\t<\/div>\n\t\t<\/section>\n\t\t\t\t<section class=\"elementor-section elementor-top-section elementor-element elementor-element-d9a688a elementor-section-content-middle elementor-section-boxed elementor-section-height-default elementor-section-height-default\" data-id=\"d9a688a\" data-element_type=\"section\" data-e-type=\"section\">\n\t\t\t\t\t\t<div class=\"elementor-container elementor-column-gap-default\">\n\t\t\t\t\t<div class=\"elementor-column elementor-col-100 elementor-top-column elementor-element elementor-element-195577b\" data-id=\"195577b\" data-element_type=\"column\" data-e-type=\"column\">\n\t\t\t<div class=\"elementor-widget-wrap elementor-element-populated\">\n\t\t\t\t\t\t<div class=\"elementor-element elementor-element-4488649 elementor-align-center elementor-widget elementor-widget-button\" data-id=\"4488649\" data-element_type=\"widget\" data-e-type=\"widget\" data-widget_type=\"button.default\">\n\t\t\t\t<div class=\"elementor-widget-container\">\n\t\t\t\t\t\t\t\t\t<div class=\"elementor-button-wrapper\">\n\t\t\t\t\t<a class=\"elementor-button elementor-button-link elementor-size-sm\" href=\"https:\/\/formularze.us.edu.pl\/kurs_ior\">\n\t\t\t\t\t\t<span class=\"elementor-button-content-wrapper\">\n\t\t\t\t\t\t\t\t\t<span class=\"elementor-button-text\">Zapisz si\u0119 tutaj<\/span>\n\t\t\t\t\t<\/span>\n\t\t\t\t\t<\/a>\n\t\t\t\t<\/div>\n\t\t\t\t\t\t\t\t<\/div>\n\t\t\t\t<\/div>\n\t\t\t\t\t<\/div>\n\t\t<\/div>\n\t\t\t\t\t<\/div>\n\t\t<\/section>\n\t\t\t\t<\/div>\n\t\t","protected":false},"excerpt":{"rendered":"<p>Kurs dla kandydat\u00f3w na uzyskanie uprawnie\u0144 inspektora ochrony radiologicznej typu IOR-1R, IOR-1Z, IOR-1, IOR-3 Uniwersytet \u015al\u0105ski w Katowicach organizuje kurs dla kandydat\u00f3w na uzyskanie uprawnie\u0144 inspektora ochrony radiologicznej typu IOR-1R, IOR-1Z, IOR-1, IOR-3. Rekrutacja na&nbsp;I edycj\u0119 kursu odbywa si\u0119 poprzez formularz online i trwa do 31 marca 2026 roku. Planowany termin uruchomienia I edycji kursu: [&hellip;]<\/p>\n","protected":false},"author":2,"featured_media":0,"parent":155,"menu_order":0,"comment_status":"closed","ping_status":"closed","template":"","meta":{"footnotes":""},"class_list":["post-477","page","type-page","status-publish","hentry"],"yoast_head":"<!-- This site is optimized with the Yoast SEO plugin v27.3 - https:\/\/yoast.com\/product\/yoast-seo-wordpress\/ -->\n<title>KURS DLA INSPEKTOR\u00d3W OCHRONY RADIOLOGICZNEJ - Otwarte Kursy<\/title>\n<meta name=\"robots\" content=\"index, follow, max-snippet:-1, max-image-preview:large, max-video-preview:-1\" \/>\n<link rel=\"canonical\" href=\"https:\/\/uniwersytetotwarty.us.edu.pl\/otwarte-kursy\/kursy-doksztalcajace-i-specjalistyczne\/kurs-dla-inspektorow-ochrony-radiologicznej\/\" \/>\n<meta property=\"og:locale\" content=\"pl_PL\" \/>\n<meta property=\"og:type\" content=\"article\" \/>\n<meta property=\"og:title\" content=\"KURS DLA INSPEKTOR\u00d3W OCHRONY RADIOLOGICZNEJ - Otwarte Kursy\" \/>\n<meta property=\"og:description\" content=\"Kurs dla kandydat\u00f3w na uzyskanie uprawnie\u0144 inspektora ochrony radiologicznej typu IOR-1R, IOR-1Z, IOR-1, IOR-3 Uniwersytet \u015al\u0105ski w Katowicach organizuje kurs dla kandydat\u00f3w na uzyskanie uprawnie\u0144 inspektora ochrony radiologicznej typu IOR-1R, IOR-1Z, IOR-1, IOR-3. Rekrutacja na&nbsp;I edycj\u0119 kursu odbywa si\u0119 poprzez formularz online i trwa do 31 marca 2026 roku. Planowany termin uruchomienia I edycji kursu: [&hellip;]\" \/>\n<meta property=\"og:url\" content=\"https:\/\/uniwersytetotwarty.us.edu.pl\/otwarte-kursy\/kursy-doksztalcajace-i-specjalistyczne\/kurs-dla-inspektorow-ochrony-radiologicznej\/\" \/>\n<meta property=\"og:site_name\" content=\"Otwarte Kursy\" \/>\n<meta property=\"article:modified_time\" content=\"2026-01-20T15:34:21+00:00\" \/>\n<meta name=\"twitter:card\" content=\"summary_large_image\" \/>\n<meta name=\"twitter:label1\" content=\"Szacowany czas czytania\" \/>\n\t<meta name=\"twitter:data1\" content=\"3 minuty\" \/>\n<script type=\"application\/ld+json\" class=\"yoast-schema-graph\">{\"@context\":\"https:\\\/\\\/schema.org\",\"@graph\":[{\"@type\":\"WebPage\",\"@id\":\"https:\\\/\\\/uniwersytetotwarty.us.edu.pl\\\/otwarte-kursy\\\/kursy-doksztalcajace-i-specjalistyczne\\\/kurs-dla-inspektorow-ochrony-radiologicznej\\\/\",\"url\":\"https:\\\/\\\/uniwersytetotwarty.us.edu.pl\\\/otwarte-kursy\\\/kursy-doksztalcajace-i-specjalistyczne\\\/kurs-dla-inspektorow-ochrony-radiologicznej\\\/\",\"name\":\"KURS DLA INSPEKTOR\u00d3W OCHRONY RADIOLOGICZNEJ - Otwarte Kursy\",\"isPartOf\":{\"@id\":\"https:\\\/\\\/uniwersytetotwarty.us.edu.pl\\\/otwarte-kursy\\\/#website\"},\"datePublished\":\"2024-12-04T11:03:57+00:00\",\"dateModified\":\"2026-01-20T15:34:21+00:00\",\"breadcrumb\":{\"@id\":\"https:\\\/\\\/uniwersytetotwarty.us.edu.pl\\\/otwarte-kursy\\\/kursy-doksztalcajace-i-specjalistyczne\\\/kurs-dla-inspektorow-ochrony-radiologicznej\\\/#breadcrumb\"},\"inLanguage\":\"pl-PL\",\"potentialAction\":[{\"@type\":\"ReadAction\",\"target\":[\"https:\\\/\\\/uniwersytetotwarty.us.edu.pl\\\/otwarte-kursy\\\/kursy-doksztalcajace-i-specjalistyczne\\\/kurs-dla-inspektorow-ochrony-radiologicznej\\\/\"]}]},{\"@type\":\"BreadcrumbList\",\"@id\":\"https:\\\/\\\/uniwersytetotwarty.us.edu.pl\\\/otwarte-kursy\\\/kursy-doksztalcajace-i-specjalistyczne\\\/kurs-dla-inspektorow-ochrony-radiologicznej\\\/#breadcrumb\",\"itemListElement\":[{\"@type\":\"ListItem\",\"position\":1,\"name\":\"Otwarte Kursy\",\"item\":\"https:\\\/\\\/uniwersytetotwarty.us.edu.pl\\\/otwarte-kursy\\\/\"},{\"@type\":\"ListItem\",\"position\":2,\"name\":\"KURSY DOKSZTA\u0141CAJ\u0104CE I SPECJALISTYCZNE\",\"item\":\"https:\\\/\\\/uniwersytetotwarty.us.edu.pl\\\/otwarte-kursy\\\/kursy-doksztalcajace-i-specjalistyczne\\\/\"},{\"@type\":\"ListItem\",\"position\":3,\"name\":\"KURS DLA INSPEKTOR\u00d3W OCHRONY RADIOLOGICZNEJ\"}]},{\"@type\":\"WebSite\",\"@id\":\"https:\\\/\\\/uniwersytetotwarty.us.edu.pl\\\/otwarte-kursy\\\/#website\",\"url\":\"https:\\\/\\\/uniwersytetotwarty.us.edu.pl\\\/otwarte-kursy\\\/\",\"name\":\"Otwarte Kursy\",\"description\":\"\",\"publisher\":{\"@id\":\"https:\\\/\\\/uniwersytetotwarty.us.edu.pl\\\/otwarte-kursy\\\/#organization\"},\"potentialAction\":[{\"@type\":\"SearchAction\",\"target\":{\"@type\":\"EntryPoint\",\"urlTemplate\":\"https:\\\/\\\/uniwersytetotwarty.us.edu.pl\\\/otwarte-kursy\\\/?s={search_term_string}\"},\"query-input\":{\"@type\":\"PropertyValueSpecification\",\"valueRequired\":true,\"valueName\":\"search_term_string\"}}],\"inLanguage\":\"pl-PL\"},{\"@type\":\"Organization\",\"@id\":\"https:\\\/\\\/uniwersytetotwarty.us.edu.pl\\\/otwarte-kursy\\\/#organization\",\"name\":\"Uniwersytet \u015al\u0105ski\",\"url\":\"https:\\\/\\\/uniwersytetotwarty.us.edu.pl\\\/otwarte-kursy\\\/\",\"logo\":{\"@type\":\"ImageObject\",\"inLanguage\":\"pl-PL\",\"@id\":\"https:\\\/\\\/uniwersytetotwarty.us.edu.pl\\\/otwarte-kursy\\\/#\\\/schema\\\/logo\\\/image\\\/\",\"url\":\"https:\\\/\\\/uniwersytetotwarty.us.edu.pl\\\/otwarte-kursy\\\/wp-content\\\/uploads\\\/sites\\\/10\\\/2023\\\/10\\\/logo-1.svg\",\"contentUrl\":\"https:\\\/\\\/uniwersytetotwarty.us.edu.pl\\\/otwarte-kursy\\\/wp-content\\\/uploads\\\/sites\\\/10\\\/2023\\\/10\\\/logo-1.svg\",\"width\":414,\"height\":71,\"caption\":\"Uniwersytet \u015al\u0105ski\"},\"image\":{\"@id\":\"https:\\\/\\\/uniwersytetotwarty.us.edu.pl\\\/otwarte-kursy\\\/#\\\/schema\\\/logo\\\/image\\\/\"}}]}<\/script>\n<!-- \/ Yoast SEO plugin. -->","yoast_head_json":{"title":"KURS DLA INSPEKTOR\u00d3W OCHRONY RADIOLOGICZNEJ - Otwarte Kursy","robots":{"index":"index","follow":"follow","max-snippet":"max-snippet:-1","max-image-preview":"max-image-preview:large","max-video-preview":"max-video-preview:-1"},"canonical":"https:\/\/uniwersytetotwarty.us.edu.pl\/otwarte-kursy\/kursy-doksztalcajace-i-specjalistyczne\/kurs-dla-inspektorow-ochrony-radiologicznej\/","og_locale":"pl_PL","og_type":"article","og_title":"KURS DLA INSPEKTOR\u00d3W OCHRONY RADIOLOGICZNEJ - Otwarte Kursy","og_description":"Kurs dla kandydat\u00f3w na uzyskanie uprawnie\u0144 inspektora ochrony radiologicznej typu IOR-1R, IOR-1Z, IOR-1, IOR-3 Uniwersytet \u015al\u0105ski w Katowicach organizuje kurs dla kandydat\u00f3w na uzyskanie uprawnie\u0144 inspektora ochrony radiologicznej typu IOR-1R, IOR-1Z, IOR-1, IOR-3. Rekrutacja na&nbsp;I edycj\u0119 kursu odbywa si\u0119 poprzez formularz online i trwa do 31 marca 2026 roku. Planowany termin uruchomienia I edycji kursu: [&hellip;]","og_url":"https:\/\/uniwersytetotwarty.us.edu.pl\/otwarte-kursy\/kursy-doksztalcajace-i-specjalistyczne\/kurs-dla-inspektorow-ochrony-radiologicznej\/","og_site_name":"Otwarte Kursy","article_modified_time":"2026-01-20T15:34:21+00:00","twitter_card":"summary_large_image","twitter_misc":{"Szacowany czas czytania":"3 minuty"},"schema":{"@context":"https:\/\/schema.org","@graph":[{"@type":"WebPage","@id":"https:\/\/uniwersytetotwarty.us.edu.pl\/otwarte-kursy\/kursy-doksztalcajace-i-specjalistyczne\/kurs-dla-inspektorow-ochrony-radiologicznej\/","url":"https:\/\/uniwersytetotwarty.us.edu.pl\/otwarte-kursy\/kursy-doksztalcajace-i-specjalistyczne\/kurs-dla-inspektorow-ochrony-radiologicznej\/","name":"KURS DLA INSPEKTOR\u00d3W OCHRONY RADIOLOGICZNEJ - Otwarte Kursy","isPartOf":{"@id":"https:\/\/uniwersytetotwarty.us.edu.pl\/otwarte-kursy\/#website"},"datePublished":"2024-12-04T11:03:57+00:00","dateModified":"2026-01-20T15:34:21+00:00","breadcrumb":{"@id":"https:\/\/uniwersytetotwarty.us.edu.pl\/otwarte-kursy\/kursy-doksztalcajace-i-specjalistyczne\/kurs-dla-inspektorow-ochrony-radiologicznej\/#breadcrumb"},"inLanguage":"pl-PL","potentialAction":[{"@type":"ReadAction","target":["https:\/\/uniwersytetotwarty.us.edu.pl\/otwarte-kursy\/kursy-doksztalcajace-i-specjalistyczne\/kurs-dla-inspektorow-ochrony-radiologicznej\/"]}]},{"@type":"BreadcrumbList","@id":"https:\/\/uniwersytetotwarty.us.edu.pl\/otwarte-kursy\/kursy-doksztalcajace-i-specjalistyczne\/kurs-dla-inspektorow-ochrony-radiologicznej\/#breadcrumb","itemListElement":[{"@type":"ListItem","position":1,"name":"Otwarte Kursy","item":"https:\/\/uniwersytetotwarty.us.edu.pl\/otwarte-kursy\/"},{"@type":"ListItem","position":2,"name":"KURSY DOKSZTA\u0141CAJ\u0104CE I SPECJALISTYCZNE","item":"https:\/\/uniwersytetotwarty.us.edu.pl\/otwarte-kursy\/kursy-doksztalcajace-i-specjalistyczne\/"},{"@type":"ListItem","position":3,"name":"KURS DLA INSPEKTOR\u00d3W OCHRONY RADIOLOGICZNEJ"}]},{"@type":"WebSite","@id":"https:\/\/uniwersytetotwarty.us.edu.pl\/otwarte-kursy\/#website","url":"https:\/\/uniwersytetotwarty.us.edu.pl\/otwarte-kursy\/","name":"Otwarte Kursy","description":"","publisher":{"@id":"https:\/\/uniwersytetotwarty.us.edu.pl\/otwarte-kursy\/#organization"},"potentialAction":[{"@type":"SearchAction","target":{"@type":"EntryPoint","urlTemplate":"https:\/\/uniwersytetotwarty.us.edu.pl\/otwarte-kursy\/?s={search_term_string}"},"query-input":{"@type":"PropertyValueSpecification","valueRequired":true,"valueName":"search_term_string"}}],"inLanguage":"pl-PL"},{"@type":"Organization","@id":"https:\/\/uniwersytetotwarty.us.edu.pl\/otwarte-kursy\/#organization","name":"Uniwersytet \u015al\u0105ski","url":"https:\/\/uniwersytetotwarty.us.edu.pl\/otwarte-kursy\/","logo":{"@type":"ImageObject","inLanguage":"pl-PL","@id":"https:\/\/uniwersytetotwarty.us.edu.pl\/otwarte-kursy\/#\/schema\/logo\/image\/","url":"https:\/\/uniwersytetotwarty.us.edu.pl\/otwarte-kursy\/wp-content\/uploads\/sites\/10\/2023\/10\/logo-1.svg","contentUrl":"https:\/\/uniwersytetotwarty.us.edu.pl\/otwarte-kursy\/wp-content\/uploads\/sites\/10\/2023\/10\/logo-1.svg","width":414,"height":71,"caption":"Uniwersytet \u015al\u0105ski"},"image":{"@id":"https:\/\/uniwersytetotwarty.us.edu.pl\/otwarte-kursy\/#\/schema\/logo\/image\/"}}]}},"_links":{"self":[{"href":"https:\/\/uniwersytetotwarty.us.edu.pl\/otwarte-kursy\/wp-json\/wp\/v2\/pages\/477","targetHints":{"allow":["GET"]}}],"collection":[{"href":"https:\/\/uniwersytetotwarty.us.edu.pl\/otwarte-kursy\/wp-json\/wp\/v2\/pages"}],"about":[{"href":"https:\/\/uniwersytetotwarty.us.edu.pl\/otwarte-kursy\/wp-json\/wp\/v2\/types\/page"}],"author":[{"embeddable":true,"href":"https:\/\/uniwersytetotwarty.us.edu.pl\/otwarte-kursy\/wp-json\/wp\/v2\/users\/2"}],"replies":[{"embeddable":true,"href":"https:\/\/uniwersytetotwarty.us.edu.pl\/otwarte-kursy\/wp-json\/wp\/v2\/comments?post=477"}],"version-history":[{"count":10,"href":"https:\/\/uniwersytetotwarty.us.edu.pl\/otwarte-kursy\/wp-json\/wp\/v2\/pages\/477\/revisions"}],"predecessor-version":[{"id":719,"href":"https:\/\/uniwersytetotwarty.us.edu.pl\/otwarte-kursy\/wp-json\/wp\/v2\/pages\/477\/revisions\/719"}],"up":[{"embeddable":true,"href":"https:\/\/uniwersytetotwarty.us.edu.pl\/otwarte-kursy\/wp-json\/wp\/v2\/pages\/155"}],"wp:attachment":[{"href":"https:\/\/uniwersytetotwarty.us.edu.pl\/otwarte-kursy\/wp-json\/wp\/v2\/media?parent=477"}],"curies":[{"name":"wp","href":"https:\/\/api.w.org\/{rel}","templated":true}]}}