{"id":155,"date":"2024-02-19T12:38:17","date_gmt":"2024-02-19T11:38:17","guid":{"rendered":"https:\/\/uniwersytetotwarty.us.edu.pl\/otwarte-kursy\/?page_id=155"},"modified":"2025-03-31T14:51:03","modified_gmt":"2025-03-31T12:51:03","slug":"kursy-doksztalcajace-i-specjalistyczne","status":"publish","type":"page","link":"https:\/\/uniwersytetotwarty.us.edu.pl\/otwarte-kursy\/kursy-doksztalcajace-i-specjalistyczne\/","title":{"rendered":"KURSY DOKSZTA\u0141CAJ\u0104CE I SPECJALISTYCZNE"},"content":{"rendered":"\t\t<div data-elementor-type=\"wp-page\" data-elementor-id=\"155\" class=\"elementor elementor-155\" data-elementor-post-type=\"page\">\n\t\t\t\t\t\t<section class=\"elementor-section elementor-top-section elementor-element elementor-element-b48c6ee elementor-section-boxed elementor-section-height-default elementor-section-height-default\" data-id=\"b48c6ee\" data-element_type=\"section\" data-e-type=\"section\">\n\t\t\t\t\t\t<div class=\"elementor-container elementor-column-gap-default\">\n\t\t\t\t\t<div data-ra-url=\"https:\/\/uniwersytetotwarty.us.edu.pl\/otwarte-kursy\/kursy-doksztalcajace-i-specjalistyczne\/kursy-dla-fizykow-medycznych-2\/\" data-ra-target=\"_self\" class=\"ra-clickable-wrapper elementor-column elementor-col-50 elementor-top-column elementor-element elementor-element-1f0cb55\" style=\"cursor:pointer;\" data-id=\"1f0cb55\" data-element_type=\"column\" data-e-type=\"column\" data-settings=\"{&quot;background_background&quot;:&quot;classic&quot;}\">\n\t\t\t<div class=\"elementor-widget-wrap elementor-element-populated\">\n\t\t\t\t\t\t<div class=\"elementor-element elementor-element-1f6848e elementor-widget elementor-widget-text-editor\" data-id=\"1f6848e\" data-element_type=\"widget\" data-e-type=\"widget\" data-widget_type=\"text-editor.default\">\n\t\t\t\t<div class=\"elementor-widget-container\">\n\t\t\t\t\t\t\t\t\t<p><strong>FIZYKA MEDYCZNA<\/strong><\/p>\t\t\t\t\t\t\t\t<\/div>\n\t\t\t\t<\/div>\n\t\t\t\t\t<\/div>\n\t\t<\/div>\n\t\t\t\t<div data-ra-url=\"https:\/\/uniwersytetotwarty.us.edu.pl\/otwarte-kursy\/kursy-doksztalcajace-i-specjalistyczne\/kurs-dla-inspektorow-ochrony-radiologicznej\/\" data-ra-target=\"_self\" class=\"ra-clickable-wrapper elementor-column elementor-col-50 elementor-top-column elementor-element elementor-element-0553dec\" style=\"cursor:pointer;\" data-id=\"0553dec\" data-element_type=\"column\" data-e-type=\"column\" data-settings=\"{&quot;background_background&quot;:&quot;classic&quot;}\">\n\t\t\t<div class=\"elementor-widget-wrap elementor-element-populated\">\n\t\t\t\t\t\t<div class=\"elementor-element elementor-element-7bf2c8c elementor-widget elementor-widget-text-editor\" data-id=\"7bf2c8c\" data-element_type=\"widget\" data-e-type=\"widget\" data-widget_type=\"text-editor.default\">\n\t\t\t\t<div class=\"elementor-widget-container\">\n\t\t\t\t\t\t\t\t\t<p><span data-teams=\"true\">KURS DLA INSPEKTOR\u00d3W OCHRONY RADIOLOGICZNEJ<\/span><\/p>\t\t\t\t\t\t\t\t<\/div>\n\t\t\t\t<\/div>\n\t\t\t\t\t<\/div>\n\t\t<\/div>\n\t\t\t\t\t<\/div>\n\t\t<\/section>\n\t\t\t\t<\/div>\n\t\t","protected":false},"excerpt":{"rendered":"<p>FIZYKA MEDYCZNA KURS DLA INSPEKTOR\u00d3W OCHRONY RADIOLOGICZNEJ<\/p>\n","protected":false},"author":4,"featured_media":0,"parent":0,"menu_order":0,"comment_status":"closed","ping_status":"closed","template":"","meta":{"footnotes":""},"class_list":["post-155","page","type-page","status-publish","hentry"],"yoast_head":"<!-- This site is optimized with the Yoast SEO plugin v27.3 - https:\/\/yoast.com\/product\/yoast-seo-wordpress\/ -->\n<title>KURSY DOKSZTA\u0141CAJ\u0104CE I SPECJALISTYCZNE - Otwarte Kursy<\/title>\n<meta name=\"robots\" content=\"index, follow, max-snippet:-1, max-image-preview:large, max-video-preview:-1\" \/>\n<link rel=\"canonical\" href=\"https:\/\/uniwersytetotwarty.us.edu.pl\/otwarte-kursy\/kursy-doksztalcajace-i-specjalistyczne\/\" \/>\n<meta property=\"og:locale\" content=\"pl_PL\" \/>\n<meta property=\"og:type\" content=\"article\" \/>\n<meta property=\"og:title\" content=\"KURSY DOKSZTA\u0141CAJ\u0104CE I SPECJALISTYCZNE - Otwarte Kursy\" \/>\n<meta property=\"og:description\" content=\"FIZYKA MEDYCZNA KURS DLA INSPEKTOR\u00d3W OCHRONY RADIOLOGICZNEJ\" \/>\n<meta property=\"og:url\" content=\"https:\/\/uniwersytetotwarty.us.edu.pl\/otwarte-kursy\/kursy-doksztalcajace-i-specjalistyczne\/\" \/>\n<meta property=\"og:site_name\" content=\"Otwarte Kursy\" \/>\n<meta property=\"article:modified_time\" content=\"2025-03-31T12:51:03+00:00\" \/>\n<meta name=\"twitter:card\" content=\"summary_large_image\" \/>\n<meta name=\"twitter:label1\" content=\"Szacowany czas czytania\" \/>\n\t<meta name=\"twitter:data1\" content=\"1 minuta\" \/>\n<script type=\"application\/ld+json\" class=\"yoast-schema-graph\">{\"@context\":\"https:\\\/\\\/schema.org\",\"@graph\":[{\"@type\":\"WebPage\",\"@id\":\"https:\\\/\\\/uniwersytetotwarty.us.edu.pl\\\/otwarte-kursy\\\/kursy-doksztalcajace-i-specjalistyczne\\\/\",\"url\":\"https:\\\/\\\/uniwersytetotwarty.us.edu.pl\\\/otwarte-kursy\\\/kursy-doksztalcajace-i-specjalistyczne\\\/\",\"name\":\"KURSY DOKSZTA\u0141CAJ\u0104CE I SPECJALISTYCZNE - Otwarte Kursy\",\"isPartOf\":{\"@id\":\"https:\\\/\\\/uniwersytetotwarty.us.edu.pl\\\/otwarte-kursy\\\/#website\"},\"datePublished\":\"2024-02-19T11:38:17+00:00\",\"dateModified\":\"2025-03-31T12:51:03+00:00\",\"breadcrumb\":{\"@id\":\"https:\\\/\\\/uniwersytetotwarty.us.edu.pl\\\/otwarte-kursy\\\/kursy-doksztalcajace-i-specjalistyczne\\\/#breadcrumb\"},\"inLanguage\":\"pl-PL\",\"potentialAction\":[{\"@type\":\"ReadAction\",\"target\":[\"https:\\\/\\\/uniwersytetotwarty.us.edu.pl\\\/otwarte-kursy\\\/kursy-doksztalcajace-i-specjalistyczne\\\/\"]}]},{\"@type\":\"BreadcrumbList\",\"@id\":\"https:\\\/\\\/uniwersytetotwarty.us.edu.pl\\\/otwarte-kursy\\\/kursy-doksztalcajace-i-specjalistyczne\\\/#breadcrumb\",\"itemListElement\":[{\"@type\":\"ListItem\",\"position\":1,\"name\":\"Otwarte Kursy\",\"item\":\"https:\\\/\\\/uniwersytetotwarty.us.edu.pl\\\/otwarte-kursy\\\/\"},{\"@type\":\"ListItem\",\"position\":2,\"name\":\"KURSY DOKSZTA\u0141CAJ\u0104CE I SPECJALISTYCZNE\"}]},{\"@type\":\"WebSite\",\"@id\":\"https:\\\/\\\/uniwersytetotwarty.us.edu.pl\\\/otwarte-kursy\\\/#website\",\"url\":\"https:\\\/\\\/uniwersytetotwarty.us.edu.pl\\\/otwarte-kursy\\\/\",\"name\":\"Otwarte Kursy\",\"description\":\"\",\"publisher\":{\"@id\":\"https:\\\/\\\/uniwersytetotwarty.us.edu.pl\\\/otwarte-kursy\\\/#organization\"},\"potentialAction\":[{\"@type\":\"SearchAction\",\"target\":{\"@type\":\"EntryPoint\",\"urlTemplate\":\"https:\\\/\\\/uniwersytetotwarty.us.edu.pl\\\/otwarte-kursy\\\/?s={search_term_string}\"},\"query-input\":{\"@type\":\"PropertyValueSpecification\",\"valueRequired\":true,\"valueName\":\"search_term_string\"}}],\"inLanguage\":\"pl-PL\"},{\"@type\":\"Organization\",\"@id\":\"https:\\\/\\\/uniwersytetotwarty.us.edu.pl\\\/otwarte-kursy\\\/#organization\",\"name\":\"Uniwersytet \u015al\u0105ski\",\"url\":\"https:\\\/\\\/uniwersytetotwarty.us.edu.pl\\\/otwarte-kursy\\\/\",\"logo\":{\"@type\":\"ImageObject\",\"inLanguage\":\"pl-PL\",\"@id\":\"https:\\\/\\\/uniwersytetotwarty.us.edu.pl\\\/otwarte-kursy\\\/#\\\/schema\\\/logo\\\/image\\\/\",\"url\":\"https:\\\/\\\/uniwersytetotwarty.us.edu.pl\\\/otwarte-kursy\\\/wp-content\\\/uploads\\\/sites\\\/10\\\/2023\\\/10\\\/logo-1.svg\",\"contentUrl\":\"https:\\\/\\\/uniwersytetotwarty.us.edu.pl\\\/otwarte-kursy\\\/wp-content\\\/uploads\\\/sites\\\/10\\\/2023\\\/10\\\/logo-1.svg\",\"width\":414,\"height\":71,\"caption\":\"Uniwersytet \u015al\u0105ski\"},\"image\":{\"@id\":\"https:\\\/\\\/uniwersytetotwarty.us.edu.pl\\\/otwarte-kursy\\\/#\\\/schema\\\/logo\\\/image\\\/\"}}]}<\/script>\n<!-- \/ Yoast SEO plugin. -->","yoast_head_json":{"title":"KURSY DOKSZTA\u0141CAJ\u0104CE I SPECJALISTYCZNE - Otwarte Kursy","robots":{"index":"index","follow":"follow","max-snippet":"max-snippet:-1","max-image-preview":"max-image-preview:large","max-video-preview":"max-video-preview:-1"},"canonical":"https:\/\/uniwersytetotwarty.us.edu.pl\/otwarte-kursy\/kursy-doksztalcajace-i-specjalistyczne\/","og_locale":"pl_PL","og_type":"article","og_title":"KURSY DOKSZTA\u0141CAJ\u0104CE I SPECJALISTYCZNE - Otwarte Kursy","og_description":"FIZYKA MEDYCZNA KURS DLA INSPEKTOR\u00d3W OCHRONY RADIOLOGICZNEJ","og_url":"https:\/\/uniwersytetotwarty.us.edu.pl\/otwarte-kursy\/kursy-doksztalcajace-i-specjalistyczne\/","og_site_name":"Otwarte Kursy","article_modified_time":"2025-03-31T12:51:03+00:00","twitter_card":"summary_large_image","twitter_misc":{"Szacowany czas czytania":"1 minuta"},"schema":{"@context":"https:\/\/schema.org","@graph":[{"@type":"WebPage","@id":"https:\/\/uniwersytetotwarty.us.edu.pl\/otwarte-kursy\/kursy-doksztalcajace-i-specjalistyczne\/","url":"https:\/\/uniwersytetotwarty.us.edu.pl\/otwarte-kursy\/kursy-doksztalcajace-i-specjalistyczne\/","name":"KURSY DOKSZTA\u0141CAJ\u0104CE I SPECJALISTYCZNE - Otwarte Kursy","isPartOf":{"@id":"https:\/\/uniwersytetotwarty.us.edu.pl\/otwarte-kursy\/#website"},"datePublished":"2024-02-19T11:38:17+00:00","dateModified":"2025-03-31T12:51:03+00:00","breadcrumb":{"@id":"https:\/\/uniwersytetotwarty.us.edu.pl\/otwarte-kursy\/kursy-doksztalcajace-i-specjalistyczne\/#breadcrumb"},"inLanguage":"pl-PL","potentialAction":[{"@type":"ReadAction","target":["https:\/\/uniwersytetotwarty.us.edu.pl\/otwarte-kursy\/kursy-doksztalcajace-i-specjalistyczne\/"]}]},{"@type":"BreadcrumbList","@id":"https:\/\/uniwersytetotwarty.us.edu.pl\/otwarte-kursy\/kursy-doksztalcajace-i-specjalistyczne\/#breadcrumb","itemListElement":[{"@type":"ListItem","position":1,"name":"Otwarte Kursy","item":"https:\/\/uniwersytetotwarty.us.edu.pl\/otwarte-kursy\/"},{"@type":"ListItem","position":2,"name":"KURSY DOKSZTA\u0141CAJ\u0104CE I SPECJALISTYCZNE"}]},{"@type":"WebSite","@id":"https:\/\/uniwersytetotwarty.us.edu.pl\/otwarte-kursy\/#website","url":"https:\/\/uniwersytetotwarty.us.edu.pl\/otwarte-kursy\/","name":"Otwarte Kursy","description":"","publisher":{"@id":"https:\/\/uniwersytetotwarty.us.edu.pl\/otwarte-kursy\/#organization"},"potentialAction":[{"@type":"SearchAction","target":{"@type":"EntryPoint","urlTemplate":"https:\/\/uniwersytetotwarty.us.edu.pl\/otwarte-kursy\/?s={search_term_string}"},"query-input":{"@type":"PropertyValueSpecification","valueRequired":true,"valueName":"search_term_string"}}],"inLanguage":"pl-PL"},{"@type":"Organization","@id":"https:\/\/uniwersytetotwarty.us.edu.pl\/otwarte-kursy\/#organization","name":"Uniwersytet \u015al\u0105ski","url":"https:\/\/uniwersytetotwarty.us.edu.pl\/otwarte-kursy\/","logo":{"@type":"ImageObject","inLanguage":"pl-PL","@id":"https:\/\/uniwersytetotwarty.us.edu.pl\/otwarte-kursy\/#\/schema\/logo\/image\/","url":"https:\/\/uniwersytetotwarty.us.edu.pl\/otwarte-kursy\/wp-content\/uploads\/sites\/10\/2023\/10\/logo-1.svg","contentUrl":"https:\/\/uniwersytetotwarty.us.edu.pl\/otwarte-kursy\/wp-content\/uploads\/sites\/10\/2023\/10\/logo-1.svg","width":414,"height":71,"caption":"Uniwersytet \u015al\u0105ski"},"image":{"@id":"https:\/\/uniwersytetotwarty.us.edu.pl\/otwarte-kursy\/#\/schema\/logo\/image\/"}}]}},"_links":{"self":[{"href":"https:\/\/uniwersytetotwarty.us.edu.pl\/otwarte-kursy\/wp-json\/wp\/v2\/pages\/155","targetHints":{"allow":["GET"]}}],"collection":[{"href":"https:\/\/uniwersytetotwarty.us.edu.pl\/otwarte-kursy\/wp-json\/wp\/v2\/pages"}],"about":[{"href":"https:\/\/uniwersytetotwarty.us.edu.pl\/otwarte-kursy\/wp-json\/wp\/v2\/types\/page"}],"author":[{"embeddable":true,"href":"https:\/\/uniwersytetotwarty.us.edu.pl\/otwarte-kursy\/wp-json\/wp\/v2\/users\/4"}],"replies":[{"embeddable":true,"href":"https:\/\/uniwersytetotwarty.us.edu.pl\/otwarte-kursy\/wp-json\/wp\/v2\/comments?post=155"}],"version-history":[{"count":10,"href":"https:\/\/uniwersytetotwarty.us.edu.pl\/otwarte-kursy\/wp-json\/wp\/v2\/pages\/155\/revisions"}],"predecessor-version":[{"id":660,"href":"https:\/\/uniwersytetotwarty.us.edu.pl\/otwarte-kursy\/wp-json\/wp\/v2\/pages\/155\/revisions\/660"}],"wp:attachment":[{"href":"https:\/\/uniwersytetotwarty.us.edu.pl\/otwarte-kursy\/wp-json\/wp\/v2\/media?parent=155"}],"curies":[{"name":"wp","href":"https:\/\/api.w.org\/{rel}","templated":true}]}}