{"id":306,"date":"2023-10-31T12:26:27","date_gmt":"2023-10-31T11:26:27","guid":{"rendered":"https:\/\/uniwersytetotwarty.us.edu.pl\/nauczyciele-miedzy-kulturami\/?page_id=306"},"modified":"2023-10-31T13:58:02","modified_gmt":"2023-10-31T12:58:02","slug":"edukatorium-historyczno-spoleczne","status":"publish","type":"page","link":"https:\/\/uniwersytetotwarty.us.edu.pl\/nauczyciele-miedzy-kulturami\/edukatorium-historyczno-spoleczne\/","title":{"rendered":"Edukatorium historyczno-spo\u0142eczne"},"content":{"rendered":"\t\t<div data-elementor-type=\"wp-page\" data-elementor-id=\"306\" class=\"elementor elementor-306\" data-elementor-post-type=\"page\">\n\t\t\t\t\t\t<section class=\"elementor-section elementor-top-section elementor-element elementor-element-da34edd elementor-section-boxed elementor-section-height-default elementor-section-height-default\" data-id=\"da34edd\" data-element_type=\"section\" data-e-type=\"section\">\n\t\t\t\t\t\t<div class=\"elementor-container elementor-column-gap-default\">\n\t\t\t\t\t<div class=\"elementor-column elementor-col-66 elementor-top-column elementor-element elementor-element-ddc9e14\" data-id=\"ddc9e14\" data-element_type=\"column\" data-e-type=\"column\">\n\t\t\t<div class=\"elementor-widget-wrap elementor-element-populated\">\n\t\t\t\t\t\t<div class=\"elementor-element elementor-element-c50b536 elementor-widget elementor-widget-text-editor\" data-id=\"c50b536\" data-element_type=\"widget\" data-e-type=\"widget\" data-widget_type=\"text-editor.default\">\n\t\t\t\t<div class=\"elementor-widget-container\">\n\t\t\t\t\t\t\t\t\t<p>\u201eEdukatorium historyczno-spo\u0142eczne\u201d jest wsp\u00f3lnym przedsi\u0119wzi\u0119ciem Uniwersytetu \u015al\u0105skiego (reprezentowanego przez Instytut Historii U\u015a) i Miasta Katowice. Jego realizacja mo\u017cliwa jest dzi\u0119ki wsparciu Funduszu Narod\u00f3w Zjednoczonych na Rzecz Dzieci (UNICEF).<\/p><p>Projekt ma na celu podniesienie jako\u015bci nauczania przedmiot\u00f3w: historia, historia i tera\u017aniejszo\u015b\u0107 oraz wiedza o spo\u0142ecze\u0144stwie w katowickich szko\u0142ach podstawowych i ponadpodstawowych. Przygotowane przez ekspert\u00f3w materia\u0142y edukacyjne u\u0142atwi\u0105 nauczycielkom i nauczycielom prowadzenie zaj\u0119\u0107 z tematyki cz\u0119sto trudnej i wra\u017cliwej, a dotycz\u0105cej stosunk\u00f3w pomi\u0119dzy Polsk\u0105 a Ukrain\u0105 na przestrzeni dziej\u00f3w. Pomog\u0105 tak\u017ce pokaza\u0107 r\u00f3\u017cnice w postrzeganiu wa\u017cnych wydarze\u0144 historycznych oraz spo\u0142ecznych. Cykl dydaktyczny zosta\u0142 zaprojektowany z my\u015bl\u0105 o edukacji w klasach mieszanych, co wymaga szczeg\u00f3lnej wra\u017cliwo\u015bci i troski o potrzeby ka\u017cdego z podopiecznych, z racji r\u00f3\u017cnorodno\u015bci kulturowej i narodowej. Podniesienie stanu \u015bwiadomo\u015bci uczni\u00f3w i uczennic na temat historii Polski i Ukrainy oraz pog\u0142\u0119bianie ich wzajemnych relacji poprzez edukacj\u0119 ma na celu zbudowanie wi\u0119kszej tolerancji i zrozumienia mi\u0119dzy narodami.<\/p>\t\t\t\t\t\t\t\t<\/div>\n\t\t\t\t<\/div>\n\t\t\t\t\t<\/div>\n\t\t<\/div>\n\t\t\t\t<div class=\"elementor-column elementor-col-33 elementor-top-column elementor-element elementor-element-7bd874a\" data-id=\"7bd874a\" data-element_type=\"column\" data-e-type=\"column\">\n\t\t\t<div class=\"elementor-widget-wrap elementor-element-populated\">\n\t\t\t\t\t\t<div class=\"elementor-element elementor-element-f056ba7 elementor-widget elementor-widget-image\" data-id=\"f056ba7\" data-element_type=\"widget\" data-e-type=\"widget\" data-widget_type=\"image.default\">\n\t\t\t\t<div class=\"elementor-widget-container\">\n\t\t\t\t\t\t\t\t\t\t\t\t\t\t\t<img fetchpriority=\"high\" decoding=\"async\" width=\"800\" height=\"800\" src=\"https:\/\/uniwersytetotwarty.us.edu.pl\/nauczyciele-miedzy-kulturami\/wp-content\/uploads\/sites\/11\/2023\/10\/edukatorium55.jpg\" class=\"attachment-large size-large wp-image-311\" alt=\"grafika edukatorium historyczno-spo\u0142ecznego\" srcset=\"https:\/\/uniwersytetotwarty.us.edu.pl\/nauczyciele-miedzy-kulturami\/wp-content\/uploads\/sites\/11\/2023\/10\/edukatorium55.jpg 800w, https:\/\/uniwersytetotwarty.us.edu.pl\/nauczyciele-miedzy-kulturami\/wp-content\/uploads\/sites\/11\/2023\/10\/edukatorium55-300x300.jpg 300w, https:\/\/uniwersytetotwarty.us.edu.pl\/nauczyciele-miedzy-kulturami\/wp-content\/uploads\/sites\/11\/2023\/10\/edukatorium55-150x150.jpg 150w, https:\/\/uniwersytetotwarty.us.edu.pl\/nauczyciele-miedzy-kulturami\/wp-content\/uploads\/sites\/11\/2023\/10\/edukatorium55-768x768.jpg 768w\" sizes=\"(max-width: 800px) 100vw, 800px\" \/>\t\t\t\t\t\t\t\t\t\t\t\t\t\t\t<\/div>\n\t\t\t\t<\/div>\n\t\t\t\t\t<\/div>\n\t\t<\/div>\n\t\t\t\t\t<\/div>\n\t\t<\/section>\n\t\t\t\t<section class=\"elementor-section elementor-top-section elementor-element elementor-element-620ea00 elementor-section-boxed elementor-section-height-default elementor-section-height-default\" data-id=\"620ea00\" data-element_type=\"section\" data-e-type=\"section\">\n\t\t\t\t\t\t<div class=\"elementor-container elementor-column-gap-default\">\n\t\t\t\t\t<div class=\"elementor-column elementor-col-100 elementor-top-column elementor-element elementor-element-c38d2ad\" data-id=\"c38d2ad\" data-element_type=\"column\" data-e-type=\"column\">\n\t\t\t<div class=\"elementor-widget-wrap elementor-element-populated\">\n\t\t\t\t\t\t<div class=\"elementor-element elementor-element-c6bd2d0 elementor-widget elementor-widget-text-editor\" data-id=\"c6bd2d0\" data-element_type=\"widget\" data-e-type=\"widget\" data-widget_type=\"text-editor.default\">\n\t\t\t\t<div class=\"elementor-widget-container\">\n\t\t\t\t\t\t\t\t\t<p>Konferencja inauguruj\u0105ca projekt odb\u0119dzie si\u0119 31 maja 2023 roku o godz. 10.00 w sali B0.38 w Uniwersytecie Otwartym U\u015a (Katowice, ul. Uniwersytecka 4). Wyk\u0142ad inauguracyjny pt. \u201eObraz Ukrainy i Ukrai\u0144c\u00f3w we wsp\u00f3\u0142czesnych polskich podr\u0119cznikach do historii\u201d wyg\u0142osi dr hab. Maciej Fic, prof. U\u015a.<\/p>\t\t\t\t\t\t\t\t<\/div>\n\t\t\t\t<\/div>\n\t\t\t\t\t<\/div>\n\t\t<\/div>\n\t\t\t\t\t<\/div>\n\t\t<\/section>\n\t\t\t\t<section class=\"elementor-section elementor-top-section elementor-element elementor-element-fe61b8a elementor-section-boxed elementor-section-height-default elementor-section-height-default\" data-id=\"fe61b8a\" data-element_type=\"section\" data-e-type=\"section\">\n\t\t\t\t\t\t<div class=\"elementor-container elementor-column-gap-default\">\n\t\t\t\t\t<div class=\"elementor-column elementor-col-100 elementor-top-column elementor-element elementor-element-f45e7d7\" data-id=\"f45e7d7\" data-element_type=\"column\" data-e-type=\"column\">\n\t\t\t<div class=\"elementor-widget-wrap elementor-element-populated\">\n\t\t\t\t\t\t<div class=\"elementor-element elementor-element-5eedb56 elementor-widget elementor-widget-gallery\" data-id=\"5eedb56\" data-element_type=\"widget\" data-e-type=\"widget\" data-settings=\"{&quot;lazyload&quot;:&quot;yes&quot;,&quot;gallery_layout&quot;:&quot;grid&quot;,&quot;columns&quot;:4,&quot;columns_tablet&quot;:2,&quot;columns_mobile&quot;:1,&quot;gap&quot;:{&quot;unit&quot;:&quot;px&quot;,&quot;size&quot;:10,&quot;sizes&quot;:[]},&quot;gap_tablet&quot;:{&quot;unit&quot;:&quot;px&quot;,&quot;size&quot;:10,&quot;sizes&quot;:[]},&quot;gap_mobile&quot;:{&quot;unit&quot;:&quot;px&quot;,&quot;size&quot;:10,&quot;sizes&quot;:[]},&quot;link_to&quot;:&quot;file&quot;,&quot;aspect_ratio&quot;:&quot;3:2&quot;,&quot;overlay_background&quot;:&quot;yes&quot;,&quot;content_hover_animation&quot;:&quot;fade-in&quot;}\" data-widget_type=\"gallery.default\">\n\t\t\t\t<div class=\"elementor-widget-container\">\n\t\t\t\t\t\t\t<div class=\"elementor-gallery__container\">\n\t\t\t\t\t\t\t<a class=\"e-gallery-item elementor-gallery-item elementor-animated-content\" href=\"https:\/\/uniwersytetotwarty.us.edu.pl\/nauczyciele-miedzy-kulturami\/wp-content\/uploads\/sites\/11\/2023\/10\/348574384_796380438677751_3407746470631142710_n.jpg\" data-elementor-open-lightbox=\"yes\" data-elementor-lightbox-slideshow=\"5eedb56\" data-elementor-lightbox-title=\"348574384_796380438677751_3407746470631142710_n\" data-e-action-hash=\"#elementor-action%3Aaction%3Dlightbox%26settings%3DeyJpZCI6MzIzLCJ1cmwiOiJodHRwczpcL1wvdW5pd2Vyc3l0ZXRvdHdhcnR5LnVzLmVkdS5wbFwvbmF1Y3p5Y2llbGUtbWllZHp5LWt1bHR1cmFtaVwvd3AtY29udGVudFwvdXBsb2Fkc1wvc2l0ZXNcLzExXC8yMDIzXC8xMFwvMzQ4NTc0Mzg0Xzc5NjM4MDQzODY3Nzc1MV8zNDA3NzQ2NDcwNjMxMTQyNzEwX24uanBnIiwic2xpZGVzaG93IjoiNWVlZGI1NiJ9\">\n\t\t\t\t\t<div class=\"e-gallery-image elementor-gallery-item__image\" data-thumbnail=\"https:\/\/uniwersytetotwarty.us.edu.pl\/nauczyciele-miedzy-kulturami\/wp-content\/uploads\/sites\/11\/2023\/10\/348574384_796380438677751_3407746470631142710_n-300x200.jpg\" data-width=\"300\" data-height=\"200\" aria-label=\"\" role=\"img\" ><\/div>\n\t\t\t\t\t\t\t\t\t\t\t<div class=\"elementor-gallery-item__overlay\"><\/div>\n\t\t\t\t\t\t\t\t\t\t\t\t\t\t<\/a>\n\t\t\t\t\t\t\t<a class=\"e-gallery-item elementor-gallery-item elementor-animated-content\" href=\"https:\/\/uniwersytetotwarty.us.edu.pl\/nauczyciele-miedzy-kulturami\/wp-content\/uploads\/sites\/11\/2023\/10\/347641184_648268237208372_8290654134762532388_n.jpg\" data-elementor-open-lightbox=\"yes\" data-elementor-lightbox-slideshow=\"5eedb56\" data-elementor-lightbox-title=\"347641184_648268237208372_8290654134762532388_n\" data-e-action-hash=\"#elementor-action%3Aaction%3Dlightbox%26settings%3DeyJpZCI6MzIyLCJ1cmwiOiJodHRwczpcL1wvdW5pd2Vyc3l0ZXRvdHdhcnR5LnVzLmVkdS5wbFwvbmF1Y3p5Y2llbGUtbWllZHp5LWt1bHR1cmFtaVwvd3AtY29udGVudFwvdXBsb2Fkc1wvc2l0ZXNcLzExXC8yMDIzXC8xMFwvMzQ3NjQxMTg0XzY0ODI2ODIzNzIwODM3Ml84MjkwNjU0MTM0NzYyNTMyMzg4X24uanBnIiwic2xpZGVzaG93IjoiNWVlZGI1NiJ9\">\n\t\t\t\t\t<div class=\"e-gallery-image elementor-gallery-item__image\" data-thumbnail=\"https:\/\/uniwersytetotwarty.us.edu.pl\/nauczyciele-miedzy-kulturami\/wp-content\/uploads\/sites\/11\/2023\/10\/347641184_648268237208372_8290654134762532388_n-300x200.jpg\" data-width=\"300\" data-height=\"200\" aria-label=\"\" role=\"img\" ><\/div>\n\t\t\t\t\t\t\t\t\t\t\t<div class=\"elementor-gallery-item__overlay\"><\/div>\n\t\t\t\t\t\t\t\t\t\t\t\t\t\t<\/a>\n\t\t\t\t\t\t\t<a class=\"e-gallery-item elementor-gallery-item elementor-animated-content\" href=\"https:\/\/uniwersytetotwarty.us.edu.pl\/nauczyciele-miedzy-kulturami\/wp-content\/uploads\/sites\/11\/2023\/10\/347583220_219680677543185_5730144360384742359_n.jpg\" data-elementor-open-lightbox=\"yes\" data-elementor-lightbox-slideshow=\"5eedb56\" data-elementor-lightbox-title=\"347583220_219680677543185_5730144360384742359_n\" data-e-action-hash=\"#elementor-action%3Aaction%3Dlightbox%26settings%3DeyJpZCI6MzIxLCJ1cmwiOiJodHRwczpcL1wvdW5pd2Vyc3l0ZXRvdHdhcnR5LnVzLmVkdS5wbFwvbmF1Y3p5Y2llbGUtbWllZHp5LWt1bHR1cmFtaVwvd3AtY29udGVudFwvdXBsb2Fkc1wvc2l0ZXNcLzExXC8yMDIzXC8xMFwvMzQ3NTgzMjIwXzIxOTY4MDY3NzU0MzE4NV81NzMwMTQ0MzYwMzg0NzQyMzU5X24uanBnIiwic2xpZGVzaG93IjoiNWVlZGI1NiJ9\">\n\t\t\t\t\t<div class=\"e-gallery-image elementor-gallery-item__image\" data-thumbnail=\"https:\/\/uniwersytetotwarty.us.edu.pl\/nauczyciele-miedzy-kulturami\/wp-content\/uploads\/sites\/11\/2023\/10\/347583220_219680677543185_5730144360384742359_n-300x200.jpg\" data-width=\"300\" data-height=\"200\" aria-label=\"\" role=\"img\" ><\/div>\n\t\t\t\t\t\t\t\t\t\t\t<div class=\"elementor-gallery-item__overlay\"><\/div>\n\t\t\t\t\t\t\t\t\t\t\t\t\t\t<\/a>\n\t\t\t\t\t\t\t<a class=\"e-gallery-item elementor-gallery-item elementor-animated-content\" href=\"https:\/\/uniwersytetotwarty.us.edu.pl\/nauczyciele-miedzy-kulturami\/wp-content\/uploads\/sites\/11\/2023\/10\/347403354_587172770225585_8727431735186143434_n.jpg\" data-elementor-open-lightbox=\"yes\" data-elementor-lightbox-slideshow=\"5eedb56\" data-elementor-lightbox-title=\"347403354_587172770225585_8727431735186143434_n\" data-e-action-hash=\"#elementor-action%3Aaction%3Dlightbox%26settings%3DeyJpZCI6MzIwLCJ1cmwiOiJodHRwczpcL1wvdW5pd2Vyc3l0ZXRvdHdhcnR5LnVzLmVkdS5wbFwvbmF1Y3p5Y2llbGUtbWllZHp5LWt1bHR1cmFtaVwvd3AtY29udGVudFwvdXBsb2Fkc1wvc2l0ZXNcLzExXC8yMDIzXC8xMFwvMzQ3NDAzMzU0XzU4NzE3Mjc3MDIyNTU4NV84NzI3NDMxNzM1MTg2MTQzNDM0X24uanBnIiwic2xpZGVzaG93IjoiNWVlZGI1NiJ9\">\n\t\t\t\t\t<div class=\"e-gallery-image elementor-gallery-item__image\" data-thumbnail=\"https:\/\/uniwersytetotwarty.us.edu.pl\/nauczyciele-miedzy-kulturami\/wp-content\/uploads\/sites\/11\/2023\/10\/347403354_587172770225585_8727431735186143434_n-300x200.jpg\" data-width=\"300\" data-height=\"200\" aria-label=\"\" role=\"img\" ><\/div>\n\t\t\t\t\t\t\t\t\t\t\t<div class=\"elementor-gallery-item__overlay\"><\/div>\n\t\t\t\t\t\t\t\t\t\t\t\t\t\t<\/a>\n\t\t\t\t\t<\/div>\n\t\t\t\t\t<\/div>\n\t\t\t\t<\/div>\n\t\t\t\t\t<\/div>\n\t\t<\/div>\n\t\t\t\t\t<\/div>\n\t\t<\/section>\n\t\t\t\t<\/div>\n\t\t","protected":false},"excerpt":{"rendered":"<p>\u201eEdukatorium historyczno-spo\u0142eczne\u201d jest wsp\u00f3lnym przedsi\u0119wzi\u0119ciem Uniwersytetu \u015al\u0105skiego (reprezentowanego przez Instytut Historii U\u015a) i Miasta Katowice. Jego realizacja mo\u017cliwa jest dzi\u0119ki wsparciu Funduszu Narod\u00f3w Zjednoczonych na Rzecz Dzieci (UNICEF). Projekt ma na celu podniesienie jako\u015bci nauczania przedmiot\u00f3w: historia, historia i tera\u017aniejszo\u015b\u0107 oraz wiedza o spo\u0142ecze\u0144stwie w katowickich szko\u0142ach podstawowych i ponadpodstawowych. Przygotowane przez ekspert\u00f3w materia\u0142y edukacyjne [&hellip;]<\/p>\n","protected":false},"author":5,"featured_media":0,"parent":0,"menu_order":0,"comment_status":"closed","ping_status":"closed","template":"","meta":{"footnotes":""},"class_list":["post-306","page","type-page","status-publish","hentry"],"yoast_head":"<!-- This site is optimized with the Yoast SEO plugin v27.4 - https:\/\/yoast.com\/product\/yoast-seo-wordpress\/ -->\n<title>Edukatorium historyczno-spo\u0142eczne - Nauczyciele miedzy kulturami<\/title>\n<meta name=\"robots\" content=\"index, follow, max-snippet:-1, max-image-preview:large, max-video-preview:-1\" \/>\n<link rel=\"canonical\" href=\"https:\/\/uniwersytetotwarty.us.edu.pl\/nauczyciele-miedzy-kulturami\/edukatorium-historyczno-spoleczne\/\" \/>\n<meta property=\"og:locale\" content=\"pl_PL\" \/>\n<meta property=\"og:type\" content=\"article\" \/>\n<meta property=\"og:title\" content=\"Edukatorium historyczno-spo\u0142eczne - Nauczyciele miedzy kulturami\" \/>\n<meta property=\"og:description\" content=\"\u201eEdukatorium historyczno-spo\u0142eczne\u201d jest wsp\u00f3lnym przedsi\u0119wzi\u0119ciem Uniwersytetu \u015al\u0105skiego (reprezentowanego przez Instytut Historii U\u015a) i Miasta Katowice. Jego realizacja mo\u017cliwa jest dzi\u0119ki wsparciu Funduszu Narod\u00f3w Zjednoczonych na Rzecz Dzieci (UNICEF). Projekt ma na celu podniesienie jako\u015bci nauczania przedmiot\u00f3w: historia, historia i tera\u017aniejszo\u015b\u0107 oraz wiedza o spo\u0142ecze\u0144stwie w katowickich szko\u0142ach podstawowych i ponadpodstawowych. Przygotowane przez ekspert\u00f3w materia\u0142y edukacyjne [&hellip;]\" \/>\n<meta property=\"og:url\" content=\"https:\/\/uniwersytetotwarty.us.edu.pl\/nauczyciele-miedzy-kulturami\/edukatorium-historyczno-spoleczne\/\" \/>\n<meta property=\"og:site_name\" content=\"Nauczyciele miedzy kulturami\" \/>\n<meta property=\"article:modified_time\" content=\"2023-10-31T12:58:02+00:00\" \/>\n<meta property=\"og:image\" content=\"https:\/\/uniwersytetotwarty.us.edu.pl\/nauczyciele-miedzy-kulturami\/wp-content\/uploads\/sites\/11\/2023\/10\/edukatorium55.jpg\" \/>\n<meta name=\"twitter:card\" content=\"summary_large_image\" \/>\n<meta name=\"twitter:label1\" content=\"Szacowany czas czytania\" \/>\n\t<meta name=\"twitter:data1\" content=\"3 minuty\" \/>\n<script type=\"application\/ld+json\" class=\"yoast-schema-graph\">{\"@context\":\"https:\\\/\\\/schema.org\",\"@graph\":[{\"@type\":\"WebPage\",\"@id\":\"https:\\\/\\\/uniwersytetotwarty.us.edu.pl\\\/nauczyciele-miedzy-kulturami\\\/edukatorium-historyczno-spoleczne\\\/\",\"url\":\"https:\\\/\\\/uniwersytetotwarty.us.edu.pl\\\/nauczyciele-miedzy-kulturami\\\/edukatorium-historyczno-spoleczne\\\/\",\"name\":\"Edukatorium historyczno-spo\u0142eczne - Nauczyciele miedzy kulturami\",\"isPartOf\":{\"@id\":\"https:\\\/\\\/uniwersytetotwarty.us.edu.pl\\\/nauczyciele-miedzy-kulturami\\\/#website\"},\"primaryImageOfPage\":{\"@id\":\"https:\\\/\\\/uniwersytetotwarty.us.edu.pl\\\/nauczyciele-miedzy-kulturami\\\/edukatorium-historyczno-spoleczne\\\/#primaryimage\"},\"image\":{\"@id\":\"https:\\\/\\\/uniwersytetotwarty.us.edu.pl\\\/nauczyciele-miedzy-kulturami\\\/edukatorium-historyczno-spoleczne\\\/#primaryimage\"},\"thumbnailUrl\":\"https:\\\/\\\/uniwersytetotwarty.us.edu.pl\\\/nauczyciele-miedzy-kulturami\\\/wp-content\\\/uploads\\\/sites\\\/11\\\/2023\\\/10\\\/edukatorium55.jpg\",\"datePublished\":\"2023-10-31T11:26:27+00:00\",\"dateModified\":\"2023-10-31T12:58:02+00:00\",\"breadcrumb\":{\"@id\":\"https:\\\/\\\/uniwersytetotwarty.us.edu.pl\\\/nauczyciele-miedzy-kulturami\\\/edukatorium-historyczno-spoleczne\\\/#breadcrumb\"},\"inLanguage\":\"pl-PL\",\"potentialAction\":[{\"@type\":\"ReadAction\",\"target\":[\"https:\\\/\\\/uniwersytetotwarty.us.edu.pl\\\/nauczyciele-miedzy-kulturami\\\/edukatorium-historyczno-spoleczne\\\/\"]}]},{\"@type\":\"ImageObject\",\"inLanguage\":\"pl-PL\",\"@id\":\"https:\\\/\\\/uniwersytetotwarty.us.edu.pl\\\/nauczyciele-miedzy-kulturami\\\/edukatorium-historyczno-spoleczne\\\/#primaryimage\",\"url\":\"https:\\\/\\\/uniwersytetotwarty.us.edu.pl\\\/nauczyciele-miedzy-kulturami\\\/wp-content\\\/uploads\\\/sites\\\/11\\\/2023\\\/10\\\/edukatorium55.jpg\",\"contentUrl\":\"https:\\\/\\\/uniwersytetotwarty.us.edu.pl\\\/nauczyciele-miedzy-kulturami\\\/wp-content\\\/uploads\\\/sites\\\/11\\\/2023\\\/10\\\/edukatorium55.jpg\",\"width\":800,\"height\":800,\"caption\":\"grafika edukatorium historyczno-spo\u0142ecznego\"},{\"@type\":\"BreadcrumbList\",\"@id\":\"https:\\\/\\\/uniwersytetotwarty.us.edu.pl\\\/nauczyciele-miedzy-kulturami\\\/edukatorium-historyczno-spoleczne\\\/#breadcrumb\",\"itemListElement\":[{\"@type\":\"ListItem\",\"position\":1,\"name\":\"Nauczyciele miedzy kulturami\",\"item\":\"https:\\\/\\\/uniwersytetotwarty.us.edu.pl\\\/nauczyciele-miedzy-kulturami\\\/\"},{\"@type\":\"ListItem\",\"position\":2,\"name\":\"Edukatorium historyczno-spo\u0142eczne\"}]},{\"@type\":\"WebSite\",\"@id\":\"https:\\\/\\\/uniwersytetotwarty.us.edu.pl\\\/nauczyciele-miedzy-kulturami\\\/#website\",\"url\":\"https:\\\/\\\/uniwersytetotwarty.us.edu.pl\\\/nauczyciele-miedzy-kulturami\\\/\",\"name\":\"Nauczyciele miedzy kulturami\",\"description\":\"\",\"publisher\":{\"@id\":\"https:\\\/\\\/uniwersytetotwarty.us.edu.pl\\\/nauczyciele-miedzy-kulturami\\\/#organization\"},\"potentialAction\":[{\"@type\":\"SearchAction\",\"target\":{\"@type\":\"EntryPoint\",\"urlTemplate\":\"https:\\\/\\\/uniwersytetotwarty.us.edu.pl\\\/nauczyciele-miedzy-kulturami\\\/?s={search_term_string}\"},\"query-input\":{\"@type\":\"PropertyValueSpecification\",\"valueRequired\":true,\"valueName\":\"search_term_string\"}}],\"inLanguage\":\"pl-PL\"},{\"@type\":\"Organization\",\"@id\":\"https:\\\/\\\/uniwersytetotwarty.us.edu.pl\\\/nauczyciele-miedzy-kulturami\\\/#organization\",\"name\":\"Uniwersytet \u015al\u0105ski\",\"url\":\"https:\\\/\\\/uniwersytetotwarty.us.edu.pl\\\/nauczyciele-miedzy-kulturami\\\/\",\"logo\":{\"@type\":\"ImageObject\",\"inLanguage\":\"pl-PL\",\"@id\":\"https:\\\/\\\/uniwersytetotwarty.us.edu.pl\\\/nauczyciele-miedzy-kulturami\\\/#\\\/schema\\\/logo\\\/image\\\/\",\"url\":\"https:\\\/\\\/uniwersytetotwarty.us.edu.pl\\\/nauczyciele-miedzy-kulturami\\\/wp-content\\\/uploads\\\/sites\\\/11\\\/2023\\\/10\\\/logo-1.svg\",\"contentUrl\":\"https:\\\/\\\/uniwersytetotwarty.us.edu.pl\\\/nauczyciele-miedzy-kulturami\\\/wp-content\\\/uploads\\\/sites\\\/11\\\/2023\\\/10\\\/logo-1.svg\",\"width\":414,\"height\":71,\"caption\":\"Uniwersytet \u015al\u0105ski\"},\"image\":{\"@id\":\"https:\\\/\\\/uniwersytetotwarty.us.edu.pl\\\/nauczyciele-miedzy-kulturami\\\/#\\\/schema\\\/logo\\\/image\\\/\"}}]}<\/script>\n<!-- \/ Yoast SEO plugin. -->","yoast_head_json":{"title":"Edukatorium historyczno-spo\u0142eczne - Nauczyciele miedzy kulturami","robots":{"index":"index","follow":"follow","max-snippet":"max-snippet:-1","max-image-preview":"max-image-preview:large","max-video-preview":"max-video-preview:-1"},"canonical":"https:\/\/uniwersytetotwarty.us.edu.pl\/nauczyciele-miedzy-kulturami\/edukatorium-historyczno-spoleczne\/","og_locale":"pl_PL","og_type":"article","og_title":"Edukatorium historyczno-spo\u0142eczne - Nauczyciele miedzy kulturami","og_description":"\u201eEdukatorium historyczno-spo\u0142eczne\u201d jest wsp\u00f3lnym przedsi\u0119wzi\u0119ciem Uniwersytetu \u015al\u0105skiego (reprezentowanego przez Instytut Historii U\u015a) i Miasta Katowice. Jego realizacja mo\u017cliwa jest dzi\u0119ki wsparciu Funduszu Narod\u00f3w Zjednoczonych na Rzecz Dzieci (UNICEF). Projekt ma na celu podniesienie jako\u015bci nauczania przedmiot\u00f3w: historia, historia i tera\u017aniejszo\u015b\u0107 oraz wiedza o spo\u0142ecze\u0144stwie w katowickich szko\u0142ach podstawowych i ponadpodstawowych. Przygotowane przez ekspert\u00f3w materia\u0142y edukacyjne [&hellip;]","og_url":"https:\/\/uniwersytetotwarty.us.edu.pl\/nauczyciele-miedzy-kulturami\/edukatorium-historyczno-spoleczne\/","og_site_name":"Nauczyciele miedzy kulturami","article_modified_time":"2023-10-31T12:58:02+00:00","og_image":[{"url":"https:\/\/uniwersytetotwarty.us.edu.pl\/nauczyciele-miedzy-kulturami\/wp-content\/uploads\/sites\/11\/2023\/10\/edukatorium55.jpg","type":"","width":"","height":""}],"twitter_card":"summary_large_image","twitter_misc":{"Szacowany czas czytania":"3 minuty"},"schema":{"@context":"https:\/\/schema.org","@graph":[{"@type":"WebPage","@id":"https:\/\/uniwersytetotwarty.us.edu.pl\/nauczyciele-miedzy-kulturami\/edukatorium-historyczno-spoleczne\/","url":"https:\/\/uniwersytetotwarty.us.edu.pl\/nauczyciele-miedzy-kulturami\/edukatorium-historyczno-spoleczne\/","name":"Edukatorium historyczno-spo\u0142eczne - Nauczyciele miedzy kulturami","isPartOf":{"@id":"https:\/\/uniwersytetotwarty.us.edu.pl\/nauczyciele-miedzy-kulturami\/#website"},"primaryImageOfPage":{"@id":"https:\/\/uniwersytetotwarty.us.edu.pl\/nauczyciele-miedzy-kulturami\/edukatorium-historyczno-spoleczne\/#primaryimage"},"image":{"@id":"https:\/\/uniwersytetotwarty.us.edu.pl\/nauczyciele-miedzy-kulturami\/edukatorium-historyczno-spoleczne\/#primaryimage"},"thumbnailUrl":"https:\/\/uniwersytetotwarty.us.edu.pl\/nauczyciele-miedzy-kulturami\/wp-content\/uploads\/sites\/11\/2023\/10\/edukatorium55.jpg","datePublished":"2023-10-31T11:26:27+00:00","dateModified":"2023-10-31T12:58:02+00:00","breadcrumb":{"@id":"https:\/\/uniwersytetotwarty.us.edu.pl\/nauczyciele-miedzy-kulturami\/edukatorium-historyczno-spoleczne\/#breadcrumb"},"inLanguage":"pl-PL","potentialAction":[{"@type":"ReadAction","target":["https:\/\/uniwersytetotwarty.us.edu.pl\/nauczyciele-miedzy-kulturami\/edukatorium-historyczno-spoleczne\/"]}]},{"@type":"ImageObject","inLanguage":"pl-PL","@id":"https:\/\/uniwersytetotwarty.us.edu.pl\/nauczyciele-miedzy-kulturami\/edukatorium-historyczno-spoleczne\/#primaryimage","url":"https:\/\/uniwersytetotwarty.us.edu.pl\/nauczyciele-miedzy-kulturami\/wp-content\/uploads\/sites\/11\/2023\/10\/edukatorium55.jpg","contentUrl":"https:\/\/uniwersytetotwarty.us.edu.pl\/nauczyciele-miedzy-kulturami\/wp-content\/uploads\/sites\/11\/2023\/10\/edukatorium55.jpg","width":800,"height":800,"caption":"grafika edukatorium historyczno-spo\u0142ecznego"},{"@type":"BreadcrumbList","@id":"https:\/\/uniwersytetotwarty.us.edu.pl\/nauczyciele-miedzy-kulturami\/edukatorium-historyczno-spoleczne\/#breadcrumb","itemListElement":[{"@type":"ListItem","position":1,"name":"Nauczyciele miedzy kulturami","item":"https:\/\/uniwersytetotwarty.us.edu.pl\/nauczyciele-miedzy-kulturami\/"},{"@type":"ListItem","position":2,"name":"Edukatorium historyczno-spo\u0142eczne"}]},{"@type":"WebSite","@id":"https:\/\/uniwersytetotwarty.us.edu.pl\/nauczyciele-miedzy-kulturami\/#website","url":"https:\/\/uniwersytetotwarty.us.edu.pl\/nauczyciele-miedzy-kulturami\/","name":"Nauczyciele miedzy kulturami","description":"","publisher":{"@id":"https:\/\/uniwersytetotwarty.us.edu.pl\/nauczyciele-miedzy-kulturami\/#organization"},"potentialAction":[{"@type":"SearchAction","target":{"@type":"EntryPoint","urlTemplate":"https:\/\/uniwersytetotwarty.us.edu.pl\/nauczyciele-miedzy-kulturami\/?s={search_term_string}"},"query-input":{"@type":"PropertyValueSpecification","valueRequired":true,"valueName":"search_term_string"}}],"inLanguage":"pl-PL"},{"@type":"Organization","@id":"https:\/\/uniwersytetotwarty.us.edu.pl\/nauczyciele-miedzy-kulturami\/#organization","name":"Uniwersytet \u015al\u0105ski","url":"https:\/\/uniwersytetotwarty.us.edu.pl\/nauczyciele-miedzy-kulturami\/","logo":{"@type":"ImageObject","inLanguage":"pl-PL","@id":"https:\/\/uniwersytetotwarty.us.edu.pl\/nauczyciele-miedzy-kulturami\/#\/schema\/logo\/image\/","url":"https:\/\/uniwersytetotwarty.us.edu.pl\/nauczyciele-miedzy-kulturami\/wp-content\/uploads\/sites\/11\/2023\/10\/logo-1.svg","contentUrl":"https:\/\/uniwersytetotwarty.us.edu.pl\/nauczyciele-miedzy-kulturami\/wp-content\/uploads\/sites\/11\/2023\/10\/logo-1.svg","width":414,"height":71,"caption":"Uniwersytet \u015al\u0105ski"},"image":{"@id":"https:\/\/uniwersytetotwarty.us.edu.pl\/nauczyciele-miedzy-kulturami\/#\/schema\/logo\/image\/"}}]}},"_links":{"self":[{"href":"https:\/\/uniwersytetotwarty.us.edu.pl\/nauczyciele-miedzy-kulturami\/wp-json\/wp\/v2\/pages\/306","targetHints":{"allow":["GET"]}}],"collection":[{"href":"https:\/\/uniwersytetotwarty.us.edu.pl\/nauczyciele-miedzy-kulturami\/wp-json\/wp\/v2\/pages"}],"about":[{"href":"https:\/\/uniwersytetotwarty.us.edu.pl\/nauczyciele-miedzy-kulturami\/wp-json\/wp\/v2\/types\/page"}],"author":[{"embeddable":true,"href":"https:\/\/uniwersytetotwarty.us.edu.pl\/nauczyciele-miedzy-kulturami\/wp-json\/wp\/v2\/users\/5"}],"replies":[{"embeddable":true,"href":"https:\/\/uniwersytetotwarty.us.edu.pl\/nauczyciele-miedzy-kulturami\/wp-json\/wp\/v2\/comments?post=306"}],"version-history":[{"count":7,"href":"https:\/\/uniwersytetotwarty.us.edu.pl\/nauczyciele-miedzy-kulturami\/wp-json\/wp\/v2\/pages\/306\/revisions"}],"predecessor-version":[{"id":328,"href":"https:\/\/uniwersytetotwarty.us.edu.pl\/nauczyciele-miedzy-kulturami\/wp-json\/wp\/v2\/pages\/306\/revisions\/328"}],"wp:attachment":[{"href":"https:\/\/uniwersytetotwarty.us.edu.pl\/nauczyciele-miedzy-kulturami\/wp-json\/wp\/v2\/media?parent=306"}],"curies":[{"name":"wp","href":"https:\/\/api.w.org\/{rel}","templated":true}]}}