{"id":148,"date":"2023-10-26T16:48:32","date_gmt":"2023-10-26T14:48:32","guid":{"rendered":"https:\/\/uniwersytetotwarty.us.edu.pl\/nauczyciele-miedzy-kulturami\/?page_id=148"},"modified":"2023-10-26T16:53:14","modified_gmt":"2023-10-26T14:53:14","slug":"o-projekcie","status":"publish","type":"page","link":"https:\/\/uniwersytetotwarty.us.edu.pl\/nauczyciele-miedzy-kulturami\/o-projekcie\/","title":{"rendered":"O projekcie"},"content":{"rendered":"\t\t<div data-elementor-type=\"wp-page\" data-elementor-id=\"148\" class=\"elementor elementor-148\" data-elementor-post-type=\"page\">\n\t\t\t\t\t\t<section class=\"elementor-section elementor-top-section elementor-element elementor-element-0f611ab elementor-section-boxed elementor-section-height-default elementor-section-height-default\" data-id=\"0f611ab\" data-element_type=\"section\" data-e-type=\"section\">\n\t\t\t\t\t\t<div class=\"elementor-container elementor-column-gap-default\">\n\t\t\t\t\t<div class=\"elementor-column elementor-col-100 elementor-top-column elementor-element elementor-element-cedaa11\" data-id=\"cedaa11\" data-element_type=\"column\" data-e-type=\"column\">\n\t\t\t<div class=\"elementor-widget-wrap elementor-element-populated\">\n\t\t\t\t\t\t<div class=\"elementor-element elementor-element-7174983 elementor-widget elementor-widget-text-editor\" data-id=\"7174983\" data-element_type=\"widget\" data-e-type=\"widget\" data-widget_type=\"text-editor.default\">\n\t\t\t\t<div class=\"elementor-widget-container\">\n\t\t\t\t\t\t\t\t\t<p>Rosyjska inwazja w Ukrainie doprowadzi\u0142a do ogromnego kryzysu uchod\u017aczego w Europie, jednego z najwi\u0119kszych od czasu zako\u0144czenia II wojny \u015bwiatowej. W wyniku rosyjskiej agresji wielu mieszka\u0144c\u00f3w Ukrainy, zw\u0142aszcza kobiet i dzieci, zmuszonych by\u0142o szuka\u0107 schronienia w innych krajach, w tym w Polsce. W zaistnia\u0142ej sytuacji polskie plac\u00f3wki edukacyjne zosta\u0142y zobowi\u0105zane do zapewnienia opieki i wsparcia dzieciom i m\u0142odzie\u017cy z do\u015bwiadczeniem uchod\u017aczym i migracyjnym. Z wielkim uznaniem obserwowali\u015bmy zaanga\u017cowanie Dyrektorek i Dyrektor\u00f3w oraz Nauczycielek i Nauczycieli na rzecz szybkiej aklimatyzacji dzieci i m\u0142odzie\u017cy z Ukrainy w nowym \u015brodowisku szkolnym, a tak\u017ce zapewnienia im warunk\u00f3w stabilnego rozwoju i edukacji.<\/p><p>\u00a0<\/p><p>Uniwersytet \u015al\u0105ski wraz z Miastem Katowice i Funduszem Narod\u00f3w Zjednoczonych na Rzecz Dzieci \u2013 UNICEF opracowali projekt pn. Nauczyciele i Nauczycielki mi\u0119dzy kulturami. W ramach projektu podj\u0119ty zosta\u0142 szereg dzia\u0142a\u0144 maj\u0105cych na celu wzmocnienie kompetencji psychologiczno-metodycznych nauczycieli z katowickich szk\u00f3\u0142 i przedszkoli (wspieranie os\u00f3b ucz\u0105cych wielokulturowe zespo\u0142y klasowe), a w efekcie oferowanie najlepszej jako\u015bci edukacji oraz wsparcie osobom z do\u015bwiadczeniem uchod\u017aczym, kt\u00f3re do\u0142\u0105czy\u0142y do naszych szk\u00f3\u0142 i przedszkoli.<\/p>\t\t\t\t\t\t\t\t<\/div>\n\t\t\t\t<\/div>\n\t\t\t\t\t<\/div>\n\t\t<\/div>\n\t\t\t\t\t<\/div>\n\t\t<\/section>\n\t\t\t\t<section class=\"elementor-section elementor-top-section elementor-element elementor-element-fd9bfe3 elementor-section-boxed elementor-section-height-default elementor-section-height-default\" data-id=\"fd9bfe3\" data-element_type=\"section\" data-e-type=\"section\">\n\t\t\t\t\t\t<div class=\"elementor-container elementor-column-gap-default\">\n\t\t\t\t\t<div class=\"elementor-column elementor-col-100 elementor-top-column elementor-element elementor-element-f1fc624\" data-id=\"f1fc624\" data-element_type=\"column\" data-e-type=\"column\">\n\t\t\t<div class=\"elementor-widget-wrap elementor-element-populated\">\n\t\t\t\t\t\t<div class=\"elementor-element elementor-element-6554320 elementor-widget elementor-widget-image\" data-id=\"6554320\" data-element_type=\"widget\" data-e-type=\"widget\" data-widget_type=\"image.default\">\n\t\t\t\t<div class=\"elementor-widget-container\">\n\t\t\t\t\t\t\t\t\t\t\t\t\t\t\t<img fetchpriority=\"high\" decoding=\"async\" width=\"800\" height=\"95\" src=\"https:\/\/uniwersytetotwarty.us.edu.pl\/nauczyciele-miedzy-kulturami\/wp-content\/uploads\/sites\/11\/2023\/10\/UNICEF-pasek-z-logotypami-1024x122.jpg\" class=\"attachment-large size-large wp-image-156\" alt=\"\" srcset=\"https:\/\/uniwersytetotwarty.us.edu.pl\/nauczyciele-miedzy-kulturami\/wp-content\/uploads\/sites\/11\/2023\/10\/UNICEF-pasek-z-logotypami-1024x122.jpg 1024w, https:\/\/uniwersytetotwarty.us.edu.pl\/nauczyciele-miedzy-kulturami\/wp-content\/uploads\/sites\/11\/2023\/10\/UNICEF-pasek-z-logotypami-300x36.jpg 300w, https:\/\/uniwersytetotwarty.us.edu.pl\/nauczyciele-miedzy-kulturami\/wp-content\/uploads\/sites\/11\/2023\/10\/UNICEF-pasek-z-logotypami-768x92.jpg 768w, https:\/\/uniwersytetotwarty.us.edu.pl\/nauczyciele-miedzy-kulturami\/wp-content\/uploads\/sites\/11\/2023\/10\/UNICEF-pasek-z-logotypami-1536x183.jpg 1536w, https:\/\/uniwersytetotwarty.us.edu.pl\/nauczyciele-miedzy-kulturami\/wp-content\/uploads\/sites\/11\/2023\/10\/UNICEF-pasek-z-logotypami-2048x245.jpg 2048w\" sizes=\"(max-width: 800px) 100vw, 800px\" \/>\t\t\t\t\t\t\t\t\t\t\t\t\t\t\t<\/div>\n\t\t\t\t<\/div>\n\t\t\t\t\t<\/div>\n\t\t<\/div>\n\t\t\t\t\t<\/div>\n\t\t<\/section>\n\t\t\t\t<\/div>\n\t\t","protected":false},"excerpt":{"rendered":"<p>Rosyjska inwazja w Ukrainie doprowadzi\u0142a do ogromnego kryzysu uchod\u017aczego w Europie, jednego z najwi\u0119kszych od czasu zako\u0144czenia II wojny \u015bwiatowej. W wyniku rosyjskiej agresji wielu mieszka\u0144c\u00f3w Ukrainy, zw\u0142aszcza kobiet i dzieci, zmuszonych by\u0142o szuka\u0107 schronienia w innych krajach, w tym w Polsce. W zaistnia\u0142ej sytuacji polskie plac\u00f3wki edukacyjne zosta\u0142y zobowi\u0105zane do zapewnienia opieki i wsparcia [&hellip;]<\/p>\n","protected":false},"author":5,"featured_media":0,"parent":0,"menu_order":0,"comment_status":"closed","ping_status":"closed","template":"","meta":{"footnotes":""},"class_list":["post-148","page","type-page","status-publish","hentry"],"yoast_head":"<!-- This site is optimized with the Yoast SEO plugin v27.4 - https:\/\/yoast.com\/product\/yoast-seo-wordpress\/ -->\n<title>O projekcie - Nauczyciele miedzy kulturami<\/title>\n<meta name=\"robots\" content=\"index, follow, max-snippet:-1, max-image-preview:large, max-video-preview:-1\" \/>\n<link rel=\"canonical\" href=\"https:\/\/uniwersytetotwarty.us.edu.pl\/nauczyciele-miedzy-kulturami\/o-projekcie\/\" \/>\n<meta property=\"og:locale\" content=\"pl_PL\" \/>\n<meta property=\"og:type\" content=\"article\" \/>\n<meta property=\"og:title\" content=\"O projekcie - Nauczyciele miedzy kulturami\" \/>\n<meta property=\"og:description\" content=\"Rosyjska inwazja w Ukrainie doprowadzi\u0142a do ogromnego kryzysu uchod\u017aczego w Europie, jednego z najwi\u0119kszych od czasu zako\u0144czenia II wojny \u015bwiatowej. W wyniku rosyjskiej agresji wielu mieszka\u0144c\u00f3w Ukrainy, zw\u0142aszcza kobiet i dzieci, zmuszonych by\u0142o szuka\u0107 schronienia w innych krajach, w tym w Polsce. W zaistnia\u0142ej sytuacji polskie plac\u00f3wki edukacyjne zosta\u0142y zobowi\u0105zane do zapewnienia opieki i wsparcia [&hellip;]\" \/>\n<meta property=\"og:url\" content=\"https:\/\/uniwersytetotwarty.us.edu.pl\/nauczyciele-miedzy-kulturami\/o-projekcie\/\" \/>\n<meta property=\"og:site_name\" content=\"Nauczyciele miedzy kulturami\" \/>\n<meta property=\"article:modified_time\" content=\"2023-10-26T14:53:14+00:00\" \/>\n<meta property=\"og:image\" content=\"https:\/\/uniwersytetotwarty.us.edu.pl\/nauczyciele-miedzy-kulturami\/wp-content\/uploads\/sites\/11\/2023\/10\/UNICEF-pasek-z-logotypami-1024x122.jpg\" \/>\n<meta name=\"twitter:card\" content=\"summary_large_image\" \/>\n<meta name=\"twitter:label1\" content=\"Szacowany czas czytania\" \/>\n\t<meta name=\"twitter:data1\" content=\"1 minuta\" \/>\n<script type=\"application\/ld+json\" class=\"yoast-schema-graph\">{\"@context\":\"https:\\\/\\\/schema.org\",\"@graph\":[{\"@type\":\"WebPage\",\"@id\":\"https:\\\/\\\/uniwersytetotwarty.us.edu.pl\\\/nauczyciele-miedzy-kulturami\\\/o-projekcie\\\/\",\"url\":\"https:\\\/\\\/uniwersytetotwarty.us.edu.pl\\\/nauczyciele-miedzy-kulturami\\\/o-projekcie\\\/\",\"name\":\"O projekcie - Nauczyciele miedzy kulturami\",\"isPartOf\":{\"@id\":\"https:\\\/\\\/uniwersytetotwarty.us.edu.pl\\\/nauczyciele-miedzy-kulturami\\\/#website\"},\"primaryImageOfPage\":{\"@id\":\"https:\\\/\\\/uniwersytetotwarty.us.edu.pl\\\/nauczyciele-miedzy-kulturami\\\/o-projekcie\\\/#primaryimage\"},\"image\":{\"@id\":\"https:\\\/\\\/uniwersytetotwarty.us.edu.pl\\\/nauczyciele-miedzy-kulturami\\\/o-projekcie\\\/#primaryimage\"},\"thumbnailUrl\":\"https:\\\/\\\/uniwersytetotwarty.us.edu.pl\\\/nauczyciele-miedzy-kulturami\\\/wp-content\\\/uploads\\\/sites\\\/11\\\/2023\\\/10\\\/UNICEF-pasek-z-logotypami-1024x122.jpg\",\"datePublished\":\"2023-10-26T14:48:32+00:00\",\"dateModified\":\"2023-10-26T14:53:14+00:00\",\"breadcrumb\":{\"@id\":\"https:\\\/\\\/uniwersytetotwarty.us.edu.pl\\\/nauczyciele-miedzy-kulturami\\\/o-projekcie\\\/#breadcrumb\"},\"inLanguage\":\"pl-PL\",\"potentialAction\":[{\"@type\":\"ReadAction\",\"target\":[\"https:\\\/\\\/uniwersytetotwarty.us.edu.pl\\\/nauczyciele-miedzy-kulturami\\\/o-projekcie\\\/\"]}]},{\"@type\":\"ImageObject\",\"inLanguage\":\"pl-PL\",\"@id\":\"https:\\\/\\\/uniwersytetotwarty.us.edu.pl\\\/nauczyciele-miedzy-kulturami\\\/o-projekcie\\\/#primaryimage\",\"url\":\"https:\\\/\\\/uniwersytetotwarty.us.edu.pl\\\/nauczyciele-miedzy-kulturami\\\/wp-content\\\/uploads\\\/sites\\\/11\\\/2023\\\/10\\\/UNICEF-pasek-z-logotypami.jpg\",\"contentUrl\":\"https:\\\/\\\/uniwersytetotwarty.us.edu.pl\\\/nauczyciele-miedzy-kulturami\\\/wp-content\\\/uploads\\\/sites\\\/11\\\/2023\\\/10\\\/UNICEF-pasek-z-logotypami.jpg\",\"width\":2194,\"height\":262},{\"@type\":\"BreadcrumbList\",\"@id\":\"https:\\\/\\\/uniwersytetotwarty.us.edu.pl\\\/nauczyciele-miedzy-kulturami\\\/o-projekcie\\\/#breadcrumb\",\"itemListElement\":[{\"@type\":\"ListItem\",\"position\":1,\"name\":\"Nauczyciele miedzy kulturami\",\"item\":\"https:\\\/\\\/uniwersytetotwarty.us.edu.pl\\\/nauczyciele-miedzy-kulturami\\\/\"},{\"@type\":\"ListItem\",\"position\":2,\"name\":\"O projekcie\"}]},{\"@type\":\"WebSite\",\"@id\":\"https:\\\/\\\/uniwersytetotwarty.us.edu.pl\\\/nauczyciele-miedzy-kulturami\\\/#website\",\"url\":\"https:\\\/\\\/uniwersytetotwarty.us.edu.pl\\\/nauczyciele-miedzy-kulturami\\\/\",\"name\":\"Nauczyciele miedzy kulturami\",\"description\":\"\",\"publisher\":{\"@id\":\"https:\\\/\\\/uniwersytetotwarty.us.edu.pl\\\/nauczyciele-miedzy-kulturami\\\/#organization\"},\"potentialAction\":[{\"@type\":\"SearchAction\",\"target\":{\"@type\":\"EntryPoint\",\"urlTemplate\":\"https:\\\/\\\/uniwersytetotwarty.us.edu.pl\\\/nauczyciele-miedzy-kulturami\\\/?s={search_term_string}\"},\"query-input\":{\"@type\":\"PropertyValueSpecification\",\"valueRequired\":true,\"valueName\":\"search_term_string\"}}],\"inLanguage\":\"pl-PL\"},{\"@type\":\"Organization\",\"@id\":\"https:\\\/\\\/uniwersytetotwarty.us.edu.pl\\\/nauczyciele-miedzy-kulturami\\\/#organization\",\"name\":\"Uniwersytet \u015al\u0105ski\",\"url\":\"https:\\\/\\\/uniwersytetotwarty.us.edu.pl\\\/nauczyciele-miedzy-kulturami\\\/\",\"logo\":{\"@type\":\"ImageObject\",\"inLanguage\":\"pl-PL\",\"@id\":\"https:\\\/\\\/uniwersytetotwarty.us.edu.pl\\\/nauczyciele-miedzy-kulturami\\\/#\\\/schema\\\/logo\\\/image\\\/\",\"url\":\"https:\\\/\\\/uniwersytetotwarty.us.edu.pl\\\/nauczyciele-miedzy-kulturami\\\/wp-content\\\/uploads\\\/sites\\\/11\\\/2023\\\/10\\\/logo-1.svg\",\"contentUrl\":\"https:\\\/\\\/uniwersytetotwarty.us.edu.pl\\\/nauczyciele-miedzy-kulturami\\\/wp-content\\\/uploads\\\/sites\\\/11\\\/2023\\\/10\\\/logo-1.svg\",\"width\":414,\"height\":71,\"caption\":\"Uniwersytet \u015al\u0105ski\"},\"image\":{\"@id\":\"https:\\\/\\\/uniwersytetotwarty.us.edu.pl\\\/nauczyciele-miedzy-kulturami\\\/#\\\/schema\\\/logo\\\/image\\\/\"}}]}<\/script>\n<!-- \/ Yoast SEO plugin. -->","yoast_head_json":{"title":"O projekcie - Nauczyciele miedzy kulturami","robots":{"index":"index","follow":"follow","max-snippet":"max-snippet:-1","max-image-preview":"max-image-preview:large","max-video-preview":"max-video-preview:-1"},"canonical":"https:\/\/uniwersytetotwarty.us.edu.pl\/nauczyciele-miedzy-kulturami\/o-projekcie\/","og_locale":"pl_PL","og_type":"article","og_title":"O projekcie - Nauczyciele miedzy kulturami","og_description":"Rosyjska inwazja w Ukrainie doprowadzi\u0142a do ogromnego kryzysu uchod\u017aczego w Europie, jednego z najwi\u0119kszych od czasu zako\u0144czenia II wojny \u015bwiatowej. W wyniku rosyjskiej agresji wielu mieszka\u0144c\u00f3w Ukrainy, zw\u0142aszcza kobiet i dzieci, zmuszonych by\u0142o szuka\u0107 schronienia w innych krajach, w tym w Polsce. W zaistnia\u0142ej sytuacji polskie plac\u00f3wki edukacyjne zosta\u0142y zobowi\u0105zane do zapewnienia opieki i wsparcia [&hellip;]","og_url":"https:\/\/uniwersytetotwarty.us.edu.pl\/nauczyciele-miedzy-kulturami\/o-projekcie\/","og_site_name":"Nauczyciele miedzy kulturami","article_modified_time":"2023-10-26T14:53:14+00:00","og_image":[{"url":"https:\/\/uniwersytetotwarty.us.edu.pl\/nauczyciele-miedzy-kulturami\/wp-content\/uploads\/sites\/11\/2023\/10\/UNICEF-pasek-z-logotypami-1024x122.jpg","type":"","width":"","height":""}],"twitter_card":"summary_large_image","twitter_misc":{"Szacowany czas czytania":"1 minuta"},"schema":{"@context":"https:\/\/schema.org","@graph":[{"@type":"WebPage","@id":"https:\/\/uniwersytetotwarty.us.edu.pl\/nauczyciele-miedzy-kulturami\/o-projekcie\/","url":"https:\/\/uniwersytetotwarty.us.edu.pl\/nauczyciele-miedzy-kulturami\/o-projekcie\/","name":"O projekcie - Nauczyciele miedzy kulturami","isPartOf":{"@id":"https:\/\/uniwersytetotwarty.us.edu.pl\/nauczyciele-miedzy-kulturami\/#website"},"primaryImageOfPage":{"@id":"https:\/\/uniwersytetotwarty.us.edu.pl\/nauczyciele-miedzy-kulturami\/o-projekcie\/#primaryimage"},"image":{"@id":"https:\/\/uniwersytetotwarty.us.edu.pl\/nauczyciele-miedzy-kulturami\/o-projekcie\/#primaryimage"},"thumbnailUrl":"https:\/\/uniwersytetotwarty.us.edu.pl\/nauczyciele-miedzy-kulturami\/wp-content\/uploads\/sites\/11\/2023\/10\/UNICEF-pasek-z-logotypami-1024x122.jpg","datePublished":"2023-10-26T14:48:32+00:00","dateModified":"2023-10-26T14:53:14+00:00","breadcrumb":{"@id":"https:\/\/uniwersytetotwarty.us.edu.pl\/nauczyciele-miedzy-kulturami\/o-projekcie\/#breadcrumb"},"inLanguage":"pl-PL","potentialAction":[{"@type":"ReadAction","target":["https:\/\/uniwersytetotwarty.us.edu.pl\/nauczyciele-miedzy-kulturami\/o-projekcie\/"]}]},{"@type":"ImageObject","inLanguage":"pl-PL","@id":"https:\/\/uniwersytetotwarty.us.edu.pl\/nauczyciele-miedzy-kulturami\/o-projekcie\/#primaryimage","url":"https:\/\/uniwersytetotwarty.us.edu.pl\/nauczyciele-miedzy-kulturami\/wp-content\/uploads\/sites\/11\/2023\/10\/UNICEF-pasek-z-logotypami.jpg","contentUrl":"https:\/\/uniwersytetotwarty.us.edu.pl\/nauczyciele-miedzy-kulturami\/wp-content\/uploads\/sites\/11\/2023\/10\/UNICEF-pasek-z-logotypami.jpg","width":2194,"height":262},{"@type":"BreadcrumbList","@id":"https:\/\/uniwersytetotwarty.us.edu.pl\/nauczyciele-miedzy-kulturami\/o-projekcie\/#breadcrumb","itemListElement":[{"@type":"ListItem","position":1,"name":"Nauczyciele miedzy kulturami","item":"https:\/\/uniwersytetotwarty.us.edu.pl\/nauczyciele-miedzy-kulturami\/"},{"@type":"ListItem","position":2,"name":"O projekcie"}]},{"@type":"WebSite","@id":"https:\/\/uniwersytetotwarty.us.edu.pl\/nauczyciele-miedzy-kulturami\/#website","url":"https:\/\/uniwersytetotwarty.us.edu.pl\/nauczyciele-miedzy-kulturami\/","name":"Nauczyciele miedzy kulturami","description":"","publisher":{"@id":"https:\/\/uniwersytetotwarty.us.edu.pl\/nauczyciele-miedzy-kulturami\/#organization"},"potentialAction":[{"@type":"SearchAction","target":{"@type":"EntryPoint","urlTemplate":"https:\/\/uniwersytetotwarty.us.edu.pl\/nauczyciele-miedzy-kulturami\/?s={search_term_string}"},"query-input":{"@type":"PropertyValueSpecification","valueRequired":true,"valueName":"search_term_string"}}],"inLanguage":"pl-PL"},{"@type":"Organization","@id":"https:\/\/uniwersytetotwarty.us.edu.pl\/nauczyciele-miedzy-kulturami\/#organization","name":"Uniwersytet \u015al\u0105ski","url":"https:\/\/uniwersytetotwarty.us.edu.pl\/nauczyciele-miedzy-kulturami\/","logo":{"@type":"ImageObject","inLanguage":"pl-PL","@id":"https:\/\/uniwersytetotwarty.us.edu.pl\/nauczyciele-miedzy-kulturami\/#\/schema\/logo\/image\/","url":"https:\/\/uniwersytetotwarty.us.edu.pl\/nauczyciele-miedzy-kulturami\/wp-content\/uploads\/sites\/11\/2023\/10\/logo-1.svg","contentUrl":"https:\/\/uniwersytetotwarty.us.edu.pl\/nauczyciele-miedzy-kulturami\/wp-content\/uploads\/sites\/11\/2023\/10\/logo-1.svg","width":414,"height":71,"caption":"Uniwersytet \u015al\u0105ski"},"image":{"@id":"https:\/\/uniwersytetotwarty.us.edu.pl\/nauczyciele-miedzy-kulturami\/#\/schema\/logo\/image\/"}}]}},"_links":{"self":[{"href":"https:\/\/uniwersytetotwarty.us.edu.pl\/nauczyciele-miedzy-kulturami\/wp-json\/wp\/v2\/pages\/148","targetHints":{"allow":["GET"]}}],"collection":[{"href":"https:\/\/uniwersytetotwarty.us.edu.pl\/nauczyciele-miedzy-kulturami\/wp-json\/wp\/v2\/pages"}],"about":[{"href":"https:\/\/uniwersytetotwarty.us.edu.pl\/nauczyciele-miedzy-kulturami\/wp-json\/wp\/v2\/types\/page"}],"author":[{"embeddable":true,"href":"https:\/\/uniwersytetotwarty.us.edu.pl\/nauczyciele-miedzy-kulturami\/wp-json\/wp\/v2\/users\/5"}],"replies":[{"embeddable":true,"href":"https:\/\/uniwersytetotwarty.us.edu.pl\/nauczyciele-miedzy-kulturami\/wp-json\/wp\/v2\/comments?post=148"}],"version-history":[{"count":7,"href":"https:\/\/uniwersytetotwarty.us.edu.pl\/nauczyciele-miedzy-kulturami\/wp-json\/wp\/v2\/pages\/148\/revisions"}],"predecessor-version":[{"id":159,"href":"https:\/\/uniwersytetotwarty.us.edu.pl\/nauczyciele-miedzy-kulturami\/wp-json\/wp\/v2\/pages\/148\/revisions\/159"}],"wp:attachment":[{"href":"https:\/\/uniwersytetotwarty.us.edu.pl\/nauczyciele-miedzy-kulturami\/wp-json\/wp\/v2\/media?parent=148"}],"curies":[{"name":"wp","href":"https:\/\/api.w.org\/{rel}","templated":true}]}}