{"id":134,"date":"2023-10-26T16:32:38","date_gmt":"2023-10-26T14:32:38","guid":{"rendered":"https:\/\/uniwersytetotwarty.us.edu.pl\/nauczyciele-miedzy-kulturami\/?page_id=134"},"modified":"2024-04-15T12:09:33","modified_gmt":"2024-04-15T10:09:33","slug":"duety-mocy","status":"publish","type":"page","link":"https:\/\/uniwersytetotwarty.us.edu.pl\/nauczyciele-miedzy-kulturami\/duety-mocy\/","title":{"rendered":"Duety Mocy"},"content":{"rendered":"\t\t<div data-elementor-type=\"wp-page\" data-elementor-id=\"134\" class=\"elementor elementor-134\" data-elementor-post-type=\"page\">\n\t\t\t\t\t\t<section class=\"elementor-section elementor-top-section elementor-element elementor-element-199e80b elementor-section-boxed elementor-section-height-default elementor-section-height-default\" data-id=\"199e80b\" data-element_type=\"section\" data-e-type=\"section\">\n\t\t\t\t\t\t<div class=\"elementor-container elementor-column-gap-default\">\n\t\t\t\t\t<div class=\"elementor-column elementor-col-100 elementor-top-column elementor-element elementor-element-097a75f\" data-id=\"097a75f\" data-element_type=\"column\" data-e-type=\"column\">\n\t\t\t<div class=\"elementor-widget-wrap elementor-element-populated\">\n\t\t\t\t\t\t<div class=\"elementor-element elementor-element-e53d464 elementor-widget elementor-widget-button\" data-id=\"e53d464\" data-element_type=\"widget\" data-e-type=\"widget\" data-widget_type=\"button.default\">\n\t\t\t\t<div class=\"elementor-widget-container\">\n\t\t\t\t\t\t\t\t\t<div class=\"elementor-button-wrapper\">\n\t\t\t\t\t<a class=\"elementor-button elementor-button-link elementor-size-sm\" href=\"https:\/\/uniwersytetotwarty.us.edu.pl\/nauczyciele-miedzy-kulturami\/duety-mocy\/2023-2\/\">\n\t\t\t\t\t\t<span class=\"elementor-button-content-wrapper\">\n\t\t\t\t\t\t\t\t\t<span class=\"elementor-button-text\">2023<\/span>\n\t\t\t\t\t<\/span>\n\t\t\t\t\t<\/a>\n\t\t\t\t<\/div>\n\t\t\t\t\t\t\t\t<\/div>\n\t\t\t\t<\/div>\n\t\t\t\t\t<\/div>\n\t\t<\/div>\n\t\t\t\t\t<\/div>\n\t\t<\/section>\n\t\t\t\t<section class=\"elementor-section elementor-top-section elementor-element elementor-element-e4d30be elementor-section-boxed elementor-section-height-default elementor-section-height-default\" data-id=\"e4d30be\" data-element_type=\"section\" data-e-type=\"section\">\n\t\t\t\t\t\t<div class=\"elementor-container elementor-column-gap-default\">\n\t\t\t\t\t<div class=\"elementor-column elementor-col-100 elementor-top-column elementor-element elementor-element-6decd46\" data-id=\"6decd46\" data-element_type=\"column\" data-e-type=\"column\">\n\t\t\t<div class=\"elementor-widget-wrap elementor-element-populated\">\n\t\t\t\t\t\t<div class=\"elementor-element elementor-element-d77339a elementor-widget elementor-widget-text-editor\" data-id=\"d77339a\" data-element_type=\"widget\" data-e-type=\"widget\" data-widget_type=\"text-editor.default\">\n\t\t\t\t<div class=\"elementor-widget-container\">\n\t\t\t\t\t\t\t\t\t<hr \/><p>\u00a0<\/p>\t\t\t\t\t\t\t\t<\/div>\n\t\t\t\t<\/div>\n\t\t\t\t\t<\/div>\n\t\t<\/div>\n\t\t\t\t\t<\/div>\n\t\t<\/section>\n\t\t\t\t<section class=\"elementor-section elementor-top-section elementor-element elementor-element-29c4d3d7 elementor-section-boxed elementor-section-height-default elementor-section-height-default\" data-id=\"29c4d3d7\" data-element_type=\"section\" data-e-type=\"section\">\n\t\t\t\t\t\t<div class=\"elementor-container elementor-column-gap-default\">\n\t\t\t\t\t<div class=\"elementor-column elementor-col-50 elementor-top-column elementor-element elementor-element-33c81fa2\" data-id=\"33c81fa2\" data-element_type=\"column\" data-e-type=\"column\">\n\t\t\t<div class=\"elementor-widget-wrap elementor-element-populated\">\n\t\t\t\t\t\t<div class=\"elementor-element elementor-element-438e2553 elementor-widget elementor-widget-text-editor\" data-id=\"438e2553\" data-element_type=\"widget\" data-e-type=\"widget\" data-widget_type=\"text-editor.default\">\n\t\t\t\t<div class=\"elementor-widget-container\">\n\t\t\t\t\t\t\t\t\t<p>I spotkanie: <strong>21 marca 17:00 \u2013 19:00<\/strong><\/p><p>Temat warsztatu: <strong>W\u0142\u0105czanie i r\u00f3\u017cnorodno\u015b\u0107 w szkole \u2013 zrozumie\u0107, dostrzec, doceni\u0107<\/strong><\/p><p>Prowadz\u0105ca: <strong>dr Sabina Pawlik<\/strong><\/p><p>Warsztat b\u0119dzie zbudowany wok\u00f3\u0142 tematyki r\u00f3wno\u015bci, r\u00f3\u017cnorodno\u015bci i w\u0142\u0105czania w szkole. Wsp\u00f3lnie postaramy si\u0119 odpowiedzie\u0107 na pytanie, czym w\u0142a\u015bciwie jest r\u00f3\u017cnorodno\u015b\u0107 oraz, co mo\u017ce wnosi\u0107 do \u017cycia szkolnej wsp\u00f3lnoty. Zastanowimy si\u0119 r\u00f3wnie\u017c, z jakimi zagro\u017ceniami mo\u017ce si\u0119 wi\u0105za\u0107 i jak im przeciwdzia\u0142a\u0107. Ostatnia cz\u0119\u015b\u0107 warsztatu dotyczy\u0107 b\u0119dzie zaanga\u017cowania m\u0142odych ludzi w dzia\u0142ania na rzecz budowania szkolnej wsp\u00f3lnoty na zasadach partycypacji.<\/p><p>Sabina Pawlik jest pedago\u017ck\u0105 specjaln\u0105, pracuj\u0119 w Instytucie Pedagogiki Uniwersytetu \u015al\u0105skiego w Katowicach. Pe\u0142ni funkcj\u0119 zast\u0119pcy dyrektora kierunku Pedagogika oraz koordynatorki ds. dost\u0119pno\u015bci na Wydziale Nauk Spo\u0142ecznych Uniwersytetu \u015al\u0105skiego. Wsp\u00f3\u0142prowadzi r\u00f3wnie\u017c grup\u0119 \u201eNeuror\u00f3\u017cnorodny U\u015a&#8221;, dla os\u00f3b studiuj\u0105cych w spektrum autyzmu. Badawczo interesuj\u0119 si\u0119 inkluzyjnym potencja\u0142em sztuki, inkluzj\u0105 spo\u0142eczn\u0105 i edukacyjna, partycypacj\u0105 i zaanga\u017cowaniem spo\u0142ecznym dzieci, r\u00f3wnie\u017c dzieci z r\u00f3\u017cnorodnymi potrzebami.<\/p><p><strong>Formularz zg\u0142oszeniowy<\/strong> <a href=\"https:\/\/formularze.us.edu.pl\/duety_mocy_2024\/832\/4919\" target=\"_blank\" rel=\"noopener\">formularz online<\/a><\/p>\t\t\t\t\t\t\t\t<\/div>\n\t\t\t\t<\/div>\n\t\t\t\t\t<\/div>\n\t\t<\/div>\n\t\t\t\t<div class=\"elementor-column elementor-col-50 elementor-top-column elementor-element elementor-element-700374b7\" data-id=\"700374b7\" data-element_type=\"column\" data-e-type=\"column\">\n\t\t\t<div class=\"elementor-widget-wrap elementor-element-populated\">\n\t\t\t\t\t\t<div class=\"elementor-element elementor-element-5b1f3d85 elementor-widget elementor-widget-image\" data-id=\"5b1f3d85\" data-element_type=\"widget\" data-e-type=\"widget\" data-widget_type=\"image.default\">\n\t\t\t\t<div class=\"elementor-widget-container\">\n\t\t\t\t\t\t\t\t\t\t\t\t\t\t\t<img fetchpriority=\"high\" decoding=\"async\" width=\"800\" height=\"790\" src=\"https:\/\/uniwersytetotwarty.us.edu.pl\/nauczyciele-miedzy-kulturami\/wp-content\/uploads\/sites\/11\/2024\/04\/duety-mocy-2024-1024x1011.jpg\" class=\"attachment-large size-large wp-image-510\" alt=\"\" srcset=\"https:\/\/uniwersytetotwarty.us.edu.pl\/nauczyciele-miedzy-kulturami\/wp-content\/uploads\/sites\/11\/2024\/04\/duety-mocy-2024-1024x1011.jpg 1024w, https:\/\/uniwersytetotwarty.us.edu.pl\/nauczyciele-miedzy-kulturami\/wp-content\/uploads\/sites\/11\/2024\/04\/duety-mocy-2024-300x296.jpg 300w, https:\/\/uniwersytetotwarty.us.edu.pl\/nauczyciele-miedzy-kulturami\/wp-content\/uploads\/sites\/11\/2024\/04\/duety-mocy-2024-768x758.jpg 768w, https:\/\/uniwersytetotwarty.us.edu.pl\/nauczyciele-miedzy-kulturami\/wp-content\/uploads\/sites\/11\/2024\/04\/duety-mocy-2024.jpg 1129w\" sizes=\"(max-width: 800px) 100vw, 800px\" \/>\t\t\t\t\t\t\t\t\t\t\t\t\t\t\t<\/div>\n\t\t\t\t<\/div>\n\t\t\t\t\t<\/div>\n\t\t<\/div>\n\t\t\t\t\t<\/div>\n\t\t<\/section>\n\t\t\t\t<\/div>\n\t\t","protected":false},"excerpt":{"rendered":"<p>2023 \u00a0 I spotkanie: 21 marca 17:00 \u2013 19:00 Temat warsztatu: W\u0142\u0105czanie i r\u00f3\u017cnorodno\u015b\u0107 w szkole \u2013 zrozumie\u0107, dostrzec, doceni\u0107 Prowadz\u0105ca: dr Sabina Pawlik Warsztat b\u0119dzie zbudowany wok\u00f3\u0142 tematyki r\u00f3wno\u015bci, r\u00f3\u017cnorodno\u015bci i w\u0142\u0105czania w szkole. Wsp\u00f3lnie postaramy si\u0119 odpowiedzie\u0107 na pytanie, czym w\u0142a\u015bciwie jest r\u00f3\u017cnorodno\u015b\u0107 oraz, co mo\u017ce wnosi\u0107 do \u017cycia szkolnej wsp\u00f3lnoty. Zastanowimy si\u0119 [&hellip;]<\/p>\n","protected":false},"author":5,"featured_media":0,"parent":0,"menu_order":0,"comment_status":"closed","ping_status":"closed","template":"","meta":{"footnotes":""},"class_list":["post-134","page","type-page","status-publish","hentry"],"yoast_head":"<!-- This site is optimized with the Yoast SEO plugin v27.4 - https:\/\/yoast.com\/product\/yoast-seo-wordpress\/ -->\n<title>Duety Mocy - Nauczyciele miedzy kulturami<\/title>\n<meta name=\"robots\" content=\"index, follow, max-snippet:-1, max-image-preview:large, max-video-preview:-1\" \/>\n<link rel=\"canonical\" href=\"https:\/\/uniwersytetotwarty.us.edu.pl\/nauczyciele-miedzy-kulturami\/duety-mocy\/\" \/>\n<meta property=\"og:locale\" content=\"pl_PL\" \/>\n<meta property=\"og:type\" content=\"article\" \/>\n<meta property=\"og:title\" content=\"Duety Mocy - Nauczyciele miedzy kulturami\" \/>\n<meta property=\"og:description\" content=\"2023 \u00a0 I spotkanie: 21 marca 17:00 \u2013 19:00 Temat warsztatu: W\u0142\u0105czanie i r\u00f3\u017cnorodno\u015b\u0107 w szkole \u2013 zrozumie\u0107, dostrzec, doceni\u0107 Prowadz\u0105ca: dr Sabina Pawlik Warsztat b\u0119dzie zbudowany wok\u00f3\u0142 tematyki r\u00f3wno\u015bci, r\u00f3\u017cnorodno\u015bci i w\u0142\u0105czania w szkole. Wsp\u00f3lnie postaramy si\u0119 odpowiedzie\u0107 na pytanie, czym w\u0142a\u015bciwie jest r\u00f3\u017cnorodno\u015b\u0107 oraz, co mo\u017ce wnosi\u0107 do \u017cycia szkolnej wsp\u00f3lnoty. Zastanowimy si\u0119 [&hellip;]\" \/>\n<meta property=\"og:url\" content=\"https:\/\/uniwersytetotwarty.us.edu.pl\/nauczyciele-miedzy-kulturami\/duety-mocy\/\" \/>\n<meta property=\"og:site_name\" content=\"Nauczyciele miedzy kulturami\" \/>\n<meta property=\"article:modified_time\" content=\"2024-04-15T10:09:33+00:00\" \/>\n<meta property=\"og:image\" content=\"https:\/\/uniwersytetotwarty.us.edu.pl\/nauczyciele-miedzy-kulturami\/wp-content\/uploads\/sites\/11\/2024\/04\/duety-mocy-2024-1024x1011.jpg\" \/>\n<meta name=\"twitter:card\" content=\"summary_large_image\" \/>\n<meta name=\"twitter:label1\" content=\"Szacowany czas czytania\" \/>\n\t<meta name=\"twitter:data1\" content=\"2 minuty\" \/>\n<script type=\"application\/ld+json\" class=\"yoast-schema-graph\">{\"@context\":\"https:\\\/\\\/schema.org\",\"@graph\":[{\"@type\":\"WebPage\",\"@id\":\"https:\\\/\\\/uniwersytetotwarty.us.edu.pl\\\/nauczyciele-miedzy-kulturami\\\/duety-mocy\\\/\",\"url\":\"https:\\\/\\\/uniwersytetotwarty.us.edu.pl\\\/nauczyciele-miedzy-kulturami\\\/duety-mocy\\\/\",\"name\":\"Duety Mocy - Nauczyciele miedzy kulturami\",\"isPartOf\":{\"@id\":\"https:\\\/\\\/uniwersytetotwarty.us.edu.pl\\\/nauczyciele-miedzy-kulturami\\\/#website\"},\"primaryImageOfPage\":{\"@id\":\"https:\\\/\\\/uniwersytetotwarty.us.edu.pl\\\/nauczyciele-miedzy-kulturami\\\/duety-mocy\\\/#primaryimage\"},\"image\":{\"@id\":\"https:\\\/\\\/uniwersytetotwarty.us.edu.pl\\\/nauczyciele-miedzy-kulturami\\\/duety-mocy\\\/#primaryimage\"},\"thumbnailUrl\":\"https:\\\/\\\/uniwersytetotwarty.us.edu.pl\\\/nauczyciele-miedzy-kulturami\\\/wp-content\\\/uploads\\\/sites\\\/11\\\/2024\\\/04\\\/duety-mocy-2024-1024x1011.jpg\",\"datePublished\":\"2023-10-26T14:32:38+00:00\",\"dateModified\":\"2024-04-15T10:09:33+00:00\",\"breadcrumb\":{\"@id\":\"https:\\\/\\\/uniwersytetotwarty.us.edu.pl\\\/nauczyciele-miedzy-kulturami\\\/duety-mocy\\\/#breadcrumb\"},\"inLanguage\":\"pl-PL\",\"potentialAction\":[{\"@type\":\"ReadAction\",\"target\":[\"https:\\\/\\\/uniwersytetotwarty.us.edu.pl\\\/nauczyciele-miedzy-kulturami\\\/duety-mocy\\\/\"]}]},{\"@type\":\"ImageObject\",\"inLanguage\":\"pl-PL\",\"@id\":\"https:\\\/\\\/uniwersytetotwarty.us.edu.pl\\\/nauczyciele-miedzy-kulturami\\\/duety-mocy\\\/#primaryimage\",\"url\":\"https:\\\/\\\/uniwersytetotwarty.us.edu.pl\\\/nauczyciele-miedzy-kulturami\\\/wp-content\\\/uploads\\\/sites\\\/11\\\/2024\\\/04\\\/duety-mocy-2024.jpg\",\"contentUrl\":\"https:\\\/\\\/uniwersytetotwarty.us.edu.pl\\\/nauczyciele-miedzy-kulturami\\\/wp-content\\\/uploads\\\/sites\\\/11\\\/2024\\\/04\\\/duety-mocy-2024.jpg\",\"width\":1129,\"height\":1115},{\"@type\":\"BreadcrumbList\",\"@id\":\"https:\\\/\\\/uniwersytetotwarty.us.edu.pl\\\/nauczyciele-miedzy-kulturami\\\/duety-mocy\\\/#breadcrumb\",\"itemListElement\":[{\"@type\":\"ListItem\",\"position\":1,\"name\":\"Nauczyciele miedzy kulturami\",\"item\":\"https:\\\/\\\/uniwersytetotwarty.us.edu.pl\\\/nauczyciele-miedzy-kulturami\\\/\"},{\"@type\":\"ListItem\",\"position\":2,\"name\":\"Duety Mocy\"}]},{\"@type\":\"WebSite\",\"@id\":\"https:\\\/\\\/uniwersytetotwarty.us.edu.pl\\\/nauczyciele-miedzy-kulturami\\\/#website\",\"url\":\"https:\\\/\\\/uniwersytetotwarty.us.edu.pl\\\/nauczyciele-miedzy-kulturami\\\/\",\"name\":\"Nauczyciele miedzy kulturami\",\"description\":\"\",\"publisher\":{\"@id\":\"https:\\\/\\\/uniwersytetotwarty.us.edu.pl\\\/nauczyciele-miedzy-kulturami\\\/#organization\"},\"potentialAction\":[{\"@type\":\"SearchAction\",\"target\":{\"@type\":\"EntryPoint\",\"urlTemplate\":\"https:\\\/\\\/uniwersytetotwarty.us.edu.pl\\\/nauczyciele-miedzy-kulturami\\\/?s={search_term_string}\"},\"query-input\":{\"@type\":\"PropertyValueSpecification\",\"valueRequired\":true,\"valueName\":\"search_term_string\"}}],\"inLanguage\":\"pl-PL\"},{\"@type\":\"Organization\",\"@id\":\"https:\\\/\\\/uniwersytetotwarty.us.edu.pl\\\/nauczyciele-miedzy-kulturami\\\/#organization\",\"name\":\"Uniwersytet \u015al\u0105ski\",\"url\":\"https:\\\/\\\/uniwersytetotwarty.us.edu.pl\\\/nauczyciele-miedzy-kulturami\\\/\",\"logo\":{\"@type\":\"ImageObject\",\"inLanguage\":\"pl-PL\",\"@id\":\"https:\\\/\\\/uniwersytetotwarty.us.edu.pl\\\/nauczyciele-miedzy-kulturami\\\/#\\\/schema\\\/logo\\\/image\\\/\",\"url\":\"https:\\\/\\\/uniwersytetotwarty.us.edu.pl\\\/nauczyciele-miedzy-kulturami\\\/wp-content\\\/uploads\\\/sites\\\/11\\\/2023\\\/10\\\/logo-1.svg\",\"contentUrl\":\"https:\\\/\\\/uniwersytetotwarty.us.edu.pl\\\/nauczyciele-miedzy-kulturami\\\/wp-content\\\/uploads\\\/sites\\\/11\\\/2023\\\/10\\\/logo-1.svg\",\"width\":414,\"height\":71,\"caption\":\"Uniwersytet \u015al\u0105ski\"},\"image\":{\"@id\":\"https:\\\/\\\/uniwersytetotwarty.us.edu.pl\\\/nauczyciele-miedzy-kulturami\\\/#\\\/schema\\\/logo\\\/image\\\/\"}}]}<\/script>\n<!-- \/ Yoast SEO plugin. -->","yoast_head_json":{"title":"Duety Mocy - Nauczyciele miedzy kulturami","robots":{"index":"index","follow":"follow","max-snippet":"max-snippet:-1","max-image-preview":"max-image-preview:large","max-video-preview":"max-video-preview:-1"},"canonical":"https:\/\/uniwersytetotwarty.us.edu.pl\/nauczyciele-miedzy-kulturami\/duety-mocy\/","og_locale":"pl_PL","og_type":"article","og_title":"Duety Mocy - Nauczyciele miedzy kulturami","og_description":"2023 \u00a0 I spotkanie: 21 marca 17:00 \u2013 19:00 Temat warsztatu: W\u0142\u0105czanie i r\u00f3\u017cnorodno\u015b\u0107 w szkole \u2013 zrozumie\u0107, dostrzec, doceni\u0107 Prowadz\u0105ca: dr Sabina Pawlik Warsztat b\u0119dzie zbudowany wok\u00f3\u0142 tematyki r\u00f3wno\u015bci, r\u00f3\u017cnorodno\u015bci i w\u0142\u0105czania w szkole. Wsp\u00f3lnie postaramy si\u0119 odpowiedzie\u0107 na pytanie, czym w\u0142a\u015bciwie jest r\u00f3\u017cnorodno\u015b\u0107 oraz, co mo\u017ce wnosi\u0107 do \u017cycia szkolnej wsp\u00f3lnoty. Zastanowimy si\u0119 [&hellip;]","og_url":"https:\/\/uniwersytetotwarty.us.edu.pl\/nauczyciele-miedzy-kulturami\/duety-mocy\/","og_site_name":"Nauczyciele miedzy kulturami","article_modified_time":"2024-04-15T10:09:33+00:00","og_image":[{"url":"https:\/\/uniwersytetotwarty.us.edu.pl\/nauczyciele-miedzy-kulturami\/wp-content\/uploads\/sites\/11\/2024\/04\/duety-mocy-2024-1024x1011.jpg","type":"","width":"","height":""}],"twitter_card":"summary_large_image","twitter_misc":{"Szacowany czas czytania":"2 minuty"},"schema":{"@context":"https:\/\/schema.org","@graph":[{"@type":"WebPage","@id":"https:\/\/uniwersytetotwarty.us.edu.pl\/nauczyciele-miedzy-kulturami\/duety-mocy\/","url":"https:\/\/uniwersytetotwarty.us.edu.pl\/nauczyciele-miedzy-kulturami\/duety-mocy\/","name":"Duety Mocy - Nauczyciele miedzy kulturami","isPartOf":{"@id":"https:\/\/uniwersytetotwarty.us.edu.pl\/nauczyciele-miedzy-kulturami\/#website"},"primaryImageOfPage":{"@id":"https:\/\/uniwersytetotwarty.us.edu.pl\/nauczyciele-miedzy-kulturami\/duety-mocy\/#primaryimage"},"image":{"@id":"https:\/\/uniwersytetotwarty.us.edu.pl\/nauczyciele-miedzy-kulturami\/duety-mocy\/#primaryimage"},"thumbnailUrl":"https:\/\/uniwersytetotwarty.us.edu.pl\/nauczyciele-miedzy-kulturami\/wp-content\/uploads\/sites\/11\/2024\/04\/duety-mocy-2024-1024x1011.jpg","datePublished":"2023-10-26T14:32:38+00:00","dateModified":"2024-04-15T10:09:33+00:00","breadcrumb":{"@id":"https:\/\/uniwersytetotwarty.us.edu.pl\/nauczyciele-miedzy-kulturami\/duety-mocy\/#breadcrumb"},"inLanguage":"pl-PL","potentialAction":[{"@type":"ReadAction","target":["https:\/\/uniwersytetotwarty.us.edu.pl\/nauczyciele-miedzy-kulturami\/duety-mocy\/"]}]},{"@type":"ImageObject","inLanguage":"pl-PL","@id":"https:\/\/uniwersytetotwarty.us.edu.pl\/nauczyciele-miedzy-kulturami\/duety-mocy\/#primaryimage","url":"https:\/\/uniwersytetotwarty.us.edu.pl\/nauczyciele-miedzy-kulturami\/wp-content\/uploads\/sites\/11\/2024\/04\/duety-mocy-2024.jpg","contentUrl":"https:\/\/uniwersytetotwarty.us.edu.pl\/nauczyciele-miedzy-kulturami\/wp-content\/uploads\/sites\/11\/2024\/04\/duety-mocy-2024.jpg","width":1129,"height":1115},{"@type":"BreadcrumbList","@id":"https:\/\/uniwersytetotwarty.us.edu.pl\/nauczyciele-miedzy-kulturami\/duety-mocy\/#breadcrumb","itemListElement":[{"@type":"ListItem","position":1,"name":"Nauczyciele miedzy kulturami","item":"https:\/\/uniwersytetotwarty.us.edu.pl\/nauczyciele-miedzy-kulturami\/"},{"@type":"ListItem","position":2,"name":"Duety Mocy"}]},{"@type":"WebSite","@id":"https:\/\/uniwersytetotwarty.us.edu.pl\/nauczyciele-miedzy-kulturami\/#website","url":"https:\/\/uniwersytetotwarty.us.edu.pl\/nauczyciele-miedzy-kulturami\/","name":"Nauczyciele miedzy kulturami","description":"","publisher":{"@id":"https:\/\/uniwersytetotwarty.us.edu.pl\/nauczyciele-miedzy-kulturami\/#organization"},"potentialAction":[{"@type":"SearchAction","target":{"@type":"EntryPoint","urlTemplate":"https:\/\/uniwersytetotwarty.us.edu.pl\/nauczyciele-miedzy-kulturami\/?s={search_term_string}"},"query-input":{"@type":"PropertyValueSpecification","valueRequired":true,"valueName":"search_term_string"}}],"inLanguage":"pl-PL"},{"@type":"Organization","@id":"https:\/\/uniwersytetotwarty.us.edu.pl\/nauczyciele-miedzy-kulturami\/#organization","name":"Uniwersytet \u015al\u0105ski","url":"https:\/\/uniwersytetotwarty.us.edu.pl\/nauczyciele-miedzy-kulturami\/","logo":{"@type":"ImageObject","inLanguage":"pl-PL","@id":"https:\/\/uniwersytetotwarty.us.edu.pl\/nauczyciele-miedzy-kulturami\/#\/schema\/logo\/image\/","url":"https:\/\/uniwersytetotwarty.us.edu.pl\/nauczyciele-miedzy-kulturami\/wp-content\/uploads\/sites\/11\/2023\/10\/logo-1.svg","contentUrl":"https:\/\/uniwersytetotwarty.us.edu.pl\/nauczyciele-miedzy-kulturami\/wp-content\/uploads\/sites\/11\/2023\/10\/logo-1.svg","width":414,"height":71,"caption":"Uniwersytet \u015al\u0105ski"},"image":{"@id":"https:\/\/uniwersytetotwarty.us.edu.pl\/nauczyciele-miedzy-kulturami\/#\/schema\/logo\/image\/"}}]}},"_links":{"self":[{"href":"https:\/\/uniwersytetotwarty.us.edu.pl\/nauczyciele-miedzy-kulturami\/wp-json\/wp\/v2\/pages\/134","targetHints":{"allow":["GET"]}}],"collection":[{"href":"https:\/\/uniwersytetotwarty.us.edu.pl\/nauczyciele-miedzy-kulturami\/wp-json\/wp\/v2\/pages"}],"about":[{"href":"https:\/\/uniwersytetotwarty.us.edu.pl\/nauczyciele-miedzy-kulturami\/wp-json\/wp\/v2\/types\/page"}],"author":[{"embeddable":true,"href":"https:\/\/uniwersytetotwarty.us.edu.pl\/nauczyciele-miedzy-kulturami\/wp-json\/wp\/v2\/users\/5"}],"replies":[{"embeddable":true,"href":"https:\/\/uniwersytetotwarty.us.edu.pl\/nauczyciele-miedzy-kulturami\/wp-json\/wp\/v2\/comments?post=134"}],"version-history":[{"count":10,"href":"https:\/\/uniwersytetotwarty.us.edu.pl\/nauczyciele-miedzy-kulturami\/wp-json\/wp\/v2\/pages\/134\/revisions"}],"predecessor-version":[{"id":518,"href":"https:\/\/uniwersytetotwarty.us.edu.pl\/nauczyciele-miedzy-kulturami\/wp-json\/wp\/v2\/pages\/134\/revisions\/518"}],"wp:attachment":[{"href":"https:\/\/uniwersytetotwarty.us.edu.pl\/nauczyciele-miedzy-kulturami\/wp-json\/wp\/v2\/media?parent=134"}],"curies":[{"name":"wp","href":"https:\/\/api.w.org\/{rel}","templated":true}]}}