{"id":35,"date":"2023-10-10T10:10:47","date_gmt":"2023-10-10T08:10:47","guid":{"rendered":"https:\/\/uniwersytetotwarty.us.edu.pl\/mba\/?page_id=35"},"modified":"2025-10-03T11:17:57","modified_gmt":"2025-10-03T09:17:57","slug":"rekrutacja","status":"publish","type":"page","link":"https:\/\/uniwersytetotwarty.us.edu.pl\/mba\/rekrutacja\/","title":{"rendered":"Rekrutacja"},"content":{"rendered":"\t\t<div data-elementor-type=\"wp-page\" data-elementor-id=\"35\" class=\"elementor elementor-35\" data-elementor-post-type=\"page\">\n\t\t\t\t\t\t<section class=\"elementor-section elementor-top-section elementor-element elementor-element-55db2e7 elementor-section-boxed elementor-section-height-default elementor-section-height-default\" data-id=\"55db2e7\" data-element_type=\"section\" data-e-type=\"section\">\n\t\t\t\t\t\t<div class=\"elementor-container elementor-column-gap-default\">\n\t\t\t\t\t<div class=\"elementor-column elementor-col-100 elementor-top-column elementor-element elementor-element-76c8999\" data-id=\"76c8999\" data-element_type=\"column\" data-e-type=\"column\">\n\t\t\t<div class=\"elementor-widget-wrap elementor-element-populated\">\n\t\t\t\t\t\t<div class=\"elementor-element elementor-element-a8fcc7d elementor-widget elementor-widget-text-editor\" data-id=\"a8fcc7d\" data-element_type=\"widget\" data-e-type=\"widget\" data-widget_type=\"text-editor.default\">\n\t\t\t\t<div class=\"elementor-widget-container\">\n\t\t\t\t\t\t\t\t\t<h1><strong>Rekrutacja trwa!<\/strong><\/h1><h2>Warunki przyj\u0119cia do programu Executive MBA i International Executive MBA<\/h2><ul><li>Uko\u0144czone studia wy\u017csze<\/li><li>Minimalne do\u015bwiadczenie kierownicze: 3 lata<\/li><li>Pozytywny wynik rozmowy kwalifikacyjnej i \u2013 w przypadku programu International Executive MBA \u2013 testu ze znajomo\u015bci j\u0119zyka angielskiego<\/li><\/ul><h2><strong>Aby zakwalifikowa\u0107 si\u0119 do programu nale\u017cy:<\/strong><\/h2><ul><li>Wype\u0142ni\u0107\u00a0<a href=\"https:\/\/uniwersytetotwarty.us.edu.pl\/mba\/formularz-zgloszeniowy\/\">formularz zg\u0142oszeniowy<\/a><\/li><li>Przes\u0142a\u0107 dokumenty (kopia dyplomu uko\u0144czenia studi\u00f3w wy\u017cszych, za\u015bwiadczenia o zatrudnieniu)<\/li><li>Ui\u015bci\u0107 op\u0142at\u0119 rekrutacyjn\u0105 w wysoko\u015bci:<ul><li>300 z\u0142 (plus 23% VAT) \u2013 w przypadku programu Executive MBA<\/li><li>450 z\u0142 (plus 23% VAT) \u2013 w przypadku programu International Executive MBA<\/li><\/ul><\/li><li>Po weryfikacji dokument\u00f3w zostanie uzgodniony termin rozmowy kwalifikacyjnej oraz \u2013 w przypadku programu International Executive MBA \u2013 termin pisemnego egzaminu z j\u0119zyka angielskiego. Rozmowa kwalifikacyjna w przypadku programu International Executive MBA odb\u0119dzie si\u0119 w j\u0119zyku angielskim<\/li><li>Zaliczy\u0107 test pisemny z j\u0119zyka angielskiego<\/li><li>Uzyska\u0107 pozytywny wynik rozmowy kwalifikacyjnej<\/li><\/ul><h2 id=\"price\" class=\"single-training__sub-title\">Cena<\/h2><div class=\"content-field\"><p><strong>CENA ZA UDZIA\u0141 W PROGRAMIE EXECUTIVE MBA w KATOWICACH:<\/strong><\/p><table class=\"mba__pricing-table\"><tbody><tr><td width=\"120\">\u00a0<\/td><td width=\"110\"><strong>Cena za program<\/strong><\/td><td width=\"110\"><strong>Cena za rok<\/strong><\/td><td width=\"110\"><strong>Cena za semestr<\/strong><\/td><td width=\"110\"><strong>Rata<\/strong><\/td><\/tr><tr><td width=\"120\"><strong>P\u0142atno\u015b\u0107 jednorazowa<\/strong><\/td><td width=\"110\">39 000 z\u0142<\/td><td width=\"110\">\u2013<\/td><td width=\"110\">\u2013<\/td><td width=\"110\">\u2013<\/td><\/tr><tr><td width=\"120\"><strong>P\u0142atno\u015b\u0107 w 2 ratach<\/strong><\/td><td width=\"110\"><strong>41 000 z\u0142<\/strong><\/td><td width=\"110\">20 500 z\u0142<\/td><td width=\"110\">\u2013<\/td><td width=\"110\">\u2013<\/td><\/tr><tr><td width=\"120\"><strong>P\u0142atno\u015b\u0107 w 4 ratach semestralnych<\/strong><\/td><td width=\"110\"><strong>43 000 z\u0142<\/strong><\/td><td width=\"110\">\u2013<\/td><td width=\"110\">10 750 z\u0142<\/td><td width=\"110\">\u2013<\/td><\/tr><tr><td width=\"120\"><strong>P\u0142atno\u015b\u0107 w 20 ratach<\/strong><\/td><td width=\"110\"><strong>45 000 z\u0142<\/strong><\/td><td width=\"110\">\u2013<\/td><td width=\"110\">\u2013<\/td><td width=\"110\">2 250 z\u0142<\/td><\/tr><\/tbody><\/table><p><strong>CENA ZA UDZIA\u0141 W PROGRAMIE INTERNATIONAL EXECUTIVE MBA w KATOWICACH:<\/strong><\/p><table class=\"mba__pricing-table\"><tbody><tr><td width=\"120\">\u00a0<\/td><td width=\"110\"><strong>Cena za program<\/strong><\/td><td width=\"110\"><strong>Cena za rok<\/strong><\/td><td width=\"110\"><strong>Cena za semestr<\/strong><\/td><td width=\"110\"><strong>Rata<\/strong><\/td><\/tr><tr><td width=\"120\"><strong>P\u0142atno\u015b\u0107 jednorazowa<\/strong><\/td><td width=\"110\">43 000 z\u0142<\/td><td width=\"110\">\u2013<\/td><td width=\"110\">\u2013<\/td><td width=\"110\">\u2013<\/td><\/tr><tr><td width=\"120\"><strong>P\u0142atno\u015b\u0107 w 2 ratach<\/strong><\/td><td width=\"110\"><strong>45 000 z\u0142<\/strong><\/td><td width=\"110\">22 500 z\u0142<\/td><td width=\"110\">\u2013<\/td><td width=\"110\">\u2013<\/td><\/tr><tr><td width=\"120\"><strong>P\u0142atno\u015b\u0107 w 4 ratach semestralnych<\/strong><\/td><td width=\"110\"><strong>47 000 z\u0142<\/strong><\/td><td width=\"110\">\u2013<\/td><td width=\"110\">11 750 z\u0142<\/td><td width=\"110\">\u2013<\/td><\/tr><tr><td width=\"120\"><strong>P\u0142atno\u015b\u0107 w 20 ratach<\/strong><\/td><td width=\"110\"><strong>49 000 z\u0142<\/strong><\/td><td width=\"110\">\u2013<\/td><td width=\"110\">\u2013<\/td><td width=\"110\">2 450 z\u0142<\/td><\/tr><\/tbody><\/table><ul><li>Ceny netto. Do wszystkich cen nale\u017cy doliczy\u0107 23% VAT<\/li><li>W przypadku p\u0142atno\u015bci w 4 ratach semestralnych wp\u0142ata za ka\u017cdy semestr wnoszona jest przed rozpocz\u0119ciem tego semestru<\/li><li>W przypadku p\u0142atno\u015bci w 20 ratach terminy sp\u0142aty rat zostan\u0105 ustalone przed rozpocz\u0119ciem Programu<\/li><li>Osoby, kt\u00f3re zarekomenduj\u0105 do udzia\u0142u w programie innego uczestnika uzyskuj\u0105 prawo do\u00a0<strong>5% zni\u017cki<\/strong>! Szczeg\u00f3\u0142y u koordynatora programu<\/li><\/ul><p>ZOBACZ FORMY DOFINANSOWA\u0143<\/p><h3 class=\"single-training__sub-title--sub\">Dane do przelewu<\/h3><p>Gda\u0144ska Fundacja Kszta\u0142cenia Mened\u017cer\u00f3w Pekao S.A., IV O\/Gda\u0144sk,<\/p><p><strong>54124012711111000014915637<\/strong><\/p><p>NIP: 584-030-46-15<\/p><\/div><h2 id=\"sign-in\" class=\"single-training__sub-title\">Formularz zg\u0142oszeniowy<\/h2><div class=\"content-field\"><p>Osoby zainteresowane udzia\u0142em w programie i spe\u0142niaj\u0105ce kryteria prosimy o wype\u0142nienie formularza zg\u0142oszeniowego<\/p><\/div>\t\t\t\t\t\t\t\t<\/div>\n\t\t\t\t<\/div>\n\t\t\t\t<div data-ra-url=\"https:\/\/uniwersytetotwarty.us.edu.pl\/mba\/formularz-zgloszeniowy\/\" data-ra-target=\"_self\" class=\"ra-clickable-wrapper elementor-element elementor-element-d489738 elementor-align-justify elementor-widget__width-initial elementor-widget elementor-widget-button\" style=\"cursor:pointer;\" data-id=\"d489738\" data-element_type=\"widget\" data-e-type=\"widget\" data-widget_type=\"button.default\">\n\t\t\t\t<div class=\"elementor-widget-container\">\n\t\t\t\t\t\t\t\t\t<div class=\"elementor-button-wrapper\">\n\t\t\t\t\t<a class=\"elementor-button elementor-button-link elementor-size-sm\" href=\"#\">\n\t\t\t\t\t\t<span class=\"elementor-button-content-wrapper\">\n\t\t\t\t\t\t\t\t\t<span class=\"elementor-button-text\">Zapisz si\u0119!<\/span>\n\t\t\t\t\t<\/span>\n\t\t\t\t\t<\/a>\n\t\t\t\t<\/div>\n\t\t\t\t\t\t\t\t<\/div>\n\t\t\t\t<\/div>\n\t\t\t\t<div class=\"elementor-element elementor-element-a5c1617 elementor-widget elementor-widget-spacer\" data-id=\"a5c1617\" data-element_type=\"widget\" data-e-type=\"widget\" data-widget_type=\"spacer.default\">\n\t\t\t\t<div class=\"elementor-widget-container\">\n\t\t\t\t\t\t\t<div class=\"elementor-spacer\">\n\t\t\t<div class=\"elementor-spacer-inner\"><\/div>\n\t\t<\/div>\n\t\t\t\t\t\t<\/div>\n\t\t\t\t<\/div>\n\t\t\t\t\t<\/div>\n\t\t<\/div>\n\t\t\t\t\t<\/div>\n\t\t<\/section>\n\t\t\t\t<\/div>\n\t\t","protected":false},"excerpt":{"rendered":"<p>Rekrutacja trwa! Warunki przyj\u0119cia do programu Executive MBA i International Executive MBA Uko\u0144czone studia wy\u017csze Minimalne do\u015bwiadczenie kierownicze: 3 lata Pozytywny wynik rozmowy kwalifikacyjnej i \u2013 w przypadku programu International Executive MBA \u2013 testu ze znajomo\u015bci j\u0119zyka angielskiego Aby zakwalifikowa\u0107 si\u0119 do programu nale\u017cy: Wype\u0142ni\u0107\u00a0formularz zg\u0142oszeniowy Przes\u0142a\u0107 dokumenty (kopia dyplomu uko\u0144czenia studi\u00f3w wy\u017cszych, za\u015bwiadczenia o [&hellip;]<\/p>\n","protected":false},"author":1,"featured_media":0,"parent":0,"menu_order":0,"comment_status":"closed","ping_status":"closed","template":"","meta":{"footnotes":""},"class_list":["post-35","page","type-page","status-publish","hentry"],"yoast_head":"<!-- This site is optimized with the Yoast SEO plugin v27.5 - https:\/\/yoast.com\/product\/yoast-seo-wordpress\/ -->\n<title>Rekrutacja - MBA<\/title>\n<meta name=\"robots\" content=\"noindex, follow, max-snippet:-1, max-image-preview:large, max-video-preview:-1\" \/>\n<meta property=\"og:locale\" content=\"pl_PL\" \/>\n<meta property=\"og:type\" content=\"article\" \/>\n<meta property=\"og:title\" content=\"Rekrutacja - MBA\" \/>\n<meta property=\"og:description\" content=\"Rekrutacja trwa! Warunki przyj\u0119cia do programu Executive MBA i International Executive MBA Uko\u0144czone studia wy\u017csze Minimalne do\u015bwiadczenie kierownicze: 3 lata Pozytywny wynik rozmowy kwalifikacyjnej i \u2013 w przypadku programu International Executive MBA \u2013 testu ze znajomo\u015bci j\u0119zyka angielskiego Aby zakwalifikowa\u0107 si\u0119 do programu nale\u017cy: Wype\u0142ni\u0107\u00a0formularz zg\u0142oszeniowy Przes\u0142a\u0107 dokumenty (kopia dyplomu uko\u0144czenia studi\u00f3w wy\u017cszych, za\u015bwiadczenia o [&hellip;]\" \/>\n<meta property=\"og:url\" content=\"https:\/\/uniwersytetotwarty.us.edu.pl\/mba\/rekrutacja\/\" \/>\n<meta property=\"og:site_name\" content=\"MBA\" \/>\n<meta property=\"article:modified_time\" content=\"2025-10-03T09:17:57+00:00\" \/>\n<meta name=\"twitter:card\" content=\"summary_large_image\" \/>\n<meta name=\"twitter:label1\" content=\"Szacowany czas czytania\" \/>\n\t<meta name=\"twitter:data1\" content=\"2 minuty\" \/>\n<script type=\"application\/ld+json\" class=\"yoast-schema-graph\">{\"@context\":\"https:\\\/\\\/schema.org\",\"@graph\":[{\"@type\":\"WebPage\",\"@id\":\"https:\\\/\\\/uniwersytetotwarty.us.edu.pl\\\/mba\\\/rekrutacja\\\/\",\"url\":\"https:\\\/\\\/uniwersytetotwarty.us.edu.pl\\\/mba\\\/rekrutacja\\\/\",\"name\":\"Rekrutacja - MBA\",\"isPartOf\":{\"@id\":\"https:\\\/\\\/uniwersytetotwarty.us.edu.pl\\\/mba\\\/#website\"},\"datePublished\":\"2023-10-10T08:10:47+00:00\",\"dateModified\":\"2025-10-03T09:17:57+00:00\",\"breadcrumb\":{\"@id\":\"https:\\\/\\\/uniwersytetotwarty.us.edu.pl\\\/mba\\\/rekrutacja\\\/#breadcrumb\"},\"inLanguage\":\"pl-PL\",\"potentialAction\":[{\"@type\":\"ReadAction\",\"target\":[\"https:\\\/\\\/uniwersytetotwarty.us.edu.pl\\\/mba\\\/rekrutacja\\\/\"]}]},{\"@type\":\"BreadcrumbList\",\"@id\":\"https:\\\/\\\/uniwersytetotwarty.us.edu.pl\\\/mba\\\/rekrutacja\\\/#breadcrumb\",\"itemListElement\":[{\"@type\":\"ListItem\",\"position\":1,\"name\":\"MBA\",\"item\":\"https:\\\/\\\/uniwersytetotwarty.us.edu.pl\\\/mba\\\/\"},{\"@type\":\"ListItem\",\"position\":2,\"name\":\"Rekrutacja\"}]},{\"@type\":\"WebSite\",\"@id\":\"https:\\\/\\\/uniwersytetotwarty.us.edu.pl\\\/mba\\\/#website\",\"url\":\"https:\\\/\\\/uniwersytetotwarty.us.edu.pl\\\/mba\\\/\",\"name\":\"MBA\",\"description\":\"\",\"publisher\":{\"@id\":\"https:\\\/\\\/uniwersytetotwarty.us.edu.pl\\\/mba\\\/#organization\"},\"potentialAction\":[{\"@type\":\"SearchAction\",\"target\":{\"@type\":\"EntryPoint\",\"urlTemplate\":\"https:\\\/\\\/uniwersytetotwarty.us.edu.pl\\\/mba\\\/?s={search_term_string}\"},\"query-input\":{\"@type\":\"PropertyValueSpecification\",\"valueRequired\":true,\"valueName\":\"search_term_string\"}}],\"inLanguage\":\"pl-PL\"},{\"@type\":\"Organization\",\"@id\":\"https:\\\/\\\/uniwersytetotwarty.us.edu.pl\\\/mba\\\/#organization\",\"name\":\"Uniwersytet \u015al\u0105ski\",\"url\":\"https:\\\/\\\/uniwersytetotwarty.us.edu.pl\\\/mba\\\/\",\"logo\":{\"@type\":\"ImageObject\",\"inLanguage\":\"pl-PL\",\"@id\":\"https:\\\/\\\/uniwersytetotwarty.us.edu.pl\\\/mba\\\/#\\\/schema\\\/logo\\\/image\\\/\",\"url\":\"https:\\\/\\\/uniwersytetotwarty.us.edu.pl\\\/mba\\\/wp-content\\\/uploads\\\/sites\\\/19\\\/2023\\\/10\\\/US_UO-biale.png\",\"contentUrl\":\"https:\\\/\\\/uniwersytetotwarty.us.edu.pl\\\/mba\\\/wp-content\\\/uploads\\\/sites\\\/19\\\/2023\\\/10\\\/US_UO-biale.png\",\"width\":1923,\"height\":326,\"caption\":\"Uniwersytet \u015al\u0105ski\"},\"image\":{\"@id\":\"https:\\\/\\\/uniwersytetotwarty.us.edu.pl\\\/mba\\\/#\\\/schema\\\/logo\\\/image\\\/\"}}]}<\/script>\n<!-- \/ Yoast SEO plugin. -->","yoast_head_json":{"title":"Rekrutacja - MBA","robots":{"index":"noindex","follow":"follow","max-snippet":"max-snippet:-1","max-image-preview":"max-image-preview:large","max-video-preview":"max-video-preview:-1"},"og_locale":"pl_PL","og_type":"article","og_title":"Rekrutacja - MBA","og_description":"Rekrutacja trwa! Warunki przyj\u0119cia do programu Executive MBA i International Executive MBA Uko\u0144czone studia wy\u017csze Minimalne do\u015bwiadczenie kierownicze: 3 lata Pozytywny wynik rozmowy kwalifikacyjnej i \u2013 w przypadku programu International Executive MBA \u2013 testu ze znajomo\u015bci j\u0119zyka angielskiego Aby zakwalifikowa\u0107 si\u0119 do programu nale\u017cy: Wype\u0142ni\u0107\u00a0formularz zg\u0142oszeniowy Przes\u0142a\u0107 dokumenty (kopia dyplomu uko\u0144czenia studi\u00f3w wy\u017cszych, za\u015bwiadczenia o [&hellip;]","og_url":"https:\/\/uniwersytetotwarty.us.edu.pl\/mba\/rekrutacja\/","og_site_name":"MBA","article_modified_time":"2025-10-03T09:17:57+00:00","twitter_card":"summary_large_image","twitter_misc":{"Szacowany czas czytania":"2 minuty"},"schema":{"@context":"https:\/\/schema.org","@graph":[{"@type":"WebPage","@id":"https:\/\/uniwersytetotwarty.us.edu.pl\/mba\/rekrutacja\/","url":"https:\/\/uniwersytetotwarty.us.edu.pl\/mba\/rekrutacja\/","name":"Rekrutacja - MBA","isPartOf":{"@id":"https:\/\/uniwersytetotwarty.us.edu.pl\/mba\/#website"},"datePublished":"2023-10-10T08:10:47+00:00","dateModified":"2025-10-03T09:17:57+00:00","breadcrumb":{"@id":"https:\/\/uniwersytetotwarty.us.edu.pl\/mba\/rekrutacja\/#breadcrumb"},"inLanguage":"pl-PL","potentialAction":[{"@type":"ReadAction","target":["https:\/\/uniwersytetotwarty.us.edu.pl\/mba\/rekrutacja\/"]}]},{"@type":"BreadcrumbList","@id":"https:\/\/uniwersytetotwarty.us.edu.pl\/mba\/rekrutacja\/#breadcrumb","itemListElement":[{"@type":"ListItem","position":1,"name":"MBA","item":"https:\/\/uniwersytetotwarty.us.edu.pl\/mba\/"},{"@type":"ListItem","position":2,"name":"Rekrutacja"}]},{"@type":"WebSite","@id":"https:\/\/uniwersytetotwarty.us.edu.pl\/mba\/#website","url":"https:\/\/uniwersytetotwarty.us.edu.pl\/mba\/","name":"MBA","description":"","publisher":{"@id":"https:\/\/uniwersytetotwarty.us.edu.pl\/mba\/#organization"},"potentialAction":[{"@type":"SearchAction","target":{"@type":"EntryPoint","urlTemplate":"https:\/\/uniwersytetotwarty.us.edu.pl\/mba\/?s={search_term_string}"},"query-input":{"@type":"PropertyValueSpecification","valueRequired":true,"valueName":"search_term_string"}}],"inLanguage":"pl-PL"},{"@type":"Organization","@id":"https:\/\/uniwersytetotwarty.us.edu.pl\/mba\/#organization","name":"Uniwersytet \u015al\u0105ski","url":"https:\/\/uniwersytetotwarty.us.edu.pl\/mba\/","logo":{"@type":"ImageObject","inLanguage":"pl-PL","@id":"https:\/\/uniwersytetotwarty.us.edu.pl\/mba\/#\/schema\/logo\/image\/","url":"https:\/\/uniwersytetotwarty.us.edu.pl\/mba\/wp-content\/uploads\/sites\/19\/2023\/10\/US_UO-biale.png","contentUrl":"https:\/\/uniwersytetotwarty.us.edu.pl\/mba\/wp-content\/uploads\/sites\/19\/2023\/10\/US_UO-biale.png","width":1923,"height":326,"caption":"Uniwersytet \u015al\u0105ski"},"image":{"@id":"https:\/\/uniwersytetotwarty.us.edu.pl\/mba\/#\/schema\/logo\/image\/"}}]}},"_links":{"self":[{"href":"https:\/\/uniwersytetotwarty.us.edu.pl\/mba\/wp-json\/wp\/v2\/pages\/35","targetHints":{"allow":["GET"]}}],"collection":[{"href":"https:\/\/uniwersytetotwarty.us.edu.pl\/mba\/wp-json\/wp\/v2\/pages"}],"about":[{"href":"https:\/\/uniwersytetotwarty.us.edu.pl\/mba\/wp-json\/wp\/v2\/types\/page"}],"author":[{"embeddable":true,"href":"https:\/\/uniwersytetotwarty.us.edu.pl\/mba\/wp-json\/wp\/v2\/users\/1"}],"replies":[{"embeddable":true,"href":"https:\/\/uniwersytetotwarty.us.edu.pl\/mba\/wp-json\/wp\/v2\/comments?post=35"}],"version-history":[{"count":10,"href":"https:\/\/uniwersytetotwarty.us.edu.pl\/mba\/wp-json\/wp\/v2\/pages\/35\/revisions"}],"predecessor-version":[{"id":436,"href":"https:\/\/uniwersytetotwarty.us.edu.pl\/mba\/wp-json\/wp\/v2\/pages\/35\/revisions\/436"}],"wp:attachment":[{"href":"https:\/\/uniwersytetotwarty.us.edu.pl\/mba\/wp-json\/wp\/v2\/media?parent=35"}],"curies":[{"name":"wp","href":"https:\/\/api.w.org\/{rel}","templated":true}]}}