{"id":33,"date":"2023-10-10T10:10:27","date_gmt":"2023-10-10T08:10:27","guid":{"rendered":"https:\/\/uniwersytetotwarty.us.edu.pl\/mba\/?page_id=33"},"modified":"2025-03-30T10:58:06","modified_gmt":"2025-03-30T08:58:06","slug":"partnerzy","status":"publish","type":"page","link":"https:\/\/uniwersytetotwarty.us.edu.pl\/mba\/partnerzy\/","title":{"rendered":"Partnerzy"},"content":{"rendered":"\t\t<div data-elementor-type=\"wp-page\" data-elementor-id=\"33\" class=\"elementor elementor-33\" data-elementor-post-type=\"page\">\n\t\t\t\t\t\t<section class=\"elementor-section elementor-top-section elementor-element elementor-element-3170ee2 elementor-section-boxed elementor-section-height-default elementor-section-height-default\" data-id=\"3170ee2\" data-element_type=\"section\" data-e-type=\"section\">\n\t\t\t\t\t\t<div class=\"elementor-container elementor-column-gap-default\">\n\t\t\t\t\t<div class=\"elementor-column elementor-col-100 elementor-top-column elementor-element elementor-element-88a2e6b\" data-id=\"88a2e6b\" data-element_type=\"column\" data-e-type=\"column\">\n\t\t\t<div class=\"elementor-widget-wrap elementor-element-populated\">\n\t\t\t\t\t\t<div class=\"elementor-element elementor-element-bb461c7 elementor-widget elementor-widget-text-editor\" data-id=\"bb461c7\" data-element_type=\"widget\" data-e-type=\"widget\" data-widget_type=\"text-editor.default\">\n\t\t\t\t<div class=\"elementor-widget-container\">\n\t\t\t\t\t\t\t\t\t<p>Program Executive MBA jest realizowany przez\u00a0GFKM\u00a0we wsp\u00f3\u0142pracy z\u00a0Uniwersytetem Gda\u0144skim\u00a0oraz\u00a0IAE Aix\u2013Marseille jako instytucj\u0105 waliduj\u0105c\u0105.<\/p><p>Instytucja waliduj\u0105c\u0105\u00a0Executive MBA\u00a0jest\u00a0Institut d\u2019Administration des Enterprises Aix\u2013Marseille.<\/p><p>Institut d\u2019Administration des Enterprises Aix\u2013Marseille \u2013 IAE Aix\u2013Marseille (przy Uniwersytecie Paula Cezanne\u2019a\u00a0 w Marsylii) jest\u00a0czo\u0142ow\u0105 francusk\u0105 szko\u0142\u0105 biznesu.<\/p><p>IAE specjalizuje si\u0119 w studiach podyplomowych dla biznesu (20% studiuj\u0105cych to studenci zagraniczni z 50 kraj\u00f3w) i oferuje\u00a03 programy MBA, w tym jeden mi\u0119dzynarodowy we wsp\u00f3\u0142pracy\u00a0z 5 europejskimi uczelniami. Posiada\u00a02 mi\u0119dzynarodowe akredytacje dla\u00a0 Program\u00f3w MBA\u00a0\u2013 EQUIS wydawany przez European Foundation for Management Development\u00a0 i akredytacj\u0119 The Association of MBAs.<\/p>\t\t\t\t\t\t\t\t<\/div>\n\t\t\t\t<\/div>\n\t\t\t\t<div class=\"elementor-element elementor-element-dbf9325 elementor-widget elementor-widget-spacer\" data-id=\"dbf9325\" data-element_type=\"widget\" data-e-type=\"widget\" data-widget_type=\"spacer.default\">\n\t\t\t\t<div class=\"elementor-widget-container\">\n\t\t\t\t\t\t\t<div class=\"elementor-spacer\">\n\t\t\t<div class=\"elementor-spacer-inner\"><\/div>\n\t\t<\/div>\n\t\t\t\t\t\t<\/div>\n\t\t\t\t<\/div>\n\t\t\t\t\t<\/div>\n\t\t<\/div>\n\t\t\t\t\t<\/div>\n\t\t<\/section>\n\t\t\t\t<\/div>\n\t\t","protected":false},"excerpt":{"rendered":"<p>Program Executive MBA jest realizowany przez\u00a0GFKM\u00a0we wsp\u00f3\u0142pracy z\u00a0Uniwersytetem Gda\u0144skim\u00a0oraz\u00a0IAE Aix\u2013Marseille jako instytucj\u0105 waliduj\u0105c\u0105. Instytucja waliduj\u0105c\u0105\u00a0Executive MBA\u00a0jest\u00a0Institut d\u2019Administration des Enterprises Aix\u2013Marseille. Institut d\u2019Administration des Enterprises Aix\u2013Marseille \u2013 IAE Aix\u2013Marseille (przy Uniwersytecie Paula Cezanne\u2019a\u00a0 w Marsylii) jest\u00a0czo\u0142ow\u0105 francusk\u0105 szko\u0142\u0105 biznesu. IAE specjalizuje si\u0119 w studiach podyplomowych dla biznesu (20% studiuj\u0105cych to studenci zagraniczni z 50 kraj\u00f3w) i [&hellip;]<\/p>\n","protected":false},"author":1,"featured_media":0,"parent":0,"menu_order":0,"comment_status":"closed","ping_status":"closed","template":"","meta":{"footnotes":""},"class_list":["post-33","page","type-page","status-publish","hentry"],"yoast_head":"<!-- This site is optimized with the Yoast SEO plugin v27.5 - https:\/\/yoast.com\/product\/yoast-seo-wordpress\/ -->\n<title>Partnerzy - MBA<\/title>\n<meta name=\"robots\" content=\"noindex, follow, max-snippet:-1, max-image-preview:large, max-video-preview:-1\" \/>\n<meta property=\"og:locale\" content=\"pl_PL\" \/>\n<meta property=\"og:type\" content=\"article\" \/>\n<meta property=\"og:title\" content=\"Partnerzy - MBA\" \/>\n<meta property=\"og:description\" content=\"Program Executive MBA jest realizowany przez\u00a0GFKM\u00a0we wsp\u00f3\u0142pracy z\u00a0Uniwersytetem Gda\u0144skim\u00a0oraz\u00a0IAE Aix\u2013Marseille jako instytucj\u0105 waliduj\u0105c\u0105. Instytucja waliduj\u0105c\u0105\u00a0Executive MBA\u00a0jest\u00a0Institut d\u2019Administration des Enterprises Aix\u2013Marseille. Institut d\u2019Administration des Enterprises Aix\u2013Marseille \u2013 IAE Aix\u2013Marseille (przy Uniwersytecie Paula Cezanne\u2019a\u00a0 w Marsylii) jest\u00a0czo\u0142ow\u0105 francusk\u0105 szko\u0142\u0105 biznesu. IAE specjalizuje si\u0119 w studiach podyplomowych dla biznesu (20% studiuj\u0105cych to studenci zagraniczni z 50 kraj\u00f3w) i [&hellip;]\" \/>\n<meta property=\"og:url\" content=\"https:\/\/uniwersytetotwarty.us.edu.pl\/mba\/partnerzy\/\" \/>\n<meta property=\"og:site_name\" content=\"MBA\" \/>\n<meta property=\"article:modified_time\" content=\"2025-03-30T08:58:06+00:00\" \/>\n<meta name=\"twitter:card\" content=\"summary_large_image\" \/>\n<meta name=\"twitter:label1\" content=\"Szacowany czas czytania\" \/>\n\t<meta name=\"twitter:data1\" content=\"1 minuta\" \/>\n<script type=\"application\/ld+json\" class=\"yoast-schema-graph\">{\"@context\":\"https:\\\/\\\/schema.org\",\"@graph\":[{\"@type\":\"WebPage\",\"@id\":\"https:\\\/\\\/uniwersytetotwarty.us.edu.pl\\\/mba\\\/partnerzy\\\/\",\"url\":\"https:\\\/\\\/uniwersytetotwarty.us.edu.pl\\\/mba\\\/partnerzy\\\/\",\"name\":\"Partnerzy - MBA\",\"isPartOf\":{\"@id\":\"https:\\\/\\\/uniwersytetotwarty.us.edu.pl\\\/mba\\\/#website\"},\"datePublished\":\"2023-10-10T08:10:27+00:00\",\"dateModified\":\"2025-03-30T08:58:06+00:00\",\"breadcrumb\":{\"@id\":\"https:\\\/\\\/uniwersytetotwarty.us.edu.pl\\\/mba\\\/partnerzy\\\/#breadcrumb\"},\"inLanguage\":\"pl-PL\",\"potentialAction\":[{\"@type\":\"ReadAction\",\"target\":[\"https:\\\/\\\/uniwersytetotwarty.us.edu.pl\\\/mba\\\/partnerzy\\\/\"]}]},{\"@type\":\"BreadcrumbList\",\"@id\":\"https:\\\/\\\/uniwersytetotwarty.us.edu.pl\\\/mba\\\/partnerzy\\\/#breadcrumb\",\"itemListElement\":[{\"@type\":\"ListItem\",\"position\":1,\"name\":\"MBA\",\"item\":\"https:\\\/\\\/uniwersytetotwarty.us.edu.pl\\\/mba\\\/\"},{\"@type\":\"ListItem\",\"position\":2,\"name\":\"Partnerzy\"}]},{\"@type\":\"WebSite\",\"@id\":\"https:\\\/\\\/uniwersytetotwarty.us.edu.pl\\\/mba\\\/#website\",\"url\":\"https:\\\/\\\/uniwersytetotwarty.us.edu.pl\\\/mba\\\/\",\"name\":\"MBA\",\"description\":\"\",\"publisher\":{\"@id\":\"https:\\\/\\\/uniwersytetotwarty.us.edu.pl\\\/mba\\\/#organization\"},\"potentialAction\":[{\"@type\":\"SearchAction\",\"target\":{\"@type\":\"EntryPoint\",\"urlTemplate\":\"https:\\\/\\\/uniwersytetotwarty.us.edu.pl\\\/mba\\\/?s={search_term_string}\"},\"query-input\":{\"@type\":\"PropertyValueSpecification\",\"valueRequired\":true,\"valueName\":\"search_term_string\"}}],\"inLanguage\":\"pl-PL\"},{\"@type\":\"Organization\",\"@id\":\"https:\\\/\\\/uniwersytetotwarty.us.edu.pl\\\/mba\\\/#organization\",\"name\":\"Uniwersytet \u015al\u0105ski\",\"url\":\"https:\\\/\\\/uniwersytetotwarty.us.edu.pl\\\/mba\\\/\",\"logo\":{\"@type\":\"ImageObject\",\"inLanguage\":\"pl-PL\",\"@id\":\"https:\\\/\\\/uniwersytetotwarty.us.edu.pl\\\/mba\\\/#\\\/schema\\\/logo\\\/image\\\/\",\"url\":\"https:\\\/\\\/uniwersytetotwarty.us.edu.pl\\\/mba\\\/wp-content\\\/uploads\\\/sites\\\/19\\\/2023\\\/10\\\/US_UO-biale.png\",\"contentUrl\":\"https:\\\/\\\/uniwersytetotwarty.us.edu.pl\\\/mba\\\/wp-content\\\/uploads\\\/sites\\\/19\\\/2023\\\/10\\\/US_UO-biale.png\",\"width\":1923,\"height\":326,\"caption\":\"Uniwersytet \u015al\u0105ski\"},\"image\":{\"@id\":\"https:\\\/\\\/uniwersytetotwarty.us.edu.pl\\\/mba\\\/#\\\/schema\\\/logo\\\/image\\\/\"}}]}<\/script>\n<!-- \/ Yoast SEO plugin. -->","yoast_head_json":{"title":"Partnerzy - MBA","robots":{"index":"noindex","follow":"follow","max-snippet":"max-snippet:-1","max-image-preview":"max-image-preview:large","max-video-preview":"max-video-preview:-1"},"og_locale":"pl_PL","og_type":"article","og_title":"Partnerzy - MBA","og_description":"Program Executive MBA jest realizowany przez\u00a0GFKM\u00a0we wsp\u00f3\u0142pracy z\u00a0Uniwersytetem Gda\u0144skim\u00a0oraz\u00a0IAE Aix\u2013Marseille jako instytucj\u0105 waliduj\u0105c\u0105. Instytucja waliduj\u0105c\u0105\u00a0Executive MBA\u00a0jest\u00a0Institut d\u2019Administration des Enterprises Aix\u2013Marseille. Institut d\u2019Administration des Enterprises Aix\u2013Marseille \u2013 IAE Aix\u2013Marseille (przy Uniwersytecie Paula Cezanne\u2019a\u00a0 w Marsylii) jest\u00a0czo\u0142ow\u0105 francusk\u0105 szko\u0142\u0105 biznesu. IAE specjalizuje si\u0119 w studiach podyplomowych dla biznesu (20% studiuj\u0105cych to studenci zagraniczni z 50 kraj\u00f3w) i [&hellip;]","og_url":"https:\/\/uniwersytetotwarty.us.edu.pl\/mba\/partnerzy\/","og_site_name":"MBA","article_modified_time":"2025-03-30T08:58:06+00:00","twitter_card":"summary_large_image","twitter_misc":{"Szacowany czas czytania":"1 minuta"},"schema":{"@context":"https:\/\/schema.org","@graph":[{"@type":"WebPage","@id":"https:\/\/uniwersytetotwarty.us.edu.pl\/mba\/partnerzy\/","url":"https:\/\/uniwersytetotwarty.us.edu.pl\/mba\/partnerzy\/","name":"Partnerzy - MBA","isPartOf":{"@id":"https:\/\/uniwersytetotwarty.us.edu.pl\/mba\/#website"},"datePublished":"2023-10-10T08:10:27+00:00","dateModified":"2025-03-30T08:58:06+00:00","breadcrumb":{"@id":"https:\/\/uniwersytetotwarty.us.edu.pl\/mba\/partnerzy\/#breadcrumb"},"inLanguage":"pl-PL","potentialAction":[{"@type":"ReadAction","target":["https:\/\/uniwersytetotwarty.us.edu.pl\/mba\/partnerzy\/"]}]},{"@type":"BreadcrumbList","@id":"https:\/\/uniwersytetotwarty.us.edu.pl\/mba\/partnerzy\/#breadcrumb","itemListElement":[{"@type":"ListItem","position":1,"name":"MBA","item":"https:\/\/uniwersytetotwarty.us.edu.pl\/mba\/"},{"@type":"ListItem","position":2,"name":"Partnerzy"}]},{"@type":"WebSite","@id":"https:\/\/uniwersytetotwarty.us.edu.pl\/mba\/#website","url":"https:\/\/uniwersytetotwarty.us.edu.pl\/mba\/","name":"MBA","description":"","publisher":{"@id":"https:\/\/uniwersytetotwarty.us.edu.pl\/mba\/#organization"},"potentialAction":[{"@type":"SearchAction","target":{"@type":"EntryPoint","urlTemplate":"https:\/\/uniwersytetotwarty.us.edu.pl\/mba\/?s={search_term_string}"},"query-input":{"@type":"PropertyValueSpecification","valueRequired":true,"valueName":"search_term_string"}}],"inLanguage":"pl-PL"},{"@type":"Organization","@id":"https:\/\/uniwersytetotwarty.us.edu.pl\/mba\/#organization","name":"Uniwersytet \u015al\u0105ski","url":"https:\/\/uniwersytetotwarty.us.edu.pl\/mba\/","logo":{"@type":"ImageObject","inLanguage":"pl-PL","@id":"https:\/\/uniwersytetotwarty.us.edu.pl\/mba\/#\/schema\/logo\/image\/","url":"https:\/\/uniwersytetotwarty.us.edu.pl\/mba\/wp-content\/uploads\/sites\/19\/2023\/10\/US_UO-biale.png","contentUrl":"https:\/\/uniwersytetotwarty.us.edu.pl\/mba\/wp-content\/uploads\/sites\/19\/2023\/10\/US_UO-biale.png","width":1923,"height":326,"caption":"Uniwersytet \u015al\u0105ski"},"image":{"@id":"https:\/\/uniwersytetotwarty.us.edu.pl\/mba\/#\/schema\/logo\/image\/"}}]}},"_links":{"self":[{"href":"https:\/\/uniwersytetotwarty.us.edu.pl\/mba\/wp-json\/wp\/v2\/pages\/33","targetHints":{"allow":["GET"]}}],"collection":[{"href":"https:\/\/uniwersytetotwarty.us.edu.pl\/mba\/wp-json\/wp\/v2\/pages"}],"about":[{"href":"https:\/\/uniwersytetotwarty.us.edu.pl\/mba\/wp-json\/wp\/v2\/types\/page"}],"author":[{"embeddable":true,"href":"https:\/\/uniwersytetotwarty.us.edu.pl\/mba\/wp-json\/wp\/v2\/users\/1"}],"replies":[{"embeddable":true,"href":"https:\/\/uniwersytetotwarty.us.edu.pl\/mba\/wp-json\/wp\/v2\/comments?post=33"}],"version-history":[{"count":7,"href":"https:\/\/uniwersytetotwarty.us.edu.pl\/mba\/wp-json\/wp\/v2\/pages\/33\/revisions"}],"predecessor-version":[{"id":193,"href":"https:\/\/uniwersytetotwarty.us.edu.pl\/mba\/wp-json\/wp\/v2\/pages\/33\/revisions\/193"}],"wp:attachment":[{"href":"https:\/\/uniwersytetotwarty.us.edu.pl\/mba\/wp-json\/wp\/v2\/media?parent=33"}],"curies":[{"name":"wp","href":"https:\/\/api.w.org\/{rel}","templated":true}]}}