{"id":31,"date":"2023-10-10T10:10:17","date_gmt":"2023-10-10T08:10:17","guid":{"rendered":"https:\/\/uniwersytetotwarty.us.edu.pl\/mba\/?page_id=31"},"modified":"2025-03-30T10:55:31","modified_gmt":"2025-03-30T08:55:31","slug":"informacje","status":"publish","type":"page","link":"https:\/\/uniwersytetotwarty.us.edu.pl\/mba\/informacje\/","title":{"rendered":"Informacje"},"content":{"rendered":"\t\t<div data-elementor-type=\"wp-page\" data-elementor-id=\"31\" class=\"elementor elementor-31\" data-elementor-post-type=\"page\">\n\t\t\t\t\t\t<section class=\"elementor-section elementor-top-section elementor-element elementor-element-a49a455 elementor-section-boxed elementor-section-height-default elementor-section-height-default\" data-id=\"a49a455\" data-element_type=\"section\" data-e-type=\"section\">\n\t\t\t\t\t\t<div class=\"elementor-container elementor-column-gap-default\">\n\t\t\t\t\t<div class=\"elementor-column elementor-col-100 elementor-top-column elementor-element elementor-element-5d2d376\" data-id=\"5d2d376\" data-element_type=\"column\" data-e-type=\"column\">\n\t\t\t<div class=\"elementor-widget-wrap elementor-element-populated\">\n\t\t\t\t\t\t<div class=\"elementor-element elementor-element-70d1f20 elementor-widget elementor-widget-text-editor\" data-id=\"70d1f20\" data-element_type=\"widget\" data-e-type=\"widget\" data-widget_type=\"text-editor.default\">\n\t\t\t\t<div class=\"elementor-widget-container\">\n\t\t\t\t\t\t\t\t\t<p>Program trwa 4 semestry (2 lata, 20 zjazd\u00f3w)<\/p><p>Zaj\u0119cia odbywaj\u0105 si\u0119 raz w miesi\u0105cu podczas 3-dniowych sesji (pi\u0105tek-niedziela) w godzinach:<\/p><ul><li>Pi\u0105tek: 11:00-19:00<\/li><li>Sobota: 08:30-16:30<\/li><li>Niedziela: 08:30-16:30<\/li><\/ul><p>Miejsce zjazd\u00f3w \u2013 Katowice<\/p><p>Po pomy\u015blnym uko\u0144czeniu programu s\u0142uchacze otrzymuj\u0105 dyplom\u00a0Executive MBA podpisany przez wszystkie partnerskie instytucje:<\/p><ul><li>IAE Aix-Marseille<\/li><li>Uniwersytet \u015al\u0105ski<\/li><li>Gda\u0144sk\u0105 Fundacj\u0119 Kszta\u0142cenia Mened\u017cer\u00f3w<\/li><\/ul>\t\t\t\t\t\t\t\t<\/div>\n\t\t\t\t<\/div>\n\t\t\t\t<div class=\"elementor-element elementor-element-f259eb5 elementor-widget elementor-widget-spacer\" data-id=\"f259eb5\" data-element_type=\"widget\" data-e-type=\"widget\" data-widget_type=\"spacer.default\">\n\t\t\t\t<div class=\"elementor-widget-container\">\n\t\t\t\t\t\t\t<div class=\"elementor-spacer\">\n\t\t\t<div class=\"elementor-spacer-inner\"><\/div>\n\t\t<\/div>\n\t\t\t\t\t\t<\/div>\n\t\t\t\t<\/div>\n\t\t\t\t\t<\/div>\n\t\t<\/div>\n\t\t\t\t\t<\/div>\n\t\t<\/section>\n\t\t\t\t<\/div>\n\t\t","protected":false},"excerpt":{"rendered":"<p>Program trwa 4 semestry (2 lata, 20 zjazd\u00f3w) Zaj\u0119cia odbywaj\u0105 si\u0119 raz w miesi\u0105cu podczas 3-dniowych sesji (pi\u0105tek-niedziela) w godzinach: Pi\u0105tek: 11:00-19:00 Sobota: 08:30-16:30 Niedziela: 08:30-16:30 Miejsce zjazd\u00f3w \u2013 Katowice Po pomy\u015blnym uko\u0144czeniu programu s\u0142uchacze otrzymuj\u0105 dyplom\u00a0Executive MBA podpisany przez wszystkie partnerskie instytucje: IAE Aix-Marseille Uniwersytet \u015al\u0105ski Gda\u0144sk\u0105 Fundacj\u0119 Kszta\u0142cenia Mened\u017cer\u00f3w<\/p>\n","protected":false},"author":1,"featured_media":0,"parent":0,"menu_order":0,"comment_status":"closed","ping_status":"closed","template":"","meta":{"footnotes":""},"class_list":["post-31","page","type-page","status-publish","hentry"],"yoast_head":"<!-- This site is optimized with the Yoast SEO plugin v27.5 - https:\/\/yoast.com\/product\/yoast-seo-wordpress\/ -->\n<title>Informacje - MBA<\/title>\n<meta name=\"robots\" content=\"noindex, follow, max-snippet:-1, max-image-preview:large, max-video-preview:-1\" \/>\n<meta property=\"og:locale\" content=\"pl_PL\" \/>\n<meta property=\"og:type\" content=\"article\" \/>\n<meta property=\"og:title\" content=\"Informacje - MBA\" \/>\n<meta property=\"og:description\" content=\"Program trwa 4 semestry (2 lata, 20 zjazd\u00f3w) Zaj\u0119cia odbywaj\u0105 si\u0119 raz w miesi\u0105cu podczas 3-dniowych sesji (pi\u0105tek-niedziela) w godzinach: Pi\u0105tek: 11:00-19:00 Sobota: 08:30-16:30 Niedziela: 08:30-16:30 Miejsce zjazd\u00f3w \u2013 Katowice Po pomy\u015blnym uko\u0144czeniu programu s\u0142uchacze otrzymuj\u0105 dyplom\u00a0Executive MBA podpisany przez wszystkie partnerskie instytucje: IAE Aix-Marseille Uniwersytet \u015al\u0105ski Gda\u0144sk\u0105 Fundacj\u0119 Kszta\u0142cenia Mened\u017cer\u00f3w\" \/>\n<meta property=\"og:url\" content=\"https:\/\/uniwersytetotwarty.us.edu.pl\/mba\/informacje\/\" \/>\n<meta property=\"og:site_name\" content=\"MBA\" \/>\n<meta property=\"article:modified_time\" content=\"2025-03-30T08:55:31+00:00\" \/>\n<meta name=\"twitter:card\" content=\"summary_large_image\" \/>\n<meta name=\"twitter:label1\" content=\"Szacowany czas czytania\" \/>\n\t<meta name=\"twitter:data1\" content=\"1 minuta\" \/>\n<script type=\"application\/ld+json\" class=\"yoast-schema-graph\">{\"@context\":\"https:\\\/\\\/schema.org\",\"@graph\":[{\"@type\":\"WebPage\",\"@id\":\"https:\\\/\\\/uniwersytetotwarty.us.edu.pl\\\/mba\\\/informacje\\\/\",\"url\":\"https:\\\/\\\/uniwersytetotwarty.us.edu.pl\\\/mba\\\/informacje\\\/\",\"name\":\"Informacje - MBA\",\"isPartOf\":{\"@id\":\"https:\\\/\\\/uniwersytetotwarty.us.edu.pl\\\/mba\\\/#website\"},\"datePublished\":\"2023-10-10T08:10:17+00:00\",\"dateModified\":\"2025-03-30T08:55:31+00:00\",\"breadcrumb\":{\"@id\":\"https:\\\/\\\/uniwersytetotwarty.us.edu.pl\\\/mba\\\/informacje\\\/#breadcrumb\"},\"inLanguage\":\"pl-PL\",\"potentialAction\":[{\"@type\":\"ReadAction\",\"target\":[\"https:\\\/\\\/uniwersytetotwarty.us.edu.pl\\\/mba\\\/informacje\\\/\"]}]},{\"@type\":\"BreadcrumbList\",\"@id\":\"https:\\\/\\\/uniwersytetotwarty.us.edu.pl\\\/mba\\\/informacje\\\/#breadcrumb\",\"itemListElement\":[{\"@type\":\"ListItem\",\"position\":1,\"name\":\"MBA\",\"item\":\"https:\\\/\\\/uniwersytetotwarty.us.edu.pl\\\/mba\\\/\"},{\"@type\":\"ListItem\",\"position\":2,\"name\":\"Informacje\"}]},{\"@type\":\"WebSite\",\"@id\":\"https:\\\/\\\/uniwersytetotwarty.us.edu.pl\\\/mba\\\/#website\",\"url\":\"https:\\\/\\\/uniwersytetotwarty.us.edu.pl\\\/mba\\\/\",\"name\":\"MBA\",\"description\":\"\",\"publisher\":{\"@id\":\"https:\\\/\\\/uniwersytetotwarty.us.edu.pl\\\/mba\\\/#organization\"},\"potentialAction\":[{\"@type\":\"SearchAction\",\"target\":{\"@type\":\"EntryPoint\",\"urlTemplate\":\"https:\\\/\\\/uniwersytetotwarty.us.edu.pl\\\/mba\\\/?s={search_term_string}\"},\"query-input\":{\"@type\":\"PropertyValueSpecification\",\"valueRequired\":true,\"valueName\":\"search_term_string\"}}],\"inLanguage\":\"pl-PL\"},{\"@type\":\"Organization\",\"@id\":\"https:\\\/\\\/uniwersytetotwarty.us.edu.pl\\\/mba\\\/#organization\",\"name\":\"Uniwersytet \u015al\u0105ski\",\"url\":\"https:\\\/\\\/uniwersytetotwarty.us.edu.pl\\\/mba\\\/\",\"logo\":{\"@type\":\"ImageObject\",\"inLanguage\":\"pl-PL\",\"@id\":\"https:\\\/\\\/uniwersytetotwarty.us.edu.pl\\\/mba\\\/#\\\/schema\\\/logo\\\/image\\\/\",\"url\":\"https:\\\/\\\/uniwersytetotwarty.us.edu.pl\\\/mba\\\/wp-content\\\/uploads\\\/sites\\\/19\\\/2023\\\/10\\\/US_UO-biale.png\",\"contentUrl\":\"https:\\\/\\\/uniwersytetotwarty.us.edu.pl\\\/mba\\\/wp-content\\\/uploads\\\/sites\\\/19\\\/2023\\\/10\\\/US_UO-biale.png\",\"width\":1923,\"height\":326,\"caption\":\"Uniwersytet \u015al\u0105ski\"},\"image\":{\"@id\":\"https:\\\/\\\/uniwersytetotwarty.us.edu.pl\\\/mba\\\/#\\\/schema\\\/logo\\\/image\\\/\"}}]}<\/script>\n<!-- \/ Yoast SEO plugin. -->","yoast_head_json":{"title":"Informacje - MBA","robots":{"index":"noindex","follow":"follow","max-snippet":"max-snippet:-1","max-image-preview":"max-image-preview:large","max-video-preview":"max-video-preview:-1"},"og_locale":"pl_PL","og_type":"article","og_title":"Informacje - MBA","og_description":"Program trwa 4 semestry (2 lata, 20 zjazd\u00f3w) Zaj\u0119cia odbywaj\u0105 si\u0119 raz w miesi\u0105cu podczas 3-dniowych sesji (pi\u0105tek-niedziela) w godzinach: Pi\u0105tek: 11:00-19:00 Sobota: 08:30-16:30 Niedziela: 08:30-16:30 Miejsce zjazd\u00f3w \u2013 Katowice Po pomy\u015blnym uko\u0144czeniu programu s\u0142uchacze otrzymuj\u0105 dyplom\u00a0Executive MBA podpisany przez wszystkie partnerskie instytucje: IAE Aix-Marseille Uniwersytet \u015al\u0105ski Gda\u0144sk\u0105 Fundacj\u0119 Kszta\u0142cenia Mened\u017cer\u00f3w","og_url":"https:\/\/uniwersytetotwarty.us.edu.pl\/mba\/informacje\/","og_site_name":"MBA","article_modified_time":"2025-03-30T08:55:31+00:00","twitter_card":"summary_large_image","twitter_misc":{"Szacowany czas czytania":"1 minuta"},"schema":{"@context":"https:\/\/schema.org","@graph":[{"@type":"WebPage","@id":"https:\/\/uniwersytetotwarty.us.edu.pl\/mba\/informacje\/","url":"https:\/\/uniwersytetotwarty.us.edu.pl\/mba\/informacje\/","name":"Informacje - MBA","isPartOf":{"@id":"https:\/\/uniwersytetotwarty.us.edu.pl\/mba\/#website"},"datePublished":"2023-10-10T08:10:17+00:00","dateModified":"2025-03-30T08:55:31+00:00","breadcrumb":{"@id":"https:\/\/uniwersytetotwarty.us.edu.pl\/mba\/informacje\/#breadcrumb"},"inLanguage":"pl-PL","potentialAction":[{"@type":"ReadAction","target":["https:\/\/uniwersytetotwarty.us.edu.pl\/mba\/informacje\/"]}]},{"@type":"BreadcrumbList","@id":"https:\/\/uniwersytetotwarty.us.edu.pl\/mba\/informacje\/#breadcrumb","itemListElement":[{"@type":"ListItem","position":1,"name":"MBA","item":"https:\/\/uniwersytetotwarty.us.edu.pl\/mba\/"},{"@type":"ListItem","position":2,"name":"Informacje"}]},{"@type":"WebSite","@id":"https:\/\/uniwersytetotwarty.us.edu.pl\/mba\/#website","url":"https:\/\/uniwersytetotwarty.us.edu.pl\/mba\/","name":"MBA","description":"","publisher":{"@id":"https:\/\/uniwersytetotwarty.us.edu.pl\/mba\/#organization"},"potentialAction":[{"@type":"SearchAction","target":{"@type":"EntryPoint","urlTemplate":"https:\/\/uniwersytetotwarty.us.edu.pl\/mba\/?s={search_term_string}"},"query-input":{"@type":"PropertyValueSpecification","valueRequired":true,"valueName":"search_term_string"}}],"inLanguage":"pl-PL"},{"@type":"Organization","@id":"https:\/\/uniwersytetotwarty.us.edu.pl\/mba\/#organization","name":"Uniwersytet \u015al\u0105ski","url":"https:\/\/uniwersytetotwarty.us.edu.pl\/mba\/","logo":{"@type":"ImageObject","inLanguage":"pl-PL","@id":"https:\/\/uniwersytetotwarty.us.edu.pl\/mba\/#\/schema\/logo\/image\/","url":"https:\/\/uniwersytetotwarty.us.edu.pl\/mba\/wp-content\/uploads\/sites\/19\/2023\/10\/US_UO-biale.png","contentUrl":"https:\/\/uniwersytetotwarty.us.edu.pl\/mba\/wp-content\/uploads\/sites\/19\/2023\/10\/US_UO-biale.png","width":1923,"height":326,"caption":"Uniwersytet \u015al\u0105ski"},"image":{"@id":"https:\/\/uniwersytetotwarty.us.edu.pl\/mba\/#\/schema\/logo\/image\/"}}]}},"_links":{"self":[{"href":"https:\/\/uniwersytetotwarty.us.edu.pl\/mba\/wp-json\/wp\/v2\/pages\/31","targetHints":{"allow":["GET"]}}],"collection":[{"href":"https:\/\/uniwersytetotwarty.us.edu.pl\/mba\/wp-json\/wp\/v2\/pages"}],"about":[{"href":"https:\/\/uniwersytetotwarty.us.edu.pl\/mba\/wp-json\/wp\/v2\/types\/page"}],"author":[{"embeddable":true,"href":"https:\/\/uniwersytetotwarty.us.edu.pl\/mba\/wp-json\/wp\/v2\/users\/1"}],"replies":[{"embeddable":true,"href":"https:\/\/uniwersytetotwarty.us.edu.pl\/mba\/wp-json\/wp\/v2\/comments?post=31"}],"version-history":[{"count":4,"href":"https:\/\/uniwersytetotwarty.us.edu.pl\/mba\/wp-json\/wp\/v2\/pages\/31\/revisions"}],"predecessor-version":[{"id":187,"href":"https:\/\/uniwersytetotwarty.us.edu.pl\/mba\/wp-json\/wp\/v2\/pages\/31\/revisions\/187"}],"wp:attachment":[{"href":"https:\/\/uniwersytetotwarty.us.edu.pl\/mba\/wp-json\/wp\/v2\/media?parent=31"}],"curies":[{"name":"wp","href":"https:\/\/api.w.org\/{rel}","templated":true}]}}