{"id":22,"date":"2023-10-10T10:07:43","date_gmt":"2023-10-10T08:07:43","guid":{"rendered":"https:\/\/uniwersytetotwarty.us.edu.pl\/mba\/?page_id=22"},"modified":"2025-03-30T10:50:56","modified_gmt":"2025-03-30T08:50:56","slug":"o-programie","status":"publish","type":"page","link":"https:\/\/uniwersytetotwarty.us.edu.pl\/mba\/o-programie\/","title":{"rendered":"O programie"},"content":{"rendered":"\t\t<div data-elementor-type=\"wp-page\" data-elementor-id=\"22\" class=\"elementor elementor-22\" data-elementor-post-type=\"page\">\n\t\t\t\t\t\t<section class=\"elementor-section elementor-top-section elementor-element elementor-element-816d541 elementor-section-boxed elementor-section-height-default elementor-section-height-default\" data-id=\"816d541\" data-element_type=\"section\" data-e-type=\"section\">\n\t\t\t\t\t\t<div class=\"elementor-container elementor-column-gap-default\">\n\t\t\t\t\t<div class=\"elementor-column elementor-col-100 elementor-top-column elementor-element elementor-element-88cebc3\" data-id=\"88cebc3\" data-element_type=\"column\" data-e-type=\"column\">\n\t\t\t<div class=\"elementor-widget-wrap elementor-element-populated\">\n\t\t\t\t\t\t<div class=\"elementor-element elementor-element-43d004f elementor-widget elementor-widget-text-editor\" data-id=\"43d004f\" data-element_type=\"widget\" data-e-type=\"widget\" data-widget_type=\"text-editor.default\">\n\t\t\t\t<div class=\"elementor-widget-container\">\n\t\t\t\t\t\t\t\t\t<h1 class=\"wp-block-heading\">Cechy wyr\u00f3\u017cniaj\u0105ce Studia Executive MBA<\/h1><ul><li>Program Executive MBA GFKM przygotowuje do skutecznego zarz\u0105dzania w \u015bwiecie VUCA, w kt\u00f3rym sukces zale\u017cy od szybkich i trafnych decyzji podejmowanych w nieustannie zmieniaj\u0105cych si\u0119 warunkach.<\/li><li>Rozwija wszechstronn\u0105 wiedz\u0119 o procesach biznesowych, ca\u0142o\u015bciowe spojrzenie na organizacj\u0119, zdolno\u015b\u0107 zarz\u0105dzania z\u0142o\u017con\u0105 struktur\u0105 organizacji.<\/li><li>Dostarcza wyj\u0105tkowej satysfakcji i pewno\u015bci dzia\u0142ania wynikaj\u0105cych z uko\u0144czenia presti\u017cowego, wymagaj\u0105cego programu mened\u017cerskiego.<\/li><li>Dyplom Executive Master of Business Administration jest elementem osobistej marki profesjonalnego mened\u017cera. Jest synonimem szerokiej i praktycznej wiedzy biznesowej.<\/li><li>Potwierdza posiadanie najwy\u017cszych kompetencji zarz\u0105dczych, kierowniczych i przyw\u00f3dczych.<\/li><li>Pozycja programu Executive MBA GFKM jest potwierdzona presti\u017cow\u0105 akredytacj\u0105 International Quality Accreditation (CEEMAN IQA), mi\u0119dzynarodowym tytu\u0142em Business School with Significant Impact (BMDA) i najwy\u017csz\u0105 Klas\u0105 Mistrzowsk\u0105 w Ratingu Program\u00f3w MBA SEM FORUM. Jednak\u017ce najwa\u017cniejsze s\u0105 opinie absolwent\u00f3w Programu, kt\u00f3rzy podkre\u015blaj\u0105 jego wyj\u0105tkow\u0105 warto\u015b\u0107 praktyczn\u0105, unikalne walory merytoryczne oraz nowoczesne metody dydaktyczne. Ponad 60% kandydat\u00f3w przy wyborze Programu Executive MBA GFKM kieruje si\u0119 rekomendacjami absolwent\u00f3w, kt\u00f3rzy doceniaj\u0105 jego wp\u0142yw na rozw\u00f3j kariery zawodowej i odnoszone sukcesy biznesowe.<\/li><\/ul>\t\t\t\t\t\t\t\t<\/div>\n\t\t\t\t<\/div>\n\t\t\t\t<div class=\"elementor-element elementor-element-cfe7a35 elementor-widget elementor-widget-spacer\" data-id=\"cfe7a35\" data-element_type=\"widget\" data-e-type=\"widget\" data-widget_type=\"spacer.default\">\n\t\t\t\t<div class=\"elementor-widget-container\">\n\t\t\t\t\t\t\t<div class=\"elementor-spacer\">\n\t\t\t<div class=\"elementor-spacer-inner\"><\/div>\n\t\t<\/div>\n\t\t\t\t\t\t<\/div>\n\t\t\t\t<\/div>\n\t\t\t\t\t<\/div>\n\t\t<\/div>\n\t\t\t\t\t<\/div>\n\t\t<\/section>\n\t\t\t\t<\/div>\n\t\t","protected":false},"excerpt":{"rendered":"<p>Cechy wyr\u00f3\u017cniaj\u0105ce Studia Executive MBA Program Executive MBA GFKM przygotowuje do skutecznego zarz\u0105dzania w \u015bwiecie VUCA, w kt\u00f3rym sukces zale\u017cy od szybkich i trafnych decyzji podejmowanych w nieustannie zmieniaj\u0105cych si\u0119 warunkach. Rozwija wszechstronn\u0105 wiedz\u0119 o procesach biznesowych, ca\u0142o\u015bciowe spojrzenie na organizacj\u0119, zdolno\u015b\u0107 zarz\u0105dzania z\u0142o\u017con\u0105 struktur\u0105 organizacji. Dostarcza wyj\u0105tkowej satysfakcji i pewno\u015bci dzia\u0142ania wynikaj\u0105cych z uko\u0144czenia [&hellip;]<\/p>\n","protected":false},"author":1,"featured_media":0,"parent":0,"menu_order":0,"comment_status":"closed","ping_status":"closed","template":"","meta":{"footnotes":""},"class_list":["post-22","page","type-page","status-publish","hentry"],"yoast_head":"<!-- This site is optimized with the Yoast SEO plugin v27.5 - https:\/\/yoast.com\/product\/yoast-seo-wordpress\/ -->\n<title>O programie - MBA<\/title>\n<meta name=\"robots\" content=\"noindex, follow, max-snippet:-1, max-image-preview:large, max-video-preview:-1\" \/>\n<meta property=\"og:locale\" content=\"pl_PL\" \/>\n<meta property=\"og:type\" content=\"article\" \/>\n<meta property=\"og:title\" content=\"O programie - MBA\" \/>\n<meta property=\"og:description\" content=\"Cechy wyr\u00f3\u017cniaj\u0105ce Studia Executive MBA Program Executive MBA GFKM przygotowuje do skutecznego zarz\u0105dzania w \u015bwiecie VUCA, w kt\u00f3rym sukces zale\u017cy od szybkich i trafnych decyzji podejmowanych w nieustannie zmieniaj\u0105cych si\u0119 warunkach. Rozwija wszechstronn\u0105 wiedz\u0119 o procesach biznesowych, ca\u0142o\u015bciowe spojrzenie na organizacj\u0119, zdolno\u015b\u0107 zarz\u0105dzania z\u0142o\u017con\u0105 struktur\u0105 organizacji. Dostarcza wyj\u0105tkowej satysfakcji i pewno\u015bci dzia\u0142ania wynikaj\u0105cych z uko\u0144czenia [&hellip;]\" \/>\n<meta property=\"og:url\" content=\"https:\/\/uniwersytetotwarty.us.edu.pl\/mba\/o-programie\/\" \/>\n<meta property=\"og:site_name\" content=\"MBA\" \/>\n<meta property=\"article:modified_time\" content=\"2025-03-30T08:50:56+00:00\" \/>\n<meta name=\"twitter:card\" content=\"summary_large_image\" \/>\n<meta name=\"twitter:label1\" content=\"Szacowany czas czytania\" \/>\n\t<meta name=\"twitter:data1\" content=\"1 minuta\" \/>\n<script type=\"application\/ld+json\" class=\"yoast-schema-graph\">{\"@context\":\"https:\\\/\\\/schema.org\",\"@graph\":[{\"@type\":\"WebPage\",\"@id\":\"https:\\\/\\\/uniwersytetotwarty.us.edu.pl\\\/mba\\\/o-programie\\\/\",\"url\":\"https:\\\/\\\/uniwersytetotwarty.us.edu.pl\\\/mba\\\/o-programie\\\/\",\"name\":\"O programie - MBA\",\"isPartOf\":{\"@id\":\"https:\\\/\\\/uniwersytetotwarty.us.edu.pl\\\/mba\\\/#website\"},\"datePublished\":\"2023-10-10T08:07:43+00:00\",\"dateModified\":\"2025-03-30T08:50:56+00:00\",\"breadcrumb\":{\"@id\":\"https:\\\/\\\/uniwersytetotwarty.us.edu.pl\\\/mba\\\/o-programie\\\/#breadcrumb\"},\"inLanguage\":\"pl-PL\",\"potentialAction\":[{\"@type\":\"ReadAction\",\"target\":[\"https:\\\/\\\/uniwersytetotwarty.us.edu.pl\\\/mba\\\/o-programie\\\/\"]}]},{\"@type\":\"BreadcrumbList\",\"@id\":\"https:\\\/\\\/uniwersytetotwarty.us.edu.pl\\\/mba\\\/o-programie\\\/#breadcrumb\",\"itemListElement\":[{\"@type\":\"ListItem\",\"position\":1,\"name\":\"MBA\",\"item\":\"https:\\\/\\\/uniwersytetotwarty.us.edu.pl\\\/mba\\\/\"},{\"@type\":\"ListItem\",\"position\":2,\"name\":\"O programie\"}]},{\"@type\":\"WebSite\",\"@id\":\"https:\\\/\\\/uniwersytetotwarty.us.edu.pl\\\/mba\\\/#website\",\"url\":\"https:\\\/\\\/uniwersytetotwarty.us.edu.pl\\\/mba\\\/\",\"name\":\"MBA\",\"description\":\"\",\"publisher\":{\"@id\":\"https:\\\/\\\/uniwersytetotwarty.us.edu.pl\\\/mba\\\/#organization\"},\"potentialAction\":[{\"@type\":\"SearchAction\",\"target\":{\"@type\":\"EntryPoint\",\"urlTemplate\":\"https:\\\/\\\/uniwersytetotwarty.us.edu.pl\\\/mba\\\/?s={search_term_string}\"},\"query-input\":{\"@type\":\"PropertyValueSpecification\",\"valueRequired\":true,\"valueName\":\"search_term_string\"}}],\"inLanguage\":\"pl-PL\"},{\"@type\":\"Organization\",\"@id\":\"https:\\\/\\\/uniwersytetotwarty.us.edu.pl\\\/mba\\\/#organization\",\"name\":\"Uniwersytet \u015al\u0105ski\",\"url\":\"https:\\\/\\\/uniwersytetotwarty.us.edu.pl\\\/mba\\\/\",\"logo\":{\"@type\":\"ImageObject\",\"inLanguage\":\"pl-PL\",\"@id\":\"https:\\\/\\\/uniwersytetotwarty.us.edu.pl\\\/mba\\\/#\\\/schema\\\/logo\\\/image\\\/\",\"url\":\"https:\\\/\\\/uniwersytetotwarty.us.edu.pl\\\/mba\\\/wp-content\\\/uploads\\\/sites\\\/19\\\/2023\\\/10\\\/US_UO-biale.png\",\"contentUrl\":\"https:\\\/\\\/uniwersytetotwarty.us.edu.pl\\\/mba\\\/wp-content\\\/uploads\\\/sites\\\/19\\\/2023\\\/10\\\/US_UO-biale.png\",\"width\":1923,\"height\":326,\"caption\":\"Uniwersytet \u015al\u0105ski\"},\"image\":{\"@id\":\"https:\\\/\\\/uniwersytetotwarty.us.edu.pl\\\/mba\\\/#\\\/schema\\\/logo\\\/image\\\/\"}}]}<\/script>\n<!-- \/ Yoast SEO plugin. -->","yoast_head_json":{"title":"O programie - MBA","robots":{"index":"noindex","follow":"follow","max-snippet":"max-snippet:-1","max-image-preview":"max-image-preview:large","max-video-preview":"max-video-preview:-1"},"og_locale":"pl_PL","og_type":"article","og_title":"O programie - MBA","og_description":"Cechy wyr\u00f3\u017cniaj\u0105ce Studia Executive MBA Program Executive MBA GFKM przygotowuje do skutecznego zarz\u0105dzania w \u015bwiecie VUCA, w kt\u00f3rym sukces zale\u017cy od szybkich i trafnych decyzji podejmowanych w nieustannie zmieniaj\u0105cych si\u0119 warunkach. Rozwija wszechstronn\u0105 wiedz\u0119 o procesach biznesowych, ca\u0142o\u015bciowe spojrzenie na organizacj\u0119, zdolno\u015b\u0107 zarz\u0105dzania z\u0142o\u017con\u0105 struktur\u0105 organizacji. Dostarcza wyj\u0105tkowej satysfakcji i pewno\u015bci dzia\u0142ania wynikaj\u0105cych z uko\u0144czenia [&hellip;]","og_url":"https:\/\/uniwersytetotwarty.us.edu.pl\/mba\/o-programie\/","og_site_name":"MBA","article_modified_time":"2025-03-30T08:50:56+00:00","twitter_card":"summary_large_image","twitter_misc":{"Szacowany czas czytania":"1 minuta"},"schema":{"@context":"https:\/\/schema.org","@graph":[{"@type":"WebPage","@id":"https:\/\/uniwersytetotwarty.us.edu.pl\/mba\/o-programie\/","url":"https:\/\/uniwersytetotwarty.us.edu.pl\/mba\/o-programie\/","name":"O programie - MBA","isPartOf":{"@id":"https:\/\/uniwersytetotwarty.us.edu.pl\/mba\/#website"},"datePublished":"2023-10-10T08:07:43+00:00","dateModified":"2025-03-30T08:50:56+00:00","breadcrumb":{"@id":"https:\/\/uniwersytetotwarty.us.edu.pl\/mba\/o-programie\/#breadcrumb"},"inLanguage":"pl-PL","potentialAction":[{"@type":"ReadAction","target":["https:\/\/uniwersytetotwarty.us.edu.pl\/mba\/o-programie\/"]}]},{"@type":"BreadcrumbList","@id":"https:\/\/uniwersytetotwarty.us.edu.pl\/mba\/o-programie\/#breadcrumb","itemListElement":[{"@type":"ListItem","position":1,"name":"MBA","item":"https:\/\/uniwersytetotwarty.us.edu.pl\/mba\/"},{"@type":"ListItem","position":2,"name":"O programie"}]},{"@type":"WebSite","@id":"https:\/\/uniwersytetotwarty.us.edu.pl\/mba\/#website","url":"https:\/\/uniwersytetotwarty.us.edu.pl\/mba\/","name":"MBA","description":"","publisher":{"@id":"https:\/\/uniwersytetotwarty.us.edu.pl\/mba\/#organization"},"potentialAction":[{"@type":"SearchAction","target":{"@type":"EntryPoint","urlTemplate":"https:\/\/uniwersytetotwarty.us.edu.pl\/mba\/?s={search_term_string}"},"query-input":{"@type":"PropertyValueSpecification","valueRequired":true,"valueName":"search_term_string"}}],"inLanguage":"pl-PL"},{"@type":"Organization","@id":"https:\/\/uniwersytetotwarty.us.edu.pl\/mba\/#organization","name":"Uniwersytet \u015al\u0105ski","url":"https:\/\/uniwersytetotwarty.us.edu.pl\/mba\/","logo":{"@type":"ImageObject","inLanguage":"pl-PL","@id":"https:\/\/uniwersytetotwarty.us.edu.pl\/mba\/#\/schema\/logo\/image\/","url":"https:\/\/uniwersytetotwarty.us.edu.pl\/mba\/wp-content\/uploads\/sites\/19\/2023\/10\/US_UO-biale.png","contentUrl":"https:\/\/uniwersytetotwarty.us.edu.pl\/mba\/wp-content\/uploads\/sites\/19\/2023\/10\/US_UO-biale.png","width":1923,"height":326,"caption":"Uniwersytet \u015al\u0105ski"},"image":{"@id":"https:\/\/uniwersytetotwarty.us.edu.pl\/mba\/#\/schema\/logo\/image\/"}}]}},"_links":{"self":[{"href":"https:\/\/uniwersytetotwarty.us.edu.pl\/mba\/wp-json\/wp\/v2\/pages\/22","targetHints":{"allow":["GET"]}}],"collection":[{"href":"https:\/\/uniwersytetotwarty.us.edu.pl\/mba\/wp-json\/wp\/v2\/pages"}],"about":[{"href":"https:\/\/uniwersytetotwarty.us.edu.pl\/mba\/wp-json\/wp\/v2\/types\/page"}],"author":[{"embeddable":true,"href":"https:\/\/uniwersytetotwarty.us.edu.pl\/mba\/wp-json\/wp\/v2\/users\/1"}],"replies":[{"embeddable":true,"href":"https:\/\/uniwersytetotwarty.us.edu.pl\/mba\/wp-json\/wp\/v2\/comments?post=22"}],"version-history":[{"count":4,"href":"https:\/\/uniwersytetotwarty.us.edu.pl\/mba\/wp-json\/wp\/v2\/pages\/22\/revisions"}],"predecessor-version":[{"id":175,"href":"https:\/\/uniwersytetotwarty.us.edu.pl\/mba\/wp-json\/wp\/v2\/pages\/22\/revisions\/175"}],"wp:attachment":[{"href":"https:\/\/uniwersytetotwarty.us.edu.pl\/mba\/wp-json\/wp\/v2\/media?parent=22"}],"curies":[{"name":"wp","href":"https:\/\/api.w.org\/{rel}","templated":true}]}}