{"id":540,"date":"2024-09-03T11:10:03","date_gmt":"2024-09-03T09:10:03","guid":{"rendered":"https:\/\/uniwersytetotwarty.us.edu.pl\/ko\/?page_id=540"},"modified":"2024-09-03T11:10:41","modified_gmt":"2024-09-03T09:10:41","slug":"neurobiologia-codziennosci-dlaczego-nasze-duze-mozgi-miewaja-tyle-klopotow","status":"publish","type":"page","link":"https:\/\/uniwersytetotwarty.us.edu.pl\/ko\/kongres-oswiaty\/neurobiologia-codziennosci-dlaczego-nasze-duze-mozgi-miewaja-tyle-klopotow\/","title":{"rendered":"Neurobiologia codzienno\u015bci. Dlaczego nasze du\u017ce m\u00f3zgi miewaj\u0105 tyle k\u0142opot\u00f3w?"},"content":{"rendered":"\t\t<div data-elementor-type=\"wp-page\" data-elementor-id=\"540\" class=\"elementor elementor-540\" data-elementor-post-type=\"page\">\n\t\t\t\t\t\t<section class=\"elementor-section elementor-top-section elementor-element elementor-element-27ea3cf elementor-section-boxed elementor-section-height-default elementor-section-height-default\" data-id=\"27ea3cf\" data-element_type=\"section\" data-e-type=\"section\">\n\t\t\t\t\t\t<div class=\"elementor-container elementor-column-gap-default\">\n\t\t\t\t\t<div class=\"elementor-column elementor-col-50 elementor-top-column elementor-element elementor-element-288ac40\" data-id=\"288ac40\" data-element_type=\"column\" data-e-type=\"column\">\n\t\t\t<div class=\"elementor-widget-wrap elementor-element-populated\">\n\t\t\t\t\t\t<div class=\"elementor-element elementor-element-0062c01 elementor-widget elementor-widget-image\" data-id=\"0062c01\" data-element_type=\"widget\" data-e-type=\"widget\" data-widget_type=\"image.default\">\n\t\t\t\t<div class=\"elementor-widget-container\">\n\t\t\t\t\t\t\t\t\t\t\t\t\t\t\t<img fetchpriority=\"high\" decoding=\"async\" width=\"800\" height=\"620\" src=\"https:\/\/uniwersytetotwarty.us.edu.pl\/ko\/wp-content\/uploads\/sites\/7\/2024\/09\/Kaczmarzyk-1024x793.jpg\" class=\"attachment-large size-large wp-image-522\" alt=\"\" srcset=\"https:\/\/uniwersytetotwarty.us.edu.pl\/ko\/wp-content\/uploads\/sites\/7\/2024\/09\/Kaczmarzyk-1024x793.jpg 1024w, https:\/\/uniwersytetotwarty.us.edu.pl\/ko\/wp-content\/uploads\/sites\/7\/2024\/09\/Kaczmarzyk-300x232.jpg 300w, https:\/\/uniwersytetotwarty.us.edu.pl\/ko\/wp-content\/uploads\/sites\/7\/2024\/09\/Kaczmarzyk-768x595.jpg 768w, https:\/\/uniwersytetotwarty.us.edu.pl\/ko\/wp-content\/uploads\/sites\/7\/2024\/09\/Kaczmarzyk-1536x1190.jpg 1536w, https:\/\/uniwersytetotwarty.us.edu.pl\/ko\/wp-content\/uploads\/sites\/7\/2024\/09\/Kaczmarzyk-2048x1586.jpg 2048w\" sizes=\"(max-width: 800px) 100vw, 800px\" \/>\t\t\t\t\t\t\t\t\t\t\t\t\t\t\t<\/div>\n\t\t\t\t<\/div>\n\t\t\t\t\t<\/div>\n\t\t<\/div>\n\t\t\t\t<div class=\"elementor-column elementor-col-50 elementor-top-column elementor-element elementor-element-1aafae6\" data-id=\"1aafae6\" data-element_type=\"column\" data-e-type=\"column\">\n\t\t\t<div class=\"elementor-widget-wrap elementor-element-populated\">\n\t\t\t\t\t\t<div class=\"elementor-element elementor-element-8e88d12 elementor-widget elementor-widget-text-editor\" data-id=\"8e88d12\" data-element_type=\"widget\" data-e-type=\"widget\" data-widget_type=\"text-editor.default\">\n\t\t\t\t<div class=\"elementor-widget-container\">\n\t\t\t\t\t\t\t\t\t<p><strong>dr Marek Kaczmarzyk prof. U\u015a<\/strong> \u2013 biolog, neurodydaktyk i memetyk, nauczyciel i wyk\u0142adowca. Teoretyk edukacji i pisarz. Autor artyku\u0142\u00f3w i ksi\u0105\u017cek z zakresu biologicznych kontekst\u00f3w kszta\u0142cenia. Najwa\u017cniejsze z nich to &#8220;Strefa napi\u0119\u0107. Historia naturalna konfliktu z nastolatkiem&#8221;, \u201eUnikat. Biologia wyj\u0105tkowo\u015bci\u201d oraz \u201eSzko\u0142a mem\u00f3w\u201d. Proponuje spojrzenie na edukacj\u0119 przez pryzmat najnowszych osi\u0105gni\u0119\u0107 neurobiologii. Propagator dydaktyki ewolucyjnej \u2013 dziedziny zajmuj\u0105cej si\u0119 praktycznym wykorzystaniem mechanizm\u00f3w ewolucji (zar\u00f3wno biologicznej, jak i kulturowej) w interpretacji proces\u00f3w uczenia si\u0119 i wychowania. Od kilkunastu lat prowadzi wyk\u0142ady i szkolenia, w kt\u00f3rych udzia\u0142 wzi\u0119\u0142o ponad sto tysi\u0119cy os\u00f3b. Jest przewodnicz\u0105cym Komitetu Naukowego Og\u00f3lnopolskiego Sympozjum Naukowego Neurodydaktyki. W grudniu 2020 ukaza\u0142a si\u0119 jego pierwsza powie\u015b\u0107 \u201eAdam\u201d.<\/p>\t\t\t\t\t\t\t\t<\/div>\n\t\t\t\t<\/div>\n\t\t\t\t\t<\/div>\n\t\t<\/div>\n\t\t\t\t\t<\/div>\n\t\t<\/section>\n\t\t\t\t<\/div>\n\t\t","protected":false},"excerpt":{"rendered":"<p>dr Marek Kaczmarzyk prof. U\u015a \u2013 biolog, neurodydaktyk i memetyk, nauczyciel i wyk\u0142adowca. Teoretyk edukacji i pisarz. Autor artyku\u0142\u00f3w i ksi\u0105\u017cek z zakresu biologicznych kontekst\u00f3w kszta\u0142cenia. Najwa\u017cniejsze z nich to &#8220;Strefa napi\u0119\u0107. Historia naturalna konfliktu z nastolatkiem&#8221;, \u201eUnikat. Biologia wyj\u0105tkowo\u015bci\u201d oraz \u201eSzko\u0142a mem\u00f3w\u201d. Proponuje spojrzenie na edukacj\u0119 przez pryzmat najnowszych osi\u0105gni\u0119\u0107 neurobiologii. Propagator dydaktyki ewolucyjnej [&hellip;]<\/p>\n","protected":false},"author":2,"featured_media":0,"parent":2,"menu_order":0,"comment_status":"closed","ping_status":"closed","template":"","meta":{"footnotes":""},"class_list":["post-540","page","type-page","status-publish","hentry"],"yoast_head":"<!-- This site is optimized with the Yoast SEO plugin v27.3 - https:\/\/yoast.com\/product\/yoast-seo-wordpress\/ -->\n<title>Neurobiologia codzienno\u015bci. Dlaczego nasze du\u017ce m\u00f3zgi miewaj\u0105 tyle k\u0142opot\u00f3w? - Kongres O\u015bwiaty<\/title>\n<meta name=\"robots\" content=\"index, follow, max-snippet:-1, max-image-preview:large, max-video-preview:-1\" \/>\n<link rel=\"canonical\" href=\"https:\/\/uniwersytetotwarty.us.edu.pl\/ko\/kongres-oswiaty\/neurobiologia-codziennosci-dlaczego-nasze-duze-mozgi-miewaja-tyle-klopotow\/\" \/>\n<meta property=\"og:locale\" content=\"pl_PL\" \/>\n<meta property=\"og:type\" content=\"article\" \/>\n<meta property=\"og:title\" content=\"Neurobiologia codzienno\u015bci. Dlaczego nasze du\u017ce m\u00f3zgi miewaj\u0105 tyle k\u0142opot\u00f3w? - Kongres O\u015bwiaty\" \/>\n<meta property=\"og:description\" content=\"dr Marek Kaczmarzyk prof. U\u015a \u2013 biolog, neurodydaktyk i memetyk, nauczyciel i wyk\u0142adowca. Teoretyk edukacji i pisarz. Autor artyku\u0142\u00f3w i ksi\u0105\u017cek z zakresu biologicznych kontekst\u00f3w kszta\u0142cenia. Najwa\u017cniejsze z nich to &#8220;Strefa napi\u0119\u0107. Historia naturalna konfliktu z nastolatkiem&#8221;, \u201eUnikat. Biologia wyj\u0105tkowo\u015bci\u201d oraz \u201eSzko\u0142a mem\u00f3w\u201d. Proponuje spojrzenie na edukacj\u0119 przez pryzmat najnowszych osi\u0105gni\u0119\u0107 neurobiologii. Propagator dydaktyki ewolucyjnej [&hellip;]\" \/>\n<meta property=\"og:url\" content=\"https:\/\/uniwersytetotwarty.us.edu.pl\/ko\/kongres-oswiaty\/neurobiologia-codziennosci-dlaczego-nasze-duze-mozgi-miewaja-tyle-klopotow\/\" \/>\n<meta property=\"og:site_name\" content=\"Kongres O\u015bwiaty\" \/>\n<meta property=\"article:modified_time\" content=\"2024-09-03T09:10:41+00:00\" \/>\n<meta property=\"og:image\" content=\"https:\/\/uniwersytetotwarty.us.edu.pl\/ko\/wp-content\/uploads\/sites\/7\/2024\/09\/Kaczmarzyk-1024x793.jpg\" \/>\n<meta name=\"twitter:card\" content=\"summary_large_image\" \/>\n<meta name=\"twitter:label1\" content=\"Szacowany czas czytania\" \/>\n\t<meta name=\"twitter:data1\" content=\"1 minuta\" \/>\n<script type=\"application\/ld+json\" class=\"yoast-schema-graph\">{\"@context\":\"https:\\\/\\\/schema.org\",\"@graph\":[{\"@type\":\"WebPage\",\"@id\":\"https:\\\/\\\/uniwersytetotwarty.us.edu.pl\\\/ko\\\/kongres-oswiaty\\\/neurobiologia-codziennosci-dlaczego-nasze-duze-mozgi-miewaja-tyle-klopotow\\\/\",\"url\":\"https:\\\/\\\/uniwersytetotwarty.us.edu.pl\\\/ko\\\/kongres-oswiaty\\\/neurobiologia-codziennosci-dlaczego-nasze-duze-mozgi-miewaja-tyle-klopotow\\\/\",\"name\":\"Neurobiologia codzienno\u015bci. Dlaczego nasze du\u017ce m\u00f3zgi miewaj\u0105 tyle k\u0142opot\u00f3w? - Kongres O\u015bwiaty\",\"isPartOf\":{\"@id\":\"https:\\\/\\\/uniwersytetotwarty.us.edu.pl\\\/ko\\\/#website\"},\"primaryImageOfPage\":{\"@id\":\"https:\\\/\\\/uniwersytetotwarty.us.edu.pl\\\/ko\\\/kongres-oswiaty\\\/neurobiologia-codziennosci-dlaczego-nasze-duze-mozgi-miewaja-tyle-klopotow\\\/#primaryimage\"},\"image\":{\"@id\":\"https:\\\/\\\/uniwersytetotwarty.us.edu.pl\\\/ko\\\/kongres-oswiaty\\\/neurobiologia-codziennosci-dlaczego-nasze-duze-mozgi-miewaja-tyle-klopotow\\\/#primaryimage\"},\"thumbnailUrl\":\"https:\\\/\\\/uniwersytetotwarty.us.edu.pl\\\/ko\\\/wp-content\\\/uploads\\\/sites\\\/7\\\/2024\\\/09\\\/Kaczmarzyk-1024x793.jpg\",\"datePublished\":\"2024-09-03T09:10:03+00:00\",\"dateModified\":\"2024-09-03T09:10:41+00:00\",\"breadcrumb\":{\"@id\":\"https:\\\/\\\/uniwersytetotwarty.us.edu.pl\\\/ko\\\/kongres-oswiaty\\\/neurobiologia-codziennosci-dlaczego-nasze-duze-mozgi-miewaja-tyle-klopotow\\\/#breadcrumb\"},\"inLanguage\":\"pl-PL\",\"potentialAction\":[{\"@type\":\"ReadAction\",\"target\":[\"https:\\\/\\\/uniwersytetotwarty.us.edu.pl\\\/ko\\\/kongres-oswiaty\\\/neurobiologia-codziennosci-dlaczego-nasze-duze-mozgi-miewaja-tyle-klopotow\\\/\"]}]},{\"@type\":\"ImageObject\",\"inLanguage\":\"pl-PL\",\"@id\":\"https:\\\/\\\/uniwersytetotwarty.us.edu.pl\\\/ko\\\/kongres-oswiaty\\\/neurobiologia-codziennosci-dlaczego-nasze-duze-mozgi-miewaja-tyle-klopotow\\\/#primaryimage\",\"url\":\"https:\\\/\\\/uniwersytetotwarty.us.edu.pl\\\/ko\\\/wp-content\\\/uploads\\\/sites\\\/7\\\/2024\\\/09\\\/Kaczmarzyk-scaled.jpg\",\"contentUrl\":\"https:\\\/\\\/uniwersytetotwarty.us.edu.pl\\\/ko\\\/wp-content\\\/uploads\\\/sites\\\/7\\\/2024\\\/09\\\/Kaczmarzyk-scaled.jpg\",\"width\":2560,\"height\":1983},{\"@type\":\"BreadcrumbList\",\"@id\":\"https:\\\/\\\/uniwersytetotwarty.us.edu.pl\\\/ko\\\/kongres-oswiaty\\\/neurobiologia-codziennosci-dlaczego-nasze-duze-mozgi-miewaja-tyle-klopotow\\\/#breadcrumb\",\"itemListElement\":[{\"@type\":\"ListItem\",\"position\":1,\"name\":\"Strona g\u0142\u00f3wna\",\"item\":\"https:\\\/\\\/uniwersytetotwarty.us.edu.pl\\\/ko\\\/\"},{\"@type\":\"ListItem\",\"position\":2,\"name\":\"Kongres O\u015bwiaty\",\"item\":\"https:\\\/\\\/uniwersytetotwarty.us.edu.pl\\\/ko\\\/\"},{\"@type\":\"ListItem\",\"position\":3,\"name\":\"Neurobiologia codzienno\u015bci. Dlaczego nasze du\u017ce m\u00f3zgi miewaj\u0105 tyle k\u0142opot\u00f3w?\"}]},{\"@type\":\"WebSite\",\"@id\":\"https:\\\/\\\/uniwersytetotwarty.us.edu.pl\\\/ko\\\/#website\",\"url\":\"https:\\\/\\\/uniwersytetotwarty.us.edu.pl\\\/ko\\\/\",\"name\":\"Kongres O\u015bwiaty\",\"description\":\"\",\"publisher\":{\"@id\":\"https:\\\/\\\/uniwersytetotwarty.us.edu.pl\\\/ko\\\/#organization\"},\"potentialAction\":[{\"@type\":\"SearchAction\",\"target\":{\"@type\":\"EntryPoint\",\"urlTemplate\":\"https:\\\/\\\/uniwersytetotwarty.us.edu.pl\\\/ko\\\/?s={search_term_string}\"},\"query-input\":{\"@type\":\"PropertyValueSpecification\",\"valueRequired\":true,\"valueName\":\"search_term_string\"}}],\"inLanguage\":\"pl-PL\"},{\"@type\":\"Organization\",\"@id\":\"https:\\\/\\\/uniwersytetotwarty.us.edu.pl\\\/ko\\\/#organization\",\"name\":\"Uniwersytet \u015al\u0105ski\",\"url\":\"https:\\\/\\\/uniwersytetotwarty.us.edu.pl\\\/ko\\\/\",\"logo\":{\"@type\":\"ImageObject\",\"inLanguage\":\"pl-PL\",\"@id\":\"https:\\\/\\\/uniwersytetotwarty.us.edu.pl\\\/ko\\\/#\\\/schema\\\/logo\\\/image\\\/\",\"url\":\"https:\\\/\\\/uniwersytetotwarty.us.edu.pl\\\/ko\\\/wp-content\\\/uploads\\\/sites\\\/7\\\/2023\\\/08\\\/US_UO-biale.png\",\"contentUrl\":\"https:\\\/\\\/uniwersytetotwarty.us.edu.pl\\\/ko\\\/wp-content\\\/uploads\\\/sites\\\/7\\\/2023\\\/08\\\/US_UO-biale.png\",\"width\":1923,\"height\":326,\"caption\":\"Uniwersytet \u015al\u0105ski\"},\"image\":{\"@id\":\"https:\\\/\\\/uniwersytetotwarty.us.edu.pl\\\/ko\\\/#\\\/schema\\\/logo\\\/image\\\/\"}}]}<\/script>\n<!-- \/ Yoast SEO plugin. -->","yoast_head_json":{"title":"Neurobiologia codzienno\u015bci. Dlaczego nasze du\u017ce m\u00f3zgi miewaj\u0105 tyle k\u0142opot\u00f3w? - Kongres O\u015bwiaty","robots":{"index":"index","follow":"follow","max-snippet":"max-snippet:-1","max-image-preview":"max-image-preview:large","max-video-preview":"max-video-preview:-1"},"canonical":"https:\/\/uniwersytetotwarty.us.edu.pl\/ko\/kongres-oswiaty\/neurobiologia-codziennosci-dlaczego-nasze-duze-mozgi-miewaja-tyle-klopotow\/","og_locale":"pl_PL","og_type":"article","og_title":"Neurobiologia codzienno\u015bci. Dlaczego nasze du\u017ce m\u00f3zgi miewaj\u0105 tyle k\u0142opot\u00f3w? - Kongres O\u015bwiaty","og_description":"dr Marek Kaczmarzyk prof. U\u015a \u2013 biolog, neurodydaktyk i memetyk, nauczyciel i wyk\u0142adowca. Teoretyk edukacji i pisarz. Autor artyku\u0142\u00f3w i ksi\u0105\u017cek z zakresu biologicznych kontekst\u00f3w kszta\u0142cenia. Najwa\u017cniejsze z nich to &#8220;Strefa napi\u0119\u0107. Historia naturalna konfliktu z nastolatkiem&#8221;, \u201eUnikat. Biologia wyj\u0105tkowo\u015bci\u201d oraz \u201eSzko\u0142a mem\u00f3w\u201d. Proponuje spojrzenie na edukacj\u0119 przez pryzmat najnowszych osi\u0105gni\u0119\u0107 neurobiologii. Propagator dydaktyki ewolucyjnej [&hellip;]","og_url":"https:\/\/uniwersytetotwarty.us.edu.pl\/ko\/kongres-oswiaty\/neurobiologia-codziennosci-dlaczego-nasze-duze-mozgi-miewaja-tyle-klopotow\/","og_site_name":"Kongres O\u015bwiaty","article_modified_time":"2024-09-03T09:10:41+00:00","og_image":[{"url":"https:\/\/uniwersytetotwarty.us.edu.pl\/ko\/wp-content\/uploads\/sites\/7\/2024\/09\/Kaczmarzyk-1024x793.jpg","type":"","width":"","height":""}],"twitter_card":"summary_large_image","twitter_misc":{"Szacowany czas czytania":"1 minuta"},"schema":{"@context":"https:\/\/schema.org","@graph":[{"@type":"WebPage","@id":"https:\/\/uniwersytetotwarty.us.edu.pl\/ko\/kongres-oswiaty\/neurobiologia-codziennosci-dlaczego-nasze-duze-mozgi-miewaja-tyle-klopotow\/","url":"https:\/\/uniwersytetotwarty.us.edu.pl\/ko\/kongres-oswiaty\/neurobiologia-codziennosci-dlaczego-nasze-duze-mozgi-miewaja-tyle-klopotow\/","name":"Neurobiologia codzienno\u015bci. Dlaczego nasze du\u017ce m\u00f3zgi miewaj\u0105 tyle k\u0142opot\u00f3w? - Kongres O\u015bwiaty","isPartOf":{"@id":"https:\/\/uniwersytetotwarty.us.edu.pl\/ko\/#website"},"primaryImageOfPage":{"@id":"https:\/\/uniwersytetotwarty.us.edu.pl\/ko\/kongres-oswiaty\/neurobiologia-codziennosci-dlaczego-nasze-duze-mozgi-miewaja-tyle-klopotow\/#primaryimage"},"image":{"@id":"https:\/\/uniwersytetotwarty.us.edu.pl\/ko\/kongres-oswiaty\/neurobiologia-codziennosci-dlaczego-nasze-duze-mozgi-miewaja-tyle-klopotow\/#primaryimage"},"thumbnailUrl":"https:\/\/uniwersytetotwarty.us.edu.pl\/ko\/wp-content\/uploads\/sites\/7\/2024\/09\/Kaczmarzyk-1024x793.jpg","datePublished":"2024-09-03T09:10:03+00:00","dateModified":"2024-09-03T09:10:41+00:00","breadcrumb":{"@id":"https:\/\/uniwersytetotwarty.us.edu.pl\/ko\/kongres-oswiaty\/neurobiologia-codziennosci-dlaczego-nasze-duze-mozgi-miewaja-tyle-klopotow\/#breadcrumb"},"inLanguage":"pl-PL","potentialAction":[{"@type":"ReadAction","target":["https:\/\/uniwersytetotwarty.us.edu.pl\/ko\/kongres-oswiaty\/neurobiologia-codziennosci-dlaczego-nasze-duze-mozgi-miewaja-tyle-klopotow\/"]}]},{"@type":"ImageObject","inLanguage":"pl-PL","@id":"https:\/\/uniwersytetotwarty.us.edu.pl\/ko\/kongres-oswiaty\/neurobiologia-codziennosci-dlaczego-nasze-duze-mozgi-miewaja-tyle-klopotow\/#primaryimage","url":"https:\/\/uniwersytetotwarty.us.edu.pl\/ko\/wp-content\/uploads\/sites\/7\/2024\/09\/Kaczmarzyk-scaled.jpg","contentUrl":"https:\/\/uniwersytetotwarty.us.edu.pl\/ko\/wp-content\/uploads\/sites\/7\/2024\/09\/Kaczmarzyk-scaled.jpg","width":2560,"height":1983},{"@type":"BreadcrumbList","@id":"https:\/\/uniwersytetotwarty.us.edu.pl\/ko\/kongres-oswiaty\/neurobiologia-codziennosci-dlaczego-nasze-duze-mozgi-miewaja-tyle-klopotow\/#breadcrumb","itemListElement":[{"@type":"ListItem","position":1,"name":"Strona g\u0142\u00f3wna","item":"https:\/\/uniwersytetotwarty.us.edu.pl\/ko\/"},{"@type":"ListItem","position":2,"name":"Kongres O\u015bwiaty","item":"https:\/\/uniwersytetotwarty.us.edu.pl\/ko\/"},{"@type":"ListItem","position":3,"name":"Neurobiologia codzienno\u015bci. Dlaczego nasze du\u017ce m\u00f3zgi miewaj\u0105 tyle k\u0142opot\u00f3w?"}]},{"@type":"WebSite","@id":"https:\/\/uniwersytetotwarty.us.edu.pl\/ko\/#website","url":"https:\/\/uniwersytetotwarty.us.edu.pl\/ko\/","name":"Kongres O\u015bwiaty","description":"","publisher":{"@id":"https:\/\/uniwersytetotwarty.us.edu.pl\/ko\/#organization"},"potentialAction":[{"@type":"SearchAction","target":{"@type":"EntryPoint","urlTemplate":"https:\/\/uniwersytetotwarty.us.edu.pl\/ko\/?s={search_term_string}"},"query-input":{"@type":"PropertyValueSpecification","valueRequired":true,"valueName":"search_term_string"}}],"inLanguage":"pl-PL"},{"@type":"Organization","@id":"https:\/\/uniwersytetotwarty.us.edu.pl\/ko\/#organization","name":"Uniwersytet \u015al\u0105ski","url":"https:\/\/uniwersytetotwarty.us.edu.pl\/ko\/","logo":{"@type":"ImageObject","inLanguage":"pl-PL","@id":"https:\/\/uniwersytetotwarty.us.edu.pl\/ko\/#\/schema\/logo\/image\/","url":"https:\/\/uniwersytetotwarty.us.edu.pl\/ko\/wp-content\/uploads\/sites\/7\/2023\/08\/US_UO-biale.png","contentUrl":"https:\/\/uniwersytetotwarty.us.edu.pl\/ko\/wp-content\/uploads\/sites\/7\/2023\/08\/US_UO-biale.png","width":1923,"height":326,"caption":"Uniwersytet \u015al\u0105ski"},"image":{"@id":"https:\/\/uniwersytetotwarty.us.edu.pl\/ko\/#\/schema\/logo\/image\/"}}]}},"_links":{"self":[{"href":"https:\/\/uniwersytetotwarty.us.edu.pl\/ko\/wp-json\/wp\/v2\/pages\/540","targetHints":{"allow":["GET"]}}],"collection":[{"href":"https:\/\/uniwersytetotwarty.us.edu.pl\/ko\/wp-json\/wp\/v2\/pages"}],"about":[{"href":"https:\/\/uniwersytetotwarty.us.edu.pl\/ko\/wp-json\/wp\/v2\/types\/page"}],"author":[{"embeddable":true,"href":"https:\/\/uniwersytetotwarty.us.edu.pl\/ko\/wp-json\/wp\/v2\/users\/2"}],"replies":[{"embeddable":true,"href":"https:\/\/uniwersytetotwarty.us.edu.pl\/ko\/wp-json\/wp\/v2\/comments?post=540"}],"version-history":[{"count":4,"href":"https:\/\/uniwersytetotwarty.us.edu.pl\/ko\/wp-json\/wp\/v2\/pages\/540\/revisions"}],"predecessor-version":[{"id":544,"href":"https:\/\/uniwersytetotwarty.us.edu.pl\/ko\/wp-json\/wp\/v2\/pages\/540\/revisions\/544"}],"up":[{"embeddable":true,"href":"https:\/\/uniwersytetotwarty.us.edu.pl\/ko\/wp-json\/wp\/v2\/pages\/2"}],"wp:attachment":[{"href":"https:\/\/uniwersytetotwarty.us.edu.pl\/ko\/wp-json\/wp\/v2\/media?parent=540"}],"curies":[{"name":"wp","href":"https:\/\/api.w.org\/{rel}","templated":true}]}}