{"id":315,"date":"2024-05-15T11:11:00","date_gmt":"2024-05-15T09:11:00","guid":{"rendered":"https:\/\/uniwersytetotwarty.us.edu.pl\/dzieci\/?page_id=315"},"modified":"2025-01-24T12:18:15","modified_gmt":"2025-01-24T11:18:15","slug":"poszukiwacze-relacje-z-zajec","status":"publish","type":"page","link":"https:\/\/uniwersytetotwarty.us.edu.pl\/dzieci\/zajecia\/zajecia-poszukiwacze\/poszukiwacze-relacje-z-zajec\/","title":{"rendered":"Poszukiwacze | Relacje z zaj\u0119\u0107"},"content":{"rendered":"\t\t<div data-elementor-type=\"wp-page\" data-elementor-id=\"315\" class=\"elementor elementor-315\" data-elementor-post-type=\"page\">\n\t\t\t\t\t\t<section class=\"elementor-section elementor-top-section elementor-element elementor-element-2118a75 elementor-section-boxed elementor-section-height-default elementor-section-height-default\" data-id=\"2118a75\" data-element_type=\"section\" data-e-type=\"section\">\n\t\t\t\t\t\t<div class=\"elementor-container elementor-column-gap-default\">\n\t\t\t\t\t<div class=\"elementor-column elementor-col-100 elementor-top-column elementor-element elementor-element-fe9adb8\" data-id=\"fe9adb8\" data-element_type=\"column\" data-e-type=\"column\">\n\t\t\t<div class=\"elementor-widget-wrap elementor-element-populated\">\n\t\t\t\t\t\t<div class=\"elementor-element elementor-element-036bd73 elementor-grid-4 elementor-grid-tablet-2 elementor-grid-mobile-1 elementor-posts--thumbnail-top elementor-card-shadow-yes elementor-posts__hover-gradient elementor-widget elementor-widget-posts\" data-id=\"036bd73\" data-element_type=\"widget\" data-e-type=\"widget\" data-settings=\"{&quot;cards_columns&quot;:&quot;4&quot;,&quot;pagination_type&quot;:&quot;load_more_infinite_scroll&quot;,&quot;cards_columns_tablet&quot;:&quot;2&quot;,&quot;cards_columns_mobile&quot;:&quot;1&quot;,&quot;cards_row_gap&quot;:{&quot;unit&quot;:&quot;px&quot;,&quot;size&quot;:35,&quot;sizes&quot;:[]},&quot;cards_row_gap_tablet&quot;:{&quot;unit&quot;:&quot;px&quot;,&quot;size&quot;:&quot;&quot;,&quot;sizes&quot;:[]},&quot;cards_row_gap_mobile&quot;:{&quot;unit&quot;:&quot;px&quot;,&quot;size&quot;:&quot;&quot;,&quot;sizes&quot;:[]},&quot;load_more_spinner&quot;:{&quot;value&quot;:&quot;fas fa-spinner&quot;,&quot;library&quot;:&quot;fa-solid&quot;}}\" data-widget_type=\"posts.cards\">\n\t\t\t\t<div class=\"elementor-widget-container\">\n\t\t\t\t\t\t\t<div class=\"elementor-posts-container elementor-posts elementor-posts--skin-cards elementor-grid\" role=\"list\">\n\t\t\t\t<article class=\"elementor-post elementor-grid-item post-5799 post type-post status-publish format-standard has-post-thumbnail hentry category-odkrywcy category-poszukiwacze category-2025-2026\" role=\"listitem\">\n\t\t\t<div class=\"elementor-post__card\">\n\t\t\t\t<a class=\"elementor-post__thumbnail__link\" href=\"https:\/\/uniwersytetotwarty.us.edu.pl\/dzieci\/2026\/01\/02\/turniej-rycerski-2\/\" tabindex=\"-1\" ><div class=\"elementor-post__thumbnail\"><img fetchpriority=\"high\" decoding=\"async\" width=\"300\" height=\"200\" src=\"https:\/\/uniwersytetotwarty.us.edu.pl\/dzieci\/wp-content\/uploads\/sites\/14\/2026\/01\/14-2-300x200.jpg\" class=\"attachment-medium size-medium wp-image-5802\" alt=\"Turniej rycerski\" srcset=\"https:\/\/uniwersytetotwarty.us.edu.pl\/dzieci\/wp-content\/uploads\/sites\/14\/2026\/01\/14-2-300x200.jpg 300w, https:\/\/uniwersytetotwarty.us.edu.pl\/dzieci\/wp-content\/uploads\/sites\/14\/2026\/01\/14-2-768x512.jpg 768w, https:\/\/uniwersytetotwarty.us.edu.pl\/dzieci\/wp-content\/uploads\/sites\/14\/2026\/01\/14-2.jpg 1000w\" sizes=\"(max-width: 300px) 100vw, 300px\" \/><\/div><\/a>\n\t\t\t\t<div class=\"elementor-post__text\">\n\t\t\t\t<h2 class=\"elementor-post__title\">\n\t\t\t<a href=\"https:\/\/uniwersytetotwarty.us.edu.pl\/dzieci\/2026\/01\/02\/turniej-rycerski-2\/\" >\n\t\t\t\tTurniej rycerski\t\t\t<\/a>\n\t\t<\/h2>\n\t\t\t\t<div class=\"elementor-post__excerpt\">\n\t\t\t<p>13 grudnia 2025<\/p>\n\t\t<\/div>\n\t\t\t\t<\/div>\n\t\t\t\t\t<\/div>\n\t\t<\/article>\n\t\t\t\t<article class=\"elementor-post elementor-grid-item post-5782 post type-post status-publish format-standard has-post-thumbnail hentry category-eksperci category-mn category-odkrywcy category-poszukiwacze category-2025-2026\" role=\"listitem\">\n\t\t\t<div class=\"elementor-post__card\">\n\t\t\t\t<a class=\"elementor-post__thumbnail__link\" href=\"https:\/\/uniwersytetotwarty.us.edu.pl\/dzieci\/2026\/01\/02\/skad-sie-biora-leki\/\" tabindex=\"-1\" ><div class=\"elementor-post__thumbnail\"><img decoding=\"async\" width=\"300\" height=\"225\" src=\"https:\/\/uniwersytetotwarty.us.edu.pl\/dzieci\/wp-content\/uploads\/sites\/14\/2026\/01\/12-5-300x225.jpg\" class=\"attachment-medium size-medium wp-image-5788\" alt=\"Sk\u0105d si\u0119 bior\u0105 leki\" srcset=\"https:\/\/uniwersytetotwarty.us.edu.pl\/dzieci\/wp-content\/uploads\/sites\/14\/2026\/01\/12-5-300x225.jpg 300w, https:\/\/uniwersytetotwarty.us.edu.pl\/dzieci\/wp-content\/uploads\/sites\/14\/2026\/01\/12-5-768x576.jpg 768w, https:\/\/uniwersytetotwarty.us.edu.pl\/dzieci\/wp-content\/uploads\/sites\/14\/2026\/01\/12-5.jpg 1000w\" sizes=\"(max-width: 300px) 100vw, 300px\" \/><\/div><\/a>\n\t\t\t\t<div class=\"elementor-post__text\">\n\t\t\t\t<h2 class=\"elementor-post__title\">\n\t\t\t<a href=\"https:\/\/uniwersytetotwarty.us.edu.pl\/dzieci\/2026\/01\/02\/skad-sie-biora-leki\/\" >\n\t\t\t\tSk\u0105d si\u0119 bior\u0105 leki\t\t\t<\/a>\n\t\t<\/h2>\n\t\t\t\t<div class=\"elementor-post__excerpt\">\n\t\t\t<p>13 grudnia 2025<\/p>\n\t\t<\/div>\n\t\t\t\t<\/div>\n\t\t\t\t\t<\/div>\n\t\t<\/article>\n\t\t\t\t<article class=\"elementor-post elementor-grid-item post-5766 post type-post status-publish format-standard has-post-thumbnail hentry category-odkrywcy category-poszukiwacze category-2025-2026\" role=\"listitem\">\n\t\t\t<div class=\"elementor-post__card\">\n\t\t\t\t<a class=\"elementor-post__thumbnail__link\" href=\"https:\/\/uniwersytetotwarty.us.edu.pl\/dzieci\/2026\/01\/02\/ptasie-trele\/\" tabindex=\"-1\" ><div class=\"elementor-post__thumbnail\"><img decoding=\"async\" width=\"300\" height=\"199\" src=\"https:\/\/uniwersytetotwarty.us.edu.pl\/dzieci\/wp-content\/uploads\/sites\/14\/2026\/01\/10-5-300x199.jpg\" class=\"attachment-medium size-medium wp-image-5772\" alt=\"Ptasie trele\" srcset=\"https:\/\/uniwersytetotwarty.us.edu.pl\/dzieci\/wp-content\/uploads\/sites\/14\/2026\/01\/10-5-300x199.jpg 300w, https:\/\/uniwersytetotwarty.us.edu.pl\/dzieci\/wp-content\/uploads\/sites\/14\/2026\/01\/10-5-768x509.jpg 768w, https:\/\/uniwersytetotwarty.us.edu.pl\/dzieci\/wp-content\/uploads\/sites\/14\/2026\/01\/10-5.jpg 1000w\" sizes=\"(max-width: 300px) 100vw, 300px\" \/><\/div><\/a>\n\t\t\t\t<div class=\"elementor-post__text\">\n\t\t\t\t<h2 class=\"elementor-post__title\">\n\t\t\t<a href=\"https:\/\/uniwersytetotwarty.us.edu.pl\/dzieci\/2026\/01\/02\/ptasie-trele\/\" >\n\t\t\t\tPtasie trele\t\t\t<\/a>\n\t\t<\/h2>\n\t\t\t\t<div class=\"elementor-post__excerpt\">\n\t\t\t<p>13 grudnia 2025<\/p>\n\t\t<\/div>\n\t\t\t\t<\/div>\n\t\t\t\t\t<\/div>\n\t\t<\/article>\n\t\t\t\t<article class=\"elementor-post elementor-grid-item post-5749 post type-post status-publish format-standard has-post-thumbnail hentry category-odkrywcy category-poszukiwacze category-2025-2026\" role=\"listitem\">\n\t\t\t<div class=\"elementor-post__card\">\n\t\t\t\t<a class=\"elementor-post__thumbnail__link\" href=\"https:\/\/uniwersytetotwarty.us.edu.pl\/dzieci\/2026\/01\/02\/ptasie-trele-wyklad\/\" tabindex=\"-1\" ><div class=\"elementor-post__thumbnail\"><img loading=\"lazy\" decoding=\"async\" width=\"300\" height=\"225\" src=\"https:\/\/uniwersytetotwarty.us.edu.pl\/dzieci\/wp-content\/uploads\/sites\/14\/2026\/01\/01-8-300x225.jpg\" class=\"attachment-medium size-medium wp-image-5758\" alt=\"Ptasie trele- wyk\u0142ad\" srcset=\"https:\/\/uniwersytetotwarty.us.edu.pl\/dzieci\/wp-content\/uploads\/sites\/14\/2026\/01\/01-8-300x225.jpg 300w, https:\/\/uniwersytetotwarty.us.edu.pl\/dzieci\/wp-content\/uploads\/sites\/14\/2026\/01\/01-8-768x576.jpg 768w, https:\/\/uniwersytetotwarty.us.edu.pl\/dzieci\/wp-content\/uploads\/sites\/14\/2026\/01\/01-8.jpg 1000w\" sizes=\"(max-width: 300px) 100vw, 300px\" \/><\/div><\/a>\n\t\t\t\t<div class=\"elementor-post__text\">\n\t\t\t\t<h2 class=\"elementor-post__title\">\n\t\t\t<a href=\"https:\/\/uniwersytetotwarty.us.edu.pl\/dzieci\/2026\/01\/02\/ptasie-trele-wyklad\/\" >\n\t\t\t\tPtasie trele- wyk\u0142ad\t\t\t<\/a>\n\t\t<\/h2>\n\t\t\t\t<div class=\"elementor-post__excerpt\">\n\t\t\t<p>13 grudnia 2025<\/p>\n\t\t<\/div>\n\t\t\t\t<\/div>\n\t\t\t\t\t<\/div>\n\t\t<\/article>\n\t\t\t\t<article class=\"elementor-post elementor-grid-item post-5731 post type-post status-publish format-standard has-post-thumbnail hentry category-odkrywcy category-poszukiwacze category-2025-2026\" role=\"listitem\">\n\t\t\t<div class=\"elementor-post__card\">\n\t\t\t\t<a class=\"elementor-post__thumbnail__link\" href=\"https:\/\/uniwersytetotwarty.us.edu.pl\/dzieci\/2026\/01\/02\/o-wspolpracy-i-wspoldzialaniu-w-praktyce\/\" tabindex=\"-1\" ><div class=\"elementor-post__thumbnail\"><img loading=\"lazy\" decoding=\"async\" width=\"300\" height=\"225\" src=\"https:\/\/uniwersytetotwarty.us.edu.pl\/dzieci\/wp-content\/uploads\/sites\/14\/2026\/01\/08-2-300x225.jpg\" class=\"attachment-medium size-medium wp-image-5734\" alt=\"O wsp\u00f3\u0142pracy i wsp\u00f3\u0142dzia\u0142aniu w praktyce\" srcset=\"https:\/\/uniwersytetotwarty.us.edu.pl\/dzieci\/wp-content\/uploads\/sites\/14\/2026\/01\/08-2-300x225.jpg 300w, https:\/\/uniwersytetotwarty.us.edu.pl\/dzieci\/wp-content\/uploads\/sites\/14\/2026\/01\/08-2-768x576.jpg 768w, https:\/\/uniwersytetotwarty.us.edu.pl\/dzieci\/wp-content\/uploads\/sites\/14\/2026\/01\/08-2.jpg 1000w\" sizes=\"(max-width: 300px) 100vw, 300px\" \/><\/div><\/a>\n\t\t\t\t<div class=\"elementor-post__text\">\n\t\t\t\t<h2 class=\"elementor-post__title\">\n\t\t\t<a href=\"https:\/\/uniwersytetotwarty.us.edu.pl\/dzieci\/2026\/01\/02\/o-wspolpracy-i-wspoldzialaniu-w-praktyce\/\" >\n\t\t\t\tO wsp\u00f3\u0142pracy i wsp\u00f3\u0142dzia\u0142aniu w praktyce\t\t\t<\/a>\n\t\t<\/h2>\n\t\t\t\t<div class=\"elementor-post__excerpt\">\n\t\t\t<p>13 grudnia 2025<\/p>\n\t\t<\/div>\n\t\t\t\t<\/div>\n\t\t\t\t\t<\/div>\n\t\t<\/article>\n\t\t\t\t<article class=\"elementor-post elementor-grid-item post-5699 post type-post status-publish format-standard has-post-thumbnail hentry category-odkrywcy category-poszukiwacze category-2025-2026\" role=\"listitem\">\n\t\t\t<div class=\"elementor-post__card\">\n\t\t\t\t<a class=\"elementor-post__thumbnail__link\" href=\"https:\/\/uniwersytetotwarty.us.edu.pl\/dzieci\/2026\/01\/02\/czytanki-sowy-usi-15\/\" tabindex=\"-1\" ><div class=\"elementor-post__thumbnail\"><img loading=\"lazy\" decoding=\"async\" width=\"300\" height=\"200\" src=\"https:\/\/uniwersytetotwarty.us.edu.pl\/dzieci\/wp-content\/uploads\/sites\/14\/2026\/01\/07-16-300x200.jpg\" class=\"attachment-medium size-medium wp-image-5717\" alt=\"Czytanki Sowy Usi\" srcset=\"https:\/\/uniwersytetotwarty.us.edu.pl\/dzieci\/wp-content\/uploads\/sites\/14\/2026\/01\/07-16-300x200.jpg 300w, https:\/\/uniwersytetotwarty.us.edu.pl\/dzieci\/wp-content\/uploads\/sites\/14\/2026\/01\/07-16-768x512.jpg 768w, https:\/\/uniwersytetotwarty.us.edu.pl\/dzieci\/wp-content\/uploads\/sites\/14\/2026\/01\/07-16.jpg 1000w\" sizes=\"(max-width: 300px) 100vw, 300px\" \/><\/div><\/a>\n\t\t\t\t<div class=\"elementor-post__text\">\n\t\t\t\t<h2 class=\"elementor-post__title\">\n\t\t\t<a href=\"https:\/\/uniwersytetotwarty.us.edu.pl\/dzieci\/2026\/01\/02\/czytanki-sowy-usi-15\/\" >\n\t\t\t\tCzytanki Sowy Usi\t\t\t<\/a>\n\t\t<\/h2>\n\t\t\t\t<div class=\"elementor-post__excerpt\">\n\t\t\t<p>13 grudnia 2025<\/p>\n\t\t<\/div>\n\t\t\t\t<\/div>\n\t\t\t\t\t<\/div>\n\t\t<\/article>\n\t\t\t\t<article class=\"elementor-post elementor-grid-item post-5626 post type-post status-publish format-standard has-post-thumbnail hentry category-eksperci category-mn category-odkrywcy category-poszukiwacze category-2025-2026\" role=\"listitem\">\n\t\t\t<div class=\"elementor-post__card\">\n\t\t\t\t<a class=\"elementor-post__thumbnail__link\" href=\"https:\/\/uniwersytetotwarty.us.edu.pl\/dzieci\/2025\/12\/23\/blekitne-piesni\/\" tabindex=\"-1\" ><div class=\"elementor-post__thumbnail\"><img loading=\"lazy\" decoding=\"async\" width=\"300\" height=\"183\" src=\"https:\/\/uniwersytetotwarty.us.edu.pl\/dzieci\/wp-content\/uploads\/sites\/14\/2025\/12\/01-1-300x183.jpg\" class=\"attachment-medium size-medium wp-image-5628\" alt=\"B\u0142\u0119kitne pie\u015bni\" srcset=\"https:\/\/uniwersytetotwarty.us.edu.pl\/dzieci\/wp-content\/uploads\/sites\/14\/2025\/12\/01-1-300x183.jpg 300w, https:\/\/uniwersytetotwarty.us.edu.pl\/dzieci\/wp-content\/uploads\/sites\/14\/2025\/12\/01-1-1024x624.jpg 1024w, https:\/\/uniwersytetotwarty.us.edu.pl\/dzieci\/wp-content\/uploads\/sites\/14\/2025\/12\/01-1-768x468.jpg 768w, https:\/\/uniwersytetotwarty.us.edu.pl\/dzieci\/wp-content\/uploads\/sites\/14\/2025\/12\/01-1.jpg 1500w\" sizes=\"(max-width: 300px) 100vw, 300px\" \/><\/div><\/a>\n\t\t\t\t<div class=\"elementor-post__text\">\n\t\t\t\t<h2 class=\"elementor-post__title\">\n\t\t\t<a href=\"https:\/\/uniwersytetotwarty.us.edu.pl\/dzieci\/2025\/12\/23\/blekitne-piesni\/\" >\n\t\t\t\tB\u0142\u0119kitne pie\u015bni\t\t\t<\/a>\n\t\t<\/h2>\n\t\t\t\t<div class=\"elementor-post__excerpt\">\n\t\t\t<p>22 listopada 2025<\/p>\n\t\t<\/div>\n\t\t\t\t<\/div>\n\t\t\t\t\t<\/div>\n\t\t<\/article>\n\t\t\t\t<article class=\"elementor-post elementor-grid-item post-5598 post type-post status-publish format-standard has-post-thumbnail hentry category-odkrywcy category-poszukiwacze category-2025-2026\" role=\"listitem\">\n\t\t\t<div class=\"elementor-post__card\">\n\t\t\t\t<a class=\"elementor-post__thumbnail__link\" href=\"https:\/\/uniwersytetotwarty.us.edu.pl\/dzieci\/2025\/12\/23\/czytanki-sowy-usi-14\/\" tabindex=\"-1\" ><div class=\"elementor-post__thumbnail\"><img loading=\"lazy\" decoding=\"async\" width=\"300\" height=\"200\" src=\"https:\/\/uniwersytetotwarty.us.edu.pl\/dzieci\/wp-content\/uploads\/sites\/14\/2025\/12\/02-4-300x200.jpg\" class=\"attachment-medium size-medium wp-image-5603\" alt=\"Czytanki Sowy Usi\" srcset=\"https:\/\/uniwersytetotwarty.us.edu.pl\/dzieci\/wp-content\/uploads\/sites\/14\/2025\/12\/02-4-300x200.jpg 300w, https:\/\/uniwersytetotwarty.us.edu.pl\/dzieci\/wp-content\/uploads\/sites\/14\/2025\/12\/02-4-768x512.jpg 768w, https:\/\/uniwersytetotwarty.us.edu.pl\/dzieci\/wp-content\/uploads\/sites\/14\/2025\/12\/02-4.jpg 1000w\" sizes=\"(max-width: 300px) 100vw, 300px\" \/><\/div><\/a>\n\t\t\t\t<div class=\"elementor-post__text\">\n\t\t\t\t<h2 class=\"elementor-post__title\">\n\t\t\t<a href=\"https:\/\/uniwersytetotwarty.us.edu.pl\/dzieci\/2025\/12\/23\/czytanki-sowy-usi-14\/\" >\n\t\t\t\tCzytanki Sowy Usi\t\t\t<\/a>\n\t\t<\/h2>\n\t\t\t\t<div class=\"elementor-post__excerpt\">\n\t\t\t<p>22 listopada 2025<\/p>\n\t\t<\/div>\n\t\t\t\t<\/div>\n\t\t\t\t\t<\/div>\n\t\t<\/article>\n\t\t\t\t<\/div>\n\t\t\t\t\t<span class=\"e-load-more-spinner\">\n\t\t\t\t<i aria-hidden=\"true\" class=\"fas fa-spinner\"><\/i>\t\t\t<\/span>\n\t\t\n\t\t\t\t<div class=\"e-load-more-anchor\" data-page=\"1\" data-max-page=\"13\" data-next-page=\"https:\/\/uniwersytetotwarty.us.edu.pl\/dzieci\/wp-json\/wp\/v2\/pages\/315\/page\/2\/\"><\/div>\n\t\t\t\t<div class=\"e-load-more-message\"><\/div>\n\t\t\t\t\t\t<\/div>\n\t\t\t\t<\/div>\n\t\t\t\t\t<\/div>\n\t\t<\/div>\n\t\t\t\t\t<\/div>\n\t\t<\/section>\n\t\t\t\t<\/div>\n\t\t","protected":false},"excerpt":{"rendered":"","protected":false},"author":25,"featured_media":0,"parent":402,"menu_order":2,"comment_status":"closed","ping_status":"closed","template":"","meta":{"footnotes":""},"class_list":["post-315","page","type-page","status-publish","hentry"],"yoast_head":"<!-- This site is optimized with the Yoast SEO plugin v27.3 - https:\/\/yoast.com\/product\/yoast-seo-wordpress\/ -->\n<title>Poszukiwacze | Relacje z zaj\u0119\u0107 - U\u015a Dzieci<\/title>\n<meta name=\"robots\" content=\"noindex, follow, max-snippet:-1, max-image-preview:large, max-video-preview:-1\" \/>\n<meta property=\"og:locale\" content=\"pl_PL\" \/>\n<meta property=\"og:type\" content=\"article\" \/>\n<meta property=\"og:title\" content=\"Poszukiwacze | Relacje z zaj\u0119\u0107 - U\u015a Dzieci\" \/>\n<meta property=\"og:url\" content=\"https:\/\/uniwersytetotwarty.us.edu.pl\/dzieci\/zajecia\/zajecia-poszukiwacze\/poszukiwacze-relacje-z-zajec\/\" \/>\n<meta property=\"og:site_name\" content=\"U\u015a Dzieci\" \/>\n<meta property=\"article:modified_time\" content=\"2025-01-24T11:18:15+00:00\" \/>\n<meta name=\"twitter:card\" content=\"summary_large_image\" \/>\n<script type=\"application\/ld+json\" class=\"yoast-schema-graph\">{\"@context\":\"https:\\\/\\\/schema.org\",\"@graph\":[{\"@type\":\"WebPage\",\"@id\":\"https:\\\/\\\/uniwersytetotwarty.us.edu.pl\\\/dzieci\\\/zajecia\\\/zajecia-poszukiwacze\\\/poszukiwacze-relacje-z-zajec\\\/\",\"url\":\"https:\\\/\\\/uniwersytetotwarty.us.edu.pl\\\/dzieci\\\/zajecia\\\/zajecia-poszukiwacze\\\/poszukiwacze-relacje-z-zajec\\\/\",\"name\":\"Poszukiwacze | Relacje z zaj\u0119\u0107 - U\u015a Dzieci\",\"isPartOf\":{\"@id\":\"https:\\\/\\\/uniwersytetotwarty.us.edu.pl\\\/dzieci\\\/#website\"},\"datePublished\":\"2024-05-15T09:11:00+00:00\",\"dateModified\":\"2025-01-24T11:18:15+00:00\",\"breadcrumb\":{\"@id\":\"https:\\\/\\\/uniwersytetotwarty.us.edu.pl\\\/dzieci\\\/zajecia\\\/zajecia-poszukiwacze\\\/poszukiwacze-relacje-z-zajec\\\/#breadcrumb\"},\"inLanguage\":\"pl-PL\",\"potentialAction\":[{\"@type\":\"ReadAction\",\"target\":[\"https:\\\/\\\/uniwersytetotwarty.us.edu.pl\\\/dzieci\\\/zajecia\\\/zajecia-poszukiwacze\\\/poszukiwacze-relacje-z-zajec\\\/\"]}]},{\"@type\":\"BreadcrumbList\",\"@id\":\"https:\\\/\\\/uniwersytetotwarty.us.edu.pl\\\/dzieci\\\/zajecia\\\/zajecia-poszukiwacze\\\/poszukiwacze-relacje-z-zajec\\\/#breadcrumb\",\"itemListElement\":[{\"@type\":\"ListItem\",\"position\":1,\"name\":\"U\u015a Dzieci\",\"item\":\"https:\\\/\\\/uniwersytetotwarty.us.edu.pl\\\/dzieci\\\/\"},{\"@type\":\"ListItem\",\"position\":2,\"name\":\"Zaj\u0119cia\",\"item\":\"https:\\\/\\\/uniwersytetotwarty.us.edu.pl\\\/dzieci\\\/zajecia\\\/\"},{\"@type\":\"ListItem\",\"position\":3,\"name\":\"Zaj\u0119cia | Poszukiwacze\",\"item\":\"https:\\\/\\\/uniwersytetotwarty.us.edu.pl\\\/dzieci\\\/zajecia\\\/zajecia-poszukiwacze\\\/\"},{\"@type\":\"ListItem\",\"position\":4,\"name\":\"Poszukiwacze | Relacje z zaj\u0119\u0107\"}]},{\"@type\":\"WebSite\",\"@id\":\"https:\\\/\\\/uniwersytetotwarty.us.edu.pl\\\/dzieci\\\/#website\",\"url\":\"https:\\\/\\\/uniwersytetotwarty.us.edu.pl\\\/dzieci\\\/\",\"name\":\"U\u015a Dzieci\",\"description\":\"\",\"publisher\":{\"@id\":\"https:\\\/\\\/uniwersytetotwarty.us.edu.pl\\\/dzieci\\\/#organization\"},\"potentialAction\":[{\"@type\":\"SearchAction\",\"target\":{\"@type\":\"EntryPoint\",\"urlTemplate\":\"https:\\\/\\\/uniwersytetotwarty.us.edu.pl\\\/dzieci\\\/?s={search_term_string}\"},\"query-input\":{\"@type\":\"PropertyValueSpecification\",\"valueRequired\":true,\"valueName\":\"search_term_string\"}}],\"inLanguage\":\"pl-PL\"},{\"@type\":\"Organization\",\"@id\":\"https:\\\/\\\/uniwersytetotwarty.us.edu.pl\\\/dzieci\\\/#organization\",\"name\":\"Uniwersytet \u015al\u0105ski\",\"url\":\"https:\\\/\\\/uniwersytetotwarty.us.edu.pl\\\/dzieci\\\/\",\"logo\":{\"@type\":\"ImageObject\",\"inLanguage\":\"pl-PL\",\"@id\":\"https:\\\/\\\/uniwersytetotwarty.us.edu.pl\\\/dzieci\\\/#\\\/schema\\\/logo\\\/image\\\/\",\"url\":\"https:\\\/\\\/uniwersytetotwarty.us.edu.pl\\\/dzieci\\\/wp-content\\\/uploads\\\/sites\\\/14\\\/2023\\\/10\\\/logo-1.svg\",\"contentUrl\":\"https:\\\/\\\/uniwersytetotwarty.us.edu.pl\\\/dzieci\\\/wp-content\\\/uploads\\\/sites\\\/14\\\/2023\\\/10\\\/logo-1.svg\",\"width\":414,\"height\":71,\"caption\":\"Uniwersytet \u015al\u0105ski\"},\"image\":{\"@id\":\"https:\\\/\\\/uniwersytetotwarty.us.edu.pl\\\/dzieci\\\/#\\\/schema\\\/logo\\\/image\\\/\"}}]}<\/script>\n<!-- \/ Yoast SEO plugin. -->","yoast_head_json":{"title":"Poszukiwacze | Relacje z zaj\u0119\u0107 - U\u015a Dzieci","robots":{"index":"noindex","follow":"follow","max-snippet":"max-snippet:-1","max-image-preview":"max-image-preview:large","max-video-preview":"max-video-preview:-1"},"og_locale":"pl_PL","og_type":"article","og_title":"Poszukiwacze | Relacje z zaj\u0119\u0107 - U\u015a Dzieci","og_url":"https:\/\/uniwersytetotwarty.us.edu.pl\/dzieci\/zajecia\/zajecia-poszukiwacze\/poszukiwacze-relacje-z-zajec\/","og_site_name":"U\u015a Dzieci","article_modified_time":"2025-01-24T11:18:15+00:00","twitter_card":"summary_large_image","schema":{"@context":"https:\/\/schema.org","@graph":[{"@type":"WebPage","@id":"https:\/\/uniwersytetotwarty.us.edu.pl\/dzieci\/zajecia\/zajecia-poszukiwacze\/poszukiwacze-relacje-z-zajec\/","url":"https:\/\/uniwersytetotwarty.us.edu.pl\/dzieci\/zajecia\/zajecia-poszukiwacze\/poszukiwacze-relacje-z-zajec\/","name":"Poszukiwacze | Relacje z zaj\u0119\u0107 - U\u015a Dzieci","isPartOf":{"@id":"https:\/\/uniwersytetotwarty.us.edu.pl\/dzieci\/#website"},"datePublished":"2024-05-15T09:11:00+00:00","dateModified":"2025-01-24T11:18:15+00:00","breadcrumb":{"@id":"https:\/\/uniwersytetotwarty.us.edu.pl\/dzieci\/zajecia\/zajecia-poszukiwacze\/poszukiwacze-relacje-z-zajec\/#breadcrumb"},"inLanguage":"pl-PL","potentialAction":[{"@type":"ReadAction","target":["https:\/\/uniwersytetotwarty.us.edu.pl\/dzieci\/zajecia\/zajecia-poszukiwacze\/poszukiwacze-relacje-z-zajec\/"]}]},{"@type":"BreadcrumbList","@id":"https:\/\/uniwersytetotwarty.us.edu.pl\/dzieci\/zajecia\/zajecia-poszukiwacze\/poszukiwacze-relacje-z-zajec\/#breadcrumb","itemListElement":[{"@type":"ListItem","position":1,"name":"U\u015a Dzieci","item":"https:\/\/uniwersytetotwarty.us.edu.pl\/dzieci\/"},{"@type":"ListItem","position":2,"name":"Zaj\u0119cia","item":"https:\/\/uniwersytetotwarty.us.edu.pl\/dzieci\/zajecia\/"},{"@type":"ListItem","position":3,"name":"Zaj\u0119cia | Poszukiwacze","item":"https:\/\/uniwersytetotwarty.us.edu.pl\/dzieci\/zajecia\/zajecia-poszukiwacze\/"},{"@type":"ListItem","position":4,"name":"Poszukiwacze | Relacje z zaj\u0119\u0107"}]},{"@type":"WebSite","@id":"https:\/\/uniwersytetotwarty.us.edu.pl\/dzieci\/#website","url":"https:\/\/uniwersytetotwarty.us.edu.pl\/dzieci\/","name":"U\u015a Dzieci","description":"","publisher":{"@id":"https:\/\/uniwersytetotwarty.us.edu.pl\/dzieci\/#organization"},"potentialAction":[{"@type":"SearchAction","target":{"@type":"EntryPoint","urlTemplate":"https:\/\/uniwersytetotwarty.us.edu.pl\/dzieci\/?s={search_term_string}"},"query-input":{"@type":"PropertyValueSpecification","valueRequired":true,"valueName":"search_term_string"}}],"inLanguage":"pl-PL"},{"@type":"Organization","@id":"https:\/\/uniwersytetotwarty.us.edu.pl\/dzieci\/#organization","name":"Uniwersytet \u015al\u0105ski","url":"https:\/\/uniwersytetotwarty.us.edu.pl\/dzieci\/","logo":{"@type":"ImageObject","inLanguage":"pl-PL","@id":"https:\/\/uniwersytetotwarty.us.edu.pl\/dzieci\/#\/schema\/logo\/image\/","url":"https:\/\/uniwersytetotwarty.us.edu.pl\/dzieci\/wp-content\/uploads\/sites\/14\/2023\/10\/logo-1.svg","contentUrl":"https:\/\/uniwersytetotwarty.us.edu.pl\/dzieci\/wp-content\/uploads\/sites\/14\/2023\/10\/logo-1.svg","width":414,"height":71,"caption":"Uniwersytet \u015al\u0105ski"},"image":{"@id":"https:\/\/uniwersytetotwarty.us.edu.pl\/dzieci\/#\/schema\/logo\/image\/"}}]}},"_links":{"self":[{"href":"https:\/\/uniwersytetotwarty.us.edu.pl\/dzieci\/wp-json\/wp\/v2\/pages\/315","targetHints":{"allow":["GET"]}}],"collection":[{"href":"https:\/\/uniwersytetotwarty.us.edu.pl\/dzieci\/wp-json\/wp\/v2\/pages"}],"about":[{"href":"https:\/\/uniwersytetotwarty.us.edu.pl\/dzieci\/wp-json\/wp\/v2\/types\/page"}],"author":[{"embeddable":true,"href":"https:\/\/uniwersytetotwarty.us.edu.pl\/dzieci\/wp-json\/wp\/v2\/users\/25"}],"replies":[{"embeddable":true,"href":"https:\/\/uniwersytetotwarty.us.edu.pl\/dzieci\/wp-json\/wp\/v2\/comments?post=315"}],"version-history":[{"count":10,"href":"https:\/\/uniwersytetotwarty.us.edu.pl\/dzieci\/wp-json\/wp\/v2\/pages\/315\/revisions"}],"predecessor-version":[{"id":2500,"href":"https:\/\/uniwersytetotwarty.us.edu.pl\/dzieci\/wp-json\/wp\/v2\/pages\/315\/revisions\/2500"}],"up":[{"embeddable":true,"href":"https:\/\/uniwersytetotwarty.us.edu.pl\/dzieci\/wp-json\/wp\/v2\/pages\/402"}],"wp:attachment":[{"href":"https:\/\/uniwersytetotwarty.us.edu.pl\/dzieci\/wp-json\/wp\/v2\/media?parent=315"}],"curies":[{"name":"wp","href":"https:\/\/api.w.org\/{rel}","templated":true}]}}