{"id":248,"date":"2023-10-30T12:24:30","date_gmt":"2023-10-30T11:24:30","guid":{"rendered":"https:\/\/uniwersytetotwarty.us.edu.pl\/dzieci\/?page_id=248"},"modified":"2023-10-30T12:27:44","modified_gmt":"2023-10-30T11:27:44","slug":"flooreski","status":"publish","type":"page","link":"https:\/\/uniwersytetotwarty.us.edu.pl\/dzieci\/flooreski\/","title":{"rendered":"Flooreski"},"content":{"rendered":"\t\t<div data-elementor-type=\"wp-page\" data-elementor-id=\"248\" class=\"elementor elementor-248\" data-elementor-post-type=\"page\">\n\t\t\t\t\t\t<section class=\"elementor-section elementor-top-section elementor-element elementor-element-07b843a elementor-section-boxed elementor-section-height-default elementor-section-height-default\" data-id=\"07b843a\" data-element_type=\"section\" data-e-type=\"section\">\n\t\t\t\t\t\t<div class=\"elementor-container elementor-column-gap-default\">\n\t\t\t\t\t<div class=\"elementor-column elementor-col-66 elementor-top-column elementor-element elementor-element-8613d09\" data-id=\"8613d09\" data-element_type=\"column\" data-e-type=\"column\">\n\t\t\t<div class=\"elementor-widget-wrap elementor-element-populated\">\n\t\t\t\t\t\t<div class=\"elementor-element elementor-element-37499c2 elementor-widget elementor-widget-text-editor\" data-id=\"37499c2\" data-element_type=\"widget\" data-e-type=\"widget\" data-widget_type=\"text-editor.default\">\n\t\t\t\t<div class=\"elementor-widget-container\">\n\t\t\t\t\t\t\t\t\t<h2>Ma\u0142a Akademia Teatru i Ta\u0144ca Flooreski<\/h2><div class=\"clear-block\"><div id=\"node-20962\" class=\"node\"><div class=\"content clear-block\"><p>Ma\u0142a Akademia Teatru i Ta\u0144ca Flooreski \u00a0Uniwersytetu \u015al\u0105skiego Dzieci to Grupa Tw\u00f3rcza, kt\u00f3ra powsta\u0142a w 2013 r. Skupia ona student\u00f3w Uniwersytetu \u015al\u0105skiego Dzieci w r\u00f3\u017cnym wieku, utalentowanych aktorsko, tanecznie i muzycznie, a tak\u017ce pe\u0142nych tw\u00f3rczego zapa\u0142u oraz pragn\u0105cych prezentowa\u0107 si\u0119 na scenie przed szerok\u0105 publiczno\u015bci\u0105.<\/p><p>W sk\u0142ad MATT U\u015aD wchodz\u0105 studenci reprezentuj\u0105cych\u00a0wszystkie grupy wiekowe:\u00a0 Poszukiwacze, Odkrywcy, M\u0142odzi Naukowcy oraz Eksperci.<br \/>Studenci mog\u0105 uczestniczy\u0107 w zaj\u0119ciach:<\/p><ul><li>aktorskich<\/li><li>tanecznych<\/li><li>modelingu<\/li><\/ul><p>G\u0142\u00f3wnym za\u0142o\u017ceniem programowym oraz nurtem edukacji artystycznej realizowanej w MATT jest wszechstronny rozw\u00f3j osobowo\u015bci, talentu, pasji oraz zainteresowa\u0144 dzieci i m\u0142odzie\u017cy w oparciu o: teatr \u2013 taniec \u2013 muzyk\u0119.<img decoding=\"async\" src=\"https:\/\/dzieci.us.edu.pl\/sites\/dzieci.us.edu.pl\/files\/Lidka%20Bie%C5%84.jpg\" alt=\"\" \/><\/p><p>Program edukacji artystycznej MATT stanowi wprowadzenie m\u0142odych artyst\u00f3w w \u015bwiat sztuki scenicznej wielu ekspresji, w formie realizacji widowisk oraz spektakli teatralnych, budowanych w aspekcie komunikacji werbalnej oraz niewerbalnej z zastosowaniem gry aktorskiej, ta\u0144ca i muzyki oraz r\u00f3\u017cnorodnych \u015brodk\u00f3w wyrazu artystycznego.<\/p><p>Istotnym za\u0142o\u017ceniem edukacyjnym jest zapoznanie dzieci i m\u0142odzie\u017cy z profesjonaln\u0105 terminologi\u0105 wybranych zagadnie\u0144 oraz kszta\u0142towanie umiej\u0119tno\u015bci autoprezentacji w kreowaniu wizerunku nie tylko artystycznego.<\/p><p>Podczas tw\u00f3rczych spotka\u0144 dzieci i m\u0142odzie\u017c uczestnicz\u0105cy w zaj\u0119ciach Ma\u0142ej Akademii Teatru i Ta\u0144ca stymuluj\u0105 procesy intelektualne poprzez zapami\u0119tywanie roli (tekstu), uk\u0142ad\u00f3w tanecznych i ruchowych, a tak\u017ce zdolno\u015bci analizy i interpretacji utwor\u00f3w literackich. Doskonal\u0105 tak\u017ce gr\u0119 aktorsk\u0105, jako umiej\u0119tno\u015b\u0107 \u201ewchodzenia w rol\u0119\u201d, pracuj\u0105 z \u017cywym s\u0142owem, \u0107wicz\u0105 dykcj\u0119, emisj\u0119 g\u0142osu, buduj\u0105 choreografi\u0119, ruch sceniczny, operuj\u0105 kostiumem i rekwizytem.<br \/>W ramach zaj\u0119\u0107 tanecznych zapoznaj\u0105 si\u0119 z r\u00f3\u017cnorodnymi technikami i stylami, takimi jak: taniec nowoczesny z elementami baletu, taniec kreatywny, charakterystyczny, modern, jazz, czy hip &#8211; hop.<\/p><p>Realizuj\u0105c kolejne zadania taneczne i ruchowe m\u0142odzi tw\u00f3rcy lepiej rozumiej\u0105 konieczno\u015b\u0107 pracy nad technik\u0105 ta\u0144ca, koordynacj\u0105 ruchow\u0105, \u015bwiadomo\u015bci\u0105 transformacji ruchu w przestrzeni. Rozwijaj\u0105 poczucie estetyki i harmonii wykonywanych element\u00f3w, krok\u00f3w, czy figur tanecznych, ich w\u0142a\u015bciwej synchronizacji, ekspresji, dynamiki oraz og\u00f3lnego wyrazu artystycznego kompozycji choreograficznych, inspirowanych fabu\u0142\u0105 realizowanego spektaklu teatralnego.<\/p><p>Kreatywnym dzia\u0142aniom aktorskim oraz ruchowym i tanecznym MATT stale towarzyszy muzyka. Jej r\u00f3\u017cnorodno\u015b\u0107 oraz tematyka \u015bci\u015ble zwi\u0105zane s\u0105 z rodzajem zaj\u0119\u0107 oraz realizowanym spektaklem teatralnym. Sta\u0142y kontakt dzieci i m\u0142odzie\u017cy z warto\u015bciami jakie nios\u0105 z sob\u0105 kompozycje muzyczne w spos\u00f3b znacz\u0105cy wp\u0142ywa na rozbudzanie wra\u017cliwo\u015bci muzycznej, stymulowanie s\u0142uchu muzycznego, poczucia rytmu, tempa, dynamiki oraz rozumienie klimatu i umiej\u0119tno\u015b\u0107 interpretacji ruchowej utwor\u00f3w muzycznych.<br \/>Jak wiemy, muzyka \u0142agodzi obyczaje, wprowadza w pozytywny nastr\u00f3j, a tak\u017ce stanowi nieod\u0142\u0105czny element wielu dzia\u0142a\u0144 artystycznych.<\/p><p>Spotkania Ma\u0142ej Akademii Teatru i Ta\u0144ca stanowi\u0105 r\u00f3wnie\u017c form\u0119 aktywnego sp\u0119dzania czasu wolnego oraz relaksu, uwalniaj\u0105cego od napi\u0119\u0107 i stresu dnia codziennego. Wyzwalaj\u0105 pozytywne uczucia i emocje w\u015br\u00f3d dzieci i m\u0142odzie\u017cy, kt\u00f3re podczas wsp\u00f3lnych spotka\u0144 podejm\u0105 r\u00f3\u017cnorodne role artystyczne oraz kolejne tw\u00f3rcze wyzwania.<br \/>W atmosferze wzajemnej akceptacji i empatii m\u0142odzi tw\u00f3rcy buduj\u0105 pozytywne relacje w grupie r\u00f3wie\u015bniczej, nawi\u0105zuj\u0105 liczne przyja\u017anie, a tak\u017ce zdobywaj\u0105 poczucie w\u0142asnego progresu i warto\u015bci, prezentuj\u0105c swe artystyczne osi\u0105gni\u0119cia przed przyjaci\u00f3\u0142mi, a nast\u0119pnie przed szerok\u0105 publiczno\u015bci\u0105.<\/p><p>Edukacja artystyczna MATT realizowana jest z wykorzystaniem innowacyjnych i kreatywnych metod oraz form pracy, wyzwalaj\u0105cych wszechstronn\u0105, wielotorow\u0105 ekspresj\u0119 oraz potencja\u0142 tw\u00f3rczy dzieci i m\u0142odzie\u017cy.<br \/>Proponowane zagadnienia prezentowane s\u0105 w formie improwizacji, etiud, obrazk\u00f3w tanecznych i ruchowych, miniatur, inscenizacji i widowisk teatralnych, w oparciu o autorskie scenariusze, re\u017cyseri\u0119, opracowanie choreograficzne, muzyczne, kostiumologiczne i scenograficzne.<\/p><p><strong>Zaj\u0119cia w Rektoracie U\u015a ul. Bankowa 12<\/strong><\/p><p><strong><em>Program Ma\u0142ej Akademii Teatru i Ta\u0144ca<\/em><\/strong><\/p><ol type=\"I\"><li><strong>Gra aktorska<\/strong><ul><li>Elementarne zadania aktorskie<\/li><li>Budowanie postaci, wchodzenie w rol\u0119<\/li><li>Dykcja<\/li><li>Emisja g\u0142osu<\/li><li>Praca z tekstem<\/li><li>Interpretacja prozy i wiersza<\/li><li>Sceny dialogowe<\/li><li>Konstruowanie zdarzenia scenicznego<\/li><li>Monologi<\/li><li>Improwizacja<\/li><li>Drama<\/li><\/ul><\/li><li><strong>Komunikacja werbalna i niewerbalna w sztuce<\/strong><\/li><li><strong>Ekspresja<\/strong><\/li><li><strong>Ruch sceniczny:<\/strong><ul><li>Plastyka ruchu, estetyka, harmonia<\/li><li>Elementy rytmiki<\/li><li>Praca z kostiumem i rekwizytem<\/li><li>Stosowanie r\u00f3\u017cnorodnych \u015brodk\u00f3w wyrazu artystycznego<\/li><\/ul><\/li><li><strong>Choreografia kompozycji tanecznych (wybrane zagadnienia)<\/strong>:<ul><li>Taniec klasyczny (balet)<\/li><li>Taniec nowoczesny<\/li><li>Modern<\/li><li>Jazz<\/li><li>Taniec kreatywny<\/li><li>Taniec historyczny<\/li><li>Taniec charakterystyczny<\/li><li>Improwizacja<\/li><\/ul><\/li><li><strong>Praca przed obiektywem<\/strong><\/li><li><strong>Realizacja spektakli teatralnych prezentowanychna scenie przed szerok\u0105 publiczno\u015bci\u0105<\/strong><\/li><\/ol><p>Utalentowani artystycznie studenci tworz\u0105cy Ma\u0142\u0105 Akademi\u0119 Teatru i Ta\u0144ca\u00a0Uniwersytetu \u015al\u0105skiego Dzieci aktywnie uczestnicz\u0105 w wielu tw\u00f3rczych dzia\u0142aniach i przedsi\u0119wzi\u0119ciach edukacyjnych. Ogromnym sukcesem MATT sta\u0142a si\u0119 prezentacja podczas obchod\u00f3w V Jubileuszu Uniwersytetu \u015al\u0105skiego Dzieci spektaklu teatralnego \u201eMa\u0142y Ksi\u0105\u017c\u0119\u201d na scenie Akademii Muzycznej w Katowicach.<br \/>Kolejnym wyzwaniem artystycznym MATT sta\u0142 si\u0119 spektakl \u201eAlicja po drugiej stronie lustra\u201d po\u0142\u0105czony z Pokazem Mody kolekcji ubior\u00f3w znanego projektanta odzie\u017cy dzieci\u0119cej \u2013 Firmy MMDadak.<br \/>W tej ods\u0142onie studenci Uniwersytetu \u015al\u0105skiego Dzieci\u00a0mieli niepowtarzaln\u0105 okazj\u0119 zaprezentowa\u0107 si\u0119 na scenie Filharmonii w Katowicach w podw\u00f3jnej roli \u2013 aktorek i aktor\u00f3w, a tak\u017ce modelek i modeli. Pierwszym sprawdzianem w\u0142asnych umiej\u0119tno\u015bci w rolach modelek i modeli\u00a0by\u0142a zrealizowana w ubieg\u0142ym semestrze profesjonalna sesja fotograficzna, kt\u00f3ra opr\u00f3cz nowych do\u015bwiadcze\u0144 artystycznych wnios\u0142a mn\u00f3stwo rado\u015bci i zabawy utrwalonych w pami\u0105tkowej fotografii.<\/p><p>MATT aktywnie uczestniczy r\u00f3wnie\u017c w realizowanych projektach edukacyjnych. Jednym z nich jest \u201eFrom Here to there\u201d, projekt pomi\u0119dzy Studentami z Grecji i Polski.<\/p><p>Je\u015bli jeste\u015b tw\u00f3rczy i dynamiczny, masz poczucie humoru i lubisz wyzwania &#8211; do\u0142\u0105cz do nas! Ma\u0142a Akademia\u00a0Teatru i Ta\u0144ca serdecznie zaprasza!<\/p><p>Przyst\u0105pi\u0107 do\u00a0MATT mo\u017cna w ci\u0105gu ca\u0142ego semestru, po wcze\u015bniejszym udziale w przes\u0142uchaniach.<br \/>Studenci kontynuuj\u0105cy zaj\u0119cia z poprzedniego semestru \u00a0nie s\u0105 zobowi\u0105zani do udzia\u0142u w przs\u0142uchaniach.<\/p><p>Serdecznie zapraszamy student\u00f3w U\u015aD oraz osoby nie b\u0119d\u0105ce naszymi studentami.<\/p><p>Zaj\u0119cia\u00a0MATT odbywaj\u0105 si\u0119 cyklicznie w sali gimnastycznej oraz w Strefie Aktywno\u015bci Studenta,<br \/>w Rektoracie Uniwersytetu \u015al\u0105skiego, ul. Bankowa 12, Katowice.<\/p><p>Harmonogramy oraz inne istotne informacje dost\u0119pne s\u0105 w zak\u0142adce Terminarze spotka\u0144.<\/p><p>Rodzic\u00f3w oczekuj\u0105cych na student\u00f3w uczestnicz\u0105cych w zaj\u0119ciach LED oraz MATT, serdecznie zapraszamy do korzystania z wygodnych pomieszcze\u0144\u00a0 z dost\u0119pem do Internetu, w Strefie Aktywno\u015bci Studenta, w Rektoracie U\u015a, kt\u00f3re b\u0119d\u0105 udost\u0119pniane na czas zaj\u0119\u0107.<\/p><p>\u00a0<\/p><\/div><\/div><\/div>\t\t\t\t\t\t\t\t<\/div>\n\t\t\t\t<\/div>\n\t\t\t\t\t<\/div>\n\t\t<\/div>\n\t\t\t\t<div class=\"elementor-column elementor-col-33 elementor-top-column elementor-element elementor-element-0d10542\" data-id=\"0d10542\" data-element_type=\"column\" data-e-type=\"column\">\n\t\t\t<div class=\"elementor-widget-wrap\">\n\t\t\t\t\t\t\t<\/div>\n\t\t<\/div>\n\t\t\t\t\t<\/div>\n\t\t<\/section>\n\t\t\t\t<\/div>\n\t\t","protected":false},"excerpt":{"rendered":"<p>Ma\u0142a Akademia Teatru i Ta\u0144ca Flooreski Ma\u0142a Akademia Teatru i Ta\u0144ca Flooreski \u00a0Uniwersytetu \u015al\u0105skiego Dzieci to Grupa Tw\u00f3rcza, kt\u00f3ra powsta\u0142a w 2013 r. Skupia ona student\u00f3w Uniwersytetu \u015al\u0105skiego Dzieci w r\u00f3\u017cnym wieku, utalentowanych aktorsko, tanecznie i muzycznie, a tak\u017ce pe\u0142nych tw\u00f3rczego zapa\u0142u oraz pragn\u0105cych prezentowa\u0107 si\u0119 na scenie przed szerok\u0105 publiczno\u015bci\u0105. W sk\u0142ad MATT U\u015aD [&hellip;]<\/p>\n","protected":false},"author":5,"featured_media":0,"parent":0,"menu_order":0,"comment_status":"closed","ping_status":"closed","template":"","meta":{"footnotes":""},"class_list":["post-248","page","type-page","status-publish","hentry"],"yoast_head":"<!-- This site is optimized with the Yoast SEO plugin v27.3 - https:\/\/yoast.com\/product\/yoast-seo-wordpress\/ -->\n<title>Flooreski - U\u015a Dzieci<\/title>\n<meta name=\"robots\" content=\"noindex, follow, max-snippet:-1, max-image-preview:large, max-video-preview:-1\" \/>\n<meta property=\"og:locale\" content=\"pl_PL\" \/>\n<meta property=\"og:type\" content=\"article\" \/>\n<meta property=\"og:title\" content=\"Flooreski - U\u015a Dzieci\" \/>\n<meta property=\"og:description\" content=\"Ma\u0142a Akademia Teatru i Ta\u0144ca Flooreski Ma\u0142a Akademia Teatru i Ta\u0144ca Flooreski \u00a0Uniwersytetu \u015al\u0105skiego Dzieci to Grupa Tw\u00f3rcza, kt\u00f3ra powsta\u0142a w 2013 r. Skupia ona student\u00f3w Uniwersytetu \u015al\u0105skiego Dzieci w r\u00f3\u017cnym wieku, utalentowanych aktorsko, tanecznie i muzycznie, a tak\u017ce pe\u0142nych tw\u00f3rczego zapa\u0142u oraz pragn\u0105cych prezentowa\u0107 si\u0119 na scenie przed szerok\u0105 publiczno\u015bci\u0105. W sk\u0142ad MATT U\u015aD [&hellip;]\" \/>\n<meta property=\"og:url\" content=\"https:\/\/uniwersytetotwarty.us.edu.pl\/dzieci\/flooreski\/\" \/>\n<meta property=\"og:site_name\" content=\"U\u015a Dzieci\" \/>\n<meta property=\"article:modified_time\" content=\"2023-10-30T11:27:44+00:00\" \/>\n<meta property=\"og:image\" content=\"https:\/\/dzieci.us.edu.pl\/sites\/dzieci.us.edu.pl\/files\/Lidka%20Bie%C5%84.jpg\" \/>\n<meta name=\"twitter:card\" content=\"summary_large_image\" \/>\n<meta name=\"twitter:label1\" content=\"Szacowany czas czytania\" \/>\n\t<meta name=\"twitter:data1\" content=\"5 minut\" \/>\n<script type=\"application\/ld+json\" class=\"yoast-schema-graph\">{\"@context\":\"https:\\\/\\\/schema.org\",\"@graph\":[{\"@type\":\"WebPage\",\"@id\":\"https:\\\/\\\/uniwersytetotwarty.us.edu.pl\\\/dzieci\\\/flooreski\\\/\",\"url\":\"https:\\\/\\\/uniwersytetotwarty.us.edu.pl\\\/dzieci\\\/flooreski\\\/\",\"name\":\"Flooreski - U\u015a Dzieci\",\"isPartOf\":{\"@id\":\"https:\\\/\\\/uniwersytetotwarty.us.edu.pl\\\/dzieci\\\/#website\"},\"primaryImageOfPage\":{\"@id\":\"https:\\\/\\\/uniwersytetotwarty.us.edu.pl\\\/dzieci\\\/flooreski\\\/#primaryimage\"},\"image\":{\"@id\":\"https:\\\/\\\/uniwersytetotwarty.us.edu.pl\\\/dzieci\\\/flooreski\\\/#primaryimage\"},\"thumbnailUrl\":\"https:\\\/\\\/dzieci.us.edu.pl\\\/sites\\\/dzieci.us.edu.pl\\\/files\\\/Lidka%20Bie%C5%84.jpg\",\"datePublished\":\"2023-10-30T11:24:30+00:00\",\"dateModified\":\"2023-10-30T11:27:44+00:00\",\"breadcrumb\":{\"@id\":\"https:\\\/\\\/uniwersytetotwarty.us.edu.pl\\\/dzieci\\\/flooreski\\\/#breadcrumb\"},\"inLanguage\":\"pl-PL\",\"potentialAction\":[{\"@type\":\"ReadAction\",\"target\":[\"https:\\\/\\\/uniwersytetotwarty.us.edu.pl\\\/dzieci\\\/flooreski\\\/\"]}]},{\"@type\":\"ImageObject\",\"inLanguage\":\"pl-PL\",\"@id\":\"https:\\\/\\\/uniwersytetotwarty.us.edu.pl\\\/dzieci\\\/flooreski\\\/#primaryimage\",\"url\":\"https:\\\/\\\/dzieci.us.edu.pl\\\/sites\\\/dzieci.us.edu.pl\\\/files\\\/Lidka%20Bie%C5%84.jpg\",\"contentUrl\":\"https:\\\/\\\/dzieci.us.edu.pl\\\/sites\\\/dzieci.us.edu.pl\\\/files\\\/Lidka%20Bie%C5%84.jpg\"},{\"@type\":\"BreadcrumbList\",\"@id\":\"https:\\\/\\\/uniwersytetotwarty.us.edu.pl\\\/dzieci\\\/flooreski\\\/#breadcrumb\",\"itemListElement\":[{\"@type\":\"ListItem\",\"position\":1,\"name\":\"U\u015a Dzieci\",\"item\":\"https:\\\/\\\/uniwersytetotwarty.us.edu.pl\\\/dzieci\\\/\"},{\"@type\":\"ListItem\",\"position\":2,\"name\":\"Flooreski\"}]},{\"@type\":\"WebSite\",\"@id\":\"https:\\\/\\\/uniwersytetotwarty.us.edu.pl\\\/dzieci\\\/#website\",\"url\":\"https:\\\/\\\/uniwersytetotwarty.us.edu.pl\\\/dzieci\\\/\",\"name\":\"U\u015a Dzieci\",\"description\":\"\",\"publisher\":{\"@id\":\"https:\\\/\\\/uniwersytetotwarty.us.edu.pl\\\/dzieci\\\/#organization\"},\"potentialAction\":[{\"@type\":\"SearchAction\",\"target\":{\"@type\":\"EntryPoint\",\"urlTemplate\":\"https:\\\/\\\/uniwersytetotwarty.us.edu.pl\\\/dzieci\\\/?s={search_term_string}\"},\"query-input\":{\"@type\":\"PropertyValueSpecification\",\"valueRequired\":true,\"valueName\":\"search_term_string\"}}],\"inLanguage\":\"pl-PL\"},{\"@type\":\"Organization\",\"@id\":\"https:\\\/\\\/uniwersytetotwarty.us.edu.pl\\\/dzieci\\\/#organization\",\"name\":\"Uniwersytet \u015al\u0105ski\",\"url\":\"https:\\\/\\\/uniwersytetotwarty.us.edu.pl\\\/dzieci\\\/\",\"logo\":{\"@type\":\"ImageObject\",\"inLanguage\":\"pl-PL\",\"@id\":\"https:\\\/\\\/uniwersytetotwarty.us.edu.pl\\\/dzieci\\\/#\\\/schema\\\/logo\\\/image\\\/\",\"url\":\"https:\\\/\\\/uniwersytetotwarty.us.edu.pl\\\/dzieci\\\/wp-content\\\/uploads\\\/sites\\\/14\\\/2023\\\/10\\\/logo-1.svg\",\"contentUrl\":\"https:\\\/\\\/uniwersytetotwarty.us.edu.pl\\\/dzieci\\\/wp-content\\\/uploads\\\/sites\\\/14\\\/2023\\\/10\\\/logo-1.svg\",\"width\":414,\"height\":71,\"caption\":\"Uniwersytet \u015al\u0105ski\"},\"image\":{\"@id\":\"https:\\\/\\\/uniwersytetotwarty.us.edu.pl\\\/dzieci\\\/#\\\/schema\\\/logo\\\/image\\\/\"}}]}<\/script>\n<!-- \/ Yoast SEO plugin. -->","yoast_head_json":{"title":"Flooreski - U\u015a Dzieci","robots":{"index":"noindex","follow":"follow","max-snippet":"max-snippet:-1","max-image-preview":"max-image-preview:large","max-video-preview":"max-video-preview:-1"},"og_locale":"pl_PL","og_type":"article","og_title":"Flooreski - U\u015a Dzieci","og_description":"Ma\u0142a Akademia Teatru i Ta\u0144ca Flooreski Ma\u0142a Akademia Teatru i Ta\u0144ca Flooreski \u00a0Uniwersytetu \u015al\u0105skiego Dzieci to Grupa Tw\u00f3rcza, kt\u00f3ra powsta\u0142a w 2013 r. Skupia ona student\u00f3w Uniwersytetu \u015al\u0105skiego Dzieci w r\u00f3\u017cnym wieku, utalentowanych aktorsko, tanecznie i muzycznie, a tak\u017ce pe\u0142nych tw\u00f3rczego zapa\u0142u oraz pragn\u0105cych prezentowa\u0107 si\u0119 na scenie przed szerok\u0105 publiczno\u015bci\u0105. W sk\u0142ad MATT U\u015aD [&hellip;]","og_url":"https:\/\/uniwersytetotwarty.us.edu.pl\/dzieci\/flooreski\/","og_site_name":"U\u015a Dzieci","article_modified_time":"2023-10-30T11:27:44+00:00","og_image":[{"url":"https:\/\/dzieci.us.edu.pl\/sites\/dzieci.us.edu.pl\/files\/Lidka%20Bie%C5%84.jpg","type":"","width":"","height":""}],"twitter_card":"summary_large_image","twitter_misc":{"Szacowany czas czytania":"5 minut"},"schema":{"@context":"https:\/\/schema.org","@graph":[{"@type":"WebPage","@id":"https:\/\/uniwersytetotwarty.us.edu.pl\/dzieci\/flooreski\/","url":"https:\/\/uniwersytetotwarty.us.edu.pl\/dzieci\/flooreski\/","name":"Flooreski - U\u015a Dzieci","isPartOf":{"@id":"https:\/\/uniwersytetotwarty.us.edu.pl\/dzieci\/#website"},"primaryImageOfPage":{"@id":"https:\/\/uniwersytetotwarty.us.edu.pl\/dzieci\/flooreski\/#primaryimage"},"image":{"@id":"https:\/\/uniwersytetotwarty.us.edu.pl\/dzieci\/flooreski\/#primaryimage"},"thumbnailUrl":"https:\/\/dzieci.us.edu.pl\/sites\/dzieci.us.edu.pl\/files\/Lidka%20Bie%C5%84.jpg","datePublished":"2023-10-30T11:24:30+00:00","dateModified":"2023-10-30T11:27:44+00:00","breadcrumb":{"@id":"https:\/\/uniwersytetotwarty.us.edu.pl\/dzieci\/flooreski\/#breadcrumb"},"inLanguage":"pl-PL","potentialAction":[{"@type":"ReadAction","target":["https:\/\/uniwersytetotwarty.us.edu.pl\/dzieci\/flooreski\/"]}]},{"@type":"ImageObject","inLanguage":"pl-PL","@id":"https:\/\/uniwersytetotwarty.us.edu.pl\/dzieci\/flooreski\/#primaryimage","url":"https:\/\/dzieci.us.edu.pl\/sites\/dzieci.us.edu.pl\/files\/Lidka%20Bie%C5%84.jpg","contentUrl":"https:\/\/dzieci.us.edu.pl\/sites\/dzieci.us.edu.pl\/files\/Lidka%20Bie%C5%84.jpg"},{"@type":"BreadcrumbList","@id":"https:\/\/uniwersytetotwarty.us.edu.pl\/dzieci\/flooreski\/#breadcrumb","itemListElement":[{"@type":"ListItem","position":1,"name":"U\u015a Dzieci","item":"https:\/\/uniwersytetotwarty.us.edu.pl\/dzieci\/"},{"@type":"ListItem","position":2,"name":"Flooreski"}]},{"@type":"WebSite","@id":"https:\/\/uniwersytetotwarty.us.edu.pl\/dzieci\/#website","url":"https:\/\/uniwersytetotwarty.us.edu.pl\/dzieci\/","name":"U\u015a Dzieci","description":"","publisher":{"@id":"https:\/\/uniwersytetotwarty.us.edu.pl\/dzieci\/#organization"},"potentialAction":[{"@type":"SearchAction","target":{"@type":"EntryPoint","urlTemplate":"https:\/\/uniwersytetotwarty.us.edu.pl\/dzieci\/?s={search_term_string}"},"query-input":{"@type":"PropertyValueSpecification","valueRequired":true,"valueName":"search_term_string"}}],"inLanguage":"pl-PL"},{"@type":"Organization","@id":"https:\/\/uniwersytetotwarty.us.edu.pl\/dzieci\/#organization","name":"Uniwersytet \u015al\u0105ski","url":"https:\/\/uniwersytetotwarty.us.edu.pl\/dzieci\/","logo":{"@type":"ImageObject","inLanguage":"pl-PL","@id":"https:\/\/uniwersytetotwarty.us.edu.pl\/dzieci\/#\/schema\/logo\/image\/","url":"https:\/\/uniwersytetotwarty.us.edu.pl\/dzieci\/wp-content\/uploads\/sites\/14\/2023\/10\/logo-1.svg","contentUrl":"https:\/\/uniwersytetotwarty.us.edu.pl\/dzieci\/wp-content\/uploads\/sites\/14\/2023\/10\/logo-1.svg","width":414,"height":71,"caption":"Uniwersytet \u015al\u0105ski"},"image":{"@id":"https:\/\/uniwersytetotwarty.us.edu.pl\/dzieci\/#\/schema\/logo\/image\/"}}]}},"_links":{"self":[{"href":"https:\/\/uniwersytetotwarty.us.edu.pl\/dzieci\/wp-json\/wp\/v2\/pages\/248","targetHints":{"allow":["GET"]}}],"collection":[{"href":"https:\/\/uniwersytetotwarty.us.edu.pl\/dzieci\/wp-json\/wp\/v2\/pages"}],"about":[{"href":"https:\/\/uniwersytetotwarty.us.edu.pl\/dzieci\/wp-json\/wp\/v2\/types\/page"}],"author":[{"embeddable":true,"href":"https:\/\/uniwersytetotwarty.us.edu.pl\/dzieci\/wp-json\/wp\/v2\/users\/5"}],"replies":[{"embeddable":true,"href":"https:\/\/uniwersytetotwarty.us.edu.pl\/dzieci\/wp-json\/wp\/v2\/comments?post=248"}],"version-history":[{"count":4,"href":"https:\/\/uniwersytetotwarty.us.edu.pl\/dzieci\/wp-json\/wp\/v2\/pages\/248\/revisions"}],"predecessor-version":[{"id":255,"href":"https:\/\/uniwersytetotwarty.us.edu.pl\/dzieci\/wp-json\/wp\/v2\/pages\/248\/revisions\/255"}],"wp:attachment":[{"href":"https:\/\/uniwersytetotwarty.us.edu.pl\/dzieci\/wp-json\/wp\/v2\/media?parent=248"}],"curies":[{"name":"wp","href":"https:\/\/api.w.org\/{rel}","templated":true}]}}