{"id":228,"date":"2023-10-30T12:06:47","date_gmt":"2023-10-30T11:06:47","guid":{"rendered":"https:\/\/uniwersytetotwarty.us.edu.pl\/dzieci\/?page_id=228"},"modified":"2023-10-30T12:23:24","modified_gmt":"2023-10-30T11:23:24","slug":"zapisy-i-oplaty","status":"publish","type":"page","link":"https:\/\/uniwersytetotwarty.us.edu.pl\/dzieci\/zapisy-i-oplaty\/","title":{"rendered":"Zapisy i op\u0142aty Ch\u00f3r"},"content":{"rendered":"\t\t<div data-elementor-type=\"wp-page\" data-elementor-id=\"228\" class=\"elementor elementor-228\" data-elementor-post-type=\"page\">\n\t\t\t\t\t\t<section class=\"elementor-section elementor-top-section elementor-element elementor-element-9ef4de8 elementor-section-boxed elementor-section-height-default elementor-section-height-default\" data-id=\"9ef4de8\" data-element_type=\"section\" data-e-type=\"section\">\n\t\t\t\t\t\t<div class=\"elementor-container elementor-column-gap-default\">\n\t\t\t\t\t<div class=\"elementor-column elementor-col-66 elementor-top-column elementor-element elementor-element-55266e8\" data-id=\"55266e8\" data-element_type=\"column\" data-e-type=\"column\">\n\t\t\t<div class=\"elementor-widget-wrap elementor-element-populated\">\n\t\t\t\t\t\t<div class=\"elementor-element elementor-element-07f79dc elementor-widget elementor-widget-text-editor\" data-id=\"07f79dc\" data-element_type=\"widget\" data-e-type=\"widget\" data-widget_type=\"text-editor.default\">\n\t\t\t\t<div class=\"elementor-widget-container\">\n\t\t\t\t\t\t\t\t\t<h2>Ch\u00f3r | rekrutacja i op\u0142aty<\/h2><div class=\"clear-block\"><div id=\"node-28653\" class=\"node\"><div class=\"content clear-block\"><p><strong>Terminy oraz miejsce spotka\u0144.<\/strong><\/p><p>Pr\u00f3by ch\u00f3ru odbywaj\u0105 si\u0119 w \u015brody, w godz. 18:00 &#8211; 19:30, w sali dydaktycznej nr 204 w budynku Uniwersytetu \u015al\u0105skiego, Katowice, ul. Bankowa 14. . Szczeg\u00f3\u0142owy terminarz spotka\u0144 ustala Dyrektor Artystyczny i Dyrygent Ch\u00f3ru Agnieszka Zawierucha.<\/p><p><strong>Rekrutacja.<\/strong><\/p><p>Uczestnikiem ch\u00f3ru mo\u017ce zosta\u0107 ka\u017cdy student U\u015aD oraz osoby nie b\u0119d\u0105ce studentami, w wieku od 6 &#8211; 15 lat, po wcze\u015bniejszych przes\u0142uchaniach.<\/p><p><strong>Op\u0142aty.<\/strong><\/p><p>Za udzia\u0142 w zaj\u0119ciach ch\u00f3ru obowi\u0105zuje p\u0142atno\u015b\u0107 semestralna, kt\u00f3ra dla student\u00f3w U\u015aD wynosi 150 z\u0142, natomiast dla dzieci i m\u0142odzie\u017cy nie b\u0119d\u0105cych studentami wynosi 200 z\u0142. Op\u0142aty uiszcza si\u0119 semestralnie, przed rozpocz\u0119ciem zaj\u0119\u0107, na wskazane poni\u017cej konto, z odpowiednim opisem.<\/p><p><strong>Numer konta.<\/strong><\/p><p>Op\u0142at\u0119 prosimy przela\u0107 na rachunek Uniwersytetu \u015al\u0105skiego Dzieci nr 64 1050 1214 1000 0023 4388 1542.<\/p><p><strong>Tytu\u0142 przelewu.<\/strong><\/p><p>Prosimy o umieszczenie w tytule przelewu dopisku zawieraj\u0105cego Imi\u0119 i Nazwisko Dziecka, je\u015bli dziecko jest studentem U\u015aD r\u00f3wnie\u017c grup\u0119 do kt\u00f3rej ucz\u0119szcza np. \u201eOdkrywcy\u201d, a tak\u017ce dopisku &#8220;Gioia\u201d.<\/p><p>Przyk\u0142adowo: &#8220;Jan Kowalski, Odkrywcy, Gioia&#8221;.<\/p><\/div><\/div><\/div>\t\t\t\t\t\t\t\t<\/div>\n\t\t\t\t<\/div>\n\t\t\t\t\t<\/div>\n\t\t<\/div>\n\t\t\t\t<div class=\"elementor-column elementor-col-33 elementor-top-column elementor-element elementor-element-61e1c88\" data-id=\"61e1c88\" data-element_type=\"column\" data-e-type=\"column\">\n\t\t\t<div class=\"elementor-widget-wrap elementor-element-populated\">\n\t\t\t\t\t\t<div class=\"elementor-element elementor-element-6d47181 elementor-widget elementor-widget-gallery\" data-id=\"6d47181\" data-element_type=\"widget\" data-e-type=\"widget\" data-settings=\"{&quot;columns&quot;:&quot;1&quot;,&quot;lazyload&quot;:&quot;yes&quot;,&quot;gallery_layout&quot;:&quot;grid&quot;,&quot;columns_tablet&quot;:2,&quot;columns_mobile&quot;:1,&quot;gap&quot;:{&quot;unit&quot;:&quot;px&quot;,&quot;size&quot;:10,&quot;sizes&quot;:[]},&quot;gap_tablet&quot;:{&quot;unit&quot;:&quot;px&quot;,&quot;size&quot;:10,&quot;sizes&quot;:[]},&quot;gap_mobile&quot;:{&quot;unit&quot;:&quot;px&quot;,&quot;size&quot;:10,&quot;sizes&quot;:[]},&quot;link_to&quot;:&quot;file&quot;,&quot;aspect_ratio&quot;:&quot;3:2&quot;,&quot;overlay_background&quot;:&quot;yes&quot;,&quot;content_hover_animation&quot;:&quot;fade-in&quot;}\" data-widget_type=\"gallery.default\">\n\t\t\t\t<div class=\"elementor-widget-container\">\n\t\t\t\t\t\t\t<div class=\"elementor-gallery__container\">\n\t\t\t\t\t\t\t<a class=\"e-gallery-item elementor-gallery-item elementor-animated-content\" href=\"https:\/\/uniwersytetotwarty.us.edu.pl\/dzieci\/wp-content\/uploads\/sites\/14\/2023\/10\/q312e6pf.png\" data-elementor-open-lightbox=\"yes\" data-elementor-lightbox-slideshow=\"6d47181\" data-elementor-lightbox-title=\"q312e6pf\" data-e-action-hash=\"#elementor-action%3Aaction%3Dlightbox%26settings%3DeyJpZCI6MjM2LCJ1cmwiOiJodHRwczpcL1wvdW5pd2Vyc3l0ZXRvdHdhcnR5LnVzLmVkdS5wbFwvZHppZWNpXC93cC1jb250ZW50XC91cGxvYWRzXC9zaXRlc1wvMTRcLzIwMjNcLzEwXC9xMzEyZTZwZi5wbmciLCJzbGlkZXNob3ciOiI2ZDQ3MTgxIn0%3D\">\n\t\t\t\t\t<div class=\"e-gallery-image elementor-gallery-item__image\" data-thumbnail=\"https:\/\/uniwersytetotwarty.us.edu.pl\/dzieci\/wp-content\/uploads\/sites\/14\/2023\/10\/q312e6pf-300x200.png\" data-width=\"300\" data-height=\"200\" aria-label=\"\" role=\"img\" ><\/div>\n\t\t\t\t\t\t\t\t\t\t\t<div class=\"elementor-gallery-item__overlay\"><\/div>\n\t\t\t\t\t\t\t\t\t\t\t\t\t\t<\/a>\n\t\t\t\t\t\t\t<a class=\"e-gallery-item elementor-gallery-item elementor-animated-content\" href=\"https:\/\/uniwersytetotwarty.us.edu.pl\/dzieci\/wp-content\/uploads\/sites\/14\/2023\/10\/1f7a2afv.png\" data-elementor-open-lightbox=\"yes\" data-elementor-lightbox-slideshow=\"6d47181\" data-elementor-lightbox-title=\"1f7a2afv\" data-e-action-hash=\"#elementor-action%3Aaction%3Dlightbox%26settings%3DeyJpZCI6MjM0LCJ1cmwiOiJodHRwczpcL1wvdW5pd2Vyc3l0ZXRvdHdhcnR5LnVzLmVkdS5wbFwvZHppZWNpXC93cC1jb250ZW50XC91cGxvYWRzXC9zaXRlc1wvMTRcLzIwMjNcLzEwXC8xZjdhMmFmdi5wbmciLCJzbGlkZXNob3ciOiI2ZDQ3MTgxIn0%3D\">\n\t\t\t\t\t<div class=\"e-gallery-image elementor-gallery-item__image\" data-thumbnail=\"https:\/\/uniwersytetotwarty.us.edu.pl\/dzieci\/wp-content\/uploads\/sites\/14\/2023\/10\/1f7a2afv-300x200.png\" data-width=\"300\" data-height=\"200\" aria-label=\"\" role=\"img\" ><\/div>\n\t\t\t\t\t\t\t\t\t\t\t<div class=\"elementor-gallery-item__overlay\"><\/div>\n\t\t\t\t\t\t\t\t\t\t\t\t\t\t<\/a>\n\t\t\t\t\t\t\t<a class=\"e-gallery-item elementor-gallery-item elementor-animated-content\" href=\"https:\/\/uniwersytetotwarty.us.edu.pl\/dzieci\/wp-content\/uploads\/sites\/14\/2023\/10\/lhkp0cze.png\" data-elementor-open-lightbox=\"yes\" data-elementor-lightbox-slideshow=\"6d47181\" data-elementor-lightbox-title=\"lhkp0cze\" data-e-action-hash=\"#elementor-action%3Aaction%3Dlightbox%26settings%3DeyJpZCI6MjM1LCJ1cmwiOiJodHRwczpcL1wvdW5pd2Vyc3l0ZXRvdHdhcnR5LnVzLmVkdS5wbFwvZHppZWNpXC93cC1jb250ZW50XC91cGxvYWRzXC9zaXRlc1wvMTRcLzIwMjNcLzEwXC9saGtwMGN6ZS5wbmciLCJzbGlkZXNob3ciOiI2ZDQ3MTgxIn0%3D\">\n\t\t\t\t\t<div class=\"e-gallery-image elementor-gallery-item__image\" data-thumbnail=\"https:\/\/uniwersytetotwarty.us.edu.pl\/dzieci\/wp-content\/uploads\/sites\/14\/2023\/10\/lhkp0cze-300x200.png\" data-width=\"300\" data-height=\"200\" aria-label=\"\" role=\"img\" ><\/div>\n\t\t\t\t\t\t\t\t\t\t\t<div class=\"elementor-gallery-item__overlay\"><\/div>\n\t\t\t\t\t\t\t\t\t\t\t\t\t\t<\/a>\n\t\t\t\t\t<\/div>\n\t\t\t\t\t<\/div>\n\t\t\t\t<\/div>\n\t\t\t\t\t<\/div>\n\t\t<\/div>\n\t\t\t\t\t<\/div>\n\t\t<\/section>\n\t\t\t\t<\/div>\n\t\t","protected":false},"excerpt":{"rendered":"<p>Ch\u00f3r | rekrutacja i op\u0142aty Terminy oraz miejsce spotka\u0144. Pr\u00f3by ch\u00f3ru odbywaj\u0105 si\u0119 w \u015brody, w godz. 18:00 &#8211; 19:30, w sali dydaktycznej nr 204 w budynku Uniwersytetu \u015al\u0105skiego, Katowice, ul. Bankowa 14. . Szczeg\u00f3\u0142owy terminarz spotka\u0144 ustala Dyrektor Artystyczny i Dyrygent Ch\u00f3ru Agnieszka Zawierucha. Rekrutacja. Uczestnikiem ch\u00f3ru mo\u017ce zosta\u0107 ka\u017cdy student U\u015aD oraz osoby [&hellip;]<\/p>\n","protected":false},"author":5,"featured_media":0,"parent":0,"menu_order":0,"comment_status":"closed","ping_status":"closed","template":"","meta":{"footnotes":""},"class_list":["post-228","page","type-page","status-publish","hentry"],"yoast_head":"<!-- This site is optimized with the Yoast SEO plugin v27.3 - https:\/\/yoast.com\/product\/yoast-seo-wordpress\/ -->\n<title>Zapisy i op\u0142aty Ch\u00f3r - U\u015a Dzieci<\/title>\n<meta name=\"robots\" content=\"noindex, follow, max-snippet:-1, max-image-preview:large, max-video-preview:-1\" \/>\n<meta property=\"og:locale\" content=\"pl_PL\" \/>\n<meta property=\"og:type\" content=\"article\" \/>\n<meta property=\"og:title\" content=\"Zapisy i op\u0142aty Ch\u00f3r - U\u015a Dzieci\" \/>\n<meta property=\"og:description\" content=\"Ch\u00f3r | rekrutacja i op\u0142aty Terminy oraz miejsce spotka\u0144. Pr\u00f3by ch\u00f3ru odbywaj\u0105 si\u0119 w \u015brody, w godz. 18:00 &#8211; 19:30, w sali dydaktycznej nr 204 w budynku Uniwersytetu \u015al\u0105skiego, Katowice, ul. Bankowa 14. . Szczeg\u00f3\u0142owy terminarz spotka\u0144 ustala Dyrektor Artystyczny i Dyrygent Ch\u00f3ru Agnieszka Zawierucha. Rekrutacja. Uczestnikiem ch\u00f3ru mo\u017ce zosta\u0107 ka\u017cdy student U\u015aD oraz osoby [&hellip;]\" \/>\n<meta property=\"og:url\" content=\"https:\/\/uniwersytetotwarty.us.edu.pl\/dzieci\/zapisy-i-oplaty\/\" \/>\n<meta property=\"og:site_name\" content=\"U\u015a Dzieci\" \/>\n<meta property=\"article:modified_time\" content=\"2023-10-30T11:23:24+00:00\" \/>\n<meta name=\"twitter:card\" content=\"summary_large_image\" \/>\n<meta name=\"twitter:label1\" content=\"Szacowany czas czytania\" \/>\n\t<meta name=\"twitter:data1\" content=\"3 minuty\" \/>\n<script type=\"application\/ld+json\" class=\"yoast-schema-graph\">{\"@context\":\"https:\\\/\\\/schema.org\",\"@graph\":[{\"@type\":\"WebPage\",\"@id\":\"https:\\\/\\\/uniwersytetotwarty.us.edu.pl\\\/dzieci\\\/zapisy-i-oplaty\\\/\",\"url\":\"https:\\\/\\\/uniwersytetotwarty.us.edu.pl\\\/dzieci\\\/zapisy-i-oplaty\\\/\",\"name\":\"Zapisy i op\u0142aty Ch\u00f3r - U\u015a Dzieci\",\"isPartOf\":{\"@id\":\"https:\\\/\\\/uniwersytetotwarty.us.edu.pl\\\/dzieci\\\/#website\"},\"datePublished\":\"2023-10-30T11:06:47+00:00\",\"dateModified\":\"2023-10-30T11:23:24+00:00\",\"breadcrumb\":{\"@id\":\"https:\\\/\\\/uniwersytetotwarty.us.edu.pl\\\/dzieci\\\/zapisy-i-oplaty\\\/#breadcrumb\"},\"inLanguage\":\"pl-PL\",\"potentialAction\":[{\"@type\":\"ReadAction\",\"target\":[\"https:\\\/\\\/uniwersytetotwarty.us.edu.pl\\\/dzieci\\\/zapisy-i-oplaty\\\/\"]}]},{\"@type\":\"BreadcrumbList\",\"@id\":\"https:\\\/\\\/uniwersytetotwarty.us.edu.pl\\\/dzieci\\\/zapisy-i-oplaty\\\/#breadcrumb\",\"itemListElement\":[{\"@type\":\"ListItem\",\"position\":1,\"name\":\"U\u015a Dzieci\",\"item\":\"https:\\\/\\\/uniwersytetotwarty.us.edu.pl\\\/dzieci\\\/\"},{\"@type\":\"ListItem\",\"position\":2,\"name\":\"Zapisy i op\u0142aty Ch\u00f3r\"}]},{\"@type\":\"WebSite\",\"@id\":\"https:\\\/\\\/uniwersytetotwarty.us.edu.pl\\\/dzieci\\\/#website\",\"url\":\"https:\\\/\\\/uniwersytetotwarty.us.edu.pl\\\/dzieci\\\/\",\"name\":\"U\u015a Dzieci\",\"description\":\"\",\"publisher\":{\"@id\":\"https:\\\/\\\/uniwersytetotwarty.us.edu.pl\\\/dzieci\\\/#organization\"},\"potentialAction\":[{\"@type\":\"SearchAction\",\"target\":{\"@type\":\"EntryPoint\",\"urlTemplate\":\"https:\\\/\\\/uniwersytetotwarty.us.edu.pl\\\/dzieci\\\/?s={search_term_string}\"},\"query-input\":{\"@type\":\"PropertyValueSpecification\",\"valueRequired\":true,\"valueName\":\"search_term_string\"}}],\"inLanguage\":\"pl-PL\"},{\"@type\":\"Organization\",\"@id\":\"https:\\\/\\\/uniwersytetotwarty.us.edu.pl\\\/dzieci\\\/#organization\",\"name\":\"Uniwersytet \u015al\u0105ski\",\"url\":\"https:\\\/\\\/uniwersytetotwarty.us.edu.pl\\\/dzieci\\\/\",\"logo\":{\"@type\":\"ImageObject\",\"inLanguage\":\"pl-PL\",\"@id\":\"https:\\\/\\\/uniwersytetotwarty.us.edu.pl\\\/dzieci\\\/#\\\/schema\\\/logo\\\/image\\\/\",\"url\":\"https:\\\/\\\/uniwersytetotwarty.us.edu.pl\\\/dzieci\\\/wp-content\\\/uploads\\\/sites\\\/14\\\/2023\\\/10\\\/logo-1.svg\",\"contentUrl\":\"https:\\\/\\\/uniwersytetotwarty.us.edu.pl\\\/dzieci\\\/wp-content\\\/uploads\\\/sites\\\/14\\\/2023\\\/10\\\/logo-1.svg\",\"width\":414,\"height\":71,\"caption\":\"Uniwersytet \u015al\u0105ski\"},\"image\":{\"@id\":\"https:\\\/\\\/uniwersytetotwarty.us.edu.pl\\\/dzieci\\\/#\\\/schema\\\/logo\\\/image\\\/\"}}]}<\/script>\n<!-- \/ Yoast SEO plugin. -->","yoast_head_json":{"title":"Zapisy i op\u0142aty Ch\u00f3r - U\u015a Dzieci","robots":{"index":"noindex","follow":"follow","max-snippet":"max-snippet:-1","max-image-preview":"max-image-preview:large","max-video-preview":"max-video-preview:-1"},"og_locale":"pl_PL","og_type":"article","og_title":"Zapisy i op\u0142aty Ch\u00f3r - U\u015a Dzieci","og_description":"Ch\u00f3r | rekrutacja i op\u0142aty Terminy oraz miejsce spotka\u0144. Pr\u00f3by ch\u00f3ru odbywaj\u0105 si\u0119 w \u015brody, w godz. 18:00 &#8211; 19:30, w sali dydaktycznej nr 204 w budynku Uniwersytetu \u015al\u0105skiego, Katowice, ul. Bankowa 14. . Szczeg\u00f3\u0142owy terminarz spotka\u0144 ustala Dyrektor Artystyczny i Dyrygent Ch\u00f3ru Agnieszka Zawierucha. Rekrutacja. Uczestnikiem ch\u00f3ru mo\u017ce zosta\u0107 ka\u017cdy student U\u015aD oraz osoby [&hellip;]","og_url":"https:\/\/uniwersytetotwarty.us.edu.pl\/dzieci\/zapisy-i-oplaty\/","og_site_name":"U\u015a Dzieci","article_modified_time":"2023-10-30T11:23:24+00:00","twitter_card":"summary_large_image","twitter_misc":{"Szacowany czas czytania":"3 minuty"},"schema":{"@context":"https:\/\/schema.org","@graph":[{"@type":"WebPage","@id":"https:\/\/uniwersytetotwarty.us.edu.pl\/dzieci\/zapisy-i-oplaty\/","url":"https:\/\/uniwersytetotwarty.us.edu.pl\/dzieci\/zapisy-i-oplaty\/","name":"Zapisy i op\u0142aty Ch\u00f3r - U\u015a Dzieci","isPartOf":{"@id":"https:\/\/uniwersytetotwarty.us.edu.pl\/dzieci\/#website"},"datePublished":"2023-10-30T11:06:47+00:00","dateModified":"2023-10-30T11:23:24+00:00","breadcrumb":{"@id":"https:\/\/uniwersytetotwarty.us.edu.pl\/dzieci\/zapisy-i-oplaty\/#breadcrumb"},"inLanguage":"pl-PL","potentialAction":[{"@type":"ReadAction","target":["https:\/\/uniwersytetotwarty.us.edu.pl\/dzieci\/zapisy-i-oplaty\/"]}]},{"@type":"BreadcrumbList","@id":"https:\/\/uniwersytetotwarty.us.edu.pl\/dzieci\/zapisy-i-oplaty\/#breadcrumb","itemListElement":[{"@type":"ListItem","position":1,"name":"U\u015a Dzieci","item":"https:\/\/uniwersytetotwarty.us.edu.pl\/dzieci\/"},{"@type":"ListItem","position":2,"name":"Zapisy i op\u0142aty Ch\u00f3r"}]},{"@type":"WebSite","@id":"https:\/\/uniwersytetotwarty.us.edu.pl\/dzieci\/#website","url":"https:\/\/uniwersytetotwarty.us.edu.pl\/dzieci\/","name":"U\u015a Dzieci","description":"","publisher":{"@id":"https:\/\/uniwersytetotwarty.us.edu.pl\/dzieci\/#organization"},"potentialAction":[{"@type":"SearchAction","target":{"@type":"EntryPoint","urlTemplate":"https:\/\/uniwersytetotwarty.us.edu.pl\/dzieci\/?s={search_term_string}"},"query-input":{"@type":"PropertyValueSpecification","valueRequired":true,"valueName":"search_term_string"}}],"inLanguage":"pl-PL"},{"@type":"Organization","@id":"https:\/\/uniwersytetotwarty.us.edu.pl\/dzieci\/#organization","name":"Uniwersytet \u015al\u0105ski","url":"https:\/\/uniwersytetotwarty.us.edu.pl\/dzieci\/","logo":{"@type":"ImageObject","inLanguage":"pl-PL","@id":"https:\/\/uniwersytetotwarty.us.edu.pl\/dzieci\/#\/schema\/logo\/image\/","url":"https:\/\/uniwersytetotwarty.us.edu.pl\/dzieci\/wp-content\/uploads\/sites\/14\/2023\/10\/logo-1.svg","contentUrl":"https:\/\/uniwersytetotwarty.us.edu.pl\/dzieci\/wp-content\/uploads\/sites\/14\/2023\/10\/logo-1.svg","width":414,"height":71,"caption":"Uniwersytet \u015al\u0105ski"},"image":{"@id":"https:\/\/uniwersytetotwarty.us.edu.pl\/dzieci\/#\/schema\/logo\/image\/"}}]}},"_links":{"self":[{"href":"https:\/\/uniwersytetotwarty.us.edu.pl\/dzieci\/wp-json\/wp\/v2\/pages\/228","targetHints":{"allow":["GET"]}}],"collection":[{"href":"https:\/\/uniwersytetotwarty.us.edu.pl\/dzieci\/wp-json\/wp\/v2\/pages"}],"about":[{"href":"https:\/\/uniwersytetotwarty.us.edu.pl\/dzieci\/wp-json\/wp\/v2\/types\/page"}],"author":[{"embeddable":true,"href":"https:\/\/uniwersytetotwarty.us.edu.pl\/dzieci\/wp-json\/wp\/v2\/users\/5"}],"replies":[{"embeddable":true,"href":"https:\/\/uniwersytetotwarty.us.edu.pl\/dzieci\/wp-json\/wp\/v2\/comments?post=228"}],"version-history":[{"count":8,"href":"https:\/\/uniwersytetotwarty.us.edu.pl\/dzieci\/wp-json\/wp\/v2\/pages\/228\/revisions"}],"predecessor-version":[{"id":247,"href":"https:\/\/uniwersytetotwarty.us.edu.pl\/dzieci\/wp-json\/wp\/v2\/pages\/228\/revisions\/247"}],"wp:attachment":[{"href":"https:\/\/uniwersytetotwarty.us.edu.pl\/dzieci\/wp-json\/wp\/v2\/media?parent=228"}],"curies":[{"name":"wp","href":"https:\/\/api.w.org\/{rel}","templated":true}]}}