{"id":2075,"date":"2024-09-05T11:18:16","date_gmt":"2024-09-05T09:18:16","guid":{"rendered":"https:\/\/uniwersytetotwarty.us.edu.pl\/dzieci\/?page_id=2075"},"modified":"2025-03-11T14:48:21","modified_gmt":"2025-03-11T13:48:21","slug":"plan-zajec-rodzice","status":"publish","type":"page","link":"https:\/\/uniwersytetotwarty.us.edu.pl\/dzieci\/zajecia-rodzice\/plan-zajec-rodzice\/","title":{"rendered":"Plan zaj\u0119\u0107 | Rodzice \u2013 rok akademicki 2024\/2025"},"content":{"rendered":"\t\t<div data-elementor-type=\"wp-page\" data-elementor-id=\"2075\" class=\"elementor elementor-2075\" data-elementor-post-type=\"page\">\n\t\t\t\t\t\t<section class=\"elementor-section elementor-top-section elementor-element elementor-element-e3814d5 elementor-section-boxed elementor-section-height-default elementor-section-height-default\" data-id=\"e3814d5\" data-element_type=\"section\" data-e-type=\"section\">\n\t\t\t\t\t\t<div class=\"elementor-container elementor-column-gap-default\">\n\t\t\t\t\t<div class=\"elementor-column elementor-col-100 elementor-top-column elementor-element elementor-element-e7184e4\" data-id=\"e7184e4\" data-element_type=\"column\" data-e-type=\"column\">\n\t\t\t<div class=\"elementor-widget-wrap elementor-element-populated\">\n\t\t\t\t\t\t<div class=\"elementor-element elementor-element-d508818 elementor-widget elementor-widget-text-editor\" data-id=\"d508818\" data-element_type=\"widget\" data-e-type=\"widget\" data-widget_type=\"text-editor.default\">\n\t\t\t\t<div class=\"elementor-widget-container\">\n\t\t\t\t\t\t\t\t\t<p>&nbsp;<\/p>\n<p><strong>Semestr letni<\/strong><\/p>\n<table border=\"0\" width=\"698\">\n<tbody>\n<tr>\n<td class=\"tabela-zolta-nagl\" width=\"15%\"><b>data<\/b><\/td>\n<td class=\"tabela-zolta-nagl\" width=\"15%\"><b>godzina<\/b><\/td>\n<td class=\"tabela-zolta-nagl\" width=\"485\"><strong>temat, prowadz\u0105cy, streszczenia<\/strong><\/td>\n<\/tr>\n<tr>\n<td class=\"tabela-zolta\"><strong>29.03.2025<\/strong><\/td>\n<td class=\"tabela-zolta\">&nbsp;11:30<\/td>\n<td class=\"tabela-zolta\">mgr Justyna Soska<br>\n<a href=\"https:\/\/dzieci.us.edu.pl\/migracje-ptakow-odwieczne-misterium-przyrody\">Migracje ptak\u00f3w &#8211; odwieczne misterium przyrody<\/a><\/td>\n<\/tr>\n<tr>\n<td class=\"tabela-zolta\"><strong>26.04.2025<\/strong><\/td>\n<td class=\"tabela-zolta\">&nbsp;11:30<\/td>\n<td class=\"tabela-zolta\"><a href=\"https:\/\/dzieci.us.edu.pl\/ofertaedukacyjna\/mgr-inz-anna-rejdych\">mgr in\u017c. Anna Rejdych<\/a><br>\n<a href=\"https:\/\/dzieci.us.edu.pl\/gospodarka-lesna-czyli-co-robi-lesnik-w-lesie\">Gospodarka le\u015bna, czyli co robi le\u015bnik w lesie<\/a><\/td>\n<\/tr>\n<tr>\n<td class=\"tabela-zolta\"><strong>17.05.2025<\/strong><\/td>\n<td class=\"tabela-zolta\">&nbsp;11:30<\/td>\n<td class=\"tabela-zolta\"><a href=\"https:\/\/dzieci.us.edu.pl\/ofertaedukacyjna\/dr-andrzej-boczarowski\">dr Andrzej Boczarowski<\/a><br>\n<a href=\"https:\/\/dzieci.us.edu.pl\/ewolucja-materii-czarne-dziury\">Ewolucja materii \u2013 czarne dziury<\/a><\/td>\n<\/tr>\n<tr>\n<td class=\"tabela-zolta\"><strong>14.06.2025<\/strong><\/td>\n<td class=\"tabela-zolta\">&nbsp;11:30<\/td>\n<td class=\"tabela-zolta\"><a href=\"http:\/\/dzieci.us.edu.pl\/ofertaedukacyjna\/mgr-damian-jableka\">mgr Damian Jab\u0142eka<\/a><br>\n<a href=\"https:\/\/dzieci.us.edu.pl\/gdy-zdobedziemy-juz-wszystkie-ziemskie-szczyty\">Gdy zdob\u0119dziemy ju\u017c wszystkie ziemskie szczyty\u2026<\/a><\/td>\n<\/tr>\n<\/tbody>\n<\/table>\n<p>Wyk\u0142ady Uniwersytetu \u015al\u0105skiego Dzieci odbywaj\u0105 si\u0119 w&nbsp;auli im. A. Pawlikowskiego na wydziale Humanistycznym, przy ul. Uniwersyteckiej 4, w Katowicach<\/p><p><br><\/p>\n<p><strong>Semestr zimowy<\/strong><\/p>\n<table border=\"0\" width=\"698\">\n<tbody>\n<tr>\n<td class=\"tabela-zolta-nagl\" width=\"15%\"><b>data<\/b><\/td>\n<td class=\"tabela-zolta-nagl\" width=\"15%\"><b>godzina<\/b><\/td>\n<td class=\"tabela-zolta-nagl\" width=\"485\"><strong>temat, prowadz\u0105cy, streszczenia<\/strong><\/td>\n<\/tr>\n<tr>\n<td class=\"tabela-zolta\"><strong>14.12.2024<\/strong><\/td>\n<td class=\"tabela-zolta\">&nbsp;11:30<\/td>\n<td class=\"tabela-zolta\"><a href=\"https:\/\/dzieci.us.edu.pl\/ofertaedukacyjna\/mgr-inz-anna-rejdych\">mgr in\u017c. Anna Rejdych<\/a><br>\n<a href=\"https:\/\/dzieci.us.edu.pl\/od-nasionka-do-ksiazki\"><strong>Od nasionka do ksi\u0105\u017cki<\/strong><\/a><\/td>\n<\/tr>\n<tr>\n<td class=\"tabela-zolta\"><strong>11.01.2025<\/strong><\/td>\n<td class=\"tabela-zolta\">&nbsp;11:30<\/td>\n<td class=\"tabela-zolta\"><a href=\"https:\/\/dzieci.us.edu.pl\/ofertaedukacyjna\/prof-dr-hab-elzbieta-zipper\">prof. dr hab. El\u017cbieta Zipper<\/a><br>\n<strong><a href=\"https:\/\/dzieci.us.edu.pl\/jak-mikrobiota-jelitowa-wplywa-na-nasze-zdrowie-i-samopoczucie\">Jak mikrobiota jelitowa wp\u0142ywa na nasze zdrowie i samopoczucie. Jak mo\u017cna leczy\u0107 wyst\u0119puj\u0105ce zaburzenia.<\/a><\/strong><\/td>\n<\/tr>\n<tr>\n<td class=\"tabela-zolta\"><strong>01.02.2025<\/strong><\/td>\n<td class=\"tabela-zolta\">&nbsp;11:30<\/td>\n<td class=\"tabela-zolta\"><a href=\"http:\/\/dzieci.us.edu.pl\/ofertaedukacyjna\/mgr-damian-jableka\">mgr Damian Jab\u0142eka<\/a><br>\n<a href=\"https:\/\/dzieci.us.edu.pl\/kosmiczni-wedrowcy-komety\"><strong>Kosmiczni W\u0119drowcy \u2013 Komety<\/strong><\/a><\/td>\n<\/tr>\n<\/tbody>\n<\/table>\n<p>Wyk\u0142ady Uniwersytetu \u015al\u0105skiego Dzieci odbywaj\u0105 si\u0119 w&nbsp;auli im. A. Pawlikowskiego na wydziale Humanistycznym, przy ul. Uniwersyteckiej 4, w Katowicach<\/p>\t\t\t\t\t\t\t\t<\/div>\n\t\t\t\t<\/div>\n\t\t\t\t\t<\/div>\n\t\t<\/div>\n\t\t\t\t\t<\/div>\n\t\t<\/section>\n\t\t\t\t<\/div>\n\t\t","protected":false},"excerpt":{"rendered":"<p>&nbsp; Semestr letni data godzina temat, prowadz\u0105cy, streszczenia 29.03.2025 &nbsp;11:30 mgr Justyna Soska Migracje ptak\u00f3w &#8211; odwieczne misterium przyrody 26.04.2025 &nbsp;11:30 mgr in\u017c. Anna Rejdych Gospodarka le\u015bna, czyli co robi le\u015bnik w lesie 17.05.2025 &nbsp;11:30 dr Andrzej Boczarowski Ewolucja materii \u2013 czarne dziury 14.06.2025 &nbsp;11:30 mgr Damian Jab\u0142eka Gdy zdob\u0119dziemy ju\u017c wszystkie ziemskie szczyty\u2026 Wyk\u0142ady [&hellip;]<\/p>\n","protected":false},"author":25,"featured_media":0,"parent":2069,"menu_order":0,"comment_status":"closed","ping_status":"closed","template":"","meta":{"footnotes":""},"class_list":["post-2075","page","type-page","status-publish","hentry"],"yoast_head":"<!-- This site is optimized with the Yoast SEO plugin v27.3 - https:\/\/yoast.com\/product\/yoast-seo-wordpress\/ -->\n<title>Plan zaj\u0119\u0107 | Rodzice \u2013 rok akademicki 2024\/2025 - U\u015a Dzieci<\/title>\n<meta name=\"robots\" content=\"noindex, follow, max-snippet:-1, max-image-preview:large, max-video-preview:-1\" \/>\n<meta property=\"og:locale\" content=\"pl_PL\" \/>\n<meta property=\"og:type\" content=\"article\" \/>\n<meta property=\"og:title\" content=\"Plan zaj\u0119\u0107 | Rodzice \u2013 rok akademicki 2024\/2025 - U\u015a Dzieci\" \/>\n<meta property=\"og:description\" content=\"&nbsp; Semestr letni data godzina temat, prowadz\u0105cy, streszczenia 29.03.2025 &nbsp;11:30 mgr Justyna Soska Migracje ptak\u00f3w &#8211; odwieczne misterium przyrody 26.04.2025 &nbsp;11:30 mgr in\u017c. Anna Rejdych Gospodarka le\u015bna, czyli co robi le\u015bnik w lesie 17.05.2025 &nbsp;11:30 dr Andrzej Boczarowski Ewolucja materii \u2013 czarne dziury 14.06.2025 &nbsp;11:30 mgr Damian Jab\u0142eka Gdy zdob\u0119dziemy ju\u017c wszystkie ziemskie szczyty\u2026 Wyk\u0142ady [&hellip;]\" \/>\n<meta property=\"og:url\" content=\"https:\/\/uniwersytetotwarty.us.edu.pl\/dzieci\/zajecia-rodzice\/plan-zajec-rodzice\/\" \/>\n<meta property=\"og:site_name\" content=\"U\u015a Dzieci\" \/>\n<meta property=\"article:modified_time\" content=\"2025-03-11T13:48:21+00:00\" \/>\n<meta name=\"twitter:card\" content=\"summary_large_image\" \/>\n<meta name=\"twitter:label1\" content=\"Szacowany czas czytania\" \/>\n\t<meta name=\"twitter:data1\" content=\"1 minuta\" \/>\n<script type=\"application\/ld+json\" class=\"yoast-schema-graph\">{\"@context\":\"https:\\\/\\\/schema.org\",\"@graph\":[{\"@type\":\"WebPage\",\"@id\":\"https:\\\/\\\/uniwersytetotwarty.us.edu.pl\\\/dzieci\\\/zajecia-rodzice\\\/plan-zajec-rodzice\\\/\",\"url\":\"https:\\\/\\\/uniwersytetotwarty.us.edu.pl\\\/dzieci\\\/zajecia-rodzice\\\/plan-zajec-rodzice\\\/\",\"name\":\"Plan zaj\u0119\u0107 | Rodzice \u2013 rok akademicki 2024\\\/2025 - U\u015a Dzieci\",\"isPartOf\":{\"@id\":\"https:\\\/\\\/uniwersytetotwarty.us.edu.pl\\\/dzieci\\\/#website\"},\"datePublished\":\"2024-09-05T09:18:16+00:00\",\"dateModified\":\"2025-03-11T13:48:21+00:00\",\"breadcrumb\":{\"@id\":\"https:\\\/\\\/uniwersytetotwarty.us.edu.pl\\\/dzieci\\\/zajecia-rodzice\\\/plan-zajec-rodzice\\\/#breadcrumb\"},\"inLanguage\":\"pl-PL\",\"potentialAction\":[{\"@type\":\"ReadAction\",\"target\":[\"https:\\\/\\\/uniwersytetotwarty.us.edu.pl\\\/dzieci\\\/zajecia-rodzice\\\/plan-zajec-rodzice\\\/\"]}]},{\"@type\":\"BreadcrumbList\",\"@id\":\"https:\\\/\\\/uniwersytetotwarty.us.edu.pl\\\/dzieci\\\/zajecia-rodzice\\\/plan-zajec-rodzice\\\/#breadcrumb\",\"itemListElement\":[{\"@type\":\"ListItem\",\"position\":1,\"name\":\"U\u015a Dzieci\",\"item\":\"https:\\\/\\\/uniwersytetotwarty.us.edu.pl\\\/dzieci\\\/\"},{\"@type\":\"ListItem\",\"position\":2,\"name\":\"Zaj\u0119cia | Rodzice\",\"item\":\"https:\\\/\\\/uniwersytetotwarty.us.edu.pl\\\/dzieci\\\/zajecia-rodzice\\\/\"},{\"@type\":\"ListItem\",\"position\":3,\"name\":\"Plan zaj\u0119\u0107 | Rodzice \u2013 rok akademicki 2024\\\/2025\"}]},{\"@type\":\"WebSite\",\"@id\":\"https:\\\/\\\/uniwersytetotwarty.us.edu.pl\\\/dzieci\\\/#website\",\"url\":\"https:\\\/\\\/uniwersytetotwarty.us.edu.pl\\\/dzieci\\\/\",\"name\":\"U\u015a Dzieci\",\"description\":\"\",\"publisher\":{\"@id\":\"https:\\\/\\\/uniwersytetotwarty.us.edu.pl\\\/dzieci\\\/#organization\"},\"potentialAction\":[{\"@type\":\"SearchAction\",\"target\":{\"@type\":\"EntryPoint\",\"urlTemplate\":\"https:\\\/\\\/uniwersytetotwarty.us.edu.pl\\\/dzieci\\\/?s={search_term_string}\"},\"query-input\":{\"@type\":\"PropertyValueSpecification\",\"valueRequired\":true,\"valueName\":\"search_term_string\"}}],\"inLanguage\":\"pl-PL\"},{\"@type\":\"Organization\",\"@id\":\"https:\\\/\\\/uniwersytetotwarty.us.edu.pl\\\/dzieci\\\/#organization\",\"name\":\"Uniwersytet \u015al\u0105ski\",\"url\":\"https:\\\/\\\/uniwersytetotwarty.us.edu.pl\\\/dzieci\\\/\",\"logo\":{\"@type\":\"ImageObject\",\"inLanguage\":\"pl-PL\",\"@id\":\"https:\\\/\\\/uniwersytetotwarty.us.edu.pl\\\/dzieci\\\/#\\\/schema\\\/logo\\\/image\\\/\",\"url\":\"https:\\\/\\\/uniwersytetotwarty.us.edu.pl\\\/dzieci\\\/wp-content\\\/uploads\\\/sites\\\/14\\\/2023\\\/10\\\/logo-1.svg\",\"contentUrl\":\"https:\\\/\\\/uniwersytetotwarty.us.edu.pl\\\/dzieci\\\/wp-content\\\/uploads\\\/sites\\\/14\\\/2023\\\/10\\\/logo-1.svg\",\"width\":414,\"height\":71,\"caption\":\"Uniwersytet \u015al\u0105ski\"},\"image\":{\"@id\":\"https:\\\/\\\/uniwersytetotwarty.us.edu.pl\\\/dzieci\\\/#\\\/schema\\\/logo\\\/image\\\/\"}}]}<\/script>\n<!-- \/ Yoast SEO plugin. -->","yoast_head_json":{"title":"Plan zaj\u0119\u0107 | Rodzice \u2013 rok akademicki 2024\/2025 - U\u015a Dzieci","robots":{"index":"noindex","follow":"follow","max-snippet":"max-snippet:-1","max-image-preview":"max-image-preview:large","max-video-preview":"max-video-preview:-1"},"og_locale":"pl_PL","og_type":"article","og_title":"Plan zaj\u0119\u0107 | Rodzice \u2013 rok akademicki 2024\/2025 - U\u015a Dzieci","og_description":"&nbsp; Semestr letni data godzina temat, prowadz\u0105cy, streszczenia 29.03.2025 &nbsp;11:30 mgr Justyna Soska Migracje ptak\u00f3w &#8211; odwieczne misterium przyrody 26.04.2025 &nbsp;11:30 mgr in\u017c. Anna Rejdych Gospodarka le\u015bna, czyli co robi le\u015bnik w lesie 17.05.2025 &nbsp;11:30 dr Andrzej Boczarowski Ewolucja materii \u2013 czarne dziury 14.06.2025 &nbsp;11:30 mgr Damian Jab\u0142eka Gdy zdob\u0119dziemy ju\u017c wszystkie ziemskie szczyty\u2026 Wyk\u0142ady [&hellip;]","og_url":"https:\/\/uniwersytetotwarty.us.edu.pl\/dzieci\/zajecia-rodzice\/plan-zajec-rodzice\/","og_site_name":"U\u015a Dzieci","article_modified_time":"2025-03-11T13:48:21+00:00","twitter_card":"summary_large_image","twitter_misc":{"Szacowany czas czytania":"1 minuta"},"schema":{"@context":"https:\/\/schema.org","@graph":[{"@type":"WebPage","@id":"https:\/\/uniwersytetotwarty.us.edu.pl\/dzieci\/zajecia-rodzice\/plan-zajec-rodzice\/","url":"https:\/\/uniwersytetotwarty.us.edu.pl\/dzieci\/zajecia-rodzice\/plan-zajec-rodzice\/","name":"Plan zaj\u0119\u0107 | Rodzice \u2013 rok akademicki 2024\/2025 - U\u015a Dzieci","isPartOf":{"@id":"https:\/\/uniwersytetotwarty.us.edu.pl\/dzieci\/#website"},"datePublished":"2024-09-05T09:18:16+00:00","dateModified":"2025-03-11T13:48:21+00:00","breadcrumb":{"@id":"https:\/\/uniwersytetotwarty.us.edu.pl\/dzieci\/zajecia-rodzice\/plan-zajec-rodzice\/#breadcrumb"},"inLanguage":"pl-PL","potentialAction":[{"@type":"ReadAction","target":["https:\/\/uniwersytetotwarty.us.edu.pl\/dzieci\/zajecia-rodzice\/plan-zajec-rodzice\/"]}]},{"@type":"BreadcrumbList","@id":"https:\/\/uniwersytetotwarty.us.edu.pl\/dzieci\/zajecia-rodzice\/plan-zajec-rodzice\/#breadcrumb","itemListElement":[{"@type":"ListItem","position":1,"name":"U\u015a Dzieci","item":"https:\/\/uniwersytetotwarty.us.edu.pl\/dzieci\/"},{"@type":"ListItem","position":2,"name":"Zaj\u0119cia | Rodzice","item":"https:\/\/uniwersytetotwarty.us.edu.pl\/dzieci\/zajecia-rodzice\/"},{"@type":"ListItem","position":3,"name":"Plan zaj\u0119\u0107 | Rodzice \u2013 rok akademicki 2024\/2025"}]},{"@type":"WebSite","@id":"https:\/\/uniwersytetotwarty.us.edu.pl\/dzieci\/#website","url":"https:\/\/uniwersytetotwarty.us.edu.pl\/dzieci\/","name":"U\u015a Dzieci","description":"","publisher":{"@id":"https:\/\/uniwersytetotwarty.us.edu.pl\/dzieci\/#organization"},"potentialAction":[{"@type":"SearchAction","target":{"@type":"EntryPoint","urlTemplate":"https:\/\/uniwersytetotwarty.us.edu.pl\/dzieci\/?s={search_term_string}"},"query-input":{"@type":"PropertyValueSpecification","valueRequired":true,"valueName":"search_term_string"}}],"inLanguage":"pl-PL"},{"@type":"Organization","@id":"https:\/\/uniwersytetotwarty.us.edu.pl\/dzieci\/#organization","name":"Uniwersytet \u015al\u0105ski","url":"https:\/\/uniwersytetotwarty.us.edu.pl\/dzieci\/","logo":{"@type":"ImageObject","inLanguage":"pl-PL","@id":"https:\/\/uniwersytetotwarty.us.edu.pl\/dzieci\/#\/schema\/logo\/image\/","url":"https:\/\/uniwersytetotwarty.us.edu.pl\/dzieci\/wp-content\/uploads\/sites\/14\/2023\/10\/logo-1.svg","contentUrl":"https:\/\/uniwersytetotwarty.us.edu.pl\/dzieci\/wp-content\/uploads\/sites\/14\/2023\/10\/logo-1.svg","width":414,"height":71,"caption":"Uniwersytet \u015al\u0105ski"},"image":{"@id":"https:\/\/uniwersytetotwarty.us.edu.pl\/dzieci\/#\/schema\/logo\/image\/"}}]}},"_links":{"self":[{"href":"https:\/\/uniwersytetotwarty.us.edu.pl\/dzieci\/wp-json\/wp\/v2\/pages\/2075","targetHints":{"allow":["GET"]}}],"collection":[{"href":"https:\/\/uniwersytetotwarty.us.edu.pl\/dzieci\/wp-json\/wp\/v2\/pages"}],"about":[{"href":"https:\/\/uniwersytetotwarty.us.edu.pl\/dzieci\/wp-json\/wp\/v2\/types\/page"}],"author":[{"embeddable":true,"href":"https:\/\/uniwersytetotwarty.us.edu.pl\/dzieci\/wp-json\/wp\/v2\/users\/25"}],"replies":[{"embeddable":true,"href":"https:\/\/uniwersytetotwarty.us.edu.pl\/dzieci\/wp-json\/wp\/v2\/comments?post=2075"}],"version-history":[{"count":10,"href":"https:\/\/uniwersytetotwarty.us.edu.pl\/dzieci\/wp-json\/wp\/v2\/pages\/2075\/revisions"}],"predecessor-version":[{"id":3493,"href":"https:\/\/uniwersytetotwarty.us.edu.pl\/dzieci\/wp-json\/wp\/v2\/pages\/2075\/revisions\/3493"}],"up":[{"embeddable":true,"href":"https:\/\/uniwersytetotwarty.us.edu.pl\/dzieci\/wp-json\/wp\/v2\/pages\/2069"}],"wp:attachment":[{"href":"https:\/\/uniwersytetotwarty.us.edu.pl\/dzieci\/wp-json\/wp\/v2\/media?parent=2075"}],"curies":[{"name":"wp","href":"https:\/\/api.w.org\/{rel}","templated":true}]}}