{"id":204,"date":"2023-10-30T10:45:06","date_gmt":"2023-10-30T09:45:06","guid":{"rendered":"https:\/\/uniwersytetotwarty.us.edu.pl\/dzieci\/?page_id=204"},"modified":"2025-08-18T08:37:59","modified_gmt":"2025-08-18T06:37:59","slug":"zapisy-na-nowy-rok-akademicki-semestr","status":"publish","type":"page","link":"https:\/\/uniwersytetotwarty.us.edu.pl\/dzieci\/zapisy-na-nowy-rok-akademicki-semestr\/","title":{"rendered":"Zapisy na nowy rok akademicki\/semestr"},"content":{"rendered":"\t\t<div data-elementor-type=\"wp-page\" data-elementor-id=\"204\" class=\"elementor elementor-204\" data-elementor-post-type=\"page\">\n\t\t\t\t\t\t<section class=\"elementor-section elementor-top-section elementor-element elementor-element-55fa5fc elementor-section-boxed elementor-section-height-default elementor-section-height-default\" data-id=\"55fa5fc\" data-element_type=\"section\" data-e-type=\"section\">\n\t\t\t\t\t\t<div class=\"elementor-container elementor-column-gap-default\">\n\t\t\t\t\t<div class=\"elementor-column elementor-col-100 elementor-top-column elementor-element elementor-element-cc11cf8\" data-id=\"cc11cf8\" data-element_type=\"column\" data-e-type=\"column\">\n\t\t\t<div class=\"elementor-widget-wrap elementor-element-populated\">\n\t\t\t\t\t\t<div class=\"elementor-element elementor-element-e17d7d0 elementor-widget elementor-widget-text-editor\" data-id=\"e17d7d0\" data-element_type=\"widget\" data-e-type=\"widget\" data-widget_type=\"text-editor.default\">\n\t\t\t\t<div class=\"elementor-widget-container\">\n\t\t\t\t\t\t\t\t\t<p>Je\u017celi chcesz zapisa\u0107 swoje Dziecko na studia w Uniwersytecie \u015al\u0105skim Dzieci skorzystaj z poni\u017cszej tabelki, kt\u00f3ra pomo\u017ce w procesie rekrutacji:<\/p><table border=\"1\" cellspacing=\"1\" cellpadding=\"1\"><tbody><tr><td><p align=\"center\"><strong>Zapis na zaj\u0119cia odbywa si\u0119 poprzez:<\/strong><\/p><\/td><td><p align=\"center\">Wype\u0142nienie i wys\u0142anie \u00a0<a href=\"http:\/\/dzieci.us.edu.pl\/formularz-zgloszeniowy\">formularza elektronicznego<\/a><\/p><p align=\"center\">Po weryfikacji zg\u0142oszenia wysy\u0142amy potwierdzenie otrzymania formularza na podany w formularzu<br \/>adres email.<\/p><\/td><\/tr><tr><td><p align=\"center\"><strong>Pisemne o\u015bwiadczenie o akceptacji Regulaminu Studi\u00f3w U\u015aD<\/strong><\/p><\/td><td><p align=\"center\">Konieczne jest pisemne o\u015bwiadczenie o akceptacji Regulaminu Studi\u00f3w U\u015aD.<br \/>Orygina\u0142 o\u015bwiadczenia nale\u017cy przes\u0142a\u0107 poczt\u0105 lub z\u0142o\u017cy\u0107 osobi\u015bcie w dziekanacie U\u015aD.<\/p><p align=\"center\">Formularz o\u015bwiadczenia, stanowi\u0105cy\u00a0<a href=\"https:\/\/uniwersytetotwarty.us.edu.pl\/dzieci\/wp-content\/uploads\/sites\/14\/2024\/08\/USD_zalacznik_nr1.doc\">za\u0142\u0105cznik nr 1<\/a>\u00a0<br \/>do\u00a0<a href=\"https:\/\/uniwersytetotwarty.us.edu.pl\/dzieci\/regulamin-studiowania-w-uniwersytecie-slaskim-dzieci\/\">Regulaminu Studi\u00f3w U\u015aD<\/a>\u00a0mo\u017cna<br \/>pobra\u0107 ze strony U\u015aD lub otrzyma\u0107 i wype\u0142ni\u0107<br \/>bezpo\u015brednio przed pierwszymi zaj\u0119ciami.<\/p><p align=\"center\">O\u015bwiadczenia przes\u0142ane przez Internet nie b\u0119d\u0105 akceptowane!<\/p><\/td><\/tr><tr><td><p align=\"center\"><strong>Klauzula informacyjna RODO i zgoda na przetwarzanie danych\u00a0 dla s\u0142uchaczy oraz innych os\u00f3b korzystaj\u0105cych<\/strong><br \/><strong>z oferty\u00a0 Uniwersytetu Otwartego U\u015a<\/strong><\/p><\/td><td><p align=\"center\">Nale\u017cy wydrukowa\u0107 i podpisa\u0107<\/p><ul><li><a href=\"https:\/\/uniwersytetotwarty.us.edu.pl\/dzieci\/wp-content\/uploads\/sites\/14\/2024\/08\/klauzula_rodo.pdf\">o\u015bwiadczenie o klauzuli RODO<\/a><\/li><li><a href=\"https:\/\/uniwersytetotwarty.us.edu.pl\/dzieci\/wp-content\/uploads\/sites\/14\/2024\/08\/zgoda_przetwarzanie.pdf\">zgod\u0119 na przetwarzanie danych<\/a><\/li><\/ul><p align=\"center\">Orygina\u0142y o\u015bwiadcze\u0144 nale\u017cy przes\u0142a\u0107 poczt\u0105 lub z\u0142o\u017cy\u0107 osobi\u015bcie w dziekanacie U\u015aD.<\/p><p>O\u015bwiadczenia przes\u0142ane przez Internet nie b\u0119d\u0105 akceptowane!<\/p><\/td><\/tr><tr><td colspan=\"2\"><p align=\"center\"><strong>Op\u0142at\u0119 mo\u017cna ui\u015bci\u0107 jednorazowo za ca\u0142y rok akademicki lub semestralnie.<\/strong><\/p><\/td><\/tr><tr><td><p align=\"center\"><strong>Op\u0142ata roczna dla nowych student\u00f3w wynosi:\u00a0<br \/>(od nast\u0119pnego roku akademickiego 2025\/26)<\/strong><\/p><\/td><td><p align=\"center\">850 z\u0142 \u00a0\u00a0(przy wp\u0142acie jednorazowej op\u0142ata wynosi 800 z\u0142)\u00a0<br \/>\u2013 dla student\u00f3w wst\u0119puj\u0105cych do U\u015aD<\/p><\/td><\/tr><tr><td><p align=\"center\"><strong>Op\u0142ata semestralna wynosi:\u00a0\u00a0<\/strong><\/p><\/td><td><p align=\"center\">Za I semestr 2025\/26 &#8211; 450 z\u0142 \u00a0<br \/>(400 z\u0142 + 50 z\u0142 wyprawka studenta indeks, identyfikator, smycz, notatnik)\u00a0<\/p><\/td><\/tr><tr><td><p align=\"center\"><strong>Termin wp\u0142aty<\/strong><\/p><\/td><td><p align=\"center\">30.09.2025 (I semestr)<\/p><\/td><\/tr><tr><td><p align=\"center\"><strong>Zni\u017cka:<\/strong><\/p><\/td><td><p align=\"center\">Rodze\u0144stwu przys\u0142uguje zni\u017cka w wysoko\u015bci 10% na ka\u017cde dziecko<br \/>W przypadku tr\u00f3jki rodze\u0144stwa zni\u017cka w wysoko\u015bci 15% na ka\u017cde dziecko<\/p><\/td><\/tr><tr><td><p align=\"center\"><strong>Nr rachunku:<\/strong><\/p><\/td><td><p align=\"center\">rachunek U\u015aD nr 64 1050 1214 1000 0023 4388 1542<\/p><\/td><\/tr><tr><td><p align=\"center\"><strong>Tytu\u0142 przelewu:<\/strong><\/p><\/td><td><p align=\"center\">Imi\u0119 i Nazwisko dziecka, nazwa grupy (odpowiednio &#8220;Poszukiwacze&#8221;, &#8220;Odkrywcy&#8221;, &#8220;Naukowcy&#8221; lub &#8220;Eksperci&#8221;)<\/p><p align=\"center\">wraz z dopiskiem &#8220;Op\u0142ata za rok akademicki\u00a0 2025\/2026&#8221;<\/p><p align=\"center\">lub<\/p><p align=\"center\">Op\u0142ata za I semestr roku akademickiego 2025\/2026\u201d\/ Op\u0142ata za II semestr roku akademickiego 2025\/2026\u201d.<\/p><\/td><\/tr><tr><td><p align=\"center\"><strong>O przyj\u0119ciu w poczet student\u00f3w decyduje:<\/strong><\/p><\/td><td><p align=\"center\">kolejno\u015b\u0107 dokonanych zg\u0142osze\u0144 oraz dope\u0142nienie warunk\u00f3w terminowego wniesienia op\u0142aty semestralnej i\u00a0z\u0142o\u017cenia pisemnego o\u015bwiadczenia o akceptacji Regulaminu Studi\u00f3w U\u015aD.<\/p><p align=\"center\"><strong>\u0141\u0105czny limit przyj\u0119\u0107 na rok akademicki 2025\/2026 wynosi 250 miejsc.<\/strong><\/p><\/td><\/tr><\/tbody><\/table><p>5<\/p>\t\t\t\t\t\t\t\t<\/div>\n\t\t\t\t<\/div>\n\t\t\t\t\t<\/div>\n\t\t<\/div>\n\t\t\t\t\t<\/div>\n\t\t<\/section>\n\t\t\t\t<\/div>\n\t\t","protected":false},"excerpt":{"rendered":"<p>Je\u017celi chcesz zapisa\u0107 swoje Dziecko na studia w Uniwersytecie \u015al\u0105skim Dzieci skorzystaj z poni\u017cszej tabelki, kt\u00f3ra pomo\u017ce w procesie rekrutacji: Zapis na zaj\u0119cia odbywa si\u0119 poprzez: Wype\u0142nienie i wys\u0142anie \u00a0formularza elektronicznego Po weryfikacji zg\u0142oszenia wysy\u0142amy potwierdzenie otrzymania formularza na podany w formularzuadres email. Pisemne o\u015bwiadczenie o akceptacji Regulaminu Studi\u00f3w U\u015aD Konieczne jest pisemne o\u015bwiadczenie o [&hellip;]<\/p>\n","protected":false},"author":5,"featured_media":0,"parent":0,"menu_order":0,"comment_status":"closed","ping_status":"closed","template":"","meta":{"footnotes":""},"class_list":["post-204","page","type-page","status-publish","hentry"],"yoast_head":"<!-- This site is optimized with the Yoast SEO plugin v27.3 - https:\/\/yoast.com\/product\/yoast-seo-wordpress\/ -->\n<title>Zapisy na nowy rok akademicki\/semestr - U\u015a Dzieci<\/title>\n<meta name=\"robots\" content=\"noindex, follow, max-snippet:-1, max-image-preview:large, max-video-preview:-1\" \/>\n<meta property=\"og:locale\" content=\"pl_PL\" \/>\n<meta property=\"og:type\" content=\"article\" \/>\n<meta property=\"og:title\" content=\"Zapisy na nowy rok akademicki\/semestr - U\u015a Dzieci\" \/>\n<meta property=\"og:description\" content=\"Je\u017celi chcesz zapisa\u0107 swoje Dziecko na studia w Uniwersytecie \u015al\u0105skim Dzieci skorzystaj z poni\u017cszej tabelki, kt\u00f3ra pomo\u017ce w procesie rekrutacji: Zapis na zaj\u0119cia odbywa si\u0119 poprzez: Wype\u0142nienie i wys\u0142anie \u00a0formularza elektronicznego Po weryfikacji zg\u0142oszenia wysy\u0142amy potwierdzenie otrzymania formularza na podany w formularzuadres email. Pisemne o\u015bwiadczenie o akceptacji Regulaminu Studi\u00f3w U\u015aD Konieczne jest pisemne o\u015bwiadczenie o [&hellip;]\" \/>\n<meta property=\"og:url\" content=\"https:\/\/uniwersytetotwarty.us.edu.pl\/dzieci\/zapisy-na-nowy-rok-akademicki-semestr\/\" \/>\n<meta property=\"og:site_name\" content=\"U\u015a Dzieci\" \/>\n<meta property=\"article:modified_time\" content=\"2025-08-18T06:37:59+00:00\" \/>\n<meta name=\"twitter:card\" content=\"summary_large_image\" \/>\n<meta name=\"twitter:label1\" content=\"Szacowany czas czytania\" \/>\n\t<meta name=\"twitter:data1\" content=\"2 minuty\" \/>\n<script type=\"application\/ld+json\" class=\"yoast-schema-graph\">{\"@context\":\"https:\\\/\\\/schema.org\",\"@graph\":[{\"@type\":\"WebPage\",\"@id\":\"https:\\\/\\\/uniwersytetotwarty.us.edu.pl\\\/dzieci\\\/zapisy-na-nowy-rok-akademicki-semestr\\\/\",\"url\":\"https:\\\/\\\/uniwersytetotwarty.us.edu.pl\\\/dzieci\\\/zapisy-na-nowy-rok-akademicki-semestr\\\/\",\"name\":\"Zapisy na nowy rok akademicki\\\/semestr - U\u015a Dzieci\",\"isPartOf\":{\"@id\":\"https:\\\/\\\/uniwersytetotwarty.us.edu.pl\\\/dzieci\\\/#website\"},\"datePublished\":\"2023-10-30T09:45:06+00:00\",\"dateModified\":\"2025-08-18T06:37:59+00:00\",\"breadcrumb\":{\"@id\":\"https:\\\/\\\/uniwersytetotwarty.us.edu.pl\\\/dzieci\\\/zapisy-na-nowy-rok-akademicki-semestr\\\/#breadcrumb\"},\"inLanguage\":\"pl-PL\",\"potentialAction\":[{\"@type\":\"ReadAction\",\"target\":[\"https:\\\/\\\/uniwersytetotwarty.us.edu.pl\\\/dzieci\\\/zapisy-na-nowy-rok-akademicki-semestr\\\/\"]}]},{\"@type\":\"BreadcrumbList\",\"@id\":\"https:\\\/\\\/uniwersytetotwarty.us.edu.pl\\\/dzieci\\\/zapisy-na-nowy-rok-akademicki-semestr\\\/#breadcrumb\",\"itemListElement\":[{\"@type\":\"ListItem\",\"position\":1,\"name\":\"U\u015a Dzieci\",\"item\":\"https:\\\/\\\/uniwersytetotwarty.us.edu.pl\\\/dzieci\\\/\"},{\"@type\":\"ListItem\",\"position\":2,\"name\":\"Zapisy na nowy rok akademicki\\\/semestr\"}]},{\"@type\":\"WebSite\",\"@id\":\"https:\\\/\\\/uniwersytetotwarty.us.edu.pl\\\/dzieci\\\/#website\",\"url\":\"https:\\\/\\\/uniwersytetotwarty.us.edu.pl\\\/dzieci\\\/\",\"name\":\"U\u015a Dzieci\",\"description\":\"\",\"publisher\":{\"@id\":\"https:\\\/\\\/uniwersytetotwarty.us.edu.pl\\\/dzieci\\\/#organization\"},\"potentialAction\":[{\"@type\":\"SearchAction\",\"target\":{\"@type\":\"EntryPoint\",\"urlTemplate\":\"https:\\\/\\\/uniwersytetotwarty.us.edu.pl\\\/dzieci\\\/?s={search_term_string}\"},\"query-input\":{\"@type\":\"PropertyValueSpecification\",\"valueRequired\":true,\"valueName\":\"search_term_string\"}}],\"inLanguage\":\"pl-PL\"},{\"@type\":\"Organization\",\"@id\":\"https:\\\/\\\/uniwersytetotwarty.us.edu.pl\\\/dzieci\\\/#organization\",\"name\":\"Uniwersytet \u015al\u0105ski\",\"url\":\"https:\\\/\\\/uniwersytetotwarty.us.edu.pl\\\/dzieci\\\/\",\"logo\":{\"@type\":\"ImageObject\",\"inLanguage\":\"pl-PL\",\"@id\":\"https:\\\/\\\/uniwersytetotwarty.us.edu.pl\\\/dzieci\\\/#\\\/schema\\\/logo\\\/image\\\/\",\"url\":\"https:\\\/\\\/uniwersytetotwarty.us.edu.pl\\\/dzieci\\\/wp-content\\\/uploads\\\/sites\\\/14\\\/2023\\\/10\\\/logo-1.svg\",\"contentUrl\":\"https:\\\/\\\/uniwersytetotwarty.us.edu.pl\\\/dzieci\\\/wp-content\\\/uploads\\\/sites\\\/14\\\/2023\\\/10\\\/logo-1.svg\",\"width\":414,\"height\":71,\"caption\":\"Uniwersytet \u015al\u0105ski\"},\"image\":{\"@id\":\"https:\\\/\\\/uniwersytetotwarty.us.edu.pl\\\/dzieci\\\/#\\\/schema\\\/logo\\\/image\\\/\"}}]}<\/script>\n<!-- \/ Yoast SEO plugin. -->","yoast_head_json":{"title":"Zapisy na nowy rok akademicki\/semestr - U\u015a Dzieci","robots":{"index":"noindex","follow":"follow","max-snippet":"max-snippet:-1","max-image-preview":"max-image-preview:large","max-video-preview":"max-video-preview:-1"},"og_locale":"pl_PL","og_type":"article","og_title":"Zapisy na nowy rok akademicki\/semestr - U\u015a Dzieci","og_description":"Je\u017celi chcesz zapisa\u0107 swoje Dziecko na studia w Uniwersytecie \u015al\u0105skim Dzieci skorzystaj z poni\u017cszej tabelki, kt\u00f3ra pomo\u017ce w procesie rekrutacji: Zapis na zaj\u0119cia odbywa si\u0119 poprzez: Wype\u0142nienie i wys\u0142anie \u00a0formularza elektronicznego Po weryfikacji zg\u0142oszenia wysy\u0142amy potwierdzenie otrzymania formularza na podany w formularzuadres email. Pisemne o\u015bwiadczenie o akceptacji Regulaminu Studi\u00f3w U\u015aD Konieczne jest pisemne o\u015bwiadczenie o [&hellip;]","og_url":"https:\/\/uniwersytetotwarty.us.edu.pl\/dzieci\/zapisy-na-nowy-rok-akademicki-semestr\/","og_site_name":"U\u015a Dzieci","article_modified_time":"2025-08-18T06:37:59+00:00","twitter_card":"summary_large_image","twitter_misc":{"Szacowany czas czytania":"2 minuty"},"schema":{"@context":"https:\/\/schema.org","@graph":[{"@type":"WebPage","@id":"https:\/\/uniwersytetotwarty.us.edu.pl\/dzieci\/zapisy-na-nowy-rok-akademicki-semestr\/","url":"https:\/\/uniwersytetotwarty.us.edu.pl\/dzieci\/zapisy-na-nowy-rok-akademicki-semestr\/","name":"Zapisy na nowy rok akademicki\/semestr - U\u015a Dzieci","isPartOf":{"@id":"https:\/\/uniwersytetotwarty.us.edu.pl\/dzieci\/#website"},"datePublished":"2023-10-30T09:45:06+00:00","dateModified":"2025-08-18T06:37:59+00:00","breadcrumb":{"@id":"https:\/\/uniwersytetotwarty.us.edu.pl\/dzieci\/zapisy-na-nowy-rok-akademicki-semestr\/#breadcrumb"},"inLanguage":"pl-PL","potentialAction":[{"@type":"ReadAction","target":["https:\/\/uniwersytetotwarty.us.edu.pl\/dzieci\/zapisy-na-nowy-rok-akademicki-semestr\/"]}]},{"@type":"BreadcrumbList","@id":"https:\/\/uniwersytetotwarty.us.edu.pl\/dzieci\/zapisy-na-nowy-rok-akademicki-semestr\/#breadcrumb","itemListElement":[{"@type":"ListItem","position":1,"name":"U\u015a Dzieci","item":"https:\/\/uniwersytetotwarty.us.edu.pl\/dzieci\/"},{"@type":"ListItem","position":2,"name":"Zapisy na nowy rok akademicki\/semestr"}]},{"@type":"WebSite","@id":"https:\/\/uniwersytetotwarty.us.edu.pl\/dzieci\/#website","url":"https:\/\/uniwersytetotwarty.us.edu.pl\/dzieci\/","name":"U\u015a Dzieci","description":"","publisher":{"@id":"https:\/\/uniwersytetotwarty.us.edu.pl\/dzieci\/#organization"},"potentialAction":[{"@type":"SearchAction","target":{"@type":"EntryPoint","urlTemplate":"https:\/\/uniwersytetotwarty.us.edu.pl\/dzieci\/?s={search_term_string}"},"query-input":{"@type":"PropertyValueSpecification","valueRequired":true,"valueName":"search_term_string"}}],"inLanguage":"pl-PL"},{"@type":"Organization","@id":"https:\/\/uniwersytetotwarty.us.edu.pl\/dzieci\/#organization","name":"Uniwersytet \u015al\u0105ski","url":"https:\/\/uniwersytetotwarty.us.edu.pl\/dzieci\/","logo":{"@type":"ImageObject","inLanguage":"pl-PL","@id":"https:\/\/uniwersytetotwarty.us.edu.pl\/dzieci\/#\/schema\/logo\/image\/","url":"https:\/\/uniwersytetotwarty.us.edu.pl\/dzieci\/wp-content\/uploads\/sites\/14\/2023\/10\/logo-1.svg","contentUrl":"https:\/\/uniwersytetotwarty.us.edu.pl\/dzieci\/wp-content\/uploads\/sites\/14\/2023\/10\/logo-1.svg","width":414,"height":71,"caption":"Uniwersytet \u015al\u0105ski"},"image":{"@id":"https:\/\/uniwersytetotwarty.us.edu.pl\/dzieci\/#\/schema\/logo\/image\/"}}]}},"_links":{"self":[{"href":"https:\/\/uniwersytetotwarty.us.edu.pl\/dzieci\/wp-json\/wp\/v2\/pages\/204","targetHints":{"allow":["GET"]}}],"collection":[{"href":"https:\/\/uniwersytetotwarty.us.edu.pl\/dzieci\/wp-json\/wp\/v2\/pages"}],"about":[{"href":"https:\/\/uniwersytetotwarty.us.edu.pl\/dzieci\/wp-json\/wp\/v2\/types\/page"}],"author":[{"embeddable":true,"href":"https:\/\/uniwersytetotwarty.us.edu.pl\/dzieci\/wp-json\/wp\/v2\/users\/5"}],"replies":[{"embeddable":true,"href":"https:\/\/uniwersytetotwarty.us.edu.pl\/dzieci\/wp-json\/wp\/v2\/comments?post=204"}],"version-history":[{"count":10,"href":"https:\/\/uniwersytetotwarty.us.edu.pl\/dzieci\/wp-json\/wp\/v2\/pages\/204\/revisions"}],"predecessor-version":[{"id":5171,"href":"https:\/\/uniwersytetotwarty.us.edu.pl\/dzieci\/wp-json\/wp\/v2\/pages\/204\/revisions\/5171"}],"wp:attachment":[{"href":"https:\/\/uniwersytetotwarty.us.edu.pl\/dzieci\/wp-json\/wp\/v2\/media?parent=204"}],"curies":[{"name":"wp","href":"https:\/\/api.w.org\/{rel}","templated":true}]}}