{"id":182,"date":"2023-10-30T10:32:21","date_gmt":"2023-10-30T09:32:21","guid":{"rendered":"https:\/\/uniwersytetotwarty.us.edu.pl\/dzieci\/?page_id=182"},"modified":"2025-08-18T08:41:27","modified_gmt":"2025-08-18T06:41:27","slug":"informacje-o-nowym-roku-akademickim","status":"publish","type":"page","link":"https:\/\/uniwersytetotwarty.us.edu.pl\/dzieci\/informacje-o-nowym-roku-akademickim\/","title":{"rendered":"Informacje o nowym roku akademickim"},"content":{"rendered":"\t\t<div data-elementor-type=\"wp-page\" data-elementor-id=\"182\" class=\"elementor elementor-182\" data-elementor-post-type=\"page\">\n\t\t\t\t\t\t<section class=\"elementor-section elementor-top-section elementor-element elementor-element-8766fb1 elementor-section-boxed elementor-section-height-default elementor-section-height-default\" data-id=\"8766fb1\" data-element_type=\"section\" data-e-type=\"section\">\n\t\t\t\t\t\t<div class=\"elementor-container elementor-column-gap-default\">\n\t\t\t\t\t<div class=\"elementor-column elementor-col-100 elementor-top-column elementor-element elementor-element-255d24f\" data-id=\"255d24f\" data-element_type=\"column\" data-e-type=\"column\">\n\t\t\t<div class=\"elementor-widget-wrap elementor-element-populated\">\n\t\t\t\t\t\t<div class=\"elementor-element elementor-element-d868343 elementor-widget elementor-widget-text-editor\" data-id=\"d868343\" data-element_type=\"widget\" data-e-type=\"widget\" data-widget_type=\"text-editor.default\">\n\t\t\t\t<div class=\"elementor-widget-container\">\n\t\t\t\t\t\t\t\t\t<p>Nasi obecni studenci pozostaj\u0105 na li\u015bcie aktywnych student\u00f3w. Nie jest wymagany ponowny zapis ani logowanie na I semestr zaj\u0119\u0107 roku akademickiego 2025\/2026. Cieszymy si\u0119, \u017ce s\u0105 Pa\u0144stwo z nami. Warunkiem uczestnictwa w zaj\u0119ciach w nowym semestrze jest terminowe wniesienie op\u0142aty za zaj\u0119cia.<\/p><p>Aby po osi\u0105gnieciu odpowiedniego wieku, w nowym roku akademickim uczestniczy\u0107 w zaj\u0119ciach starszej grupy nale\u017cy w \u201edanych osobowych\u201d indywidualnego konta studenta zmieni\u0107 grup\u0119. Opcja zmiany grupy jest mo\u017cliwa tylko do Inauguracji nowego roku akademickiego. W trakcie trwania roku akademickiego nie zmieniamy grupy. W razie problem\u00f3w ze zmian\u0105 grupy za\u0142\u0105czamy pomocn\u0105\u00a0<a href=\"https:\/\/uniwersytetotwarty.us.edu.pl\/dzieci\/wp-content\/uploads\/sites\/14\/2024\/08\/instrukcja.pdf\">\u00a0<strong><u>kr\u00f3tk\u0105 instrukcj\u0119<\/u><\/strong><strong><u>.<\/u><\/strong><\/a><\/p><p>Pozosta\u0142e informacje znajd\u0105 Pa\u0144stwo w poni\u017cszej tabelce:<\/p><table border=\"1\" cellspacing=\"1\" cellpadding=\"1\"><tbody><tr><td><p align=\"center\"><strong>Pisemne o\u015bwiadczenie o akceptacji Regulaminu Studi\u00f3w U\u015aD<\/strong><\/p><\/td><td><p align=\"center\">O\u015bwiadczenia o akceptacji Regulaminu Studi\u00f3w U\u015aD<br \/>&#8211; nie trzeba sk\u0142ada\u0107 ponownie<\/p><\/td><\/tr><tr><td><p align=\"center\"><strong>Klauzula informacyjna RODO i\u00a0zgoda na przetwarzanie danych\u00a0 dla s\u0142uchaczy oraz innych os\u00f3b korzystaj\u0105cych z\u00a0oferty\u00a0 Uniwersytetu Otwartego U\u015a<\/strong><\/p><\/td><td><p align=\"center\">Klauzuli informacyjnej RODO i zgody na przetwarzanie danych dla s\u0142uchaczy oraz innych os\u00f3b korzystaj\u0105cych z oferty Uniwersytetu Otwartego U\u015a<\/p><p align=\"center\">&#8211; nie trzeba sk\u0142ada\u0107 ponownie<\/p><\/td><\/tr><tr><td colspan=\"2\"><p align=\"center\"><strong>Op\u0142at\u0119 mo\u017cna ui\u015bci\u0107 jednorazowo za ca\u0142y rok akademicki lub semestralnie.<\/strong><\/p><\/td><\/tr><tr><td><p align=\"center\"><strong>Op\u0142ata roczna\u00a0 wynosi:\u00a0<br \/>(od roku akademickiego 2025\/26)<\/strong><\/p><\/td><td><p align=\"center\">800 z\u0142 \u00a0\u00a0(przy wp\u0142acie jednorazowej op\u0142ata wynosi 750 z\u0142)<br \/>\u2013 dla student\u00f3w kontynuuj\u0105cych uczestnictwo w U\u015aD<\/p><\/td><\/tr><tr><td rowspan=\"2\"><p align=\"center\"><strong>Op\u0142ata semestralna wynosi:\u00a0<\/strong><\/p><\/td><td><p align=\"center\">Za I semestr &#8211;\u00a0 400 z\u0142 <br \/>\u00a0( od nast\u0119pnego roku akademickiego 2024\/25 )<\/p><\/td><\/tr><tr><td><p align=\"center\">Za II semestr 2025\/26 \u00a0&#8211;\u00a0 400 z\u0142<\/p><\/td><\/tr><tr><td><p align=\"center\"><strong>Termin wp\u0142aty:<\/strong><\/p><\/td><td><p class=\"rtecenter\" style=\"text-align: center\">30.09. 2025 (I semestr) oraz 13.03.2026 (II semestr)<\/p><\/td><\/tr><tr><td><p align=\"center\"><strong>Zni\u017cka:<\/strong><\/p><\/td><td><p align=\"center\">Rodze\u0144stwu przys\u0142uguje zni\u017cka w wysoko\u015bci 10% na ka\u017cde dziecko.<br \/>W przypadku tr\u00f3jki rodze\u0144stwa zni\u017cka w wysoko\u015bci 15% na ka\u017cde dziecko<\/p><\/td><\/tr><tr><td><p align=\"center\"><strong>Nr rachunku:<\/strong><\/p><\/td><td><p align=\"center\">rachunek U\u015aD nr 64 1050 1214 1000 0023 4388 1542<\/p><\/td><\/tr><tr><td><p align=\"center\"><strong>Tytu\u0142 przelewu:<\/strong><\/p><\/td><td><p>Imi\u0119 i Nazwisko dziecka, nazwa grupy (odpowiednio &#8220;Poszukiwacze&#8221;, &#8220;Odkrywcy&#8221;, &#8220;Naukowcy&#8221; lub &#8220;Eksperci&#8221;) wraz z dopiskiem:<\/p><p>&#8220;Op\u0142ata za rok akademicki 2025\/2026&#8221;\u00a0<\/p><p>lub<\/p><p>\u201eOp\u0142ata za I semestr roku akademickiego 2025\/2026\u201d\/ Op\u0142ata za II semestr roku akademickiego 2025\/2026\u201d.<\/p><\/td><\/tr><tr><td><p align=\"center\"><strong>O przyj\u0119ciu w poczet student\u00f3w decyduje:<\/strong><\/p><\/td><td><p align=\"center\">dope\u0142nienie warunk\u00f3w terminowego wniesienia op\u0142aty semestralnej lub rocznej<\/p><p align=\"center\"><strong>\u0141\u0105czny limit przyj\u0119\u0107 na rok akademicki 2025\/2026<\/strong><br \/><strong>wynosi 250 miejsc.<\/strong><\/p><\/td><\/tr><\/tbody><\/table>\t\t\t\t\t\t\t\t<\/div>\n\t\t\t\t<\/div>\n\t\t\t\t\t<\/div>\n\t\t<\/div>\n\t\t\t\t\t<\/div>\n\t\t<\/section>\n\t\t\t\t<\/div>\n\t\t","protected":false},"excerpt":{"rendered":"<p>Nasi obecni studenci pozostaj\u0105 na li\u015bcie aktywnych student\u00f3w. Nie jest wymagany ponowny zapis ani logowanie na I semestr zaj\u0119\u0107 roku akademickiego 2025\/2026. Cieszymy si\u0119, \u017ce s\u0105 Pa\u0144stwo z nami. Warunkiem uczestnictwa w zaj\u0119ciach w nowym semestrze jest terminowe wniesienie op\u0142aty za zaj\u0119cia. Aby po osi\u0105gnieciu odpowiedniego wieku, w nowym roku akademickim uczestniczy\u0107 w zaj\u0119ciach starszej [&hellip;]<\/p>\n","protected":false},"author":5,"featured_media":0,"parent":0,"menu_order":0,"comment_status":"closed","ping_status":"closed","template":"","meta":{"footnotes":""},"class_list":["post-182","page","type-page","status-publish","hentry"],"yoast_head":"<!-- This site is optimized with the Yoast SEO plugin v27.3 - https:\/\/yoast.com\/product\/yoast-seo-wordpress\/ -->\n<title>Informacje o nowym roku akademickim - U\u015a Dzieci<\/title>\n<meta name=\"robots\" content=\"noindex, follow, max-snippet:-1, max-image-preview:large, max-video-preview:-1\" \/>\n<meta property=\"og:locale\" content=\"pl_PL\" \/>\n<meta property=\"og:type\" content=\"article\" \/>\n<meta property=\"og:title\" content=\"Informacje o nowym roku akademickim - U\u015a Dzieci\" \/>\n<meta property=\"og:description\" content=\"Nasi obecni studenci pozostaj\u0105 na li\u015bcie aktywnych student\u00f3w. Nie jest wymagany ponowny zapis ani logowanie na I semestr zaj\u0119\u0107 roku akademickiego 2025\/2026. Cieszymy si\u0119, \u017ce s\u0105 Pa\u0144stwo z nami. Warunkiem uczestnictwa w zaj\u0119ciach w nowym semestrze jest terminowe wniesienie op\u0142aty za zaj\u0119cia. Aby po osi\u0105gnieciu odpowiedniego wieku, w nowym roku akademickim uczestniczy\u0107 w zaj\u0119ciach starszej [&hellip;]\" \/>\n<meta property=\"og:url\" content=\"https:\/\/uniwersytetotwarty.us.edu.pl\/dzieci\/informacje-o-nowym-roku-akademickim\/\" \/>\n<meta property=\"og:site_name\" content=\"U\u015a Dzieci\" \/>\n<meta property=\"article:modified_time\" content=\"2025-08-18T06:41:27+00:00\" \/>\n<meta name=\"twitter:card\" content=\"summary_large_image\" \/>\n<meta name=\"twitter:label1\" content=\"Szacowany czas czytania\" \/>\n\t<meta name=\"twitter:data1\" content=\"2 minuty\" \/>\n<script type=\"application\/ld+json\" class=\"yoast-schema-graph\">{\"@context\":\"https:\\\/\\\/schema.org\",\"@graph\":[{\"@type\":\"WebPage\",\"@id\":\"https:\\\/\\\/uniwersytetotwarty.us.edu.pl\\\/dzieci\\\/informacje-o-nowym-roku-akademickim\\\/\",\"url\":\"https:\\\/\\\/uniwersytetotwarty.us.edu.pl\\\/dzieci\\\/informacje-o-nowym-roku-akademickim\\\/\",\"name\":\"Informacje o nowym roku akademickim - U\u015a Dzieci\",\"isPartOf\":{\"@id\":\"https:\\\/\\\/uniwersytetotwarty.us.edu.pl\\\/dzieci\\\/#website\"},\"datePublished\":\"2023-10-30T09:32:21+00:00\",\"dateModified\":\"2025-08-18T06:41:27+00:00\",\"breadcrumb\":{\"@id\":\"https:\\\/\\\/uniwersytetotwarty.us.edu.pl\\\/dzieci\\\/informacje-o-nowym-roku-akademickim\\\/#breadcrumb\"},\"inLanguage\":\"pl-PL\",\"potentialAction\":[{\"@type\":\"ReadAction\",\"target\":[\"https:\\\/\\\/uniwersytetotwarty.us.edu.pl\\\/dzieci\\\/informacje-o-nowym-roku-akademickim\\\/\"]}]},{\"@type\":\"BreadcrumbList\",\"@id\":\"https:\\\/\\\/uniwersytetotwarty.us.edu.pl\\\/dzieci\\\/informacje-o-nowym-roku-akademickim\\\/#breadcrumb\",\"itemListElement\":[{\"@type\":\"ListItem\",\"position\":1,\"name\":\"U\u015a Dzieci\",\"item\":\"https:\\\/\\\/uniwersytetotwarty.us.edu.pl\\\/dzieci\\\/\"},{\"@type\":\"ListItem\",\"position\":2,\"name\":\"Informacje o nowym roku akademickim\"}]},{\"@type\":\"WebSite\",\"@id\":\"https:\\\/\\\/uniwersytetotwarty.us.edu.pl\\\/dzieci\\\/#website\",\"url\":\"https:\\\/\\\/uniwersytetotwarty.us.edu.pl\\\/dzieci\\\/\",\"name\":\"U\u015a Dzieci\",\"description\":\"\",\"publisher\":{\"@id\":\"https:\\\/\\\/uniwersytetotwarty.us.edu.pl\\\/dzieci\\\/#organization\"},\"potentialAction\":[{\"@type\":\"SearchAction\",\"target\":{\"@type\":\"EntryPoint\",\"urlTemplate\":\"https:\\\/\\\/uniwersytetotwarty.us.edu.pl\\\/dzieci\\\/?s={search_term_string}\"},\"query-input\":{\"@type\":\"PropertyValueSpecification\",\"valueRequired\":true,\"valueName\":\"search_term_string\"}}],\"inLanguage\":\"pl-PL\"},{\"@type\":\"Organization\",\"@id\":\"https:\\\/\\\/uniwersytetotwarty.us.edu.pl\\\/dzieci\\\/#organization\",\"name\":\"Uniwersytet \u015al\u0105ski\",\"url\":\"https:\\\/\\\/uniwersytetotwarty.us.edu.pl\\\/dzieci\\\/\",\"logo\":{\"@type\":\"ImageObject\",\"inLanguage\":\"pl-PL\",\"@id\":\"https:\\\/\\\/uniwersytetotwarty.us.edu.pl\\\/dzieci\\\/#\\\/schema\\\/logo\\\/image\\\/\",\"url\":\"https:\\\/\\\/uniwersytetotwarty.us.edu.pl\\\/dzieci\\\/wp-content\\\/uploads\\\/sites\\\/14\\\/2023\\\/10\\\/logo-1.svg\",\"contentUrl\":\"https:\\\/\\\/uniwersytetotwarty.us.edu.pl\\\/dzieci\\\/wp-content\\\/uploads\\\/sites\\\/14\\\/2023\\\/10\\\/logo-1.svg\",\"width\":414,\"height\":71,\"caption\":\"Uniwersytet \u015al\u0105ski\"},\"image\":{\"@id\":\"https:\\\/\\\/uniwersytetotwarty.us.edu.pl\\\/dzieci\\\/#\\\/schema\\\/logo\\\/image\\\/\"}}]}<\/script>\n<!-- \/ Yoast SEO plugin. -->","yoast_head_json":{"title":"Informacje o nowym roku akademickim - U\u015a Dzieci","robots":{"index":"noindex","follow":"follow","max-snippet":"max-snippet:-1","max-image-preview":"max-image-preview:large","max-video-preview":"max-video-preview:-1"},"og_locale":"pl_PL","og_type":"article","og_title":"Informacje o nowym roku akademickim - U\u015a Dzieci","og_description":"Nasi obecni studenci pozostaj\u0105 na li\u015bcie aktywnych student\u00f3w. Nie jest wymagany ponowny zapis ani logowanie na I semestr zaj\u0119\u0107 roku akademickiego 2025\/2026. Cieszymy si\u0119, \u017ce s\u0105 Pa\u0144stwo z nami. Warunkiem uczestnictwa w zaj\u0119ciach w nowym semestrze jest terminowe wniesienie op\u0142aty za zaj\u0119cia. Aby po osi\u0105gnieciu odpowiedniego wieku, w nowym roku akademickim uczestniczy\u0107 w zaj\u0119ciach starszej [&hellip;]","og_url":"https:\/\/uniwersytetotwarty.us.edu.pl\/dzieci\/informacje-o-nowym-roku-akademickim\/","og_site_name":"U\u015a Dzieci","article_modified_time":"2025-08-18T06:41:27+00:00","twitter_card":"summary_large_image","twitter_misc":{"Szacowany czas czytania":"2 minuty"},"schema":{"@context":"https:\/\/schema.org","@graph":[{"@type":"WebPage","@id":"https:\/\/uniwersytetotwarty.us.edu.pl\/dzieci\/informacje-o-nowym-roku-akademickim\/","url":"https:\/\/uniwersytetotwarty.us.edu.pl\/dzieci\/informacje-o-nowym-roku-akademickim\/","name":"Informacje o nowym roku akademickim - U\u015a Dzieci","isPartOf":{"@id":"https:\/\/uniwersytetotwarty.us.edu.pl\/dzieci\/#website"},"datePublished":"2023-10-30T09:32:21+00:00","dateModified":"2025-08-18T06:41:27+00:00","breadcrumb":{"@id":"https:\/\/uniwersytetotwarty.us.edu.pl\/dzieci\/informacje-o-nowym-roku-akademickim\/#breadcrumb"},"inLanguage":"pl-PL","potentialAction":[{"@type":"ReadAction","target":["https:\/\/uniwersytetotwarty.us.edu.pl\/dzieci\/informacje-o-nowym-roku-akademickim\/"]}]},{"@type":"BreadcrumbList","@id":"https:\/\/uniwersytetotwarty.us.edu.pl\/dzieci\/informacje-o-nowym-roku-akademickim\/#breadcrumb","itemListElement":[{"@type":"ListItem","position":1,"name":"U\u015a Dzieci","item":"https:\/\/uniwersytetotwarty.us.edu.pl\/dzieci\/"},{"@type":"ListItem","position":2,"name":"Informacje o nowym roku akademickim"}]},{"@type":"WebSite","@id":"https:\/\/uniwersytetotwarty.us.edu.pl\/dzieci\/#website","url":"https:\/\/uniwersytetotwarty.us.edu.pl\/dzieci\/","name":"U\u015a Dzieci","description":"","publisher":{"@id":"https:\/\/uniwersytetotwarty.us.edu.pl\/dzieci\/#organization"},"potentialAction":[{"@type":"SearchAction","target":{"@type":"EntryPoint","urlTemplate":"https:\/\/uniwersytetotwarty.us.edu.pl\/dzieci\/?s={search_term_string}"},"query-input":{"@type":"PropertyValueSpecification","valueRequired":true,"valueName":"search_term_string"}}],"inLanguage":"pl-PL"},{"@type":"Organization","@id":"https:\/\/uniwersytetotwarty.us.edu.pl\/dzieci\/#organization","name":"Uniwersytet \u015al\u0105ski","url":"https:\/\/uniwersytetotwarty.us.edu.pl\/dzieci\/","logo":{"@type":"ImageObject","inLanguage":"pl-PL","@id":"https:\/\/uniwersytetotwarty.us.edu.pl\/dzieci\/#\/schema\/logo\/image\/","url":"https:\/\/uniwersytetotwarty.us.edu.pl\/dzieci\/wp-content\/uploads\/sites\/14\/2023\/10\/logo-1.svg","contentUrl":"https:\/\/uniwersytetotwarty.us.edu.pl\/dzieci\/wp-content\/uploads\/sites\/14\/2023\/10\/logo-1.svg","width":414,"height":71,"caption":"Uniwersytet \u015al\u0105ski"},"image":{"@id":"https:\/\/uniwersytetotwarty.us.edu.pl\/dzieci\/#\/schema\/logo\/image\/"}}]}},"_links":{"self":[{"href":"https:\/\/uniwersytetotwarty.us.edu.pl\/dzieci\/wp-json\/wp\/v2\/pages\/182","targetHints":{"allow":["GET"]}}],"collection":[{"href":"https:\/\/uniwersytetotwarty.us.edu.pl\/dzieci\/wp-json\/wp\/v2\/pages"}],"about":[{"href":"https:\/\/uniwersytetotwarty.us.edu.pl\/dzieci\/wp-json\/wp\/v2\/types\/page"}],"author":[{"embeddable":true,"href":"https:\/\/uniwersytetotwarty.us.edu.pl\/dzieci\/wp-json\/wp\/v2\/users\/5"}],"replies":[{"embeddable":true,"href":"https:\/\/uniwersytetotwarty.us.edu.pl\/dzieci\/wp-json\/wp\/v2\/comments?post=182"}],"version-history":[{"count":10,"href":"https:\/\/uniwersytetotwarty.us.edu.pl\/dzieci\/wp-json\/wp\/v2\/pages\/182\/revisions"}],"predecessor-version":[{"id":5174,"href":"https:\/\/uniwersytetotwarty.us.edu.pl\/dzieci\/wp-json\/wp\/v2\/pages\/182\/revisions\/5174"}],"wp:attachment":[{"href":"https:\/\/uniwersytetotwarty.us.edu.pl\/dzieci\/wp-json\/wp\/v2\/media?parent=182"}],"curies":[{"name":"wp","href":"https:\/\/api.w.org\/{rel}","templated":true}]}}