{"id":167,"date":"2023-10-30T10:24:34","date_gmt":"2023-10-30T09:24:34","guid":{"rendered":"https:\/\/uniwersytetotwarty.us.edu.pl\/dzieci\/?page_id=167"},"modified":"2025-08-18T08:34:51","modified_gmt":"2025-08-18T06:34:51","slug":"zapisy-do-wszystkich-grup","status":"publish","type":"page","link":"https:\/\/uniwersytetotwarty.us.edu.pl\/dzieci\/zapisy-do-wszystkich-grup\/","title":{"rendered":"Zapisy do wszystkich grup"},"content":{"rendered":"\t\t<div data-elementor-type=\"wp-page\" data-elementor-id=\"167\" class=\"elementor elementor-167\" data-elementor-post-type=\"page\">\n\t\t\t\t\t\t<section class=\"elementor-section elementor-top-section elementor-element elementor-element-7d3973b elementor-section-boxed elementor-section-height-default elementor-section-height-default\" data-id=\"7d3973b\" data-element_type=\"section\" data-e-type=\"section\">\n\t\t\t\t\t\t<div class=\"elementor-container elementor-column-gap-default\">\n\t\t\t\t\t<div class=\"elementor-column elementor-col-66 elementor-top-column elementor-element elementor-element-c78e6aa\" data-id=\"c78e6aa\" data-element_type=\"column\" data-e-type=\"column\">\n\t\t\t<div class=\"elementor-widget-wrap elementor-element-populated\">\n\t\t\t\t\t\t<div class=\"elementor-element elementor-element-efc3fc6 elementor-widget elementor-widget-text-editor\" data-id=\"efc3fc6\" data-element_type=\"widget\" data-e-type=\"widget\" data-widget_type=\"text-editor.default\">\n\t\t\t\t<div class=\"elementor-widget-container\">\n\t\t\t\t\t\t\t\t\t<p>Trwaj\u0105 zapisy na I semestr zaj\u0119\u0107 roku akademickiego\u00a0 2025\/2026 do grup Poszukiwaczy, Odkrywc\u00f3w, M\u0142odych Naukowc\u00f3w oraz Ekspert\u00f3w.<\/p><p><strong>UWAGA! \u00a0Od tego roku, studenci, kt\u00f3rzy uko\u0144czyli 15 lat oraz zaj\u0119cia w grupie Ekspert\u00f3w, mog\u0105 nadal pozostawa\u0107 studentami tej grupy! Mog\u0105 r\u00f3wnie\u017c kontynuowa\u0107 przygod\u0119 z U\u015aD pozostaj\u0105c w grupie wolontariackiej.<\/strong><\/p><ol><li>\u00a0<a href=\"https:\/\/uniwersytetotwarty.us.edu.pl\/dzieci\/informacje-o-nowym-roku-akademickim\/\">Wszelkie informacje o nowym semestrze dla naszych obecnych student\u00f3w\u00a0<\/a><\/li><li>\u00a0<a href=\"https:\/\/uniwersytetotwarty.us.edu.pl\/dzieci\/zapisy-na-nowy-rok-akademicki-semestr\/\">Zapisy na nowy semestr dla nowych student\u00f3w<\/a><p><strong>* Je\u015bli dziecko b\u0119dzie kontynuowa\u0107 zaj\u0119cia w U\u015aD, a nie by\u0142o studentem w poprzednim semestrze, zapis na zaj\u0119cia odbywa si\u0119 tak, jak dla nowo wst\u0119puj\u0105cych student\u00f3w.<\/strong>\u00a0<\/p><\/li><li>Istnieje mo\u017cliwo\u015b\u0107 do\u0142\u0105czenia do zaj\u0119\u0107 w trakcie trwania semestru \u2013 w tej sprawie prosimy o indywidualny kontakt email pod adresem:\u00a0<a href=\"mailto:uniwersytet.dzieci@us.edu.pl\"><u>uniwersytet.dzieci@us.edu.pl<\/u><\/a>\u00a0<\/li><\/ol>\t\t\t\t\t\t\t\t<\/div>\n\t\t\t\t<\/div>\n\t\t\t\t\t<\/div>\n\t\t<\/div>\n\t\t\t\t<div class=\"elementor-column elementor-col-33 elementor-top-column elementor-element elementor-element-cc26e5a\" data-id=\"cc26e5a\" data-element_type=\"column\" data-e-type=\"column\">\n\t\t\t<div class=\"elementor-widget-wrap elementor-element-populated\">\n\t\t\t\t\t\t<div class=\"elementor-element elementor-element-5c75ed4 elementor-widget elementor-widget-image\" data-id=\"5c75ed4\" data-element_type=\"widget\" data-e-type=\"widget\" data-widget_type=\"image.default\">\n\t\t\t\t<div class=\"elementor-widget-container\">\n\t\t\t\t\t\t\t\t\t\t\t\t\t\t\t<img fetchpriority=\"high\" decoding=\"async\" width=\"313\" height=\"315\" src=\"https:\/\/uniwersytetotwarty.us.edu.pl\/dzieci\/wp-content\/uploads\/sites\/14\/2023\/10\/347436601_631523658597835_5560007670058184171_n.jpg\" class=\"attachment-large size-large wp-image-178\" alt=\"\" srcset=\"https:\/\/uniwersytetotwarty.us.edu.pl\/dzieci\/wp-content\/uploads\/sites\/14\/2023\/10\/347436601_631523658597835_5560007670058184171_n.jpg 313w, https:\/\/uniwersytetotwarty.us.edu.pl\/dzieci\/wp-content\/uploads\/sites\/14\/2023\/10\/347436601_631523658597835_5560007670058184171_n-298x300.jpg 298w, https:\/\/uniwersytetotwarty.us.edu.pl\/dzieci\/wp-content\/uploads\/sites\/14\/2023\/10\/347436601_631523658597835_5560007670058184171_n-150x150.jpg 150w\" sizes=\"(max-width: 313px) 100vw, 313px\" \/>\t\t\t\t\t\t\t\t\t\t\t\t\t\t\t<\/div>\n\t\t\t\t<\/div>\n\t\t\t\t\t<\/div>\n\t\t<\/div>\n\t\t\t\t\t<\/div>\n\t\t<\/section>\n\t\t\t\t<\/div>\n\t\t","protected":false},"excerpt":{"rendered":"<p>Trwaj\u0105 zapisy na I semestr zaj\u0119\u0107 roku akademickiego\u00a0 2025\/2026 do grup Poszukiwaczy, Odkrywc\u00f3w, M\u0142odych Naukowc\u00f3w oraz Ekspert\u00f3w. UWAGA! \u00a0Od tego roku, studenci, kt\u00f3rzy uko\u0144czyli 15 lat oraz zaj\u0119cia w grupie Ekspert\u00f3w, mog\u0105 nadal pozostawa\u0107 studentami tej grupy! Mog\u0105 r\u00f3wnie\u017c kontynuowa\u0107 przygod\u0119 z U\u015aD pozostaj\u0105c w grupie wolontariackiej. \u00a0Wszelkie informacje o nowym semestrze dla naszych obecnych [&hellip;]<\/p>\n","protected":false},"author":5,"featured_media":0,"parent":0,"menu_order":0,"comment_status":"closed","ping_status":"closed","template":"","meta":{"footnotes":""},"class_list":["post-167","page","type-page","status-publish","hentry"],"yoast_head":"<!-- This site is optimized with the Yoast SEO plugin v27.3 - https:\/\/yoast.com\/product\/yoast-seo-wordpress\/ -->\n<title>Zapisy do wszystkich grup - U\u015a Dzieci<\/title>\n<meta name=\"robots\" content=\"noindex, follow, max-snippet:-1, max-image-preview:large, max-video-preview:-1\" \/>\n<meta property=\"og:locale\" content=\"pl_PL\" \/>\n<meta property=\"og:type\" content=\"article\" \/>\n<meta property=\"og:title\" content=\"Zapisy do wszystkich grup - U\u015a Dzieci\" \/>\n<meta property=\"og:description\" content=\"Trwaj\u0105 zapisy na I semestr zaj\u0119\u0107 roku akademickiego\u00a0 2025\/2026 do grup Poszukiwaczy, Odkrywc\u00f3w, M\u0142odych Naukowc\u00f3w oraz Ekspert\u00f3w. UWAGA! \u00a0Od tego roku, studenci, kt\u00f3rzy uko\u0144czyli 15 lat oraz zaj\u0119cia w grupie Ekspert\u00f3w, mog\u0105 nadal pozostawa\u0107 studentami tej grupy! Mog\u0105 r\u00f3wnie\u017c kontynuowa\u0107 przygod\u0119 z U\u015aD pozostaj\u0105c w grupie wolontariackiej. \u00a0Wszelkie informacje o nowym semestrze dla naszych obecnych [&hellip;]\" \/>\n<meta property=\"og:url\" content=\"https:\/\/uniwersytetotwarty.us.edu.pl\/dzieci\/zapisy-do-wszystkich-grup\/\" \/>\n<meta property=\"og:site_name\" content=\"U\u015a Dzieci\" \/>\n<meta property=\"article:modified_time\" content=\"2025-08-18T06:34:51+00:00\" \/>\n<meta property=\"og:image\" content=\"https:\/\/uniwersytetotwarty.us.edu.pl\/dzieci\/wp-content\/uploads\/sites\/14\/2023\/10\/347436601_631523658597835_5560007670058184171_n.jpg\" \/>\n\t<meta property=\"og:image:width\" content=\"313\" \/>\n\t<meta property=\"og:image:height\" content=\"315\" \/>\n\t<meta property=\"og:image:type\" content=\"image\/jpeg\" \/>\n<meta name=\"twitter:card\" content=\"summary_large_image\" \/>\n<meta name=\"twitter:label1\" content=\"Szacowany czas czytania\" \/>\n\t<meta name=\"twitter:data1\" content=\"1 minuta\" \/>\n<script type=\"application\/ld+json\" class=\"yoast-schema-graph\">{\"@context\":\"https:\\\/\\\/schema.org\",\"@graph\":[{\"@type\":\"WebPage\",\"@id\":\"https:\\\/\\\/uniwersytetotwarty.us.edu.pl\\\/dzieci\\\/zapisy-do-wszystkich-grup\\\/\",\"url\":\"https:\\\/\\\/uniwersytetotwarty.us.edu.pl\\\/dzieci\\\/zapisy-do-wszystkich-grup\\\/\",\"name\":\"Zapisy do wszystkich grup - U\u015a Dzieci\",\"isPartOf\":{\"@id\":\"https:\\\/\\\/uniwersytetotwarty.us.edu.pl\\\/dzieci\\\/#website\"},\"primaryImageOfPage\":{\"@id\":\"https:\\\/\\\/uniwersytetotwarty.us.edu.pl\\\/dzieci\\\/zapisy-do-wszystkich-grup\\\/#primaryimage\"},\"image\":{\"@id\":\"https:\\\/\\\/uniwersytetotwarty.us.edu.pl\\\/dzieci\\\/zapisy-do-wszystkich-grup\\\/#primaryimage\"},\"thumbnailUrl\":\"https:\\\/\\\/uniwersytetotwarty.us.edu.pl\\\/dzieci\\\/wp-content\\\/uploads\\\/sites\\\/14\\\/2023\\\/10\\\/347436601_631523658597835_5560007670058184171_n.jpg\",\"datePublished\":\"2023-10-30T09:24:34+00:00\",\"dateModified\":\"2025-08-18T06:34:51+00:00\",\"breadcrumb\":{\"@id\":\"https:\\\/\\\/uniwersytetotwarty.us.edu.pl\\\/dzieci\\\/zapisy-do-wszystkich-grup\\\/#breadcrumb\"},\"inLanguage\":\"pl-PL\",\"potentialAction\":[{\"@type\":\"ReadAction\",\"target\":[\"https:\\\/\\\/uniwersytetotwarty.us.edu.pl\\\/dzieci\\\/zapisy-do-wszystkich-grup\\\/\"]}]},{\"@type\":\"ImageObject\",\"inLanguage\":\"pl-PL\",\"@id\":\"https:\\\/\\\/uniwersytetotwarty.us.edu.pl\\\/dzieci\\\/zapisy-do-wszystkich-grup\\\/#primaryimage\",\"url\":\"https:\\\/\\\/uniwersytetotwarty.us.edu.pl\\\/dzieci\\\/wp-content\\\/uploads\\\/sites\\\/14\\\/2023\\\/10\\\/347436601_631523658597835_5560007670058184171_n.jpg\",\"contentUrl\":\"https:\\\/\\\/uniwersytetotwarty.us.edu.pl\\\/dzieci\\\/wp-content\\\/uploads\\\/sites\\\/14\\\/2023\\\/10\\\/347436601_631523658597835_5560007670058184171_n.jpg\",\"width\":313,\"height\":315},{\"@type\":\"BreadcrumbList\",\"@id\":\"https:\\\/\\\/uniwersytetotwarty.us.edu.pl\\\/dzieci\\\/zapisy-do-wszystkich-grup\\\/#breadcrumb\",\"itemListElement\":[{\"@type\":\"ListItem\",\"position\":1,\"name\":\"U\u015a Dzieci\",\"item\":\"https:\\\/\\\/uniwersytetotwarty.us.edu.pl\\\/dzieci\\\/\"},{\"@type\":\"ListItem\",\"position\":2,\"name\":\"Zapisy do wszystkich grup\"}]},{\"@type\":\"WebSite\",\"@id\":\"https:\\\/\\\/uniwersytetotwarty.us.edu.pl\\\/dzieci\\\/#website\",\"url\":\"https:\\\/\\\/uniwersytetotwarty.us.edu.pl\\\/dzieci\\\/\",\"name\":\"U\u015a Dzieci\",\"description\":\"\",\"publisher\":{\"@id\":\"https:\\\/\\\/uniwersytetotwarty.us.edu.pl\\\/dzieci\\\/#organization\"},\"potentialAction\":[{\"@type\":\"SearchAction\",\"target\":{\"@type\":\"EntryPoint\",\"urlTemplate\":\"https:\\\/\\\/uniwersytetotwarty.us.edu.pl\\\/dzieci\\\/?s={search_term_string}\"},\"query-input\":{\"@type\":\"PropertyValueSpecification\",\"valueRequired\":true,\"valueName\":\"search_term_string\"}}],\"inLanguage\":\"pl-PL\"},{\"@type\":\"Organization\",\"@id\":\"https:\\\/\\\/uniwersytetotwarty.us.edu.pl\\\/dzieci\\\/#organization\",\"name\":\"Uniwersytet \u015al\u0105ski\",\"url\":\"https:\\\/\\\/uniwersytetotwarty.us.edu.pl\\\/dzieci\\\/\",\"logo\":{\"@type\":\"ImageObject\",\"inLanguage\":\"pl-PL\",\"@id\":\"https:\\\/\\\/uniwersytetotwarty.us.edu.pl\\\/dzieci\\\/#\\\/schema\\\/logo\\\/image\\\/\",\"url\":\"https:\\\/\\\/uniwersytetotwarty.us.edu.pl\\\/dzieci\\\/wp-content\\\/uploads\\\/sites\\\/14\\\/2023\\\/10\\\/logo-1.svg\",\"contentUrl\":\"https:\\\/\\\/uniwersytetotwarty.us.edu.pl\\\/dzieci\\\/wp-content\\\/uploads\\\/sites\\\/14\\\/2023\\\/10\\\/logo-1.svg\",\"width\":414,\"height\":71,\"caption\":\"Uniwersytet \u015al\u0105ski\"},\"image\":{\"@id\":\"https:\\\/\\\/uniwersytetotwarty.us.edu.pl\\\/dzieci\\\/#\\\/schema\\\/logo\\\/image\\\/\"}}]}<\/script>\n<!-- \/ Yoast SEO plugin. -->","yoast_head_json":{"title":"Zapisy do wszystkich grup - U\u015a Dzieci","robots":{"index":"noindex","follow":"follow","max-snippet":"max-snippet:-1","max-image-preview":"max-image-preview:large","max-video-preview":"max-video-preview:-1"},"og_locale":"pl_PL","og_type":"article","og_title":"Zapisy do wszystkich grup - U\u015a Dzieci","og_description":"Trwaj\u0105 zapisy na I semestr zaj\u0119\u0107 roku akademickiego\u00a0 2025\/2026 do grup Poszukiwaczy, Odkrywc\u00f3w, M\u0142odych Naukowc\u00f3w oraz Ekspert\u00f3w. UWAGA! \u00a0Od tego roku, studenci, kt\u00f3rzy uko\u0144czyli 15 lat oraz zaj\u0119cia w grupie Ekspert\u00f3w, mog\u0105 nadal pozostawa\u0107 studentami tej grupy! Mog\u0105 r\u00f3wnie\u017c kontynuowa\u0107 przygod\u0119 z U\u015aD pozostaj\u0105c w grupie wolontariackiej. \u00a0Wszelkie informacje o nowym semestrze dla naszych obecnych [&hellip;]","og_url":"https:\/\/uniwersytetotwarty.us.edu.pl\/dzieci\/zapisy-do-wszystkich-grup\/","og_site_name":"U\u015a Dzieci","article_modified_time":"2025-08-18T06:34:51+00:00","og_image":[{"width":313,"height":315,"url":"https:\/\/uniwersytetotwarty.us.edu.pl\/dzieci\/wp-content\/uploads\/sites\/14\/2023\/10\/347436601_631523658597835_5560007670058184171_n.jpg","type":"image\/jpeg"}],"twitter_card":"summary_large_image","twitter_misc":{"Szacowany czas czytania":"1 minuta"},"schema":{"@context":"https:\/\/schema.org","@graph":[{"@type":"WebPage","@id":"https:\/\/uniwersytetotwarty.us.edu.pl\/dzieci\/zapisy-do-wszystkich-grup\/","url":"https:\/\/uniwersytetotwarty.us.edu.pl\/dzieci\/zapisy-do-wszystkich-grup\/","name":"Zapisy do wszystkich grup - U\u015a Dzieci","isPartOf":{"@id":"https:\/\/uniwersytetotwarty.us.edu.pl\/dzieci\/#website"},"primaryImageOfPage":{"@id":"https:\/\/uniwersytetotwarty.us.edu.pl\/dzieci\/zapisy-do-wszystkich-grup\/#primaryimage"},"image":{"@id":"https:\/\/uniwersytetotwarty.us.edu.pl\/dzieci\/zapisy-do-wszystkich-grup\/#primaryimage"},"thumbnailUrl":"https:\/\/uniwersytetotwarty.us.edu.pl\/dzieci\/wp-content\/uploads\/sites\/14\/2023\/10\/347436601_631523658597835_5560007670058184171_n.jpg","datePublished":"2023-10-30T09:24:34+00:00","dateModified":"2025-08-18T06:34:51+00:00","breadcrumb":{"@id":"https:\/\/uniwersytetotwarty.us.edu.pl\/dzieci\/zapisy-do-wszystkich-grup\/#breadcrumb"},"inLanguage":"pl-PL","potentialAction":[{"@type":"ReadAction","target":["https:\/\/uniwersytetotwarty.us.edu.pl\/dzieci\/zapisy-do-wszystkich-grup\/"]}]},{"@type":"ImageObject","inLanguage":"pl-PL","@id":"https:\/\/uniwersytetotwarty.us.edu.pl\/dzieci\/zapisy-do-wszystkich-grup\/#primaryimage","url":"https:\/\/uniwersytetotwarty.us.edu.pl\/dzieci\/wp-content\/uploads\/sites\/14\/2023\/10\/347436601_631523658597835_5560007670058184171_n.jpg","contentUrl":"https:\/\/uniwersytetotwarty.us.edu.pl\/dzieci\/wp-content\/uploads\/sites\/14\/2023\/10\/347436601_631523658597835_5560007670058184171_n.jpg","width":313,"height":315},{"@type":"BreadcrumbList","@id":"https:\/\/uniwersytetotwarty.us.edu.pl\/dzieci\/zapisy-do-wszystkich-grup\/#breadcrumb","itemListElement":[{"@type":"ListItem","position":1,"name":"U\u015a Dzieci","item":"https:\/\/uniwersytetotwarty.us.edu.pl\/dzieci\/"},{"@type":"ListItem","position":2,"name":"Zapisy do wszystkich grup"}]},{"@type":"WebSite","@id":"https:\/\/uniwersytetotwarty.us.edu.pl\/dzieci\/#website","url":"https:\/\/uniwersytetotwarty.us.edu.pl\/dzieci\/","name":"U\u015a Dzieci","description":"","publisher":{"@id":"https:\/\/uniwersytetotwarty.us.edu.pl\/dzieci\/#organization"},"potentialAction":[{"@type":"SearchAction","target":{"@type":"EntryPoint","urlTemplate":"https:\/\/uniwersytetotwarty.us.edu.pl\/dzieci\/?s={search_term_string}"},"query-input":{"@type":"PropertyValueSpecification","valueRequired":true,"valueName":"search_term_string"}}],"inLanguage":"pl-PL"},{"@type":"Organization","@id":"https:\/\/uniwersytetotwarty.us.edu.pl\/dzieci\/#organization","name":"Uniwersytet \u015al\u0105ski","url":"https:\/\/uniwersytetotwarty.us.edu.pl\/dzieci\/","logo":{"@type":"ImageObject","inLanguage":"pl-PL","@id":"https:\/\/uniwersytetotwarty.us.edu.pl\/dzieci\/#\/schema\/logo\/image\/","url":"https:\/\/uniwersytetotwarty.us.edu.pl\/dzieci\/wp-content\/uploads\/sites\/14\/2023\/10\/logo-1.svg","contentUrl":"https:\/\/uniwersytetotwarty.us.edu.pl\/dzieci\/wp-content\/uploads\/sites\/14\/2023\/10\/logo-1.svg","width":414,"height":71,"caption":"Uniwersytet \u015al\u0105ski"},"image":{"@id":"https:\/\/uniwersytetotwarty.us.edu.pl\/dzieci\/#\/schema\/logo\/image\/"}}]}},"_links":{"self":[{"href":"https:\/\/uniwersytetotwarty.us.edu.pl\/dzieci\/wp-json\/wp\/v2\/pages\/167","targetHints":{"allow":["GET"]}}],"collection":[{"href":"https:\/\/uniwersytetotwarty.us.edu.pl\/dzieci\/wp-json\/wp\/v2\/pages"}],"about":[{"href":"https:\/\/uniwersytetotwarty.us.edu.pl\/dzieci\/wp-json\/wp\/v2\/types\/page"}],"author":[{"embeddable":true,"href":"https:\/\/uniwersytetotwarty.us.edu.pl\/dzieci\/wp-json\/wp\/v2\/users\/5"}],"replies":[{"embeddable":true,"href":"https:\/\/uniwersytetotwarty.us.edu.pl\/dzieci\/wp-json\/wp\/v2\/comments?post=167"}],"version-history":[{"count":10,"href":"https:\/\/uniwersytetotwarty.us.edu.pl\/dzieci\/wp-json\/wp\/v2\/pages\/167\/revisions"}],"predecessor-version":[{"id":5168,"href":"https:\/\/uniwersytetotwarty.us.edu.pl\/dzieci\/wp-json\/wp\/v2\/pages\/167\/revisions\/5168"}],"wp:attachment":[{"href":"https:\/\/uniwersytetotwarty.us.edu.pl\/dzieci\/wp-json\/wp\/v2\/media?parent=167"}],"curies":[{"name":"wp","href":"https:\/\/api.w.org\/{rel}","templated":true}]}}