{"id":151,"date":"2023-10-28T05:14:40","date_gmt":"2023-10-28T03:14:40","guid":{"rendered":"https:\/\/uniwersytetotwarty.us.edu.pl\/dzieci\/?page_id=151"},"modified":"2023-10-30T12:25:09","modified_gmt":"2023-10-30T11:25:09","slug":"zajecia-artystyczne","status":"publish","type":"page","link":"https:\/\/uniwersytetotwarty.us.edu.pl\/dzieci\/zajecia-artystyczne\/","title":{"rendered":"ZAJ\u0118CIA ARTYSTYCZNE"},"content":{"rendered":"\t\t<div data-elementor-type=\"wp-page\" data-elementor-id=\"151\" class=\"elementor elementor-151\" data-elementor-post-type=\"page\">\n\t\t\t\t\t\t<section class=\"elementor-section elementor-top-section elementor-element elementor-element-36f818f elementor-section-boxed elementor-section-height-default elementor-section-height-default\" data-id=\"36f818f\" data-element_type=\"section\" data-e-type=\"section\">\n\t\t\t\t\t\t<div class=\"elementor-container elementor-column-gap-default\">\n\t\t\t\t\t<div class=\"elementor-column elementor-col-33 elementor-top-column elementor-element elementor-element-5fe55d0\" data-id=\"5fe55d0\" data-element_type=\"column\" data-e-type=\"column\">\n\t\t\t<div class=\"elementor-widget-wrap elementor-element-populated\">\n\t\t\t\t\t\t<div class=\"elementor-element elementor-element-3dcb126 elementor-widget elementor-widget-heading\" data-id=\"3dcb126\" data-element_type=\"widget\" data-e-type=\"widget\" data-widget_type=\"heading.default\">\n\t\t\t\t<div class=\"elementor-widget-container\">\n\t\t\t\t\t<h2 class=\"elementor-heading-title elementor-size-default\">Ch\u00f3r GIOIA\n\n<\/h2>\t\t\t\t<\/div>\n\t\t\t\t<\/div>\n\t\t\t\t<div class=\"elementor-element elementor-element-2614439 elementor-widget elementor-widget-text-editor\" data-id=\"2614439\" data-element_type=\"widget\" data-e-type=\"widget\" data-widget_type=\"text-editor.default\">\n\t\t\t\t<div class=\"elementor-widget-container\">\n\t\t\t\t\t\t\t\t\t<p class=\"rtecenter\">Je\u015bli masz 6 &#8211; 15 lat,<br \/>je\u015bli \u015bpiewanie jest twoj\u0105 pasj\u0105,<br \/>je\u015bli chcesz rozwija\u0107 si\u0119 i kszta\u0142ci\u0107 wokalnie<br \/>pod czujnym okiem profesjonalist\u00f3w,<br \/>pozna\u0107 \u017cycie prawdziwego artysty:<br \/>&#8211; wyst\u0119powa\u0107 na scenie,<br \/>&#8211; nagrywa\u0107 p\u0142yty&#8230;<br \/>a ponadto pozna\u0107 nowych koleg\u00f3w<br \/>i nawi\u0105za\u0107 przyja\u017anie trwaj\u0105ce wiele lat&#8230;.<\/p><p><u><strong>Przyjd\u017a do nas!<\/strong><\/u><br \/><strong><br \/>Ch\u00f3r Uniwersytetu \u015al\u0105skiego Dzieci &#8220;GIOIA&#8221; jest szans\u0105 na spe\u0142nienie Twoich marze\u0144!!!<\/strong><\/p><p><strong>Czy wiesz, \u017ce \u015bpiewanie w ch\u00f3rze&#8230;<br \/>ma mn\u00f3stwo zalet: psychologicznych, emocjonalnych i zdrowotnych,<br \/>korzystnie wp\u0142ywa na psychik\u0119 &#8211; poprawia jako\u015b\u0107 snu, koncentracj\u0119, sprawno\u015b\u0107 intelektualn\u0105,<br \/>dodaje energii, stanowi odskoczni\u0119 od codzienno\u015bci, ponadto uczy odpowiedzialno\u015bci, kompromisu,<br \/>dostosowywania si\u0119 do innych i dawania z siebie wszystkiego co najlepsze&#8230;<\/strong><\/p>\t\t\t\t\t\t\t\t<\/div>\n\t\t\t\t<\/div>\n\t\t\t\t<div class=\"elementor-element elementor-element-66cb03d elementor-widget elementor-widget-button\" data-id=\"66cb03d\" data-element_type=\"widget\" data-e-type=\"widget\" data-widget_type=\"button.default\">\n\t\t\t\t<div class=\"elementor-widget-container\">\n\t\t\t\t\t\t\t\t\t<div class=\"elementor-button-wrapper\">\n\t\t\t\t\t<a class=\"elementor-button elementor-button-link elementor-size-sm\" href=\"https:\/\/uniwersytetotwarty.us.edu.pl\/dzieci\/zapisy-i-oplaty\/\">\n\t\t\t\t\t\t<span class=\"elementor-button-content-wrapper\">\n\t\t\t\t\t\t\t\t\t<span class=\"elementor-button-text\">Zapisy i op\u0142aty<\/span>\n\t\t\t\t\t<\/span>\n\t\t\t\t\t<\/a>\n\t\t\t\t<\/div>\n\t\t\t\t\t\t\t\t<\/div>\n\t\t\t\t<\/div>\n\t\t\t\t\t<\/div>\n\t\t<\/div>\n\t\t\t\t<div class=\"elementor-column elementor-col-33 elementor-top-column elementor-element elementor-element-965ef3c\" data-id=\"965ef3c\" data-element_type=\"column\" data-e-type=\"column\">\n\t\t\t<div class=\"elementor-widget-wrap elementor-element-populated\">\n\t\t\t\t\t\t<div class=\"elementor-element elementor-element-25a35cf elementor-widget elementor-widget-heading\" data-id=\"25a35cf\" data-element_type=\"widget\" data-e-type=\"widget\" data-widget_type=\"heading.default\">\n\t\t\t\t<div class=\"elementor-widget-container\">\n\t\t\t\t\t<h2 class=\"elementor-heading-title elementor-size-default\">Ma\u0142a Akademia Teatru i Ta\u0144ca Flooreski<\/h2>\t\t\t\t<\/div>\n\t\t\t\t<\/div>\n\t\t\t\t<div class=\"elementor-element elementor-element-91bff50 elementor-widget elementor-widget-text-editor\" data-id=\"91bff50\" data-element_type=\"widget\" data-e-type=\"widget\" data-widget_type=\"text-editor.default\">\n\t\t\t\t<div class=\"elementor-widget-container\">\n\t\t\t\t\t\t\t\t\t<p>Ma\u0142a Akademia Teatru i Ta\u0144ca Flooreski \u00a0Uniwersytetu \u015al\u0105skiego Dzieci to Grupa Tw\u00f3rcza, kt\u00f3ra powsta\u0142a w 2013 r. Skupia ona student\u00f3w Uniwersytetu \u015al\u0105skiego Dzieci w r\u00f3\u017cnym wieku, utalentowanych aktorsko, tanecznie i muzycznie, a tak\u017ce pe\u0142nych tw\u00f3rczego zapa\u0142u oraz pragn\u0105cych prezentowa\u0107 si\u0119 na scenie przed szerok\u0105 publiczno\u015bci\u0105.<\/p><p>W sk\u0142ad MATT U\u015aD wchodz\u0105 studenci reprezentuj\u0105cych\u00a0wszystkie grupy wiekowe:\u00a0 Poszukiwacze, Odkrywcy, M\u0142odzi Naukowcy oraz Eksperci.<br \/>Studenci mog\u0105 uczestniczy\u0107 w zaj\u0119ciach:<\/p><ul><li>aktorskich<\/li><li>tanecznych<\/li><li>modelingu<\/li><\/ul><p>G\u0142\u00f3wnym za\u0142o\u017ceniem programowym oraz nurtem edukacji artystycznej realizowanej w MATT jest wszechstronny rozw\u00f3j osobowo\u015bci, talentu, pasji oraz zainteresowa\u0144 dzieci i m\u0142odzie\u017cy w oparciu o: teatr \u2013 taniec \u2013 muzyk\u0119.<\/p>\t\t\t\t\t\t\t\t<\/div>\n\t\t\t\t<\/div>\n\t\t\t\t<div class=\"elementor-element elementor-element-a8656d7 elementor-widget elementor-widget-button\" data-id=\"a8656d7\" data-element_type=\"widget\" data-e-type=\"widget\" data-widget_type=\"button.default\">\n\t\t\t\t<div class=\"elementor-widget-container\">\n\t\t\t\t\t\t\t\t\t<div class=\"elementor-button-wrapper\">\n\t\t\t\t\t<a class=\"elementor-button elementor-button-link elementor-size-sm\" href=\"https:\/\/uniwersytetotwarty.us.edu.pl\/dzieci\/flooreski\/\">\n\t\t\t\t\t\t<span class=\"elementor-button-content-wrapper\">\n\t\t\t\t\t\t\t\t\t<span class=\"elementor-button-text\">Zapisy i op\u0142aty<\/span>\n\t\t\t\t\t<\/span>\n\t\t\t\t\t<\/a>\n\t\t\t\t<\/div>\n\t\t\t\t\t\t\t\t<\/div>\n\t\t\t\t<\/div>\n\t\t\t\t\t<\/div>\n\t\t<\/div>\n\t\t\t\t<div class=\"elementor-column elementor-col-33 elementor-top-column elementor-element elementor-element-02e764c\" data-id=\"02e764c\" data-element_type=\"column\" data-e-type=\"column\">\n\t\t\t<div class=\"elementor-widget-wrap elementor-element-populated\">\n\t\t\t\t\t\t<div class=\"elementor-element elementor-element-6786d01 elementor-widget elementor-widget-heading\" data-id=\"6786d01\" data-element_type=\"widget\" data-e-type=\"widget\" data-widget_type=\"heading.default\">\n\t\t\t\t<div class=\"elementor-widget-container\">\n\t\t\t\t\t<h2 class=\"elementor-heading-title elementor-size-default\">Laboratorium Ekspresji Dzieci\u0119cej \u2013 Modeling i Autokreacja (LED)<\/h2>\t\t\t\t<\/div>\n\t\t\t\t<\/div>\n\t\t\t\t<div class=\"elementor-element elementor-element-90d6f6d elementor-widget elementor-widget-text-editor\" data-id=\"90d6f6d\" data-element_type=\"widget\" data-e-type=\"widget\" data-widget_type=\"text-editor.default\">\n\t\t\t\t<div class=\"elementor-widget-container\">\n\t\t\t\t\t\t\t\t\t<p>Laboratorium Ekspresji Dzieci\u0119cej \u2013 Modeling i Autokreacja (LED) powsta\u0142o w ramach dzia\u0142a\u0144 Ma\u0142ej Akademii Teatru i Ta\u0144ca U\u015aD\u00a0 wychodz\u0105c naprzeciw talentom naszych student\u00f3w, zainteresowanych prac\u0105 modelek i modeli oraz mo\u017cliwo\u015bci\u0105 kreowania w\u0142asnego stylu i wizerunku.<\/p><p>Zainspirowani sukcesami sesji zdj\u0119ciowej i Wielkiego Pokazu Mody Dzieci\u0119cej i M\u0142odzie\u017cowej \u201eAlicja po drugiej stronie lustra\u201d, kt\u00f3ry odby\u0142 si\u0119 na scenie i profesjonalnym wybiegu w Filharmonii \u015al\u0105skiej, postanowili\u015bmy umo\u017cliwi\u0107 naszym studentom kontynuacj\u0119 przygody z modelingiem, poszerzaj\u0105c r\u00f3wnocze\u015bnie ofert\u0119 o zaj\u0119cia z psychologiem .<\/p>\t\t\t\t\t\t\t\t<\/div>\n\t\t\t\t<\/div>\n\t\t\t\t<div class=\"elementor-element elementor-element-16b65cb elementor-widget elementor-widget-button\" data-id=\"16b65cb\" data-element_type=\"widget\" data-e-type=\"widget\" data-widget_type=\"button.default\">\n\t\t\t\t<div class=\"elementor-widget-container\">\n\t\t\t\t\t\t\t\t\t<div class=\"elementor-button-wrapper\">\n\t\t\t\t\t<a class=\"elementor-button elementor-button-link elementor-size-sm\" href=\"#\">\n\t\t\t\t\t\t<span class=\"elementor-button-content-wrapper\">\n\t\t\t\t\t\t\t\t\t<span class=\"elementor-button-text\">Kliknij tutaj<\/span>\n\t\t\t\t\t<\/span>\n\t\t\t\t\t<\/a>\n\t\t\t\t<\/div>\n\t\t\t\t\t\t\t\t<\/div>\n\t\t\t\t<\/div>\n\t\t\t\t\t<\/div>\n\t\t<\/div>\n\t\t\t\t\t<\/div>\n\t\t<\/section>\n\t\t\t\t<section class=\"elementor-section elementor-top-section elementor-element elementor-element-5f6016b elementor-section-boxed elementor-section-height-default elementor-section-height-default\" data-id=\"5f6016b\" data-element_type=\"section\" data-e-type=\"section\">\n\t\t\t\t\t\t<div class=\"elementor-container elementor-column-gap-default\">\n\t\t\t\t\t<div class=\"elementor-column elementor-col-33 elementor-top-column elementor-element elementor-element-86d2a8b\" data-id=\"86d2a8b\" data-element_type=\"column\" data-e-type=\"column\">\n\t\t\t<div class=\"elementor-widget-wrap\">\n\t\t\t\t\t\t\t<\/div>\n\t\t<\/div>\n\t\t\t\t<div class=\"elementor-column elementor-col-33 elementor-top-column elementor-element elementor-element-e2be5c0\" data-id=\"e2be5c0\" data-element_type=\"column\" data-e-type=\"column\">\n\t\t\t<div class=\"elementor-widget-wrap\">\n\t\t\t\t\t\t\t<\/div>\n\t\t<\/div>\n\t\t\t\t<div class=\"elementor-column elementor-col-33 elementor-top-column elementor-element elementor-element-1ceb61a\" data-id=\"1ceb61a\" data-element_type=\"column\" data-e-type=\"column\">\n\t\t\t<div class=\"elementor-widget-wrap\">\n\t\t\t\t\t\t\t<\/div>\n\t\t<\/div>\n\t\t\t\t\t<\/div>\n\t\t<\/section>\n\t\t\t\t<section class=\"elementor-section elementor-top-section elementor-element elementor-element-3afa0fc elementor-section-boxed elementor-section-height-default elementor-section-height-default\" data-id=\"3afa0fc\" data-element_type=\"section\" data-e-type=\"section\">\n\t\t\t\t\t\t<div class=\"elementor-container elementor-column-gap-default\">\n\t\t\t\t\t<div class=\"elementor-column elementor-col-100 elementor-top-column elementor-element elementor-element-646b90c\" data-id=\"646b90c\" data-element_type=\"column\" data-e-type=\"column\">\n\t\t\t<div class=\"elementor-widget-wrap elementor-element-populated\">\n\t\t\t\t\t\t\t<\/div>\n\t\t<\/div>\n\t\t\t\t\t<\/div>\n\t\t<\/section>\n\t\t\t\t<section class=\"elementor-section elementor-top-section elementor-element elementor-element-3a42682 elementor-section-boxed elementor-section-height-default elementor-section-height-default\" data-id=\"3a42682\" data-element_type=\"section\" data-e-type=\"section\">\n\t\t\t\t\t\t<div class=\"elementor-container elementor-column-gap-default\">\n\t\t\t\t\t<div class=\"elementor-column elementor-col-100 elementor-top-column elementor-element elementor-element-fdb8d92\" data-id=\"fdb8d92\" data-element_type=\"column\" data-e-type=\"column\">\n\t\t\t<div class=\"elementor-widget-wrap\">\n\t\t\t\t\t\t\t<\/div>\n\t\t<\/div>\n\t\t\t\t\t<\/div>\n\t\t<\/section>\n\t\t\t\t<\/div>\n\t\t","protected":false},"excerpt":{"rendered":"<p>\/*! elementor &#8211; v3.16.0 &#8211; 09-10-2023 *\/ .elementor-heading-title{padding:0;margin:0;line-height:1}.elementor-widget-heading .elementor-heading-title[class*=elementor-size-]&gt;a{color:inherit;font-size:inherit;line-height:inherit}.elementor-widget-heading .elementor-heading-title.elementor-size-small{font-size:15px}.elementor-widget-heading .elementor-heading-title.elementor-size-medium{font-size:19px}.elementor-widget-heading .elementor-heading-title.elementor-size-large{font-size:29px}.elementor-widget-heading .elementor-heading-title.elementor-size-xl{font-size:39px}.elementor-widget-heading .elementor-heading-title.elementor-size-xxl{font-size:59px} Ch\u00f3r GIOIA Je\u015bli masz 6 &#8211; 15 lat,je\u015bli \u015bpiewanie jest twoj\u0105 pasj\u0105,je\u015bli chcesz rozwija\u0107 si\u0119 i kszta\u0142ci\u0107 wokalniepod czujnym okiem profesjonalist\u00f3w,pozna\u0107 \u017cycie prawdziwego artysty:&#8211; wyst\u0119powa\u0107 na scenie,&#8211; nagrywa\u0107 p\u0142yty&#8230;a ponadto pozna\u0107 nowych koleg\u00f3wi nawi\u0105za\u0107 przyja\u017anie trwaj\u0105ce wiele lat&#8230;. Przyjd\u017a do nas!Ch\u00f3r [&hellip;]<\/p>\n","protected":false},"author":5,"featured_media":0,"parent":0,"menu_order":0,"comment_status":"closed","ping_status":"closed","template":"","meta":{"footnotes":""},"class_list":["post-151","page","type-page","status-publish","hentry"],"yoast_head":"<!-- This site is optimized with the Yoast SEO plugin v27.3 - https:\/\/yoast.com\/product\/yoast-seo-wordpress\/ -->\n<title>ZAJ\u0118CIA ARTYSTYCZNE - U\u015a Dzieci<\/title>\n<meta name=\"robots\" content=\"noindex, follow, max-snippet:-1, max-image-preview:large, max-video-preview:-1\" \/>\n<meta property=\"og:locale\" content=\"pl_PL\" \/>\n<meta property=\"og:type\" content=\"article\" \/>\n<meta property=\"og:title\" content=\"ZAJ\u0118CIA ARTYSTYCZNE - U\u015a Dzieci\" \/>\n<meta property=\"og:description\" content=\"\/*! elementor &#8211; v3.16.0 &#8211; 09-10-2023 *\/ .elementor-heading-title{padding:0;margin:0;line-height:1}.elementor-widget-heading .elementor-heading-title[class*=elementor-size-]&gt;a{color:inherit;font-size:inherit;line-height:inherit}.elementor-widget-heading .elementor-heading-title.elementor-size-small{font-size:15px}.elementor-widget-heading .elementor-heading-title.elementor-size-medium{font-size:19px}.elementor-widget-heading .elementor-heading-title.elementor-size-large{font-size:29px}.elementor-widget-heading .elementor-heading-title.elementor-size-xl{font-size:39px}.elementor-widget-heading .elementor-heading-title.elementor-size-xxl{font-size:59px} Ch\u00f3r GIOIA Je\u015bli masz 6 &#8211; 15 lat,je\u015bli \u015bpiewanie jest twoj\u0105 pasj\u0105,je\u015bli chcesz rozwija\u0107 si\u0119 i kszta\u0142ci\u0107 wokalniepod czujnym okiem profesjonalist\u00f3w,pozna\u0107 \u017cycie prawdziwego artysty:&#8211; wyst\u0119powa\u0107 na scenie,&#8211; nagrywa\u0107 p\u0142yty&#8230;a ponadto pozna\u0107 nowych koleg\u00f3wi nawi\u0105za\u0107 przyja\u017anie trwaj\u0105ce wiele lat&#8230;. Przyjd\u017a do nas!Ch\u00f3r [&hellip;]\" \/>\n<meta property=\"og:url\" content=\"https:\/\/uniwersytetotwarty.us.edu.pl\/dzieci\/zajecia-artystyczne\/\" \/>\n<meta property=\"og:site_name\" content=\"U\u015a Dzieci\" \/>\n<meta property=\"article:modified_time\" content=\"2023-10-30T11:25:09+00:00\" \/>\n<meta name=\"twitter:card\" content=\"summary_large_image\" \/>\n<meta name=\"twitter:label1\" content=\"Szacowany czas czytania\" \/>\n\t<meta name=\"twitter:data1\" content=\"2 minuty\" \/>\n<script type=\"application\/ld+json\" class=\"yoast-schema-graph\">{\"@context\":\"https:\\\/\\\/schema.org\",\"@graph\":[{\"@type\":\"WebPage\",\"@id\":\"https:\\\/\\\/uniwersytetotwarty.us.edu.pl\\\/dzieci\\\/zajecia-artystyczne\\\/\",\"url\":\"https:\\\/\\\/uniwersytetotwarty.us.edu.pl\\\/dzieci\\\/zajecia-artystyczne\\\/\",\"name\":\"ZAJ\u0118CIA ARTYSTYCZNE - U\u015a Dzieci\",\"isPartOf\":{\"@id\":\"https:\\\/\\\/uniwersytetotwarty.us.edu.pl\\\/dzieci\\\/#website\"},\"datePublished\":\"2023-10-28T03:14:40+00:00\",\"dateModified\":\"2023-10-30T11:25:09+00:00\",\"breadcrumb\":{\"@id\":\"https:\\\/\\\/uniwersytetotwarty.us.edu.pl\\\/dzieci\\\/zajecia-artystyczne\\\/#breadcrumb\"},\"inLanguage\":\"pl-PL\",\"potentialAction\":[{\"@type\":\"ReadAction\",\"target\":[\"https:\\\/\\\/uniwersytetotwarty.us.edu.pl\\\/dzieci\\\/zajecia-artystyczne\\\/\"]}]},{\"@type\":\"BreadcrumbList\",\"@id\":\"https:\\\/\\\/uniwersytetotwarty.us.edu.pl\\\/dzieci\\\/zajecia-artystyczne\\\/#breadcrumb\",\"itemListElement\":[{\"@type\":\"ListItem\",\"position\":1,\"name\":\"U\u015a Dzieci\",\"item\":\"https:\\\/\\\/uniwersytetotwarty.us.edu.pl\\\/dzieci\\\/\"},{\"@type\":\"ListItem\",\"position\":2,\"name\":\"ZAJ\u0118CIA ARTYSTYCZNE\"}]},{\"@type\":\"WebSite\",\"@id\":\"https:\\\/\\\/uniwersytetotwarty.us.edu.pl\\\/dzieci\\\/#website\",\"url\":\"https:\\\/\\\/uniwersytetotwarty.us.edu.pl\\\/dzieci\\\/\",\"name\":\"U\u015a Dzieci\",\"description\":\"\",\"publisher\":{\"@id\":\"https:\\\/\\\/uniwersytetotwarty.us.edu.pl\\\/dzieci\\\/#organization\"},\"potentialAction\":[{\"@type\":\"SearchAction\",\"target\":{\"@type\":\"EntryPoint\",\"urlTemplate\":\"https:\\\/\\\/uniwersytetotwarty.us.edu.pl\\\/dzieci\\\/?s={search_term_string}\"},\"query-input\":{\"@type\":\"PropertyValueSpecification\",\"valueRequired\":true,\"valueName\":\"search_term_string\"}}],\"inLanguage\":\"pl-PL\"},{\"@type\":\"Organization\",\"@id\":\"https:\\\/\\\/uniwersytetotwarty.us.edu.pl\\\/dzieci\\\/#organization\",\"name\":\"Uniwersytet \u015al\u0105ski\",\"url\":\"https:\\\/\\\/uniwersytetotwarty.us.edu.pl\\\/dzieci\\\/\",\"logo\":{\"@type\":\"ImageObject\",\"inLanguage\":\"pl-PL\",\"@id\":\"https:\\\/\\\/uniwersytetotwarty.us.edu.pl\\\/dzieci\\\/#\\\/schema\\\/logo\\\/image\\\/\",\"url\":\"https:\\\/\\\/uniwersytetotwarty.us.edu.pl\\\/dzieci\\\/wp-content\\\/uploads\\\/sites\\\/14\\\/2023\\\/10\\\/logo-1.svg\",\"contentUrl\":\"https:\\\/\\\/uniwersytetotwarty.us.edu.pl\\\/dzieci\\\/wp-content\\\/uploads\\\/sites\\\/14\\\/2023\\\/10\\\/logo-1.svg\",\"width\":414,\"height\":71,\"caption\":\"Uniwersytet \u015al\u0105ski\"},\"image\":{\"@id\":\"https:\\\/\\\/uniwersytetotwarty.us.edu.pl\\\/dzieci\\\/#\\\/schema\\\/logo\\\/image\\\/\"}}]}<\/script>\n<!-- \/ Yoast SEO plugin. -->","yoast_head_json":{"title":"ZAJ\u0118CIA ARTYSTYCZNE - U\u015a Dzieci","robots":{"index":"noindex","follow":"follow","max-snippet":"max-snippet:-1","max-image-preview":"max-image-preview:large","max-video-preview":"max-video-preview:-1"},"og_locale":"pl_PL","og_type":"article","og_title":"ZAJ\u0118CIA ARTYSTYCZNE - U\u015a Dzieci","og_description":"\/*! elementor &#8211; v3.16.0 &#8211; 09-10-2023 *\/ .elementor-heading-title{padding:0;margin:0;line-height:1}.elementor-widget-heading .elementor-heading-title[class*=elementor-size-]&gt;a{color:inherit;font-size:inherit;line-height:inherit}.elementor-widget-heading .elementor-heading-title.elementor-size-small{font-size:15px}.elementor-widget-heading .elementor-heading-title.elementor-size-medium{font-size:19px}.elementor-widget-heading .elementor-heading-title.elementor-size-large{font-size:29px}.elementor-widget-heading .elementor-heading-title.elementor-size-xl{font-size:39px}.elementor-widget-heading .elementor-heading-title.elementor-size-xxl{font-size:59px} Ch\u00f3r GIOIA Je\u015bli masz 6 &#8211; 15 lat,je\u015bli \u015bpiewanie jest twoj\u0105 pasj\u0105,je\u015bli chcesz rozwija\u0107 si\u0119 i kszta\u0142ci\u0107 wokalniepod czujnym okiem profesjonalist\u00f3w,pozna\u0107 \u017cycie prawdziwego artysty:&#8211; wyst\u0119powa\u0107 na scenie,&#8211; nagrywa\u0107 p\u0142yty&#8230;a ponadto pozna\u0107 nowych koleg\u00f3wi nawi\u0105za\u0107 przyja\u017anie trwaj\u0105ce wiele lat&#8230;. Przyjd\u017a do nas!Ch\u00f3r [&hellip;]","og_url":"https:\/\/uniwersytetotwarty.us.edu.pl\/dzieci\/zajecia-artystyczne\/","og_site_name":"U\u015a Dzieci","article_modified_time":"2023-10-30T11:25:09+00:00","twitter_card":"summary_large_image","twitter_misc":{"Szacowany czas czytania":"2 minuty"},"schema":{"@context":"https:\/\/schema.org","@graph":[{"@type":"WebPage","@id":"https:\/\/uniwersytetotwarty.us.edu.pl\/dzieci\/zajecia-artystyczne\/","url":"https:\/\/uniwersytetotwarty.us.edu.pl\/dzieci\/zajecia-artystyczne\/","name":"ZAJ\u0118CIA ARTYSTYCZNE - U\u015a Dzieci","isPartOf":{"@id":"https:\/\/uniwersytetotwarty.us.edu.pl\/dzieci\/#website"},"datePublished":"2023-10-28T03:14:40+00:00","dateModified":"2023-10-30T11:25:09+00:00","breadcrumb":{"@id":"https:\/\/uniwersytetotwarty.us.edu.pl\/dzieci\/zajecia-artystyczne\/#breadcrumb"},"inLanguage":"pl-PL","potentialAction":[{"@type":"ReadAction","target":["https:\/\/uniwersytetotwarty.us.edu.pl\/dzieci\/zajecia-artystyczne\/"]}]},{"@type":"BreadcrumbList","@id":"https:\/\/uniwersytetotwarty.us.edu.pl\/dzieci\/zajecia-artystyczne\/#breadcrumb","itemListElement":[{"@type":"ListItem","position":1,"name":"U\u015a Dzieci","item":"https:\/\/uniwersytetotwarty.us.edu.pl\/dzieci\/"},{"@type":"ListItem","position":2,"name":"ZAJ\u0118CIA ARTYSTYCZNE"}]},{"@type":"WebSite","@id":"https:\/\/uniwersytetotwarty.us.edu.pl\/dzieci\/#website","url":"https:\/\/uniwersytetotwarty.us.edu.pl\/dzieci\/","name":"U\u015a Dzieci","description":"","publisher":{"@id":"https:\/\/uniwersytetotwarty.us.edu.pl\/dzieci\/#organization"},"potentialAction":[{"@type":"SearchAction","target":{"@type":"EntryPoint","urlTemplate":"https:\/\/uniwersytetotwarty.us.edu.pl\/dzieci\/?s={search_term_string}"},"query-input":{"@type":"PropertyValueSpecification","valueRequired":true,"valueName":"search_term_string"}}],"inLanguage":"pl-PL"},{"@type":"Organization","@id":"https:\/\/uniwersytetotwarty.us.edu.pl\/dzieci\/#organization","name":"Uniwersytet \u015al\u0105ski","url":"https:\/\/uniwersytetotwarty.us.edu.pl\/dzieci\/","logo":{"@type":"ImageObject","inLanguage":"pl-PL","@id":"https:\/\/uniwersytetotwarty.us.edu.pl\/dzieci\/#\/schema\/logo\/image\/","url":"https:\/\/uniwersytetotwarty.us.edu.pl\/dzieci\/wp-content\/uploads\/sites\/14\/2023\/10\/logo-1.svg","contentUrl":"https:\/\/uniwersytetotwarty.us.edu.pl\/dzieci\/wp-content\/uploads\/sites\/14\/2023\/10\/logo-1.svg","width":414,"height":71,"caption":"Uniwersytet \u015al\u0105ski"},"image":{"@id":"https:\/\/uniwersytetotwarty.us.edu.pl\/dzieci\/#\/schema\/logo\/image\/"}}]}},"_links":{"self":[{"href":"https:\/\/uniwersytetotwarty.us.edu.pl\/dzieci\/wp-json\/wp\/v2\/pages\/151","targetHints":{"allow":["GET"]}}],"collection":[{"href":"https:\/\/uniwersytetotwarty.us.edu.pl\/dzieci\/wp-json\/wp\/v2\/pages"}],"about":[{"href":"https:\/\/uniwersytetotwarty.us.edu.pl\/dzieci\/wp-json\/wp\/v2\/types\/page"}],"author":[{"embeddable":true,"href":"https:\/\/uniwersytetotwarty.us.edu.pl\/dzieci\/wp-json\/wp\/v2\/users\/5"}],"replies":[{"embeddable":true,"href":"https:\/\/uniwersytetotwarty.us.edu.pl\/dzieci\/wp-json\/wp\/v2\/comments?post=151"}],"version-history":[{"count":10,"href":"https:\/\/uniwersytetotwarty.us.edu.pl\/dzieci\/wp-json\/wp\/v2\/pages\/151\/revisions"}],"predecessor-version":[{"id":252,"href":"https:\/\/uniwersytetotwarty.us.edu.pl\/dzieci\/wp-json\/wp\/v2\/pages\/151\/revisions\/252"}],"wp:attachment":[{"href":"https:\/\/uniwersytetotwarty.us.edu.pl\/dzieci\/wp-json\/wp\/v2\/media?parent=151"}],"curies":[{"name":"wp","href":"https:\/\/api.w.org\/{rel}","templated":true}]}}