{"id":1312,"date":"2024-06-04T12:05:00","date_gmt":"2024-06-04T10:05:00","guid":{"rendered":"https:\/\/uniwersytetotwarty.us.edu.pl\/dzieci\/?page_id=1312"},"modified":"2025-12-19T11:34:44","modified_gmt":"2025-12-19T10:34:44","slug":"plan-zajec-mlodzi-naukowcy","status":"publish","type":"page","link":"https:\/\/uniwersytetotwarty.us.edu.pl\/dzieci\/zajecia\/zajecia-mlodzi-naukowcy\/plan-zajec-mlodzi-naukowcy\/","title":{"rendered":"Plan zaj\u0119\u0107 | M\u0142odzi Naukowcy \u2013 rok akademicki 2025\/2026"},"content":{"rendered":"\t\t<div data-elementor-type=\"wp-page\" data-elementor-id=\"1312\" class=\"elementor elementor-1312\" data-elementor-post-type=\"page\">\n\t\t\t\t\t\t<section class=\"elementor-section elementor-top-section elementor-element elementor-element-e0829de elementor-section-boxed elementor-section-height-default elementor-section-height-default\" data-id=\"e0829de\" data-element_type=\"section\" data-e-type=\"section\">\n\t\t\t\t\t\t<div class=\"elementor-container elementor-column-gap-default\">\n\t\t\t\t\t<div class=\"elementor-column elementor-col-100 elementor-top-column elementor-element elementor-element-2ad7ab0\" data-id=\"2ad7ab0\" data-element_type=\"column\" data-e-type=\"column\">\n\t\t\t<div class=\"elementor-widget-wrap elementor-element-populated\">\n\t\t\t\t\t\t<div class=\"elementor-element elementor-element-47fed2e elementor-widget elementor-widget-text-editor\" data-id=\"47fed2e\" data-element_type=\"widget\" data-e-type=\"widget\" data-widget_type=\"text-editor.default\">\n\t\t\t\t<div class=\"elementor-widget-container\">\n\t\t\t\t\t\t\t\t\t<p><strong>Semestr zimowy<\/strong><\/p><table border=\"0\" width=\"698\"><tbody><tr><td class=\"tabela-zolta-nagl\" width=\"15%\"><b>data<\/b><\/td><td class=\"tabela-zolta-nagl\" width=\"15%\"><b>godzina<\/b><\/td><td class=\"tabela-zolta-nagl\" width=\"485\"><strong>temat, prowadz\u0105cy, streszczenia<\/strong><\/td><\/tr><tr><td class=\"tabela-zolta\"><strong>8.11.2025<\/strong><\/td><td class=\"tabela-zolta\">\u00a0 11:00<\/td><td class=\"tabela-zolta\"><strong>Wyk\u0142ad i seans w Planetarium \u015al\u0105skim<\/strong><\/td><\/tr><tr><td class=\"tabela-zolta\" rowspan=\"2\"><strong>\u00a022.11.2025<\/strong><\/td><td class=\"tabela-zolta\">\u00a011:30<\/td><td class=\"tabela-zolta\"><strong>Wyk\u0142ady otwarte<\/strong><br \/>dr Aleksandra Batog, Iga Batog<br \/><a href=\"https:\/\/dzieci.us.edu.pl\/blekitne-piesni\"><strong>B\u0142\u0119kitne pie\u015bni<\/strong><\/a><\/td><\/tr><tr><td class=\"tabela-zolta\">\u00a013:30<\/td><td class=\"tabela-zolta\"><a href=\"https:\/\/dzieci.us.edu.pl\/ofertaedukacyjna\/prof-dr-hab-robert-musiol\">prof. dr hab. Robert Musio\u0142<\/a><br \/><strong><a href=\"https:\/\/dzieci.us.edu.pl\/opowiesc-o-zbuntowanych-komorkach\">Opowie\u015b\u0107 o zbuntowanych kom\u00f3rkach<\/a>\u00a0<\/strong><\/td><\/tr><tr><td class=\"tabela-zolta\" rowspan=\"2\"><strong>13.12.2025<\/strong><\/td><td class=\"tabela-zolta\">\u00a011:30<\/td><td class=\"tabela-zolta\"><strong>Wyk\u0142ady otwarte<\/strong><br \/><a href=\"https:\/\/dzieci.us.edu.pl\/ofertaedukacyjna\/prof-dr-hab-robert-musiol\">prof. dr hab. Robert Musio\u0142<\/a><br \/><a href=\"https:\/\/dzieci.us.edu.pl\/skad-sie-biora-leki\"><strong>Sk\u0105d si\u0119 bior\u0105 leki<\/strong><\/a><\/td><\/tr><tr><td class=\"tabela-zolta\">13.30<\/td><td class=\"tabela-zolta\"><a href=\"https:\/\/dzieci.us.edu.pl\/ofertaedukacyjna\/dr-marcela-gruszczyk\">dr Marcela Gruszczyk<\/a><br \/><a href=\"https:\/\/dzieci.us.edu.pl\/betonowa-granica-dwoch-swiatow-historia-muru-berlinskiego\"><strong>Betonowa granica dw\u00f3ch \u015bwiat\u00f3w. Historia muru berli\u0144skiego<\/strong><\/a><\/td><\/tr><tr><td class=\"tabela-zolta\" rowspan=\"2\"><strong>24.01.2026<\/strong><\/td><td class=\"tabela-zolta\">\u00a011:30<\/td><td class=\"tabela-zolta\"><strong>Wyk\u0142ady otwarte<\/strong><br \/><a href=\"https:\/\/dzieci.us.edu.pl\/ofertaedukacyjna\/mgr-inz-anna-rejdych\">mgr in\u017c. Anna Rejdych<\/a><br \/><strong>Jak las wraca na swoje miejsce po dzia\u0142alno\u015bci g\u00f3rniczej cz\u0142owieka<\/strong><\/td><\/tr><tr><td class=\"tabela-zolta\">\u00a013:30<\/td><td class=\"tabela-zolta\"><a href=\"https:\/\/dzieci.us.edu.pl\/ofertaedukacyjna\/dr-ewa-bilas-pleszak\">dr Ewa Bi\u0142as-Pleszak, prof. U\u015a<\/a><br \/><a href=\"https:\/\/dzieci.us.edu.pl\/muzyka-w-reklamie\"><strong>Muzyka w reklamie<\/strong><\/a><\/td><\/tr><tr><td class=\"tabela-zolta\" rowspan=\"2\"><strong>7.02.2025<\/strong><\/td><td class=\"tabela-zolta\">\u00a011:30<\/td><td class=\"tabela-zolta\"><strong>Wyk\u0142ady otwarte<\/strong><br \/><a href=\"https:\/\/dzieci.us.edu.pl\/ofertaedukacyjna\/mgr-damian-jableka\">mgr Damian Jab\u0142eka<\/a><br \/><a href=\"https:\/\/dzieci.us.edu.pl\/wstegi-na-wietrze-slonecznym\"><strong>Wst\u0119gi na wietrze&#8230; s\u0142onecznym<\/strong><\/a><\/td><\/tr><tr><td class=\"tabela-zolta\">\u00a013:30<\/td><td class=\"tabela-zolta\">mgr Ilona Wabik<br \/>\u200b<a href=\"https:\/\/dzieci.us.edu.pl\/dlaczego-rzymianie-nosili-togi\"><strong>Dlaczego Rzymianie nosili togi<\/strong><\/a><\/td><\/tr><tr><td class=\"tabela-zolta\" colspan=\"4\"><a href=\"https:\/\/dzieci.us.edu.pl\/sites\/dzieci.us.edu.pl\/files\/Naukowcy%20i%20Eksperci%20Program%20seminari%C3%B3w%20i%20warsztat%C3%B3w%20U%C5%9AD%202025-26.pdf\"><strong>SEMINARIA do wyboru w semestrze zimowym<\/strong><\/a><\/td><\/tr><\/tbody><\/table><p>\u00a0<\/p><p>Wyk\u0142ady Uniwersytetu \u015al\u0105skiego Dzieci odbywaj\u0105 si\u0119 w\u00a0auli im. A. Pawlikowskiego na wydziale Humanistycznym, przy ul. Uniwersyteckiej 4, w Katowicach<\/p>\t\t\t\t\t\t\t\t<\/div>\n\t\t\t\t<\/div>\n\t\t\t\t\t<\/div>\n\t\t<\/div>\n\t\t\t\t\t<\/div>\n\t\t<\/section>\n\t\t\t\t<\/div>\n\t\t","protected":false},"excerpt":{"rendered":"<p>Semestr zimowy data godzina temat, prowadz\u0105cy, streszczenia 8.11.2025 \u00a0 11:00 Wyk\u0142ad i seans w Planetarium \u015al\u0105skim \u00a022.11.2025 \u00a011:30 Wyk\u0142ady otwartedr Aleksandra Batog, Iga BatogB\u0142\u0119kitne pie\u015bni \u00a013:30 prof. dr hab. Robert Musio\u0142Opowie\u015b\u0107 o zbuntowanych kom\u00f3rkach\u00a0 13.12.2025 \u00a011:30 Wyk\u0142ady otwarteprof. dr hab. Robert Musio\u0142Sk\u0105d si\u0119 bior\u0105 leki 13.30 dr Marcela GruszczykBetonowa granica dw\u00f3ch \u015bwiat\u00f3w. Historia muru berli\u0144skiego [&hellip;]<\/p>\n","protected":false},"author":25,"featured_media":0,"parent":1280,"menu_order":0,"comment_status":"closed","ping_status":"closed","template":"","meta":{"footnotes":""},"class_list":["post-1312","page","type-page","status-publish","hentry"],"yoast_head":"<!-- This site is optimized with the Yoast SEO plugin v27.3 - https:\/\/yoast.com\/product\/yoast-seo-wordpress\/ -->\n<title>Plan zaj\u0119\u0107 | M\u0142odzi Naukowcy \u2013 rok akademicki 2025\/2026 - U\u015a Dzieci<\/title>\n<meta name=\"robots\" content=\"noindex, follow, max-snippet:-1, max-image-preview:large, max-video-preview:-1\" \/>\n<meta property=\"og:locale\" content=\"pl_PL\" \/>\n<meta property=\"og:type\" content=\"article\" \/>\n<meta property=\"og:title\" content=\"Plan zaj\u0119\u0107 | M\u0142odzi Naukowcy \u2013 rok akademicki 2025\/2026 - U\u015a Dzieci\" \/>\n<meta property=\"og:description\" content=\"Semestr zimowy data godzina temat, prowadz\u0105cy, streszczenia 8.11.2025 \u00a0 11:00 Wyk\u0142ad i seans w Planetarium \u015al\u0105skim \u00a022.11.2025 \u00a011:30 Wyk\u0142ady otwartedr Aleksandra Batog, Iga BatogB\u0142\u0119kitne pie\u015bni \u00a013:30 prof. dr hab. Robert Musio\u0142Opowie\u015b\u0107 o zbuntowanych kom\u00f3rkach\u00a0 13.12.2025 \u00a011:30 Wyk\u0142ady otwarteprof. dr hab. Robert Musio\u0142Sk\u0105d si\u0119 bior\u0105 leki 13.30 dr Marcela GruszczykBetonowa granica dw\u00f3ch \u015bwiat\u00f3w. Historia muru berli\u0144skiego [&hellip;]\" \/>\n<meta property=\"og:url\" content=\"https:\/\/uniwersytetotwarty.us.edu.pl\/dzieci\/zajecia\/zajecia-mlodzi-naukowcy\/plan-zajec-mlodzi-naukowcy\/\" \/>\n<meta property=\"og:site_name\" content=\"U\u015a Dzieci\" \/>\n<meta property=\"article:modified_time\" content=\"2025-12-19T10:34:44+00:00\" \/>\n<meta name=\"twitter:card\" content=\"summary_large_image\" \/>\n<meta name=\"twitter:label1\" content=\"Szacowany czas czytania\" \/>\n\t<meta name=\"twitter:data1\" content=\"1 minuta\" \/>\n<script type=\"application\/ld+json\" class=\"yoast-schema-graph\">{\"@context\":\"https:\\\/\\\/schema.org\",\"@graph\":[{\"@type\":\"WebPage\",\"@id\":\"https:\\\/\\\/uniwersytetotwarty.us.edu.pl\\\/dzieci\\\/zajecia\\\/zajecia-mlodzi-naukowcy\\\/plan-zajec-mlodzi-naukowcy\\\/\",\"url\":\"https:\\\/\\\/uniwersytetotwarty.us.edu.pl\\\/dzieci\\\/zajecia\\\/zajecia-mlodzi-naukowcy\\\/plan-zajec-mlodzi-naukowcy\\\/\",\"name\":\"Plan zaj\u0119\u0107 | M\u0142odzi Naukowcy \u2013 rok akademicki 2025\\\/2026 - U\u015a Dzieci\",\"isPartOf\":{\"@id\":\"https:\\\/\\\/uniwersytetotwarty.us.edu.pl\\\/dzieci\\\/#website\"},\"datePublished\":\"2024-06-04T10:05:00+00:00\",\"dateModified\":\"2025-12-19T10:34:44+00:00\",\"breadcrumb\":{\"@id\":\"https:\\\/\\\/uniwersytetotwarty.us.edu.pl\\\/dzieci\\\/zajecia\\\/zajecia-mlodzi-naukowcy\\\/plan-zajec-mlodzi-naukowcy\\\/#breadcrumb\"},\"inLanguage\":\"pl-PL\",\"potentialAction\":[{\"@type\":\"ReadAction\",\"target\":[\"https:\\\/\\\/uniwersytetotwarty.us.edu.pl\\\/dzieci\\\/zajecia\\\/zajecia-mlodzi-naukowcy\\\/plan-zajec-mlodzi-naukowcy\\\/\"]}]},{\"@type\":\"BreadcrumbList\",\"@id\":\"https:\\\/\\\/uniwersytetotwarty.us.edu.pl\\\/dzieci\\\/zajecia\\\/zajecia-mlodzi-naukowcy\\\/plan-zajec-mlodzi-naukowcy\\\/#breadcrumb\",\"itemListElement\":[{\"@type\":\"ListItem\",\"position\":1,\"name\":\"U\u015a Dzieci\",\"item\":\"https:\\\/\\\/uniwersytetotwarty.us.edu.pl\\\/dzieci\\\/\"},{\"@type\":\"ListItem\",\"position\":2,\"name\":\"Zaj\u0119cia\",\"item\":\"https:\\\/\\\/uniwersytetotwarty.us.edu.pl\\\/dzieci\\\/zajecia\\\/\"},{\"@type\":\"ListItem\",\"position\":3,\"name\":\"Zaj\u0119cia | M\u0142odzi Naukowcy\",\"item\":\"https:\\\/\\\/uniwersytetotwarty.us.edu.pl\\\/dzieci\\\/zajecia\\\/zajecia-mlodzi-naukowcy\\\/\"},{\"@type\":\"ListItem\",\"position\":4,\"name\":\"Plan zaj\u0119\u0107 | M\u0142odzi Naukowcy \u2013 rok akademicki 2025\\\/2026\"}]},{\"@type\":\"WebSite\",\"@id\":\"https:\\\/\\\/uniwersytetotwarty.us.edu.pl\\\/dzieci\\\/#website\",\"url\":\"https:\\\/\\\/uniwersytetotwarty.us.edu.pl\\\/dzieci\\\/\",\"name\":\"U\u015a Dzieci\",\"description\":\"\",\"publisher\":{\"@id\":\"https:\\\/\\\/uniwersytetotwarty.us.edu.pl\\\/dzieci\\\/#organization\"},\"potentialAction\":[{\"@type\":\"SearchAction\",\"target\":{\"@type\":\"EntryPoint\",\"urlTemplate\":\"https:\\\/\\\/uniwersytetotwarty.us.edu.pl\\\/dzieci\\\/?s={search_term_string}\"},\"query-input\":{\"@type\":\"PropertyValueSpecification\",\"valueRequired\":true,\"valueName\":\"search_term_string\"}}],\"inLanguage\":\"pl-PL\"},{\"@type\":\"Organization\",\"@id\":\"https:\\\/\\\/uniwersytetotwarty.us.edu.pl\\\/dzieci\\\/#organization\",\"name\":\"Uniwersytet \u015al\u0105ski\",\"url\":\"https:\\\/\\\/uniwersytetotwarty.us.edu.pl\\\/dzieci\\\/\",\"logo\":{\"@type\":\"ImageObject\",\"inLanguage\":\"pl-PL\",\"@id\":\"https:\\\/\\\/uniwersytetotwarty.us.edu.pl\\\/dzieci\\\/#\\\/schema\\\/logo\\\/image\\\/\",\"url\":\"https:\\\/\\\/uniwersytetotwarty.us.edu.pl\\\/dzieci\\\/wp-content\\\/uploads\\\/sites\\\/14\\\/2023\\\/10\\\/logo-1.svg\",\"contentUrl\":\"https:\\\/\\\/uniwersytetotwarty.us.edu.pl\\\/dzieci\\\/wp-content\\\/uploads\\\/sites\\\/14\\\/2023\\\/10\\\/logo-1.svg\",\"width\":414,\"height\":71,\"caption\":\"Uniwersytet \u015al\u0105ski\"},\"image\":{\"@id\":\"https:\\\/\\\/uniwersytetotwarty.us.edu.pl\\\/dzieci\\\/#\\\/schema\\\/logo\\\/image\\\/\"}}]}<\/script>\n<!-- \/ Yoast SEO plugin. -->","yoast_head_json":{"title":"Plan zaj\u0119\u0107 | M\u0142odzi Naukowcy \u2013 rok akademicki 2025\/2026 - U\u015a Dzieci","robots":{"index":"noindex","follow":"follow","max-snippet":"max-snippet:-1","max-image-preview":"max-image-preview:large","max-video-preview":"max-video-preview:-1"},"og_locale":"pl_PL","og_type":"article","og_title":"Plan zaj\u0119\u0107 | M\u0142odzi Naukowcy \u2013 rok akademicki 2025\/2026 - U\u015a Dzieci","og_description":"Semestr zimowy data godzina temat, prowadz\u0105cy, streszczenia 8.11.2025 \u00a0 11:00 Wyk\u0142ad i seans w Planetarium \u015al\u0105skim \u00a022.11.2025 \u00a011:30 Wyk\u0142ady otwartedr Aleksandra Batog, Iga BatogB\u0142\u0119kitne pie\u015bni \u00a013:30 prof. dr hab. Robert Musio\u0142Opowie\u015b\u0107 o zbuntowanych kom\u00f3rkach\u00a0 13.12.2025 \u00a011:30 Wyk\u0142ady otwarteprof. dr hab. Robert Musio\u0142Sk\u0105d si\u0119 bior\u0105 leki 13.30 dr Marcela GruszczykBetonowa granica dw\u00f3ch \u015bwiat\u00f3w. Historia muru berli\u0144skiego [&hellip;]","og_url":"https:\/\/uniwersytetotwarty.us.edu.pl\/dzieci\/zajecia\/zajecia-mlodzi-naukowcy\/plan-zajec-mlodzi-naukowcy\/","og_site_name":"U\u015a Dzieci","article_modified_time":"2025-12-19T10:34:44+00:00","twitter_card":"summary_large_image","twitter_misc":{"Szacowany czas czytania":"1 minuta"},"schema":{"@context":"https:\/\/schema.org","@graph":[{"@type":"WebPage","@id":"https:\/\/uniwersytetotwarty.us.edu.pl\/dzieci\/zajecia\/zajecia-mlodzi-naukowcy\/plan-zajec-mlodzi-naukowcy\/","url":"https:\/\/uniwersytetotwarty.us.edu.pl\/dzieci\/zajecia\/zajecia-mlodzi-naukowcy\/plan-zajec-mlodzi-naukowcy\/","name":"Plan zaj\u0119\u0107 | M\u0142odzi Naukowcy \u2013 rok akademicki 2025\/2026 - U\u015a Dzieci","isPartOf":{"@id":"https:\/\/uniwersytetotwarty.us.edu.pl\/dzieci\/#website"},"datePublished":"2024-06-04T10:05:00+00:00","dateModified":"2025-12-19T10:34:44+00:00","breadcrumb":{"@id":"https:\/\/uniwersytetotwarty.us.edu.pl\/dzieci\/zajecia\/zajecia-mlodzi-naukowcy\/plan-zajec-mlodzi-naukowcy\/#breadcrumb"},"inLanguage":"pl-PL","potentialAction":[{"@type":"ReadAction","target":["https:\/\/uniwersytetotwarty.us.edu.pl\/dzieci\/zajecia\/zajecia-mlodzi-naukowcy\/plan-zajec-mlodzi-naukowcy\/"]}]},{"@type":"BreadcrumbList","@id":"https:\/\/uniwersytetotwarty.us.edu.pl\/dzieci\/zajecia\/zajecia-mlodzi-naukowcy\/plan-zajec-mlodzi-naukowcy\/#breadcrumb","itemListElement":[{"@type":"ListItem","position":1,"name":"U\u015a Dzieci","item":"https:\/\/uniwersytetotwarty.us.edu.pl\/dzieci\/"},{"@type":"ListItem","position":2,"name":"Zaj\u0119cia","item":"https:\/\/uniwersytetotwarty.us.edu.pl\/dzieci\/zajecia\/"},{"@type":"ListItem","position":3,"name":"Zaj\u0119cia | M\u0142odzi Naukowcy","item":"https:\/\/uniwersytetotwarty.us.edu.pl\/dzieci\/zajecia\/zajecia-mlodzi-naukowcy\/"},{"@type":"ListItem","position":4,"name":"Plan zaj\u0119\u0107 | M\u0142odzi Naukowcy \u2013 rok akademicki 2025\/2026"}]},{"@type":"WebSite","@id":"https:\/\/uniwersytetotwarty.us.edu.pl\/dzieci\/#website","url":"https:\/\/uniwersytetotwarty.us.edu.pl\/dzieci\/","name":"U\u015a Dzieci","description":"","publisher":{"@id":"https:\/\/uniwersytetotwarty.us.edu.pl\/dzieci\/#organization"},"potentialAction":[{"@type":"SearchAction","target":{"@type":"EntryPoint","urlTemplate":"https:\/\/uniwersytetotwarty.us.edu.pl\/dzieci\/?s={search_term_string}"},"query-input":{"@type":"PropertyValueSpecification","valueRequired":true,"valueName":"search_term_string"}}],"inLanguage":"pl-PL"},{"@type":"Organization","@id":"https:\/\/uniwersytetotwarty.us.edu.pl\/dzieci\/#organization","name":"Uniwersytet \u015al\u0105ski","url":"https:\/\/uniwersytetotwarty.us.edu.pl\/dzieci\/","logo":{"@type":"ImageObject","inLanguage":"pl-PL","@id":"https:\/\/uniwersytetotwarty.us.edu.pl\/dzieci\/#\/schema\/logo\/image\/","url":"https:\/\/uniwersytetotwarty.us.edu.pl\/dzieci\/wp-content\/uploads\/sites\/14\/2023\/10\/logo-1.svg","contentUrl":"https:\/\/uniwersytetotwarty.us.edu.pl\/dzieci\/wp-content\/uploads\/sites\/14\/2023\/10\/logo-1.svg","width":414,"height":71,"caption":"Uniwersytet \u015al\u0105ski"},"image":{"@id":"https:\/\/uniwersytetotwarty.us.edu.pl\/dzieci\/#\/schema\/logo\/image\/"}}]}},"_links":{"self":[{"href":"https:\/\/uniwersytetotwarty.us.edu.pl\/dzieci\/wp-json\/wp\/v2\/pages\/1312","targetHints":{"allow":["GET"]}}],"collection":[{"href":"https:\/\/uniwersytetotwarty.us.edu.pl\/dzieci\/wp-json\/wp\/v2\/pages"}],"about":[{"href":"https:\/\/uniwersytetotwarty.us.edu.pl\/dzieci\/wp-json\/wp\/v2\/types\/page"}],"author":[{"embeddable":true,"href":"https:\/\/uniwersytetotwarty.us.edu.pl\/dzieci\/wp-json\/wp\/v2\/users\/25"}],"replies":[{"embeddable":true,"href":"https:\/\/uniwersytetotwarty.us.edu.pl\/dzieci\/wp-json\/wp\/v2\/comments?post=1312"}],"version-history":[{"count":10,"href":"https:\/\/uniwersytetotwarty.us.edu.pl\/dzieci\/wp-json\/wp\/v2\/pages\/1312\/revisions"}],"predecessor-version":[{"id":5293,"href":"https:\/\/uniwersytetotwarty.us.edu.pl\/dzieci\/wp-json\/wp\/v2\/pages\/1312\/revisions\/5293"}],"up":[{"embeddable":true,"href":"https:\/\/uniwersytetotwarty.us.edu.pl\/dzieci\/wp-json\/wp\/v2\/pages\/1280"}],"wp:attachment":[{"href":"https:\/\/uniwersytetotwarty.us.edu.pl\/dzieci\/wp-json\/wp\/v2\/media?parent=1312"}],"curies":[{"name":"wp","href":"https:\/\/api.w.org\/{rel}","templated":true}]}}