{"id":1189,"date":"2024-05-29T15:07:21","date_gmt":"2024-05-29T13:07:21","guid":{"rendered":"https:\/\/uniwersytetotwarty.us.edu.pl\/dzieci\/?page_id=1189"},"modified":"2024-05-29T15:24:06","modified_gmt":"2024-05-29T13:24:06","slug":"czytanki-sowy-usi","status":"publish","type":"page","link":"https:\/\/uniwersytetotwarty.us.edu.pl\/dzieci\/czytanki-sowy-usi\/","title":{"rendered":"Czytanki Sowy Usi"},"content":{"rendered":"\t\t<div data-elementor-type=\"wp-page\" data-elementor-id=\"1189\" class=\"elementor elementor-1189\" data-elementor-post-type=\"page\">\n\t\t\t\t\t\t<section class=\"elementor-section elementor-top-section elementor-element elementor-element-c2927d4 elementor-section-boxed elementor-section-height-default elementor-section-height-default\" data-id=\"c2927d4\" data-element_type=\"section\" data-e-type=\"section\">\n\t\t\t\t\t\t<div class=\"elementor-container elementor-column-gap-default\">\n\t\t\t\t\t<div class=\"elementor-column elementor-col-100 elementor-top-column elementor-element elementor-element-c3c6d07\" data-id=\"c3c6d07\" data-element_type=\"column\" data-e-type=\"column\">\n\t\t\t<div class=\"elementor-widget-wrap elementor-element-populated\">\n\t\t\t\t\t\t<div class=\"elementor-element elementor-element-2b45b7c elementor-widget elementor-widget-text-editor\" data-id=\"2b45b7c\" data-element_type=\"widget\" data-e-type=\"widget\" data-widget_type=\"text-editor.default\">\n\t\t\t\t<div class=\"elementor-widget-container\">\n\t\t\t\t\t\t\t\t\t<p>Dzieci z grupy Poszukiwaczy i Odkrywc\u00f3w serdecznie zapraszamy do sowiej dziupli na czytanki sowy Usi. Spotkania z ksi\u0105\u017ck\u0105 b\u0119d\u0105 odbywa\u0107 si\u0119 bezpo\u015brednio po ka\u017cdym wyk\u0142adzie (10.00 \u2013 10.30). W trakcie zaj\u0119\u0107 dzieci b\u0119d\u0105 mia\u0142y okazj\u0119 pos\u0142ucha\u0107 ciekawych opowiada\u0144, podyskutowa\u0107, wykona\u0107 prac\u0119 plastyczn\u0105 lub rozwi\u0105za\u0107 problem \u201enaukowy\u201d zwi\u0105zany z lektur\u0105. Mamy nadziej\u0119, \u017ce zami\u0142owanie do ksi\u0105\u017cek zaszczepione w dzieci\u0144stwie b\u0119dzie owocowa\u0142o w p\u00f3\u017aniejszych latach.<br \/>Oto kilka szczeg\u00f3\u0142\u00f3w:<\/p><ul><li>spotkania z ksi\u0105\u017ck\u0105 s\u0105 formu\u0142\u0105 dobrowoln\u0105, dodatkow\u0105 i bezp\u0142atn\u0105;\u00a0 udzia\u0142 w nich nie wi\u0105\u017ce si\u0119 ze zmniejszeniem lub zablokowaniem mo\u017cliwo\u015bci wyboru seminari\u00f3w;<\/li><li>warunkiem uczestnictwa jest umiej\u0119tno\u015b\u0107 dziecka dodatkowego skupienia uwagi przez 30 minut po wyk\u0142adzie<\/li><li>udzia\u0142 w zaj\u0119ciach nie wymaga logowania si\u0119;<\/li><li>liczba miejsc ograniczona do 20 os\u00f3b;<\/li><\/ul>\t\t\t\t\t\t\t\t<\/div>\n\t\t\t\t<\/div>\n\t\t\t\t\t<\/div>\n\t\t<\/div>\n\t\t\t\t\t<\/div>\n\t\t<\/section>\n\t\t\t\t<section class=\"elementor-section elementor-top-section elementor-element elementor-element-fa095f2 elementor-section-boxed elementor-section-height-default elementor-section-height-default\" data-id=\"fa095f2\" data-element_type=\"section\" data-e-type=\"section\">\n\t\t\t\t\t\t<div class=\"elementor-container elementor-column-gap-default\">\n\t\t\t\t\t<div class=\"elementor-column elementor-col-100 elementor-top-column elementor-element elementor-element-6be2c34\" data-id=\"6be2c34\" data-element_type=\"column\" data-e-type=\"column\">\n\t\t\t<div class=\"elementor-widget-wrap elementor-element-populated\">\n\t\t\t\t\t\t<div class=\"elementor-element elementor-element-270c417 elementor-widget elementor-widget-heading\" data-id=\"270c417\" data-element_type=\"widget\" data-e-type=\"widget\" data-widget_type=\"heading.default\">\n\t\t\t\t<div class=\"elementor-widget-container\">\n\t\t\t\t\t<h2 class=\"elementor-heading-title elementor-size-default\">Galeria zdj\u0119\u0107<\/h2>\t\t\t\t<\/div>\n\t\t\t\t<\/div>\n\t\t\t\t<div class=\"elementor-element elementor-element-c467c3b elementor-grid-4 elementor-grid-tablet-2 elementor-grid-mobile-1 elementor-posts--thumbnail-top elementor-widget elementor-widget-posts\" data-id=\"c467c3b\" data-element_type=\"widget\" data-e-type=\"widget\" data-settings=\"{&quot;classic_columns&quot;:&quot;4&quot;,&quot;classic_columns_tablet&quot;:&quot;2&quot;,&quot;classic_columns_mobile&quot;:&quot;1&quot;,&quot;classic_row_gap&quot;:{&quot;unit&quot;:&quot;px&quot;,&quot;size&quot;:35,&quot;sizes&quot;:[]},&quot;classic_row_gap_tablet&quot;:{&quot;unit&quot;:&quot;px&quot;,&quot;size&quot;:&quot;&quot;,&quot;sizes&quot;:[]},&quot;classic_row_gap_mobile&quot;:{&quot;unit&quot;:&quot;px&quot;,&quot;size&quot;:&quot;&quot;,&quot;sizes&quot;:[]}}\" data-widget_type=\"posts.classic\">\n\t\t\t\t<div class=\"elementor-widget-container\">\n\t\t\t\t\t\t\t<div class=\"elementor-posts-container elementor-posts elementor-posts--skin-classic elementor-grid\" role=\"list\">\n\t\t\t\t<article class=\"elementor-post elementor-grid-item post-1703 post type-post status-publish format-standard has-post-thumbnail hentry category-czytanki category-odkrywcy category-poszukiwacze category-2023-2024\" role=\"listitem\">\n\t\t\t\t<a class=\"elementor-post__thumbnail__link\" href=\"https:\/\/uniwersytetotwarty.us.edu.pl\/dzieci\/2024\/07\/03\/czytanki-sowy-usi-4\/\" tabindex=\"-1\" >\n\t\t\t<div class=\"elementor-post__thumbnail\"><img fetchpriority=\"high\" decoding=\"async\" width=\"300\" height=\"200\" src=\"https:\/\/uniwersytetotwarty.us.edu.pl\/dzieci\/wp-content\/uploads\/sites\/14\/2024\/07\/1-16-300x200.jpg\" class=\"attachment-medium size-medium wp-image-1722\" alt=\"Czytanki Sowy Usi\" srcset=\"https:\/\/uniwersytetotwarty.us.edu.pl\/dzieci\/wp-content\/uploads\/sites\/14\/2024\/07\/1-16-300x200.jpg 300w, https:\/\/uniwersytetotwarty.us.edu.pl\/dzieci\/wp-content\/uploads\/sites\/14\/2024\/07\/1-16.jpg 710w\" sizes=\"(max-width: 300px) 100vw, 300px\" \/><\/div>\n\t\t<\/a>\n\t\t\t\t<div class=\"elementor-post__text\">\n\t\t\t\t<h3 class=\"elementor-post__title\">\n\t\t\t<a href=\"https:\/\/uniwersytetotwarty.us.edu.pl\/dzieci\/2024\/07\/03\/czytanki-sowy-usi-4\/\" >\n\t\t\t\tCzytanki Sowy Usi\t\t\t<\/a>\n\t\t<\/h3>\n\t\t\t\t<div class=\"elementor-post__excerpt\">\n\t\t\t<p>15 czerwca 2024<\/p>\n\t\t<\/div>\n\t\t\t\t<\/div>\n\t\t\t\t<\/article>\n\t\t\t\t<article class=\"elementor-post elementor-grid-item post-1411 post type-post status-publish format-standard has-post-thumbnail hentry category-czytanki category-odkrywcy category-poszukiwacze category-2023-2024\" role=\"listitem\">\n\t\t\t\t<a class=\"elementor-post__thumbnail__link\" href=\"https:\/\/uniwersytetotwarty.us.edu.pl\/dzieci\/2024\/06\/12\/czytanki-sowy-usi-3\/\" tabindex=\"-1\" >\n\t\t\t<div class=\"elementor-post__thumbnail\"><img decoding=\"async\" width=\"300\" height=\"225\" src=\"https:\/\/uniwersytetotwarty.us.edu.pl\/dzieci\/wp-content\/uploads\/sites\/14\/2024\/06\/1-15-Kopia-300x225.jpg\" class=\"attachment-medium size-medium wp-image-1429\" alt=\"Czytanki Sowy Usi\" srcset=\"https:\/\/uniwersytetotwarty.us.edu.pl\/dzieci\/wp-content\/uploads\/sites\/14\/2024\/06\/1-15-Kopia-300x225.jpg 300w, https:\/\/uniwersytetotwarty.us.edu.pl\/dzieci\/wp-content\/uploads\/sites\/14\/2024\/06\/1-15-Kopia.jpg 662w\" sizes=\"(max-width: 300px) 100vw, 300px\" \/><\/div>\n\t\t<\/a>\n\t\t\t\t<div class=\"elementor-post__text\">\n\t\t\t\t<h3 class=\"elementor-post__title\">\n\t\t\t<a href=\"https:\/\/uniwersytetotwarty.us.edu.pl\/dzieci\/2024\/06\/12\/czytanki-sowy-usi-3\/\" >\n\t\t\t\tCzytanki Sowy Usi\t\t\t<\/a>\n\t\t<\/h3>\n\t\t\t\t<div class=\"elementor-post__excerpt\">\n\t\t\t<p>25 maja 2024<\/p>\n\t\t<\/div>\n\t\t\t\t<\/div>\n\t\t\t\t<\/article>\n\t\t\t\t<article class=\"elementor-post elementor-grid-item post-707 post type-post status-publish format-standard has-post-thumbnail hentry category-czytanki category-odkrywcy category-poszukiwacze category-2023-2024\" role=\"listitem\">\n\t\t\t\t<a class=\"elementor-post__thumbnail__link\" href=\"https:\/\/uniwersytetotwarty.us.edu.pl\/dzieci\/2024\/05\/17\/czytanki-sowy-usi\/\" tabindex=\"-1\" >\n\t\t\t<div class=\"elementor-post__thumbnail\"><img decoding=\"async\" width=\"300\" height=\"200\" src=\"https:\/\/uniwersytetotwarty.us.edu.pl\/dzieci\/wp-content\/uploads\/sites\/14\/2024\/05\/1-11-4-300x200.jpg\" class=\"attachment-medium size-medium wp-image-719\" alt=\"Czytanki Sowy Usi\" srcset=\"https:\/\/uniwersytetotwarty.us.edu.pl\/dzieci\/wp-content\/uploads\/sites\/14\/2024\/05\/1-11-4-300x200.jpg 300w, https:\/\/uniwersytetotwarty.us.edu.pl\/dzieci\/wp-content\/uploads\/sites\/14\/2024\/05\/1-11-4.jpg 710w\" sizes=\"(max-width: 300px) 100vw, 300px\" \/><\/div>\n\t\t<\/a>\n\t\t\t\t<div class=\"elementor-post__text\">\n\t\t\t\t<h3 class=\"elementor-post__title\">\n\t\t\t<a href=\"https:\/\/uniwersytetotwarty.us.edu.pl\/dzieci\/2024\/05\/17\/czytanki-sowy-usi\/\" >\n\t\t\t\tCzytanki Sowy Usi\t\t\t<\/a>\n\t\t<\/h3>\n\t\t\t\t<div class=\"elementor-post__excerpt\">\n\t\t\t<p>27 kwietnia 2024<\/p>\n\t\t<\/div>\n\t\t\t\t<\/div>\n\t\t\t\t<\/article>\n\t\t\t\t<article class=\"elementor-post elementor-grid-item post-301 post type-post status-publish format-standard has-post-thumbnail hentry category-czytanki category-odkrywcy category-poszukiwacze category-2023-2024\" role=\"listitem\">\n\t\t\t\t<a class=\"elementor-post__thumbnail__link\" href=\"https:\/\/uniwersytetotwarty.us.edu.pl\/dzieci\/2024\/05\/15\/czytanki-sowy-usi-2\/\" tabindex=\"-1\" >\n\t\t\t<div class=\"elementor-post__thumbnail\"><img loading=\"lazy\" decoding=\"async\" width=\"225\" height=\"300\" src=\"https:\/\/uniwersytetotwarty.us.edu.pl\/dzieci\/wp-content\/uploads\/sites\/14\/2024\/05\/1-1-225x300.jpg\" class=\"attachment-medium size-medium wp-image-303\" alt=\"Czytanki Sowy Usi\" srcset=\"https:\/\/uniwersytetotwarty.us.edu.pl\/dzieci\/wp-content\/uploads\/sites\/14\/2024\/05\/1-1-225x300.jpg 225w, https:\/\/uniwersytetotwarty.us.edu.pl\/dzieci\/wp-content\/uploads\/sites\/14\/2024\/05\/1-1.jpg 496w\" sizes=\"(max-width: 225px) 100vw, 225px\" \/><\/div>\n\t\t<\/a>\n\t\t\t\t<div class=\"elementor-post__text\">\n\t\t\t\t<h3 class=\"elementor-post__title\">\n\t\t\t<a href=\"https:\/\/uniwersytetotwarty.us.edu.pl\/dzieci\/2024\/05\/15\/czytanki-sowy-usi-2\/\" >\n\t\t\t\tCzytanki Sowy Usi\t\t\t<\/a>\n\t\t<\/h3>\n\t\t\t\t<div class=\"elementor-post__excerpt\">\n\t\t\t<p>6 kwietnia 2024<\/p>\n\t\t<\/div>\n\t\t\t\t<\/div>\n\t\t\t\t<\/article>\n\t\t\t\t<\/div>\n\t\t\n\t\t\t\t\t\t<\/div>\n\t\t\t\t<\/div>\n\t\t\t\t\t<\/div>\n\t\t<\/div>\n\t\t\t\t\t<\/div>\n\t\t<\/section>\n\t\t\t\t<\/div>\n\t\t","protected":false},"excerpt":{"rendered":"<p>Dzieci z grupy Poszukiwaczy i Odkrywc\u00f3w serdecznie zapraszamy do sowiej dziupli na czytanki sowy Usi. Spotkania z ksi\u0105\u017ck\u0105 b\u0119d\u0105 odbywa\u0107 si\u0119 bezpo\u015brednio po ka\u017cdym wyk\u0142adzie (10.00 \u2013 10.30). W trakcie zaj\u0119\u0107 dzieci b\u0119d\u0105 mia\u0142y okazj\u0119 pos\u0142ucha\u0107 ciekawych opowiada\u0144, podyskutowa\u0107, wykona\u0107 prac\u0119 plastyczn\u0105 lub rozwi\u0105za\u0107 problem \u201enaukowy\u201d zwi\u0105zany z lektur\u0105. Mamy nadziej\u0119, \u017ce zami\u0142owanie do ksi\u0105\u017cek [&hellip;]<\/p>\n","protected":false},"author":25,"featured_media":0,"parent":0,"menu_order":0,"comment_status":"closed","ping_status":"closed","template":"","meta":{"footnotes":""},"class_list":["post-1189","page","type-page","status-publish","hentry"],"yoast_head":"<!-- This site is optimized with the Yoast SEO plugin v27.3 - https:\/\/yoast.com\/product\/yoast-seo-wordpress\/ -->\n<title>Czytanki Sowy Usi - U\u015a Dzieci<\/title>\n<meta name=\"robots\" content=\"noindex, follow, max-snippet:-1, max-image-preview:large, max-video-preview:-1\" \/>\n<meta property=\"og:locale\" content=\"pl_PL\" \/>\n<meta property=\"og:type\" content=\"article\" \/>\n<meta property=\"og:title\" content=\"Czytanki Sowy Usi - U\u015a Dzieci\" \/>\n<meta property=\"og:description\" content=\"Dzieci z grupy Poszukiwaczy i Odkrywc\u00f3w serdecznie zapraszamy do sowiej dziupli na czytanki sowy Usi. Spotkania z ksi\u0105\u017ck\u0105 b\u0119d\u0105 odbywa\u0107 si\u0119 bezpo\u015brednio po ka\u017cdym wyk\u0142adzie (10.00 \u2013 10.30). W trakcie zaj\u0119\u0107 dzieci b\u0119d\u0105 mia\u0142y okazj\u0119 pos\u0142ucha\u0107 ciekawych opowiada\u0144, podyskutowa\u0107, wykona\u0107 prac\u0119 plastyczn\u0105 lub rozwi\u0105za\u0107 problem \u201enaukowy\u201d zwi\u0105zany z lektur\u0105. Mamy nadziej\u0119, \u017ce zami\u0142owanie do ksi\u0105\u017cek [&hellip;]\" \/>\n<meta property=\"og:url\" content=\"https:\/\/uniwersytetotwarty.us.edu.pl\/dzieci\/czytanki-sowy-usi\/\" \/>\n<meta property=\"og:site_name\" content=\"U\u015a Dzieci\" \/>\n<meta property=\"article:modified_time\" content=\"2024-05-29T13:24:06+00:00\" \/>\n<meta name=\"twitter:card\" content=\"summary_large_image\" \/>\n<meta name=\"twitter:label1\" content=\"Szacowany czas czytania\" \/>\n\t<meta name=\"twitter:data1\" content=\"2 minuty\" \/>\n<script type=\"application\/ld+json\" class=\"yoast-schema-graph\">{\"@context\":\"https:\\\/\\\/schema.org\",\"@graph\":[{\"@type\":\"WebPage\",\"@id\":\"https:\\\/\\\/uniwersytetotwarty.us.edu.pl\\\/dzieci\\\/czytanki-sowy-usi\\\/\",\"url\":\"https:\\\/\\\/uniwersytetotwarty.us.edu.pl\\\/dzieci\\\/czytanki-sowy-usi\\\/\",\"name\":\"Czytanki Sowy Usi - U\u015a Dzieci\",\"isPartOf\":{\"@id\":\"https:\\\/\\\/uniwersytetotwarty.us.edu.pl\\\/dzieci\\\/#website\"},\"datePublished\":\"2024-05-29T13:07:21+00:00\",\"dateModified\":\"2024-05-29T13:24:06+00:00\",\"breadcrumb\":{\"@id\":\"https:\\\/\\\/uniwersytetotwarty.us.edu.pl\\\/dzieci\\\/czytanki-sowy-usi\\\/#breadcrumb\"},\"inLanguage\":\"pl-PL\",\"potentialAction\":[{\"@type\":\"ReadAction\",\"target\":[\"https:\\\/\\\/uniwersytetotwarty.us.edu.pl\\\/dzieci\\\/czytanki-sowy-usi\\\/\"]}]},{\"@type\":\"BreadcrumbList\",\"@id\":\"https:\\\/\\\/uniwersytetotwarty.us.edu.pl\\\/dzieci\\\/czytanki-sowy-usi\\\/#breadcrumb\",\"itemListElement\":[{\"@type\":\"ListItem\",\"position\":1,\"name\":\"U\u015a Dzieci\",\"item\":\"https:\\\/\\\/uniwersytetotwarty.us.edu.pl\\\/dzieci\\\/\"},{\"@type\":\"ListItem\",\"position\":2,\"name\":\"Czytanki Sowy Usi\"}]},{\"@type\":\"WebSite\",\"@id\":\"https:\\\/\\\/uniwersytetotwarty.us.edu.pl\\\/dzieci\\\/#website\",\"url\":\"https:\\\/\\\/uniwersytetotwarty.us.edu.pl\\\/dzieci\\\/\",\"name\":\"U\u015a Dzieci\",\"description\":\"\",\"publisher\":{\"@id\":\"https:\\\/\\\/uniwersytetotwarty.us.edu.pl\\\/dzieci\\\/#organization\"},\"potentialAction\":[{\"@type\":\"SearchAction\",\"target\":{\"@type\":\"EntryPoint\",\"urlTemplate\":\"https:\\\/\\\/uniwersytetotwarty.us.edu.pl\\\/dzieci\\\/?s={search_term_string}\"},\"query-input\":{\"@type\":\"PropertyValueSpecification\",\"valueRequired\":true,\"valueName\":\"search_term_string\"}}],\"inLanguage\":\"pl-PL\"},{\"@type\":\"Organization\",\"@id\":\"https:\\\/\\\/uniwersytetotwarty.us.edu.pl\\\/dzieci\\\/#organization\",\"name\":\"Uniwersytet \u015al\u0105ski\",\"url\":\"https:\\\/\\\/uniwersytetotwarty.us.edu.pl\\\/dzieci\\\/\",\"logo\":{\"@type\":\"ImageObject\",\"inLanguage\":\"pl-PL\",\"@id\":\"https:\\\/\\\/uniwersytetotwarty.us.edu.pl\\\/dzieci\\\/#\\\/schema\\\/logo\\\/image\\\/\",\"url\":\"https:\\\/\\\/uniwersytetotwarty.us.edu.pl\\\/dzieci\\\/wp-content\\\/uploads\\\/sites\\\/14\\\/2023\\\/10\\\/logo-1.svg\",\"contentUrl\":\"https:\\\/\\\/uniwersytetotwarty.us.edu.pl\\\/dzieci\\\/wp-content\\\/uploads\\\/sites\\\/14\\\/2023\\\/10\\\/logo-1.svg\",\"width\":414,\"height\":71,\"caption\":\"Uniwersytet \u015al\u0105ski\"},\"image\":{\"@id\":\"https:\\\/\\\/uniwersytetotwarty.us.edu.pl\\\/dzieci\\\/#\\\/schema\\\/logo\\\/image\\\/\"}}]}<\/script>\n<!-- \/ Yoast SEO plugin. -->","yoast_head_json":{"title":"Czytanki Sowy Usi - U\u015a Dzieci","robots":{"index":"noindex","follow":"follow","max-snippet":"max-snippet:-1","max-image-preview":"max-image-preview:large","max-video-preview":"max-video-preview:-1"},"og_locale":"pl_PL","og_type":"article","og_title":"Czytanki Sowy Usi - U\u015a Dzieci","og_description":"Dzieci z grupy Poszukiwaczy i Odkrywc\u00f3w serdecznie zapraszamy do sowiej dziupli na czytanki sowy Usi. Spotkania z ksi\u0105\u017ck\u0105 b\u0119d\u0105 odbywa\u0107 si\u0119 bezpo\u015brednio po ka\u017cdym wyk\u0142adzie (10.00 \u2013 10.30). W trakcie zaj\u0119\u0107 dzieci b\u0119d\u0105 mia\u0142y okazj\u0119 pos\u0142ucha\u0107 ciekawych opowiada\u0144, podyskutowa\u0107, wykona\u0107 prac\u0119 plastyczn\u0105 lub rozwi\u0105za\u0107 problem \u201enaukowy\u201d zwi\u0105zany z lektur\u0105. Mamy nadziej\u0119, \u017ce zami\u0142owanie do ksi\u0105\u017cek [&hellip;]","og_url":"https:\/\/uniwersytetotwarty.us.edu.pl\/dzieci\/czytanki-sowy-usi\/","og_site_name":"U\u015a Dzieci","article_modified_time":"2024-05-29T13:24:06+00:00","twitter_card":"summary_large_image","twitter_misc":{"Szacowany czas czytania":"2 minuty"},"schema":{"@context":"https:\/\/schema.org","@graph":[{"@type":"WebPage","@id":"https:\/\/uniwersytetotwarty.us.edu.pl\/dzieci\/czytanki-sowy-usi\/","url":"https:\/\/uniwersytetotwarty.us.edu.pl\/dzieci\/czytanki-sowy-usi\/","name":"Czytanki Sowy Usi - U\u015a Dzieci","isPartOf":{"@id":"https:\/\/uniwersytetotwarty.us.edu.pl\/dzieci\/#website"},"datePublished":"2024-05-29T13:07:21+00:00","dateModified":"2024-05-29T13:24:06+00:00","breadcrumb":{"@id":"https:\/\/uniwersytetotwarty.us.edu.pl\/dzieci\/czytanki-sowy-usi\/#breadcrumb"},"inLanguage":"pl-PL","potentialAction":[{"@type":"ReadAction","target":["https:\/\/uniwersytetotwarty.us.edu.pl\/dzieci\/czytanki-sowy-usi\/"]}]},{"@type":"BreadcrumbList","@id":"https:\/\/uniwersytetotwarty.us.edu.pl\/dzieci\/czytanki-sowy-usi\/#breadcrumb","itemListElement":[{"@type":"ListItem","position":1,"name":"U\u015a Dzieci","item":"https:\/\/uniwersytetotwarty.us.edu.pl\/dzieci\/"},{"@type":"ListItem","position":2,"name":"Czytanki Sowy Usi"}]},{"@type":"WebSite","@id":"https:\/\/uniwersytetotwarty.us.edu.pl\/dzieci\/#website","url":"https:\/\/uniwersytetotwarty.us.edu.pl\/dzieci\/","name":"U\u015a Dzieci","description":"","publisher":{"@id":"https:\/\/uniwersytetotwarty.us.edu.pl\/dzieci\/#organization"},"potentialAction":[{"@type":"SearchAction","target":{"@type":"EntryPoint","urlTemplate":"https:\/\/uniwersytetotwarty.us.edu.pl\/dzieci\/?s={search_term_string}"},"query-input":{"@type":"PropertyValueSpecification","valueRequired":true,"valueName":"search_term_string"}}],"inLanguage":"pl-PL"},{"@type":"Organization","@id":"https:\/\/uniwersytetotwarty.us.edu.pl\/dzieci\/#organization","name":"Uniwersytet \u015al\u0105ski","url":"https:\/\/uniwersytetotwarty.us.edu.pl\/dzieci\/","logo":{"@type":"ImageObject","inLanguage":"pl-PL","@id":"https:\/\/uniwersytetotwarty.us.edu.pl\/dzieci\/#\/schema\/logo\/image\/","url":"https:\/\/uniwersytetotwarty.us.edu.pl\/dzieci\/wp-content\/uploads\/sites\/14\/2023\/10\/logo-1.svg","contentUrl":"https:\/\/uniwersytetotwarty.us.edu.pl\/dzieci\/wp-content\/uploads\/sites\/14\/2023\/10\/logo-1.svg","width":414,"height":71,"caption":"Uniwersytet \u015al\u0105ski"},"image":{"@id":"https:\/\/uniwersytetotwarty.us.edu.pl\/dzieci\/#\/schema\/logo\/image\/"}}]}},"_links":{"self":[{"href":"https:\/\/uniwersytetotwarty.us.edu.pl\/dzieci\/wp-json\/wp\/v2\/pages\/1189","targetHints":{"allow":["GET"]}}],"collection":[{"href":"https:\/\/uniwersytetotwarty.us.edu.pl\/dzieci\/wp-json\/wp\/v2\/pages"}],"about":[{"href":"https:\/\/uniwersytetotwarty.us.edu.pl\/dzieci\/wp-json\/wp\/v2\/types\/page"}],"author":[{"embeddable":true,"href":"https:\/\/uniwersytetotwarty.us.edu.pl\/dzieci\/wp-json\/wp\/v2\/users\/25"}],"replies":[{"embeddable":true,"href":"https:\/\/uniwersytetotwarty.us.edu.pl\/dzieci\/wp-json\/wp\/v2\/comments?post=1189"}],"version-history":[{"count":10,"href":"https:\/\/uniwersytetotwarty.us.edu.pl\/dzieci\/wp-json\/wp\/v2\/pages\/1189\/revisions"}],"predecessor-version":[{"id":1215,"href":"https:\/\/uniwersytetotwarty.us.edu.pl\/dzieci\/wp-json\/wp\/v2\/pages\/1189\/revisions\/1215"}],"wp:attachment":[{"href":"https:\/\/uniwersytetotwarty.us.edu.pl\/dzieci\/wp-json\/wp\/v2\/media?parent=1189"}],"curies":[{"name":"wp","href":"https:\/\/api.w.org\/{rel}","templated":true}]}}