{"id":1063,"date":"2024-05-20T12:09:24","date_gmt":"2024-05-20T10:09:24","guid":{"rendered":"https:\/\/uniwersytetotwarty.us.edu.pl\/dzieci\/?page_id=1063"},"modified":"2026-02-10T13:17:48","modified_gmt":"2026-02-10T12:17:48","slug":"terminarz","status":"publish","type":"page","link":"https:\/\/uniwersytetotwarty.us.edu.pl\/dzieci\/terminarz\/","title":{"rendered":"Rok akademicki 2025\/2026"},"content":{"rendered":"\t\t<div data-elementor-type=\"wp-page\" data-elementor-id=\"1063\" class=\"elementor elementor-1063\" data-elementor-post-type=\"page\">\n\t\t\t\t\t\t<section class=\"elementor-section elementor-top-section elementor-element elementor-element-ed25675 elementor-section-boxed elementor-section-height-default elementor-section-height-default\" data-id=\"ed25675\" data-element_type=\"section\" data-e-type=\"section\">\n\t\t\t\t\t\t<div class=\"elementor-container elementor-column-gap-default\">\n\t\t\t\t\t<div class=\"elementor-column elementor-col-100 elementor-top-column elementor-element elementor-element-a77f290\" data-id=\"a77f290\" data-element_type=\"column\" data-e-type=\"column\">\n\t\t\t<div class=\"elementor-widget-wrap elementor-element-populated\">\n\t\t\t\t\t\t<div class=\"elementor-element elementor-element-f267a80 elementor-widget elementor-widget-text-editor\" data-id=\"f267a80\" data-element_type=\"widget\" data-e-type=\"widget\" data-widget_type=\"text-editor.default\">\n\t\t\t\t<div class=\"elementor-widget-container\">\n\t\t\t\t\t\t\t\t\t<p><strong>Terminarz zaj\u0119\u0107 U\u015aD na II semestr (letni) 2025\/2026<\/strong><\/p><ul><li>21.03\u00a0\u00a0Wyk\u0142ady i warsztaty<\/li><li>11.04\u00a0 Wyk\u0142ady i warsztaty<\/li><li>09.05\u00a0 Wyk\u0142ady i warsztaty<\/li><li>23.05\u00a0 Wyk\u0142ady i warsztaty<\/li><li>13.06\u00a0 Wyk\u0142ady i warsztaty<\/li><\/ul><p>\u00a0<\/p><p><strong>Terminarz zaj\u0119\u0107 U\u015aD na I semestr (zimowy) 2025\/2026<\/strong><\/p><ul><li>25.10 Inauguracja U\u015aD<\/li><li>08.11 Wyk\u0142ady i warsztaty<\/li><li>22.11 Wyk\u0142ady i warsztaty<\/li><li>13.12 Wyk\u0142ady i warsztaty<\/li><li>24.01 Wyk\u0142ady i warsztaty<\/li><li>07.02 Wyk\u0142ady i warsztaty<\/li><\/ul>\t\t\t\t\t\t\t\t<\/div>\n\t\t\t\t<\/div>\n\t\t\t\t\t<\/div>\n\t\t<\/div>\n\t\t\t\t\t<\/div>\n\t\t<\/section>\n\t\t\t\t<\/div>\n\t\t","protected":false},"excerpt":{"rendered":"<p>Terminarz zaj\u0119\u0107 U\u015aD na II semestr (letni) 2025\/2026 21.03\u00a0\u00a0Wyk\u0142ady i warsztaty 11.04\u00a0 Wyk\u0142ady i warsztaty 09.05\u00a0 Wyk\u0142ady i warsztaty 23.05\u00a0 Wyk\u0142ady i warsztaty 13.06\u00a0 Wyk\u0142ady i warsztaty \u00a0 Terminarz zaj\u0119\u0107 U\u015aD na I semestr (zimowy) 2025\/2026 25.10 Inauguracja U\u015aD 08.11 Wyk\u0142ady i warsztaty 22.11 Wyk\u0142ady i warsztaty 13.12 Wyk\u0142ady i warsztaty 24.01 Wyk\u0142ady i warsztaty [&hellip;]<\/p>\n","protected":false},"author":25,"featured_media":0,"parent":0,"menu_order":0,"comment_status":"closed","ping_status":"closed","template":"","meta":{"footnotes":""},"class_list":["post-1063","page","type-page","status-publish","hentry"],"yoast_head":"<!-- This site is optimized with the Yoast SEO plugin v27.3 - https:\/\/yoast.com\/product\/yoast-seo-wordpress\/ -->\n<title>Rok akademicki 2025\/2026 - U\u015a Dzieci<\/title>\n<meta name=\"robots\" content=\"noindex, follow, max-snippet:-1, max-image-preview:large, max-video-preview:-1\" \/>\n<meta property=\"og:locale\" content=\"pl_PL\" \/>\n<meta property=\"og:type\" content=\"article\" \/>\n<meta property=\"og:title\" content=\"Rok akademicki 2025\/2026 - U\u015a Dzieci\" \/>\n<meta property=\"og:description\" content=\"Terminarz zaj\u0119\u0107 U\u015aD na II semestr (letni) 2025\/2026 21.03\u00a0\u00a0Wyk\u0142ady i warsztaty 11.04\u00a0 Wyk\u0142ady i warsztaty 09.05\u00a0 Wyk\u0142ady i warsztaty 23.05\u00a0 Wyk\u0142ady i warsztaty 13.06\u00a0 Wyk\u0142ady i warsztaty \u00a0 Terminarz zaj\u0119\u0107 U\u015aD na I semestr (zimowy) 2025\/2026 25.10 Inauguracja U\u015aD 08.11 Wyk\u0142ady i warsztaty 22.11 Wyk\u0142ady i warsztaty 13.12 Wyk\u0142ady i warsztaty 24.01 Wyk\u0142ady i warsztaty [&hellip;]\" \/>\n<meta property=\"og:url\" content=\"https:\/\/uniwersytetotwarty.us.edu.pl\/dzieci\/terminarz\/\" \/>\n<meta property=\"og:site_name\" content=\"U\u015a Dzieci\" \/>\n<meta property=\"article:modified_time\" content=\"2026-02-10T12:17:48+00:00\" \/>\n<meta name=\"twitter:card\" content=\"summary_large_image\" \/>\n<meta name=\"twitter:label1\" content=\"Szacowany czas czytania\" \/>\n\t<meta name=\"twitter:data1\" content=\"1 minuta\" \/>\n<script type=\"application\/ld+json\" class=\"yoast-schema-graph\">{\"@context\":\"https:\\\/\\\/schema.org\",\"@graph\":[{\"@type\":\"WebPage\",\"@id\":\"https:\\\/\\\/uniwersytetotwarty.us.edu.pl\\\/dzieci\\\/terminarz\\\/\",\"url\":\"https:\\\/\\\/uniwersytetotwarty.us.edu.pl\\\/dzieci\\\/terminarz\\\/\",\"name\":\"Rok akademicki 2025\\\/2026 - U\u015a Dzieci\",\"isPartOf\":{\"@id\":\"https:\\\/\\\/uniwersytetotwarty.us.edu.pl\\\/dzieci\\\/#website\"},\"datePublished\":\"2024-05-20T10:09:24+00:00\",\"dateModified\":\"2026-02-10T12:17:48+00:00\",\"breadcrumb\":{\"@id\":\"https:\\\/\\\/uniwersytetotwarty.us.edu.pl\\\/dzieci\\\/terminarz\\\/#breadcrumb\"},\"inLanguage\":\"pl-PL\",\"potentialAction\":[{\"@type\":\"ReadAction\",\"target\":[\"https:\\\/\\\/uniwersytetotwarty.us.edu.pl\\\/dzieci\\\/terminarz\\\/\"]}]},{\"@type\":\"BreadcrumbList\",\"@id\":\"https:\\\/\\\/uniwersytetotwarty.us.edu.pl\\\/dzieci\\\/terminarz\\\/#breadcrumb\",\"itemListElement\":[{\"@type\":\"ListItem\",\"position\":1,\"name\":\"U\u015a Dzieci\",\"item\":\"https:\\\/\\\/uniwersytetotwarty.us.edu.pl\\\/dzieci\\\/\"},{\"@type\":\"ListItem\",\"position\":2,\"name\":\"Rok akademicki 2025\\\/2026\"}]},{\"@type\":\"WebSite\",\"@id\":\"https:\\\/\\\/uniwersytetotwarty.us.edu.pl\\\/dzieci\\\/#website\",\"url\":\"https:\\\/\\\/uniwersytetotwarty.us.edu.pl\\\/dzieci\\\/\",\"name\":\"U\u015a Dzieci\",\"description\":\"\",\"publisher\":{\"@id\":\"https:\\\/\\\/uniwersytetotwarty.us.edu.pl\\\/dzieci\\\/#organization\"},\"potentialAction\":[{\"@type\":\"SearchAction\",\"target\":{\"@type\":\"EntryPoint\",\"urlTemplate\":\"https:\\\/\\\/uniwersytetotwarty.us.edu.pl\\\/dzieci\\\/?s={search_term_string}\"},\"query-input\":{\"@type\":\"PropertyValueSpecification\",\"valueRequired\":true,\"valueName\":\"search_term_string\"}}],\"inLanguage\":\"pl-PL\"},{\"@type\":\"Organization\",\"@id\":\"https:\\\/\\\/uniwersytetotwarty.us.edu.pl\\\/dzieci\\\/#organization\",\"name\":\"Uniwersytet \u015al\u0105ski\",\"url\":\"https:\\\/\\\/uniwersytetotwarty.us.edu.pl\\\/dzieci\\\/\",\"logo\":{\"@type\":\"ImageObject\",\"inLanguage\":\"pl-PL\",\"@id\":\"https:\\\/\\\/uniwersytetotwarty.us.edu.pl\\\/dzieci\\\/#\\\/schema\\\/logo\\\/image\\\/\",\"url\":\"https:\\\/\\\/uniwersytetotwarty.us.edu.pl\\\/dzieci\\\/wp-content\\\/uploads\\\/sites\\\/14\\\/2023\\\/10\\\/logo-1.svg\",\"contentUrl\":\"https:\\\/\\\/uniwersytetotwarty.us.edu.pl\\\/dzieci\\\/wp-content\\\/uploads\\\/sites\\\/14\\\/2023\\\/10\\\/logo-1.svg\",\"width\":414,\"height\":71,\"caption\":\"Uniwersytet \u015al\u0105ski\"},\"image\":{\"@id\":\"https:\\\/\\\/uniwersytetotwarty.us.edu.pl\\\/dzieci\\\/#\\\/schema\\\/logo\\\/image\\\/\"}}]}<\/script>\n<!-- \/ Yoast SEO plugin. -->","yoast_head_json":{"title":"Rok akademicki 2025\/2026 - U\u015a Dzieci","robots":{"index":"noindex","follow":"follow","max-snippet":"max-snippet:-1","max-image-preview":"max-image-preview:large","max-video-preview":"max-video-preview:-1"},"og_locale":"pl_PL","og_type":"article","og_title":"Rok akademicki 2025\/2026 - U\u015a Dzieci","og_description":"Terminarz zaj\u0119\u0107 U\u015aD na II semestr (letni) 2025\/2026 21.03\u00a0\u00a0Wyk\u0142ady i warsztaty 11.04\u00a0 Wyk\u0142ady i warsztaty 09.05\u00a0 Wyk\u0142ady i warsztaty 23.05\u00a0 Wyk\u0142ady i warsztaty 13.06\u00a0 Wyk\u0142ady i warsztaty \u00a0 Terminarz zaj\u0119\u0107 U\u015aD na I semestr (zimowy) 2025\/2026 25.10 Inauguracja U\u015aD 08.11 Wyk\u0142ady i warsztaty 22.11 Wyk\u0142ady i warsztaty 13.12 Wyk\u0142ady i warsztaty 24.01 Wyk\u0142ady i warsztaty [&hellip;]","og_url":"https:\/\/uniwersytetotwarty.us.edu.pl\/dzieci\/terminarz\/","og_site_name":"U\u015a Dzieci","article_modified_time":"2026-02-10T12:17:48+00:00","twitter_card":"summary_large_image","twitter_misc":{"Szacowany czas czytania":"1 minuta"},"schema":{"@context":"https:\/\/schema.org","@graph":[{"@type":"WebPage","@id":"https:\/\/uniwersytetotwarty.us.edu.pl\/dzieci\/terminarz\/","url":"https:\/\/uniwersytetotwarty.us.edu.pl\/dzieci\/terminarz\/","name":"Rok akademicki 2025\/2026 - U\u015a Dzieci","isPartOf":{"@id":"https:\/\/uniwersytetotwarty.us.edu.pl\/dzieci\/#website"},"datePublished":"2024-05-20T10:09:24+00:00","dateModified":"2026-02-10T12:17:48+00:00","breadcrumb":{"@id":"https:\/\/uniwersytetotwarty.us.edu.pl\/dzieci\/terminarz\/#breadcrumb"},"inLanguage":"pl-PL","potentialAction":[{"@type":"ReadAction","target":["https:\/\/uniwersytetotwarty.us.edu.pl\/dzieci\/terminarz\/"]}]},{"@type":"BreadcrumbList","@id":"https:\/\/uniwersytetotwarty.us.edu.pl\/dzieci\/terminarz\/#breadcrumb","itemListElement":[{"@type":"ListItem","position":1,"name":"U\u015a Dzieci","item":"https:\/\/uniwersytetotwarty.us.edu.pl\/dzieci\/"},{"@type":"ListItem","position":2,"name":"Rok akademicki 2025\/2026"}]},{"@type":"WebSite","@id":"https:\/\/uniwersytetotwarty.us.edu.pl\/dzieci\/#website","url":"https:\/\/uniwersytetotwarty.us.edu.pl\/dzieci\/","name":"U\u015a Dzieci","description":"","publisher":{"@id":"https:\/\/uniwersytetotwarty.us.edu.pl\/dzieci\/#organization"},"potentialAction":[{"@type":"SearchAction","target":{"@type":"EntryPoint","urlTemplate":"https:\/\/uniwersytetotwarty.us.edu.pl\/dzieci\/?s={search_term_string}"},"query-input":{"@type":"PropertyValueSpecification","valueRequired":true,"valueName":"search_term_string"}}],"inLanguage":"pl-PL"},{"@type":"Organization","@id":"https:\/\/uniwersytetotwarty.us.edu.pl\/dzieci\/#organization","name":"Uniwersytet \u015al\u0105ski","url":"https:\/\/uniwersytetotwarty.us.edu.pl\/dzieci\/","logo":{"@type":"ImageObject","inLanguage":"pl-PL","@id":"https:\/\/uniwersytetotwarty.us.edu.pl\/dzieci\/#\/schema\/logo\/image\/","url":"https:\/\/uniwersytetotwarty.us.edu.pl\/dzieci\/wp-content\/uploads\/sites\/14\/2023\/10\/logo-1.svg","contentUrl":"https:\/\/uniwersytetotwarty.us.edu.pl\/dzieci\/wp-content\/uploads\/sites\/14\/2023\/10\/logo-1.svg","width":414,"height":71,"caption":"Uniwersytet \u015al\u0105ski"},"image":{"@id":"https:\/\/uniwersytetotwarty.us.edu.pl\/dzieci\/#\/schema\/logo\/image\/"}}]}},"_links":{"self":[{"href":"https:\/\/uniwersytetotwarty.us.edu.pl\/dzieci\/wp-json\/wp\/v2\/pages\/1063","targetHints":{"allow":["GET"]}}],"collection":[{"href":"https:\/\/uniwersytetotwarty.us.edu.pl\/dzieci\/wp-json\/wp\/v2\/pages"}],"about":[{"href":"https:\/\/uniwersytetotwarty.us.edu.pl\/dzieci\/wp-json\/wp\/v2\/types\/page"}],"author":[{"embeddable":true,"href":"https:\/\/uniwersytetotwarty.us.edu.pl\/dzieci\/wp-json\/wp\/v2\/users\/25"}],"replies":[{"embeddable":true,"href":"https:\/\/uniwersytetotwarty.us.edu.pl\/dzieci\/wp-json\/wp\/v2\/comments?post=1063"}],"version-history":[{"count":10,"href":"https:\/\/uniwersytetotwarty.us.edu.pl\/dzieci\/wp-json\/wp\/v2\/pages\/1063\/revisions"}],"predecessor-version":[{"id":6033,"href":"https:\/\/uniwersytetotwarty.us.edu.pl\/dzieci\/wp-json\/wp\/v2\/pages\/1063\/revisions\/6033"}],"wp:attachment":[{"href":"https:\/\/uniwersytetotwarty.us.edu.pl\/dzieci\/wp-json\/wp\/v2\/media?parent=1063"}],"curies":[{"name":"wp","href":"https:\/\/api.w.org\/{rel}","templated":true}]}}