{"id":50,"date":"2023-10-16T11:44:50","date_gmt":"2023-10-16T09:44:50","guid":{"rendered":"https:\/\/uniwersytetotwarty.us.edu.pl\/centrum-dydaktyki\/?page_id=50"},"modified":"2024-09-19T14:09:54","modified_gmt":"2024-09-19T12:09:54","slug":"podcasty","status":"publish","type":"page","link":"https:\/\/uniwersytetotwarty.us.edu.pl\/centrum-dydaktyki\/doskonalenie-dydaktyczne\/podcasty\/","title":{"rendered":"Podcasty"},"content":{"rendered":"\t\t<div data-elementor-type=\"wp-page\" data-elementor-id=\"50\" class=\"elementor elementor-50\" data-elementor-post-type=\"page\">\n\t\t\t\t\t\t<section class=\"elementor-section elementor-top-section elementor-element elementor-element-e99e6a6 elementor-section-boxed elementor-section-height-default elementor-section-height-default\" data-id=\"e99e6a6\" data-element_type=\"section\" data-e-type=\"section\" data-settings=\"{&quot;background_background&quot;:&quot;classic&quot;}\">\n\t\t\t\t\t\t<div class=\"elementor-container elementor-column-gap-default\">\n\t\t\t\t\t<div class=\"elementor-column elementor-col-50 elementor-top-column elementor-element elementor-element-859b1af\" data-id=\"859b1af\" data-element_type=\"column\" data-e-type=\"column\" data-settings=\"{&quot;background_background&quot;:&quot;classic&quot;}\">\n\t\t\t<div class=\"elementor-widget-wrap elementor-element-populated\">\n\t\t\t\t\t\t<div class=\"elementor-element elementor-element-0e44087 elementor-widget elementor-widget-heading\" data-id=\"0e44087\" data-element_type=\"widget\" data-e-type=\"widget\" data-widget_type=\"heading.default\">\n\t\t\t\t<div class=\"elementor-widget-container\">\n\t\t\t\t\t<h2 class=\"elementor-heading-title elementor-size-default\">Porozmawiajmy o dydaktyce  <\/h2>\t\t\t\t<\/div>\n\t\t\t\t<\/div>\n\t\t\t\t<div class=\"elementor-element elementor-element-bc5211c elementor-widget elementor-widget-text-editor\" data-id=\"bc5211c\" data-element_type=\"widget\" data-e-type=\"widget\" data-widget_type=\"text-editor.default\">\n\t\t\t\t<div class=\"elementor-widget-container\">\n\t\t\t\t\t\t\t\t\t<p><b>#1 My\u015blenie wizualne i escape room w edukacji<\/b><\/p>\n<p>Rozmowa dr Marty Mamet-Michalkiewicz, prof. U\u015a <br>z dr Magdalen\u0105 Christ i dr Monik\u0105 Frani\u0105, prof. U\u015a<\/p>\t\t\t\t\t\t\t\t<\/div>\n\t\t\t\t<\/div>\n\t\t\t\t\t<\/div>\n\t\t<\/div>\n\t\t\t\t<div class=\"elementor-column elementor-col-50 elementor-top-column elementor-element elementor-element-8eae756\" data-id=\"8eae756\" data-element_type=\"column\" data-e-type=\"column\" data-settings=\"{&quot;background_background&quot;:&quot;classic&quot;}\">\n\t\t\t<div class=\"elementor-widget-wrap elementor-element-populated\">\n\t\t\t\t\t\t<div class=\"elementor-element elementor-element-1d9f9cf elementor-widget elementor-widget-video\" data-id=\"1d9f9cf\" data-element_type=\"widget\" data-e-type=\"widget\" data-settings=\"{&quot;youtube_url&quot;:&quot;https:\\\/\\\/www.youtube.com\\\/watch?v=l8FSuw5073w&amp;list=PLM7N3TMrITj6BFB7j1WmbIGOyx0lgZQOf&amp;fbclid=IwAR1a4FH5vgh7r6it4K27c6Qe2NyIi4uroPkpYFjtCzH190UhvKM6cW6Pz3o_aem_AWmCcTz-CrHFBgZNjdr0u8Ale12TVB5ApUJYsMmFVFwd8ljO80NuXFdA1IuZMUpDPtLV7UOxfJGATfIbhFVUrohp&quot;,&quot;video_type&quot;:&quot;youtube&quot;,&quot;controls&quot;:&quot;yes&quot;}\" data-widget_type=\"video.default\">\n\t\t\t\t<div class=\"elementor-widget-container\">\n\t\t\t\t\t\t\t<div class=\"elementor-wrapper elementor-open-inline\">\n\t\t\t<div class=\"elementor-video\"><\/div>\t\t<\/div>\n\t\t\t\t\t\t<\/div>\n\t\t\t\t<\/div>\n\t\t\t\t\t<\/div>\n\t\t<\/div>\n\t\t\t\t\t<\/div>\n\t\t<\/section>\n\t\t\t\t<section class=\"elementor-section elementor-top-section elementor-element elementor-element-6639cc3 elementor-section-boxed elementor-section-height-default elementor-section-height-default\" data-id=\"6639cc3\" data-element_type=\"section\" data-e-type=\"section\">\n\t\t\t\t\t\t<div class=\"elementor-container elementor-column-gap-default\">\n\t\t\t\t\t<div class=\"elementor-column elementor-col-100 elementor-top-column elementor-element elementor-element-fe22291\" data-id=\"fe22291\" data-element_type=\"column\" data-e-type=\"column\">\n\t\t\t<div class=\"elementor-widget-wrap elementor-element-populated\">\n\t\t\t\t\t\t<div class=\"elementor-element elementor-element-d36bd63 elementor-widget elementor-widget-spacer\" data-id=\"d36bd63\" data-element_type=\"widget\" data-e-type=\"widget\" data-widget_type=\"spacer.default\">\n\t\t\t\t<div class=\"elementor-widget-container\">\n\t\t\t\t\t\t\t<div class=\"elementor-spacer\">\n\t\t\t<div class=\"elementor-spacer-inner\"><\/div>\n\t\t<\/div>\n\t\t\t\t\t\t<\/div>\n\t\t\t\t<\/div>\n\t\t\t\t\t<\/div>\n\t\t<\/div>\n\t\t\t\t\t<\/div>\n\t\t<\/section>\n\t\t\t\t<section class=\"elementor-section elementor-top-section elementor-element elementor-element-6eb582f elementor-section-boxed elementor-section-height-default elementor-section-height-default\" data-id=\"6eb582f\" data-element_type=\"section\" data-e-type=\"section\" data-settings=\"{&quot;background_background&quot;:&quot;classic&quot;}\">\n\t\t\t\t\t\t<div class=\"elementor-container elementor-column-gap-default\">\n\t\t\t\t\t<div class=\"elementor-column elementor-col-50 elementor-top-column elementor-element elementor-element-efd7bae\" data-id=\"efd7bae\" data-element_type=\"column\" data-e-type=\"column\" data-settings=\"{&quot;background_background&quot;:&quot;classic&quot;}\">\n\t\t\t<div class=\"elementor-widget-wrap elementor-element-populated\">\n\t\t\t\t\t\t<div class=\"elementor-element elementor-element-255aad4 elementor-widget elementor-widget-heading\" data-id=\"255aad4\" data-element_type=\"widget\" data-e-type=\"widget\" data-widget_type=\"heading.default\">\n\t\t\t\t<div class=\"elementor-widget-container\">\n\t\t\t\t\t<h2 class=\"elementor-heading-title elementor-size-default\">Porozmawiajmy o dydaktyce  <\/h2>\t\t\t\t<\/div>\n\t\t\t\t<\/div>\n\t\t\t\t<div class=\"elementor-element elementor-element-40a4151 elementor-widget elementor-widget-text-editor\" data-id=\"40a4151\" data-element_type=\"widget\" data-e-type=\"widget\" data-widget_type=\"text-editor.default\">\n\t\t\t\t<div class=\"elementor-widget-container\">\n\t\t\t\t\t\t\t\t\t<p><b>#2 Nauczycielki i nauczyciele mi\u0119dzy kulturami<\/b><\/p>\n<p>Rozmowa dr Marty Mamet-Michalkiewicz, prof. U\u015a <br>z dr hab. Agnieszk\u0105 Bielsk\u0105-Brodziak, prof. U\u015a<\/p>\t\t\t\t\t\t\t\t<\/div>\n\t\t\t\t<\/div>\n\t\t\t\t\t<\/div>\n\t\t<\/div>\n\t\t\t\t<div class=\"elementor-column elementor-col-50 elementor-top-column elementor-element elementor-element-176ad6e\" data-id=\"176ad6e\" data-element_type=\"column\" data-e-type=\"column\" data-settings=\"{&quot;background_background&quot;:&quot;classic&quot;}\">\n\t\t\t<div class=\"elementor-widget-wrap elementor-element-populated\">\n\t\t\t\t\t\t<div class=\"elementor-element elementor-element-98d8cd9 elementor-widget elementor-widget-video\" data-id=\"98d8cd9\" data-element_type=\"widget\" data-e-type=\"widget\" data-settings=\"{&quot;youtube_url&quot;:&quot;https:\\\/\\\/www.youtube.com\\\/watch?v=zjlD_NP9cOU&amp;list=PLM7N3TMrITj6BFB7j1WmbIGOyx0lgZQOf&quot;,&quot;video_type&quot;:&quot;youtube&quot;,&quot;controls&quot;:&quot;yes&quot;}\" data-widget_type=\"video.default\">\n\t\t\t\t<div class=\"elementor-widget-container\">\n\t\t\t\t\t\t\t<div class=\"elementor-wrapper elementor-open-inline\">\n\t\t\t<div class=\"elementor-video\"><\/div>\t\t<\/div>\n\t\t\t\t\t\t<\/div>\n\t\t\t\t<\/div>\n\t\t\t\t\t<\/div>\n\t\t<\/div>\n\t\t\t\t\t<\/div>\n\t\t<\/section>\n\t\t\t\t<section class=\"elementor-section elementor-top-section elementor-element elementor-element-f1dda22 elementor-section-boxed elementor-section-height-default elementor-section-height-default\" data-id=\"f1dda22\" data-element_type=\"section\" data-e-type=\"section\">\n\t\t\t\t\t\t<div class=\"elementor-container elementor-column-gap-default\">\n\t\t\t\t\t<div class=\"elementor-column elementor-col-100 elementor-top-column elementor-element elementor-element-d7c7ab3\" data-id=\"d7c7ab3\" data-element_type=\"column\" data-e-type=\"column\">\n\t\t\t<div class=\"elementor-widget-wrap elementor-element-populated\">\n\t\t\t\t\t\t<div class=\"elementor-element elementor-element-9189bb6 elementor-widget elementor-widget-spacer\" data-id=\"9189bb6\" data-element_type=\"widget\" data-e-type=\"widget\" data-widget_type=\"spacer.default\">\n\t\t\t\t<div class=\"elementor-widget-container\">\n\t\t\t\t\t\t\t<div class=\"elementor-spacer\">\n\t\t\t<div class=\"elementor-spacer-inner\"><\/div>\n\t\t<\/div>\n\t\t\t\t\t\t<\/div>\n\t\t\t\t<\/div>\n\t\t\t\t\t<\/div>\n\t\t<\/div>\n\t\t\t\t\t<\/div>\n\t\t<\/section>\n\t\t\t\t<section class=\"elementor-section elementor-top-section elementor-element elementor-element-6240934 elementor-section-boxed elementor-section-height-default elementor-section-height-default\" data-id=\"6240934\" data-element_type=\"section\" data-e-type=\"section\" data-settings=\"{&quot;background_background&quot;:&quot;classic&quot;}\">\n\t\t\t\t\t\t<div class=\"elementor-container elementor-column-gap-default\">\n\t\t\t\t\t<div class=\"elementor-column elementor-col-50 elementor-top-column elementor-element elementor-element-dcf6a97\" data-id=\"dcf6a97\" data-element_type=\"column\" data-e-type=\"column\" data-settings=\"{&quot;background_background&quot;:&quot;classic&quot;}\">\n\t\t\t<div class=\"elementor-widget-wrap elementor-element-populated\">\n\t\t\t\t\t\t<div class=\"elementor-element elementor-element-c67802f elementor-widget elementor-widget-heading\" data-id=\"c67802f\" data-element_type=\"widget\" data-e-type=\"widget\" data-widget_type=\"heading.default\">\n\t\t\t\t<div class=\"elementor-widget-container\">\n\t\t\t\t\t<h2 class=\"elementor-heading-title elementor-size-default\">Porozmawiajmy o dydaktyce  <\/h2>\t\t\t\t<\/div>\n\t\t\t\t<\/div>\n\t\t\t\t<div class=\"elementor-element elementor-element-e6a84bf elementor-widget elementor-widget-text-editor\" data-id=\"e6a84bf\" data-element_type=\"widget\" data-e-type=\"widget\" data-widget_type=\"text-editor.default\">\n\t\t\t\t<div class=\"elementor-widget-container\">\n\t\t\t\t\t\t\t\t\t<p><b>#3 Przysz\u0142o\u015b\u0107 edukacji w dobie sztucznej inteligencji<\/b><\/p><p>Rozmowa dr Marty Mamet-Michalkiewicz, prof. U\u015a <br \/>z dr. Rafa\u0142em Prabuckim<\/p>\t\t\t\t\t\t\t\t<\/div>\n\t\t\t\t<\/div>\n\t\t\t\t\t<\/div>\n\t\t<\/div>\n\t\t\t\t<div class=\"elementor-column elementor-col-50 elementor-top-column elementor-element elementor-element-6c3acc9\" data-id=\"6c3acc9\" data-element_type=\"column\" data-e-type=\"column\" data-settings=\"{&quot;background_background&quot;:&quot;classic&quot;}\">\n\t\t\t<div class=\"elementor-widget-wrap elementor-element-populated\">\n\t\t\t\t\t\t<div class=\"elementor-element elementor-element-44c62f9 elementor-widget elementor-widget-video\" data-id=\"44c62f9\" data-element_type=\"widget\" data-e-type=\"widget\" data-settings=\"{&quot;youtube_url&quot;:&quot;https:\\\/\\\/youtu.be\\\/kPbnRyIqz5E&quot;,&quot;video_type&quot;:&quot;youtube&quot;,&quot;controls&quot;:&quot;yes&quot;}\" data-widget_type=\"video.default\">\n\t\t\t\t<div class=\"elementor-widget-container\">\n\t\t\t\t\t\t\t<div class=\"elementor-wrapper elementor-open-inline\">\n\t\t\t<div class=\"elementor-video\"><\/div>\t\t<\/div>\n\t\t\t\t\t\t<\/div>\n\t\t\t\t<\/div>\n\t\t\t\t\t<\/div>\n\t\t<\/div>\n\t\t\t\t\t<\/div>\n\t\t<\/section>\n\t\t\t\t<section class=\"elementor-section elementor-top-section elementor-element elementor-element-8d249ae elementor-section-boxed elementor-section-height-default elementor-section-height-default\" data-id=\"8d249ae\" data-element_type=\"section\" data-e-type=\"section\">\n\t\t\t\t\t\t<div class=\"elementor-container elementor-column-gap-default\">\n\t\t\t\t\t<div class=\"elementor-column elementor-col-100 elementor-top-column elementor-element elementor-element-28aa4d3\" data-id=\"28aa4d3\" data-element_type=\"column\" data-e-type=\"column\">\n\t\t\t<div class=\"elementor-widget-wrap elementor-element-populated\">\n\t\t\t\t\t\t<div class=\"elementor-element elementor-element-addfd98 elementor-widget elementor-widget-spacer\" data-id=\"addfd98\" data-element_type=\"widget\" data-e-type=\"widget\" data-widget_type=\"spacer.default\">\n\t\t\t\t<div class=\"elementor-widget-container\">\n\t\t\t\t\t\t\t<div class=\"elementor-spacer\">\n\t\t\t<div class=\"elementor-spacer-inner\"><\/div>\n\t\t<\/div>\n\t\t\t\t\t\t<\/div>\n\t\t\t\t<\/div>\n\t\t\t\t\t<\/div>\n\t\t<\/div>\n\t\t\t\t\t<\/div>\n\t\t<\/section>\n\t\t\t\t<\/div>\n\t\t","protected":false},"excerpt":{"rendered":"<p>Porozmawiajmy o dydaktyce #1 My\u015blenie wizualne i escape room w edukacji Rozmowa dr Marty Mamet-Michalkiewicz, prof. U\u015a z dr Magdalen\u0105 Christ i dr Monik\u0105 Frani\u0105, prof. U\u015a https:\/\/www.youtube.com\/watch?v=l8FSuw5073w&#038;list=PLM7N3TMrITj6BFB7j1WmbIGOyx0lgZQOf&#038;fbclid=IwAR1a4FH5vgh7r6it4K27c6Qe2NyIi4uroPkpYFjtCzH190UhvKM6cW6Pz3o_aem_AWmCcTz-CrHFBgZNjdr0u8Ale12TVB5ApUJYsMmFVFwd8ljO80NuXFdA1IuZMUpDPtLV7UOxfJGATfIbhFVUrohp Porozmawiajmy o dydaktyce #2 Nauczycielki i nauczyciele mi\u0119dzy kulturami Rozmowa dr Marty Mamet-Michalkiewicz, prof. U\u015a z dr hab. Agnieszk\u0105 Bielsk\u0105-Brodziak, prof. U\u015a https:\/\/www.youtube.com\/watch?v=zjlD_NP9cOU&#038;list=PLM7N3TMrITj6BFB7j1WmbIGOyx0lgZQOf Porozmawiajmy o dydaktyce #3 [&hellip;]<\/p>\n","protected":false},"author":1,"featured_media":0,"parent":32,"menu_order":0,"comment_status":"closed","ping_status":"closed","template":"","meta":{"footnotes":""},"class_list":["post-50","page","type-page","status-publish","hentry"],"yoast_head":"<!-- This site is optimized with the Yoast SEO plugin v27.4 - https:\/\/yoast.com\/product\/yoast-seo-wordpress\/ -->\n<title>Podcasty - Centrum Dydaktyki<\/title>\n<meta name=\"robots\" content=\"index, follow, max-snippet:-1, max-image-preview:large, max-video-preview:-1\" \/>\n<link rel=\"canonical\" href=\"https:\/\/uniwersytetotwarty.us.edu.pl\/centrum-dydaktyki\/doskonalenie-dydaktyczne\/podcasty\/\" \/>\n<meta property=\"og:locale\" content=\"pl_PL\" \/>\n<meta property=\"og:type\" content=\"article\" \/>\n<meta property=\"og:title\" content=\"Podcasty - Centrum Dydaktyki\" \/>\n<meta property=\"og:description\" content=\"Porozmawiajmy o dydaktyce #1 My\u015blenie wizualne i escape room w edukacji Rozmowa dr Marty Mamet-Michalkiewicz, prof. U\u015a z dr Magdalen\u0105 Christ i dr Monik\u0105 Frani\u0105, prof. U\u015a https:\/\/www.youtube.com\/watch?v=l8FSuw5073w&#038;list=PLM7N3TMrITj6BFB7j1WmbIGOyx0lgZQOf&#038;fbclid=IwAR1a4FH5vgh7r6it4K27c6Qe2NyIi4uroPkpYFjtCzH190UhvKM6cW6Pz3o_aem_AWmCcTz-CrHFBgZNjdr0u8Ale12TVB5ApUJYsMmFVFwd8ljO80NuXFdA1IuZMUpDPtLV7UOxfJGATfIbhFVUrohp Porozmawiajmy o dydaktyce #2 Nauczycielki i nauczyciele mi\u0119dzy kulturami Rozmowa dr Marty Mamet-Michalkiewicz, prof. U\u015a z dr hab. Agnieszk\u0105 Bielsk\u0105-Brodziak, prof. U\u015a https:\/\/www.youtube.com\/watch?v=zjlD_NP9cOU&#038;list=PLM7N3TMrITj6BFB7j1WmbIGOyx0lgZQOf Porozmawiajmy o dydaktyce #3 [&hellip;]\" \/>\n<meta property=\"og:url\" content=\"https:\/\/uniwersytetotwarty.us.edu.pl\/centrum-dydaktyki\/doskonalenie-dydaktyczne\/podcasty\/\" \/>\n<meta property=\"og:site_name\" content=\"Centrum Dydaktyki\" \/>\n<meta property=\"article:modified_time\" content=\"2024-09-19T12:09:54+00:00\" \/>\n<meta name=\"twitter:card\" content=\"summary_large_image\" \/>\n<meta name=\"twitter:label1\" content=\"Szacowany czas czytania\" \/>\n\t<meta name=\"twitter:data1\" content=\"1 minuta\" \/>\n<script type=\"application\/ld+json\" class=\"yoast-schema-graph\">{\"@context\":\"https:\\\/\\\/schema.org\",\"@graph\":[{\"@type\":\"WebPage\",\"@id\":\"https:\\\/\\\/uniwersytetotwarty.us.edu.pl\\\/centrum-dydaktyki\\\/doskonalenie-dydaktyczne\\\/podcasty\\\/\",\"url\":\"https:\\\/\\\/uniwersytetotwarty.us.edu.pl\\\/centrum-dydaktyki\\\/doskonalenie-dydaktyczne\\\/podcasty\\\/\",\"name\":\"Podcasty - Centrum Dydaktyki\",\"isPartOf\":{\"@id\":\"https:\\\/\\\/uniwersytetotwarty.us.edu.pl\\\/centrum-dydaktyki\\\/#website\"},\"datePublished\":\"2023-10-16T09:44:50+00:00\",\"dateModified\":\"2024-09-19T12:09:54+00:00\",\"breadcrumb\":{\"@id\":\"https:\\\/\\\/uniwersytetotwarty.us.edu.pl\\\/centrum-dydaktyki\\\/doskonalenie-dydaktyczne\\\/podcasty\\\/#breadcrumb\"},\"inLanguage\":\"pl-PL\",\"potentialAction\":[{\"@type\":\"ReadAction\",\"target\":[\"https:\\\/\\\/uniwersytetotwarty.us.edu.pl\\\/centrum-dydaktyki\\\/doskonalenie-dydaktyczne\\\/podcasty\\\/\"]}]},{\"@type\":\"BreadcrumbList\",\"@id\":\"https:\\\/\\\/uniwersytetotwarty.us.edu.pl\\\/centrum-dydaktyki\\\/doskonalenie-dydaktyczne\\\/podcasty\\\/#breadcrumb\",\"itemListElement\":[{\"@type\":\"ListItem\",\"position\":1,\"name\":\"Centrum Dydaktyki\",\"item\":\"https:\\\/\\\/uniwersytetotwarty.us.edu.pl\\\/centrum-dydaktyki\\\/\"},{\"@type\":\"ListItem\",\"position\":2,\"name\":\"Doskonalenie dydaktyczne\",\"item\":\"https:\\\/\\\/uniwersytetotwarty.us.edu.pl\\\/centrum-dydaktyki\\\/doskonalenie-dydaktyczne\\\/\"},{\"@type\":\"ListItem\",\"position\":3,\"name\":\"Podcasty\"}]},{\"@type\":\"WebSite\",\"@id\":\"https:\\\/\\\/uniwersytetotwarty.us.edu.pl\\\/centrum-dydaktyki\\\/#website\",\"url\":\"https:\\\/\\\/uniwersytetotwarty.us.edu.pl\\\/centrum-dydaktyki\\\/\",\"name\":\"Centrum Dydaktyki\",\"description\":\"\",\"publisher\":{\"@id\":\"https:\\\/\\\/uniwersytetotwarty.us.edu.pl\\\/centrum-dydaktyki\\\/#organization\"},\"potentialAction\":[{\"@type\":\"SearchAction\",\"target\":{\"@type\":\"EntryPoint\",\"urlTemplate\":\"https:\\\/\\\/uniwersytetotwarty.us.edu.pl\\\/centrum-dydaktyki\\\/?s={search_term_string}\"},\"query-input\":{\"@type\":\"PropertyValueSpecification\",\"valueRequired\":true,\"valueName\":\"search_term_string\"}}],\"inLanguage\":\"pl-PL\"},{\"@type\":\"Organization\",\"@id\":\"https:\\\/\\\/uniwersytetotwarty.us.edu.pl\\\/centrum-dydaktyki\\\/#organization\",\"name\":\"Uniwersytet \u015al\u0105ski\",\"url\":\"https:\\\/\\\/uniwersytetotwarty.us.edu.pl\\\/centrum-dydaktyki\\\/\",\"logo\":{\"@type\":\"ImageObject\",\"inLanguage\":\"pl-PL\",\"@id\":\"https:\\\/\\\/uniwersytetotwarty.us.edu.pl\\\/centrum-dydaktyki\\\/#\\\/schema\\\/logo\\\/image\\\/\",\"url\":\"https:\\\/\\\/uniwersytetotwarty.us.edu.pl\\\/centrum-dydaktyki\\\/wp-content\\\/uploads\\\/sites\\\/9\\\/2023\\\/10\\\/logo-1.svg\",\"contentUrl\":\"https:\\\/\\\/uniwersytetotwarty.us.edu.pl\\\/centrum-dydaktyki\\\/wp-content\\\/uploads\\\/sites\\\/9\\\/2023\\\/10\\\/logo-1.svg\",\"width\":414,\"height\":71,\"caption\":\"Uniwersytet \u015al\u0105ski\"},\"image\":{\"@id\":\"https:\\\/\\\/uniwersytetotwarty.us.edu.pl\\\/centrum-dydaktyki\\\/#\\\/schema\\\/logo\\\/image\\\/\"}}]}<\/script>\n<!-- \/ Yoast SEO plugin. -->","yoast_head_json":{"title":"Podcasty - Centrum Dydaktyki","robots":{"index":"index","follow":"follow","max-snippet":"max-snippet:-1","max-image-preview":"max-image-preview:large","max-video-preview":"max-video-preview:-1"},"canonical":"https:\/\/uniwersytetotwarty.us.edu.pl\/centrum-dydaktyki\/doskonalenie-dydaktyczne\/podcasty\/","og_locale":"pl_PL","og_type":"article","og_title":"Podcasty - Centrum Dydaktyki","og_description":"Porozmawiajmy o dydaktyce #1 My\u015blenie wizualne i escape room w edukacji Rozmowa dr Marty Mamet-Michalkiewicz, prof. U\u015a z dr Magdalen\u0105 Christ i dr Monik\u0105 Frani\u0105, prof. U\u015a https:\/\/www.youtube.com\/watch?v=l8FSuw5073w&#038;list=PLM7N3TMrITj6BFB7j1WmbIGOyx0lgZQOf&#038;fbclid=IwAR1a4FH5vgh7r6it4K27c6Qe2NyIi4uroPkpYFjtCzH190UhvKM6cW6Pz3o_aem_AWmCcTz-CrHFBgZNjdr0u8Ale12TVB5ApUJYsMmFVFwd8ljO80NuXFdA1IuZMUpDPtLV7UOxfJGATfIbhFVUrohp Porozmawiajmy o dydaktyce #2 Nauczycielki i nauczyciele mi\u0119dzy kulturami Rozmowa dr Marty Mamet-Michalkiewicz, prof. U\u015a z dr hab. Agnieszk\u0105 Bielsk\u0105-Brodziak, prof. U\u015a https:\/\/www.youtube.com\/watch?v=zjlD_NP9cOU&#038;list=PLM7N3TMrITj6BFB7j1WmbIGOyx0lgZQOf Porozmawiajmy o dydaktyce #3 [&hellip;]","og_url":"https:\/\/uniwersytetotwarty.us.edu.pl\/centrum-dydaktyki\/doskonalenie-dydaktyczne\/podcasty\/","og_site_name":"Centrum Dydaktyki","article_modified_time":"2024-09-19T12:09:54+00:00","twitter_card":"summary_large_image","twitter_misc":{"Szacowany czas czytania":"1 minuta"},"schema":{"@context":"https:\/\/schema.org","@graph":[{"@type":"WebPage","@id":"https:\/\/uniwersytetotwarty.us.edu.pl\/centrum-dydaktyki\/doskonalenie-dydaktyczne\/podcasty\/","url":"https:\/\/uniwersytetotwarty.us.edu.pl\/centrum-dydaktyki\/doskonalenie-dydaktyczne\/podcasty\/","name":"Podcasty - Centrum Dydaktyki","isPartOf":{"@id":"https:\/\/uniwersytetotwarty.us.edu.pl\/centrum-dydaktyki\/#website"},"datePublished":"2023-10-16T09:44:50+00:00","dateModified":"2024-09-19T12:09:54+00:00","breadcrumb":{"@id":"https:\/\/uniwersytetotwarty.us.edu.pl\/centrum-dydaktyki\/doskonalenie-dydaktyczne\/podcasty\/#breadcrumb"},"inLanguage":"pl-PL","potentialAction":[{"@type":"ReadAction","target":["https:\/\/uniwersytetotwarty.us.edu.pl\/centrum-dydaktyki\/doskonalenie-dydaktyczne\/podcasty\/"]}]},{"@type":"BreadcrumbList","@id":"https:\/\/uniwersytetotwarty.us.edu.pl\/centrum-dydaktyki\/doskonalenie-dydaktyczne\/podcasty\/#breadcrumb","itemListElement":[{"@type":"ListItem","position":1,"name":"Centrum Dydaktyki","item":"https:\/\/uniwersytetotwarty.us.edu.pl\/centrum-dydaktyki\/"},{"@type":"ListItem","position":2,"name":"Doskonalenie dydaktyczne","item":"https:\/\/uniwersytetotwarty.us.edu.pl\/centrum-dydaktyki\/doskonalenie-dydaktyczne\/"},{"@type":"ListItem","position":3,"name":"Podcasty"}]},{"@type":"WebSite","@id":"https:\/\/uniwersytetotwarty.us.edu.pl\/centrum-dydaktyki\/#website","url":"https:\/\/uniwersytetotwarty.us.edu.pl\/centrum-dydaktyki\/","name":"Centrum Dydaktyki","description":"","publisher":{"@id":"https:\/\/uniwersytetotwarty.us.edu.pl\/centrum-dydaktyki\/#organization"},"potentialAction":[{"@type":"SearchAction","target":{"@type":"EntryPoint","urlTemplate":"https:\/\/uniwersytetotwarty.us.edu.pl\/centrum-dydaktyki\/?s={search_term_string}"},"query-input":{"@type":"PropertyValueSpecification","valueRequired":true,"valueName":"search_term_string"}}],"inLanguage":"pl-PL"},{"@type":"Organization","@id":"https:\/\/uniwersytetotwarty.us.edu.pl\/centrum-dydaktyki\/#organization","name":"Uniwersytet \u015al\u0105ski","url":"https:\/\/uniwersytetotwarty.us.edu.pl\/centrum-dydaktyki\/","logo":{"@type":"ImageObject","inLanguage":"pl-PL","@id":"https:\/\/uniwersytetotwarty.us.edu.pl\/centrum-dydaktyki\/#\/schema\/logo\/image\/","url":"https:\/\/uniwersytetotwarty.us.edu.pl\/centrum-dydaktyki\/wp-content\/uploads\/sites\/9\/2023\/10\/logo-1.svg","contentUrl":"https:\/\/uniwersytetotwarty.us.edu.pl\/centrum-dydaktyki\/wp-content\/uploads\/sites\/9\/2023\/10\/logo-1.svg","width":414,"height":71,"caption":"Uniwersytet \u015al\u0105ski"},"image":{"@id":"https:\/\/uniwersytetotwarty.us.edu.pl\/centrum-dydaktyki\/#\/schema\/logo\/image\/"}}]}},"_links":{"self":[{"href":"https:\/\/uniwersytetotwarty.us.edu.pl\/centrum-dydaktyki\/wp-json\/wp\/v2\/pages\/50","targetHints":{"allow":["GET"]}}],"collection":[{"href":"https:\/\/uniwersytetotwarty.us.edu.pl\/centrum-dydaktyki\/wp-json\/wp\/v2\/pages"}],"about":[{"href":"https:\/\/uniwersytetotwarty.us.edu.pl\/centrum-dydaktyki\/wp-json\/wp\/v2\/types\/page"}],"author":[{"embeddable":true,"href":"https:\/\/uniwersytetotwarty.us.edu.pl\/centrum-dydaktyki\/wp-json\/wp\/v2\/users\/1"}],"replies":[{"embeddable":true,"href":"https:\/\/uniwersytetotwarty.us.edu.pl\/centrum-dydaktyki\/wp-json\/wp\/v2\/comments?post=50"}],"version-history":[{"count":10,"href":"https:\/\/uniwersytetotwarty.us.edu.pl\/centrum-dydaktyki\/wp-json\/wp\/v2\/pages\/50\/revisions"}],"predecessor-version":[{"id":989,"href":"https:\/\/uniwersytetotwarty.us.edu.pl\/centrum-dydaktyki\/wp-json\/wp\/v2\/pages\/50\/revisions\/989"}],"up":[{"embeddable":true,"href":"https:\/\/uniwersytetotwarty.us.edu.pl\/centrum-dydaktyki\/wp-json\/wp\/v2\/pages\/32"}],"wp:attachment":[{"href":"https:\/\/uniwersytetotwarty.us.edu.pl\/centrum-dydaktyki\/wp-json\/wp\/v2\/media?parent=50"}],"curies":[{"name":"wp","href":"https:\/\/api.w.org\/{rel}","templated":true}]}}