{"id":250,"date":"2023-11-03T12:21:50","date_gmt":"2023-11-03T11:21:50","guid":{"rendered":"https:\/\/uniwersytetotwarty.us.edu.pl\/blok-ksztalcenia-nauczycielskiego\/?page_id=250"},"modified":"2023-11-03T13:23:10","modified_gmt":"2023-11-03T12:23:10","slug":"specjalnosc-nauczycielska","status":"publish","type":"page","link":"https:\/\/uniwersytetotwarty.us.edu.pl\/blok-ksztalcenia-nauczycielskiego\/specjalnosc-nauczycielska\/","title":{"rendered":"Specjalno\u015b\u0107 nauczycielska"},"content":{"rendered":"\t\t<div data-elementor-type=\"wp-page\" data-elementor-id=\"250\" class=\"elementor elementor-250\" data-elementor-post-type=\"page\">\n\t\t\t\t\t\t<section class=\"elementor-section elementor-top-section elementor-element elementor-element-f1fcf10 elementor-section-boxed elementor-section-height-default elementor-section-height-default\" data-id=\"f1fcf10\" data-element_type=\"section\" data-e-type=\"section\">\n\t\t\t\t\t\t<div class=\"elementor-container elementor-column-gap-default\">\n\t\t\t\t\t<div class=\"elementor-column elementor-col-66 elementor-top-column elementor-element elementor-element-8640578\" data-id=\"8640578\" data-element_type=\"column\" data-e-type=\"column\">\n\t\t\t<div class=\"elementor-widget-wrap elementor-element-populated\">\n\t\t\t\t\t\t<div class=\"elementor-element elementor-element-0c0d13b elementor-widget elementor-widget-text-editor\" data-id=\"0c0d13b\" data-element_type=\"widget\" data-e-type=\"widget\" data-widget_type=\"text-editor.default\">\n\t\t\t\t<div class=\"elementor-widget-container\">\n\t\t\t\t\t\t\t\t\t<p><span style=\"font-size: 11.0pt;font-family: 'Lato',sans-serif;color: black\">W ofercie edukacyjnej Uniwersytetu \u015al\u0105skiego szereg kierunk\u00f3w uruchamia w\u00a0ramach swoich program\u00f3w kszta\u0142cenia specjalno\u015bci nauczycielskie.<\/span><\/p><p><span style=\"font-size: 11.0pt;font-family: 'Lato',sans-serif;color: black\">Funkcjonuj\u0105 one m.in. na kierunkach: filologia polska, geografia, edukacja artystyczna, filologia angielska, filologia germa\u0144ska, historia,\u00a0matematyka.<\/span><\/p><p>Szczeg\u00f3\u0142owe informacje na temat oferty edukacyjnej Uniwersytetu \u015al\u0105skiego dost\u0119pne s\u0105 na stronie: <a href=\"http:\/\/www.kandydat.us.edu.pl\">www.kandydat.us.edu.pl<\/a>.\u00a0<\/p>\t\t\t\t\t\t\t\t<\/div>\n\t\t\t\t<\/div>\n\t\t\t\t\t<\/div>\n\t\t<\/div>\n\t\t\t\t<div class=\"elementor-column elementor-col-33 elementor-top-column elementor-element elementor-element-f483cb5\" data-id=\"f483cb5\" data-element_type=\"column\" data-e-type=\"column\">\n\t\t\t<div class=\"elementor-widget-wrap elementor-element-populated\">\n\t\t\t\t\t\t<div class=\"elementor-element elementor-element-b95fdfb elementor-widget elementor-widget-image\" data-id=\"b95fdfb\" data-element_type=\"widget\" data-e-type=\"widget\" data-widget_type=\"image.default\">\n\t\t\t\t<div class=\"elementor-widget-container\">\n\t\t\t\t\t\t\t\t\t\t\t\t\t\t\t<img fetchpriority=\"high\" decoding=\"async\" width=\"800\" height=\"534\" src=\"https:\/\/uniwersytetotwarty.us.edu.pl\/blok-ksztalcenia-nauczycielskiego\/wp-content\/uploads\/sites\/16\/2023\/11\/2023-10-30-Edukatorium-pedagogiczno-psychologiczne-c-Basia-Jendrzejczyk-piszeskladampstrykam.pl-5-2-2-1024x683.jpg\" class=\"attachment-large size-large wp-image-256\" alt=\"zdj\u0119cie student\u00f3w\" srcset=\"https:\/\/uniwersytetotwarty.us.edu.pl\/blok-ksztalcenia-nauczycielskiego\/wp-content\/uploads\/sites\/16\/2023\/11\/2023-10-30-Edukatorium-pedagogiczno-psychologiczne-c-Basia-Jendrzejczyk-piszeskladampstrykam.pl-5-2-2-1024x683.jpg 1024w, https:\/\/uniwersytetotwarty.us.edu.pl\/blok-ksztalcenia-nauczycielskiego\/wp-content\/uploads\/sites\/16\/2023\/11\/2023-10-30-Edukatorium-pedagogiczno-psychologiczne-c-Basia-Jendrzejczyk-piszeskladampstrykam.pl-5-2-2-300x200.jpg 300w, https:\/\/uniwersytetotwarty.us.edu.pl\/blok-ksztalcenia-nauczycielskiego\/wp-content\/uploads\/sites\/16\/2023\/11\/2023-10-30-Edukatorium-pedagogiczno-psychologiczne-c-Basia-Jendrzejczyk-piszeskladampstrykam.pl-5-2-2-768x512.jpg 768w, https:\/\/uniwersytetotwarty.us.edu.pl\/blok-ksztalcenia-nauczycielskiego\/wp-content\/uploads\/sites\/16\/2023\/11\/2023-10-30-Edukatorium-pedagogiczno-psychologiczne-c-Basia-Jendrzejczyk-piszeskladampstrykam.pl-5-2-2-1536x1024.jpg 1536w, https:\/\/uniwersytetotwarty.us.edu.pl\/blok-ksztalcenia-nauczycielskiego\/wp-content\/uploads\/sites\/16\/2023\/11\/2023-10-30-Edukatorium-pedagogiczno-psychologiczne-c-Basia-Jendrzejczyk-piszeskladampstrykam.pl-5-2-2.jpg 2048w\" sizes=\"(max-width: 800px) 100vw, 800px\" \/>\t\t\t\t\t\t\t\t\t\t\t\t\t\t\t<\/div>\n\t\t\t\t<\/div>\n\t\t\t\t\t<\/div>\n\t\t<\/div>\n\t\t\t\t\t<\/div>\n\t\t<\/section>\n\t\t\t\t<\/div>\n\t\t","protected":false},"excerpt":{"rendered":"<p>W ofercie edukacyjnej Uniwersytetu \u015al\u0105skiego szereg kierunk\u00f3w uruchamia w\u00a0ramach swoich program\u00f3w kszta\u0142cenia specjalno\u015bci nauczycielskie. Funkcjonuj\u0105 one m.in. na kierunkach: filologia polska, geografia, edukacja artystyczna, filologia angielska, filologia germa\u0144ska, historia,\u00a0matematyka. Szczeg\u00f3\u0142owe informacje na temat oferty edukacyjnej Uniwersytetu \u015al\u0105skiego dost\u0119pne s\u0105 na stronie: www.kandydat.us.edu.pl.\u00a0<\/p>\n","protected":false},"author":5,"featured_media":0,"parent":0,"menu_order":0,"comment_status":"closed","ping_status":"closed","template":"","meta":{"footnotes":""},"class_list":["post-250","page","type-page","status-publish","hentry"],"yoast_head":"<!-- This site is optimized with the Yoast SEO plugin v27.5 - https:\/\/yoast.com\/product\/yoast-seo-wordpress\/ -->\n<title>Specjalno\u015b\u0107 nauczycielska - Blok Ksztalcenia Nauczycielskiego<\/title>\n<meta name=\"robots\" content=\"noindex, follow, max-snippet:-1, max-image-preview:large, max-video-preview:-1\" \/>\n<meta property=\"og:locale\" content=\"pl_PL\" \/>\n<meta property=\"og:type\" content=\"article\" \/>\n<meta property=\"og:title\" content=\"Specjalno\u015b\u0107 nauczycielska - Blok Ksztalcenia Nauczycielskiego\" \/>\n<meta property=\"og:description\" content=\"W ofercie edukacyjnej Uniwersytetu \u015al\u0105skiego szereg kierunk\u00f3w uruchamia w\u00a0ramach swoich program\u00f3w kszta\u0142cenia specjalno\u015bci nauczycielskie. Funkcjonuj\u0105 one m.in. na kierunkach: filologia polska, geografia, edukacja artystyczna, filologia angielska, filologia germa\u0144ska, historia,\u00a0matematyka. Szczeg\u00f3\u0142owe informacje na temat oferty edukacyjnej Uniwersytetu \u015al\u0105skiego dost\u0119pne s\u0105 na stronie: www.kandydat.us.edu.pl.\u00a0\" \/>\n<meta property=\"og:url\" content=\"https:\/\/uniwersytetotwarty.us.edu.pl\/blok-ksztalcenia-nauczycielskiego\/specjalnosc-nauczycielska\/\" \/>\n<meta property=\"og:site_name\" content=\"Blok Ksztalcenia Nauczycielskiego\" \/>\n<meta property=\"article:modified_time\" content=\"2023-11-03T12:23:10+00:00\" \/>\n<meta property=\"og:image\" content=\"https:\/\/uniwersytetotwarty.us.edu.pl\/blok-ksztalcenia-nauczycielskiego\/wp-content\/uploads\/sites\/16\/2023\/11\/2023-10-30-Edukatorium-pedagogiczno-psychologiczne-c-Basia-Jendrzejczyk-piszeskladampstrykam.pl-5-2-2-1024x683.jpg\" \/>\n<meta name=\"twitter:card\" content=\"summary_large_image\" \/>\n<meta name=\"twitter:label1\" content=\"Szacowany czas czytania\" \/>\n\t<meta name=\"twitter:data1\" content=\"1 minuta\" \/>\n<script type=\"application\/ld+json\" class=\"yoast-schema-graph\">{\"@context\":\"https:\\\/\\\/schema.org\",\"@graph\":[{\"@type\":\"WebPage\",\"@id\":\"https:\\\/\\\/uniwersytetotwarty.us.edu.pl\\\/blok-ksztalcenia-nauczycielskiego\\\/specjalnosc-nauczycielska\\\/\",\"url\":\"https:\\\/\\\/uniwersytetotwarty.us.edu.pl\\\/blok-ksztalcenia-nauczycielskiego\\\/specjalnosc-nauczycielska\\\/\",\"name\":\"Specjalno\u015b\u0107 nauczycielska - Blok Ksztalcenia Nauczycielskiego\",\"isPartOf\":{\"@id\":\"https:\\\/\\\/uniwersytetotwarty.us.edu.pl\\\/blok-ksztalcenia-nauczycielskiego\\\/#website\"},\"primaryImageOfPage\":{\"@id\":\"https:\\\/\\\/uniwersytetotwarty.us.edu.pl\\\/blok-ksztalcenia-nauczycielskiego\\\/specjalnosc-nauczycielska\\\/#primaryimage\"},\"image\":{\"@id\":\"https:\\\/\\\/uniwersytetotwarty.us.edu.pl\\\/blok-ksztalcenia-nauczycielskiego\\\/specjalnosc-nauczycielska\\\/#primaryimage\"},\"thumbnailUrl\":\"https:\\\/\\\/uniwersytetotwarty.us.edu.pl\\\/blok-ksztalcenia-nauczycielskiego\\\/wp-content\\\/uploads\\\/sites\\\/16\\\/2023\\\/11\\\/2023-10-30-Edukatorium-pedagogiczno-psychologiczne-c-Basia-Jendrzejczyk-piszeskladampstrykam.pl-5-2-2-1024x683.jpg\",\"datePublished\":\"2023-11-03T11:21:50+00:00\",\"dateModified\":\"2023-11-03T12:23:10+00:00\",\"breadcrumb\":{\"@id\":\"https:\\\/\\\/uniwersytetotwarty.us.edu.pl\\\/blok-ksztalcenia-nauczycielskiego\\\/specjalnosc-nauczycielska\\\/#breadcrumb\"},\"inLanguage\":\"pl-PL\",\"potentialAction\":[{\"@type\":\"ReadAction\",\"target\":[\"https:\\\/\\\/uniwersytetotwarty.us.edu.pl\\\/blok-ksztalcenia-nauczycielskiego\\\/specjalnosc-nauczycielska\\\/\"]}]},{\"@type\":\"ImageObject\",\"inLanguage\":\"pl-PL\",\"@id\":\"https:\\\/\\\/uniwersytetotwarty.us.edu.pl\\\/blok-ksztalcenia-nauczycielskiego\\\/specjalnosc-nauczycielska\\\/#primaryimage\",\"url\":\"https:\\\/\\\/uniwersytetotwarty.us.edu.pl\\\/blok-ksztalcenia-nauczycielskiego\\\/wp-content\\\/uploads\\\/sites\\\/16\\\/2023\\\/11\\\/2023-10-30-Edukatorium-pedagogiczno-psychologiczne-c-Basia-Jendrzejczyk-piszeskladampstrykam.pl-5-2-2.jpg\",\"contentUrl\":\"https:\\\/\\\/uniwersytetotwarty.us.edu.pl\\\/blok-ksztalcenia-nauczycielskiego\\\/wp-content\\\/uploads\\\/sites\\\/16\\\/2023\\\/11\\\/2023-10-30-Edukatorium-pedagogiczno-psychologiczne-c-Basia-Jendrzejczyk-piszeskladampstrykam.pl-5-2-2.jpg\",\"width\":2048,\"height\":1365,\"caption\":\"zdj\u0119cie student\u00f3w\"},{\"@type\":\"BreadcrumbList\",\"@id\":\"https:\\\/\\\/uniwersytetotwarty.us.edu.pl\\\/blok-ksztalcenia-nauczycielskiego\\\/specjalnosc-nauczycielska\\\/#breadcrumb\",\"itemListElement\":[{\"@type\":\"ListItem\",\"position\":1,\"name\":\"Blok Ksztalcenia Nauczycielskiego\",\"item\":\"https:\\\/\\\/uniwersytetotwarty.us.edu.pl\\\/blok-ksztalcenia-nauczycielskiego\\\/\"},{\"@type\":\"ListItem\",\"position\":2,\"name\":\"Specjalno\u015b\u0107 nauczycielska\"}]},{\"@type\":\"WebSite\",\"@id\":\"https:\\\/\\\/uniwersytetotwarty.us.edu.pl\\\/blok-ksztalcenia-nauczycielskiego\\\/#website\",\"url\":\"https:\\\/\\\/uniwersytetotwarty.us.edu.pl\\\/blok-ksztalcenia-nauczycielskiego\\\/\",\"name\":\"Blok Ksztalcenia Nauczycielskiego\",\"description\":\"\",\"publisher\":{\"@id\":\"https:\\\/\\\/uniwersytetotwarty.us.edu.pl\\\/blok-ksztalcenia-nauczycielskiego\\\/#organization\"},\"potentialAction\":[{\"@type\":\"SearchAction\",\"target\":{\"@type\":\"EntryPoint\",\"urlTemplate\":\"https:\\\/\\\/uniwersytetotwarty.us.edu.pl\\\/blok-ksztalcenia-nauczycielskiego\\\/?s={search_term_string}\"},\"query-input\":{\"@type\":\"PropertyValueSpecification\",\"valueRequired\":true,\"valueName\":\"search_term_string\"}}],\"inLanguage\":\"pl-PL\"},{\"@type\":\"Organization\",\"@id\":\"https:\\\/\\\/uniwersytetotwarty.us.edu.pl\\\/blok-ksztalcenia-nauczycielskiego\\\/#organization\",\"name\":\"Uniwersytet \u015al\u0105ski\",\"url\":\"https:\\\/\\\/uniwersytetotwarty.us.edu.pl\\\/blok-ksztalcenia-nauczycielskiego\\\/\",\"logo\":{\"@type\":\"ImageObject\",\"inLanguage\":\"pl-PL\",\"@id\":\"https:\\\/\\\/uniwersytetotwarty.us.edu.pl\\\/blok-ksztalcenia-nauczycielskiego\\\/#\\\/schema\\\/logo\\\/image\\\/\",\"url\":\"https:\\\/\\\/uniwersytetotwarty.us.edu.pl\\\/blok-ksztalcenia-nauczycielskiego\\\/wp-content\\\/uploads\\\/sites\\\/16\\\/2023\\\/10\\\/logo-1.svg\",\"contentUrl\":\"https:\\\/\\\/uniwersytetotwarty.us.edu.pl\\\/blok-ksztalcenia-nauczycielskiego\\\/wp-content\\\/uploads\\\/sites\\\/16\\\/2023\\\/10\\\/logo-1.svg\",\"width\":414,\"height\":71,\"caption\":\"Uniwersytet \u015al\u0105ski\"},\"image\":{\"@id\":\"https:\\\/\\\/uniwersytetotwarty.us.edu.pl\\\/blok-ksztalcenia-nauczycielskiego\\\/#\\\/schema\\\/logo\\\/image\\\/\"}}]}<\/script>\n<!-- \/ Yoast SEO plugin. -->","yoast_head_json":{"title":"Specjalno\u015b\u0107 nauczycielska - Blok Ksztalcenia Nauczycielskiego","robots":{"index":"noindex","follow":"follow","max-snippet":"max-snippet:-1","max-image-preview":"max-image-preview:large","max-video-preview":"max-video-preview:-1"},"og_locale":"pl_PL","og_type":"article","og_title":"Specjalno\u015b\u0107 nauczycielska - Blok Ksztalcenia Nauczycielskiego","og_description":"W ofercie edukacyjnej Uniwersytetu \u015al\u0105skiego szereg kierunk\u00f3w uruchamia w\u00a0ramach swoich program\u00f3w kszta\u0142cenia specjalno\u015bci nauczycielskie. Funkcjonuj\u0105 one m.in. na kierunkach: filologia polska, geografia, edukacja artystyczna, filologia angielska, filologia germa\u0144ska, historia,\u00a0matematyka. Szczeg\u00f3\u0142owe informacje na temat oferty edukacyjnej Uniwersytetu \u015al\u0105skiego dost\u0119pne s\u0105 na stronie: www.kandydat.us.edu.pl.\u00a0","og_url":"https:\/\/uniwersytetotwarty.us.edu.pl\/blok-ksztalcenia-nauczycielskiego\/specjalnosc-nauczycielska\/","og_site_name":"Blok Ksztalcenia Nauczycielskiego","article_modified_time":"2023-11-03T12:23:10+00:00","og_image":[{"url":"https:\/\/uniwersytetotwarty.us.edu.pl\/blok-ksztalcenia-nauczycielskiego\/wp-content\/uploads\/sites\/16\/2023\/11\/2023-10-30-Edukatorium-pedagogiczno-psychologiczne-c-Basia-Jendrzejczyk-piszeskladampstrykam.pl-5-2-2-1024x683.jpg","type":"","width":"","height":""}],"twitter_card":"summary_large_image","twitter_misc":{"Szacowany czas czytania":"1 minuta"},"schema":{"@context":"https:\/\/schema.org","@graph":[{"@type":"WebPage","@id":"https:\/\/uniwersytetotwarty.us.edu.pl\/blok-ksztalcenia-nauczycielskiego\/specjalnosc-nauczycielska\/","url":"https:\/\/uniwersytetotwarty.us.edu.pl\/blok-ksztalcenia-nauczycielskiego\/specjalnosc-nauczycielska\/","name":"Specjalno\u015b\u0107 nauczycielska - Blok Ksztalcenia Nauczycielskiego","isPartOf":{"@id":"https:\/\/uniwersytetotwarty.us.edu.pl\/blok-ksztalcenia-nauczycielskiego\/#website"},"primaryImageOfPage":{"@id":"https:\/\/uniwersytetotwarty.us.edu.pl\/blok-ksztalcenia-nauczycielskiego\/specjalnosc-nauczycielska\/#primaryimage"},"image":{"@id":"https:\/\/uniwersytetotwarty.us.edu.pl\/blok-ksztalcenia-nauczycielskiego\/specjalnosc-nauczycielska\/#primaryimage"},"thumbnailUrl":"https:\/\/uniwersytetotwarty.us.edu.pl\/blok-ksztalcenia-nauczycielskiego\/wp-content\/uploads\/sites\/16\/2023\/11\/2023-10-30-Edukatorium-pedagogiczno-psychologiczne-c-Basia-Jendrzejczyk-piszeskladampstrykam.pl-5-2-2-1024x683.jpg","datePublished":"2023-11-03T11:21:50+00:00","dateModified":"2023-11-03T12:23:10+00:00","breadcrumb":{"@id":"https:\/\/uniwersytetotwarty.us.edu.pl\/blok-ksztalcenia-nauczycielskiego\/specjalnosc-nauczycielska\/#breadcrumb"},"inLanguage":"pl-PL","potentialAction":[{"@type":"ReadAction","target":["https:\/\/uniwersytetotwarty.us.edu.pl\/blok-ksztalcenia-nauczycielskiego\/specjalnosc-nauczycielska\/"]}]},{"@type":"ImageObject","inLanguage":"pl-PL","@id":"https:\/\/uniwersytetotwarty.us.edu.pl\/blok-ksztalcenia-nauczycielskiego\/specjalnosc-nauczycielska\/#primaryimage","url":"https:\/\/uniwersytetotwarty.us.edu.pl\/blok-ksztalcenia-nauczycielskiego\/wp-content\/uploads\/sites\/16\/2023\/11\/2023-10-30-Edukatorium-pedagogiczno-psychologiczne-c-Basia-Jendrzejczyk-piszeskladampstrykam.pl-5-2-2.jpg","contentUrl":"https:\/\/uniwersytetotwarty.us.edu.pl\/blok-ksztalcenia-nauczycielskiego\/wp-content\/uploads\/sites\/16\/2023\/11\/2023-10-30-Edukatorium-pedagogiczno-psychologiczne-c-Basia-Jendrzejczyk-piszeskladampstrykam.pl-5-2-2.jpg","width":2048,"height":1365,"caption":"zdj\u0119cie student\u00f3w"},{"@type":"BreadcrumbList","@id":"https:\/\/uniwersytetotwarty.us.edu.pl\/blok-ksztalcenia-nauczycielskiego\/specjalnosc-nauczycielska\/#breadcrumb","itemListElement":[{"@type":"ListItem","position":1,"name":"Blok Ksztalcenia Nauczycielskiego","item":"https:\/\/uniwersytetotwarty.us.edu.pl\/blok-ksztalcenia-nauczycielskiego\/"},{"@type":"ListItem","position":2,"name":"Specjalno\u015b\u0107 nauczycielska"}]},{"@type":"WebSite","@id":"https:\/\/uniwersytetotwarty.us.edu.pl\/blok-ksztalcenia-nauczycielskiego\/#website","url":"https:\/\/uniwersytetotwarty.us.edu.pl\/blok-ksztalcenia-nauczycielskiego\/","name":"Blok Ksztalcenia Nauczycielskiego","description":"","publisher":{"@id":"https:\/\/uniwersytetotwarty.us.edu.pl\/blok-ksztalcenia-nauczycielskiego\/#organization"},"potentialAction":[{"@type":"SearchAction","target":{"@type":"EntryPoint","urlTemplate":"https:\/\/uniwersytetotwarty.us.edu.pl\/blok-ksztalcenia-nauczycielskiego\/?s={search_term_string}"},"query-input":{"@type":"PropertyValueSpecification","valueRequired":true,"valueName":"search_term_string"}}],"inLanguage":"pl-PL"},{"@type":"Organization","@id":"https:\/\/uniwersytetotwarty.us.edu.pl\/blok-ksztalcenia-nauczycielskiego\/#organization","name":"Uniwersytet \u015al\u0105ski","url":"https:\/\/uniwersytetotwarty.us.edu.pl\/blok-ksztalcenia-nauczycielskiego\/","logo":{"@type":"ImageObject","inLanguage":"pl-PL","@id":"https:\/\/uniwersytetotwarty.us.edu.pl\/blok-ksztalcenia-nauczycielskiego\/#\/schema\/logo\/image\/","url":"https:\/\/uniwersytetotwarty.us.edu.pl\/blok-ksztalcenia-nauczycielskiego\/wp-content\/uploads\/sites\/16\/2023\/10\/logo-1.svg","contentUrl":"https:\/\/uniwersytetotwarty.us.edu.pl\/blok-ksztalcenia-nauczycielskiego\/wp-content\/uploads\/sites\/16\/2023\/10\/logo-1.svg","width":414,"height":71,"caption":"Uniwersytet \u015al\u0105ski"},"image":{"@id":"https:\/\/uniwersytetotwarty.us.edu.pl\/blok-ksztalcenia-nauczycielskiego\/#\/schema\/logo\/image\/"}}]}},"_links":{"self":[{"href":"https:\/\/uniwersytetotwarty.us.edu.pl\/blok-ksztalcenia-nauczycielskiego\/wp-json\/wp\/v2\/pages\/250","targetHints":{"allow":["GET"]}}],"collection":[{"href":"https:\/\/uniwersytetotwarty.us.edu.pl\/blok-ksztalcenia-nauczycielskiego\/wp-json\/wp\/v2\/pages"}],"about":[{"href":"https:\/\/uniwersytetotwarty.us.edu.pl\/blok-ksztalcenia-nauczycielskiego\/wp-json\/wp\/v2\/types\/page"}],"author":[{"embeddable":true,"href":"https:\/\/uniwersytetotwarty.us.edu.pl\/blok-ksztalcenia-nauczycielskiego\/wp-json\/wp\/v2\/users\/5"}],"replies":[{"embeddable":true,"href":"https:\/\/uniwersytetotwarty.us.edu.pl\/blok-ksztalcenia-nauczycielskiego\/wp-json\/wp\/v2\/comments?post=250"}],"version-history":[{"count":9,"href":"https:\/\/uniwersytetotwarty.us.edu.pl\/blok-ksztalcenia-nauczycielskiego\/wp-json\/wp\/v2\/pages\/250\/revisions"}],"predecessor-version":[{"id":265,"href":"https:\/\/uniwersytetotwarty.us.edu.pl\/blok-ksztalcenia-nauczycielskiego\/wp-json\/wp\/v2\/pages\/250\/revisions\/265"}],"wp:attachment":[{"href":"https:\/\/uniwersytetotwarty.us.edu.pl\/blok-ksztalcenia-nauczycielskiego\/wp-json\/wp\/v2\/media?parent=250"}],"curies":[{"name":"wp","href":"https:\/\/api.w.org\/{rel}","templated":true}]}}