{"id":155,"date":"2023-10-27T00:54:15","date_gmt":"2023-10-26T22:54:15","guid":{"rendered":"https:\/\/uniwersytetotwarty.us.edu.pl\/akademia-dyplomacji\/?page_id=155"},"modified":"2023-10-27T00:55:48","modified_gmt":"2023-10-26T22:55:48","slug":"kursy-i-szkolenia","status":"publish","type":"page","link":"https:\/\/uniwersytetotwarty.us.edu.pl\/akademia-dyplomacji\/kursy-i-szkolenia\/","title":{"rendered":"Kursy i szkolenia"},"content":{"rendered":"\t\t<div data-elementor-type=\"wp-page\" data-elementor-id=\"155\" class=\"elementor elementor-155\" data-elementor-post-type=\"page\">\n\t\t\t\t\t\t<section class=\"elementor-section elementor-top-section elementor-element elementor-element-b8f2e67 elementor-section-boxed elementor-section-height-default elementor-section-height-default\" data-id=\"b8f2e67\" data-element_type=\"section\" data-e-type=\"section\">\n\t\t\t\t\t\t<div class=\"elementor-container elementor-column-gap-default\">\n\t\t\t\t\t<div class=\"elementor-column elementor-col-100 elementor-top-column elementor-element elementor-element-f1cc261\" data-id=\"f1cc261\" data-element_type=\"column\" data-e-type=\"column\">\n\t\t\t<div class=\"elementor-widget-wrap elementor-element-populated\">\n\t\t\t\t\t\t<div class=\"elementor-element elementor-element-4fd9fd9 elementor-widget elementor-widget-text-editor\" data-id=\"4fd9fd9\" data-element_type=\"widget\" data-e-type=\"widget\" data-widget_type=\"text-editor.default\">\n\t\t\t\t<div class=\"elementor-widget-container\">\n\t\t\t\t\t\t\t\t\t<p><strong>KURSY I SZKOLENIA<\/strong> z zakresu etykiety i savoir-vivre, sztuki komunikowania, kompetencji mi\u0119dzykulturowych oraz specjalistyczne zaj\u0119cia j\u0119zykowe.<\/p>\t\t\t\t\t\t\t\t<\/div>\n\t\t\t\t<\/div>\n\t\t\t\t\t<\/div>\n\t\t<\/div>\n\t\t\t\t\t<\/div>\n\t\t<\/section>\n\t\t\t\t<\/div>\n\t\t","protected":false},"excerpt":{"rendered":"<p>KURSY I SZKOLENIA z zakresu etykiety i savoir-vivre, sztuki komunikowania, kompetencji mi\u0119dzykulturowych oraz specjalistyczne zaj\u0119cia j\u0119zykowe.<\/p>\n","protected":false},"author":5,"featured_media":0,"parent":0,"menu_order":0,"comment_status":"closed","ping_status":"closed","template":"","meta":{"footnotes":""},"class_list":["post-155","page","type-page","status-publish","hentry"],"yoast_head":"<!-- This site is optimized with the Yoast SEO plugin v27.4 - https:\/\/yoast.com\/product\/yoast-seo-wordpress\/ -->\n<title>Kursy i szkolenia - Akademia Dyplomacji<\/title>\n<meta name=\"robots\" content=\"noindex, follow, max-snippet:-1, max-image-preview:large, max-video-preview:-1\" \/>\n<meta property=\"og:locale\" content=\"pl_PL\" \/>\n<meta property=\"og:type\" content=\"article\" \/>\n<meta property=\"og:title\" content=\"Kursy i szkolenia - Akademia Dyplomacji\" \/>\n<meta property=\"og:description\" content=\"KURSY I SZKOLENIA z zakresu etykiety i savoir-vivre, sztuki komunikowania, kompetencji mi\u0119dzykulturowych oraz specjalistyczne zaj\u0119cia j\u0119zykowe.\" \/>\n<meta property=\"og:url\" content=\"https:\/\/uniwersytetotwarty.us.edu.pl\/akademia-dyplomacji\/kursy-i-szkolenia\/\" \/>\n<meta property=\"og:site_name\" content=\"Akademia Dyplomacji\" \/>\n<meta property=\"article:modified_time\" content=\"2023-10-26T22:55:48+00:00\" \/>\n<meta name=\"twitter:card\" content=\"summary_large_image\" \/>\n<script type=\"application\/ld+json\" class=\"yoast-schema-graph\">{\"@context\":\"https:\\\/\\\/schema.org\",\"@graph\":[{\"@type\":\"WebPage\",\"@id\":\"https:\\\/\\\/uniwersytetotwarty.us.edu.pl\\\/akademia-dyplomacji\\\/kursy-i-szkolenia\\\/\",\"url\":\"https:\\\/\\\/uniwersytetotwarty.us.edu.pl\\\/akademia-dyplomacji\\\/kursy-i-szkolenia\\\/\",\"name\":\"Kursy i szkolenia - Akademia Dyplomacji\",\"isPartOf\":{\"@id\":\"https:\\\/\\\/uniwersytetotwarty.us.edu.pl\\\/akademia-dyplomacji\\\/#website\"},\"datePublished\":\"2023-10-26T22:54:15+00:00\",\"dateModified\":\"2023-10-26T22:55:48+00:00\",\"breadcrumb\":{\"@id\":\"https:\\\/\\\/uniwersytetotwarty.us.edu.pl\\\/akademia-dyplomacji\\\/kursy-i-szkolenia\\\/#breadcrumb\"},\"inLanguage\":\"pl-PL\",\"potentialAction\":[{\"@type\":\"ReadAction\",\"target\":[\"https:\\\/\\\/uniwersytetotwarty.us.edu.pl\\\/akademia-dyplomacji\\\/kursy-i-szkolenia\\\/\"]}]},{\"@type\":\"BreadcrumbList\",\"@id\":\"https:\\\/\\\/uniwersytetotwarty.us.edu.pl\\\/akademia-dyplomacji\\\/kursy-i-szkolenia\\\/#breadcrumb\",\"itemListElement\":[{\"@type\":\"ListItem\",\"position\":1,\"name\":\"Akademia Dyplomacji\",\"item\":\"https:\\\/\\\/uniwersytetotwarty.us.edu.pl\\\/akademia-dyplomacji\\\/\"},{\"@type\":\"ListItem\",\"position\":2,\"name\":\"Kursy i szkolenia\"}]},{\"@type\":\"WebSite\",\"@id\":\"https:\\\/\\\/uniwersytetotwarty.us.edu.pl\\\/akademia-dyplomacji\\\/#website\",\"url\":\"https:\\\/\\\/uniwersytetotwarty.us.edu.pl\\\/akademia-dyplomacji\\\/\",\"name\":\"Akademia Dyplomacji\",\"description\":\"\",\"publisher\":{\"@id\":\"https:\\\/\\\/uniwersytetotwarty.us.edu.pl\\\/akademia-dyplomacji\\\/#organization\"},\"potentialAction\":[{\"@type\":\"SearchAction\",\"target\":{\"@type\":\"EntryPoint\",\"urlTemplate\":\"https:\\\/\\\/uniwersytetotwarty.us.edu.pl\\\/akademia-dyplomacji\\\/?s={search_term_string}\"},\"query-input\":{\"@type\":\"PropertyValueSpecification\",\"valueRequired\":true,\"valueName\":\"search_term_string\"}}],\"inLanguage\":\"pl-PL\"},{\"@type\":\"Organization\",\"@id\":\"https:\\\/\\\/uniwersytetotwarty.us.edu.pl\\\/akademia-dyplomacji\\\/#organization\",\"name\":\"Uniwersytet \u015al\u0105ski\",\"url\":\"https:\\\/\\\/uniwersytetotwarty.us.edu.pl\\\/akademia-dyplomacji\\\/\",\"logo\":{\"@type\":\"ImageObject\",\"inLanguage\":\"pl-PL\",\"@id\":\"https:\\\/\\\/uniwersytetotwarty.us.edu.pl\\\/akademia-dyplomacji\\\/#\\\/schema\\\/logo\\\/image\\\/\",\"url\":\"https:\\\/\\\/uniwersytetotwarty.us.edu.pl\\\/akademia-dyplomacji\\\/wp-content\\\/uploads\\\/sites\\\/17\\\/2023\\\/10\\\/logo-1.svg\",\"contentUrl\":\"https:\\\/\\\/uniwersytetotwarty.us.edu.pl\\\/akademia-dyplomacji\\\/wp-content\\\/uploads\\\/sites\\\/17\\\/2023\\\/10\\\/logo-1.svg\",\"width\":414,\"height\":71,\"caption\":\"Uniwersytet \u015al\u0105ski\"},\"image\":{\"@id\":\"https:\\\/\\\/uniwersytetotwarty.us.edu.pl\\\/akademia-dyplomacji\\\/#\\\/schema\\\/logo\\\/image\\\/\"}}]}<\/script>\n<!-- \/ Yoast SEO plugin. -->","yoast_head_json":{"title":"Kursy i szkolenia - Akademia Dyplomacji","robots":{"index":"noindex","follow":"follow","max-snippet":"max-snippet:-1","max-image-preview":"max-image-preview:large","max-video-preview":"max-video-preview:-1"},"og_locale":"pl_PL","og_type":"article","og_title":"Kursy i szkolenia - Akademia Dyplomacji","og_description":"KURSY I SZKOLENIA z zakresu etykiety i savoir-vivre, sztuki komunikowania, kompetencji mi\u0119dzykulturowych oraz specjalistyczne zaj\u0119cia j\u0119zykowe.","og_url":"https:\/\/uniwersytetotwarty.us.edu.pl\/akademia-dyplomacji\/kursy-i-szkolenia\/","og_site_name":"Akademia Dyplomacji","article_modified_time":"2023-10-26T22:55:48+00:00","twitter_card":"summary_large_image","schema":{"@context":"https:\/\/schema.org","@graph":[{"@type":"WebPage","@id":"https:\/\/uniwersytetotwarty.us.edu.pl\/akademia-dyplomacji\/kursy-i-szkolenia\/","url":"https:\/\/uniwersytetotwarty.us.edu.pl\/akademia-dyplomacji\/kursy-i-szkolenia\/","name":"Kursy i szkolenia - Akademia Dyplomacji","isPartOf":{"@id":"https:\/\/uniwersytetotwarty.us.edu.pl\/akademia-dyplomacji\/#website"},"datePublished":"2023-10-26T22:54:15+00:00","dateModified":"2023-10-26T22:55:48+00:00","breadcrumb":{"@id":"https:\/\/uniwersytetotwarty.us.edu.pl\/akademia-dyplomacji\/kursy-i-szkolenia\/#breadcrumb"},"inLanguage":"pl-PL","potentialAction":[{"@type":"ReadAction","target":["https:\/\/uniwersytetotwarty.us.edu.pl\/akademia-dyplomacji\/kursy-i-szkolenia\/"]}]},{"@type":"BreadcrumbList","@id":"https:\/\/uniwersytetotwarty.us.edu.pl\/akademia-dyplomacji\/kursy-i-szkolenia\/#breadcrumb","itemListElement":[{"@type":"ListItem","position":1,"name":"Akademia Dyplomacji","item":"https:\/\/uniwersytetotwarty.us.edu.pl\/akademia-dyplomacji\/"},{"@type":"ListItem","position":2,"name":"Kursy i szkolenia"}]},{"@type":"WebSite","@id":"https:\/\/uniwersytetotwarty.us.edu.pl\/akademia-dyplomacji\/#website","url":"https:\/\/uniwersytetotwarty.us.edu.pl\/akademia-dyplomacji\/","name":"Akademia Dyplomacji","description":"","publisher":{"@id":"https:\/\/uniwersytetotwarty.us.edu.pl\/akademia-dyplomacji\/#organization"},"potentialAction":[{"@type":"SearchAction","target":{"@type":"EntryPoint","urlTemplate":"https:\/\/uniwersytetotwarty.us.edu.pl\/akademia-dyplomacji\/?s={search_term_string}"},"query-input":{"@type":"PropertyValueSpecification","valueRequired":true,"valueName":"search_term_string"}}],"inLanguage":"pl-PL"},{"@type":"Organization","@id":"https:\/\/uniwersytetotwarty.us.edu.pl\/akademia-dyplomacji\/#organization","name":"Uniwersytet \u015al\u0105ski","url":"https:\/\/uniwersytetotwarty.us.edu.pl\/akademia-dyplomacji\/","logo":{"@type":"ImageObject","inLanguage":"pl-PL","@id":"https:\/\/uniwersytetotwarty.us.edu.pl\/akademia-dyplomacji\/#\/schema\/logo\/image\/","url":"https:\/\/uniwersytetotwarty.us.edu.pl\/akademia-dyplomacji\/wp-content\/uploads\/sites\/17\/2023\/10\/logo-1.svg","contentUrl":"https:\/\/uniwersytetotwarty.us.edu.pl\/akademia-dyplomacji\/wp-content\/uploads\/sites\/17\/2023\/10\/logo-1.svg","width":414,"height":71,"caption":"Uniwersytet \u015al\u0105ski"},"image":{"@id":"https:\/\/uniwersytetotwarty.us.edu.pl\/akademia-dyplomacji\/#\/schema\/logo\/image\/"}}]}},"_links":{"self":[{"href":"https:\/\/uniwersytetotwarty.us.edu.pl\/akademia-dyplomacji\/wp-json\/wp\/v2\/pages\/155","targetHints":{"allow":["GET"]}}],"collection":[{"href":"https:\/\/uniwersytetotwarty.us.edu.pl\/akademia-dyplomacji\/wp-json\/wp\/v2\/pages"}],"about":[{"href":"https:\/\/uniwersytetotwarty.us.edu.pl\/akademia-dyplomacji\/wp-json\/wp\/v2\/types\/page"}],"author":[{"embeddable":true,"href":"https:\/\/uniwersytetotwarty.us.edu.pl\/akademia-dyplomacji\/wp-json\/wp\/v2\/users\/5"}],"replies":[{"embeddable":true,"href":"https:\/\/uniwersytetotwarty.us.edu.pl\/akademia-dyplomacji\/wp-json\/wp\/v2\/comments?post=155"}],"version-history":[{"count":4,"href":"https:\/\/uniwersytetotwarty.us.edu.pl\/akademia-dyplomacji\/wp-json\/wp\/v2\/pages\/155\/revisions"}],"predecessor-version":[{"id":164,"href":"https:\/\/uniwersytetotwarty.us.edu.pl\/akademia-dyplomacji\/wp-json\/wp\/v2\/pages\/155\/revisions\/164"}],"wp:attachment":[{"href":"https:\/\/uniwersytetotwarty.us.edu.pl\/akademia-dyplomacji\/wp-json\/wp\/v2\/media?parent=155"}],"curies":[{"name":"wp","href":"https:\/\/api.w.org\/{rel}","templated":true}]}}