{"id":134,"date":"2023-10-27T00:45:01","date_gmt":"2023-10-26T22:45:01","guid":{"rendered":"https:\/\/uniwersytetotwarty.us.edu.pl\/akademia-dyplomacji\/?page_id=134"},"modified":"2025-08-13T10:08:44","modified_gmt":"2025-08-13T08:08:44","slug":"akademia-dyplomacji-mlodziezy","status":"publish","type":"page","link":"https:\/\/uniwersytetotwarty.us.edu.pl\/akademia-dyplomacji\/akademia-dyplomacji-mlodziezy\/","title":{"rendered":"Akademia Dyplomacji M\u0142odzie\u017cy"},"content":{"rendered":"\t\t<div data-elementor-type=\"wp-page\" data-elementor-id=\"134\" class=\"elementor elementor-134\" data-elementor-post-type=\"page\">\n\t\t\t\t\t\t<section class=\"elementor-section elementor-top-section elementor-element elementor-element-8180378 elementor-section-boxed elementor-section-height-default elementor-section-height-default\" data-id=\"8180378\" data-element_type=\"section\" data-e-type=\"section\">\n\t\t\t\t\t\t<div class=\"elementor-container elementor-column-gap-default\">\n\t\t\t\t\t<div class=\"elementor-column elementor-col-100 elementor-top-column elementor-element elementor-element-fe04189\" data-id=\"fe04189\" data-element_type=\"column\" data-e-type=\"column\">\n\t\t\t<div class=\"elementor-widget-wrap elementor-element-populated\">\n\t\t\t\t\t\t<div class=\"elementor-element elementor-element-f6a3134 elementor-widget elementor-widget-text-editor\" data-id=\"f6a3134\" data-element_type=\"widget\" data-e-type=\"widget\" data-widget_type=\"text-editor.default\">\n\t\t\t\t<div class=\"elementor-widget-container\">\n\t\t\t\t\t\t\t\t\t<p>Akademia Dyplomacji M\u0142odzie\u017cy to program dedykowany uczennicom i uczniom szk\u00f3\u0142 ponadpodstawowych. Program trwa od pa\u017adziernika do czerwca i obejmuje zaj\u0119cia i warsztaty z zakresu etykiety i zasad savoir-vivre, rozwijania kompetencji liderskich (laboratorium kompetencji dyplomatycznych), kompetencji kros-kulturowych, mi\u0119dzynarodowych problem\u00f3w politycznych<\/p><p><strong>REKRUTACJA<\/strong><\/p><p><a href=\"https:\/\/www.formularze.us.edu.pl\/akademia2\">FORMULARZ ZG\u0141OSZENIOWY<\/a><\/p><p><strong>OP\u0141ATA<\/strong><\/p><p>Op\u0142ata za udzia\u0142 w programie:<\/p><p><strong>500 z\u0142 &#8211; op\u0142ata wniesiona w ca\u0142o\u015bci<\/strong><\/p><p><strong>2 x 265 z\u0142<\/strong><strong> &#8211; op\u0142ata wniesiona w dw\u00f3ch ratach<\/strong><\/p><p>Numer konta:<br \/>Uniwersytet \u015al\u0105ski<br \/>ul. Bankowa 12, 40-007 Katowice<br \/><strong>PL93 1050 1214 1000 0023 9954 1560<\/strong><br \/>z dopiskiem ADM 2024, imi\u0119, nazwisko s\u0142uchacza.<\/p><div>\u00a0<\/div><div><p dir=\"ltr\" style=\"line-height: 1.38;margin-top: 0pt;margin-bottom: 0pt\"><strong>PROGRAM AKADEMII DYPLOMACJI M\u0141ODZIE\u017bY 2024\/2025\u00a0<\/strong><\/p><div dir=\"ltr\" style=\"margin-left: 0pt\" align=\"left\"><table style=\"border: none\"><colgroup> <col width=\"188\" \/> <col width=\"412\" \/><\/colgroup><tbody><tr style=\"height: 0pt\"><td style=\"border-width: 1pt;border-color: #000000;padding: 5pt;overflow: hidden\"><p dir=\"ltr\" style=\"line-height: 1.2;margin-top: 0pt;margin-bottom: 0pt\"><span style=\"font-size: 11pt;font-family: 'Times New Roman', serif;vertical-align: baseline\">\u00a0<\/span><\/p><\/td><td style=\"border-width: 1pt;border-color: #000000;padding: 5pt;overflow: hidden\"><p dir=\"ltr\" style=\"line-height: 1.2;margin-top: 0pt;margin-bottom: 0pt\"><span style=\"font-size: 11pt;font-family: 'Times New Roman', serif;vertical-align: baseline\">Tematyka zaj\u0119\u0107\u00a0<\/span><\/p><\/td><\/tr><tr style=\"height: 0pt\"><td style=\"border-width: 1pt;border-color: #000000;padding: 5pt;overflow: hidden\">\u00a0<\/td><td style=\"border-width: 1pt;border-color: #000000;padding: 5pt;overflow: hidden\"><p dir=\"ltr\" style=\"line-height: 1.38;margin-top: 0pt;margin-bottom: 0pt\"><span style=\"font-size: 11pt;font-family: 'Times New Roman', serif;font-weight: bold;vertical-align: baseline\">10.00 \u2013 UROCZYSTE OTWARCIE III EDYCJI<\/span><span style=\"font-size: 11pt;font-family: 'Times New Roman', serif;font-weight: bold;vertical-align: baseline\"><br \/><\/span> <span style=\"font-size: 11pt;font-family: 'Times New Roman', serif;font-weight: bold;vertical-align: baseline\">AKADEMII DYPLOMACJI M\u0141ODZIE\u017bY<\/span><\/p><p dir=\"ltr\" style=\"line-height: 1.38;text-align: center;margin-top: 0pt;margin-bottom: 0pt\"><span style=\"font-size: 11pt;font-family: 'Times New Roman', serif;font-weight: bold;vertical-align: baseline\">WYK\u0141AD INAUGURACYJNY<\/span><\/p><p dir=\"ltr\" style=\"line-height: 1.38;margin-top: 0pt;margin-bottom: 0pt\"><span style=\"font-size: 11pt;font-family: 'Times New Roman', serif;vertical-align: baseline\">Wr\u0119czenie list\u00f3w gratulacyjnych Uczestnikom III edycji Akademii Dyplomacji M\u0142odzie\u017cy<\/span><\/p><p dir=\"ltr\" style=\"line-height: 1.38;margin-top: 0pt;margin-bottom: 0pt\"><span style=\"font-size: 11pt;font-family: 'Times New Roman', serif;font-weight: bold;vertical-align: baseline\">,,Korea P\u00f3\u0142nocna: P\u00f3\u0142nocnokorea\u0144ski model ideologiczno-doktrynalny\u201d\u00a0<\/span><\/p><p dir=\"ltr\" style=\"line-height: 1.38;margin-top: 0pt;margin-bottom: 0pt\"><span style=\"font-size: 11pt;font-family: 'Times New Roman', serif;vertical-align: baseline\">Prowadz\u0105cy: Wiktor Ole\u015b\u00a0<\/span><\/p><\/td><\/tr><tr style=\"height: 0pt\"><td style=\"border-width: 1pt;border-color: #000000;padding: 5pt;overflow: hidden\"><p dir=\"ltr\" style=\"line-height: 1.38;margin-top: 0pt;margin-bottom: 0pt\">\u00a0<\/p><\/td><td style=\"border-width: 1pt;border-color: #000000;padding: 5pt;overflow: hidden\"><p dir=\"ltr\" style=\"line-height: 1.2;margin-top: 0pt;margin-bottom: 0pt\"><span style=\"font-size: 11pt;font-family: 'Times New Roman', serif;font-weight: bold;vertical-align: baseline\">&#8220;Sztuka negocjacji: Jak osi\u0105gn\u0105\u0107 porozumienie, nie trac\u0105c twarzy?&#8221;<\/span><\/p><p dir=\"ltr\" style=\"line-height: 1.2;margin-top: 0pt;margin-bottom: 0pt\"><span style=\"font-size: 11pt;font-family: 'Times New Roman', serif;vertical-align: baseline\">Prowadz\u0105ca: Magdalena Dzieciuchowicz\u00a0<\/span><\/p><\/td><\/tr><tr style=\"height: 0pt\"><td style=\"border-width: 1pt;border-color: #000000;padding: 5pt;overflow: hidden\"><p dir=\"ltr\" style=\"line-height: 1.38;margin-top: 0pt;margin-bottom: 0pt\"><span style=\"font-size: 11pt;font-family: 'Times New Roman', serif;vertical-align: baseline\">\u00a0<\/span><\/p><\/td><td style=\"border-width: 1pt;border-color: #000000;padding: 5pt;overflow: hidden\"><p dir=\"ltr\" style=\"line-height: 1.2;margin-top: 0pt;margin-bottom: 0pt\"><span style=\"font-size: 11pt;font-family: 'Times New Roman', serif;font-weight: bold;vertical-align: baseline\">&#8220;Dzie\u0144 z \u017cycia dyplomaty: Od protoko\u0142u po negocjacje\u201d<\/span><\/p><p dir=\"ltr\" style=\"line-height: 1.2;margin-top: 0pt;margin-bottom: 0pt\"><span style=\"font-size: 11pt;font-family: 'Times New Roman', serif;vertical-align: baseline\">Prowadz\u0105cy: mgr Rafa\u0142 Sordyl, Ambasada RP w Waszyngtonie<\/span><\/p><\/td><\/tr><tr style=\"height: 0pt\"><td style=\"border-width: 1pt;border-color: #000000;padding: 5pt;overflow: hidden\"><p dir=\"ltr\" style=\"line-height: 1.38;margin-top: 0pt;margin-bottom: 0pt\">\u00a0<\/p><\/td><td style=\"border-width: 1pt;border-color: #000000;padding: 5pt;overflow: hidden\"><p dir=\"ltr\" style=\"line-height: 1.2;margin-top: 0pt;margin-bottom: 0pt\"><span style=\"font-size: 11pt;font-family: 'Times New Roman', serif;font-weight: bold;vertical-align: baseline\">,,Czy \u015bwiat potrzebuje wi\u0119cej kobiet w polityce i w dyplomacji?&#8221;<\/span><\/p><p dir=\"ltr\" style=\"line-height: 1.2;margin-top: 0pt;margin-bottom: 0pt\"><span style=\"font-size: 11pt;font-family: 'Times New Roman', serif;vertical-align: baseline\">Prowadz\u0105ca: dr Jolanta Klimczak<\/span><\/p><p dir=\"ltr\" style=\"line-height: 1.2;margin-top: 0pt;margin-bottom: 0pt\"><span style=\"font-size: 11pt;font-family: 'Times New Roman', serif;font-weight: bold;vertical-align: baseline\">Spotkanie z ekspertk\u0105\u00a0<\/span><\/p><\/td><\/tr><tr style=\"height: 0pt\"><td style=\"border-width: 1pt;border-color: #000000;padding: 5pt;overflow: hidden\"><p dir=\"ltr\" style=\"line-height: 1.38;margin-top: 0pt;margin-bottom: 0pt\">\u00a0<\/p><\/td><td style=\"border-width: 1pt;border-color: #000000;padding: 5pt;overflow: hidden\"><p dir=\"ltr\" style=\"line-height: 1.38;margin-top: 0pt;margin-bottom: 0pt\"><span style=\"font-size: 11pt;font-family: 'Times New Roman', serif;font-weight: bold;vertical-align: baseline\">,,Jak rozwi\u0105zuje si\u0119 spory i konflikty mi\u0119dzynarodowe? Case study\u201d<\/span><span style=\"font-size: 11pt;font-family: 'Times New Roman', serif;vertical-align: baseline\">\u00a0<\/span><\/p><p dir=\"ltr\" style=\"line-height: 1.38;margin-top: 0pt;margin-bottom: 0pt\"><span style=\"font-size: 11pt;font-family: 'Times New Roman', serif;vertical-align: baseline\">Prowadz\u0105ca: dr Renata Jankowska, prof. U\u015a\u00a0<\/span><\/p><\/td><\/tr><tr style=\"height: 0pt\"><td style=\"border-width: 1pt;border-color: #000000;padding: 5pt;overflow: hidden\"><p dir=\"ltr\" style=\"line-height: 1.38;margin-top: 0pt;margin-bottom: 0pt\">\u00a0<\/p><\/td><td style=\"border-width: 1pt;border-color: #000000;padding: 5pt;overflow: hidden\"><p dir=\"ltr\" style=\"line-height: 1.2;margin-top: 0pt;margin-bottom: 0pt\"><span style=\"font-size: 11pt;font-family: 'Times New Roman', serif;font-weight: bold;vertical-align: baseline\">,,Jak budowa\u0107 wiarygodny wizerunek?\u201d\u00a0<\/span><\/p><p dir=\"ltr\" style=\"line-height: 1.2;margin-top: 0pt;margin-bottom: 0pt\"><span style=\"font-size: 11pt;font-family: 'Times New Roman', serif;vertical-align: baseline\">Prowadz\u0105ca: Anna Wietrzyk<\/span><\/p><\/td><\/tr><tr style=\"height: 0pt\"><td style=\"border-width: 1pt;border-color: #000000;padding: 5pt;overflow: hidden\"><p dir=\"ltr\" style=\"line-height: 1.38;margin-top: 0pt;margin-bottom: 0pt\">\u00a0<\/p><\/td><td style=\"border-width: 1pt;border-color: #000000;padding: 5pt;overflow: hidden\"><p dir=\"ltr\" style=\"line-height: 1.2;margin-top: 0pt;margin-bottom: 0pt\"><span style=\"font-size: 11pt;font-family: 'Times New Roman', serif;font-weight: bold;vertical-align: baseline\">,,Soft power we wsp\u00f3\u0142czesnych stosunkach mi\u0119dzynarodowych\u201d<\/span><\/p><p dir=\"ltr\" style=\"line-height: 1.2;margin-top: 0pt;margin-bottom: 0pt\"><span style=\"font-size: 11pt;font-family: 'Times New Roman', serif;vertical-align: baseline\">Prowadz\u0105ca: Daria Szafarczyk<\/span><\/p><\/td><\/tr><tr style=\"height: 0pt\"><td style=\"border-width: 1pt;border-color: #000000;padding: 5pt;overflow: hidden\"><p dir=\"ltr\" style=\"line-height: 1.38;margin-top: 0pt;margin-bottom: 0pt\">\u00a0<\/p><\/td><td style=\"border-width: 1pt;border-color: #000000;padding: 5pt;overflow: hidden\"><p dir=\"ltr\" style=\"line-height: 1.38;margin-top: 0pt;margin-bottom: 0pt\"><span style=\"font-size: 11pt;font-family: 'Times New Roman', serif;font-weight: bold;vertical-align: baseline\">,,Jak (z)rozumie\u0107 Francj\u0119? V Republika- lider czy obserwator?\u201d<\/span><\/p><p dir=\"ltr\" style=\"line-height: 1.38;margin-top: 0pt;margin-bottom: 0pt\"><span style=\"font-size: 11pt;font-family: 'Times New Roman', serif;vertical-align: baseline\">Prowadz\u0105ca: dr Renata Jankowska, prof. U\u015a\u00a0<\/span><\/p><\/td><\/tr><\/tbody><\/table><\/div><\/div>\t\t\t\t\t\t\t\t<\/div>\n\t\t\t\t<\/div>\n\t\t\t\t\t<\/div>\n\t\t<\/div>\n\t\t\t\t\t<\/div>\n\t\t<\/section>\n\t\t\t\t<\/div>\n\t\t","protected":false},"excerpt":{"rendered":"<p>Akademia Dyplomacji M\u0142odzie\u017cy to program dedykowany uczennicom i uczniom szk\u00f3\u0142 ponadpodstawowych. Program trwa od pa\u017adziernika do czerwca i obejmuje zaj\u0119cia i warsztaty z zakresu etykiety i zasad savoir-vivre, rozwijania kompetencji liderskich (laboratorium kompetencji dyplomatycznych), kompetencji kros-kulturowych, mi\u0119dzynarodowych problem\u00f3w politycznych REKRUTACJA FORMULARZ ZG\u0141OSZENIOWY OP\u0141ATA Op\u0142ata za udzia\u0142 w programie: 500 z\u0142 &#8211; op\u0142ata wniesiona w ca\u0142o\u015bci [&hellip;]<\/p>\n","protected":false},"author":5,"featured_media":0,"parent":0,"menu_order":0,"comment_status":"closed","ping_status":"closed","template":"","meta":{"footnotes":""},"class_list":["post-134","page","type-page","status-publish","hentry"],"yoast_head":"<!-- This site is optimized with the Yoast SEO plugin v27.3 - https:\/\/yoast.com\/product\/yoast-seo-wordpress\/ -->\n<title>Akademia Dyplomacji M\u0142odzie\u017cy - Akademia Dyplomacji<\/title>\n<meta name=\"robots\" content=\"noindex, follow, max-snippet:-1, max-image-preview:large, max-video-preview:-1\" \/>\n<meta property=\"og:locale\" content=\"pl_PL\" \/>\n<meta property=\"og:type\" content=\"article\" \/>\n<meta property=\"og:title\" content=\"Akademia Dyplomacji M\u0142odzie\u017cy - Akademia Dyplomacji\" \/>\n<meta property=\"og:description\" content=\"Akademia Dyplomacji M\u0142odzie\u017cy to program dedykowany uczennicom i uczniom szk\u00f3\u0142 ponadpodstawowych. Program trwa od pa\u017adziernika do czerwca i obejmuje zaj\u0119cia i warsztaty z zakresu etykiety i zasad savoir-vivre, rozwijania kompetencji liderskich (laboratorium kompetencji dyplomatycznych), kompetencji kros-kulturowych, mi\u0119dzynarodowych problem\u00f3w politycznych REKRUTACJA FORMULARZ ZG\u0141OSZENIOWY OP\u0141ATA Op\u0142ata za udzia\u0142 w programie: 500 z\u0142 &#8211; op\u0142ata wniesiona w ca\u0142o\u015bci [&hellip;]\" \/>\n<meta property=\"og:url\" content=\"https:\/\/uniwersytetotwarty.us.edu.pl\/akademia-dyplomacji\/akademia-dyplomacji-mlodziezy\/\" \/>\n<meta property=\"og:site_name\" content=\"Akademia Dyplomacji\" \/>\n<meta property=\"article:modified_time\" content=\"2025-08-13T08:08:44+00:00\" \/>\n<meta name=\"twitter:card\" content=\"summary_large_image\" \/>\n<meta name=\"twitter:label1\" content=\"Szacowany czas czytania\" \/>\n\t<meta name=\"twitter:data1\" content=\"2 minuty\" \/>\n<script type=\"application\/ld+json\" class=\"yoast-schema-graph\">{\"@context\":\"https:\\\/\\\/schema.org\",\"@graph\":[{\"@type\":\"WebPage\",\"@id\":\"https:\\\/\\\/uniwersytetotwarty.us.edu.pl\\\/akademia-dyplomacji\\\/akademia-dyplomacji-mlodziezy\\\/\",\"url\":\"https:\\\/\\\/uniwersytetotwarty.us.edu.pl\\\/akademia-dyplomacji\\\/akademia-dyplomacji-mlodziezy\\\/\",\"name\":\"Akademia Dyplomacji M\u0142odzie\u017cy - Akademia Dyplomacji\",\"isPartOf\":{\"@id\":\"https:\\\/\\\/uniwersytetotwarty.us.edu.pl\\\/akademia-dyplomacji\\\/#website\"},\"datePublished\":\"2023-10-26T22:45:01+00:00\",\"dateModified\":\"2025-08-13T08:08:44+00:00\",\"breadcrumb\":{\"@id\":\"https:\\\/\\\/uniwersytetotwarty.us.edu.pl\\\/akademia-dyplomacji\\\/akademia-dyplomacji-mlodziezy\\\/#breadcrumb\"},\"inLanguage\":\"pl-PL\",\"potentialAction\":[{\"@type\":\"ReadAction\",\"target\":[\"https:\\\/\\\/uniwersytetotwarty.us.edu.pl\\\/akademia-dyplomacji\\\/akademia-dyplomacji-mlodziezy\\\/\"]}]},{\"@type\":\"BreadcrumbList\",\"@id\":\"https:\\\/\\\/uniwersytetotwarty.us.edu.pl\\\/akademia-dyplomacji\\\/akademia-dyplomacji-mlodziezy\\\/#breadcrumb\",\"itemListElement\":[{\"@type\":\"ListItem\",\"position\":1,\"name\":\"Akademia Dyplomacji\",\"item\":\"https:\\\/\\\/uniwersytetotwarty.us.edu.pl\\\/akademia-dyplomacji\\\/\"},{\"@type\":\"ListItem\",\"position\":2,\"name\":\"Akademia Dyplomacji M\u0142odzie\u017cy\"}]},{\"@type\":\"WebSite\",\"@id\":\"https:\\\/\\\/uniwersytetotwarty.us.edu.pl\\\/akademia-dyplomacji\\\/#website\",\"url\":\"https:\\\/\\\/uniwersytetotwarty.us.edu.pl\\\/akademia-dyplomacji\\\/\",\"name\":\"Akademia Dyplomacji\",\"description\":\"\",\"publisher\":{\"@id\":\"https:\\\/\\\/uniwersytetotwarty.us.edu.pl\\\/akademia-dyplomacji\\\/#organization\"},\"potentialAction\":[{\"@type\":\"SearchAction\",\"target\":{\"@type\":\"EntryPoint\",\"urlTemplate\":\"https:\\\/\\\/uniwersytetotwarty.us.edu.pl\\\/akademia-dyplomacji\\\/?s={search_term_string}\"},\"query-input\":{\"@type\":\"PropertyValueSpecification\",\"valueRequired\":true,\"valueName\":\"search_term_string\"}}],\"inLanguage\":\"pl-PL\"},{\"@type\":\"Organization\",\"@id\":\"https:\\\/\\\/uniwersytetotwarty.us.edu.pl\\\/akademia-dyplomacji\\\/#organization\",\"name\":\"Uniwersytet \u015al\u0105ski\",\"url\":\"https:\\\/\\\/uniwersytetotwarty.us.edu.pl\\\/akademia-dyplomacji\\\/\",\"logo\":{\"@type\":\"ImageObject\",\"inLanguage\":\"pl-PL\",\"@id\":\"https:\\\/\\\/uniwersytetotwarty.us.edu.pl\\\/akademia-dyplomacji\\\/#\\\/schema\\\/logo\\\/image\\\/\",\"url\":\"https:\\\/\\\/uniwersytetotwarty.us.edu.pl\\\/akademia-dyplomacji\\\/wp-content\\\/uploads\\\/sites\\\/17\\\/2023\\\/10\\\/logo-1.svg\",\"contentUrl\":\"https:\\\/\\\/uniwersytetotwarty.us.edu.pl\\\/akademia-dyplomacji\\\/wp-content\\\/uploads\\\/sites\\\/17\\\/2023\\\/10\\\/logo-1.svg\",\"width\":414,\"height\":71,\"caption\":\"Uniwersytet \u015al\u0105ski\"},\"image\":{\"@id\":\"https:\\\/\\\/uniwersytetotwarty.us.edu.pl\\\/akademia-dyplomacji\\\/#\\\/schema\\\/logo\\\/image\\\/\"}}]}<\/script>\n<!-- \/ Yoast SEO plugin. -->","yoast_head_json":{"title":"Akademia Dyplomacji M\u0142odzie\u017cy - Akademia Dyplomacji","robots":{"index":"noindex","follow":"follow","max-snippet":"max-snippet:-1","max-image-preview":"max-image-preview:large","max-video-preview":"max-video-preview:-1"},"og_locale":"pl_PL","og_type":"article","og_title":"Akademia Dyplomacji M\u0142odzie\u017cy - Akademia Dyplomacji","og_description":"Akademia Dyplomacji M\u0142odzie\u017cy to program dedykowany uczennicom i uczniom szk\u00f3\u0142 ponadpodstawowych. Program trwa od pa\u017adziernika do czerwca i obejmuje zaj\u0119cia i warsztaty z zakresu etykiety i zasad savoir-vivre, rozwijania kompetencji liderskich (laboratorium kompetencji dyplomatycznych), kompetencji kros-kulturowych, mi\u0119dzynarodowych problem\u00f3w politycznych REKRUTACJA FORMULARZ ZG\u0141OSZENIOWY OP\u0141ATA Op\u0142ata za udzia\u0142 w programie: 500 z\u0142 &#8211; op\u0142ata wniesiona w ca\u0142o\u015bci [&hellip;]","og_url":"https:\/\/uniwersytetotwarty.us.edu.pl\/akademia-dyplomacji\/akademia-dyplomacji-mlodziezy\/","og_site_name":"Akademia Dyplomacji","article_modified_time":"2025-08-13T08:08:44+00:00","twitter_card":"summary_large_image","twitter_misc":{"Szacowany czas czytania":"2 minuty"},"schema":{"@context":"https:\/\/schema.org","@graph":[{"@type":"WebPage","@id":"https:\/\/uniwersytetotwarty.us.edu.pl\/akademia-dyplomacji\/akademia-dyplomacji-mlodziezy\/","url":"https:\/\/uniwersytetotwarty.us.edu.pl\/akademia-dyplomacji\/akademia-dyplomacji-mlodziezy\/","name":"Akademia Dyplomacji M\u0142odzie\u017cy - Akademia Dyplomacji","isPartOf":{"@id":"https:\/\/uniwersytetotwarty.us.edu.pl\/akademia-dyplomacji\/#website"},"datePublished":"2023-10-26T22:45:01+00:00","dateModified":"2025-08-13T08:08:44+00:00","breadcrumb":{"@id":"https:\/\/uniwersytetotwarty.us.edu.pl\/akademia-dyplomacji\/akademia-dyplomacji-mlodziezy\/#breadcrumb"},"inLanguage":"pl-PL","potentialAction":[{"@type":"ReadAction","target":["https:\/\/uniwersytetotwarty.us.edu.pl\/akademia-dyplomacji\/akademia-dyplomacji-mlodziezy\/"]}]},{"@type":"BreadcrumbList","@id":"https:\/\/uniwersytetotwarty.us.edu.pl\/akademia-dyplomacji\/akademia-dyplomacji-mlodziezy\/#breadcrumb","itemListElement":[{"@type":"ListItem","position":1,"name":"Akademia Dyplomacji","item":"https:\/\/uniwersytetotwarty.us.edu.pl\/akademia-dyplomacji\/"},{"@type":"ListItem","position":2,"name":"Akademia Dyplomacji M\u0142odzie\u017cy"}]},{"@type":"WebSite","@id":"https:\/\/uniwersytetotwarty.us.edu.pl\/akademia-dyplomacji\/#website","url":"https:\/\/uniwersytetotwarty.us.edu.pl\/akademia-dyplomacji\/","name":"Akademia Dyplomacji","description":"","publisher":{"@id":"https:\/\/uniwersytetotwarty.us.edu.pl\/akademia-dyplomacji\/#organization"},"potentialAction":[{"@type":"SearchAction","target":{"@type":"EntryPoint","urlTemplate":"https:\/\/uniwersytetotwarty.us.edu.pl\/akademia-dyplomacji\/?s={search_term_string}"},"query-input":{"@type":"PropertyValueSpecification","valueRequired":true,"valueName":"search_term_string"}}],"inLanguage":"pl-PL"},{"@type":"Organization","@id":"https:\/\/uniwersytetotwarty.us.edu.pl\/akademia-dyplomacji\/#organization","name":"Uniwersytet \u015al\u0105ski","url":"https:\/\/uniwersytetotwarty.us.edu.pl\/akademia-dyplomacji\/","logo":{"@type":"ImageObject","inLanguage":"pl-PL","@id":"https:\/\/uniwersytetotwarty.us.edu.pl\/akademia-dyplomacji\/#\/schema\/logo\/image\/","url":"https:\/\/uniwersytetotwarty.us.edu.pl\/akademia-dyplomacji\/wp-content\/uploads\/sites\/17\/2023\/10\/logo-1.svg","contentUrl":"https:\/\/uniwersytetotwarty.us.edu.pl\/akademia-dyplomacji\/wp-content\/uploads\/sites\/17\/2023\/10\/logo-1.svg","width":414,"height":71,"caption":"Uniwersytet \u015al\u0105ski"},"image":{"@id":"https:\/\/uniwersytetotwarty.us.edu.pl\/akademia-dyplomacji\/#\/schema\/logo\/image\/"}}]}},"_links":{"self":[{"href":"https:\/\/uniwersytetotwarty.us.edu.pl\/akademia-dyplomacji\/wp-json\/wp\/v2\/pages\/134","targetHints":{"allow":["GET"]}}],"collection":[{"href":"https:\/\/uniwersytetotwarty.us.edu.pl\/akademia-dyplomacji\/wp-json\/wp\/v2\/pages"}],"about":[{"href":"https:\/\/uniwersytetotwarty.us.edu.pl\/akademia-dyplomacji\/wp-json\/wp\/v2\/types\/page"}],"author":[{"embeddable":true,"href":"https:\/\/uniwersytetotwarty.us.edu.pl\/akademia-dyplomacji\/wp-json\/wp\/v2\/users\/5"}],"replies":[{"embeddable":true,"href":"https:\/\/uniwersytetotwarty.us.edu.pl\/akademia-dyplomacji\/wp-json\/wp\/v2\/comments?post=134"}],"version-history":[{"count":10,"href":"https:\/\/uniwersytetotwarty.us.edu.pl\/akademia-dyplomacji\/wp-json\/wp\/v2\/pages\/134\/revisions"}],"predecessor-version":[{"id":329,"href":"https:\/\/uniwersytetotwarty.us.edu.pl\/akademia-dyplomacji\/wp-json\/wp\/v2\/pages\/134\/revisions\/329"}],"wp:attachment":[{"href":"https:\/\/uniwersytetotwarty.us.edu.pl\/akademia-dyplomacji\/wp-json\/wp\/v2\/media?parent=134"}],"curies":[{"name":"wp","href":"https:\/\/api.w.org\/{rel}","templated":true}]}}