{"id":116,"date":"2023-10-27T00:37:15","date_gmt":"2023-10-26T22:37:15","guid":{"rendered":"https:\/\/uniwersytetotwarty.us.edu.pl\/akademia-dyplomacji\/?page_id=116"},"modified":"2025-08-13T09:57:21","modified_gmt":"2025-08-13T07:57:21","slug":"akademia-dyplomacji-2","status":"publish","type":"page","link":"https:\/\/uniwersytetotwarty.us.edu.pl\/akademia-dyplomacji\/akademia-dyplomacji-2\/","title":{"rendered":"Akademia Dyplomacji"},"content":{"rendered":"\t\t<div data-elementor-type=\"wp-page\" data-elementor-id=\"116\" class=\"elementor elementor-116\" data-elementor-post-type=\"page\">\n\t\t\t\t\t\t<section class=\"elementor-section elementor-top-section elementor-element elementor-element-8a1f2f5 elementor-section-boxed elementor-section-height-default elementor-section-height-default\" data-id=\"8a1f2f5\" data-element_type=\"section\" data-e-type=\"section\">\n\t\t\t\t\t\t<div class=\"elementor-container elementor-column-gap-default\">\n\t\t\t\t\t<div class=\"elementor-column elementor-col-100 elementor-top-column elementor-element elementor-element-8c29730\" data-id=\"8c29730\" data-element_type=\"column\" data-e-type=\"column\">\n\t\t\t<div class=\"elementor-widget-wrap elementor-element-populated\">\n\t\t\t\t\t\t<div class=\"elementor-element elementor-element-8312347 elementor-widget elementor-widget-text-editor\" data-id=\"8312347\" data-element_type=\"widget\" data-e-type=\"widget\" data-widget_type=\"text-editor.default\">\n\t\t\t\t<div class=\"elementor-widget-container\">\n\t\t\t\t\t\t\t\t\t<p>Oferta Akademii Dyplomacji to 9-miesi\u0119czny program dedykowany osobom, kt\u00f3re swoj\u0105 przysz\u0142o\u015b\u0107 wi\u0105\u017c\u0105 z dyplomacj\u0105, ale r\u00f3wnie\u017c wszystkim tym, kt\u00f3rzy chc\u0105 poszerzy\u0107 swoj\u0105 wiedz\u0119, umiej\u0119tno\u015bci i kompetencje w zakresie mi\u0119dzynarodowych stosunk\u00f3w politycznych i gospodarczych, protoko\u0142u dyplomatycznego i etykiety, komunikacji mi\u0119dzykulturowej oraz kompetencji mi\u0119kkich tak bardzo po\u017c\u0105danych obecnie na rynku pracy.<\/p><p>Program rozpoczyna si\u0119 w listopadzie i trwa do czerwca. Zjazdy odbywaj\u0105 si\u0119 raz w miesi\u0105cu (sobota-niedziela). W maju odb\u0119d\u0105 si\u0119 dwa zjazdy!<\/p><p>Program podzielony jest na bloki:<\/p><ul><li>Protok\u00f3\u0142 dyplomatyczny i etykieta<\/li><li>Spotkania z Ekspertem<\/li><li>Kulturowe obrazy \u015bwiata<\/li><li>Wyk\u0142ady specjalistyczne<\/li><li>Sztuka komunikowania<\/li><\/ul><p>W ramach programu oferowany jest r\u00f3wnie\u017c wyjazd do Warszawy \u2013 Sejm RP i Kancelaria Prezesa Rady Ministr\u00f3w oraz wybrana plac\u00f3wka dyplomatyczna.<\/p><p><strong>REKRUTACJA<\/strong><\/p><p><strong>Kryteria przyj\u0119cia: <\/strong>uko\u0144czony trzeci rok studi\u00f3w (dyplom lub za\u015bwiadczenie),<\/p><p><a href=\"https:\/\/www.formularze.us.edu.pl\/akademia\"><b>FORMULARZ ZG\u0141OSZENIOWY<\/b><\/a><\/p><p><strong>OP\u0141ATA<\/strong><\/p><p>Op\u0142ata za 2 semestry wynosi 2100 z\u0142. Przy wp\u0142acie ca\u0142o\u015bci wynosi 2000 z\u0142.<\/p><p>Numer konta:<br \/>Uniwersytet \u015al\u0105ski<br \/>ul. Bankowa 12, 40-007 Katowice<br \/>PL93 1050 1214 1000 0023 9954 1560<br \/>z dopiskiem DYPLOMACJA, imi\u0119, nazwisko s\u0142uchacza.<\/p><ul><li dir=\"ltr\" style=\"line-height: 1.38\">\u00a0<\/li><\/ul><h1><strong>PROGRAM AKADEMII DYPLOMACJI 2024\/2025<\/strong><\/h1><table width=\"1026\"><thead><tr><td width=\"513\"><p><strong>SOBOTA<\/strong><\/p><\/td><td width=\"513\"><p><strong>NIEDZIELA<\/strong><\/p><\/td><\/tr><\/thead><tbody><tr><td width=\"513\"><p><strong>10.00 \u2013 UROCZYSTE OTWARCIE IX EDYCJI<\/strong><br \/><strong>AKADEMII DYPLOMACJI<\/strong><\/p><p><strong>WYK\u0141AD INAUGURACYJNY<\/strong><\/p><p>Wr\u0119czenie list\u00f3w gratulacyjnych Uczestnikom IX edycji Akademii Dyplomacji<\/p><p><strong>11.45\u201313.15\u00a0\u00a0 Kulturowe obrazy \u015bwiata<\/strong><\/p><p><em>Kulturowo-etniczne aspekty j\u0119zyka. Stereotypy, tabu, poprawno\u015b\u0107 polityczna<\/em><\/p><p>Prowadz\u0105cy: prof. dr hab. Jolanta Tambor, Uniwersytet \u015al\u0105ski<br \/><strong>13.15\u201314.00\u00a0\u00a0 Przerwa<\/strong><br \/><strong>14.00\u2013<\/strong><strong>17.15\u00a0\u00a0 Protok<\/strong><strong>\u00f3\u0142 dyplomatyczny i etykieta<\/strong><\/p><p>Prowadz\u0105cy: dr Andrzej Szteliga<\/p><\/td><td width=\"513\"><p><strong>9.00\u201311.30<\/strong>\u00a0\u00a0 <strong>Protok\u00f3\u0142 dyplomatyczny i etykieta<\/strong><\/p><p>Prowadz\u0105cy: dr Andrzej Szteliga<\/p><p><strong>11.45\u201315.00\u00a0\u00a0 Sztuka komunikowania<\/strong><\/p><p><em>Si\u0142a s\u0142owa czyli sztuka wyst\u0105pie\u0144 publicznych<\/em><\/p><p>Prowadz\u0105ca: Anna Wietrzyk<\/p><\/td><\/tr><\/tbody><\/table><h1>\u00a0<\/h1><table width=\"1026\"><tbody><tr><td width=\"513\"><p><strong>SOBOTA<\/strong><\/p><\/td><td width=\"513\"><p>\u00a0<\/p><p><strong>NIEDZIELA<\/strong><\/p><\/td><\/tr><tr><td width=\"513\"><p><strong>9.30\u201311.00\u00a0\u00a0 Kulturowe obrazy \u015bwiata<\/strong><\/p><p><em>Honoryfikatywno\u015bci, konfucja\u0144skie warto\u015bci, kolektywizm &#8211; tradycja a nowoczesno\u015bci wsp\u00f3\u0142czesnej Korei<\/em><\/p><p>Prowadz\u0105cy: dr Chang Il You<\/p><p><strong>11.15\u201312.45\u00a0\u00a0 Spotkanie z ekspertem<\/strong><br \/><strong>12.45\u201313.30\u00a0\u00a0 Przerwa<\/strong><br \/><strong>13.30\u201316.45\u00a0 Sztuka komunikowania<\/strong><\/p><p><em>Mowa cia\u0142a: klucz do skutecznej komunikacji <\/em><\/p><p>Prowadz\u0105cy: Magda Dzieciuchowicz<\/p><\/td><td width=\"513\"><p><strong>9.00\u201315.00\u00a0\u00a0 Sztuka komunikowania<\/strong><\/p><p><em>Soft power. Warsztaty budowania marki narodowej<\/em><\/p><p>Prowadz\u0105cy: Daria Szafarczyk<\/p><\/td><\/tr><tr><td width=\"513\">\u00a0<\/td><td width=\"513\">\u00a0<\/td><\/tr><\/tbody><\/table><table style=\"font-weight: 400\" width=\"1026\"><thead><tr><td width=\"513\"><p><strong>\u00a0ONLINE<\/strong><\/p><\/td><td width=\"513\"><p><strong>\u00a0NIEDZIELA ONLINE<\/strong><\/p><\/td><\/tr><\/thead><tbody><tr><td width=\"513\"><p><strong>9.00- 10.30 Spotkanie z Ekspertem<\/strong><\/p><p>Praca na plac\u00f3wce konsularnej<\/p><p><strong>10.45-13.15\u00a0 Problemy mi\u0119dzynarodowe<\/strong><\/p><p>Wyzwania polityczne, spo\u0142eczne i gospodarcze Ameryki \u0141aci\u0144skiej i Karaib\u00f3w<\/p><p>Prowadz\u0105cy: dr Joanna Goc\u0142owska-Bolek<\/p><p><strong>14.00-17.00\u00a0 Dyplomacja bez tajemnic<\/strong><\/p><p><em>Warsztaty dyplomatyczne<\/em><\/p><p>Prowadz\u0105cy: dr Adrian Chrobot, Ambasada RP w Waszyngtonie<\/p><\/td><td width=\"513\"><p><strong>9.00-10.30\u00a0 Prawo dyplomatyczne i konsularne &#8211; wybrane aspekty<\/strong><\/p><p><strong>10.45-14.00 Problemy mi\u0119dzynarodowe<\/strong><\/p><p><em>\u015awiat po 11 wrze\u015bnia 2001. Wsp\u00f3\u0142czesny terroryzm i antyterroryzm<\/em><\/p><p>Prowadz\u0105ca: dr Karolina Wojtasik<\/p><\/td><\/tr><\/tbody><\/table><p style=\"font-weight: 400\"><strong>\u00a0<\/strong><\/p><p style=\"font-weight: 400\"><strong>\u00a0<\/strong><\/p><p style=\"font-weight: 400\"><strong>\u00a0<\/strong><\/p><table width=\"1026\"><tbody><tr><td width=\"513\"><p>\u00a0<\/p><p><strong>SOBOTA<\/strong><\/p><\/td><td width=\"513\"><p>\u00a0<\/p><p><strong>NIEDZIELA<\/strong><\/p><\/td><\/tr><tr><td width=\"513\"><p><strong>9.30\u201311.00\u00a0\u00a0 Kulturowe obrazy \u015bwiata<\/strong><\/p><p><em>Karate, kapcie i wsp<\/em><em>\u00f3<\/em><em>lne k\u0105piele w japo\u0144skiej przestrzeni publicznej i domowej<\/em><\/p><p>Prowadz\u0105cy: dr Barbara Morcinek-Abramczyk, U\u015a;<\/p><p>Yumeko, Japonia<\/p><p><strong>11.15\u201312.45<\/strong><strong>\u00a0\u00a0 Protok<\/strong><strong>\u00f3\u0142 dyplomatyczny i etykieta<\/strong><\/p><p><strong>Prowadz\u0105cy: dr Andrzej Szteliga<\/strong><\/p><p>12.45-<strong>13.30\u00a0 Przerwa<\/strong><br \/><strong>13.30\u201316.45\u00a0\u00a0 Problemy mi\u0119dzynarodowe<\/strong><\/p><p><em>Czy Wielka Brytania ma konstytucj\u0119, a Stany Zjednoczone premiera? Rozwa\u017cania o historii i wsp\u00f3\u0142czesno\u015bci kraj<\/em><em>\u00f3<\/em><em>w angloj\u0119zycznych.<\/em><br \/>Prowadz\u0105cy: mgr Grzegorz Omelan<\/p><\/td><td width=\"513\"><p><strong>9.00\u201315.00<\/strong>\u00a0\u00a0 Sztuka komunikowania<\/p><p><em>Negocjacje mi\u0119dzynarodowe <\/em><\/p><p>Prowadz\u0105cy: dr Pawe\u0142 Zakrajewski, prof. U\u015a<\/p><\/td><\/tr><\/tbody><\/table><p style=\"font-weight: 400\"><strong>\u00a0<\/strong><\/p><p style=\"font-weight: 400\"><strong>\u00a0<\/strong><\/p><table width=\"1026\"><tbody><tr><td width=\"513\"><p>\u00a0<\/p><p><strong>SOBOTA<\/strong><\/p><\/td><td width=\"513\"><p>\u00a0<\/p><p><strong>NIEDZIELA<\/strong><\/p><\/td><\/tr><tr><td width=\"513\"><p><strong>9.30\u201312.45\u00a0\u00a0 Kulturowe obrazy \u015bwiata<\/strong><\/p><p><em>Kulturowe bogactwo Gruzji: Symbolika sto\u0142u, wina i go\u015b<\/em><em>cinno<\/em><em>\u015bci<\/em><\/p><p>Prowadz\u0105cy: mgr Magdalena Knapik<br \/><strong>12.45\u201313.30\u00a0\u00a0 Przerwa<\/strong><br \/><strong>13.30\u201316.45\u00a0\u00a0 Problemy mi\u0119dzynarodowe<\/strong><\/p><p><em>Prawa cz\u0142owieka a prawa migranta<\/em><br \/>Prowadz\u0105cy: prof. dr hab. Barbara Miko\u0142ajczyk<\/p><\/td><td width=\"513\"><p><strong>9.00\u201311.30<\/strong>\u00a0\u00a0 <strong>Protok\u00f3\u0142 dyplomatyczny i etykieta<\/strong><\/p><p>Prowadz\u0105cy: dr Andrzej Szteliga<\/p><p><strong><em>11.45\u201315.00\u00a0\u00a0 Sztuka komunikowania<\/em><\/strong><\/p><p><em>G\u0142os, kt<\/em><em>\u00f3<\/em><em>ry przekonuje: Jak wykorzysta\u0107 sw<\/em><em>\u00f3<\/em><em>j potencja\u0142 (nie tylko) w dyplomacji cz.1<\/em><\/p><p>Prowadz\u0105cy: Anna Wietrzyk<\/p><\/td><\/tr><\/tbody><\/table><p style=\"font-weight: 400\"><strong>\u00a0<\/strong><\/p><p style=\"font-weight: 400\"><strong>\u00a0<\/strong><\/p><table width=\"1026\"><thead><tr><td width=\"513\"><p>\u00a0<\/p><p><strong>SOBOTA<\/strong><\/p><\/td><td width=\"513\"><p>\u00a0<\/p><p><strong>NIEDZIELA<\/strong><\/p><\/td><\/tr><\/thead><tbody><tr><td width=\"513\"><p><strong>9.30\u201311.00\u00a0\u00a0 Kulturowe obrazy \u015bwiata<\/strong><\/p><p><em>\u00a0<\/em><\/p><p><strong>11.15\u201312.45\u00a0\u00a0 Spotkanie z ekspertem<\/strong><br \/><strong>12.45\u201313.30\u00a0\u00a0 Przerwa<\/strong><br \/><strong>13.30\u201316.45\u00a0\u00a0 Problemy mi\u0119dzynarodowe<\/strong><\/p><p><em>Stereotypy p\u0142ci w dyplomacji: bariery i sposoby ich prze\u0142amywania<\/em><\/p><p>Prowadz\u0105ca: dr Jolanta Klimczak<\/p><\/td><td width=\"513\"><p><strong>9.00\u201311.30<\/strong>\u00a0\u00a0 <strong>Protok\u00f3\u0142 dyplomatyczny i etykieta<\/strong><\/p><p>Prowadz\u0105cy: dr Andrzej Szteliga<\/p><p><strong><em>11.45\u201315.00\u00a0\u00a0 Sztuka komunikowania<\/em><\/strong><\/p><p><em>G\u0142os, kt<\/em><em>\u00f3<\/em><em>ry przekonuje: Jak wykorzysta\u0107 sw<\/em><em>\u00f3<\/em><em>j potencja\u0142 (nie tylko) w dyplomacji cz.2<\/em><\/p><p>Prowadz\u0105cy: Anna Wietrzyk<\/p><\/td><\/tr><\/tbody><\/table><p style=\"font-weight: 400\"><strong>\u00a0<\/strong><\/p><p style=\"font-weight: 400\"><strong>\u00a0<\/strong><\/p><table width=\"1026\"><tbody><tr><td width=\"513\"><p>\u00a0<\/p><p><strong>SOBOTA<\/strong><\/p><\/td><td width=\"513\"><p>\u00a0<\/p><p><strong>NIEDZIELA<\/strong><\/p><\/td><\/tr><tr><td width=\"513\"><p><strong>9.30\u201311.00\u00a0\u00a0 Kulturowe obrazy \u015bwiata<\/strong><\/p><p><em>Chiny \u2013 guanxi i mianzi, czyli znajomo\u015bci i zachowanie twarzy<\/em><\/p><p><strong>11.15\u201312.45\u00a0\u00a0 Spotkanie z ekspertem<\/strong><br \/><strong>12.45\u201313.30\u00a0\u00a0 Przerwa<\/strong><br \/><strong>13.30\u201316.45\u00a0\u00a0 Problemy mi\u0119dzynarodowe<\/strong><\/p><p><em>Dyplomacja watyka\u0144ska<\/em><\/p><p>Prowadz\u0105cy: dr hab. Damian Guzek, prof. U\u015a<\/p><\/td><td width=\"513\"><p><strong>9.00\u201310.30<\/strong>\u00a0 Protok\u00f3\u0142 dyplomatyczny i etykieta<\/p><p>Prowadz\u0105cy: dr Andrzej Szteliga<\/p><p><strong>10.45\u201312.15<\/strong><strong>\u00a0\u00a0 Protok<\/strong><strong>\u00f3\u0142 dyplomatyczny i etykieta<\/strong><\/p><p><strong>Prowadz\u0105cy: dr Andrzej Szteliga<\/strong><\/p><p><strong>12.30\u201314<\/strong><strong>.00\u00a0\u00a0 Protok<\/strong><strong>\u00f3\u0142 dyplomatyczny i etykieta<\/strong><\/p><p><strong>Prowadz\u0105cy: dr Andrzej Szteliga<\/strong><\/p><\/td><\/tr><\/tbody><\/table><p style=\"font-weight: 400\"><strong>\u00a0<\/strong><\/p><p style=\"font-weight: 400\"><strong>\u00a0<\/strong><\/p><table width=\"1026\"><thead><tr><td width=\"513\"><p>\u00a0<\/p><p><strong>SOBOTA<\/strong><\/p><\/td><td width=\"513\"><p>\u00a0<\/p><p><strong>NIEDZIELA<\/strong><\/p><\/td><\/tr><\/thead><tbody><tr><td width=\"513\"><p><strong>9.30\u201311.00\u00a0\u00a0 Kulturowe obrazy \u015bwiata<\/strong><\/p><p><em>Grzeczno\u015b\u0107 francuska \u2013 <\/em><em>bon ton, savoir vivre i kurtuazja<\/em><\/p><p>Prowadz\u0105cy: dr Renata Jankowska, prof. U\u015a<br \/><strong>11.15\u201312.45\u00a0\u00a0 Spotkanie z ekspertem<\/strong><br \/><strong>12.45\u201313.30\u00a0\u00a0 Przerwa<\/strong><br \/><strong>13.30\u201316.45\u00a0\u00a0 Problemy mi\u0119dzynarodowe<\/strong> <br \/><em>Wybrane problemy polityczne wsp\u00f3\u0142czesnej Hiszpanii<\/em><br \/>Prowadz\u0105cy: dr hab. Ma\u0142gorzata My\u015bliwiec, Prof. U\u015a<\/p><\/td><td width=\"513\"><p><strong>9.00\u201311.30<\/strong>\u00a0\u00a0 Protok\u00f3\u0142 dyplomatyczny i etykieta<\/p><p>Prowadz\u0105cy: dr Andrzej Szteliga<\/p><p><strong>13.30\u201316.45\u00a0\u00a0 Problemy mi\u0119dzynarodowe<\/strong><\/p><p><em>Od Mussoliniego do Berlusconiego &#8211; o kulisach w\u0142oskiej polityki<\/em><\/p><p>Prowadz\u0105ca: dr Ma\u0142gorzata Lorencka<\/p><\/td><\/tr><\/tbody><\/table><p style=\"font-weight: 400\"><strong>\u00a0<\/strong><\/p><p style=\"font-weight: 400\"><strong>\u00a0<\/strong><\/p><table width=\"1026\"><tbody><tr><td width=\"513\"><p>\u00a0<\/p><\/td><td width=\"513\"><p>\u00a0<\/p><\/td><\/tr><tr><td width=\"513\"><p><strong>9.30\u201311.00\u00a0\u00a0 Kulturowe obrazy \u015bwiata<\/strong><\/p><p><em>W<\/em><em>\u0142ochy \u2013 <\/em><em>kultura gestu<\/em><em><br \/><\/em><strong><em>11.15\u201312.45\u00a0\u00a0 Spotkanie z ekspertem<\/em><\/strong><em><br \/><\/em><strong><em>12.45\u201313.30\u00a0\u00a0 Przerwa<\/em><\/strong><em><br \/><\/em><strong><em>13.30\u201316.45\u00a0\u00a0 Problemy mi\u0119dzynarodowe<\/em><\/strong><\/p><p>P<em>roblemy spo\u0142eczno \u2013 polityczne wsp\u00f3\u0142czesnych Chin<\/em><\/p><\/td><td width=\"513\"><p><strong>9.00\u201315.00 Sztuka komunikowania<\/strong><\/p><p><em>Skuteczne przyw<\/em><em>\u00f3<\/em><em>dztwo<\/em><\/p><\/td><\/tr><\/tbody><\/table><p style=\"font-weight: 400\">\u00a0<\/p>\t\t\t\t\t\t\t\t<\/div>\n\t\t\t\t<\/div>\n\t\t\t\t\t<\/div>\n\t\t<\/div>\n\t\t\t\t\t<\/div>\n\t\t<\/section>\n\t\t\t\t<\/div>\n\t\t","protected":false},"excerpt":{"rendered":"<p>Oferta Akademii Dyplomacji to 9-miesi\u0119czny program dedykowany osobom, kt\u00f3re swoj\u0105 przysz\u0142o\u015b\u0107 wi\u0105\u017c\u0105 z dyplomacj\u0105, ale r\u00f3wnie\u017c wszystkim tym, kt\u00f3rzy chc\u0105 poszerzy\u0107 swoj\u0105 wiedz\u0119, umiej\u0119tno\u015bci i kompetencje w zakresie mi\u0119dzynarodowych stosunk\u00f3w politycznych i gospodarczych, protoko\u0142u dyplomatycznego i etykiety, komunikacji mi\u0119dzykulturowej oraz kompetencji mi\u0119kkich tak bardzo po\u017c\u0105danych obecnie na rynku pracy. Program rozpoczyna si\u0119 w listopadzie i [&hellip;]<\/p>\n","protected":false},"author":5,"featured_media":0,"parent":0,"menu_order":0,"comment_status":"closed","ping_status":"closed","template":"","meta":{"footnotes":""},"class_list":["post-116","page","type-page","status-publish","hentry"],"yoast_head":"<!-- This site is optimized with the Yoast SEO plugin v27.4 - https:\/\/yoast.com\/product\/yoast-seo-wordpress\/ -->\n<title>Akademia Dyplomacji - Akademia Dyplomacji<\/title>\n<meta name=\"robots\" content=\"noindex, follow, max-snippet:-1, max-image-preview:large, max-video-preview:-1\" \/>\n<meta property=\"og:locale\" content=\"pl_PL\" \/>\n<meta property=\"og:type\" content=\"article\" \/>\n<meta property=\"og:title\" content=\"Akademia Dyplomacji - Akademia Dyplomacji\" \/>\n<meta property=\"og:description\" content=\"Oferta Akademii Dyplomacji to 9-miesi\u0119czny program dedykowany osobom, kt\u00f3re swoj\u0105 przysz\u0142o\u015b\u0107 wi\u0105\u017c\u0105 z dyplomacj\u0105, ale r\u00f3wnie\u017c wszystkim tym, kt\u00f3rzy chc\u0105 poszerzy\u0107 swoj\u0105 wiedz\u0119, umiej\u0119tno\u015bci i kompetencje w zakresie mi\u0119dzynarodowych stosunk\u00f3w politycznych i gospodarczych, protoko\u0142u dyplomatycznego i etykiety, komunikacji mi\u0119dzykulturowej oraz kompetencji mi\u0119kkich tak bardzo po\u017c\u0105danych obecnie na rynku pracy. Program rozpoczyna si\u0119 w listopadzie i [&hellip;]\" \/>\n<meta property=\"og:url\" content=\"https:\/\/uniwersytetotwarty.us.edu.pl\/akademia-dyplomacji\/akademia-dyplomacji-2\/\" \/>\n<meta property=\"og:site_name\" content=\"Akademia Dyplomacji\" \/>\n<meta property=\"article:modified_time\" content=\"2025-08-13T07:57:21+00:00\" \/>\n<meta name=\"twitter:card\" content=\"summary_large_image\" \/>\n<meta name=\"twitter:label1\" content=\"Szacowany czas czytania\" \/>\n\t<meta name=\"twitter:data1\" content=\"5 minut\" \/>\n<script type=\"application\/ld+json\" class=\"yoast-schema-graph\">{\"@context\":\"https:\\\/\\\/schema.org\",\"@graph\":[{\"@type\":\"WebPage\",\"@id\":\"https:\\\/\\\/uniwersytetotwarty.us.edu.pl\\\/akademia-dyplomacji\\\/akademia-dyplomacji-2\\\/\",\"url\":\"https:\\\/\\\/uniwersytetotwarty.us.edu.pl\\\/akademia-dyplomacji\\\/akademia-dyplomacji-2\\\/\",\"name\":\"Akademia Dyplomacji - Akademia Dyplomacji\",\"isPartOf\":{\"@id\":\"https:\\\/\\\/uniwersytetotwarty.us.edu.pl\\\/akademia-dyplomacji\\\/#website\"},\"datePublished\":\"2023-10-26T22:37:15+00:00\",\"dateModified\":\"2025-08-13T07:57:21+00:00\",\"breadcrumb\":{\"@id\":\"https:\\\/\\\/uniwersytetotwarty.us.edu.pl\\\/akademia-dyplomacji\\\/akademia-dyplomacji-2\\\/#breadcrumb\"},\"inLanguage\":\"pl-PL\",\"potentialAction\":[{\"@type\":\"ReadAction\",\"target\":[\"https:\\\/\\\/uniwersytetotwarty.us.edu.pl\\\/akademia-dyplomacji\\\/akademia-dyplomacji-2\\\/\"]}]},{\"@type\":\"BreadcrumbList\",\"@id\":\"https:\\\/\\\/uniwersytetotwarty.us.edu.pl\\\/akademia-dyplomacji\\\/akademia-dyplomacji-2\\\/#breadcrumb\",\"itemListElement\":[{\"@type\":\"ListItem\",\"position\":1,\"name\":\"Akademia Dyplomacji\",\"item\":\"https:\\\/\\\/uniwersytetotwarty.us.edu.pl\\\/akademia-dyplomacji\\\/\"},{\"@type\":\"ListItem\",\"position\":2,\"name\":\"Akademia Dyplomacji\"}]},{\"@type\":\"WebSite\",\"@id\":\"https:\\\/\\\/uniwersytetotwarty.us.edu.pl\\\/akademia-dyplomacji\\\/#website\",\"url\":\"https:\\\/\\\/uniwersytetotwarty.us.edu.pl\\\/akademia-dyplomacji\\\/\",\"name\":\"Akademia Dyplomacji\",\"description\":\"\",\"publisher\":{\"@id\":\"https:\\\/\\\/uniwersytetotwarty.us.edu.pl\\\/akademia-dyplomacji\\\/#organization\"},\"potentialAction\":[{\"@type\":\"SearchAction\",\"target\":{\"@type\":\"EntryPoint\",\"urlTemplate\":\"https:\\\/\\\/uniwersytetotwarty.us.edu.pl\\\/akademia-dyplomacji\\\/?s={search_term_string}\"},\"query-input\":{\"@type\":\"PropertyValueSpecification\",\"valueRequired\":true,\"valueName\":\"search_term_string\"}}],\"inLanguage\":\"pl-PL\"},{\"@type\":\"Organization\",\"@id\":\"https:\\\/\\\/uniwersytetotwarty.us.edu.pl\\\/akademia-dyplomacji\\\/#organization\",\"name\":\"Uniwersytet \u015al\u0105ski\",\"url\":\"https:\\\/\\\/uniwersytetotwarty.us.edu.pl\\\/akademia-dyplomacji\\\/\",\"logo\":{\"@type\":\"ImageObject\",\"inLanguage\":\"pl-PL\",\"@id\":\"https:\\\/\\\/uniwersytetotwarty.us.edu.pl\\\/akademia-dyplomacji\\\/#\\\/schema\\\/logo\\\/image\\\/\",\"url\":\"https:\\\/\\\/uniwersytetotwarty.us.edu.pl\\\/akademia-dyplomacji\\\/wp-content\\\/uploads\\\/sites\\\/17\\\/2023\\\/10\\\/logo-1.svg\",\"contentUrl\":\"https:\\\/\\\/uniwersytetotwarty.us.edu.pl\\\/akademia-dyplomacji\\\/wp-content\\\/uploads\\\/sites\\\/17\\\/2023\\\/10\\\/logo-1.svg\",\"width\":414,\"height\":71,\"caption\":\"Uniwersytet \u015al\u0105ski\"},\"image\":{\"@id\":\"https:\\\/\\\/uniwersytetotwarty.us.edu.pl\\\/akademia-dyplomacji\\\/#\\\/schema\\\/logo\\\/image\\\/\"}}]}<\/script>\n<!-- \/ Yoast SEO plugin. -->","yoast_head_json":{"title":"Akademia Dyplomacji - Akademia Dyplomacji","robots":{"index":"noindex","follow":"follow","max-snippet":"max-snippet:-1","max-image-preview":"max-image-preview:large","max-video-preview":"max-video-preview:-1"},"og_locale":"pl_PL","og_type":"article","og_title":"Akademia Dyplomacji - Akademia Dyplomacji","og_description":"Oferta Akademii Dyplomacji to 9-miesi\u0119czny program dedykowany osobom, kt\u00f3re swoj\u0105 przysz\u0142o\u015b\u0107 wi\u0105\u017c\u0105 z dyplomacj\u0105, ale r\u00f3wnie\u017c wszystkim tym, kt\u00f3rzy chc\u0105 poszerzy\u0107 swoj\u0105 wiedz\u0119, umiej\u0119tno\u015bci i kompetencje w zakresie mi\u0119dzynarodowych stosunk\u00f3w politycznych i gospodarczych, protoko\u0142u dyplomatycznego i etykiety, komunikacji mi\u0119dzykulturowej oraz kompetencji mi\u0119kkich tak bardzo po\u017c\u0105danych obecnie na rynku pracy. Program rozpoczyna si\u0119 w listopadzie i [&hellip;]","og_url":"https:\/\/uniwersytetotwarty.us.edu.pl\/akademia-dyplomacji\/akademia-dyplomacji-2\/","og_site_name":"Akademia Dyplomacji","article_modified_time":"2025-08-13T07:57:21+00:00","twitter_card":"summary_large_image","twitter_misc":{"Szacowany czas czytania":"5 minut"},"schema":{"@context":"https:\/\/schema.org","@graph":[{"@type":"WebPage","@id":"https:\/\/uniwersytetotwarty.us.edu.pl\/akademia-dyplomacji\/akademia-dyplomacji-2\/","url":"https:\/\/uniwersytetotwarty.us.edu.pl\/akademia-dyplomacji\/akademia-dyplomacji-2\/","name":"Akademia Dyplomacji - Akademia Dyplomacji","isPartOf":{"@id":"https:\/\/uniwersytetotwarty.us.edu.pl\/akademia-dyplomacji\/#website"},"datePublished":"2023-10-26T22:37:15+00:00","dateModified":"2025-08-13T07:57:21+00:00","breadcrumb":{"@id":"https:\/\/uniwersytetotwarty.us.edu.pl\/akademia-dyplomacji\/akademia-dyplomacji-2\/#breadcrumb"},"inLanguage":"pl-PL","potentialAction":[{"@type":"ReadAction","target":["https:\/\/uniwersytetotwarty.us.edu.pl\/akademia-dyplomacji\/akademia-dyplomacji-2\/"]}]},{"@type":"BreadcrumbList","@id":"https:\/\/uniwersytetotwarty.us.edu.pl\/akademia-dyplomacji\/akademia-dyplomacji-2\/#breadcrumb","itemListElement":[{"@type":"ListItem","position":1,"name":"Akademia Dyplomacji","item":"https:\/\/uniwersytetotwarty.us.edu.pl\/akademia-dyplomacji\/"},{"@type":"ListItem","position":2,"name":"Akademia Dyplomacji"}]},{"@type":"WebSite","@id":"https:\/\/uniwersytetotwarty.us.edu.pl\/akademia-dyplomacji\/#website","url":"https:\/\/uniwersytetotwarty.us.edu.pl\/akademia-dyplomacji\/","name":"Akademia Dyplomacji","description":"","publisher":{"@id":"https:\/\/uniwersytetotwarty.us.edu.pl\/akademia-dyplomacji\/#organization"},"potentialAction":[{"@type":"SearchAction","target":{"@type":"EntryPoint","urlTemplate":"https:\/\/uniwersytetotwarty.us.edu.pl\/akademia-dyplomacji\/?s={search_term_string}"},"query-input":{"@type":"PropertyValueSpecification","valueRequired":true,"valueName":"search_term_string"}}],"inLanguage":"pl-PL"},{"@type":"Organization","@id":"https:\/\/uniwersytetotwarty.us.edu.pl\/akademia-dyplomacji\/#organization","name":"Uniwersytet \u015al\u0105ski","url":"https:\/\/uniwersytetotwarty.us.edu.pl\/akademia-dyplomacji\/","logo":{"@type":"ImageObject","inLanguage":"pl-PL","@id":"https:\/\/uniwersytetotwarty.us.edu.pl\/akademia-dyplomacji\/#\/schema\/logo\/image\/","url":"https:\/\/uniwersytetotwarty.us.edu.pl\/akademia-dyplomacji\/wp-content\/uploads\/sites\/17\/2023\/10\/logo-1.svg","contentUrl":"https:\/\/uniwersytetotwarty.us.edu.pl\/akademia-dyplomacji\/wp-content\/uploads\/sites\/17\/2023\/10\/logo-1.svg","width":414,"height":71,"caption":"Uniwersytet \u015al\u0105ski"},"image":{"@id":"https:\/\/uniwersytetotwarty.us.edu.pl\/akademia-dyplomacji\/#\/schema\/logo\/image\/"}}]}},"_links":{"self":[{"href":"https:\/\/uniwersytetotwarty.us.edu.pl\/akademia-dyplomacji\/wp-json\/wp\/v2\/pages\/116","targetHints":{"allow":["GET"]}}],"collection":[{"href":"https:\/\/uniwersytetotwarty.us.edu.pl\/akademia-dyplomacji\/wp-json\/wp\/v2\/pages"}],"about":[{"href":"https:\/\/uniwersytetotwarty.us.edu.pl\/akademia-dyplomacji\/wp-json\/wp\/v2\/types\/page"}],"author":[{"embeddable":true,"href":"https:\/\/uniwersytetotwarty.us.edu.pl\/akademia-dyplomacji\/wp-json\/wp\/v2\/users\/5"}],"replies":[{"embeddable":true,"href":"https:\/\/uniwersytetotwarty.us.edu.pl\/akademia-dyplomacji\/wp-json\/wp\/v2\/comments?post=116"}],"version-history":[{"count":10,"href":"https:\/\/uniwersytetotwarty.us.edu.pl\/akademia-dyplomacji\/wp-json\/wp\/v2\/pages\/116\/revisions"}],"predecessor-version":[{"id":325,"href":"https:\/\/uniwersytetotwarty.us.edu.pl\/akademia-dyplomacji\/wp-json\/wp\/v2\/pages\/116\/revisions\/325"}],"wp:attachment":[{"href":"https:\/\/uniwersytetotwarty.us.edu.pl\/akademia-dyplomacji\/wp-json\/wp\/v2\/media?parent=116"}],"curies":[{"name":"wp","href":"https:\/\/api.w.org\/{rel}","templated":true}]}}